{"id":18402,"date":"2024-11-20T23:21:16","date_gmt":"2024-11-20T23:21:16","guid":{"rendered":"https:\/\/gifted-hub.com\/famille\/le-role-des-activites-parascolaires-stem-pour-les-enfants-doublement-exceptionnels\/"},"modified":"2024-11-20T23:51:41","modified_gmt":"2024-11-20T23:51:41","slug":"le-role-des-activites-parascolaires-stem-pour-les-enfants-doublement-exceptionnels","status":"publish","type":"page","link":"https:\/\/gifted-hub.com\/fr\/famille\/le-role-des-activites-parascolaires-stem-pour-les-enfants-doublement-exceptionnels\/","title":{"rendered":"Le r\u00f4le des activit\u00e9s parascolaires STEM pour les enfants doublement exceptionnels"},"content":{"rendered":"\n<p>La double exceptionnalit\u00e9 fait r\u00e9f\u00e9rence aux enfants qui sont \u00e0 la fois surdou\u00e9s et confront\u00e9s \u00e0 des d\u00e9fis tels que les troubles de l&rsquo;apprentissage, <a href=\"https:\/\/gifted-hub.com\/fr\/professionnels\/douance-et-tdah-chez-les-enfants-differences-double-diagnostic-et-diagnostic-errone\/\">TDAH<\/a>, ou d&rsquo;autres conditions n\u00e9cessitant un soutien particulier. Ces enfants poss\u00e8dent des forces extraordinaires mais peuvent rencontrer des difficult\u00e9s dans les environnements \u00e9ducatifs traditionnels, rendant essentiel de trouver des opportunit\u00e9s qui r\u00e9pondent \u00e0 la fois \u00e0 leurs talents et \u00e0 leurs besoins. Les activit\u00e9s parascolaires STEM\u2014telles que la robotique, les clubs de codage, les comp\u00e9titions de math\u00e9matiques et l&rsquo;Olympiade des sciences\u2014fournissent une excellente plateforme pour que les enfants doublement exceptionnels puissent s&rsquo;\u00e9panouir. Ces programmes non seulement am\u00e9liorent les comp\u00e9tences avanc\u00e9es en science, technologie, ing\u00e9nierie et math\u00e9matiques, mais favorisent \u00e9galement la collaboration, la r\u00e9solution de probl\u00e8mes et la cr\u00e9ativit\u00e9 dans un environnement engageant et de soutien.   <\/p>\n\n<p>Les programmes STEM offrent un espace s\u00fbr pour que les enfants doublement exceptionnels puissent explorer leurs int\u00e9r\u00eats et d\u00e9velopper leur confiance. En se concentrant sur leurs forces, ces activit\u00e9s peuvent am\u00e9liorer le concept de soi et cr\u00e9er une base pour des r\u00e9sultats acad\u00e9miques et sociaux positifs. \u00c0 travers le travail d&rsquo;\u00e9quipe ou des projets individuels, les enfants peuvent se connecter avec des pairs partageant les m\u00eames passions, acqu\u00e9rant un sentiment d&rsquo;appartenance qui peut manquer dans d&rsquo;autres aspects de leur vie. De plus, la flexibilit\u00e9 et l&rsquo;adaptabilit\u00e9 de nombreux programmes STEM les rendent particuli\u00e8rement adapt\u00e9s pour r\u00e9pondre aux d\u00e9fis sp\u00e9cifiques que les enfants doublement exceptionnels peuvent rencontrer, tels que les sensibilit\u00e9s sensorielles ou le besoin d&rsquo;am\u00e9nagements.   <\/p>\n\n<p>Choisir la bonne activit\u00e9 STEM implique de prendre en compte les int\u00e9r\u00eats, les forces et les niveaux de confort de l&rsquo;enfant. Les parents devraient explorer des programmes qui correspondent aux passions de leur enfant et offrent le bon \u00e9quilibre entre d\u00e9fi et soutien. Rechercher des options locales, visiter des r\u00e9unions de clubs ou discuter avec les sponsors des programmes peut aider \u00e0 identifier le meilleur choix. Les facteurs cl\u00e9s \u00e0 \u00e9valuer incluent le contenu du programme, les comp\u00e9tences qu&rsquo;il met en avant et l&rsquo;environnement global. Par exemple, une \u00e9quipe de robotique pourrait convenir \u00e0 un enfant qui aime r\u00e9soudre des probl\u00e8mes et les projets pratiques, tandis qu&rsquo;un club de codage pourrait \u00eatre id\u00e9al pour quelqu&rsquo;un qui s&rsquo;\u00e9panouit dans des t\u00e2ches cr\u00e9atives et concentr\u00e9es.    <\/p>\n\n<p>En fin de compte, l&rsquo;objectif est de trouver un programme qui c\u00e9l\u00e8bre les capacit\u00e9s uniques des enfants doublement exceptionnels tout en les aidant \u00e0 surmonter les obstacles. Les parents devraient collaborer avec les entra\u00eeneurs ou les sponsors pour s&rsquo;assurer que l&rsquo;environnement est flexible et propice \u00e0 la r\u00e9ussite. Les activit\u00e9s parascolaires STEM peuvent cr\u00e9er des exp\u00e9riences qui changent la vie, dotant ces enfants de comp\u00e9tences pr\u00e9cieuses et de souvenirs qui soutiennent leur croissance. En choisissant la bonne activit\u00e9 et en encourageant leur enfant \u00e0 explorer de nouvelles opportunit\u00e9s, les parents peuvent lib\u00e9rer tout le potentiel des apprenants doublement exceptionnels de mani\u00e8re \u00e0 la fois significative et amusante.   <\/p>\n","protected":false},"excerpt":{"rendered":"<p>La double exceptionnalit\u00e9 fait r\u00e9f\u00e9rence aux enfants qui sont \u00e0 la fois surdou\u00e9s et confront\u00e9s \u00e0 des d\u00e9fis tels que les troubles de l&rsquo;apprentissage, TDAH, ou d&rsquo;autres conditions n\u00e9cessitant un soutien particulier. Ces enfants poss\u00e8dent des forces extraordinaires mais peuvent rencontrer des difficult\u00e9s dans les environnements \u00e9ducatifs traditionnels, rendant essentiel de trouver des opportunit\u00e9s qui [&hellip;]<\/p>\n","protected":false},"author":1,"featured_media":18415,"parent":15570,"menu_order":0,"comment_status":"closed","ping_status":"closed","template":"","meta":{"_acf_changed":false,"inline_featured_image":false,"footnotes":""},"group-interest":[180],"class_list":["post-18402","page","type-page","status-publish","has-post-thumbnail","hentry","group-interest-family-fr"],"acf":[],"yoast_head":"<!-- This site is optimized with the Yoast SEO plugin v27.4 - https:\/\/yoast.com\/product\/yoast-seo-wordpress\/ -->\n<title>Le r\u00f4le des activit\u00e9s parascolaires STEM pour les enfants doublement exceptionnels - Gifted HUB<\/title>\n<meta name=\"robots\" content=\"index, follow, max-snippet:-1, max-image-preview:large, max-video-preview:-1\" \/>\n<link rel=\"canonical\" href=\"https:\/\/gifted-hub.com\/fr\/famille\/le-role-des-activites-parascolaires-stem-pour-les-enfants-doublement-exceptionnels\/\" \/>\n<meta property=\"og:locale\" content=\"fr_FR\" \/>\n<meta property=\"og:type\" content=\"article\" \/>\n<meta property=\"og:title\" content=\"Le r\u00f4le des activit\u00e9s parascolaires STEM pour les enfants doublement exceptionnels - Gifted HUB\" \/>\n<meta property=\"og:description\" content=\"La double exceptionnalit\u00e9 fait r\u00e9f\u00e9rence aux enfants qui sont \u00e0 la fois surdou\u00e9s et confront\u00e9s \u00e0 des d\u00e9fis tels que les troubles de l&rsquo;apprentissage, TDAH, ou d&rsquo;autres conditions n\u00e9cessitant un soutien particulier. Ces enfants poss\u00e8dent des forces extraordinaires mais peuvent rencontrer des difficult\u00e9s dans les environnements \u00e9ducatifs traditionnels, rendant essentiel de trouver des opportunit\u00e9s qui [&hellip;]\" \/>\n<meta property=\"og:url\" content=\"https:\/\/gifted-hub.com\/fr\/famille\/le-role-des-activites-parascolaires-stem-pour-les-enfants-doublement-exceptionnels\/\" \/>\n<meta property=\"og:site_name\" content=\"Gifted HUB\" \/>\n<meta property=\"article:modified_time\" content=\"2024-11-20T23:51:41+00:00\" \/>\n<meta property=\"og:image\" content=\"https:\/\/gifted-hub.com\/wp-content\/uploads\/2024\/11\/7868890.jpeg\" \/>\n\t<meta property=\"og:image:width\" content=\"1600\" \/>\n\t<meta property=\"og:image:height\" content=\"1067\" \/>\n\t<meta property=\"og:image:type\" content=\"image\/jpeg\" \/>\n<meta name=\"twitter:card\" content=\"summary_large_image\" \/>\n<meta name=\"twitter:label1\" content=\"Dur\u00e9e de lecture estim\u00e9e\" \/>\n\t<meta name=\"twitter:data1\" content=\"3 minutes\" \/>\n<script type=\"application\/ld+json\" class=\"yoast-schema-graph\">{\"@context\":\"https:\\\/\\\/schema.org\",\"@graph\":[{\"@type\":\"WebPage\",\"@id\":\"https:\\\/\\\/gifted-hub.com\\\/fr\\\/famille\\\/le-role-des-activites-parascolaires-stem-pour-les-enfants-doublement-exceptionnels\\\/\",\"url\":\"https:\\\/\\\/gifted-hub.com\\\/fr\\\/famille\\\/le-role-des-activites-parascolaires-stem-pour-les-enfants-doublement-exceptionnels\\\/\",\"name\":\"Le r\u00f4le des activit\u00e9s parascolaires STEM pour les enfants doublement exceptionnels - Gifted HUB\",\"isPartOf\":{\"@id\":\"https:\\\/\\\/gifted-hub.com\\\/fr\\\/#website\"},\"primaryImageOfPage\":{\"@id\":\"https:\\\/\\\/gifted-hub.com\\\/fr\\\/famille\\\/le-role-des-activites-parascolaires-stem-pour-les-enfants-doublement-exceptionnels\\\/#primaryimage\"},\"image\":{\"@id\":\"https:\\\/\\\/gifted-hub.com\\\/fr\\\/famille\\\/le-role-des-activites-parascolaires-stem-pour-les-enfants-doublement-exceptionnels\\\/#primaryimage\"},\"thumbnailUrl\":\"https:\\\/\\\/gifted-hub.com\\\/wp-content\\\/uploads\\\/2024\\\/11\\\/7868890.jpeg\",\"datePublished\":\"2024-11-20T23:21:16+00:00\",\"dateModified\":\"2024-11-20T23:51:41+00:00\",\"breadcrumb\":{\"@id\":\"https:\\\/\\\/gifted-hub.com\\\/fr\\\/famille\\\/le-role-des-activites-parascolaires-stem-pour-les-enfants-doublement-exceptionnels\\\/#breadcrumb\"},\"inLanguage\":\"fr-FR\",\"potentialAction\":[{\"@type\":\"ReadAction\",\"target\":[\"https:\\\/\\\/gifted-hub.com\\\/fr\\\/famille\\\/le-role-des-activites-parascolaires-stem-pour-les-enfants-doublement-exceptionnels\\\/\"]}]},{\"@type\":\"ImageObject\",\"inLanguage\":\"fr-FR\",\"@id\":\"https:\\\/\\\/gifted-hub.com\\\/fr\\\/famille\\\/le-role-des-activites-parascolaires-stem-pour-les-enfants-doublement-exceptionnels\\\/#primaryimage\",\"url\":\"https:\\\/\\\/gifted-hub.com\\\/wp-content\\\/uploads\\\/2024\\\/11\\\/7868890.jpeg\",\"contentUrl\":\"https:\\\/\\\/gifted-hub.com\\\/wp-content\\\/uploads\\\/2024\\\/11\\\/7868890.jpeg\",\"width\":1600,\"height\":1067},{\"@type\":\"BreadcrumbList\",\"@id\":\"https:\\\/\\\/gifted-hub.com\\\/fr\\\/famille\\\/le-role-des-activites-parascolaires-stem-pour-les-enfants-doublement-exceptionnels\\\/#breadcrumb\",\"itemListElement\":[{\"@type\":\"ListItem\",\"position\":1,\"name\":\"Home\",\"item\":\"https:\\\/\\\/gifted-hub.com\\\/fr\\\/accueil\\\/\"},{\"@type\":\"ListItem\",\"position\":2,\"name\":\"Famille\",\"item\":\"https:\\\/\\\/gifted-hub.com\\\/fr\\\/famille\\\/\"},{\"@type\":\"ListItem\",\"position\":3,\"name\":\"Le r\u00f4le des activit\u00e9s parascolaires STEM pour les enfants doublement exceptionnels\"}]},{\"@type\":\"WebSite\",\"@id\":\"https:\\\/\\\/gifted-hub.com\\\/fr\\\/#website\",\"url\":\"https:\\\/\\\/gifted-hub.com\\\/fr\\\/\",\"name\":\"Gifted HUB\",\"description\":\"Un espace pour les hautes comp\u00e9tences\",\"publisher\":{\"@id\":\"https:\\\/\\\/gifted-hub.com\\\/fr\\\/#organization\"},\"potentialAction\":[{\"@type\":\"SearchAction\",\"target\":{\"@type\":\"EntryPoint\",\"urlTemplate\":\"https:\\\/\\\/gifted-hub.com\\\/fr\\\/?s={search_term_string}\"},\"query-input\":{\"@type\":\"PropertyValueSpecification\",\"valueRequired\":true,\"valueName\":\"search_term_string\"}}],\"inLanguage\":\"fr-FR\"},{\"@type\":\"Organization\",\"@id\":\"https:\\\/\\\/gifted-hub.com\\\/fr\\\/#organization\",\"name\":\"Gifted HUB\",\"url\":\"https:\\\/\\\/gifted-hub.com\\\/fr\\\/\",\"logo\":{\"@type\":\"ImageObject\",\"inLanguage\":\"fr-FR\",\"@id\":\"https:\\\/\\\/gifted-hub.com\\\/fr\\\/#\\\/schema\\\/logo\\\/image\\\/\",\"url\":\"https:\\\/\\\/gifted-hub.com\\\/wp-content\\\/uploads\\\/2024\\\/07\\\/logo-1.svg\",\"contentUrl\":\"https:\\\/\\\/gifted-hub.com\\\/wp-content\\\/uploads\\\/2024\\\/07\\\/logo-1.svg\",\"caption\":\"Gifted HUB\"},\"image\":{\"@id\":\"https:\\\/\\\/gifted-hub.com\\\/fr\\\/#\\\/schema\\\/logo\\\/image\\\/\"}}]}<\/script>\n<!-- \/ Yoast SEO plugin. -->","yoast_head_json":{"title":"Le r\u00f4le des activit\u00e9s parascolaires STEM pour les enfants doublement exceptionnels - Gifted HUB","robots":{"index":"index","follow":"follow","max-snippet":"max-snippet:-1","max-image-preview":"max-image-preview:large","max-video-preview":"max-video-preview:-1"},"canonical":"https:\/\/gifted-hub.com\/fr\/famille\/le-role-des-activites-parascolaires-stem-pour-les-enfants-doublement-exceptionnels\/","og_locale":"fr_FR","og_type":"article","og_title":"Le r\u00f4le des activit\u00e9s parascolaires STEM pour les enfants doublement exceptionnels - Gifted HUB","og_description":"La double exceptionnalit\u00e9 fait r\u00e9f\u00e9rence aux enfants qui sont \u00e0 la fois surdou\u00e9s et confront\u00e9s \u00e0 des d\u00e9fis tels que les troubles de l&rsquo;apprentissage, TDAH, ou d&rsquo;autres conditions n\u00e9cessitant un soutien particulier. Ces enfants poss\u00e8dent des forces extraordinaires mais peuvent rencontrer des difficult\u00e9s dans les environnements \u00e9ducatifs traditionnels, rendant essentiel de trouver des opportunit\u00e9s qui [&hellip;]","og_url":"https:\/\/gifted-hub.com\/fr\/famille\/le-role-des-activites-parascolaires-stem-pour-les-enfants-doublement-exceptionnels\/","og_site_name":"Gifted HUB","article_modified_time":"2024-11-20T23:51:41+00:00","og_image":[{"width":1600,"height":1067,"url":"https:\/\/gifted-hub.com\/wp-content\/uploads\/2024\/11\/7868890.jpeg","type":"image\/jpeg"}],"twitter_card":"summary_large_image","twitter_misc":{"Dur\u00e9e de lecture estim\u00e9e":"3 minutes"},"schema":{"@context":"https:\/\/schema.org","@graph":[{"@type":"WebPage","@id":"https:\/\/gifted-hub.com\/fr\/famille\/le-role-des-activites-parascolaires-stem-pour-les-enfants-doublement-exceptionnels\/","url":"https:\/\/gifted-hub.com\/fr\/famille\/le-role-des-activites-parascolaires-stem-pour-les-enfants-doublement-exceptionnels\/","name":"Le r\u00f4le des activit\u00e9s parascolaires STEM pour les enfants doublement exceptionnels - Gifted HUB","isPartOf":{"@id":"https:\/\/gifted-hub.com\/fr\/#website"},"primaryImageOfPage":{"@id":"https:\/\/gifted-hub.com\/fr\/famille\/le-role-des-activites-parascolaires-stem-pour-les-enfants-doublement-exceptionnels\/#primaryimage"},"image":{"@id":"https:\/\/gifted-hub.com\/fr\/famille\/le-role-des-activites-parascolaires-stem-pour-les-enfants-doublement-exceptionnels\/#primaryimage"},"thumbnailUrl":"https:\/\/gifted-hub.com\/wp-content\/uploads\/2024\/11\/7868890.jpeg","datePublished":"2024-11-20T23:21:16+00:00","dateModified":"2024-11-20T23:51:41+00:00","breadcrumb":{"@id":"https:\/\/gifted-hub.com\/fr\/famille\/le-role-des-activites-parascolaires-stem-pour-les-enfants-doublement-exceptionnels\/#breadcrumb"},"inLanguage":"fr-FR","potentialAction":[{"@type":"ReadAction","target":["https:\/\/gifted-hub.com\/fr\/famille\/le-role-des-activites-parascolaires-stem-pour-les-enfants-doublement-exceptionnels\/"]}]},{"@type":"ImageObject","inLanguage":"fr-FR","@id":"https:\/\/gifted-hub.com\/fr\/famille\/le-role-des-activites-parascolaires-stem-pour-les-enfants-doublement-exceptionnels\/#primaryimage","url":"https:\/\/gifted-hub.com\/wp-content\/uploads\/2024\/11\/7868890.jpeg","contentUrl":"https:\/\/gifted-hub.com\/wp-content\/uploads\/2024\/11\/7868890.jpeg","width":1600,"height":1067},{"@type":"BreadcrumbList","@id":"https:\/\/gifted-hub.com\/fr\/famille\/le-role-des-activites-parascolaires-stem-pour-les-enfants-doublement-exceptionnels\/#breadcrumb","itemListElement":[{"@type":"ListItem","position":1,"name":"Home","item":"https:\/\/gifted-hub.com\/fr\/accueil\/"},{"@type":"ListItem","position":2,"name":"Famille","item":"https:\/\/gifted-hub.com\/fr\/famille\/"},{"@type":"ListItem","position":3,"name":"Le r\u00f4le des activit\u00e9s parascolaires STEM pour les enfants doublement exceptionnels"}]},{"@type":"WebSite","@id":"https:\/\/gifted-hub.com\/fr\/#website","url":"https:\/\/gifted-hub.com\/fr\/","name":"Gifted HUB","description":"Un espace pour les hautes comp\u00e9tences","publisher":{"@id":"https:\/\/gifted-hub.com\/fr\/#organization"},"potentialAction":[{"@type":"SearchAction","target":{"@type":"EntryPoint","urlTemplate":"https:\/\/gifted-hub.com\/fr\/?s={search_term_string}"},"query-input":{"@type":"PropertyValueSpecification","valueRequired":true,"valueName":"search_term_string"}}],"inLanguage":"fr-FR"},{"@type":"Organization","@id":"https:\/\/gifted-hub.com\/fr\/#organization","name":"Gifted HUB","url":"https:\/\/gifted-hub.com\/fr\/","logo":{"@type":"ImageObject","inLanguage":"fr-FR","@id":"https:\/\/gifted-hub.com\/fr\/#\/schema\/logo\/image\/","url":"https:\/\/gifted-hub.com\/wp-content\/uploads\/2024\/07\/logo-1.svg","contentUrl":"https:\/\/gifted-hub.com\/wp-content\/uploads\/2024\/07\/logo-1.svg","caption":"Gifted HUB"},"image":{"@id":"https:\/\/gifted-hub.com\/fr\/#\/schema\/logo\/image\/"}}]}},"_links":{"self":[{"href":"https:\/\/gifted-hub.com\/fr\/wp-json\/wp\/v2\/pages\/18402","targetHints":{"allow":["GET"]}}],"collection":[{"href":"https:\/\/gifted-hub.com\/fr\/wp-json\/wp\/v2\/pages"}],"about":[{"href":"https:\/\/gifted-hub.com\/fr\/wp-json\/wp\/v2\/types\/page"}],"author":[{"embeddable":true,"href":"https:\/\/gifted-hub.com\/fr\/wp-json\/wp\/v2\/users\/1"}],"replies":[{"embeddable":true,"href":"https:\/\/gifted-hub.com\/fr\/wp-json\/wp\/v2\/comments?post=18402"}],"version-history":[{"count":2,"href":"https:\/\/gifted-hub.com\/fr\/wp-json\/wp\/v2\/pages\/18402\/revisions"}],"predecessor-version":[{"id":18424,"href":"https:\/\/gifted-hub.com\/fr\/wp-json\/wp\/v2\/pages\/18402\/revisions\/18424"}],"up":[{"embeddable":true,"href":"https:\/\/gifted-hub.com\/fr\/wp-json\/wp\/v2\/pages\/15570"}],"wp:featuredmedia":[{"embeddable":true,"href":"https:\/\/gifted-hub.com\/fr\/wp-json\/wp\/v2\/media\/18415"}],"wp:attachment":[{"href":"https:\/\/gifted-hub.com\/fr\/wp-json\/wp\/v2\/media?parent=18402"}],"wp:term":[{"taxonomy":"group-interest","embeddable":true,"href":"https:\/\/gifted-hub.com\/fr\/wp-json\/wp\/v2\/group-interest?post=18402"}],"curies":[{"name":"wp","href":"https:\/\/api.w.org\/{rel}","templated":true}]}}