{"id":18356,"date":"2024-11-20T21:50:21","date_gmt":"2024-11-20T21:50:21","guid":{"rendered":"https:\/\/gifted-hub.com\/enseignants\/creer-une-classe-differenciee-pour-les-eleves-doues\/"},"modified":"2024-11-20T22:04:43","modified_gmt":"2024-11-20T22:04:43","slug":"creer-une-classe-differenciee-pour-les-eleves-doues","status":"publish","type":"page","link":"https:\/\/gifted-hub.com\/fr\/enseignants\/creer-une-classe-differenciee-pour-les-eleves-doues\/","title":{"rendered":"Cr\u00e9er une classe diff\u00e9renci\u00e9e pour les \u00e9l\u00e8ves dou\u00e9s"},"content":{"rendered":"\n<p>Cr\u00e9er une classe diff\u00e9renci\u00e9e pour les \u00e9l\u00e8ves dou\u00e9s n\u00e9cessite de comprendre leurs <a href=\"https:\/\/gifted-hub.com\/fr\/enseignants\/soutenir-et-motiver-les-enfants-doues-a-lecole\/\">besoins d&rsquo;apprentissage uniques<\/a> et d&rsquo;ajuster les m\u00e9thodes d&rsquo;enseignement pour favoriser leur croissance. Les \u00e9l\u00e8ves dou\u00e9s saisissent souvent de nouvelles informations plus rapidement que leurs pairs, les retiennent mieux et montrent un int\u00e9r\u00eat pour des id\u00e9es complexes et abstraites. Cependant, ces \u00e9l\u00e8ves peuvent se d\u00e9sengager si l&rsquo;enseignement ne les met pas au d\u00e9fi ou s&rsquo;ils se voient attribuer des t\u00e2ches r\u00e9p\u00e9titives ou inutiles lorsqu&rsquo;ils terminent leurs travaux en avance.  <\/p>\n\n<p>Pour soutenir efficacement les \u00e9l\u00e8ves dou\u00e9s, les \u00e9coles devraient offrir des opportunit\u00e9s d&rsquo;exploration approfondie du contenu, permettant aux \u00e9l\u00e8ves d&rsquo;appliquer, d&rsquo;analyser et d&rsquo;\u00e9valuer des id\u00e9es \u00e0 des niveaux cognitifs sup\u00e9rieurs. La diff\u00e9renciation peut inclure la compression du programme pour sauter le mat\u00e9riel d\u00e9j\u00e0 ma\u00eetris\u00e9 et le remplacer par des activit\u00e9s avanc\u00e9es ou enrichies. Les enseignants devraient concevoir des le\u00e7ons avec des devoirs \u00e9chelonn\u00e9s adapt\u00e9s aux diff\u00e9rents niveaux de comp\u00e9tence dans la classe, garantissant que tous les \u00e9l\u00e8ves sont engag\u00e9s et mis au d\u00e9fi.  <\/p>\n\n<p>Le regroupement flexible est une autre strat\u00e9gie essentielle. Regrouper les \u00e9l\u00e8ves dou\u00e9s leur permet de collaborer sur des projets avanc\u00e9s, tandis que les groupes de capacit\u00e9s mixtes favorisent le d\u00e9veloppement social et les exposent \u00e0 des perspectives diverses. Les enseignants devraient \u00e9valuer continuellement les progr\u00e8s des \u00e9l\u00e8ves, en utilisant des pr\u00e9-\u00e9valuations pour identifier les connaissances pr\u00e9alables et la pr\u00e9paration au nouveau mat\u00e9riel, garantissant que l&rsquo;enseignement reste pertinent et stimulant.  <\/p>\n\n<p>Les \u00e9l\u00e8ves dou\u00e9s s&rsquo;\u00e9panouissent lorsqu&rsquo;ils ont des opportunit\u00e9s de poursuivre leurs passions, d&rsquo;explorer des sujets d&rsquo;int\u00e9r\u00eat en profondeur et d&rsquo;exprimer leur cr\u00e9ativit\u00e9. Que ce soit par des contrats d&rsquo;apprentissage individuels, des projets ouverts ou des t\u00e2ches de r\u00e9solution de probl\u00e8mes cr\u00e9atifs, l&rsquo;environnement de la classe devrait encourager la curiosit\u00e9 et l&rsquo;innovation. Les enseignants doivent se concentrer sur la fourniture de d\u00e9fis significatifs, \u00e9viter les travaux inutiles et favoriser un sentiment d&rsquo;appartenance et d&rsquo;engagement pour chaque \u00e9l\u00e8ve.  <\/p>\n\n<p>En incorporant ces pratiques, les \u00e9ducateurs peuvent cr\u00e9er des classes qui nourrissent le d\u00e9veloppement intellectuel et \u00e9motionnel des \u00e9l\u00e8ves dou\u00e9s, les aidant \u00e0 atteindre leur plein potentiel tout en garantissant une exp\u00e9rience d&rsquo;apprentissage dynamique et inclusive pour tous.<\/p>\n","protected":false},"excerpt":{"rendered":"<p>Cr\u00e9er une classe diff\u00e9renci\u00e9e pour les \u00e9l\u00e8ves dou\u00e9s n\u00e9cessite de comprendre leurs besoins d&rsquo;apprentissage uniques et d&rsquo;ajuster les m\u00e9thodes d&rsquo;enseignement pour favoriser leur croissance. Les \u00e9l\u00e8ves dou\u00e9s saisissent souvent de nouvelles informations plus rapidement que leurs pairs, les retiennent mieux et montrent un int\u00e9r\u00eat pour des id\u00e9es complexes et abstraites. Cependant, ces \u00e9l\u00e8ves peuvent se [&hellip;]<\/p>\n","protected":false},"author":1,"featured_media":18346,"parent":15625,"menu_order":0,"comment_status":"closed","ping_status":"closed","template":"","meta":{"_acf_changed":false,"inline_featured_image":false,"footnotes":""},"group-interest":[182],"class_list":["post-18356","page","type-page","status-publish","has-post-thumbnail","hentry","group-interest-teachers-fr"],"acf":[],"yoast_head":"<!-- This site is optimized with the Yoast SEO plugin v27.4 - https:\/\/yoast.com\/product\/yoast-seo-wordpress\/ -->\n<title>Cr\u00e9er une classe diff\u00e9renci\u00e9e pour les \u00e9l\u00e8ves dou\u00e9s - Gifted HUB<\/title>\n<meta name=\"robots\" content=\"index, follow, max-snippet:-1, max-image-preview:large, max-video-preview:-1\" \/>\n<link rel=\"canonical\" href=\"https:\/\/gifted-hub.com\/fr\/enseignants\/creer-une-classe-differenciee-pour-les-eleves-doues\/\" \/>\n<meta property=\"og:locale\" content=\"fr_FR\" \/>\n<meta property=\"og:type\" content=\"article\" \/>\n<meta property=\"og:title\" content=\"Cr\u00e9er une classe diff\u00e9renci\u00e9e pour les \u00e9l\u00e8ves dou\u00e9s - Gifted HUB\" \/>\n<meta property=\"og:description\" content=\"Cr\u00e9er une classe diff\u00e9renci\u00e9e pour les \u00e9l\u00e8ves dou\u00e9s n\u00e9cessite de comprendre leurs besoins d&rsquo;apprentissage uniques et d&rsquo;ajuster les m\u00e9thodes d&rsquo;enseignement pour favoriser leur croissance. Les \u00e9l\u00e8ves dou\u00e9s saisissent souvent de nouvelles informations plus rapidement que leurs pairs, les retiennent mieux et montrent un int\u00e9r\u00eat pour des id\u00e9es complexes et abstraites. Cependant, ces \u00e9l\u00e8ves peuvent se [&hellip;]\" \/>\n<meta property=\"og:url\" content=\"https:\/\/gifted-hub.com\/fr\/enseignants\/creer-une-classe-differenciee-pour-les-eleves-doues\/\" \/>\n<meta property=\"og:site_name\" content=\"Gifted HUB\" \/>\n<meta property=\"article:modified_time\" content=\"2024-11-20T22:04:43+00:00\" \/>\n<meta property=\"og:image\" content=\"https:\/\/gifted-hub.com\/wp-content\/uploads\/2024\/11\/5ekw8z7cge4.jpg\" \/>\n\t<meta property=\"og:image:width\" content=\"1600\" \/>\n\t<meta property=\"og:image:height\" content=\"1067\" \/>\n\t<meta property=\"og:image:type\" content=\"image\/jpeg\" \/>\n<meta name=\"twitter:card\" content=\"summary_large_image\" \/>\n<meta name=\"twitter:label1\" content=\"Dur\u00e9e de lecture estim\u00e9e\" \/>\n\t<meta name=\"twitter:data1\" content=\"2 minutes\" \/>\n<script type=\"application\/ld+json\" class=\"yoast-schema-graph\">{\"@context\":\"https:\\\/\\\/schema.org\",\"@graph\":[{\"@type\":\"WebPage\",\"@id\":\"https:\\\/\\\/gifted-hub.com\\\/fr\\\/enseignants\\\/creer-une-classe-differenciee-pour-les-eleves-doues\\\/\",\"url\":\"https:\\\/\\\/gifted-hub.com\\\/fr\\\/enseignants\\\/creer-une-classe-differenciee-pour-les-eleves-doues\\\/\",\"name\":\"Cr\u00e9er une classe diff\u00e9renci\u00e9e pour les \u00e9l\u00e8ves dou\u00e9s - Gifted HUB\",\"isPartOf\":{\"@id\":\"https:\\\/\\\/gifted-hub.com\\\/fr\\\/#website\"},\"primaryImageOfPage\":{\"@id\":\"https:\\\/\\\/gifted-hub.com\\\/fr\\\/enseignants\\\/creer-une-classe-differenciee-pour-les-eleves-doues\\\/#primaryimage\"},\"image\":{\"@id\":\"https:\\\/\\\/gifted-hub.com\\\/fr\\\/enseignants\\\/creer-une-classe-differenciee-pour-les-eleves-doues\\\/#primaryimage\"},\"thumbnailUrl\":\"https:\\\/\\\/gifted-hub.com\\\/wp-content\\\/uploads\\\/2024\\\/11\\\/5ekw8z7cge4.jpg\",\"datePublished\":\"2024-11-20T21:50:21+00:00\",\"dateModified\":\"2024-11-20T22:04:43+00:00\",\"breadcrumb\":{\"@id\":\"https:\\\/\\\/gifted-hub.com\\\/fr\\\/enseignants\\\/creer-une-classe-differenciee-pour-les-eleves-doues\\\/#breadcrumb\"},\"inLanguage\":\"fr-FR\",\"potentialAction\":[{\"@type\":\"ReadAction\",\"target\":[\"https:\\\/\\\/gifted-hub.com\\\/fr\\\/enseignants\\\/creer-une-classe-differenciee-pour-les-eleves-doues\\\/\"]}]},{\"@type\":\"ImageObject\",\"inLanguage\":\"fr-FR\",\"@id\":\"https:\\\/\\\/gifted-hub.com\\\/fr\\\/enseignants\\\/creer-une-classe-differenciee-pour-les-eleves-doues\\\/#primaryimage\",\"url\":\"https:\\\/\\\/gifted-hub.com\\\/wp-content\\\/uploads\\\/2024\\\/11\\\/5ekw8z7cge4.jpg\",\"contentUrl\":\"https:\\\/\\\/gifted-hub.com\\\/wp-content\\\/uploads\\\/2024\\\/11\\\/5ekw8z7cge4.jpg\",\"width\":1600,\"height\":1067},{\"@type\":\"BreadcrumbList\",\"@id\":\"https:\\\/\\\/gifted-hub.com\\\/fr\\\/enseignants\\\/creer-une-classe-differenciee-pour-les-eleves-doues\\\/#breadcrumb\",\"itemListElement\":[{\"@type\":\"ListItem\",\"position\":1,\"name\":\"Home\",\"item\":\"https:\\\/\\\/gifted-hub.com\\\/fr\\\/accueil\\\/\"},{\"@type\":\"ListItem\",\"position\":2,\"name\":\"Enseignants\",\"item\":\"https:\\\/\\\/gifted-hub.com\\\/fr\\\/enseignants\\\/\"},{\"@type\":\"ListItem\",\"position\":3,\"name\":\"Cr\u00e9er une classe diff\u00e9renci\u00e9e pour les \u00e9l\u00e8ves dou\u00e9s\"}]},{\"@type\":\"WebSite\",\"@id\":\"https:\\\/\\\/gifted-hub.com\\\/fr\\\/#website\",\"url\":\"https:\\\/\\\/gifted-hub.com\\\/fr\\\/\",\"name\":\"Gifted HUB\",\"description\":\"Un espace pour les hautes comp\u00e9tences\",\"publisher\":{\"@id\":\"https:\\\/\\\/gifted-hub.com\\\/fr\\\/#organization\"},\"potentialAction\":[{\"@type\":\"SearchAction\",\"target\":{\"@type\":\"EntryPoint\",\"urlTemplate\":\"https:\\\/\\\/gifted-hub.com\\\/fr\\\/?s={search_term_string}\"},\"query-input\":{\"@type\":\"PropertyValueSpecification\",\"valueRequired\":true,\"valueName\":\"search_term_string\"}}],\"inLanguage\":\"fr-FR\"},{\"@type\":\"Organization\",\"@id\":\"https:\\\/\\\/gifted-hub.com\\\/fr\\\/#organization\",\"name\":\"Gifted HUB\",\"url\":\"https:\\\/\\\/gifted-hub.com\\\/fr\\\/\",\"logo\":{\"@type\":\"ImageObject\",\"inLanguage\":\"fr-FR\",\"@id\":\"https:\\\/\\\/gifted-hub.com\\\/fr\\\/#\\\/schema\\\/logo\\\/image\\\/\",\"url\":\"https:\\\/\\\/gifted-hub.com\\\/wp-content\\\/uploads\\\/2024\\\/07\\\/logo-1.svg\",\"contentUrl\":\"https:\\\/\\\/gifted-hub.com\\\/wp-content\\\/uploads\\\/2024\\\/07\\\/logo-1.svg\",\"caption\":\"Gifted HUB\"},\"image\":{\"@id\":\"https:\\\/\\\/gifted-hub.com\\\/fr\\\/#\\\/schema\\\/logo\\\/image\\\/\"}}]}<\/script>\n<!-- \/ Yoast SEO plugin. -->","yoast_head_json":{"title":"Cr\u00e9er une classe diff\u00e9renci\u00e9e pour les \u00e9l\u00e8ves dou\u00e9s - Gifted HUB","robots":{"index":"index","follow":"follow","max-snippet":"max-snippet:-1","max-image-preview":"max-image-preview:large","max-video-preview":"max-video-preview:-1"},"canonical":"https:\/\/gifted-hub.com\/fr\/enseignants\/creer-une-classe-differenciee-pour-les-eleves-doues\/","og_locale":"fr_FR","og_type":"article","og_title":"Cr\u00e9er une classe diff\u00e9renci\u00e9e pour les \u00e9l\u00e8ves dou\u00e9s - Gifted HUB","og_description":"Cr\u00e9er une classe diff\u00e9renci\u00e9e pour les \u00e9l\u00e8ves dou\u00e9s n\u00e9cessite de comprendre leurs besoins d&rsquo;apprentissage uniques et d&rsquo;ajuster les m\u00e9thodes d&rsquo;enseignement pour favoriser leur croissance. Les \u00e9l\u00e8ves dou\u00e9s saisissent souvent de nouvelles informations plus rapidement que leurs pairs, les retiennent mieux et montrent un int\u00e9r\u00eat pour des id\u00e9es complexes et abstraites. Cependant, ces \u00e9l\u00e8ves peuvent se [&hellip;]","og_url":"https:\/\/gifted-hub.com\/fr\/enseignants\/creer-une-classe-differenciee-pour-les-eleves-doues\/","og_site_name":"Gifted HUB","article_modified_time":"2024-11-20T22:04:43+00:00","og_image":[{"width":1600,"height":1067,"url":"https:\/\/gifted-hub.com\/wp-content\/uploads\/2024\/11\/5ekw8z7cge4.jpg","type":"image\/jpeg"}],"twitter_card":"summary_large_image","twitter_misc":{"Dur\u00e9e de lecture estim\u00e9e":"2 minutes"},"schema":{"@context":"https:\/\/schema.org","@graph":[{"@type":"WebPage","@id":"https:\/\/gifted-hub.com\/fr\/enseignants\/creer-une-classe-differenciee-pour-les-eleves-doues\/","url":"https:\/\/gifted-hub.com\/fr\/enseignants\/creer-une-classe-differenciee-pour-les-eleves-doues\/","name":"Cr\u00e9er une classe diff\u00e9renci\u00e9e pour les \u00e9l\u00e8ves dou\u00e9s - Gifted HUB","isPartOf":{"@id":"https:\/\/gifted-hub.com\/fr\/#website"},"primaryImageOfPage":{"@id":"https:\/\/gifted-hub.com\/fr\/enseignants\/creer-une-classe-differenciee-pour-les-eleves-doues\/#primaryimage"},"image":{"@id":"https:\/\/gifted-hub.com\/fr\/enseignants\/creer-une-classe-differenciee-pour-les-eleves-doues\/#primaryimage"},"thumbnailUrl":"https:\/\/gifted-hub.com\/wp-content\/uploads\/2024\/11\/5ekw8z7cge4.jpg","datePublished":"2024-11-20T21:50:21+00:00","dateModified":"2024-11-20T22:04:43+00:00","breadcrumb":{"@id":"https:\/\/gifted-hub.com\/fr\/enseignants\/creer-une-classe-differenciee-pour-les-eleves-doues\/#breadcrumb"},"inLanguage":"fr-FR","potentialAction":[{"@type":"ReadAction","target":["https:\/\/gifted-hub.com\/fr\/enseignants\/creer-une-classe-differenciee-pour-les-eleves-doues\/"]}]},{"@type":"ImageObject","inLanguage":"fr-FR","@id":"https:\/\/gifted-hub.com\/fr\/enseignants\/creer-une-classe-differenciee-pour-les-eleves-doues\/#primaryimage","url":"https:\/\/gifted-hub.com\/wp-content\/uploads\/2024\/11\/5ekw8z7cge4.jpg","contentUrl":"https:\/\/gifted-hub.com\/wp-content\/uploads\/2024\/11\/5ekw8z7cge4.jpg","width":1600,"height":1067},{"@type":"BreadcrumbList","@id":"https:\/\/gifted-hub.com\/fr\/enseignants\/creer-une-classe-differenciee-pour-les-eleves-doues\/#breadcrumb","itemListElement":[{"@type":"ListItem","position":1,"name":"Home","item":"https:\/\/gifted-hub.com\/fr\/accueil\/"},{"@type":"ListItem","position":2,"name":"Enseignants","item":"https:\/\/gifted-hub.com\/fr\/enseignants\/"},{"@type":"ListItem","position":3,"name":"Cr\u00e9er une classe diff\u00e9renci\u00e9e pour les \u00e9l\u00e8ves dou\u00e9s"}]},{"@type":"WebSite","@id":"https:\/\/gifted-hub.com\/fr\/#website","url":"https:\/\/gifted-hub.com\/fr\/","name":"Gifted HUB","description":"Un espace pour les hautes comp\u00e9tences","publisher":{"@id":"https:\/\/gifted-hub.com\/fr\/#organization"},"potentialAction":[{"@type":"SearchAction","target":{"@type":"EntryPoint","urlTemplate":"https:\/\/gifted-hub.com\/fr\/?s={search_term_string}"},"query-input":{"@type":"PropertyValueSpecification","valueRequired":true,"valueName":"search_term_string"}}],"inLanguage":"fr-FR"},{"@type":"Organization","@id":"https:\/\/gifted-hub.com\/fr\/#organization","name":"Gifted HUB","url":"https:\/\/gifted-hub.com\/fr\/","logo":{"@type":"ImageObject","inLanguage":"fr-FR","@id":"https:\/\/gifted-hub.com\/fr\/#\/schema\/logo\/image\/","url":"https:\/\/gifted-hub.com\/wp-content\/uploads\/2024\/07\/logo-1.svg","contentUrl":"https:\/\/gifted-hub.com\/wp-content\/uploads\/2024\/07\/logo-1.svg","caption":"Gifted HUB"},"image":{"@id":"https:\/\/gifted-hub.com\/fr\/#\/schema\/logo\/image\/"}}]}},"_links":{"self":[{"href":"https:\/\/gifted-hub.com\/fr\/wp-json\/wp\/v2\/pages\/18356","targetHints":{"allow":["GET"]}}],"collection":[{"href":"https:\/\/gifted-hub.com\/fr\/wp-json\/wp\/v2\/pages"}],"about":[{"href":"https:\/\/gifted-hub.com\/fr\/wp-json\/wp\/v2\/types\/page"}],"author":[{"embeddable":true,"href":"https:\/\/gifted-hub.com\/fr\/wp-json\/wp\/v2\/users\/1"}],"replies":[{"embeddable":true,"href":"https:\/\/gifted-hub.com\/fr\/wp-json\/wp\/v2\/comments?post=18356"}],"version-history":[{"count":1,"href":"https:\/\/gifted-hub.com\/fr\/wp-json\/wp\/v2\/pages\/18356\/revisions"}],"predecessor-version":[{"id":18357,"href":"https:\/\/gifted-hub.com\/fr\/wp-json\/wp\/v2\/pages\/18356\/revisions\/18357"}],"up":[{"embeddable":true,"href":"https:\/\/gifted-hub.com\/fr\/wp-json\/wp\/v2\/pages\/15625"}],"wp:featuredmedia":[{"embeddable":true,"href":"https:\/\/gifted-hub.com\/fr\/wp-json\/wp\/v2\/media\/18346"}],"wp:attachment":[{"href":"https:\/\/gifted-hub.com\/fr\/wp-json\/wp\/v2\/media?parent=18356"}],"wp:term":[{"taxonomy":"group-interest","embeddable":true,"href":"https:\/\/gifted-hub.com\/fr\/wp-json\/wp\/v2\/group-interest?post=18356"}],"curies":[{"name":"wp","href":"https:\/\/api.w.org\/{rel}","templated":true}]}}