{"id":18201,"date":"2024-11-16T00:53:18","date_gmt":"2024-11-16T00:53:18","guid":{"rendered":"https:\/\/gifted-hub.com\/enseignants\/autonomisation-des-educateurs-la-formation-essentielle-pour-soutenir-les-eleves-surdoues\/"},"modified":"2024-11-16T01:03:16","modified_gmt":"2024-11-16T01:03:16","slug":"autonomisation-des-educateurs-la-formation-essentielle-pour-soutenir-les-eleves-surdoues","status":"publish","type":"page","link":"https:\/\/gifted-hub.com\/fr\/enseignants\/autonomisation-des-educateurs-la-formation-essentielle-pour-soutenir-les-eleves-surdoues\/","title":{"rendered":"Autonomisation des \u00e9ducateurs : La formation essentielle pour soutenir les \u00e9l\u00e8ves surdou\u00e9s"},"content":{"rendered":"\n<p>La formation des enseignants est fondamentale pour favoriser des syst\u00e8mes \u00e9ducatifs inclusifs, en particulier lorsqu&rsquo;il s&rsquo;agit de r\u00e9pondre aux besoins des \u00e9l\u00e8ves surdou\u00e9s. Les \u00e9ducateurs jouent un r\u00f4le crucial dans la reconnaissance et le soutien du potentiel unique de ces apprenants. Leur pr\u00e9paration doit inclure une <a href=\"https:\/\/gifted-hub.com\/fr\/quest-ce-que-les-hautes-capacites\/\" data-type=\"page\" data-id=\"347\">compr\u00e9hension de la douance<\/a>, des strat\u00e9gies pour une inclusion efficace et la capacit\u00e9 \u00e0 naviguer dans les complexit\u00e9s socio-\u00e9motionnelles. L&rsquo;identification pr\u00e9coce est essentielle, permettant des interventions adapt\u00e9es qui correspondent aux forces et aux besoins individuels de chaque \u00e9l\u00e8ve.   <\/p>\n\n<p>L&rsquo;\u00e9ducation des surdou\u00e9s n\u00e9cessite des m\u00e9thodes d&rsquo;enseignement qui d\u00e9fient et engagent les \u00e9l\u00e8ves \u00e0 un niveau appropri\u00e9. L&rsquo;enseignement diff\u00e9renci\u00e9 et les activit\u00e9s d&rsquo;enrichissement offrent des opportunit\u00e9s d&rsquo;exploration intellectuelle et cr\u00e9ative, garantissant que les \u00e9l\u00e8ves ne s&rsquo;ennuient pas et ne se sentent pas d\u00e9pass\u00e9s. Les principes de la Conception Universelle de l&rsquo;Apprentissage peuvent am\u00e9liorer l&rsquo;inclusion en offrant plusieurs fa\u00e7ons pour les \u00e9l\u00e8ves d&rsquo;acc\u00e9der \u00e0 leurs connaissances et de les d\u00e9montrer. Ces approches permettent aux apprenants de prosp\u00e9rer acad\u00e9miquement tout en favorisant un sentiment d&rsquo;appartenance dans leurs environnements \u00e9ducatifs.   <\/p>\n\n<p>Les enseignants doivent \u00e9galement aborder les dimensions socio-\u00e9motionnelles de la douance. Ces \u00e9l\u00e8ves ressentent souvent une sensibilit\u00e9 accrue, du perfectionnisme ou des sentiments d&rsquo;isolement. Les \u00e9ducateurs doivent cr\u00e9er une atmosph\u00e8re de classe o\u00f9 ces d\u00e9fis sont reconnus et trait\u00e9s, en promouvant la r\u00e9silience, le leadership et les interactions sociales positives. La capacit\u00e9 de guider les \u00e9l\u00e8ves surdou\u00e9s \u00e0 travers leurs <a href=\"https:\/\/gifted-hub.com\/fr\/professionnels\/la-psychologie-des-jeunes-surdoues\/\" data-type=\"page\" data-id=\"15777\">paysages \u00e9motionnels<\/a> est aussi importante que de cultiver leurs talents acad\u00e9miques.   <\/p>\n\n<p>La collaboration entre enseignants, familles et autres professionnels est essentielle pour r\u00e9ussir. Partager des exp\u00e9riences, des ressources et des strat\u00e9gies enrichit la capacit\u00e9 collective \u00e0 soutenir les apprenants surdou\u00e9s. Les r\u00e9seaux professionnels et les opportunit\u00e9s de formation continue, telles que les ateliers et les s\u00e9minaires, \u00e9quipent les enseignants des outils et des perspectives n\u00e9cessaires pour rester \u00e0 jour dans ce domaine en \u00e9volution. L&rsquo;apprentissage tout au long de la vie n&rsquo;est pas seulement un concept pour les \u00e9l\u00e8ves, mais une n\u00e9cessit\u00e9 pour les \u00e9ducateurs d\u00e9di\u00e9s \u00e0 offrir les meilleures exp\u00e9riences \u00e9ducatives possibles.   <\/p>\n\n<p>Malgr\u00e9 les d\u00e9fis, tels que des ressources limit\u00e9es ou une formation formelle inad\u00e9quate, il existe de nombreux facilitateurs qui soutiennent un enseignement efficace pour les \u00e9l\u00e8ves surdou\u00e9s. Ceux-ci incluent l&rsquo;utilisation de la technologie, des strat\u00e9gies p\u00e9dagogiques innovantes et une communication ouverte avec les familles. L&rsquo;engagement des enseignants envers l&rsquo;adaptabilit\u00e9 et l&rsquo;am\u00e9lioration continue garantit que les \u00e9l\u00e8ves surdou\u00e9s re\u00e7oivent l&rsquo;attention et la stimulation dont ils ont besoin pour exceller. Le chemin vers l&rsquo;inclusion peut n\u00e9cessiter des efforts et de l&rsquo;innovation, mais les r\u00e9compenses\u2014les \u00e9l\u00e8ves atteignant leur plein potentiel\u2014sont incommensurables.   <\/p>\n\n<p>Les \u00e9ducateurs doivent \u00eatre \u00e9quip\u00e9s d&rsquo;une solide base de connaissances, de comp\u00e9tences pratiques et de pratiques r\u00e9flexives pour aborder les complexit\u00e9s de l&rsquo;\u00e9ducation des surdou\u00e9s. Leur r\u00f4le est central pour s&rsquo;assurer que ces \u00e9l\u00e8ves non seulement r\u00e9ussissent acad\u00e9miquement, mais aussi deviennent des individus bien \u00e9quilibr\u00e9s. Une approche holistique de la formation des enseignants, mettant l&rsquo;accent sur l&rsquo;int\u00e9gration de la th\u00e9orie et de la pratique, jette les bases d&rsquo;environnements \u00e9ducatifs inclusifs et efficaces. Une telle formation b\u00e9n\u00e9ficie non seulement aux \u00e9l\u00e8ves surdou\u00e9s, mais \u00e0 toute la communaut\u00e9 d&rsquo;apprentissage, car elle favorise une appr\u00e9ciation de la diversit\u00e9 et la valeur des contributions uniques de chaque apprenant.   <\/p>\n","protected":false},"excerpt":{"rendered":"<p>La formation des enseignants est fondamentale pour favoriser des syst\u00e8mes \u00e9ducatifs inclusifs, en particulier lorsqu&rsquo;il s&rsquo;agit de r\u00e9pondre aux besoins des \u00e9l\u00e8ves surdou\u00e9s. Les \u00e9ducateurs jouent un r\u00f4le crucial dans la reconnaissance et le soutien du potentiel unique de ces apprenants. Leur pr\u00e9paration doit inclure une compr\u00e9hension de la douance, des strat\u00e9gies pour une inclusion [&hellip;]<\/p>\n","protected":false},"author":1,"featured_media":18178,"parent":15625,"menu_order":0,"comment_status":"closed","ping_status":"closed","template":"","meta":{"_acf_changed":false,"inline_featured_image":false,"footnotes":""},"group-interest":[],"class_list":["post-18201","page","type-page","status-publish","has-post-thumbnail","hentry"],"acf":[],"yoast_head":"<!-- This site is optimized with the Yoast SEO plugin v27.4 - https:\/\/yoast.com\/product\/yoast-seo-wordpress\/ -->\n<title>Autonomisation des \u00e9ducateurs : La formation essentielle pour soutenir les \u00e9l\u00e8ves surdou\u00e9s - Gifted HUB<\/title>\n<meta name=\"robots\" content=\"index, follow, max-snippet:-1, max-image-preview:large, max-video-preview:-1\" \/>\n<link rel=\"canonical\" href=\"https:\/\/gifted-hub.com\/fr\/enseignants\/autonomisation-des-educateurs-la-formation-essentielle-pour-soutenir-les-eleves-surdoues\/\" \/>\n<meta property=\"og:locale\" content=\"fr_FR\" \/>\n<meta property=\"og:type\" content=\"article\" \/>\n<meta property=\"og:title\" content=\"Autonomisation des \u00e9ducateurs : La formation essentielle pour soutenir les \u00e9l\u00e8ves surdou\u00e9s - Gifted HUB\" \/>\n<meta property=\"og:description\" content=\"La formation des enseignants est fondamentale pour favoriser des syst\u00e8mes \u00e9ducatifs inclusifs, en particulier lorsqu&rsquo;il s&rsquo;agit de r\u00e9pondre aux besoins des \u00e9l\u00e8ves surdou\u00e9s. Les \u00e9ducateurs jouent un r\u00f4le crucial dans la reconnaissance et le soutien du potentiel unique de ces apprenants. Leur pr\u00e9paration doit inclure une compr\u00e9hension de la douance, des strat\u00e9gies pour une inclusion [&hellip;]\" \/>\n<meta property=\"og:url\" content=\"https:\/\/gifted-hub.com\/fr\/enseignants\/autonomisation-des-educateurs-la-formation-essentielle-pour-soutenir-les-eleves-surdoues\/\" \/>\n<meta property=\"og:site_name\" content=\"Gifted HUB\" \/>\n<meta property=\"article:modified_time\" content=\"2024-11-16T01:03:16+00:00\" \/>\n<meta property=\"og:image\" content=\"https:\/\/gifted-hub.com\/wp-content\/uploads\/2024\/11\/i5nmmbr8jyg.jpg\" \/>\n\t<meta property=\"og:image:width\" content=\"1600\" \/>\n\t<meta property=\"og:image:height\" content=\"1067\" \/>\n\t<meta property=\"og:image:type\" content=\"image\/jpeg\" \/>\n<meta name=\"twitter:card\" content=\"summary_large_image\" \/>\n<meta name=\"twitter:label1\" content=\"Dur\u00e9e de lecture estim\u00e9e\" \/>\n\t<meta name=\"twitter:data1\" content=\"3 minutes\" \/>\n<script type=\"application\/ld+json\" class=\"yoast-schema-graph\">{\"@context\":\"https:\\\/\\\/schema.org\",\"@graph\":[{\"@type\":\"WebPage\",\"@id\":\"https:\\\/\\\/gifted-hub.com\\\/fr\\\/enseignants\\\/autonomisation-des-educateurs-la-formation-essentielle-pour-soutenir-les-eleves-surdoues\\\/\",\"url\":\"https:\\\/\\\/gifted-hub.com\\\/fr\\\/enseignants\\\/autonomisation-des-educateurs-la-formation-essentielle-pour-soutenir-les-eleves-surdoues\\\/\",\"name\":\"Autonomisation des \u00e9ducateurs : La formation essentielle pour soutenir les \u00e9l\u00e8ves surdou\u00e9s - Gifted HUB\",\"isPartOf\":{\"@id\":\"https:\\\/\\\/gifted-hub.com\\\/fr\\\/#website\"},\"primaryImageOfPage\":{\"@id\":\"https:\\\/\\\/gifted-hub.com\\\/fr\\\/enseignants\\\/autonomisation-des-educateurs-la-formation-essentielle-pour-soutenir-les-eleves-surdoues\\\/#primaryimage\"},\"image\":{\"@id\":\"https:\\\/\\\/gifted-hub.com\\\/fr\\\/enseignants\\\/autonomisation-des-educateurs-la-formation-essentielle-pour-soutenir-les-eleves-surdoues\\\/#primaryimage\"},\"thumbnailUrl\":\"https:\\\/\\\/gifted-hub.com\\\/wp-content\\\/uploads\\\/2024\\\/11\\\/i5nmmbr8jyg.jpg\",\"datePublished\":\"2024-11-16T00:53:18+00:00\",\"dateModified\":\"2024-11-16T01:03:16+00:00\",\"breadcrumb\":{\"@id\":\"https:\\\/\\\/gifted-hub.com\\\/fr\\\/enseignants\\\/autonomisation-des-educateurs-la-formation-essentielle-pour-soutenir-les-eleves-surdoues\\\/#breadcrumb\"},\"inLanguage\":\"fr-FR\",\"potentialAction\":[{\"@type\":\"ReadAction\",\"target\":[\"https:\\\/\\\/gifted-hub.com\\\/fr\\\/enseignants\\\/autonomisation-des-educateurs-la-formation-essentielle-pour-soutenir-les-eleves-surdoues\\\/\"]}]},{\"@type\":\"ImageObject\",\"inLanguage\":\"fr-FR\",\"@id\":\"https:\\\/\\\/gifted-hub.com\\\/fr\\\/enseignants\\\/autonomisation-des-educateurs-la-formation-essentielle-pour-soutenir-les-eleves-surdoues\\\/#primaryimage\",\"url\":\"https:\\\/\\\/gifted-hub.com\\\/wp-content\\\/uploads\\\/2024\\\/11\\\/i5nmmbr8jyg.jpg\",\"contentUrl\":\"https:\\\/\\\/gifted-hub.com\\\/wp-content\\\/uploads\\\/2024\\\/11\\\/i5nmmbr8jyg.jpg\",\"width\":1600,\"height\":1067},{\"@type\":\"BreadcrumbList\",\"@id\":\"https:\\\/\\\/gifted-hub.com\\\/fr\\\/enseignants\\\/autonomisation-des-educateurs-la-formation-essentielle-pour-soutenir-les-eleves-surdoues\\\/#breadcrumb\",\"itemListElement\":[{\"@type\":\"ListItem\",\"position\":1,\"name\":\"Home\",\"item\":\"https:\\\/\\\/gifted-hub.com\\\/fr\\\/accueil\\\/\"},{\"@type\":\"ListItem\",\"position\":2,\"name\":\"Enseignants\",\"item\":\"https:\\\/\\\/gifted-hub.com\\\/fr\\\/enseignants\\\/\"},{\"@type\":\"ListItem\",\"position\":3,\"name\":\"Autonomisation des \u00e9ducateurs : La formation essentielle pour soutenir les \u00e9l\u00e8ves surdou\u00e9s\"}]},{\"@type\":\"WebSite\",\"@id\":\"https:\\\/\\\/gifted-hub.com\\\/fr\\\/#website\",\"url\":\"https:\\\/\\\/gifted-hub.com\\\/fr\\\/\",\"name\":\"Gifted HUB\",\"description\":\"Un espace pour les hautes comp\u00e9tences\",\"publisher\":{\"@id\":\"https:\\\/\\\/gifted-hub.com\\\/fr\\\/#organization\"},\"potentialAction\":[{\"@type\":\"SearchAction\",\"target\":{\"@type\":\"EntryPoint\",\"urlTemplate\":\"https:\\\/\\\/gifted-hub.com\\\/fr\\\/?s={search_term_string}\"},\"query-input\":{\"@type\":\"PropertyValueSpecification\",\"valueRequired\":true,\"valueName\":\"search_term_string\"}}],\"inLanguage\":\"fr-FR\"},{\"@type\":\"Organization\",\"@id\":\"https:\\\/\\\/gifted-hub.com\\\/fr\\\/#organization\",\"name\":\"Gifted HUB\",\"url\":\"https:\\\/\\\/gifted-hub.com\\\/fr\\\/\",\"logo\":{\"@type\":\"ImageObject\",\"inLanguage\":\"fr-FR\",\"@id\":\"https:\\\/\\\/gifted-hub.com\\\/fr\\\/#\\\/schema\\\/logo\\\/image\\\/\",\"url\":\"https:\\\/\\\/gifted-hub.com\\\/wp-content\\\/uploads\\\/2024\\\/07\\\/logo-1.svg\",\"contentUrl\":\"https:\\\/\\\/gifted-hub.com\\\/wp-content\\\/uploads\\\/2024\\\/07\\\/logo-1.svg\",\"caption\":\"Gifted HUB\"},\"image\":{\"@id\":\"https:\\\/\\\/gifted-hub.com\\\/fr\\\/#\\\/schema\\\/logo\\\/image\\\/\"}}]}<\/script>\n<!-- \/ Yoast SEO plugin. -->","yoast_head_json":{"title":"Autonomisation des \u00e9ducateurs : La formation essentielle pour soutenir les \u00e9l\u00e8ves surdou\u00e9s - Gifted HUB","robots":{"index":"index","follow":"follow","max-snippet":"max-snippet:-1","max-image-preview":"max-image-preview:large","max-video-preview":"max-video-preview:-1"},"canonical":"https:\/\/gifted-hub.com\/fr\/enseignants\/autonomisation-des-educateurs-la-formation-essentielle-pour-soutenir-les-eleves-surdoues\/","og_locale":"fr_FR","og_type":"article","og_title":"Autonomisation des \u00e9ducateurs : La formation essentielle pour soutenir les \u00e9l\u00e8ves surdou\u00e9s - Gifted HUB","og_description":"La formation des enseignants est fondamentale pour favoriser des syst\u00e8mes \u00e9ducatifs inclusifs, en particulier lorsqu&rsquo;il s&rsquo;agit de r\u00e9pondre aux besoins des \u00e9l\u00e8ves surdou\u00e9s. Les \u00e9ducateurs jouent un r\u00f4le crucial dans la reconnaissance et le soutien du potentiel unique de ces apprenants. Leur pr\u00e9paration doit inclure une compr\u00e9hension de la douance, des strat\u00e9gies pour une inclusion [&hellip;]","og_url":"https:\/\/gifted-hub.com\/fr\/enseignants\/autonomisation-des-educateurs-la-formation-essentielle-pour-soutenir-les-eleves-surdoues\/","og_site_name":"Gifted HUB","article_modified_time":"2024-11-16T01:03:16+00:00","og_image":[{"width":1600,"height":1067,"url":"https:\/\/gifted-hub.com\/wp-content\/uploads\/2024\/11\/i5nmmbr8jyg.jpg","type":"image\/jpeg"}],"twitter_card":"summary_large_image","twitter_misc":{"Dur\u00e9e de lecture estim\u00e9e":"3 minutes"},"schema":{"@context":"https:\/\/schema.org","@graph":[{"@type":"WebPage","@id":"https:\/\/gifted-hub.com\/fr\/enseignants\/autonomisation-des-educateurs-la-formation-essentielle-pour-soutenir-les-eleves-surdoues\/","url":"https:\/\/gifted-hub.com\/fr\/enseignants\/autonomisation-des-educateurs-la-formation-essentielle-pour-soutenir-les-eleves-surdoues\/","name":"Autonomisation des \u00e9ducateurs : La formation essentielle pour soutenir les \u00e9l\u00e8ves surdou\u00e9s - Gifted HUB","isPartOf":{"@id":"https:\/\/gifted-hub.com\/fr\/#website"},"primaryImageOfPage":{"@id":"https:\/\/gifted-hub.com\/fr\/enseignants\/autonomisation-des-educateurs-la-formation-essentielle-pour-soutenir-les-eleves-surdoues\/#primaryimage"},"image":{"@id":"https:\/\/gifted-hub.com\/fr\/enseignants\/autonomisation-des-educateurs-la-formation-essentielle-pour-soutenir-les-eleves-surdoues\/#primaryimage"},"thumbnailUrl":"https:\/\/gifted-hub.com\/wp-content\/uploads\/2024\/11\/i5nmmbr8jyg.jpg","datePublished":"2024-11-16T00:53:18+00:00","dateModified":"2024-11-16T01:03:16+00:00","breadcrumb":{"@id":"https:\/\/gifted-hub.com\/fr\/enseignants\/autonomisation-des-educateurs-la-formation-essentielle-pour-soutenir-les-eleves-surdoues\/#breadcrumb"},"inLanguage":"fr-FR","potentialAction":[{"@type":"ReadAction","target":["https:\/\/gifted-hub.com\/fr\/enseignants\/autonomisation-des-educateurs-la-formation-essentielle-pour-soutenir-les-eleves-surdoues\/"]}]},{"@type":"ImageObject","inLanguage":"fr-FR","@id":"https:\/\/gifted-hub.com\/fr\/enseignants\/autonomisation-des-educateurs-la-formation-essentielle-pour-soutenir-les-eleves-surdoues\/#primaryimage","url":"https:\/\/gifted-hub.com\/wp-content\/uploads\/2024\/11\/i5nmmbr8jyg.jpg","contentUrl":"https:\/\/gifted-hub.com\/wp-content\/uploads\/2024\/11\/i5nmmbr8jyg.jpg","width":1600,"height":1067},{"@type":"BreadcrumbList","@id":"https:\/\/gifted-hub.com\/fr\/enseignants\/autonomisation-des-educateurs-la-formation-essentielle-pour-soutenir-les-eleves-surdoues\/#breadcrumb","itemListElement":[{"@type":"ListItem","position":1,"name":"Home","item":"https:\/\/gifted-hub.com\/fr\/accueil\/"},{"@type":"ListItem","position":2,"name":"Enseignants","item":"https:\/\/gifted-hub.com\/fr\/enseignants\/"},{"@type":"ListItem","position":3,"name":"Autonomisation des \u00e9ducateurs : La formation essentielle pour soutenir les \u00e9l\u00e8ves surdou\u00e9s"}]},{"@type":"WebSite","@id":"https:\/\/gifted-hub.com\/fr\/#website","url":"https:\/\/gifted-hub.com\/fr\/","name":"Gifted HUB","description":"Un espace pour les hautes comp\u00e9tences","publisher":{"@id":"https:\/\/gifted-hub.com\/fr\/#organization"},"potentialAction":[{"@type":"SearchAction","target":{"@type":"EntryPoint","urlTemplate":"https:\/\/gifted-hub.com\/fr\/?s={search_term_string}"},"query-input":{"@type":"PropertyValueSpecification","valueRequired":true,"valueName":"search_term_string"}}],"inLanguage":"fr-FR"},{"@type":"Organization","@id":"https:\/\/gifted-hub.com\/fr\/#organization","name":"Gifted HUB","url":"https:\/\/gifted-hub.com\/fr\/","logo":{"@type":"ImageObject","inLanguage":"fr-FR","@id":"https:\/\/gifted-hub.com\/fr\/#\/schema\/logo\/image\/","url":"https:\/\/gifted-hub.com\/wp-content\/uploads\/2024\/07\/logo-1.svg","contentUrl":"https:\/\/gifted-hub.com\/wp-content\/uploads\/2024\/07\/logo-1.svg","caption":"Gifted HUB"},"image":{"@id":"https:\/\/gifted-hub.com\/fr\/#\/schema\/logo\/image\/"}}]}},"_links":{"self":[{"href":"https:\/\/gifted-hub.com\/fr\/wp-json\/wp\/v2\/pages\/18201","targetHints":{"allow":["GET"]}}],"collection":[{"href":"https:\/\/gifted-hub.com\/fr\/wp-json\/wp\/v2\/pages"}],"about":[{"href":"https:\/\/gifted-hub.com\/fr\/wp-json\/wp\/v2\/types\/page"}],"author":[{"embeddable":true,"href":"https:\/\/gifted-hub.com\/fr\/wp-json\/wp\/v2\/users\/1"}],"replies":[{"embeddable":true,"href":"https:\/\/gifted-hub.com\/fr\/wp-json\/wp\/v2\/comments?post=18201"}],"version-history":[{"count":1,"href":"https:\/\/gifted-hub.com\/fr\/wp-json\/wp\/v2\/pages\/18201\/revisions"}],"predecessor-version":[{"id":18202,"href":"https:\/\/gifted-hub.com\/fr\/wp-json\/wp\/v2\/pages\/18201\/revisions\/18202"}],"up":[{"embeddable":true,"href":"https:\/\/gifted-hub.com\/fr\/wp-json\/wp\/v2\/pages\/15625"}],"wp:featuredmedia":[{"embeddable":true,"href":"https:\/\/gifted-hub.com\/fr\/wp-json\/wp\/v2\/media\/18178"}],"wp:attachment":[{"href":"https:\/\/gifted-hub.com\/fr\/wp-json\/wp\/v2\/media?parent=18201"}],"wp:term":[{"taxonomy":"group-interest","embeddable":true,"href":"https:\/\/gifted-hub.com\/fr\/wp-json\/wp\/v2\/group-interest?post=18201"}],"curies":[{"name":"wp","href":"https:\/\/api.w.org\/{rel}","templated":true}]}}