{"id":18013,"date":"2024-11-11T18:18:23","date_gmt":"2024-11-11T18:18:23","guid":{"rendered":"https:\/\/gifted-hub.com\/spiritualite-et-dons\/"},"modified":"2024-11-11T18:48:21","modified_gmt":"2024-11-11T18:48:21","slug":"spiritualite-et-dons","status":"publish","type":"page","link":"https:\/\/gifted-hub.com\/fr\/individus\/spiritualite-et-dons\/","title":{"rendered":"Spiritualit\u00e9 et dons"},"content":{"rendered":"\n<p>La spiritualit\u00e9 est une partie puissante de nos vies, nous connectant avec des valeurs profondes, un but et un sens. <strong>Quand nous parlons de spiritualit\u00e9, nous ne faisons pas seulement r\u00e9f\u00e9rence \u00e0 la religion organis\u00e9e<\/strong>. La spiritualit\u00e9 va au-del\u00e0 des rituels et des structures ; c&rsquo;est un voyage personnel de r\u00e9flexion, d&rsquo;exploration et de compr\u00e9hension. Elle nous invite \u00e0 chercher des r\u00e9ponses aux grandes questions de la vie et nous aide \u00e0 comprendre notre place dans le monde. Pour les individus dou\u00e9s, la spiritualit\u00e9 peut \u00eatre particuli\u00e8rement importante alors qu&rsquo;ils naviguent sur leurs chemins uniques et s&rsquo;efforcent de donner un sens \u00e0 leurs talents et \u00e0 leur impact sur le monde.   <\/p>\n\n<p>La douance est souvent associ\u00e9e \u00e0 <a href=\"https:\/\/gifted-hub.com\/fr\/quest-ce-que-les-hautes-capacites\/mythes-et-realites-sur-les-hautes-capacites-intellectuelles\/\" data-type=\"page\" data-id=\"15444\">une grande capacit\u00e9 intellectuelle ou des comp\u00e9tences exceptionnelles<\/a>. Cependant, les vues modernes sur la douance incluent plus que le talent acad\u00e9mique ou cr\u00e9atif. \u00catre dou\u00e9 peut aussi signifier avoir un fort d\u00e9sir de faire une diff\u00e9rence positive, une qualit\u00e9 connue sous le nom de douance transformationnelle. Ce type de douance combine la capacit\u00e9 intellectuelle avec un engagement \u00e0 utiliser ses dons pour le b\u00e9n\u00e9fice des autres, ajoutant une dimension spirituelle au concept. La douance transformationnelle invite les individus \u00e0 regarder au-del\u00e0 d&rsquo;eux-m\u00eames et \u00e0 trouver un but qui sert \u00e0 la fois des objectifs personnels et soci\u00e9taux plus larges.    <\/p>\n\n<p>Les recherches montrent que la spiritualit\u00e9 peut \u00eatre un soutien significatif pour les individus dou\u00e9s, les aidant \u00e0 d\u00e9velopper un sens du but et de la connexion. Il est courant pour les personnes dou\u00e9es de poser des questions profondes sur la vie, l&rsquo;existence et leur r\u00f4le dans le monde. La spiritualit\u00e9 leur donne un moyen d&rsquo;explorer ces questions, offrant un espace s\u00fbr pour r\u00e9fl\u00e9chir profond\u00e9ment \u00e0 qui ils sont et ce qu&rsquo;ils veulent accomplir. Pour les jeunes \u00e9tudiants dou\u00e9s en particulier, <strong>la spiritualit\u00e9 peut offrir du r\u00e9confort et des conseils<\/strong>, les aidant \u00e0 trouver des valeurs qu&rsquo;ils veulent suivre et m\u00eame \u00e0 fa\u00e7onner leurs futurs chemins.   <\/p>\n\n<p>La spiritualit\u00e9 est souvent d\u00e9crite \u00e0 travers diff\u00e9rents aspects. Ceux-ci incluent la sensibilit\u00e9 au myst\u00e8re, qui est la capacit\u00e9 de trouver de l&rsquo;\u00e9merveillement et de l&rsquo;admiration dans l&rsquo;inconnu ; la sensibilit\u00e9 aux valeurs, qui est la capacit\u00e9 de comprendre et de r\u00e9fl\u00e9chir sur ce que nous valorisons le plus ; et la sensibilit\u00e9 \u00e0 la communaut\u00e9, le sentiment d&rsquo;appartenir \u00e0 quelque chose de plus grand que nous-m\u00eames. Pour les individus dou\u00e9s, ces dimensions de la spiritualit\u00e9 peuvent \u00eatre tr\u00e8s puissantes. Ils ont souvent une curiosit\u00e9 et une imagination naturelles qui les attirent \u00e0 explorer au-del\u00e0 des exp\u00e9riences ordinaires, se connectant aux myst\u00e8res de la vie et trouvant un sens de mani\u00e8re qui peut leur \u00eatre unique.   <\/p>\n\n<p>Dans le monde d&rsquo;aujourd&rsquo;hui, o\u00f9 nous faisons face \u00e0 des d\u00e9fis sociaux et environnementaux complexes, la spiritualit\u00e9 peut \u00e9galement inspirer les individus dou\u00e9s \u00e0 se concentrer sur des questions au-del\u00e0 d&rsquo;eux-m\u00eames. Elle peut les aider \u00e0 explorer comment ils pourraient contribuer \u00e0 r\u00e9soudre des probl\u00e8mes mondiaux, tels que le changement climatique ou l&rsquo;injustice sociale. En d\u00e9veloppant leurs dons d&rsquo;une mani\u00e8re qui s&rsquo;aligne avec des valeurs personnelles, les individus dou\u00e9s peuvent trouver l&rsquo;\u00e9panouissement et apporter des contributions significatives.  <\/p>\n\n<p>La spiritualit\u00e9 et la douance ensemble cr\u00e9ent une approche holistique du d\u00e9veloppement, aidant les individus dou\u00e9s \u00e0 grandir non seulement intellectuellement mais aussi \u00e9motionnellement et moralement. En explorant la spiritualit\u00e9, ils peuvent trouver un sens du but qui va au-del\u00e0 du succ\u00e8s personnel et d\u00e9couvrir comment avoir un impact positif sur le monde qui les entoure. <\/p>\n","protected":false},"excerpt":{"rendered":"<p>La spiritualit\u00e9 est une partie puissante de nos vies, nous connectant avec des valeurs profondes, un but et un sens. Quand nous parlons de spiritualit\u00e9, nous ne faisons pas seulement r\u00e9f\u00e9rence \u00e0 la religion organis\u00e9e. La spiritualit\u00e9 va au-del\u00e0 des rituels et des structures ; c&rsquo;est un voyage personnel de r\u00e9flexion, d&rsquo;exploration et de compr\u00e9hension. [&hellip;]<\/p>\n","protected":false},"author":1,"featured_media":18003,"parent":15213,"menu_order":0,"comment_status":"closed","ping_status":"closed","template":"","meta":{"_acf_changed":false,"inline_featured_image":false,"footnotes":""},"group-interest":[],"class_list":["post-18013","page","type-page","status-publish","has-post-thumbnail","hentry"],"acf":[],"yoast_head":"<!-- This site is optimized with the Yoast SEO plugin v27.4 - https:\/\/yoast.com\/product\/yoast-seo-wordpress\/ -->\n<title>Spiritualit\u00e9 et dons - Gifted HUB<\/title>\n<meta name=\"robots\" content=\"index, follow, max-snippet:-1, max-image-preview:large, max-video-preview:-1\" \/>\n<link rel=\"canonical\" href=\"https:\/\/gifted-hub.com\/fr\/individus\/spiritualite-et-dons\/\" \/>\n<meta property=\"og:locale\" content=\"fr_FR\" \/>\n<meta property=\"og:type\" content=\"article\" \/>\n<meta property=\"og:title\" content=\"Spiritualit\u00e9 et dons - Gifted HUB\" \/>\n<meta property=\"og:description\" content=\"La spiritualit\u00e9 est une partie puissante de nos vies, nous connectant avec des valeurs profondes, un but et un sens. Quand nous parlons de spiritualit\u00e9, nous ne faisons pas seulement r\u00e9f\u00e9rence \u00e0 la religion organis\u00e9e. La spiritualit\u00e9 va au-del\u00e0 des rituels et des structures ; c&rsquo;est un voyage personnel de r\u00e9flexion, d&rsquo;exploration et de compr\u00e9hension. [&hellip;]\" \/>\n<meta property=\"og:url\" content=\"https:\/\/gifted-hub.com\/fr\/individus\/spiritualite-et-dons\/\" \/>\n<meta property=\"og:site_name\" content=\"Gifted HUB\" \/>\n<meta property=\"article:modified_time\" content=\"2024-11-11T18:48:21+00:00\" \/>\n<meta property=\"og:image\" content=\"https:\/\/gifted-hub.com\/wp-content\/uploads\/2024\/11\/4912485-e1731349078915.jpg\" \/>\n\t<meta property=\"og:image:width\" content=\"720\" \/>\n\t<meta property=\"og:image:height\" content=\"1280\" \/>\n\t<meta property=\"og:image:type\" content=\"image\/jpeg\" \/>\n<meta name=\"twitter:card\" content=\"summary_large_image\" \/>\n<meta name=\"twitter:label1\" content=\"Dur\u00e9e de lecture estim\u00e9e\" \/>\n\t<meta name=\"twitter:data1\" content=\"3 minutes\" \/>\n<script type=\"application\/ld+json\" class=\"yoast-schema-graph\">{\"@context\":\"https:\\\/\\\/schema.org\",\"@graph\":[{\"@type\":\"WebPage\",\"@id\":\"https:\\\/\\\/gifted-hub.com\\\/fr\\\/individus\\\/spiritualite-et-dons\\\/\",\"url\":\"https:\\\/\\\/gifted-hub.com\\\/fr\\\/individus\\\/spiritualite-et-dons\\\/\",\"name\":\"Spiritualit\u00e9 et dons - Gifted HUB\",\"isPartOf\":{\"@id\":\"https:\\\/\\\/gifted-hub.com\\\/fr\\\/#website\"},\"primaryImageOfPage\":{\"@id\":\"https:\\\/\\\/gifted-hub.com\\\/fr\\\/individus\\\/spiritualite-et-dons\\\/#primaryimage\"},\"image\":{\"@id\":\"https:\\\/\\\/gifted-hub.com\\\/fr\\\/individus\\\/spiritualite-et-dons\\\/#primaryimage\"},\"thumbnailUrl\":\"https:\\\/\\\/gifted-hub.com\\\/wp-content\\\/uploads\\\/2024\\\/11\\\/4912485-e1731349078915.jpg\",\"datePublished\":\"2024-11-11T18:18:23+00:00\",\"dateModified\":\"2024-11-11T18:48:21+00:00\",\"breadcrumb\":{\"@id\":\"https:\\\/\\\/gifted-hub.com\\\/fr\\\/individus\\\/spiritualite-et-dons\\\/#breadcrumb\"},\"inLanguage\":\"fr-FR\",\"potentialAction\":[{\"@type\":\"ReadAction\",\"target\":[\"https:\\\/\\\/gifted-hub.com\\\/fr\\\/individus\\\/spiritualite-et-dons\\\/\"]}]},{\"@type\":\"ImageObject\",\"inLanguage\":\"fr-FR\",\"@id\":\"https:\\\/\\\/gifted-hub.com\\\/fr\\\/individus\\\/spiritualite-et-dons\\\/#primaryimage\",\"url\":\"https:\\\/\\\/gifted-hub.com\\\/wp-content\\\/uploads\\\/2024\\\/11\\\/4912485-e1731349078915.jpg\",\"contentUrl\":\"https:\\\/\\\/gifted-hub.com\\\/wp-content\\\/uploads\\\/2024\\\/11\\\/4912485-e1731349078915.jpg\",\"width\":720,\"height\":1280},{\"@type\":\"BreadcrumbList\",\"@id\":\"https:\\\/\\\/gifted-hub.com\\\/fr\\\/individus\\\/spiritualite-et-dons\\\/#breadcrumb\",\"itemListElement\":[{\"@type\":\"ListItem\",\"position\":1,\"name\":\"Home\",\"item\":\"https:\\\/\\\/gifted-hub.com\\\/fr\\\/accueil\\\/\"},{\"@type\":\"ListItem\",\"position\":2,\"name\":\"Spiritualit\u00e9 et dons\"}]},{\"@type\":\"WebSite\",\"@id\":\"https:\\\/\\\/gifted-hub.com\\\/fr\\\/#website\",\"url\":\"https:\\\/\\\/gifted-hub.com\\\/fr\\\/\",\"name\":\"Gifted HUB\",\"description\":\"Un espace pour les hautes comp\u00e9tences\",\"publisher\":{\"@id\":\"https:\\\/\\\/gifted-hub.com\\\/fr\\\/#organization\"},\"potentialAction\":[{\"@type\":\"SearchAction\",\"target\":{\"@type\":\"EntryPoint\",\"urlTemplate\":\"https:\\\/\\\/gifted-hub.com\\\/fr\\\/?s={search_term_string}\"},\"query-input\":{\"@type\":\"PropertyValueSpecification\",\"valueRequired\":true,\"valueName\":\"search_term_string\"}}],\"inLanguage\":\"fr-FR\"},{\"@type\":\"Organization\",\"@id\":\"https:\\\/\\\/gifted-hub.com\\\/fr\\\/#organization\",\"name\":\"Gifted HUB\",\"url\":\"https:\\\/\\\/gifted-hub.com\\\/fr\\\/\",\"logo\":{\"@type\":\"ImageObject\",\"inLanguage\":\"fr-FR\",\"@id\":\"https:\\\/\\\/gifted-hub.com\\\/fr\\\/#\\\/schema\\\/logo\\\/image\\\/\",\"url\":\"https:\\\/\\\/gifted-hub.com\\\/wp-content\\\/uploads\\\/2024\\\/07\\\/logo-1.svg\",\"contentUrl\":\"https:\\\/\\\/gifted-hub.com\\\/wp-content\\\/uploads\\\/2024\\\/07\\\/logo-1.svg\",\"caption\":\"Gifted HUB\"},\"image\":{\"@id\":\"https:\\\/\\\/gifted-hub.com\\\/fr\\\/#\\\/schema\\\/logo\\\/image\\\/\"}}]}<\/script>\n<!-- \/ Yoast SEO plugin. -->","yoast_head_json":{"title":"Spiritualit\u00e9 et dons - Gifted HUB","robots":{"index":"index","follow":"follow","max-snippet":"max-snippet:-1","max-image-preview":"max-image-preview:large","max-video-preview":"max-video-preview:-1"},"canonical":"https:\/\/gifted-hub.com\/fr\/individus\/spiritualite-et-dons\/","og_locale":"fr_FR","og_type":"article","og_title":"Spiritualit\u00e9 et dons - Gifted HUB","og_description":"La spiritualit\u00e9 est une partie puissante de nos vies, nous connectant avec des valeurs profondes, un but et un sens. Quand nous parlons de spiritualit\u00e9, nous ne faisons pas seulement r\u00e9f\u00e9rence \u00e0 la religion organis\u00e9e. La spiritualit\u00e9 va au-del\u00e0 des rituels et des structures ; c&rsquo;est un voyage personnel de r\u00e9flexion, d&rsquo;exploration et de compr\u00e9hension. [&hellip;]","og_url":"https:\/\/gifted-hub.com\/fr\/individus\/spiritualite-et-dons\/","og_site_name":"Gifted HUB","article_modified_time":"2024-11-11T18:48:21+00:00","og_image":[{"width":720,"height":1280,"url":"https:\/\/gifted-hub.com\/wp-content\/uploads\/2024\/11\/4912485-e1731349078915.jpg","type":"image\/jpeg"}],"twitter_card":"summary_large_image","twitter_misc":{"Dur\u00e9e de lecture estim\u00e9e":"3 minutes"},"schema":{"@context":"https:\/\/schema.org","@graph":[{"@type":"WebPage","@id":"https:\/\/gifted-hub.com\/fr\/individus\/spiritualite-et-dons\/","url":"https:\/\/gifted-hub.com\/fr\/individus\/spiritualite-et-dons\/","name":"Spiritualit\u00e9 et dons - Gifted HUB","isPartOf":{"@id":"https:\/\/gifted-hub.com\/fr\/#website"},"primaryImageOfPage":{"@id":"https:\/\/gifted-hub.com\/fr\/individus\/spiritualite-et-dons\/#primaryimage"},"image":{"@id":"https:\/\/gifted-hub.com\/fr\/individus\/spiritualite-et-dons\/#primaryimage"},"thumbnailUrl":"https:\/\/gifted-hub.com\/wp-content\/uploads\/2024\/11\/4912485-e1731349078915.jpg","datePublished":"2024-11-11T18:18:23+00:00","dateModified":"2024-11-11T18:48:21+00:00","breadcrumb":{"@id":"https:\/\/gifted-hub.com\/fr\/individus\/spiritualite-et-dons\/#breadcrumb"},"inLanguage":"fr-FR","potentialAction":[{"@type":"ReadAction","target":["https:\/\/gifted-hub.com\/fr\/individus\/spiritualite-et-dons\/"]}]},{"@type":"ImageObject","inLanguage":"fr-FR","@id":"https:\/\/gifted-hub.com\/fr\/individus\/spiritualite-et-dons\/#primaryimage","url":"https:\/\/gifted-hub.com\/wp-content\/uploads\/2024\/11\/4912485-e1731349078915.jpg","contentUrl":"https:\/\/gifted-hub.com\/wp-content\/uploads\/2024\/11\/4912485-e1731349078915.jpg","width":720,"height":1280},{"@type":"BreadcrumbList","@id":"https:\/\/gifted-hub.com\/fr\/individus\/spiritualite-et-dons\/#breadcrumb","itemListElement":[{"@type":"ListItem","position":1,"name":"Home","item":"https:\/\/gifted-hub.com\/fr\/accueil\/"},{"@type":"ListItem","position":2,"name":"Spiritualit\u00e9 et dons"}]},{"@type":"WebSite","@id":"https:\/\/gifted-hub.com\/fr\/#website","url":"https:\/\/gifted-hub.com\/fr\/","name":"Gifted HUB","description":"Un espace pour les hautes comp\u00e9tences","publisher":{"@id":"https:\/\/gifted-hub.com\/fr\/#organization"},"potentialAction":[{"@type":"SearchAction","target":{"@type":"EntryPoint","urlTemplate":"https:\/\/gifted-hub.com\/fr\/?s={search_term_string}"},"query-input":{"@type":"PropertyValueSpecification","valueRequired":true,"valueName":"search_term_string"}}],"inLanguage":"fr-FR"},{"@type":"Organization","@id":"https:\/\/gifted-hub.com\/fr\/#organization","name":"Gifted HUB","url":"https:\/\/gifted-hub.com\/fr\/","logo":{"@type":"ImageObject","inLanguage":"fr-FR","@id":"https:\/\/gifted-hub.com\/fr\/#\/schema\/logo\/image\/","url":"https:\/\/gifted-hub.com\/wp-content\/uploads\/2024\/07\/logo-1.svg","contentUrl":"https:\/\/gifted-hub.com\/wp-content\/uploads\/2024\/07\/logo-1.svg","caption":"Gifted HUB"},"image":{"@id":"https:\/\/gifted-hub.com\/fr\/#\/schema\/logo\/image\/"}}]}},"_links":{"self":[{"href":"https:\/\/gifted-hub.com\/fr\/wp-json\/wp\/v2\/pages\/18013","targetHints":{"allow":["GET"]}}],"collection":[{"href":"https:\/\/gifted-hub.com\/fr\/wp-json\/wp\/v2\/pages"}],"about":[{"href":"https:\/\/gifted-hub.com\/fr\/wp-json\/wp\/v2\/types\/page"}],"author":[{"embeddable":true,"href":"https:\/\/gifted-hub.com\/fr\/wp-json\/wp\/v2\/users\/1"}],"replies":[{"embeddable":true,"href":"https:\/\/gifted-hub.com\/fr\/wp-json\/wp\/v2\/comments?post=18013"}],"version-history":[{"count":1,"href":"https:\/\/gifted-hub.com\/fr\/wp-json\/wp\/v2\/pages\/18013\/revisions"}],"predecessor-version":[{"id":18014,"href":"https:\/\/gifted-hub.com\/fr\/wp-json\/wp\/v2\/pages\/18013\/revisions\/18014"}],"up":[{"embeddable":true,"href":"https:\/\/gifted-hub.com\/fr\/wp-json\/wp\/v2\/pages\/15213"}],"wp:featuredmedia":[{"embeddable":true,"href":"https:\/\/gifted-hub.com\/fr\/wp-json\/wp\/v2\/media\/18003"}],"wp:attachment":[{"href":"https:\/\/gifted-hub.com\/fr\/wp-json\/wp\/v2\/media?parent=18013"}],"wp:term":[{"taxonomy":"group-interest","embeddable":true,"href":"https:\/\/gifted-hub.com\/fr\/wp-json\/wp\/v2\/group-interest?post=18013"}],"curies":[{"name":"wp","href":"https:\/\/api.w.org\/{rel}","templated":true}]}}