{"id":17966,"date":"2024-11-10T22:15:55","date_gmt":"2024-11-10T22:15:55","guid":{"rendered":"https:\/\/gifted-hub.com\/le-role-des-technologies-numeriques-dans-leducation-des-eleves-surdoues\/"},"modified":"2024-11-16T00:58:52","modified_gmt":"2024-11-16T00:58:52","slug":"le-role-des-technologies-numeriques-dans-leducation-des-eleves-surdoues","status":"publish","type":"page","link":"https:\/\/gifted-hub.com\/fr\/enseignants\/le-role-des-technologies-numeriques-dans-leducation-des-eleves-surdoues\/","title":{"rendered":"Le r\u00f4le des technologies num\u00e9riques dans l&rsquo;\u00e9ducation des \u00e9l\u00e8ves surdou\u00e9s"},"content":{"rendered":"\n<p>Dans le monde en constante \u00e9volution d&rsquo;aujourd&rsquo;hui, le r\u00f4le de la technologie dans l&rsquo;\u00e9ducation est devenu non seulement utile mais essentiel, en particulier pour r\u00e9pondre aux besoins des \u00e9l\u00e8ves surdou\u00e9s. Ces enfants ont souvent besoin de plus de stimulation et de d\u00e9fis au-del\u00e0 de ce qui est fourni dans une salle de classe conventionnelle. L&rsquo;int\u00e9gration des technologies de l&rsquo;information et de la communication (TIC) dans leur apprentissage peut \u00eatre extr\u00eamement b\u00e9n\u00e9fique, les aidant \u00e0 explorer plus profond\u00e9ment leurs talents et leurs capacit\u00e9s.  <\/p>\n\n<p>Les \u00e9l\u00e8ves surdou\u00e9s se caract\u00e9risent par leur curiosit\u00e9, leur imagination et leur capacit\u00e9 \u00e0 apprendre plus rapidement que leurs pairs. Cependant, malgr\u00e9 leur haut potentiel, ils rencontrent souvent des d\u00e9fis dans les environnements \u00e9ducatifs traditionnels, tels qu&rsquo;un <a href=\"https:\/\/gifted-hub.com\/fr\/enseignants\/aborder-la-sous-performance-chez-les-eleves-a-haut-potentiel\/\" data-type=\"page\" data-id=\"17707\">manque d&rsquo;engagement ou m\u00eame de l&rsquo;ennui<\/a>. L&rsquo;utilisation des technologies num\u00e9riques peut combler efficacement cette lacune. Les outils TIC, y compris les ordinateurs portables, les tablettes et diverses applications d&rsquo;apprentissage, peuvent offrir un environnement plus dynamique et stimulant pour ces apprenants. En leur donnant acc\u00e8s \u00e0 des contenus plus avanc\u00e9s, \u00e0 des exp\u00e9riences virtuelles ou \u00e0 des discussions interactives, la technologie aide ces \u00e9l\u00e8ves \u00e0 rester int\u00e9ress\u00e9s et motiv\u00e9s.    <\/p>\n\n<p>Une approche prometteuse est l&rsquo;apprentissage mobile, qui permet aux \u00e9l\u00e8ves d&rsquo;apprendre \u00e0 leur propre rythme, \u00e0 tout moment et en tout lieu. Avec l&rsquo;utilisation de smartphones ou de tablettes, les \u00e9l\u00e8ves surdou\u00e9s peuvent facilement acc\u00e9der \u00e0 des mat\u00e9riaux \u00e9ducatifs au-del\u00e0 de la salle de classe, ce qui encourage l&rsquo;apprentissage continu et la libert\u00e9 de poursuivre des sujets qui les int\u00e9ressent profond\u00e9ment. Une telle flexibilit\u00e9 est particuli\u00e8rement importante pour ces \u00e9l\u00e8ves, qui peuvent avoir une gamme diversifi\u00e9e d&rsquo;int\u00e9r\u00eats et b\u00e9n\u00e9ficier de parcours d&rsquo;apprentissage individualis\u00e9s.  <\/p>\n\n<p>La classe num\u00e9rique offre \u00e9galement un nouvel horizon pour l&rsquo;apprentissage. Contrairement \u00e0 la configuration traditionnelle, une classe num\u00e9rique supprime les fronti\u00e8res physiques, offrant des opportunit\u00e9s de collaboration, de r\u00e9solution de probl\u00e8mes interactifs et d&rsquo;acc\u00e8s \u00e0 la connaissance mondiale. Les \u00e9l\u00e8ves surdou\u00e9s peuvent s&rsquo;engager dans un spectre beaucoup plus large de sujets et interagir avec des pairs qui partagent leur curiosit\u00e9 intellectuelle, peu importe o\u00f9 ils se trouvent. Cette connectivit\u00e9 mondiale leur permet de trouver des \u00ab\u00a0esprits similaires\u00a0\u00bb, favorisant \u00e0 la fois la croissance acad\u00e9mique et la connexion sociale, ce qui est parfois difficile pour les enfants surdou\u00e9s dans les environnements scolaires r\u00e9guliers.   <\/p>\n\n<p>Les forums de discussion en ligne et les communaut\u00e9s num\u00e9riques sont un autre excellent moyen pour les \u00e9l\u00e8ves surdou\u00e9s d&rsquo;interagir, de partager leurs pens\u00e9es et de collaborer sur divers sujets d&rsquo;int\u00e9r\u00eat. Ces plateformes offrent un espace o\u00f9 les apprenants surdou\u00e9s peuvent explorer des concepts stimulants et d\u00e9velopper leurs comp\u00e9tences en pens\u00e9e critique et en r\u00e9solution de probl\u00e8mes dans un cadre collaboratif. Gr\u00e2ce \u00e0 de telles interactions, ils peuvent \u00e9galement am\u00e9liorer leurs <a href=\"https:\/\/gifted-hub.com\/fr\/famille\/nos-enfants-et-leurs-competences-sociales\/\" data-type=\"page\" data-id=\"15279\">comp\u00e9tences en communication et \u00e9tablir des connexions sociales<\/a>, les aidant \u00e0 se sentir plus int\u00e9gr\u00e9s et engag\u00e9s.  <\/p>\n\n<p>L&rsquo;int\u00e9gration des TIC dans l&rsquo;\u00e9ducation des \u00e9l\u00e8ves surdou\u00e9s ne concerne pas seulement l&rsquo;acc\u00e8s \u00e0 l&rsquo;information, mais aussi la transformation de la mani\u00e8re dont ces \u00e9l\u00e8ves interagissent avec les connaissances. En utilisant des techniques comme la narration num\u00e9rique, les simulations interactives et les projets cr\u00e9atifs, la technologie peut aider ces apprenants \u00e0 s&rsquo;exprimer plus efficacement et \u00e0 explorer les sujets en profondeur. Ces outils leur permettent d&rsquo;utiliser leur cr\u00e9ativit\u00e9 et leurs capacit\u00e9s de r\u00e9solution de probl\u00e8mes de mani\u00e8re significative, rendant le processus d&rsquo;apprentissage \u00e0 la fois agr\u00e9able et enrichissant.  <\/p>\n\n<p>De plus, il est crucial de reconna\u00eetre que certains \u00e9l\u00e8ves surdou\u00e9s ont des capacit\u00e9s exceptionnelles en technologie elle-m\u00eame. Ces \u00e9l\u00e8ves doivent \u00eatre nourris \u00e0 travers des projets et des programmes TIC sp\u00e9cialis\u00e9s, leur permettant d&rsquo;affiner leurs talents dans des domaines comme la programmation, le design et la robotique. La technologie ne soutient pas seulement leur apprentissage, mais sert \u00e9galement de moyen par lequel ils peuvent innover, cr\u00e9er et explorer leur plein potentiel.  <\/p>\n\n<p>En conclusion,<strong> les technologies num\u00e9riques offrent une opportunit\u00e9 in\u00e9gal\u00e9e de transformer l&rsquo;exp\u00e9rience d&rsquo;apprentissage des \u00e9l\u00e8ves surdou\u00e9s<\/strong>. En rendant l&rsquo;\u00e9ducation plus personnalis\u00e9e, flexible et engageante, les TIC peuvent aider ces jeunes apprenants \u00e0 atteindre leur plein potentiel, en veillant \u00e0 ce qu&rsquo;ils ne se sentent pas marginalis\u00e9s ou ennuy\u00e9s, mais plut\u00f4t habilit\u00e9s, stimul\u00e9s et pr\u00eats \u00e0 affronter le monde. <\/p>\n","protected":false},"excerpt":{"rendered":"<p>Dans le monde en constante \u00e9volution d&rsquo;aujourd&rsquo;hui, le r\u00f4le de la technologie dans l&rsquo;\u00e9ducation est devenu non seulement utile mais essentiel, en particulier pour r\u00e9pondre aux besoins des \u00e9l\u00e8ves surdou\u00e9s. Ces enfants ont souvent besoin de plus de stimulation et de d\u00e9fis au-del\u00e0 de ce qui est fourni dans une salle de classe conventionnelle. L&rsquo;int\u00e9gration [&hellip;]<\/p>\n","protected":false},"author":1,"featured_media":17947,"parent":15625,"menu_order":0,"comment_status":"closed","ping_status":"closed","template":"","meta":{"_acf_changed":false,"inline_featured_image":false,"footnotes":""},"group-interest":[],"class_list":["post-17966","page","type-page","status-publish","has-post-thumbnail","hentry"],"acf":[],"yoast_head":"<!-- This site is optimized with the Yoast SEO plugin v27.4 - https:\/\/yoast.com\/product\/yoast-seo-wordpress\/ -->\n<title>Le r\u00f4le des technologies num\u00e9riques dans l&#039;\u00e9ducation des \u00e9l\u00e8ves surdou\u00e9s - Gifted HUB<\/title>\n<meta name=\"robots\" content=\"index, follow, max-snippet:-1, max-image-preview:large, max-video-preview:-1\" \/>\n<link rel=\"canonical\" href=\"https:\/\/gifted-hub.com\/fr\/enseignants\/le-role-des-technologies-numeriques-dans-leducation-des-eleves-surdoues\/\" \/>\n<meta property=\"og:locale\" content=\"fr_FR\" \/>\n<meta property=\"og:type\" content=\"article\" \/>\n<meta property=\"og:title\" content=\"Le r\u00f4le des technologies num\u00e9riques dans l&#039;\u00e9ducation des \u00e9l\u00e8ves surdou\u00e9s - Gifted HUB\" \/>\n<meta property=\"og:description\" content=\"Dans le monde en constante \u00e9volution d&rsquo;aujourd&rsquo;hui, le r\u00f4le de la technologie dans l&rsquo;\u00e9ducation est devenu non seulement utile mais essentiel, en particulier pour r\u00e9pondre aux besoins des \u00e9l\u00e8ves surdou\u00e9s. Ces enfants ont souvent besoin de plus de stimulation et de d\u00e9fis au-del\u00e0 de ce qui est fourni dans une salle de classe conventionnelle. L&rsquo;int\u00e9gration [&hellip;]\" \/>\n<meta property=\"og:url\" content=\"https:\/\/gifted-hub.com\/fr\/enseignants\/le-role-des-technologies-numeriques-dans-leducation-des-eleves-surdoues\/\" \/>\n<meta property=\"og:site_name\" content=\"Gifted HUB\" \/>\n<meta property=\"article:modified_time\" content=\"2024-11-16T00:58:52+00:00\" \/>\n<meta property=\"og:image\" content=\"https:\/\/gifted-hub.com\/wp-content\/uploads\/2024\/11\/02jrb0gop30.jpg\" \/>\n\t<meta property=\"og:image:width\" content=\"1600\" \/>\n\t<meta property=\"og:image:height\" content=\"1065\" \/>\n\t<meta property=\"og:image:type\" content=\"image\/jpeg\" \/>\n<meta name=\"twitter:card\" content=\"summary_large_image\" \/>\n<meta name=\"twitter:label1\" content=\"Dur\u00e9e de lecture estim\u00e9e\" \/>\n\t<meta name=\"twitter:data1\" content=\"4 minutes\" \/>\n<script type=\"application\/ld+json\" class=\"yoast-schema-graph\">{\"@context\":\"https:\\\/\\\/schema.org\",\"@graph\":[{\"@type\":\"WebPage\",\"@id\":\"https:\\\/\\\/gifted-hub.com\\\/fr\\\/enseignants\\\/le-role-des-technologies-numeriques-dans-leducation-des-eleves-surdoues\\\/\",\"url\":\"https:\\\/\\\/gifted-hub.com\\\/fr\\\/enseignants\\\/le-role-des-technologies-numeriques-dans-leducation-des-eleves-surdoues\\\/\",\"name\":\"Le r\u00f4le des technologies num\u00e9riques dans l'\u00e9ducation des \u00e9l\u00e8ves surdou\u00e9s - Gifted HUB\",\"isPartOf\":{\"@id\":\"https:\\\/\\\/gifted-hub.com\\\/fr\\\/#website\"},\"primaryImageOfPage\":{\"@id\":\"https:\\\/\\\/gifted-hub.com\\\/fr\\\/enseignants\\\/le-role-des-technologies-numeriques-dans-leducation-des-eleves-surdoues\\\/#primaryimage\"},\"image\":{\"@id\":\"https:\\\/\\\/gifted-hub.com\\\/fr\\\/enseignants\\\/le-role-des-technologies-numeriques-dans-leducation-des-eleves-surdoues\\\/#primaryimage\"},\"thumbnailUrl\":\"https:\\\/\\\/gifted-hub.com\\\/wp-content\\\/uploads\\\/2024\\\/11\\\/02jrb0gop30.jpg\",\"datePublished\":\"2024-11-10T22:15:55+00:00\",\"dateModified\":\"2024-11-16T00:58:52+00:00\",\"breadcrumb\":{\"@id\":\"https:\\\/\\\/gifted-hub.com\\\/fr\\\/enseignants\\\/le-role-des-technologies-numeriques-dans-leducation-des-eleves-surdoues\\\/#breadcrumb\"},\"inLanguage\":\"fr-FR\",\"potentialAction\":[{\"@type\":\"ReadAction\",\"target\":[\"https:\\\/\\\/gifted-hub.com\\\/fr\\\/enseignants\\\/le-role-des-technologies-numeriques-dans-leducation-des-eleves-surdoues\\\/\"]}]},{\"@type\":\"ImageObject\",\"inLanguage\":\"fr-FR\",\"@id\":\"https:\\\/\\\/gifted-hub.com\\\/fr\\\/enseignants\\\/le-role-des-technologies-numeriques-dans-leducation-des-eleves-surdoues\\\/#primaryimage\",\"url\":\"https:\\\/\\\/gifted-hub.com\\\/wp-content\\\/uploads\\\/2024\\\/11\\\/02jrb0gop30.jpg\",\"contentUrl\":\"https:\\\/\\\/gifted-hub.com\\\/wp-content\\\/uploads\\\/2024\\\/11\\\/02jrb0gop30.jpg\",\"width\":1600,\"height\":1065},{\"@type\":\"BreadcrumbList\",\"@id\":\"https:\\\/\\\/gifted-hub.com\\\/fr\\\/enseignants\\\/le-role-des-technologies-numeriques-dans-leducation-des-eleves-surdoues\\\/#breadcrumb\",\"itemListElement\":[{\"@type\":\"ListItem\",\"position\":1,\"name\":\"Home\",\"item\":\"https:\\\/\\\/gifted-hub.com\\\/fr\\\/accueil\\\/\"},{\"@type\":\"ListItem\",\"position\":2,\"name\":\"Enseignants\",\"item\":\"https:\\\/\\\/gifted-hub.com\\\/fr\\\/enseignants\\\/\"},{\"@type\":\"ListItem\",\"position\":3,\"name\":\"Le r\u00f4le des technologies num\u00e9riques dans l&#8217;\u00e9ducation des \u00e9l\u00e8ves surdou\u00e9s\"}]},{\"@type\":\"WebSite\",\"@id\":\"https:\\\/\\\/gifted-hub.com\\\/fr\\\/#website\",\"url\":\"https:\\\/\\\/gifted-hub.com\\\/fr\\\/\",\"name\":\"Gifted HUB\",\"description\":\"Un espace pour les hautes comp\u00e9tences\",\"publisher\":{\"@id\":\"https:\\\/\\\/gifted-hub.com\\\/fr\\\/#organization\"},\"potentialAction\":[{\"@type\":\"SearchAction\",\"target\":{\"@type\":\"EntryPoint\",\"urlTemplate\":\"https:\\\/\\\/gifted-hub.com\\\/fr\\\/?s={search_term_string}\"},\"query-input\":{\"@type\":\"PropertyValueSpecification\",\"valueRequired\":true,\"valueName\":\"search_term_string\"}}],\"inLanguage\":\"fr-FR\"},{\"@type\":\"Organization\",\"@id\":\"https:\\\/\\\/gifted-hub.com\\\/fr\\\/#organization\",\"name\":\"Gifted HUB\",\"url\":\"https:\\\/\\\/gifted-hub.com\\\/fr\\\/\",\"logo\":{\"@type\":\"ImageObject\",\"inLanguage\":\"fr-FR\",\"@id\":\"https:\\\/\\\/gifted-hub.com\\\/fr\\\/#\\\/schema\\\/logo\\\/image\\\/\",\"url\":\"https:\\\/\\\/gifted-hub.com\\\/wp-content\\\/uploads\\\/2024\\\/07\\\/logo-1.svg\",\"contentUrl\":\"https:\\\/\\\/gifted-hub.com\\\/wp-content\\\/uploads\\\/2024\\\/07\\\/logo-1.svg\",\"caption\":\"Gifted HUB\"},\"image\":{\"@id\":\"https:\\\/\\\/gifted-hub.com\\\/fr\\\/#\\\/schema\\\/logo\\\/image\\\/\"}}]}<\/script>\n<!-- \/ Yoast SEO plugin. -->","yoast_head_json":{"title":"Le r\u00f4le des technologies num\u00e9riques dans l'\u00e9ducation des \u00e9l\u00e8ves surdou\u00e9s - Gifted HUB","robots":{"index":"index","follow":"follow","max-snippet":"max-snippet:-1","max-image-preview":"max-image-preview:large","max-video-preview":"max-video-preview:-1"},"canonical":"https:\/\/gifted-hub.com\/fr\/enseignants\/le-role-des-technologies-numeriques-dans-leducation-des-eleves-surdoues\/","og_locale":"fr_FR","og_type":"article","og_title":"Le r\u00f4le des technologies num\u00e9riques dans l'\u00e9ducation des \u00e9l\u00e8ves surdou\u00e9s - Gifted HUB","og_description":"Dans le monde en constante \u00e9volution d&rsquo;aujourd&rsquo;hui, le r\u00f4le de la technologie dans l&rsquo;\u00e9ducation est devenu non seulement utile mais essentiel, en particulier pour r\u00e9pondre aux besoins des \u00e9l\u00e8ves surdou\u00e9s. Ces enfants ont souvent besoin de plus de stimulation et de d\u00e9fis au-del\u00e0 de ce qui est fourni dans une salle de classe conventionnelle. L&rsquo;int\u00e9gration [&hellip;]","og_url":"https:\/\/gifted-hub.com\/fr\/enseignants\/le-role-des-technologies-numeriques-dans-leducation-des-eleves-surdoues\/","og_site_name":"Gifted HUB","article_modified_time":"2024-11-16T00:58:52+00:00","og_image":[{"width":1600,"height":1065,"url":"https:\/\/gifted-hub.com\/wp-content\/uploads\/2024\/11\/02jrb0gop30.jpg","type":"image\/jpeg"}],"twitter_card":"summary_large_image","twitter_misc":{"Dur\u00e9e de lecture estim\u00e9e":"4 minutes"},"schema":{"@context":"https:\/\/schema.org","@graph":[{"@type":"WebPage","@id":"https:\/\/gifted-hub.com\/fr\/enseignants\/le-role-des-technologies-numeriques-dans-leducation-des-eleves-surdoues\/","url":"https:\/\/gifted-hub.com\/fr\/enseignants\/le-role-des-technologies-numeriques-dans-leducation-des-eleves-surdoues\/","name":"Le r\u00f4le des technologies num\u00e9riques dans l'\u00e9ducation des \u00e9l\u00e8ves surdou\u00e9s - Gifted HUB","isPartOf":{"@id":"https:\/\/gifted-hub.com\/fr\/#website"},"primaryImageOfPage":{"@id":"https:\/\/gifted-hub.com\/fr\/enseignants\/le-role-des-technologies-numeriques-dans-leducation-des-eleves-surdoues\/#primaryimage"},"image":{"@id":"https:\/\/gifted-hub.com\/fr\/enseignants\/le-role-des-technologies-numeriques-dans-leducation-des-eleves-surdoues\/#primaryimage"},"thumbnailUrl":"https:\/\/gifted-hub.com\/wp-content\/uploads\/2024\/11\/02jrb0gop30.jpg","datePublished":"2024-11-10T22:15:55+00:00","dateModified":"2024-11-16T00:58:52+00:00","breadcrumb":{"@id":"https:\/\/gifted-hub.com\/fr\/enseignants\/le-role-des-technologies-numeriques-dans-leducation-des-eleves-surdoues\/#breadcrumb"},"inLanguage":"fr-FR","potentialAction":[{"@type":"ReadAction","target":["https:\/\/gifted-hub.com\/fr\/enseignants\/le-role-des-technologies-numeriques-dans-leducation-des-eleves-surdoues\/"]}]},{"@type":"ImageObject","inLanguage":"fr-FR","@id":"https:\/\/gifted-hub.com\/fr\/enseignants\/le-role-des-technologies-numeriques-dans-leducation-des-eleves-surdoues\/#primaryimage","url":"https:\/\/gifted-hub.com\/wp-content\/uploads\/2024\/11\/02jrb0gop30.jpg","contentUrl":"https:\/\/gifted-hub.com\/wp-content\/uploads\/2024\/11\/02jrb0gop30.jpg","width":1600,"height":1065},{"@type":"BreadcrumbList","@id":"https:\/\/gifted-hub.com\/fr\/enseignants\/le-role-des-technologies-numeriques-dans-leducation-des-eleves-surdoues\/#breadcrumb","itemListElement":[{"@type":"ListItem","position":1,"name":"Home","item":"https:\/\/gifted-hub.com\/fr\/accueil\/"},{"@type":"ListItem","position":2,"name":"Enseignants","item":"https:\/\/gifted-hub.com\/fr\/enseignants\/"},{"@type":"ListItem","position":3,"name":"Le r\u00f4le des technologies num\u00e9riques dans l&#8217;\u00e9ducation des \u00e9l\u00e8ves surdou\u00e9s"}]},{"@type":"WebSite","@id":"https:\/\/gifted-hub.com\/fr\/#website","url":"https:\/\/gifted-hub.com\/fr\/","name":"Gifted HUB","description":"Un espace pour les hautes comp\u00e9tences","publisher":{"@id":"https:\/\/gifted-hub.com\/fr\/#organization"},"potentialAction":[{"@type":"SearchAction","target":{"@type":"EntryPoint","urlTemplate":"https:\/\/gifted-hub.com\/fr\/?s={search_term_string}"},"query-input":{"@type":"PropertyValueSpecification","valueRequired":true,"valueName":"search_term_string"}}],"inLanguage":"fr-FR"},{"@type":"Organization","@id":"https:\/\/gifted-hub.com\/fr\/#organization","name":"Gifted HUB","url":"https:\/\/gifted-hub.com\/fr\/","logo":{"@type":"ImageObject","inLanguage":"fr-FR","@id":"https:\/\/gifted-hub.com\/fr\/#\/schema\/logo\/image\/","url":"https:\/\/gifted-hub.com\/wp-content\/uploads\/2024\/07\/logo-1.svg","contentUrl":"https:\/\/gifted-hub.com\/wp-content\/uploads\/2024\/07\/logo-1.svg","caption":"Gifted HUB"},"image":{"@id":"https:\/\/gifted-hub.com\/fr\/#\/schema\/logo\/image\/"}}]}},"_links":{"self":[{"href":"https:\/\/gifted-hub.com\/fr\/wp-json\/wp\/v2\/pages\/17966","targetHints":{"allow":["GET"]}}],"collection":[{"href":"https:\/\/gifted-hub.com\/fr\/wp-json\/wp\/v2\/pages"}],"about":[{"href":"https:\/\/gifted-hub.com\/fr\/wp-json\/wp\/v2\/types\/page"}],"author":[{"embeddable":true,"href":"https:\/\/gifted-hub.com\/fr\/wp-json\/wp\/v2\/users\/1"}],"replies":[{"embeddable":true,"href":"https:\/\/gifted-hub.com\/fr\/wp-json\/wp\/v2\/comments?post=17966"}],"version-history":[{"count":3,"href":"https:\/\/gifted-hub.com\/fr\/wp-json\/wp\/v2\/pages\/17966\/revisions"}],"predecessor-version":[{"id":18194,"href":"https:\/\/gifted-hub.com\/fr\/wp-json\/wp\/v2\/pages\/17966\/revisions\/18194"}],"up":[{"embeddable":true,"href":"https:\/\/gifted-hub.com\/fr\/wp-json\/wp\/v2\/pages\/15625"}],"wp:featuredmedia":[{"embeddable":true,"href":"https:\/\/gifted-hub.com\/fr\/wp-json\/wp\/v2\/media\/17947"}],"wp:attachment":[{"href":"https:\/\/gifted-hub.com\/fr\/wp-json\/wp\/v2\/media?parent=17966"}],"wp:term":[{"taxonomy":"group-interest","embeddable":true,"href":"https:\/\/gifted-hub.com\/fr\/wp-json\/wp\/v2\/group-interest?post=17966"}],"curies":[{"name":"wp","href":"https:\/\/api.w.org\/{rel}","templated":true}]}}