{"id":17802,"date":"2024-11-09T22:48:23","date_gmt":"2024-11-09T22:48:23","guid":{"rendered":"https:\/\/gifted-hub.com\/enseignants\/le-harcelement-et-les-eleves-doues\/"},"modified":"2024-11-09T23:00:15","modified_gmt":"2024-11-09T23:00:15","slug":"le-harcelement-et-les-eleves-doues","status":"publish","type":"page","link":"https:\/\/gifted-hub.com\/fr\/enseignants\/le-harcelement-et-les-eleves-doues\/","title":{"rendered":"Le harc\u00e8lement et les \u00e9l\u00e8ves dou\u00e9s"},"content":{"rendered":"\n<p>Le harc\u00e8lement est un probl\u00e8me complexe qui touche particuli\u00e8rement les \u00e9l\u00e8ves ayant des capacit\u00e9s \u00e9lev\u00e9es. Ce groupe, souvent consid\u00e9r\u00e9 comme diff\u00e9rent en raison de ses comp\u00e9tences intellectuelles, est confront\u00e9 non seulement \u00e0 des difficult\u00e9s scolaires, mais aussi \u00e0 des difficult\u00e9s sociales et \u00e9motionnelles. Le harc\u00e8lement scolaire \u00e0 l&rsquo;encontre de ces \u00e9l\u00e8ves peut se manifester sous des formes physiques et psychologiques, et il n&rsquo;est pas rare qu&rsquo;ils soient \u00e9galement victimes de cyberharc\u00e8lement. Ces \u00e9l\u00e8ves se distinguent souvent par leur capacit\u00e9 de raisonnement, leur m\u00e9moire et leur cr\u00e9ativit\u00e9, des qualit\u00e9s qui, malheureusement, font parfois d&rsquo;eux une cible en raison de leur diff\u00e9rence par rapport au reste du groupe.   <\/p>\n\n<p>Diverses \u00e9tudes ont mis en \u00e9vidence le fait que les \u00e9l\u00e8ves ayant de hautes capacit\u00e9s intellectuelles (HIA) ont tendance \u00e0 \u00eatre plus vuln\u00e9rables au harc\u00e8lement scolaire. D&rsquo;une part, ces capacit\u00e9s \u00e9lev\u00e9es les distinguent, ce qui peut susciter l&rsquo;envie ou le malaise parmi leurs pairs. D&rsquo;autre part, certaines caract\u00e9ristiques communes, comme un perfectionnisme accru, une sensibilit\u00e9 et une forte conscience morale, peuvent contribuer \u00e0 les rendre plus vuln\u00e9rables aux brimades. Le manque de compr\u00e9hension de leurs besoins et de leurs diff\u00e9rences, tant de la part des enseignants que des \u00e9l\u00e8ves, exacerbe la situation, laissant ces \u00e9l\u00e8ves dans une position de plus grande vuln\u00e9rabilit\u00e9.   <\/p>\n\n<p>L&rsquo;impact des brimades sur ces \u00e9l\u00e8ves est profond. Il n&rsquo;affecte pas seulement leurs r\u00e9sultats scolaires, mais a \u00e9galement des r\u00e9percussions sur leur bien-\u00eatre \u00e9motionnel et leur sant\u00e9 mentale. Les \u00e9l\u00e8ves EIS qui subissent des brimades souffrent souvent de niveaux accrus d&rsquo;anxi\u00e9t\u00e9, de <a href=\"https:\/\/gifted-hub.com\/fr\/individus\/la-depression-chez-les-adolescents-surdoues-comprendre-les-defis\/\" data-type=\"page\" data-id=\"15546\">d\u00e9pression<\/a> et de stress, ainsi que d&rsquo;une faible estime de soi. Ces effets n\u00e9gatifs peuvent persister dans le temps, entravant leur capacit\u00e9 d&rsquo;adaptation \u00e0 l&rsquo;environnement scolaire et leur d\u00e9veloppement social et \u00e9motionnel. En outre, l&rsquo;exp\u00e9rience des brimades peut rendre difficile l&rsquo;\u00e9tablissement de relations significatives, car ils se sentent souvent incompris ou non accept\u00e9s par leurs pairs.    <\/p>\n\n<p>Pour toutes ces raisons, il est essentiel de promouvoir la sensibilisation \u00e0 la diversit\u00e9 dans les \u00e9coles, en cr\u00e9ant un environnement inclusif o\u00f9 tous les \u00e9l\u00e8ves, quelles que soient leurs capacit\u00e9s, se sentent valoris\u00e9s et en s\u00e9curit\u00e9. La d\u00e9tection pr\u00e9coce de ces ph\u00e9nom\u00e8nes et la mise en \u0153uvre de programmes pr\u00e9ventifs peuvent contribuer \u00e0 att\u00e9nuer les effets des brimades, en favorisant non seulement le bien-\u00eatre des \u00e9l\u00e8ves EIS, mais aussi leur d\u00e9veloppement global dans tous les aspects de la vie. <\/p>\n\n<p><\/p>\n","protected":false},"excerpt":{"rendered":"<p>Le harc\u00e8lement est un probl\u00e8me complexe qui touche particuli\u00e8rement les \u00e9l\u00e8ves ayant des capacit\u00e9s \u00e9lev\u00e9es. Ce groupe, souvent consid\u00e9r\u00e9 comme diff\u00e9rent en raison de ses comp\u00e9tences intellectuelles, est confront\u00e9 non seulement \u00e0 des difficult\u00e9s scolaires, mais aussi \u00e0 des difficult\u00e9s sociales et \u00e9motionnelles. Le harc\u00e8lement scolaire \u00e0 l&rsquo;encontre de ces \u00e9l\u00e8ves peut se manifester sous [&hellip;]<\/p>\n","protected":false},"author":1,"featured_media":17768,"parent":15625,"menu_order":0,"comment_status":"closed","ping_status":"closed","template":"","meta":{"_acf_changed":false,"inline_featured_image":false,"footnotes":""},"group-interest":[],"class_list":["post-17802","page","type-page","status-publish","has-post-thumbnail","hentry"],"acf":[],"yoast_head":"<!-- This site is optimized with the Yoast SEO plugin v27.4 - https:\/\/yoast.com\/product\/yoast-seo-wordpress\/ -->\n<title>Le harc\u00e8lement et les \u00e9l\u00e8ves dou\u00e9s - Gifted HUB<\/title>\n<meta name=\"robots\" content=\"index, follow, max-snippet:-1, max-image-preview:large, max-video-preview:-1\" \/>\n<link rel=\"canonical\" href=\"https:\/\/gifted-hub.com\/fr\/enseignants\/le-harcelement-et-les-eleves-doues\/\" \/>\n<meta property=\"og:locale\" content=\"fr_FR\" \/>\n<meta property=\"og:type\" content=\"article\" \/>\n<meta property=\"og:title\" content=\"Le harc\u00e8lement et les \u00e9l\u00e8ves dou\u00e9s - Gifted HUB\" \/>\n<meta property=\"og:description\" content=\"Le harc\u00e8lement est un probl\u00e8me complexe qui touche particuli\u00e8rement les \u00e9l\u00e8ves ayant des capacit\u00e9s \u00e9lev\u00e9es. Ce groupe, souvent consid\u00e9r\u00e9 comme diff\u00e9rent en raison de ses comp\u00e9tences intellectuelles, est confront\u00e9 non seulement \u00e0 des difficult\u00e9s scolaires, mais aussi \u00e0 des difficult\u00e9s sociales et \u00e9motionnelles. Le harc\u00e8lement scolaire \u00e0 l&rsquo;encontre de ces \u00e9l\u00e8ves peut se manifester sous [&hellip;]\" \/>\n<meta property=\"og:url\" content=\"https:\/\/gifted-hub.com\/fr\/enseignants\/le-harcelement-et-les-eleves-doues\/\" \/>\n<meta property=\"og:site_name\" content=\"Gifted HUB\" \/>\n<meta property=\"article:modified_time\" content=\"2024-11-09T23:00:15+00:00\" \/>\n<meta property=\"og:image\" content=\"https:\/\/gifted-hub.com\/wp-content\/uploads\/2024\/11\/7640730-e1731192474581.jpg\" \/>\n\t<meta property=\"og:image:width\" content=\"800\" \/>\n\t<meta property=\"og:image:height\" content=\"1200\" \/>\n\t<meta property=\"og:image:type\" content=\"image\/jpeg\" \/>\n<meta name=\"twitter:card\" content=\"summary_large_image\" \/>\n<meta name=\"twitter:label1\" content=\"Dur\u00e9e de lecture estim\u00e9e\" \/>\n\t<meta name=\"twitter:data1\" content=\"2 minutes\" \/>\n<script type=\"application\/ld+json\" class=\"yoast-schema-graph\">{\"@context\":\"https:\\\/\\\/schema.org\",\"@graph\":[{\"@type\":\"WebPage\",\"@id\":\"https:\\\/\\\/gifted-hub.com\\\/fr\\\/enseignants\\\/le-harcelement-et-les-eleves-doues\\\/\",\"url\":\"https:\\\/\\\/gifted-hub.com\\\/fr\\\/enseignants\\\/le-harcelement-et-les-eleves-doues\\\/\",\"name\":\"Le harc\u00e8lement et les \u00e9l\u00e8ves dou\u00e9s - Gifted HUB\",\"isPartOf\":{\"@id\":\"https:\\\/\\\/gifted-hub.com\\\/fr\\\/#website\"},\"primaryImageOfPage\":{\"@id\":\"https:\\\/\\\/gifted-hub.com\\\/fr\\\/enseignants\\\/le-harcelement-et-les-eleves-doues\\\/#primaryimage\"},\"image\":{\"@id\":\"https:\\\/\\\/gifted-hub.com\\\/fr\\\/enseignants\\\/le-harcelement-et-les-eleves-doues\\\/#primaryimage\"},\"thumbnailUrl\":\"https:\\\/\\\/gifted-hub.com\\\/wp-content\\\/uploads\\\/2024\\\/11\\\/7640730-e1731192474581.jpg\",\"datePublished\":\"2024-11-09T22:48:23+00:00\",\"dateModified\":\"2024-11-09T23:00:15+00:00\",\"breadcrumb\":{\"@id\":\"https:\\\/\\\/gifted-hub.com\\\/fr\\\/enseignants\\\/le-harcelement-et-les-eleves-doues\\\/#breadcrumb\"},\"inLanguage\":\"fr-FR\",\"potentialAction\":[{\"@type\":\"ReadAction\",\"target\":[\"https:\\\/\\\/gifted-hub.com\\\/fr\\\/enseignants\\\/le-harcelement-et-les-eleves-doues\\\/\"]}]},{\"@type\":\"ImageObject\",\"inLanguage\":\"fr-FR\",\"@id\":\"https:\\\/\\\/gifted-hub.com\\\/fr\\\/enseignants\\\/le-harcelement-et-les-eleves-doues\\\/#primaryimage\",\"url\":\"https:\\\/\\\/gifted-hub.com\\\/wp-content\\\/uploads\\\/2024\\\/11\\\/7640730-e1731192474581.jpg\",\"contentUrl\":\"https:\\\/\\\/gifted-hub.com\\\/wp-content\\\/uploads\\\/2024\\\/11\\\/7640730-e1731192474581.jpg\",\"width\":800,\"height\":1200},{\"@type\":\"BreadcrumbList\",\"@id\":\"https:\\\/\\\/gifted-hub.com\\\/fr\\\/enseignants\\\/le-harcelement-et-les-eleves-doues\\\/#breadcrumb\",\"itemListElement\":[{\"@type\":\"ListItem\",\"position\":1,\"name\":\"Home\",\"item\":\"https:\\\/\\\/gifted-hub.com\\\/fr\\\/accueil\\\/\"},{\"@type\":\"ListItem\",\"position\":2,\"name\":\"Enseignants\",\"item\":\"https:\\\/\\\/gifted-hub.com\\\/fr\\\/enseignants\\\/\"},{\"@type\":\"ListItem\",\"position\":3,\"name\":\"Le harc\u00e8lement et les \u00e9l\u00e8ves dou\u00e9s\"}]},{\"@type\":\"WebSite\",\"@id\":\"https:\\\/\\\/gifted-hub.com\\\/fr\\\/#website\",\"url\":\"https:\\\/\\\/gifted-hub.com\\\/fr\\\/\",\"name\":\"Gifted HUB\",\"description\":\"Un espace pour les hautes comp\u00e9tences\",\"publisher\":{\"@id\":\"https:\\\/\\\/gifted-hub.com\\\/fr\\\/#organization\"},\"potentialAction\":[{\"@type\":\"SearchAction\",\"target\":{\"@type\":\"EntryPoint\",\"urlTemplate\":\"https:\\\/\\\/gifted-hub.com\\\/fr\\\/?s={search_term_string}\"},\"query-input\":{\"@type\":\"PropertyValueSpecification\",\"valueRequired\":true,\"valueName\":\"search_term_string\"}}],\"inLanguage\":\"fr-FR\"},{\"@type\":\"Organization\",\"@id\":\"https:\\\/\\\/gifted-hub.com\\\/fr\\\/#organization\",\"name\":\"Gifted HUB\",\"url\":\"https:\\\/\\\/gifted-hub.com\\\/fr\\\/\",\"logo\":{\"@type\":\"ImageObject\",\"inLanguage\":\"fr-FR\",\"@id\":\"https:\\\/\\\/gifted-hub.com\\\/fr\\\/#\\\/schema\\\/logo\\\/image\\\/\",\"url\":\"https:\\\/\\\/gifted-hub.com\\\/wp-content\\\/uploads\\\/2024\\\/07\\\/logo-1.svg\",\"contentUrl\":\"https:\\\/\\\/gifted-hub.com\\\/wp-content\\\/uploads\\\/2024\\\/07\\\/logo-1.svg\",\"caption\":\"Gifted HUB\"},\"image\":{\"@id\":\"https:\\\/\\\/gifted-hub.com\\\/fr\\\/#\\\/schema\\\/logo\\\/image\\\/\"}}]}<\/script>\n<!-- \/ Yoast SEO plugin. -->","yoast_head_json":{"title":"Le harc\u00e8lement et les \u00e9l\u00e8ves dou\u00e9s - Gifted HUB","robots":{"index":"index","follow":"follow","max-snippet":"max-snippet:-1","max-image-preview":"max-image-preview:large","max-video-preview":"max-video-preview:-1"},"canonical":"https:\/\/gifted-hub.com\/fr\/enseignants\/le-harcelement-et-les-eleves-doues\/","og_locale":"fr_FR","og_type":"article","og_title":"Le harc\u00e8lement et les \u00e9l\u00e8ves dou\u00e9s - Gifted HUB","og_description":"Le harc\u00e8lement est un probl\u00e8me complexe qui touche particuli\u00e8rement les \u00e9l\u00e8ves ayant des capacit\u00e9s \u00e9lev\u00e9es. Ce groupe, souvent consid\u00e9r\u00e9 comme diff\u00e9rent en raison de ses comp\u00e9tences intellectuelles, est confront\u00e9 non seulement \u00e0 des difficult\u00e9s scolaires, mais aussi \u00e0 des difficult\u00e9s sociales et \u00e9motionnelles. Le harc\u00e8lement scolaire \u00e0 l&rsquo;encontre de ces \u00e9l\u00e8ves peut se manifester sous [&hellip;]","og_url":"https:\/\/gifted-hub.com\/fr\/enseignants\/le-harcelement-et-les-eleves-doues\/","og_site_name":"Gifted HUB","article_modified_time":"2024-11-09T23:00:15+00:00","og_image":[{"width":800,"height":1200,"url":"https:\/\/gifted-hub.com\/wp-content\/uploads\/2024\/11\/7640730-e1731192474581.jpg","type":"image\/jpeg"}],"twitter_card":"summary_large_image","twitter_misc":{"Dur\u00e9e de lecture estim\u00e9e":"2 minutes"},"schema":{"@context":"https:\/\/schema.org","@graph":[{"@type":"WebPage","@id":"https:\/\/gifted-hub.com\/fr\/enseignants\/le-harcelement-et-les-eleves-doues\/","url":"https:\/\/gifted-hub.com\/fr\/enseignants\/le-harcelement-et-les-eleves-doues\/","name":"Le harc\u00e8lement et les \u00e9l\u00e8ves dou\u00e9s - Gifted HUB","isPartOf":{"@id":"https:\/\/gifted-hub.com\/fr\/#website"},"primaryImageOfPage":{"@id":"https:\/\/gifted-hub.com\/fr\/enseignants\/le-harcelement-et-les-eleves-doues\/#primaryimage"},"image":{"@id":"https:\/\/gifted-hub.com\/fr\/enseignants\/le-harcelement-et-les-eleves-doues\/#primaryimage"},"thumbnailUrl":"https:\/\/gifted-hub.com\/wp-content\/uploads\/2024\/11\/7640730-e1731192474581.jpg","datePublished":"2024-11-09T22:48:23+00:00","dateModified":"2024-11-09T23:00:15+00:00","breadcrumb":{"@id":"https:\/\/gifted-hub.com\/fr\/enseignants\/le-harcelement-et-les-eleves-doues\/#breadcrumb"},"inLanguage":"fr-FR","potentialAction":[{"@type":"ReadAction","target":["https:\/\/gifted-hub.com\/fr\/enseignants\/le-harcelement-et-les-eleves-doues\/"]}]},{"@type":"ImageObject","inLanguage":"fr-FR","@id":"https:\/\/gifted-hub.com\/fr\/enseignants\/le-harcelement-et-les-eleves-doues\/#primaryimage","url":"https:\/\/gifted-hub.com\/wp-content\/uploads\/2024\/11\/7640730-e1731192474581.jpg","contentUrl":"https:\/\/gifted-hub.com\/wp-content\/uploads\/2024\/11\/7640730-e1731192474581.jpg","width":800,"height":1200},{"@type":"BreadcrumbList","@id":"https:\/\/gifted-hub.com\/fr\/enseignants\/le-harcelement-et-les-eleves-doues\/#breadcrumb","itemListElement":[{"@type":"ListItem","position":1,"name":"Home","item":"https:\/\/gifted-hub.com\/fr\/accueil\/"},{"@type":"ListItem","position":2,"name":"Enseignants","item":"https:\/\/gifted-hub.com\/fr\/enseignants\/"},{"@type":"ListItem","position":3,"name":"Le harc\u00e8lement et les \u00e9l\u00e8ves dou\u00e9s"}]},{"@type":"WebSite","@id":"https:\/\/gifted-hub.com\/fr\/#website","url":"https:\/\/gifted-hub.com\/fr\/","name":"Gifted HUB","description":"Un espace pour les hautes comp\u00e9tences","publisher":{"@id":"https:\/\/gifted-hub.com\/fr\/#organization"},"potentialAction":[{"@type":"SearchAction","target":{"@type":"EntryPoint","urlTemplate":"https:\/\/gifted-hub.com\/fr\/?s={search_term_string}"},"query-input":{"@type":"PropertyValueSpecification","valueRequired":true,"valueName":"search_term_string"}}],"inLanguage":"fr-FR"},{"@type":"Organization","@id":"https:\/\/gifted-hub.com\/fr\/#organization","name":"Gifted HUB","url":"https:\/\/gifted-hub.com\/fr\/","logo":{"@type":"ImageObject","inLanguage":"fr-FR","@id":"https:\/\/gifted-hub.com\/fr\/#\/schema\/logo\/image\/","url":"https:\/\/gifted-hub.com\/wp-content\/uploads\/2024\/07\/logo-1.svg","contentUrl":"https:\/\/gifted-hub.com\/wp-content\/uploads\/2024\/07\/logo-1.svg","caption":"Gifted HUB"},"image":{"@id":"https:\/\/gifted-hub.com\/fr\/#\/schema\/logo\/image\/"}}]}},"_links":{"self":[{"href":"https:\/\/gifted-hub.com\/fr\/wp-json\/wp\/v2\/pages\/17802","targetHints":{"allow":["GET"]}}],"collection":[{"href":"https:\/\/gifted-hub.com\/fr\/wp-json\/wp\/v2\/pages"}],"about":[{"href":"https:\/\/gifted-hub.com\/fr\/wp-json\/wp\/v2\/types\/page"}],"author":[{"embeddable":true,"href":"https:\/\/gifted-hub.com\/fr\/wp-json\/wp\/v2\/users\/1"}],"replies":[{"embeddable":true,"href":"https:\/\/gifted-hub.com\/fr\/wp-json\/wp\/v2\/comments?post=17802"}],"version-history":[{"count":1,"href":"https:\/\/gifted-hub.com\/fr\/wp-json\/wp\/v2\/pages\/17802\/revisions"}],"predecessor-version":[{"id":17803,"href":"https:\/\/gifted-hub.com\/fr\/wp-json\/wp\/v2\/pages\/17802\/revisions\/17803"}],"up":[{"embeddable":true,"href":"https:\/\/gifted-hub.com\/fr\/wp-json\/wp\/v2\/pages\/15625"}],"wp:featuredmedia":[{"embeddable":true,"href":"https:\/\/gifted-hub.com\/fr\/wp-json\/wp\/v2\/media\/17768"}],"wp:attachment":[{"href":"https:\/\/gifted-hub.com\/fr\/wp-json\/wp\/v2\/media?parent=17802"}],"wp:term":[{"taxonomy":"group-interest","embeddable":true,"href":"https:\/\/gifted-hub.com\/fr\/wp-json\/wp\/v2\/group-interest?post=17802"}],"curies":[{"name":"wp","href":"https:\/\/api.w.org\/{rel}","templated":true}]}}