{"id":17745,"date":"2024-11-08T23:17:06","date_gmt":"2024-11-08T23:17:06","guid":{"rendered":"https:\/\/gifted-hub.com\/enseignants\/aborder-la-sous-performance-chez-les-eleves-a-haut-potentiel\/"},"modified":"2024-11-09T22:55:48","modified_gmt":"2024-11-09T22:55:48","slug":"aborder-la-sous-performance-chez-les-eleves-a-haut-potentiel","status":"publish","type":"page","link":"https:\/\/gifted-hub.com\/fr\/enseignants\/aborder-la-sous-performance-chez-les-eleves-a-haut-potentiel\/","title":{"rendered":"Aborder la sous-performance chez les \u00e9l\u00e8ves \u00e0 haut potentiel"},"content":{"rendered":"\n<p>Comprendre l&rsquo;\u00e9chec scolaire chez les enfants surdou\u00e9s est une question complexe qui touche de nombreux \u00e9l\u00e8ves qui, malgr\u00e9 leurs capacit\u00e9s cognitives \u00e9lev\u00e9es, ne parviennent pas \u00e0 s&rsquo;\u00e9panouir dans les environnements scolaires traditionnels. Les recherches sugg\u00e8rent qu&rsquo;entre 9 % et 28 % des \u00e9l\u00e8ves \u00e0 haut potentiel connaissent une sous-performance au cours de leur scolarit\u00e9, avec jusqu&rsquo;\u00e0 50 % potentiellement sous-performants \u00e0 un moment donn\u00e9 de leur parcours acad\u00e9mique. Cela remet en question l&rsquo;hypoth\u00e8se selon laquelle une intelligence \u00e9lev\u00e9e conduit toujours \u00e0 une r\u00e9ussite acad\u00e9mique \u00e9lev\u00e9e.  <\/p>\n\n<p>La sous-performance des \u00e9l\u00e8ves \u00e0 haut potentiel est influenc\u00e9e par une gamme de facteurs internes et externes. Les facteurs internes incluent un manque de motivation, <a href=\"https:\/\/gifted-hub.com\/fr\/professionnels\/la-psychologie-des-jeunes-surdoues\/\" data-type=\"page\" data-id=\"15777\">des troubles \u00e9motionnels<\/a>, le perfectionnisme, une faible estime de soi et des difficult\u00e9s \u00e0 se fixer des objectifs r\u00e9alistes. De nombreux \u00e9l\u00e8ves \u00e0 haut potentiel souffrent \u00e9galement du syndrome de l&rsquo;imposteur, ce qui les am\u00e8ne \u00e0 douter de leurs capacit\u00e9s malgr\u00e9 les preuves de leur comp\u00e9tence. De plus, une sensibilit\u00e9 accrue et des surexcitabilit\u00e9s peuvent rendre la r\u00e9gulation \u00e9motionnelle difficile, contribuant ainsi \u00e0 la sous-performance. Les apprenants surdou\u00e9s ont souvent du mal avec leur perception de l&rsquo;\u00e9cole, se sentant souvent ennuy\u00e9s ou d\u00e9connect\u00e9s du programme scolaire. Les difficult\u00e9s \u00e9motionnelles et sociales jouent \u00e9galement un r\u00f4le crucial, car certains \u00e9l\u00e8ves \u00e0 haut potentiel rencontrent des d\u00e9fis tels que l&rsquo;anxi\u00e9t\u00e9, la d\u00e9pression ou des difficult\u00e9s \u00e0 s&rsquo;int\u00e9grer avec leurs pairs. Les facteurs externes sont des contributeurs tout aussi significatifs. L&rsquo;environnement scolaire, y compris les attitudes des enseignants et des pairs, affecte grandement les \u00e9l\u00e8ves \u00e0 haut potentiel. Un manque d&rsquo;opportunit\u00e9s stimulantes, un d\u00e9calage entre les styles d&rsquo;apprentissage et les m\u00e9thodes d&rsquo;enseignement, ou des relations n\u00e9gatives avec les enseignants peuvent tous contribuer \u00e0 la sous-performance. La dynamique familiale et le statut socio-\u00e9conomique compliquent encore le tableau, car les attentes parentales, l&rsquo;implication et l&rsquo;environnement familial peuvent soit soutenir, soit entraver la r\u00e9ussite d&rsquo;un enfant surdou\u00e9.         <\/p>\n\n<p>Aborder la sous-performance des enfants surdou\u00e9s n\u00e9cessite une approche globale qui prend en compte \u00e0 la fois les facteurs internes et externes qui les affectent. Les \u00e9coles, les familles et les d\u00e9cideurs politiques doivent travailler ensemble pour cr\u00e9er un environnement qui favorise non seulement les capacit\u00e9s intellectuelles des \u00e9l\u00e8ves \u00e0 haut potentiel, mais aussi leur d\u00e9veloppement \u00e9motionnel et social. Les enseignants et les parents doivent reconna\u00eetre qu&rsquo;une intelligence \u00e9lev\u00e9e ne garantit pas le succ\u00e8s, et les enfants surdou\u00e9s ont besoin de soutien et de conseils pour atteindre leur plein potentiel. Les interventions doivent se concentrer sur l&rsquo;am\u00e9lioration de la motivation, la promotion d&rsquo;une image de soi positive et la fourniture de d\u00e9fis appropri\u00e9s dans le programme scolaire. Le soutien \u00e9motionnel est \u00e9galement crucial, car il aide les \u00e9l\u00e8ves \u00e0 haut potentiel \u00e0 d\u00e9velopper leur r\u00e9silience et \u00e0 faire face aux pressions qu&rsquo;ils rencontrent. En adoptant une approche holistique, les \u00e9ducateurs et les parents peuvent aider \u00e0 transformer la sous-performance en succ\u00e8s, en veillant \u00e0 ce que les enfants surdou\u00e9s aient l&rsquo;opportunit\u00e9 de r\u00e9aliser leur potentiel.     <\/p>\n","protected":false},"excerpt":{"rendered":"<p>Comprendre l&rsquo;\u00e9chec scolaire chez les enfants surdou\u00e9s est une question complexe qui touche de nombreux \u00e9l\u00e8ves qui, malgr\u00e9 leurs capacit\u00e9s cognitives \u00e9lev\u00e9es, ne parviennent pas \u00e0 s&rsquo;\u00e9panouir dans les environnements scolaires traditionnels. Les recherches sugg\u00e8rent qu&rsquo;entre 9 % et 28 % des \u00e9l\u00e8ves \u00e0 haut potentiel connaissent une sous-performance au cours de leur scolarit\u00e9, avec [&hellip;]<\/p>\n","protected":false},"author":1,"featured_media":17729,"parent":15625,"menu_order":0,"comment_status":"closed","ping_status":"closed","template":"","meta":{"_acf_changed":false,"inline_featured_image":false,"footnotes":""},"group-interest":[],"class_list":["post-17745","page","type-page","status-publish","has-post-thumbnail","hentry"],"acf":[],"yoast_head":"<!-- This site is optimized with the Yoast SEO plugin v27.4 - https:\/\/yoast.com\/product\/yoast-seo-wordpress\/ -->\n<title>Aborder la sous-performance chez les \u00e9l\u00e8ves \u00e0 haut potentiel - Gifted HUB<\/title>\n<meta name=\"robots\" content=\"index, follow, max-snippet:-1, max-image-preview:large, max-video-preview:-1\" \/>\n<link rel=\"canonical\" href=\"https:\/\/gifted-hub.com\/fr\/enseignants\/aborder-la-sous-performance-chez-les-eleves-a-haut-potentiel\/\" \/>\n<meta property=\"og:locale\" content=\"fr_FR\" \/>\n<meta property=\"og:type\" content=\"article\" \/>\n<meta property=\"og:title\" content=\"Aborder la sous-performance chez les \u00e9l\u00e8ves \u00e0 haut potentiel - Gifted HUB\" \/>\n<meta property=\"og:description\" content=\"Comprendre l&rsquo;\u00e9chec scolaire chez les enfants surdou\u00e9s est une question complexe qui touche de nombreux \u00e9l\u00e8ves qui, malgr\u00e9 leurs capacit\u00e9s cognitives \u00e9lev\u00e9es, ne parviennent pas \u00e0 s&rsquo;\u00e9panouir dans les environnements scolaires traditionnels. Les recherches sugg\u00e8rent qu&rsquo;entre 9 % et 28 % des \u00e9l\u00e8ves \u00e0 haut potentiel connaissent une sous-performance au cours de leur scolarit\u00e9, avec [&hellip;]\" \/>\n<meta property=\"og:url\" content=\"https:\/\/gifted-hub.com\/fr\/enseignants\/aborder-la-sous-performance-chez-les-eleves-a-haut-potentiel\/\" \/>\n<meta property=\"og:site_name\" content=\"Gifted HUB\" \/>\n<meta property=\"article:modified_time\" content=\"2024-11-09T22:55:48+00:00\" \/>\n<meta property=\"og:image\" content=\"https:\/\/gifted-hub.com\/wp-content\/uploads\/2024\/11\/fob-imujlqe-e1731109951244.jpg\" \/>\n\t<meta property=\"og:image:width\" content=\"800\" \/>\n\t<meta property=\"og:image:height\" content=\"1200\" \/>\n\t<meta property=\"og:image:type\" content=\"image\/jpeg\" \/>\n<meta name=\"twitter:card\" content=\"summary_large_image\" \/>\n<meta name=\"twitter:label1\" content=\"Dur\u00e9e de lecture estim\u00e9e\" \/>\n\t<meta name=\"twitter:data1\" content=\"3 minutes\" \/>\n<script type=\"application\/ld+json\" class=\"yoast-schema-graph\">{\"@context\":\"https:\\\/\\\/schema.org\",\"@graph\":[{\"@type\":\"WebPage\",\"@id\":\"https:\\\/\\\/gifted-hub.com\\\/fr\\\/enseignants\\\/aborder-la-sous-performance-chez-les-eleves-a-haut-potentiel\\\/\",\"url\":\"https:\\\/\\\/gifted-hub.com\\\/fr\\\/enseignants\\\/aborder-la-sous-performance-chez-les-eleves-a-haut-potentiel\\\/\",\"name\":\"Aborder la sous-performance chez les \u00e9l\u00e8ves \u00e0 haut potentiel - Gifted HUB\",\"isPartOf\":{\"@id\":\"https:\\\/\\\/gifted-hub.com\\\/fr\\\/#website\"},\"primaryImageOfPage\":{\"@id\":\"https:\\\/\\\/gifted-hub.com\\\/fr\\\/enseignants\\\/aborder-la-sous-performance-chez-les-eleves-a-haut-potentiel\\\/#primaryimage\"},\"image\":{\"@id\":\"https:\\\/\\\/gifted-hub.com\\\/fr\\\/enseignants\\\/aborder-la-sous-performance-chez-les-eleves-a-haut-potentiel\\\/#primaryimage\"},\"thumbnailUrl\":\"https:\\\/\\\/gifted-hub.com\\\/wp-content\\\/uploads\\\/2024\\\/11\\\/fob-imujlqe-e1731109951244.jpg\",\"datePublished\":\"2024-11-08T23:17:06+00:00\",\"dateModified\":\"2024-11-09T22:55:48+00:00\",\"breadcrumb\":{\"@id\":\"https:\\\/\\\/gifted-hub.com\\\/fr\\\/enseignants\\\/aborder-la-sous-performance-chez-les-eleves-a-haut-potentiel\\\/#breadcrumb\"},\"inLanguage\":\"fr-FR\",\"potentialAction\":[{\"@type\":\"ReadAction\",\"target\":[\"https:\\\/\\\/gifted-hub.com\\\/fr\\\/enseignants\\\/aborder-la-sous-performance-chez-les-eleves-a-haut-potentiel\\\/\"]}]},{\"@type\":\"ImageObject\",\"inLanguage\":\"fr-FR\",\"@id\":\"https:\\\/\\\/gifted-hub.com\\\/fr\\\/enseignants\\\/aborder-la-sous-performance-chez-les-eleves-a-haut-potentiel\\\/#primaryimage\",\"url\":\"https:\\\/\\\/gifted-hub.com\\\/wp-content\\\/uploads\\\/2024\\\/11\\\/fob-imujlqe-e1731109951244.jpg\",\"contentUrl\":\"https:\\\/\\\/gifted-hub.com\\\/wp-content\\\/uploads\\\/2024\\\/11\\\/fob-imujlqe-e1731109951244.jpg\",\"width\":800,\"height\":1200},{\"@type\":\"BreadcrumbList\",\"@id\":\"https:\\\/\\\/gifted-hub.com\\\/fr\\\/enseignants\\\/aborder-la-sous-performance-chez-les-eleves-a-haut-potentiel\\\/#breadcrumb\",\"itemListElement\":[{\"@type\":\"ListItem\",\"position\":1,\"name\":\"Home\",\"item\":\"https:\\\/\\\/gifted-hub.com\\\/fr\\\/accueil\\\/\"},{\"@type\":\"ListItem\",\"position\":2,\"name\":\"Enseignants\",\"item\":\"https:\\\/\\\/gifted-hub.com\\\/fr\\\/enseignants\\\/\"},{\"@type\":\"ListItem\",\"position\":3,\"name\":\"Aborder la sous-performance chez les \u00e9l\u00e8ves \u00e0 haut potentiel\"}]},{\"@type\":\"WebSite\",\"@id\":\"https:\\\/\\\/gifted-hub.com\\\/fr\\\/#website\",\"url\":\"https:\\\/\\\/gifted-hub.com\\\/fr\\\/\",\"name\":\"Gifted HUB\",\"description\":\"Un espace pour les hautes comp\u00e9tences\",\"publisher\":{\"@id\":\"https:\\\/\\\/gifted-hub.com\\\/fr\\\/#organization\"},\"potentialAction\":[{\"@type\":\"SearchAction\",\"target\":{\"@type\":\"EntryPoint\",\"urlTemplate\":\"https:\\\/\\\/gifted-hub.com\\\/fr\\\/?s={search_term_string}\"},\"query-input\":{\"@type\":\"PropertyValueSpecification\",\"valueRequired\":true,\"valueName\":\"search_term_string\"}}],\"inLanguage\":\"fr-FR\"},{\"@type\":\"Organization\",\"@id\":\"https:\\\/\\\/gifted-hub.com\\\/fr\\\/#organization\",\"name\":\"Gifted HUB\",\"url\":\"https:\\\/\\\/gifted-hub.com\\\/fr\\\/\",\"logo\":{\"@type\":\"ImageObject\",\"inLanguage\":\"fr-FR\",\"@id\":\"https:\\\/\\\/gifted-hub.com\\\/fr\\\/#\\\/schema\\\/logo\\\/image\\\/\",\"url\":\"https:\\\/\\\/gifted-hub.com\\\/wp-content\\\/uploads\\\/2024\\\/07\\\/logo-1.svg\",\"contentUrl\":\"https:\\\/\\\/gifted-hub.com\\\/wp-content\\\/uploads\\\/2024\\\/07\\\/logo-1.svg\",\"caption\":\"Gifted HUB\"},\"image\":{\"@id\":\"https:\\\/\\\/gifted-hub.com\\\/fr\\\/#\\\/schema\\\/logo\\\/image\\\/\"}}]}<\/script>\n<!-- \/ Yoast SEO plugin. -->","yoast_head_json":{"title":"Aborder la sous-performance chez les \u00e9l\u00e8ves \u00e0 haut potentiel - Gifted HUB","robots":{"index":"index","follow":"follow","max-snippet":"max-snippet:-1","max-image-preview":"max-image-preview:large","max-video-preview":"max-video-preview:-1"},"canonical":"https:\/\/gifted-hub.com\/fr\/enseignants\/aborder-la-sous-performance-chez-les-eleves-a-haut-potentiel\/","og_locale":"fr_FR","og_type":"article","og_title":"Aborder la sous-performance chez les \u00e9l\u00e8ves \u00e0 haut potentiel - Gifted HUB","og_description":"Comprendre l&rsquo;\u00e9chec scolaire chez les enfants surdou\u00e9s est une question complexe qui touche de nombreux \u00e9l\u00e8ves qui, malgr\u00e9 leurs capacit\u00e9s cognitives \u00e9lev\u00e9es, ne parviennent pas \u00e0 s&rsquo;\u00e9panouir dans les environnements scolaires traditionnels. Les recherches sugg\u00e8rent qu&rsquo;entre 9 % et 28 % des \u00e9l\u00e8ves \u00e0 haut potentiel connaissent une sous-performance au cours de leur scolarit\u00e9, avec [&hellip;]","og_url":"https:\/\/gifted-hub.com\/fr\/enseignants\/aborder-la-sous-performance-chez-les-eleves-a-haut-potentiel\/","og_site_name":"Gifted HUB","article_modified_time":"2024-11-09T22:55:48+00:00","og_image":[{"width":800,"height":1200,"url":"https:\/\/gifted-hub.com\/wp-content\/uploads\/2024\/11\/fob-imujlqe-e1731109951244.jpg","type":"image\/jpeg"}],"twitter_card":"summary_large_image","twitter_misc":{"Dur\u00e9e de lecture estim\u00e9e":"3 minutes"},"schema":{"@context":"https:\/\/schema.org","@graph":[{"@type":"WebPage","@id":"https:\/\/gifted-hub.com\/fr\/enseignants\/aborder-la-sous-performance-chez-les-eleves-a-haut-potentiel\/","url":"https:\/\/gifted-hub.com\/fr\/enseignants\/aborder-la-sous-performance-chez-les-eleves-a-haut-potentiel\/","name":"Aborder la sous-performance chez les \u00e9l\u00e8ves \u00e0 haut potentiel - Gifted HUB","isPartOf":{"@id":"https:\/\/gifted-hub.com\/fr\/#website"},"primaryImageOfPage":{"@id":"https:\/\/gifted-hub.com\/fr\/enseignants\/aborder-la-sous-performance-chez-les-eleves-a-haut-potentiel\/#primaryimage"},"image":{"@id":"https:\/\/gifted-hub.com\/fr\/enseignants\/aborder-la-sous-performance-chez-les-eleves-a-haut-potentiel\/#primaryimage"},"thumbnailUrl":"https:\/\/gifted-hub.com\/wp-content\/uploads\/2024\/11\/fob-imujlqe-e1731109951244.jpg","datePublished":"2024-11-08T23:17:06+00:00","dateModified":"2024-11-09T22:55:48+00:00","breadcrumb":{"@id":"https:\/\/gifted-hub.com\/fr\/enseignants\/aborder-la-sous-performance-chez-les-eleves-a-haut-potentiel\/#breadcrumb"},"inLanguage":"fr-FR","potentialAction":[{"@type":"ReadAction","target":["https:\/\/gifted-hub.com\/fr\/enseignants\/aborder-la-sous-performance-chez-les-eleves-a-haut-potentiel\/"]}]},{"@type":"ImageObject","inLanguage":"fr-FR","@id":"https:\/\/gifted-hub.com\/fr\/enseignants\/aborder-la-sous-performance-chez-les-eleves-a-haut-potentiel\/#primaryimage","url":"https:\/\/gifted-hub.com\/wp-content\/uploads\/2024\/11\/fob-imujlqe-e1731109951244.jpg","contentUrl":"https:\/\/gifted-hub.com\/wp-content\/uploads\/2024\/11\/fob-imujlqe-e1731109951244.jpg","width":800,"height":1200},{"@type":"BreadcrumbList","@id":"https:\/\/gifted-hub.com\/fr\/enseignants\/aborder-la-sous-performance-chez-les-eleves-a-haut-potentiel\/#breadcrumb","itemListElement":[{"@type":"ListItem","position":1,"name":"Home","item":"https:\/\/gifted-hub.com\/fr\/accueil\/"},{"@type":"ListItem","position":2,"name":"Enseignants","item":"https:\/\/gifted-hub.com\/fr\/enseignants\/"},{"@type":"ListItem","position":3,"name":"Aborder la sous-performance chez les \u00e9l\u00e8ves \u00e0 haut potentiel"}]},{"@type":"WebSite","@id":"https:\/\/gifted-hub.com\/fr\/#website","url":"https:\/\/gifted-hub.com\/fr\/","name":"Gifted HUB","description":"Un espace pour les hautes comp\u00e9tences","publisher":{"@id":"https:\/\/gifted-hub.com\/fr\/#organization"},"potentialAction":[{"@type":"SearchAction","target":{"@type":"EntryPoint","urlTemplate":"https:\/\/gifted-hub.com\/fr\/?s={search_term_string}"},"query-input":{"@type":"PropertyValueSpecification","valueRequired":true,"valueName":"search_term_string"}}],"inLanguage":"fr-FR"},{"@type":"Organization","@id":"https:\/\/gifted-hub.com\/fr\/#organization","name":"Gifted HUB","url":"https:\/\/gifted-hub.com\/fr\/","logo":{"@type":"ImageObject","inLanguage":"fr-FR","@id":"https:\/\/gifted-hub.com\/fr\/#\/schema\/logo\/image\/","url":"https:\/\/gifted-hub.com\/wp-content\/uploads\/2024\/07\/logo-1.svg","contentUrl":"https:\/\/gifted-hub.com\/wp-content\/uploads\/2024\/07\/logo-1.svg","caption":"Gifted HUB"},"image":{"@id":"https:\/\/gifted-hub.com\/fr\/#\/schema\/logo\/image\/"}}]}},"_links":{"self":[{"href":"https:\/\/gifted-hub.com\/fr\/wp-json\/wp\/v2\/pages\/17745","targetHints":{"allow":["GET"]}}],"collection":[{"href":"https:\/\/gifted-hub.com\/fr\/wp-json\/wp\/v2\/pages"}],"about":[{"href":"https:\/\/gifted-hub.com\/fr\/wp-json\/wp\/v2\/types\/page"}],"author":[{"embeddable":true,"href":"https:\/\/gifted-hub.com\/fr\/wp-json\/wp\/v2\/users\/1"}],"replies":[{"embeddable":true,"href":"https:\/\/gifted-hub.com\/fr\/wp-json\/wp\/v2\/comments?post=17745"}],"version-history":[{"count":5,"href":"https:\/\/gifted-hub.com\/fr\/wp-json\/wp\/v2\/pages\/17745\/revisions"}],"predecessor-version":[{"id":17791,"href":"https:\/\/gifted-hub.com\/fr\/wp-json\/wp\/v2\/pages\/17745\/revisions\/17791"}],"up":[{"embeddable":true,"href":"https:\/\/gifted-hub.com\/fr\/wp-json\/wp\/v2\/pages\/15625"}],"wp:featuredmedia":[{"embeddable":true,"href":"https:\/\/gifted-hub.com\/fr\/wp-json\/wp\/v2\/media\/17729"}],"wp:attachment":[{"href":"https:\/\/gifted-hub.com\/fr\/wp-json\/wp\/v2\/media?parent=17745"}],"wp:term":[{"taxonomy":"group-interest","embeddable":true,"href":"https:\/\/gifted-hub.com\/fr\/wp-json\/wp\/v2\/group-interest?post=17745"}],"curies":[{"name":"wp","href":"https:\/\/api.w.org\/{rel}","templated":true}]}}