{"id":16226,"date":"2024-10-24T17:32:50","date_gmt":"2024-10-24T17:32:50","guid":{"rendered":"https:\/\/gifted-hub.com\/individus\/filles-douees-defis-et-caracteristiques\/"},"modified":"2024-11-01T21:58:14","modified_gmt":"2024-11-01T21:58:14","slug":"filles-douees-defis-et-caracteristiques","status":"publish","type":"page","link":"https:\/\/gifted-hub.com\/fr\/individus\/filles-douees-defis-et-caracteristiques\/","title":{"rendered":"Filles dou\u00e9es : d\u00e9fis et caract\u00e9ristiques"},"content":{"rendered":"\n<p>Les filles dou\u00e9es rencontrent souvent des d\u00e9fis uniques par rapport aux gar\u00e7ons, ce qui peut affecter leur d\u00e9veloppement et leur reconnaissance. Elles peuvent exceller dans des domaines qui ne sont pas traditionnellement associ\u00e9s \u00e0 la haute performance, comme le leadership, la socialisation ou l&#8217;empathie, plut\u00f4t que dans des mati\u00e8res comme les math\u00e9matiques ou les sciences. Beaucoup de filles se pr\u00e9occupent davantage des questions sociales, comme aider les autres ou promouvoir la paix, plut\u00f4t que de se distinguer dans des environnements comp\u00e9titifs. Historiquement, les femmes dou\u00e9es ont souvent \u00e9t\u00e9 n\u00e9glig\u00e9es ou non encourag\u00e9es \u00e0 d\u00e9velopper leur plein potentiel. De nombreuses femmes capables dans le pass\u00e9 ont ressenti <strong>qu&rsquo;elles ne pouvaient pas atteindre leur v\u00e9ritable potentiel parce qu&rsquo;elles \u00e9taient orient\u00e9es vers des r\u00f4les que la soci\u00e9t\u00e9 consid\u00e9rait comme adapt\u00e9s aux femmes<\/strong>, comme l&rsquo;enseignement ou le travail social, plut\u00f4t que vers des r\u00f4les de leadership dans d&rsquo;autres domaines.    <\/p>\n\n<p>Les filles dou\u00e9es risquent souvent de ne pas \u00eatre identifi\u00e9es pour des programmes d&rsquo;enrichissement, en particulier celles issues de groupes sous-repr\u00e9sent\u00e9s. Leur confiance en elles peut diminuer tout au long de leur scolarit\u00e9, et elles peuvent minimiser leurs capacit\u00e9s ou croire que leur succ\u00e8s est simplement d\u00fb \u00e0 la chance. Par rapport aux gar\u00e7ons, les filles dou\u00e9es peuvent \u00eatre moins certaines de leurs parcours professionnels et plus enclines \u00e0 envisager un \u00e9quilibre entre carri\u00e8re et famille. <a href=\"https:\/\/gifted-hub.com\/es\/interesados\/enfrentando-desafios-en-las-relaciones\/\" data-type=\"page\" data-id=\"15142\">Les relations sont cruciales pour leur d\u00e9veloppement<\/a>, mais ces m\u00eames relations peuvent aussi les exposer au risque de ne pas d\u00e9velopper pleinement leur potentiel. Elles sont \u00e9galement plus vuln\u00e9rables aux probl\u00e8mes \u00e9motionnels comme la d\u00e9pression, surtout si elles ne sont pas soutenues dans leurs capacit\u00e9s.   <\/p>\n\n<p>Les principaux obstacles au succ\u00e8s des filles dou\u00e9es incluent la peur du succ\u00e8s, un manque d&rsquo;assurance, <a href=\"https:\/\/gifted-hub.com\/es\/profesores\/apoyando-y-motivando-a-los-ninos-dotados-en-la-escuela\/\" data-type=\"page\" data-id=\"16155\">de faibles attentes acad\u00e9miques et professionnelles<\/a>, ne pas attribuer le succ\u00e8s \u00e0 leurs propres capacit\u00e9s, et un sens fragile de l&rsquo;auto-efficacit\u00e9. Les caract\u00e9ristiques qui aident les femmes dou\u00e9es \u00e0 r\u00e9ussir incluent passer du temps seules, se sentir diff\u00e9rentes, prendre des responsabilit\u00e9s et refuser d&rsquo;accepter les limitations traditionnelles li\u00e9es au genre. <\/p>\n\n<p>Pour que ces filles s&rsquo;\u00e9panouissent, il est essentiel que les adultes comprennent leurs besoins cognitifs et \u00e9motionnels. L&rsquo;identification pr\u00e9coce de leurs capacit\u00e9s est cruciale, tout comme le fait de s&rsquo;assurer qu&rsquo;elles ont des opportunit\u00e9s d&rsquo;interagir avec d&rsquo;autres pairs dou\u00e9s et de recevoir des conseils de la part d&rsquo;enseignants qui comprennent leurs besoins. Le mentorat et les relations de soutien sont \u00e9galement importants ; les filles b\u00e9n\u00e9ficient de voir des mod\u00e8les de r\u00e9ussite et de recevoir un soutien \u00e9motionnel de la part des \u00e9ducateurs et des mentors. Les programmes devraient inclure l&rsquo;exploration de carri\u00e8re et la formation au leadership, donnant aux filles la chance de suivre des professionnels et d&rsquo;explorer leurs int\u00e9r\u00eats en profondeur.   <\/p>\n\n<p><\/p>\n","protected":false},"excerpt":{"rendered":"<p>Les filles dou\u00e9es rencontrent souvent des d\u00e9fis uniques par rapport aux gar\u00e7ons, ce qui peut affecter leur d\u00e9veloppement et leur reconnaissance. Elles peuvent exceller dans des domaines qui ne sont pas traditionnellement associ\u00e9s \u00e0 la haute performance, comme le leadership, la socialisation ou l&#8217;empathie, plut\u00f4t que dans des mati\u00e8res comme les math\u00e9matiques ou les sciences. [&hellip;]<\/p>\n","protected":false},"author":1,"featured_media":16202,"parent":15213,"menu_order":0,"comment_status":"closed","ping_status":"closed","template":"","meta":{"_acf_changed":false,"inline_featured_image":false,"footnotes":""},"group-interest":[178],"class_list":["post-16226","page","type-page","status-publish","has-post-thumbnail","hentry","group-interest-individuals-fr"],"acf":[],"yoast_head":"<!-- This site is optimized with the Yoast SEO plugin v27.4 - https:\/\/yoast.com\/product\/yoast-seo-wordpress\/ -->\n<title>Filles dou\u00e9es : d\u00e9fis et caract\u00e9ristiques - Gifted HUB<\/title>\n<meta name=\"robots\" content=\"index, follow, max-snippet:-1, max-image-preview:large, max-video-preview:-1\" \/>\n<link rel=\"canonical\" href=\"https:\/\/gifted-hub.com\/fr\/individus\/filles-douees-defis-et-caracteristiques\/\" \/>\n<meta property=\"og:locale\" content=\"fr_FR\" \/>\n<meta property=\"og:type\" content=\"article\" \/>\n<meta property=\"og:title\" content=\"Filles dou\u00e9es : d\u00e9fis et caract\u00e9ristiques - Gifted HUB\" \/>\n<meta property=\"og:description\" content=\"Les filles dou\u00e9es rencontrent souvent des d\u00e9fis uniques par rapport aux gar\u00e7ons, ce qui peut affecter leur d\u00e9veloppement et leur reconnaissance. Elles peuvent exceller dans des domaines qui ne sont pas traditionnellement associ\u00e9s \u00e0 la haute performance, comme le leadership, la socialisation ou l&#8217;empathie, plut\u00f4t que dans des mati\u00e8res comme les math\u00e9matiques ou les sciences. [&hellip;]\" \/>\n<meta property=\"og:url\" content=\"https:\/\/gifted-hub.com\/fr\/individus\/filles-douees-defis-et-caracteristiques\/\" \/>\n<meta property=\"og:site_name\" content=\"Gifted HUB\" \/>\n<meta property=\"article:modified_time\" content=\"2024-11-01T21:58:14+00:00\" \/>\n<meta property=\"og:image\" content=\"https:\/\/gifted-hub.com\/wp-content\/uploads\/2024\/10\/royhgmdiog8-e1729791209502.jpg\" \/>\n\t<meta property=\"og:image:width\" content=\"800\" \/>\n\t<meta property=\"og:image:height\" content=\"1200\" \/>\n\t<meta property=\"og:image:type\" content=\"image\/jpeg\" \/>\n<meta name=\"twitter:card\" content=\"summary_large_image\" \/>\n<meta name=\"twitter:label1\" content=\"Dur\u00e9e de lecture estim\u00e9e\" \/>\n\t<meta name=\"twitter:data1\" content=\"3 minutes\" \/>\n<script type=\"application\/ld+json\" class=\"yoast-schema-graph\">{\"@context\":\"https:\\\/\\\/schema.org\",\"@graph\":[{\"@type\":\"WebPage\",\"@id\":\"https:\\\/\\\/gifted-hub.com\\\/fr\\\/individus\\\/filles-douees-defis-et-caracteristiques\\\/\",\"url\":\"https:\\\/\\\/gifted-hub.com\\\/fr\\\/individus\\\/filles-douees-defis-et-caracteristiques\\\/\",\"name\":\"Filles dou\u00e9es : d\u00e9fis et caract\u00e9ristiques - Gifted HUB\",\"isPartOf\":{\"@id\":\"https:\\\/\\\/gifted-hub.com\\\/fr\\\/#website\"},\"primaryImageOfPage\":{\"@id\":\"https:\\\/\\\/gifted-hub.com\\\/fr\\\/individus\\\/filles-douees-defis-et-caracteristiques\\\/#primaryimage\"},\"image\":{\"@id\":\"https:\\\/\\\/gifted-hub.com\\\/fr\\\/individus\\\/filles-douees-defis-et-caracteristiques\\\/#primaryimage\"},\"thumbnailUrl\":\"https:\\\/\\\/gifted-hub.com\\\/wp-content\\\/uploads\\\/2024\\\/10\\\/royhgmdiog8-e1729791209502.jpg\",\"datePublished\":\"2024-10-24T17:32:50+00:00\",\"dateModified\":\"2024-11-01T21:58:14+00:00\",\"breadcrumb\":{\"@id\":\"https:\\\/\\\/gifted-hub.com\\\/fr\\\/individus\\\/filles-douees-defis-et-caracteristiques\\\/#breadcrumb\"},\"inLanguage\":\"fr-FR\",\"potentialAction\":[{\"@type\":\"ReadAction\",\"target\":[\"https:\\\/\\\/gifted-hub.com\\\/fr\\\/individus\\\/filles-douees-defis-et-caracteristiques\\\/\"]}]},{\"@type\":\"ImageObject\",\"inLanguage\":\"fr-FR\",\"@id\":\"https:\\\/\\\/gifted-hub.com\\\/fr\\\/individus\\\/filles-douees-defis-et-caracteristiques\\\/#primaryimage\",\"url\":\"https:\\\/\\\/gifted-hub.com\\\/wp-content\\\/uploads\\\/2024\\\/10\\\/royhgmdiog8-e1729791209502.jpg\",\"contentUrl\":\"https:\\\/\\\/gifted-hub.com\\\/wp-content\\\/uploads\\\/2024\\\/10\\\/royhgmdiog8-e1729791209502.jpg\",\"width\":800,\"height\":1200},{\"@type\":\"BreadcrumbList\",\"@id\":\"https:\\\/\\\/gifted-hub.com\\\/fr\\\/individus\\\/filles-douees-defis-et-caracteristiques\\\/#breadcrumb\",\"itemListElement\":[{\"@type\":\"ListItem\",\"position\":1,\"name\":\"Home\",\"item\":\"https:\\\/\\\/gifted-hub.com\\\/fr\\\/accueil\\\/\"},{\"@type\":\"ListItem\",\"position\":2,\"name\":\"Individus\",\"item\":\"https:\\\/\\\/gifted-hub.com\\\/fr\\\/individus\\\/\"},{\"@type\":\"ListItem\",\"position\":3,\"name\":\"Filles dou\u00e9es : d\u00e9fis et caract\u00e9ristiques\"}]},{\"@type\":\"WebSite\",\"@id\":\"https:\\\/\\\/gifted-hub.com\\\/fr\\\/#website\",\"url\":\"https:\\\/\\\/gifted-hub.com\\\/fr\\\/\",\"name\":\"Gifted HUB\",\"description\":\"Un espace pour les hautes comp\u00e9tences\",\"publisher\":{\"@id\":\"https:\\\/\\\/gifted-hub.com\\\/fr\\\/#organization\"},\"potentialAction\":[{\"@type\":\"SearchAction\",\"target\":{\"@type\":\"EntryPoint\",\"urlTemplate\":\"https:\\\/\\\/gifted-hub.com\\\/fr\\\/?s={search_term_string}\"},\"query-input\":{\"@type\":\"PropertyValueSpecification\",\"valueRequired\":true,\"valueName\":\"search_term_string\"}}],\"inLanguage\":\"fr-FR\"},{\"@type\":\"Organization\",\"@id\":\"https:\\\/\\\/gifted-hub.com\\\/fr\\\/#organization\",\"name\":\"Gifted HUB\",\"url\":\"https:\\\/\\\/gifted-hub.com\\\/fr\\\/\",\"logo\":{\"@type\":\"ImageObject\",\"inLanguage\":\"fr-FR\",\"@id\":\"https:\\\/\\\/gifted-hub.com\\\/fr\\\/#\\\/schema\\\/logo\\\/image\\\/\",\"url\":\"https:\\\/\\\/gifted-hub.com\\\/wp-content\\\/uploads\\\/2024\\\/07\\\/logo-1.svg\",\"contentUrl\":\"https:\\\/\\\/gifted-hub.com\\\/wp-content\\\/uploads\\\/2024\\\/07\\\/logo-1.svg\",\"caption\":\"Gifted HUB\"},\"image\":{\"@id\":\"https:\\\/\\\/gifted-hub.com\\\/fr\\\/#\\\/schema\\\/logo\\\/image\\\/\"}}]}<\/script>\n<!-- \/ Yoast SEO plugin. -->","yoast_head_json":{"title":"Filles dou\u00e9es : d\u00e9fis et caract\u00e9ristiques - Gifted HUB","robots":{"index":"index","follow":"follow","max-snippet":"max-snippet:-1","max-image-preview":"max-image-preview:large","max-video-preview":"max-video-preview:-1"},"canonical":"https:\/\/gifted-hub.com\/fr\/individus\/filles-douees-defis-et-caracteristiques\/","og_locale":"fr_FR","og_type":"article","og_title":"Filles dou\u00e9es : d\u00e9fis et caract\u00e9ristiques - Gifted HUB","og_description":"Les filles dou\u00e9es rencontrent souvent des d\u00e9fis uniques par rapport aux gar\u00e7ons, ce qui peut affecter leur d\u00e9veloppement et leur reconnaissance. Elles peuvent exceller dans des domaines qui ne sont pas traditionnellement associ\u00e9s \u00e0 la haute performance, comme le leadership, la socialisation ou l&#8217;empathie, plut\u00f4t que dans des mati\u00e8res comme les math\u00e9matiques ou les sciences. [&hellip;]","og_url":"https:\/\/gifted-hub.com\/fr\/individus\/filles-douees-defis-et-caracteristiques\/","og_site_name":"Gifted HUB","article_modified_time":"2024-11-01T21:58:14+00:00","og_image":[{"width":800,"height":1200,"url":"https:\/\/gifted-hub.com\/wp-content\/uploads\/2024\/10\/royhgmdiog8-e1729791209502.jpg","type":"image\/jpeg"}],"twitter_card":"summary_large_image","twitter_misc":{"Dur\u00e9e de lecture estim\u00e9e":"3 minutes"},"schema":{"@context":"https:\/\/schema.org","@graph":[{"@type":"WebPage","@id":"https:\/\/gifted-hub.com\/fr\/individus\/filles-douees-defis-et-caracteristiques\/","url":"https:\/\/gifted-hub.com\/fr\/individus\/filles-douees-defis-et-caracteristiques\/","name":"Filles dou\u00e9es : d\u00e9fis et caract\u00e9ristiques - Gifted HUB","isPartOf":{"@id":"https:\/\/gifted-hub.com\/fr\/#website"},"primaryImageOfPage":{"@id":"https:\/\/gifted-hub.com\/fr\/individus\/filles-douees-defis-et-caracteristiques\/#primaryimage"},"image":{"@id":"https:\/\/gifted-hub.com\/fr\/individus\/filles-douees-defis-et-caracteristiques\/#primaryimage"},"thumbnailUrl":"https:\/\/gifted-hub.com\/wp-content\/uploads\/2024\/10\/royhgmdiog8-e1729791209502.jpg","datePublished":"2024-10-24T17:32:50+00:00","dateModified":"2024-11-01T21:58:14+00:00","breadcrumb":{"@id":"https:\/\/gifted-hub.com\/fr\/individus\/filles-douees-defis-et-caracteristiques\/#breadcrumb"},"inLanguage":"fr-FR","potentialAction":[{"@type":"ReadAction","target":["https:\/\/gifted-hub.com\/fr\/individus\/filles-douees-defis-et-caracteristiques\/"]}]},{"@type":"ImageObject","inLanguage":"fr-FR","@id":"https:\/\/gifted-hub.com\/fr\/individus\/filles-douees-defis-et-caracteristiques\/#primaryimage","url":"https:\/\/gifted-hub.com\/wp-content\/uploads\/2024\/10\/royhgmdiog8-e1729791209502.jpg","contentUrl":"https:\/\/gifted-hub.com\/wp-content\/uploads\/2024\/10\/royhgmdiog8-e1729791209502.jpg","width":800,"height":1200},{"@type":"BreadcrumbList","@id":"https:\/\/gifted-hub.com\/fr\/individus\/filles-douees-defis-et-caracteristiques\/#breadcrumb","itemListElement":[{"@type":"ListItem","position":1,"name":"Home","item":"https:\/\/gifted-hub.com\/fr\/accueil\/"},{"@type":"ListItem","position":2,"name":"Individus","item":"https:\/\/gifted-hub.com\/fr\/individus\/"},{"@type":"ListItem","position":3,"name":"Filles dou\u00e9es : d\u00e9fis et caract\u00e9ristiques"}]},{"@type":"WebSite","@id":"https:\/\/gifted-hub.com\/fr\/#website","url":"https:\/\/gifted-hub.com\/fr\/","name":"Gifted HUB","description":"Un espace pour les hautes comp\u00e9tences","publisher":{"@id":"https:\/\/gifted-hub.com\/fr\/#organization"},"potentialAction":[{"@type":"SearchAction","target":{"@type":"EntryPoint","urlTemplate":"https:\/\/gifted-hub.com\/fr\/?s={search_term_string}"},"query-input":{"@type":"PropertyValueSpecification","valueRequired":true,"valueName":"search_term_string"}}],"inLanguage":"fr-FR"},{"@type":"Organization","@id":"https:\/\/gifted-hub.com\/fr\/#organization","name":"Gifted HUB","url":"https:\/\/gifted-hub.com\/fr\/","logo":{"@type":"ImageObject","inLanguage":"fr-FR","@id":"https:\/\/gifted-hub.com\/fr\/#\/schema\/logo\/image\/","url":"https:\/\/gifted-hub.com\/wp-content\/uploads\/2024\/07\/logo-1.svg","contentUrl":"https:\/\/gifted-hub.com\/wp-content\/uploads\/2024\/07\/logo-1.svg","caption":"Gifted HUB"},"image":{"@id":"https:\/\/gifted-hub.com\/fr\/#\/schema\/logo\/image\/"}}]}},"_links":{"self":[{"href":"https:\/\/gifted-hub.com\/fr\/wp-json\/wp\/v2\/pages\/16226","targetHints":{"allow":["GET"]}}],"collection":[{"href":"https:\/\/gifted-hub.com\/fr\/wp-json\/wp\/v2\/pages"}],"about":[{"href":"https:\/\/gifted-hub.com\/fr\/wp-json\/wp\/v2\/types\/page"}],"author":[{"embeddable":true,"href":"https:\/\/gifted-hub.com\/fr\/wp-json\/wp\/v2\/users\/1"}],"replies":[{"embeddable":true,"href":"https:\/\/gifted-hub.com\/fr\/wp-json\/wp\/v2\/comments?post=16226"}],"version-history":[{"count":3,"href":"https:\/\/gifted-hub.com\/fr\/wp-json\/wp\/v2\/pages\/16226\/revisions"}],"predecessor-version":[{"id":16916,"href":"https:\/\/gifted-hub.com\/fr\/wp-json\/wp\/v2\/pages\/16226\/revisions\/16916"}],"up":[{"embeddable":true,"href":"https:\/\/gifted-hub.com\/fr\/wp-json\/wp\/v2\/pages\/15213"}],"wp:featuredmedia":[{"embeddable":true,"href":"https:\/\/gifted-hub.com\/fr\/wp-json\/wp\/v2\/media\/16202"}],"wp:attachment":[{"href":"https:\/\/gifted-hub.com\/fr\/wp-json\/wp\/v2\/media?parent=16226"}],"wp:term":[{"taxonomy":"group-interest","embeddable":true,"href":"https:\/\/gifted-hub.com\/fr\/wp-json\/wp\/v2\/group-interest?post=16226"}],"curies":[{"name":"wp","href":"https:\/\/api.w.org\/{rel}","templated":true}]}}