{"id":16142,"date":"2024-10-23T21:20:41","date_gmt":"2024-10-23T21:20:41","guid":{"rendered":"https:\/\/gifted-hub.com\/a-propos-de-nous\/"},"modified":"2025-04-21T21:01:11","modified_gmt":"2025-04-21T21:01:11","slug":"a-propos-de-nous","status":"publish","type":"page","link":"https:\/\/gifted-hub.com\/fr\/a-propos-de-nous\/","title":{"rendered":"\u00c0 propos de nous"},"content":{"rendered":"\n<p>Nous sommes un groupe de personnes fascin\u00e9es par le monde de la douance et des hautes capacit\u00e9s. Notre voyage a commenc\u00e9 par un int\u00e9r\u00eat commun pour comprendre les exp\u00e9riences uniques des individus dou\u00e9s. Nous savons qu&rsquo;\u00eatre dou\u00e9 comporte son propre lot de d\u00e9fis et de joies, et nous voulons cr\u00e9er un espace qui <strong>rassemble des ressources et des informations<\/strong> pour ceux qui le vivent au quotidien\u2014que vous soyez dou\u00e9 vous-m\u00eame, un membre de la famille, un enseignant ou un professionnel.  <\/p>\n\n<p>Nous nous engageons \u00e0 apprendre, c&rsquo;est pourquoi nous nous concentrons sur la collecte de connaissances qui peuvent \u00eatre utiles \u00e0 la communaut\u00e9, en fournissant des articles, des guides et des outils qui r\u00e9pondent aux divers besoins des personnes ayant des capacit\u00e9s \u00e9lev\u00e9es. Notre objectif est de cr\u00e9er un environnement favorable o\u00f9 vous pourrez trouver des informations utiles, en savoir plus sur les personnes \u00e0 haut potentiel et rencontrer d&rsquo;autres personnes partageant des exp\u00e9riences similaires. <\/p>\n\n<p>Si vous recherchez des conseils professionnels, nous vous encourageons \u00e0 <a href=\"\/fr\/expert\">consulter notre annuaire<\/a>, o\u00f9 vous pouvez trouver des experts sp\u00e9cialis\u00e9s dans la douance et les hautes capacit\u00e9s. Nous sommes ici pour rendre le voyage un peu moins solitaire et beaucoup plus inform\u00e9, mais nous reconnaissons la valeur des sp\u00e9cialistes et esp\u00e9rons vous aider \u00e0 trouver le bon lorsque vous en avez besoin. <\/p>\n\n<p>Si vous souhaitez <a href=\"https:\/\/gifted-hub.com\/fr\/contact\/\" data-type=\"page\" data-id=\"15728\">nous contacter<\/a>, partager vos pens\u00e9es ou poser des questions, n&rsquo;h\u00e9sitez pas \u00e0 nous contacter. Nous serions ravis de vous entendre et de continuer \u00e0 construire cette communaut\u00e9 ensemble. <\/p>\n","protected":false},"excerpt":{"rendered":"<p>Nous sommes un groupe de personnes fascin\u00e9es par le monde de la douance et des hautes capacit\u00e9s. Notre voyage a commenc\u00e9 par un int\u00e9r\u00eat commun pour comprendre les exp\u00e9riences uniques des individus dou\u00e9s. Nous savons qu&rsquo;\u00eatre dou\u00e9 comporte son propre lot de d\u00e9fis et de joies, et nous voulons cr\u00e9er un espace qui rassemble des [&hellip;]<\/p>\n","protected":false},"author":1,"featured_media":16122,"parent":0,"menu_order":0,"comment_status":"closed","ping_status":"closed","template":"","meta":{"_acf_changed":false,"inline_featured_image":false,"footnotes":""},"group-interest":[],"class_list":["post-16142","page","type-page","status-publish","has-post-thumbnail","hentry"],"acf":[],"yoast_head":"<!-- This site is optimized with the Yoast SEO plugin v27.4 - https:\/\/yoast.com\/product\/yoast-seo-wordpress\/ -->\n<title>\u00c0 propos de nous - Gifted HUB<\/title>\n<meta name=\"robots\" content=\"index, follow, max-snippet:-1, max-image-preview:large, max-video-preview:-1\" \/>\n<link rel=\"canonical\" href=\"https:\/\/gifted-hub.com\/fr\/a-propos-de-nous\/\" \/>\n<meta property=\"og:locale\" content=\"fr_FR\" \/>\n<meta property=\"og:type\" content=\"article\" \/>\n<meta property=\"og:title\" content=\"\u00c0 propos de nous - Gifted HUB\" \/>\n<meta property=\"og:description\" content=\"Nous sommes un groupe de personnes fascin\u00e9es par le monde de la douance et des hautes capacit\u00e9s. Notre voyage a commenc\u00e9 par un int\u00e9r\u00eat commun pour comprendre les exp\u00e9riences uniques des individus dou\u00e9s. Nous savons qu&rsquo;\u00eatre dou\u00e9 comporte son propre lot de d\u00e9fis et de joies, et nous voulons cr\u00e9er un espace qui rassemble des [&hellip;]\" \/>\n<meta property=\"og:url\" content=\"https:\/\/gifted-hub.com\/fr\/a-propos-de-nous\/\" \/>\n<meta property=\"og:site_name\" content=\"Gifted HUB\" \/>\n<meta property=\"article:modified_time\" content=\"2025-04-21T21:01:11+00:00\" \/>\n<meta property=\"og:image\" content=\"https:\/\/gifted-hub.com\/wp-content\/uploads\/2024\/10\/1771916.jpg\" \/>\n\t<meta property=\"og:image:width\" content=\"1280\" \/>\n\t<meta property=\"og:image:height\" content=\"914\" \/>\n\t<meta property=\"og:image:type\" content=\"image\/jpeg\" \/>\n<meta name=\"twitter:card\" content=\"summary_large_image\" \/>\n<meta name=\"twitter:label1\" content=\"Dur\u00e9e de lecture estim\u00e9e\" \/>\n\t<meta name=\"twitter:data1\" content=\"1 minute\" \/>\n<script type=\"application\/ld+json\" class=\"yoast-schema-graph\">{\"@context\":\"https:\\\/\\\/schema.org\",\"@graph\":[{\"@type\":\"WebPage\",\"@id\":\"https:\\\/\\\/gifted-hub.com\\\/fr\\\/a-propos-de-nous\\\/\",\"url\":\"https:\\\/\\\/gifted-hub.com\\\/fr\\\/a-propos-de-nous\\\/\",\"name\":\"\u00c0 propos de nous - Gifted HUB\",\"isPartOf\":{\"@id\":\"https:\\\/\\\/gifted-hub.com\\\/fr\\\/#website\"},\"primaryImageOfPage\":{\"@id\":\"https:\\\/\\\/gifted-hub.com\\\/fr\\\/a-propos-de-nous\\\/#primaryimage\"},\"image\":{\"@id\":\"https:\\\/\\\/gifted-hub.com\\\/fr\\\/a-propos-de-nous\\\/#primaryimage\"},\"thumbnailUrl\":\"https:\\\/\\\/gifted-hub.com\\\/wp-content\\\/uploads\\\/2024\\\/10\\\/1771916.jpg\",\"datePublished\":\"2024-10-23T21:20:41+00:00\",\"dateModified\":\"2025-04-21T21:01:11+00:00\",\"breadcrumb\":{\"@id\":\"https:\\\/\\\/gifted-hub.com\\\/fr\\\/a-propos-de-nous\\\/#breadcrumb\"},\"inLanguage\":\"fr-FR\",\"potentialAction\":[{\"@type\":\"ReadAction\",\"target\":[\"https:\\\/\\\/gifted-hub.com\\\/fr\\\/a-propos-de-nous\\\/\"]}]},{\"@type\":\"ImageObject\",\"inLanguage\":\"fr-FR\",\"@id\":\"https:\\\/\\\/gifted-hub.com\\\/fr\\\/a-propos-de-nous\\\/#primaryimage\",\"url\":\"https:\\\/\\\/gifted-hub.com\\\/wp-content\\\/uploads\\\/2024\\\/10\\\/1771916.jpg\",\"contentUrl\":\"https:\\\/\\\/gifted-hub.com\\\/wp-content\\\/uploads\\\/2024\\\/10\\\/1771916.jpg\",\"width\":1280,\"height\":914},{\"@type\":\"BreadcrumbList\",\"@id\":\"https:\\\/\\\/gifted-hub.com\\\/fr\\\/a-propos-de-nous\\\/#breadcrumb\",\"itemListElement\":[{\"@type\":\"ListItem\",\"position\":1,\"name\":\"Home\",\"item\":\"https:\\\/\\\/gifted-hub.com\\\/fr\\\/accueil\\\/\"},{\"@type\":\"ListItem\",\"position\":2,\"name\":\"\u00c0 propos de nous\"}]},{\"@type\":\"WebSite\",\"@id\":\"https:\\\/\\\/gifted-hub.com\\\/fr\\\/#website\",\"url\":\"https:\\\/\\\/gifted-hub.com\\\/fr\\\/\",\"name\":\"Gifted HUB\",\"description\":\"Un espace pour les hautes comp\u00e9tences\",\"publisher\":{\"@id\":\"https:\\\/\\\/gifted-hub.com\\\/fr\\\/#organization\"},\"potentialAction\":[{\"@type\":\"SearchAction\",\"target\":{\"@type\":\"EntryPoint\",\"urlTemplate\":\"https:\\\/\\\/gifted-hub.com\\\/fr\\\/?s={search_term_string}\"},\"query-input\":{\"@type\":\"PropertyValueSpecification\",\"valueRequired\":true,\"valueName\":\"search_term_string\"}}],\"inLanguage\":\"fr-FR\"},{\"@type\":\"Organization\",\"@id\":\"https:\\\/\\\/gifted-hub.com\\\/fr\\\/#organization\",\"name\":\"Gifted HUB\",\"url\":\"https:\\\/\\\/gifted-hub.com\\\/fr\\\/\",\"logo\":{\"@type\":\"ImageObject\",\"inLanguage\":\"fr-FR\",\"@id\":\"https:\\\/\\\/gifted-hub.com\\\/fr\\\/#\\\/schema\\\/logo\\\/image\\\/\",\"url\":\"https:\\\/\\\/gifted-hub.com\\\/wp-content\\\/uploads\\\/2024\\\/07\\\/logo-1.svg\",\"contentUrl\":\"https:\\\/\\\/gifted-hub.com\\\/wp-content\\\/uploads\\\/2024\\\/07\\\/logo-1.svg\",\"caption\":\"Gifted HUB\"},\"image\":{\"@id\":\"https:\\\/\\\/gifted-hub.com\\\/fr\\\/#\\\/schema\\\/logo\\\/image\\\/\"}}]}<\/script>\n<!-- \/ Yoast SEO plugin. -->","yoast_head_json":{"title":"\u00c0 propos de nous - Gifted HUB","robots":{"index":"index","follow":"follow","max-snippet":"max-snippet:-1","max-image-preview":"max-image-preview:large","max-video-preview":"max-video-preview:-1"},"canonical":"https:\/\/gifted-hub.com\/fr\/a-propos-de-nous\/","og_locale":"fr_FR","og_type":"article","og_title":"\u00c0 propos de nous - Gifted HUB","og_description":"Nous sommes un groupe de personnes fascin\u00e9es par le monde de la douance et des hautes capacit\u00e9s. Notre voyage a commenc\u00e9 par un int\u00e9r\u00eat commun pour comprendre les exp\u00e9riences uniques des individus dou\u00e9s. Nous savons qu&rsquo;\u00eatre dou\u00e9 comporte son propre lot de d\u00e9fis et de joies, et nous voulons cr\u00e9er un espace qui rassemble des [&hellip;]","og_url":"https:\/\/gifted-hub.com\/fr\/a-propos-de-nous\/","og_site_name":"Gifted HUB","article_modified_time":"2025-04-21T21:01:11+00:00","og_image":[{"width":1280,"height":914,"url":"https:\/\/gifted-hub.com\/wp-content\/uploads\/2024\/10\/1771916.jpg","type":"image\/jpeg"}],"twitter_card":"summary_large_image","twitter_misc":{"Dur\u00e9e de lecture estim\u00e9e":"1 minute"},"schema":{"@context":"https:\/\/schema.org","@graph":[{"@type":"WebPage","@id":"https:\/\/gifted-hub.com\/fr\/a-propos-de-nous\/","url":"https:\/\/gifted-hub.com\/fr\/a-propos-de-nous\/","name":"\u00c0 propos de nous - Gifted HUB","isPartOf":{"@id":"https:\/\/gifted-hub.com\/fr\/#website"},"primaryImageOfPage":{"@id":"https:\/\/gifted-hub.com\/fr\/a-propos-de-nous\/#primaryimage"},"image":{"@id":"https:\/\/gifted-hub.com\/fr\/a-propos-de-nous\/#primaryimage"},"thumbnailUrl":"https:\/\/gifted-hub.com\/wp-content\/uploads\/2024\/10\/1771916.jpg","datePublished":"2024-10-23T21:20:41+00:00","dateModified":"2025-04-21T21:01:11+00:00","breadcrumb":{"@id":"https:\/\/gifted-hub.com\/fr\/a-propos-de-nous\/#breadcrumb"},"inLanguage":"fr-FR","potentialAction":[{"@type":"ReadAction","target":["https:\/\/gifted-hub.com\/fr\/a-propos-de-nous\/"]}]},{"@type":"ImageObject","inLanguage":"fr-FR","@id":"https:\/\/gifted-hub.com\/fr\/a-propos-de-nous\/#primaryimage","url":"https:\/\/gifted-hub.com\/wp-content\/uploads\/2024\/10\/1771916.jpg","contentUrl":"https:\/\/gifted-hub.com\/wp-content\/uploads\/2024\/10\/1771916.jpg","width":1280,"height":914},{"@type":"BreadcrumbList","@id":"https:\/\/gifted-hub.com\/fr\/a-propos-de-nous\/#breadcrumb","itemListElement":[{"@type":"ListItem","position":1,"name":"Home","item":"https:\/\/gifted-hub.com\/fr\/accueil\/"},{"@type":"ListItem","position":2,"name":"\u00c0 propos de nous"}]},{"@type":"WebSite","@id":"https:\/\/gifted-hub.com\/fr\/#website","url":"https:\/\/gifted-hub.com\/fr\/","name":"Gifted HUB","description":"Un espace pour les hautes comp\u00e9tences","publisher":{"@id":"https:\/\/gifted-hub.com\/fr\/#organization"},"potentialAction":[{"@type":"SearchAction","target":{"@type":"EntryPoint","urlTemplate":"https:\/\/gifted-hub.com\/fr\/?s={search_term_string}"},"query-input":{"@type":"PropertyValueSpecification","valueRequired":true,"valueName":"search_term_string"}}],"inLanguage":"fr-FR"},{"@type":"Organization","@id":"https:\/\/gifted-hub.com\/fr\/#organization","name":"Gifted HUB","url":"https:\/\/gifted-hub.com\/fr\/","logo":{"@type":"ImageObject","inLanguage":"fr-FR","@id":"https:\/\/gifted-hub.com\/fr\/#\/schema\/logo\/image\/","url":"https:\/\/gifted-hub.com\/wp-content\/uploads\/2024\/07\/logo-1.svg","contentUrl":"https:\/\/gifted-hub.com\/wp-content\/uploads\/2024\/07\/logo-1.svg","caption":"Gifted HUB"},"image":{"@id":"https:\/\/gifted-hub.com\/fr\/#\/schema\/logo\/image\/"}}]}},"_links":{"self":[{"href":"https:\/\/gifted-hub.com\/fr\/wp-json\/wp\/v2\/pages\/16142","targetHints":{"allow":["GET"]}}],"collection":[{"href":"https:\/\/gifted-hub.com\/fr\/wp-json\/wp\/v2\/pages"}],"about":[{"href":"https:\/\/gifted-hub.com\/fr\/wp-json\/wp\/v2\/types\/page"}],"author":[{"embeddable":true,"href":"https:\/\/gifted-hub.com\/fr\/wp-json\/wp\/v2\/users\/1"}],"replies":[{"embeddable":true,"href":"https:\/\/gifted-hub.com\/fr\/wp-json\/wp\/v2\/comments?post=16142"}],"version-history":[{"count":2,"href":"https:\/\/gifted-hub.com\/fr\/wp-json\/wp\/v2\/pages\/16142\/revisions"}],"predecessor-version":[{"id":19362,"href":"https:\/\/gifted-hub.com\/fr\/wp-json\/wp\/v2\/pages\/16142\/revisions\/19362"}],"wp:featuredmedia":[{"embeddable":true,"href":"https:\/\/gifted-hub.com\/fr\/wp-json\/wp\/v2\/media\/16122"}],"wp:attachment":[{"href":"https:\/\/gifted-hub.com\/fr\/wp-json\/wp\/v2\/media?parent=16142"}],"wp:term":[{"taxonomy":"group-interest","embeddable":true,"href":"https:\/\/gifted-hub.com\/fr\/wp-json\/wp\/v2\/group-interest?post=16142"}],"curies":[{"name":"wp","href":"https:\/\/api.w.org\/{rel}","templated":true}]}}