{"id":15737,"date":"2024-10-20T00:51:35","date_gmt":"2024-10-20T00:51:35","guid":{"rendered":"https:\/\/gifted-hub.com\/professionnels\/"},"modified":"2024-10-28T09:20:32","modified_gmt":"2024-10-28T09:20:32","slug":"professionnels","status":"publish","type":"page","link":"https:\/\/gifted-hub.com\/fr\/professionnels\/","title":{"rendered":"Professionnels"},"content":{"rendered":"\n<p>La douance est une caract\u00e9ristique unique qui fa\u00e7onne souvent la mani\u00e8re dont les gens per\u00e7oivent et interagissent avec le monde. Pour les th\u00e9rapeutes, <strong>comprendre la douance est crucial<\/strong>, car elle influence le d\u00e9veloppement cognitif, social et \u00e9motionnel de mani\u00e8re qui ne correspond pas toujours aux attentes traditionnelles. Les individus dou\u00e9s\u2014enfants et adultes\u2014vivent souvent le monde avec une sensibilit\u00e9 accrue, une profondeur intellectuelle et un ensemble unique de d\u00e9fis qui peuvent mener \u00e0 des luttes \u00e9motionnelles et sociales. Malheureusement, de nombreux th\u00e9rapeutes ne sont pas form\u00e9s pour consid\u00e9rer ces nuances, ce qui peut entra\u00eener des malentendus ou des erreurs de diagnostic.   <\/p>\n\n<p>Les enfants dou\u00e9s apprennent fr\u00e9quemment plus vite, pensent plus profond\u00e9ment et ressentent plus intens\u00e9ment que leurs pairs. Cette capacit\u00e9 accrue s&rsquo;accompagne souvent d&rsquo;une asynchronie \u00e9motionnelle et d\u00e9veloppementale, o\u00f9 les capacit\u00e9s intellectuelles d\u00e9passent largement leur croissance sociale et \u00e9motionnelle. Ils peuvent se sentir ennuy\u00e9s et frustr\u00e9s dans des salles de classe qui ne r\u00e9pondent pas \u00e0 leurs besoins, avoir du mal \u00e0 s&rsquo;int\u00e9grer avec leurs pairs, ou ressentir une pression intense pour r\u00e9pondre \u00e0 leurs propres attentes \u00e9lev\u00e9es. Ces exp\u00e9riences peuvent mener \u00e0 des troubles \u00e9motionnels, tels que l&rsquo;anxi\u00e9t\u00e9, la d\u00e9pression ou des sentiments d&rsquo;isolement. Le manque de sensibilisation \u00e0 la douance dans les milieux \u00e9ducatifs signifie souvent que de nombreux enfants dou\u00e9s restent non identifi\u00e9s, en particulier ceux qui masquent leurs capacit\u00e9s pour s&rsquo;int\u00e9grer ou ceux ayant des conditions \u00e0 double exception comme le TDAH ou les troubles d&rsquo;apprentissage. Cette sous-identification est particuli\u00e8rement r\u00e9pandue parmi les groupes marginalis\u00e9s, cr\u00e9ant un foss\u00e9 o\u00f9 ceux qui ont le plus besoin de soutien sont souvent mal desservis.     <\/p>\n\n<p>Pour les adultes, la douance continue de jouer un r\u00f4le significatif tout au long de leur vie. <strong>De nombreux adultes dou\u00e9s cherchent une th\u00e9rapie en raison de d\u00e9fis de longue date<\/strong>, y compris l&rsquo;isolement social, le perfectionnisme ou l&rsquo;ennui dans leur carri\u00e8re. Leur conscience et sensibilit\u00e9 accrues peuvent cr\u00e9er des d\u00e9fis uniques dans les relations, les environnements de travail et lors des transitions de vie. Pour les personnes \u00e2g\u00e9es, la retraite peut apporter des difficult\u00e9s suppl\u00e9mentaires si elles ont du mal \u00e0 trouver un but ou \u00e0 se connecter avec des pairs partageant les m\u00eames id\u00e9es, ce qui peut parfois mener \u00e0 la d\u00e9pression.  <\/p>\n\n<p>Un th\u00e9rapeute travaillant avec des individus dou\u00e9s doit \u00eatre ouvert \u00e0 l&rsquo;apprentissage des besoins cognitifs, \u00e9motionnels et sociaux sp\u00e9cifiques de ses clients. La douance peut amplifier \u00e0 la fois les forces et les vuln\u00e9rabilit\u00e9s, et comprendre cette dynamique est crucial pour fournir un soutien efficace. L&rsquo;objectif doit \u00eatre d&rsquo;offrir un espace th\u00e9rapeutique o\u00f9 les individus dou\u00e9s se sentent vus et compris, o\u00f9 leur intensit\u00e9 intellectuelle, leur profondeur \u00e9motionnelle et leur vision du monde unique sont valid\u00e9es. Ce faisant, les th\u00e9rapeutes peuvent aider les clients dou\u00e9s \u00e0 naviguer dans leurs complexit\u00e9s, \u00e0 g\u00e9rer leurs sensibilit\u00e9s et finalement \u00e0 s&rsquo;\u00e9panouir dans un monde qui ne r\u00e9pond pas toujours \u00e0 leurs besoins uniques.   <\/p>\n\n<p>Si vous \u00eates un professionnel souhaitant \u00eatre r\u00e9pertori\u00e9 sur notre site, veuillez <a href=\"https:\/\/gifted-hub.com\/fr\/contact\/\" data-type=\"page\" data-id=\"15728\">nous contacter<\/a> afin que nous puissions inclure vos coordonn\u00e9es.<\/p>\n","protected":false},"excerpt":{"rendered":"<p>La douance est une caract\u00e9ristique unique qui fa\u00e7onne souvent la mani\u00e8re dont les gens per\u00e7oivent et interagissent avec le monde. Pour les th\u00e9rapeutes, comprendre la douance est crucial, car elle influence le d\u00e9veloppement cognitif, social et \u00e9motionnel de mani\u00e8re qui ne correspond pas toujours aux attentes traditionnelles. Les individus dou\u00e9s\u2014enfants et adultes\u2014vivent souvent le monde [&hellip;]<\/p>\n","protected":false},"author":1,"featured_media":15715,"parent":0,"menu_order":0,"comment_status":"closed","ping_status":"closed","template":"","meta":{"_acf_changed":false,"inline_featured_image":false,"footnotes":""},"group-interest":[],"class_list":["post-15737","page","type-page","status-publish","has-post-thumbnail","hentry"],"acf":[],"yoast_head":"<!-- This site is optimized with the Yoast SEO plugin v27.4 - https:\/\/yoast.com\/product\/yoast-seo-wordpress\/ -->\n<title>Professionnels - Gifted HUB<\/title>\n<meta name=\"robots\" content=\"index, follow, max-snippet:-1, max-image-preview:large, max-video-preview:-1\" \/>\n<link rel=\"canonical\" href=\"https:\/\/gifted-hub.com\/fr\/professionnels\/\" \/>\n<meta property=\"og:locale\" content=\"fr_FR\" \/>\n<meta property=\"og:type\" content=\"article\" \/>\n<meta property=\"og:title\" content=\"Professionnels - Gifted HUB\" \/>\n<meta property=\"og:description\" content=\"La douance est une caract\u00e9ristique unique qui fa\u00e7onne souvent la mani\u00e8re dont les gens per\u00e7oivent et interagissent avec le monde. Pour les th\u00e9rapeutes, comprendre la douance est crucial, car elle influence le d\u00e9veloppement cognitif, social et \u00e9motionnel de mani\u00e8re qui ne correspond pas toujours aux attentes traditionnelles. Les individus dou\u00e9s\u2014enfants et adultes\u2014vivent souvent le monde [&hellip;]\" \/>\n<meta property=\"og:url\" content=\"https:\/\/gifted-hub.com\/fr\/professionnels\/\" \/>\n<meta property=\"og:site_name\" content=\"Gifted HUB\" \/>\n<meta property=\"article:modified_time\" content=\"2024-10-28T09:20:32+00:00\" \/>\n<meta property=\"og:image\" content=\"https:\/\/gifted-hub.com\/wp-content\/uploads\/2024\/10\/ecfec380-1fe5-4d65-9c4f-180517582404.jpg\" \/>\n\t<meta property=\"og:image:width\" content=\"1024\" \/>\n\t<meta property=\"og:image:height\" content=\"576\" \/>\n\t<meta property=\"og:image:type\" content=\"image\/jpeg\" \/>\n<meta name=\"twitter:card\" content=\"summary_large_image\" \/>\n<meta name=\"twitter:label1\" content=\"Dur\u00e9e de lecture estim\u00e9e\" \/>\n\t<meta name=\"twitter:data1\" content=\"3 minutes\" \/>\n<script type=\"application\/ld+json\" class=\"yoast-schema-graph\">{\"@context\":\"https:\\\/\\\/schema.org\",\"@graph\":[{\"@type\":\"WebPage\",\"@id\":\"https:\\\/\\\/gifted-hub.com\\\/fr\\\/professionnels\\\/\",\"url\":\"https:\\\/\\\/gifted-hub.com\\\/fr\\\/professionnels\\\/\",\"name\":\"Professionnels - Gifted HUB\",\"isPartOf\":{\"@id\":\"https:\\\/\\\/gifted-hub.com\\\/fr\\\/#website\"},\"primaryImageOfPage\":{\"@id\":\"https:\\\/\\\/gifted-hub.com\\\/fr\\\/professionnels\\\/#primaryimage\"},\"image\":{\"@id\":\"https:\\\/\\\/gifted-hub.com\\\/fr\\\/professionnels\\\/#primaryimage\"},\"thumbnailUrl\":\"https:\\\/\\\/gifted-hub.com\\\/wp-content\\\/uploads\\\/2024\\\/10\\\/ecfec380-1fe5-4d65-9c4f-180517582404.jpg\",\"datePublished\":\"2024-10-20T00:51:35+00:00\",\"dateModified\":\"2024-10-28T09:20:32+00:00\",\"breadcrumb\":{\"@id\":\"https:\\\/\\\/gifted-hub.com\\\/fr\\\/professionnels\\\/#breadcrumb\"},\"inLanguage\":\"fr-FR\",\"potentialAction\":[{\"@type\":\"ReadAction\",\"target\":[\"https:\\\/\\\/gifted-hub.com\\\/fr\\\/professionnels\\\/\"]}]},{\"@type\":\"ImageObject\",\"inLanguage\":\"fr-FR\",\"@id\":\"https:\\\/\\\/gifted-hub.com\\\/fr\\\/professionnels\\\/#primaryimage\",\"url\":\"https:\\\/\\\/gifted-hub.com\\\/wp-content\\\/uploads\\\/2024\\\/10\\\/ecfec380-1fe5-4d65-9c4f-180517582404.jpg\",\"contentUrl\":\"https:\\\/\\\/gifted-hub.com\\\/wp-content\\\/uploads\\\/2024\\\/10\\\/ecfec380-1fe5-4d65-9c4f-180517582404.jpg\",\"width\":1024,\"height\":576},{\"@type\":\"BreadcrumbList\",\"@id\":\"https:\\\/\\\/gifted-hub.com\\\/fr\\\/professionnels\\\/#breadcrumb\",\"itemListElement\":[{\"@type\":\"ListItem\",\"position\":1,\"name\":\"Home\",\"item\":\"https:\\\/\\\/gifted-hub.com\\\/fr\\\/accueil\\\/\"},{\"@type\":\"ListItem\",\"position\":2,\"name\":\"Professionnels\"}]},{\"@type\":\"WebSite\",\"@id\":\"https:\\\/\\\/gifted-hub.com\\\/fr\\\/#website\",\"url\":\"https:\\\/\\\/gifted-hub.com\\\/fr\\\/\",\"name\":\"Gifted HUB\",\"description\":\"Un espace pour les hautes comp\u00e9tences\",\"publisher\":{\"@id\":\"https:\\\/\\\/gifted-hub.com\\\/fr\\\/#organization\"},\"potentialAction\":[{\"@type\":\"SearchAction\",\"target\":{\"@type\":\"EntryPoint\",\"urlTemplate\":\"https:\\\/\\\/gifted-hub.com\\\/fr\\\/?s={search_term_string}\"},\"query-input\":{\"@type\":\"PropertyValueSpecification\",\"valueRequired\":true,\"valueName\":\"search_term_string\"}}],\"inLanguage\":\"fr-FR\"},{\"@type\":\"Organization\",\"@id\":\"https:\\\/\\\/gifted-hub.com\\\/fr\\\/#organization\",\"name\":\"Gifted HUB\",\"url\":\"https:\\\/\\\/gifted-hub.com\\\/fr\\\/\",\"logo\":{\"@type\":\"ImageObject\",\"inLanguage\":\"fr-FR\",\"@id\":\"https:\\\/\\\/gifted-hub.com\\\/fr\\\/#\\\/schema\\\/logo\\\/image\\\/\",\"url\":\"https:\\\/\\\/gifted-hub.com\\\/wp-content\\\/uploads\\\/2024\\\/07\\\/logo-1.svg\",\"contentUrl\":\"https:\\\/\\\/gifted-hub.com\\\/wp-content\\\/uploads\\\/2024\\\/07\\\/logo-1.svg\",\"caption\":\"Gifted HUB\"},\"image\":{\"@id\":\"https:\\\/\\\/gifted-hub.com\\\/fr\\\/#\\\/schema\\\/logo\\\/image\\\/\"}}]}<\/script>\n<!-- \/ Yoast SEO plugin. -->","yoast_head_json":{"title":"Professionnels - Gifted HUB","robots":{"index":"index","follow":"follow","max-snippet":"max-snippet:-1","max-image-preview":"max-image-preview:large","max-video-preview":"max-video-preview:-1"},"canonical":"https:\/\/gifted-hub.com\/fr\/professionnels\/","og_locale":"fr_FR","og_type":"article","og_title":"Professionnels - Gifted HUB","og_description":"La douance est une caract\u00e9ristique unique qui fa\u00e7onne souvent la mani\u00e8re dont les gens per\u00e7oivent et interagissent avec le monde. Pour les th\u00e9rapeutes, comprendre la douance est crucial, car elle influence le d\u00e9veloppement cognitif, social et \u00e9motionnel de mani\u00e8re qui ne correspond pas toujours aux attentes traditionnelles. Les individus dou\u00e9s\u2014enfants et adultes\u2014vivent souvent le monde [&hellip;]","og_url":"https:\/\/gifted-hub.com\/fr\/professionnels\/","og_site_name":"Gifted HUB","article_modified_time":"2024-10-28T09:20:32+00:00","og_image":[{"width":1024,"height":576,"url":"https:\/\/gifted-hub.com\/wp-content\/uploads\/2024\/10\/ecfec380-1fe5-4d65-9c4f-180517582404.jpg","type":"image\/jpeg"}],"twitter_card":"summary_large_image","twitter_misc":{"Dur\u00e9e de lecture estim\u00e9e":"3 minutes"},"schema":{"@context":"https:\/\/schema.org","@graph":[{"@type":"WebPage","@id":"https:\/\/gifted-hub.com\/fr\/professionnels\/","url":"https:\/\/gifted-hub.com\/fr\/professionnels\/","name":"Professionnels - Gifted HUB","isPartOf":{"@id":"https:\/\/gifted-hub.com\/fr\/#website"},"primaryImageOfPage":{"@id":"https:\/\/gifted-hub.com\/fr\/professionnels\/#primaryimage"},"image":{"@id":"https:\/\/gifted-hub.com\/fr\/professionnels\/#primaryimage"},"thumbnailUrl":"https:\/\/gifted-hub.com\/wp-content\/uploads\/2024\/10\/ecfec380-1fe5-4d65-9c4f-180517582404.jpg","datePublished":"2024-10-20T00:51:35+00:00","dateModified":"2024-10-28T09:20:32+00:00","breadcrumb":{"@id":"https:\/\/gifted-hub.com\/fr\/professionnels\/#breadcrumb"},"inLanguage":"fr-FR","potentialAction":[{"@type":"ReadAction","target":["https:\/\/gifted-hub.com\/fr\/professionnels\/"]}]},{"@type":"ImageObject","inLanguage":"fr-FR","@id":"https:\/\/gifted-hub.com\/fr\/professionnels\/#primaryimage","url":"https:\/\/gifted-hub.com\/wp-content\/uploads\/2024\/10\/ecfec380-1fe5-4d65-9c4f-180517582404.jpg","contentUrl":"https:\/\/gifted-hub.com\/wp-content\/uploads\/2024\/10\/ecfec380-1fe5-4d65-9c4f-180517582404.jpg","width":1024,"height":576},{"@type":"BreadcrumbList","@id":"https:\/\/gifted-hub.com\/fr\/professionnels\/#breadcrumb","itemListElement":[{"@type":"ListItem","position":1,"name":"Home","item":"https:\/\/gifted-hub.com\/fr\/accueil\/"},{"@type":"ListItem","position":2,"name":"Professionnels"}]},{"@type":"WebSite","@id":"https:\/\/gifted-hub.com\/fr\/#website","url":"https:\/\/gifted-hub.com\/fr\/","name":"Gifted HUB","description":"Un espace pour les hautes comp\u00e9tences","publisher":{"@id":"https:\/\/gifted-hub.com\/fr\/#organization"},"potentialAction":[{"@type":"SearchAction","target":{"@type":"EntryPoint","urlTemplate":"https:\/\/gifted-hub.com\/fr\/?s={search_term_string}"},"query-input":{"@type":"PropertyValueSpecification","valueRequired":true,"valueName":"search_term_string"}}],"inLanguage":"fr-FR"},{"@type":"Organization","@id":"https:\/\/gifted-hub.com\/fr\/#organization","name":"Gifted HUB","url":"https:\/\/gifted-hub.com\/fr\/","logo":{"@type":"ImageObject","inLanguage":"fr-FR","@id":"https:\/\/gifted-hub.com\/fr\/#\/schema\/logo\/image\/","url":"https:\/\/gifted-hub.com\/wp-content\/uploads\/2024\/07\/logo-1.svg","contentUrl":"https:\/\/gifted-hub.com\/wp-content\/uploads\/2024\/07\/logo-1.svg","caption":"Gifted HUB"},"image":{"@id":"https:\/\/gifted-hub.com\/fr\/#\/schema\/logo\/image\/"}}]}},"_links":{"self":[{"href":"https:\/\/gifted-hub.com\/fr\/wp-json\/wp\/v2\/pages\/15737","targetHints":{"allow":["GET"]}}],"collection":[{"href":"https:\/\/gifted-hub.com\/fr\/wp-json\/wp\/v2\/pages"}],"about":[{"href":"https:\/\/gifted-hub.com\/fr\/wp-json\/wp\/v2\/types\/page"}],"author":[{"embeddable":true,"href":"https:\/\/gifted-hub.com\/fr\/wp-json\/wp\/v2\/users\/1"}],"replies":[{"embeddable":true,"href":"https:\/\/gifted-hub.com\/fr\/wp-json\/wp\/v2\/comments?post=15737"}],"version-history":[{"count":2,"href":"https:\/\/gifted-hub.com\/fr\/wp-json\/wp\/v2\/pages\/15737\/revisions"}],"predecessor-version":[{"id":16684,"href":"https:\/\/gifted-hub.com\/fr\/wp-json\/wp\/v2\/pages\/15737\/revisions\/16684"}],"wp:featuredmedia":[{"embeddable":true,"href":"https:\/\/gifted-hub.com\/fr\/wp-json\/wp\/v2\/media\/15715"}],"wp:attachment":[{"href":"https:\/\/gifted-hub.com\/fr\/wp-json\/wp\/v2\/media?parent=15737"}],"wp:term":[{"taxonomy":"group-interest","embeddable":true,"href":"https:\/\/gifted-hub.com\/fr\/wp-json\/wp\/v2\/group-interest?post=15737"}],"curies":[{"name":"wp","href":"https:\/\/api.w.org\/{rel}","templated":true}]}}