{"id":15699,"date":"2024-10-19T13:22:33","date_gmt":"2024-10-19T13:22:33","guid":{"rendered":"https:\/\/gifted-hub.com\/enseignants\/programme-dacceleration-et-denrichissement\/"},"modified":"2024-10-19T14:18:56","modified_gmt":"2024-10-19T14:18:56","slug":"programme-dacceleration-et-denrichissement","status":"publish","type":"page","link":"https:\/\/gifted-hub.com\/fr\/enseignants\/programme-dacceleration-et-denrichissement\/","title":{"rendered":"Programme d&rsquo;acc\u00e9l\u00e9ration et d&rsquo;enrichissement"},"content":{"rendered":"\n<p>L&rsquo;acc\u00e9l\u00e9ration et l&rsquo;enrichissement dans l&rsquo;\u00e9ducation sont deux approches souvent utilis\u00e9es pour adapter l&rsquo;apprentissage aux besoins des \u00e9l\u00e8ves qui montrent une grande capacit\u00e9 \u00e0 comprendre et \u00e0 appliquer des concepts complexes. Ces approches font partie d&rsquo;une r\u00e9ponse \u00e9ducative visant \u00e0 lib\u00e9rer tout le potentiel des \u00e9l\u00e8ves ayant des capacit\u00e9s d&rsquo;apprentissage avanc\u00e9es. <\/p>\n\n<p><strong>L&rsquo;acc\u00e9l\u00e9ration<\/strong> consiste \u00e0 donner aux \u00e9l\u00e8ves la possibilit\u00e9 de progresser plus rapidement dans le mat\u00e9riel \u00e9ducatif. Cela peut signifier sauter une classe, commencer l&rsquo;\u00e9cole plus t\u00f4t que d&rsquo;habitude ou faire partie de classes plus avanc\u00e9es dans des mati\u00e8res sp\u00e9cifiques. Le but de l&rsquo;acc\u00e9l\u00e9ration n&rsquo;est pas seulement d&rsquo;augmenter le rythme, mais d&rsquo;adapter le niveau de d\u00e9fi aux capacit\u00e9s naturelles de l&rsquo;\u00e9l\u00e8ve, en veillant \u00e0 ce qu&rsquo;il soit engag\u00e9 et enthousiaste \u00e0 l&rsquo;id\u00e9e d&rsquo;apprendre. Des \u00e9tudes ont montr\u00e9 que l&rsquo;acc\u00e9l\u00e9ration est souvent r\u00e9ussie pour les \u00e9l\u00e8ves ayant des capacit\u00e9s avanc\u00e9es, en particulier lorsqu&rsquo;ils sont \u00e9valu\u00e9s de mani\u00e8re exhaustive pour d\u00e9terminer la meilleure ad\u00e9quation. Elle respecte les diff\u00e9rences individuelles et garantit que les \u00e9l\u00e8ves talentueux ne sont pas frein\u00e9s par un programme con\u00e7u pour des vitesses d&rsquo;apprentissage moyennes.    <\/p>\n\n<p>D&rsquo;autre part, le <strong>programme d&rsquo;enrichissement<\/strong> se concentre sur l&rsquo;expansion de l&rsquo;exp\u00e9rience d&rsquo;apprentissage sans changer le rythme de progression \u00e0 travers les niveaux scolaires. Cela peut inclure l&rsquo;ajout de profondeur aux sujets existants, la proposition de projets suppl\u00e9mentaires, l&rsquo;introduction des \u00e9l\u00e8ves \u00e0 de nouveaux domaines d&rsquo;\u00e9tude ou leur engagement dans des recherches plus cr\u00e9atives et ind\u00e9pendantes. L&rsquo;approche d&rsquo;enrichissement met l&rsquo;accent sur des parcours d&rsquo;apprentissage personnalis\u00e9s qui stimulent la cr\u00e9ativit\u00e9, la r\u00e9solution de probl\u00e8mes et la pens\u00e9e ind\u00e9pendante. Elle permet \u00e0 ces \u00e9l\u00e8ves de rester avec leurs pairs tout en les d\u00e9fiant d&rsquo;explorer au-del\u00e0 du programme standard.   <\/p>\n\n<p>L&rsquo;acc\u00e9l\u00e9ration et l&rsquo;enrichissement visent tous deux \u00e0 soutenir les \u00e9l\u00e8ves dans la r\u00e9alisation de leur potentiel de mani\u00e8re adapt\u00e9e \u00e0 leurs styles et besoins d&rsquo;apprentissage sp\u00e9cifiques. L&rsquo;acc\u00e9l\u00e9ration peut \u00eatre la meilleure voie pour un \u00e9l\u00e8ve pr\u00eat \u00e0 progresser rapidement et se sentant peu stimul\u00e9 dans son environnement actuel. L&rsquo;enrichissement, quant \u00e0 lui, est parfait pour les \u00e9l\u00e8ves qui b\u00e9n\u00e9ficient d&rsquo;une exploration plus approfondie des sujets ou de l&rsquo;exploration de leurs propres int\u00e9r\u00eats de mani\u00e8re cr\u00e9ative, sans quitter leur niveau scolaire actuel.  <\/p>\n\n<p>Les strat\u00e9gies \u00e9ducatives pour l&rsquo;acc\u00e9l\u00e9ration et l&rsquo;enrichissement n\u00e9cessitent une planification minutieuse et des \u00e9valuations individualis\u00e9es. Il est essentiel de respecter les besoins sociaux et \u00e9motionnels de l&rsquo;\u00e9l\u00e8ve tout en offrant des opportunit\u00e9s acad\u00e9miques appropri\u00e9es. Impliquer les familles et maintenir une communication ouverte avec les \u00e9ducateurs sont \u00e9galement des \u00e9l\u00e9ments cruciaux du processus, car ils aident \u00e0 garantir que ces apprenants avanc\u00e9s sont soutenus dans tous les aspects de leur d\u00e9veloppement. En donnant \u00e0 ces \u00e9l\u00e8ves la r\u00e9ponse \u00e9ducative appropri\u00e9e, nous pouvons les aider \u00e0 devenir des apprenants confiants, pr\u00eats \u00e0 apporter leurs talents uniques au monde.   <\/p>\n","protected":false},"excerpt":{"rendered":"<p>L&rsquo;acc\u00e9l\u00e9ration et l&rsquo;enrichissement dans l&rsquo;\u00e9ducation sont deux approches souvent utilis\u00e9es pour adapter l&rsquo;apprentissage aux besoins des \u00e9l\u00e8ves qui montrent une grande capacit\u00e9 \u00e0 comprendre et \u00e0 appliquer des concepts complexes. Ces approches font partie d&rsquo;une r\u00e9ponse \u00e9ducative visant \u00e0 lib\u00e9rer tout le potentiel des \u00e9l\u00e8ves ayant des capacit\u00e9s d&rsquo;apprentissage avanc\u00e9es. L&rsquo;acc\u00e9l\u00e9ration consiste \u00e0 donner aux [&hellip;]<\/p>\n","protected":false},"author":1,"featured_media":15657,"parent":15625,"menu_order":0,"comment_status":"closed","ping_status":"closed","template":"","meta":{"_acf_changed":false,"inline_featured_image":false,"footnotes":""},"group-interest":[],"class_list":["post-15699","page","type-page","status-publish","has-post-thumbnail","hentry"],"acf":[],"yoast_head":"<!-- This site is optimized with the Yoast SEO plugin v27.4 - https:\/\/yoast.com\/product\/yoast-seo-wordpress\/ -->\n<title>Programme d&#039;acc\u00e9l\u00e9ration et d&#039;enrichissement - Gifted HUB<\/title>\n<meta name=\"robots\" content=\"index, follow, max-snippet:-1, max-image-preview:large, max-video-preview:-1\" \/>\n<link rel=\"canonical\" href=\"https:\/\/gifted-hub.com\/fr\/enseignants\/programme-dacceleration-et-denrichissement\/\" \/>\n<meta property=\"og:locale\" content=\"fr_FR\" \/>\n<meta property=\"og:type\" content=\"article\" \/>\n<meta property=\"og:title\" content=\"Programme d&#039;acc\u00e9l\u00e9ration et d&#039;enrichissement - Gifted HUB\" \/>\n<meta property=\"og:description\" content=\"L&rsquo;acc\u00e9l\u00e9ration et l&rsquo;enrichissement dans l&rsquo;\u00e9ducation sont deux approches souvent utilis\u00e9es pour adapter l&rsquo;apprentissage aux besoins des \u00e9l\u00e8ves qui montrent une grande capacit\u00e9 \u00e0 comprendre et \u00e0 appliquer des concepts complexes. Ces approches font partie d&rsquo;une r\u00e9ponse \u00e9ducative visant \u00e0 lib\u00e9rer tout le potentiel des \u00e9l\u00e8ves ayant des capacit\u00e9s d&rsquo;apprentissage avanc\u00e9es. L&rsquo;acc\u00e9l\u00e9ration consiste \u00e0 donner aux [&hellip;]\" \/>\n<meta property=\"og:url\" content=\"https:\/\/gifted-hub.com\/fr\/enseignants\/programme-dacceleration-et-denrichissement\/\" \/>\n<meta property=\"og:site_name\" content=\"Gifted HUB\" \/>\n<meta property=\"article:modified_time\" content=\"2024-10-19T14:18:56+00:00\" \/>\n<meta property=\"og:image\" content=\"https:\/\/gifted-hub.com\/wp-content\/uploads\/2024\/10\/djwvzy4pkgu.jpg\" \/>\n\t<meta property=\"og:image:width\" content=\"1600\" \/>\n\t<meta property=\"og:image:height\" content=\"1067\" \/>\n\t<meta property=\"og:image:type\" content=\"image\/jpeg\" \/>\n<meta name=\"twitter:card\" content=\"summary_large_image\" \/>\n<meta name=\"twitter:label1\" content=\"Dur\u00e9e de lecture estim\u00e9e\" \/>\n\t<meta name=\"twitter:data1\" content=\"3 minutes\" \/>\n<script type=\"application\/ld+json\" class=\"yoast-schema-graph\">{\"@context\":\"https:\\\/\\\/schema.org\",\"@graph\":[{\"@type\":\"WebPage\",\"@id\":\"https:\\\/\\\/gifted-hub.com\\\/fr\\\/enseignants\\\/programme-dacceleration-et-denrichissement\\\/\",\"url\":\"https:\\\/\\\/gifted-hub.com\\\/fr\\\/enseignants\\\/programme-dacceleration-et-denrichissement\\\/\",\"name\":\"Programme d'acc\u00e9l\u00e9ration et d'enrichissement - Gifted HUB\",\"isPartOf\":{\"@id\":\"https:\\\/\\\/gifted-hub.com\\\/fr\\\/#website\"},\"primaryImageOfPage\":{\"@id\":\"https:\\\/\\\/gifted-hub.com\\\/fr\\\/enseignants\\\/programme-dacceleration-et-denrichissement\\\/#primaryimage\"},\"image\":{\"@id\":\"https:\\\/\\\/gifted-hub.com\\\/fr\\\/enseignants\\\/programme-dacceleration-et-denrichissement\\\/#primaryimage\"},\"thumbnailUrl\":\"https:\\\/\\\/gifted-hub.com\\\/wp-content\\\/uploads\\\/2024\\\/10\\\/djwvzy4pkgu.jpg\",\"datePublished\":\"2024-10-19T13:22:33+00:00\",\"dateModified\":\"2024-10-19T14:18:56+00:00\",\"breadcrumb\":{\"@id\":\"https:\\\/\\\/gifted-hub.com\\\/fr\\\/enseignants\\\/programme-dacceleration-et-denrichissement\\\/#breadcrumb\"},\"inLanguage\":\"fr-FR\",\"potentialAction\":[{\"@type\":\"ReadAction\",\"target\":[\"https:\\\/\\\/gifted-hub.com\\\/fr\\\/enseignants\\\/programme-dacceleration-et-denrichissement\\\/\"]}]},{\"@type\":\"ImageObject\",\"inLanguage\":\"fr-FR\",\"@id\":\"https:\\\/\\\/gifted-hub.com\\\/fr\\\/enseignants\\\/programme-dacceleration-et-denrichissement\\\/#primaryimage\",\"url\":\"https:\\\/\\\/gifted-hub.com\\\/wp-content\\\/uploads\\\/2024\\\/10\\\/djwvzy4pkgu.jpg\",\"contentUrl\":\"https:\\\/\\\/gifted-hub.com\\\/wp-content\\\/uploads\\\/2024\\\/10\\\/djwvzy4pkgu.jpg\",\"width\":1600,\"height\":1067},{\"@type\":\"BreadcrumbList\",\"@id\":\"https:\\\/\\\/gifted-hub.com\\\/fr\\\/enseignants\\\/programme-dacceleration-et-denrichissement\\\/#breadcrumb\",\"itemListElement\":[{\"@type\":\"ListItem\",\"position\":1,\"name\":\"Home\",\"item\":\"https:\\\/\\\/gifted-hub.com\\\/fr\\\/accueil\\\/\"},{\"@type\":\"ListItem\",\"position\":2,\"name\":\"Enseignants\",\"item\":\"https:\\\/\\\/gifted-hub.com\\\/fr\\\/enseignants\\\/\"},{\"@type\":\"ListItem\",\"position\":3,\"name\":\"Programme d&#8217;acc\u00e9l\u00e9ration et d&#8217;enrichissement\"}]},{\"@type\":\"WebSite\",\"@id\":\"https:\\\/\\\/gifted-hub.com\\\/fr\\\/#website\",\"url\":\"https:\\\/\\\/gifted-hub.com\\\/fr\\\/\",\"name\":\"Gifted HUB\",\"description\":\"Un espace pour les hautes comp\u00e9tences\",\"publisher\":{\"@id\":\"https:\\\/\\\/gifted-hub.com\\\/fr\\\/#organization\"},\"potentialAction\":[{\"@type\":\"SearchAction\",\"target\":{\"@type\":\"EntryPoint\",\"urlTemplate\":\"https:\\\/\\\/gifted-hub.com\\\/fr\\\/?s={search_term_string}\"},\"query-input\":{\"@type\":\"PropertyValueSpecification\",\"valueRequired\":true,\"valueName\":\"search_term_string\"}}],\"inLanguage\":\"fr-FR\"},{\"@type\":\"Organization\",\"@id\":\"https:\\\/\\\/gifted-hub.com\\\/fr\\\/#organization\",\"name\":\"Gifted HUB\",\"url\":\"https:\\\/\\\/gifted-hub.com\\\/fr\\\/\",\"logo\":{\"@type\":\"ImageObject\",\"inLanguage\":\"fr-FR\",\"@id\":\"https:\\\/\\\/gifted-hub.com\\\/fr\\\/#\\\/schema\\\/logo\\\/image\\\/\",\"url\":\"https:\\\/\\\/gifted-hub.com\\\/wp-content\\\/uploads\\\/2024\\\/07\\\/logo-1.svg\",\"contentUrl\":\"https:\\\/\\\/gifted-hub.com\\\/wp-content\\\/uploads\\\/2024\\\/07\\\/logo-1.svg\",\"caption\":\"Gifted HUB\"},\"image\":{\"@id\":\"https:\\\/\\\/gifted-hub.com\\\/fr\\\/#\\\/schema\\\/logo\\\/image\\\/\"}}]}<\/script>\n<!-- \/ Yoast SEO plugin. -->","yoast_head_json":{"title":"Programme d'acc\u00e9l\u00e9ration et d'enrichissement - Gifted HUB","robots":{"index":"index","follow":"follow","max-snippet":"max-snippet:-1","max-image-preview":"max-image-preview:large","max-video-preview":"max-video-preview:-1"},"canonical":"https:\/\/gifted-hub.com\/fr\/enseignants\/programme-dacceleration-et-denrichissement\/","og_locale":"fr_FR","og_type":"article","og_title":"Programme d'acc\u00e9l\u00e9ration et d'enrichissement - Gifted HUB","og_description":"L&rsquo;acc\u00e9l\u00e9ration et l&rsquo;enrichissement dans l&rsquo;\u00e9ducation sont deux approches souvent utilis\u00e9es pour adapter l&rsquo;apprentissage aux besoins des \u00e9l\u00e8ves qui montrent une grande capacit\u00e9 \u00e0 comprendre et \u00e0 appliquer des concepts complexes. Ces approches font partie d&rsquo;une r\u00e9ponse \u00e9ducative visant \u00e0 lib\u00e9rer tout le potentiel des \u00e9l\u00e8ves ayant des capacit\u00e9s d&rsquo;apprentissage avanc\u00e9es. L&rsquo;acc\u00e9l\u00e9ration consiste \u00e0 donner aux [&hellip;]","og_url":"https:\/\/gifted-hub.com\/fr\/enseignants\/programme-dacceleration-et-denrichissement\/","og_site_name":"Gifted HUB","article_modified_time":"2024-10-19T14:18:56+00:00","og_image":[{"width":1600,"height":1067,"url":"https:\/\/gifted-hub.com\/wp-content\/uploads\/2024\/10\/djwvzy4pkgu.jpg","type":"image\/jpeg"}],"twitter_card":"summary_large_image","twitter_misc":{"Dur\u00e9e de lecture estim\u00e9e":"3 minutes"},"schema":{"@context":"https:\/\/schema.org","@graph":[{"@type":"WebPage","@id":"https:\/\/gifted-hub.com\/fr\/enseignants\/programme-dacceleration-et-denrichissement\/","url":"https:\/\/gifted-hub.com\/fr\/enseignants\/programme-dacceleration-et-denrichissement\/","name":"Programme d'acc\u00e9l\u00e9ration et d'enrichissement - Gifted HUB","isPartOf":{"@id":"https:\/\/gifted-hub.com\/fr\/#website"},"primaryImageOfPage":{"@id":"https:\/\/gifted-hub.com\/fr\/enseignants\/programme-dacceleration-et-denrichissement\/#primaryimage"},"image":{"@id":"https:\/\/gifted-hub.com\/fr\/enseignants\/programme-dacceleration-et-denrichissement\/#primaryimage"},"thumbnailUrl":"https:\/\/gifted-hub.com\/wp-content\/uploads\/2024\/10\/djwvzy4pkgu.jpg","datePublished":"2024-10-19T13:22:33+00:00","dateModified":"2024-10-19T14:18:56+00:00","breadcrumb":{"@id":"https:\/\/gifted-hub.com\/fr\/enseignants\/programme-dacceleration-et-denrichissement\/#breadcrumb"},"inLanguage":"fr-FR","potentialAction":[{"@type":"ReadAction","target":["https:\/\/gifted-hub.com\/fr\/enseignants\/programme-dacceleration-et-denrichissement\/"]}]},{"@type":"ImageObject","inLanguage":"fr-FR","@id":"https:\/\/gifted-hub.com\/fr\/enseignants\/programme-dacceleration-et-denrichissement\/#primaryimage","url":"https:\/\/gifted-hub.com\/wp-content\/uploads\/2024\/10\/djwvzy4pkgu.jpg","contentUrl":"https:\/\/gifted-hub.com\/wp-content\/uploads\/2024\/10\/djwvzy4pkgu.jpg","width":1600,"height":1067},{"@type":"BreadcrumbList","@id":"https:\/\/gifted-hub.com\/fr\/enseignants\/programme-dacceleration-et-denrichissement\/#breadcrumb","itemListElement":[{"@type":"ListItem","position":1,"name":"Home","item":"https:\/\/gifted-hub.com\/fr\/accueil\/"},{"@type":"ListItem","position":2,"name":"Enseignants","item":"https:\/\/gifted-hub.com\/fr\/enseignants\/"},{"@type":"ListItem","position":3,"name":"Programme d&#8217;acc\u00e9l\u00e9ration et d&#8217;enrichissement"}]},{"@type":"WebSite","@id":"https:\/\/gifted-hub.com\/fr\/#website","url":"https:\/\/gifted-hub.com\/fr\/","name":"Gifted HUB","description":"Un espace pour les hautes comp\u00e9tences","publisher":{"@id":"https:\/\/gifted-hub.com\/fr\/#organization"},"potentialAction":[{"@type":"SearchAction","target":{"@type":"EntryPoint","urlTemplate":"https:\/\/gifted-hub.com\/fr\/?s={search_term_string}"},"query-input":{"@type":"PropertyValueSpecification","valueRequired":true,"valueName":"search_term_string"}}],"inLanguage":"fr-FR"},{"@type":"Organization","@id":"https:\/\/gifted-hub.com\/fr\/#organization","name":"Gifted HUB","url":"https:\/\/gifted-hub.com\/fr\/","logo":{"@type":"ImageObject","inLanguage":"fr-FR","@id":"https:\/\/gifted-hub.com\/fr\/#\/schema\/logo\/image\/","url":"https:\/\/gifted-hub.com\/wp-content\/uploads\/2024\/07\/logo-1.svg","contentUrl":"https:\/\/gifted-hub.com\/wp-content\/uploads\/2024\/07\/logo-1.svg","caption":"Gifted HUB"},"image":{"@id":"https:\/\/gifted-hub.com\/fr\/#\/schema\/logo\/image\/"}}]}},"_links":{"self":[{"href":"https:\/\/gifted-hub.com\/fr\/wp-json\/wp\/v2\/pages\/15699","targetHints":{"allow":["GET"]}}],"collection":[{"href":"https:\/\/gifted-hub.com\/fr\/wp-json\/wp\/v2\/pages"}],"about":[{"href":"https:\/\/gifted-hub.com\/fr\/wp-json\/wp\/v2\/types\/page"}],"author":[{"embeddable":true,"href":"https:\/\/gifted-hub.com\/fr\/wp-json\/wp\/v2\/users\/1"}],"replies":[{"embeddable":true,"href":"https:\/\/gifted-hub.com\/fr\/wp-json\/wp\/v2\/comments?post=15699"}],"version-history":[{"count":1,"href":"https:\/\/gifted-hub.com\/fr\/wp-json\/wp\/v2\/pages\/15699\/revisions"}],"predecessor-version":[{"id":15700,"href":"https:\/\/gifted-hub.com\/fr\/wp-json\/wp\/v2\/pages\/15699\/revisions\/15700"}],"up":[{"embeddable":true,"href":"https:\/\/gifted-hub.com\/fr\/wp-json\/wp\/v2\/pages\/15625"}],"wp:featuredmedia":[{"embeddable":true,"href":"https:\/\/gifted-hub.com\/fr\/wp-json\/wp\/v2\/media\/15657"}],"wp:attachment":[{"href":"https:\/\/gifted-hub.com\/fr\/wp-json\/wp\/v2\/media?parent=15699"}],"wp:term":[{"taxonomy":"group-interest","embeddable":true,"href":"https:\/\/gifted-hub.com\/fr\/wp-json\/wp\/v2\/group-interest?post=15699"}],"curies":[{"name":"wp","href":"https:\/\/api.w.org\/{rel}","templated":true}]}}