{"id":15625,"date":"2024-10-19T11:50:20","date_gmt":"2024-10-19T11:50:20","guid":{"rendered":"https:\/\/gifted-hub.com\/enseignants\/"},"modified":"2024-10-28T09:17:14","modified_gmt":"2024-10-28T09:17:14","slug":"enseignants","status":"publish","type":"page","link":"https:\/\/gifted-hub.com\/fr\/enseignants\/","title":{"rendered":"Enseignants"},"content":{"rendered":"\n<p>Lorsque vous \u00eates enseignant et que vous cherchez des moyens de soutenir <a href=\"https:\/\/gifted-hub.com\/pt-pt\/o-que-sao-altas-habilidades\/compreender-a-sobredotacao-como-uma-construcao-social\/\" data-type=\"page\" data-id=\"15070\">les \u00e9l\u00e8ves surdou\u00e9s<\/a>, il est crucial de commencer par comprendre les dynamiques uniques que ces enfants vivent en classe. Les \u00e9l\u00e8ves surdou\u00e9s se retrouvent souvent dans des environnements o\u00f9 leurs capacit\u00e9s avanc\u00e9es peuvent \u00eatre soit encourag\u00e9es, soit mal comprises. L&rsquo;\u00e9cole peut \u00eatre une source de joie immense pour eux si les d\u00e9fis pr\u00e9sent\u00e9s correspondent \u00e0 leur curiosit\u00e9 intellectuelle. Pourtant, pour de nombreux enfants surdou\u00e9s, c&rsquo;est aussi un endroit o\u00f9 ils rencontrent des <a href=\"https:\/\/gifted-hub.com\/pt-pt\/individuos\/enfrentando-desafios-nos-relacionamentos\/\" data-type=\"page\" data-id=\"15142\">difficult\u00e9s sociales<\/a>, de l&rsquo;ennui ou de la frustration en raison d&rsquo;un manque de stimulation acad\u00e9mique appropri\u00e9e.   <\/p>\n\n<p>Ces \u00e9l\u00e8ves peuvent entrer \u00e0 l&rsquo;\u00e9cole d\u00e9j\u00e0 en avance dans certaines comp\u00e9tences\u2014capables de lire, de comprendre les chiffres ou de saisir des id\u00e9es complexes bien avant leurs camarades. Si le rythme de la classe est trop lent, ou si leurs talents ne sont pas reconnus, cela peut entra\u00eener des sentiments d&rsquo;isolement. Imaginez devoir r\u00e9p\u00e9ter des le\u00e7ons que vous avez d\u00e9j\u00e0 ma\u00eetris\u00e9es, ou pire, \u00eatre accus\u00e9 de \u00ab\u00a0frimer\u00a0\u00bb lorsque vous partagez avec enthousiasme vos connaissances. Pour un enfant dont l&rsquo;esprit est constamment \u00e0 la recherche de nouvelles id\u00e9es, \u00eatre retenu peut donner l&rsquo;impression d&rsquo;\u00eatre pi\u00e9g\u00e9.   <\/p>\n\n<p>En tant qu&rsquo;enseignant, <strong>reconna\u00eetre les besoins \u00e9motionnels<\/strong> des \u00e9l\u00e8ves surdou\u00e9s est aussi important que de r\u00e9pondre \u00e0 leurs exigences acad\u00e9miques. Il est facile de supposer que parce qu&rsquo;ils r\u00e9ussissent bien, ils n&rsquo;ont pas besoin d&rsquo;attention suppl\u00e9mentaire. Mais tout comme n&rsquo;importe quel autre \u00e9l\u00e8ve, les enfants surdou\u00e9s ont besoin de se sentir compris et stimul\u00e9s. Sans cet \u00e9quilibre, leur enthousiasme pour l&rsquo;apprentissage peut rapidement s&rsquo;estomper, entra\u00eenant de l&rsquo;ennui, des probl\u00e8mes de comportement ou m\u00eame de l&rsquo;anxi\u00e9t\u00e9.   <\/p>\n\n<p>Les enseignants peuvent parfois avoir du mal \u00e0 s&rsquo;adapter aux besoins diversifi\u00e9s au sein d&rsquo;une classe. Cela est compr\u00e9hensible, compte tenu du nombre d&rsquo;\u00e9l\u00e8ves et de la gamme de capacit\u00e9s qui doivent \u00eatre prises en compte. Cependant, avec les \u00e9l\u00e8ves surdou\u00e9s, m\u00eame <strong>de petits changements peuvent avoir un impact significatif<\/strong>. Leur offrir des opportunit\u00e9s d&rsquo;exploration plus approfondie dans leurs domaines d&rsquo;int\u00e9r\u00eat, leur donner de l&rsquo;espace pour travailler de mani\u00e8re ind\u00e9pendante et leur permettre de se connecter avec des pairs ayant des capacit\u00e9s similaires peuvent transformer leur exp\u00e9rience \u00e0 l&rsquo;\u00e9cole.   <\/p>\n\n<p>Pour de nombreux enfants surdou\u00e9s, l&rsquo;\u00e9cole est le premier endroit o\u00f9 ils rencontrent la r\u00e9alit\u00e9 que tout le monde autour d&rsquo;eux ne pense pas ou n&rsquo;apprend pas de la m\u00eame mani\u00e8re. Cette r\u00e9alisation peut \u00eatre \u00e0 la fois \u00e9clairante et d\u00e9courageante. C&rsquo;est pourquoi il est essentiel que les enseignants favorisent des environnements o\u00f9 les \u00e9l\u00e8ves surdou\u00e9s peuvent se sentir \u00e0 la fois stimul\u00e9s et soutenus, en veillant \u00e0 ce qu&rsquo;ils ne perdent pas leur amour pour l&rsquo;apprentissage ou leur confiance en leurs capacit\u00e9s.  <\/p>\n","protected":false},"excerpt":{"rendered":"<p>Lorsque vous \u00eates enseignant et que vous cherchez des moyens de soutenir les \u00e9l\u00e8ves surdou\u00e9s, il est crucial de commencer par comprendre les dynamiques uniques que ces enfants vivent en classe. Les \u00e9l\u00e8ves surdou\u00e9s se retrouvent souvent dans des environnements o\u00f9 leurs capacit\u00e9s avanc\u00e9es peuvent \u00eatre soit encourag\u00e9es, soit mal comprises. L&rsquo;\u00e9cole peut \u00eatre une [&hellip;]<\/p>\n","protected":false},"author":1,"featured_media":15609,"parent":0,"menu_order":0,"comment_status":"closed","ping_status":"closed","template":"","meta":{"_acf_changed":false,"inline_featured_image":false,"footnotes":""},"group-interest":[182],"class_list":["post-15625","page","type-page","status-publish","has-post-thumbnail","hentry","group-interest-teachers-fr"],"acf":[],"yoast_head":"<!-- This site is optimized with the Yoast SEO plugin v27.4 - https:\/\/yoast.com\/product\/yoast-seo-wordpress\/ -->\n<title>Enseignants - Gifted HUB<\/title>\n<meta name=\"robots\" content=\"index, follow, max-snippet:-1, max-image-preview:large, max-video-preview:-1\" \/>\n<link rel=\"canonical\" href=\"https:\/\/gifted-hub.com\/fr\/enseignants\/\" \/>\n<meta property=\"og:locale\" content=\"fr_FR\" \/>\n<meta property=\"og:type\" content=\"article\" \/>\n<meta property=\"og:title\" content=\"Enseignants - Gifted HUB\" \/>\n<meta property=\"og:description\" content=\"Lorsque vous \u00eates enseignant et que vous cherchez des moyens de soutenir les \u00e9l\u00e8ves surdou\u00e9s, il est crucial de commencer par comprendre les dynamiques uniques que ces enfants vivent en classe. Les \u00e9l\u00e8ves surdou\u00e9s se retrouvent souvent dans des environnements o\u00f9 leurs capacit\u00e9s avanc\u00e9es peuvent \u00eatre soit encourag\u00e9es, soit mal comprises. L&rsquo;\u00e9cole peut \u00eatre une [&hellip;]\" \/>\n<meta property=\"og:url\" content=\"https:\/\/gifted-hub.com\/fr\/enseignants\/\" \/>\n<meta property=\"og:site_name\" content=\"Gifted HUB\" \/>\n<meta property=\"article:modified_time\" content=\"2024-10-28T09:17:14+00:00\" \/>\n<meta property=\"og:image\" content=\"https:\/\/gifted-hub.com\/wp-content\/uploads\/2024\/10\/24e5974c-00eb-4525-9293-a3ac61c51f32.jpg\" \/>\n\t<meta property=\"og:image:width\" content=\"1024\" \/>\n\t<meta property=\"og:image:height\" content=\"685\" \/>\n\t<meta property=\"og:image:type\" content=\"image\/jpeg\" \/>\n<meta name=\"twitter:card\" content=\"summary_large_image\" \/>\n<meta name=\"twitter:label1\" content=\"Dur\u00e9e de lecture estim\u00e9e\" \/>\n\t<meta name=\"twitter:data1\" content=\"3 minutes\" \/>\n<script type=\"application\/ld+json\" class=\"yoast-schema-graph\">{\"@context\":\"https:\\\/\\\/schema.org\",\"@graph\":[{\"@type\":\"WebPage\",\"@id\":\"https:\\\/\\\/gifted-hub.com\\\/fr\\\/enseignants\\\/\",\"url\":\"https:\\\/\\\/gifted-hub.com\\\/fr\\\/enseignants\\\/\",\"name\":\"Enseignants - Gifted HUB\",\"isPartOf\":{\"@id\":\"https:\\\/\\\/gifted-hub.com\\\/fr\\\/#website\"},\"primaryImageOfPage\":{\"@id\":\"https:\\\/\\\/gifted-hub.com\\\/fr\\\/enseignants\\\/#primaryimage\"},\"image\":{\"@id\":\"https:\\\/\\\/gifted-hub.com\\\/fr\\\/enseignants\\\/#primaryimage\"},\"thumbnailUrl\":\"https:\\\/\\\/gifted-hub.com\\\/wp-content\\\/uploads\\\/2024\\\/10\\\/24e5974c-00eb-4525-9293-a3ac61c51f32.jpg\",\"datePublished\":\"2024-10-19T11:50:20+00:00\",\"dateModified\":\"2024-10-28T09:17:14+00:00\",\"breadcrumb\":{\"@id\":\"https:\\\/\\\/gifted-hub.com\\\/fr\\\/enseignants\\\/#breadcrumb\"},\"inLanguage\":\"fr-FR\",\"potentialAction\":[{\"@type\":\"ReadAction\",\"target\":[\"https:\\\/\\\/gifted-hub.com\\\/fr\\\/enseignants\\\/\"]}]},{\"@type\":\"ImageObject\",\"inLanguage\":\"fr-FR\",\"@id\":\"https:\\\/\\\/gifted-hub.com\\\/fr\\\/enseignants\\\/#primaryimage\",\"url\":\"https:\\\/\\\/gifted-hub.com\\\/wp-content\\\/uploads\\\/2024\\\/10\\\/24e5974c-00eb-4525-9293-a3ac61c51f32.jpg\",\"contentUrl\":\"https:\\\/\\\/gifted-hub.com\\\/wp-content\\\/uploads\\\/2024\\\/10\\\/24e5974c-00eb-4525-9293-a3ac61c51f32.jpg\",\"width\":1024,\"height\":685},{\"@type\":\"BreadcrumbList\",\"@id\":\"https:\\\/\\\/gifted-hub.com\\\/fr\\\/enseignants\\\/#breadcrumb\",\"itemListElement\":[{\"@type\":\"ListItem\",\"position\":1,\"name\":\"Home\",\"item\":\"https:\\\/\\\/gifted-hub.com\\\/fr\\\/accueil\\\/\"},{\"@type\":\"ListItem\",\"position\":2,\"name\":\"Enseignants\"}]},{\"@type\":\"WebSite\",\"@id\":\"https:\\\/\\\/gifted-hub.com\\\/fr\\\/#website\",\"url\":\"https:\\\/\\\/gifted-hub.com\\\/fr\\\/\",\"name\":\"Gifted HUB\",\"description\":\"Un espace pour les hautes comp\u00e9tences\",\"publisher\":{\"@id\":\"https:\\\/\\\/gifted-hub.com\\\/fr\\\/#organization\"},\"potentialAction\":[{\"@type\":\"SearchAction\",\"target\":{\"@type\":\"EntryPoint\",\"urlTemplate\":\"https:\\\/\\\/gifted-hub.com\\\/fr\\\/?s={search_term_string}\"},\"query-input\":{\"@type\":\"PropertyValueSpecification\",\"valueRequired\":true,\"valueName\":\"search_term_string\"}}],\"inLanguage\":\"fr-FR\"},{\"@type\":\"Organization\",\"@id\":\"https:\\\/\\\/gifted-hub.com\\\/fr\\\/#organization\",\"name\":\"Gifted HUB\",\"url\":\"https:\\\/\\\/gifted-hub.com\\\/fr\\\/\",\"logo\":{\"@type\":\"ImageObject\",\"inLanguage\":\"fr-FR\",\"@id\":\"https:\\\/\\\/gifted-hub.com\\\/fr\\\/#\\\/schema\\\/logo\\\/image\\\/\",\"url\":\"https:\\\/\\\/gifted-hub.com\\\/wp-content\\\/uploads\\\/2024\\\/07\\\/logo-1.svg\",\"contentUrl\":\"https:\\\/\\\/gifted-hub.com\\\/wp-content\\\/uploads\\\/2024\\\/07\\\/logo-1.svg\",\"caption\":\"Gifted HUB\"},\"image\":{\"@id\":\"https:\\\/\\\/gifted-hub.com\\\/fr\\\/#\\\/schema\\\/logo\\\/image\\\/\"}}]}<\/script>\n<!-- \/ Yoast SEO plugin. -->","yoast_head_json":{"title":"Enseignants - Gifted HUB","robots":{"index":"index","follow":"follow","max-snippet":"max-snippet:-1","max-image-preview":"max-image-preview:large","max-video-preview":"max-video-preview:-1"},"canonical":"https:\/\/gifted-hub.com\/fr\/enseignants\/","og_locale":"fr_FR","og_type":"article","og_title":"Enseignants - Gifted HUB","og_description":"Lorsque vous \u00eates enseignant et que vous cherchez des moyens de soutenir les \u00e9l\u00e8ves surdou\u00e9s, il est crucial de commencer par comprendre les dynamiques uniques que ces enfants vivent en classe. Les \u00e9l\u00e8ves surdou\u00e9s se retrouvent souvent dans des environnements o\u00f9 leurs capacit\u00e9s avanc\u00e9es peuvent \u00eatre soit encourag\u00e9es, soit mal comprises. L&rsquo;\u00e9cole peut \u00eatre une [&hellip;]","og_url":"https:\/\/gifted-hub.com\/fr\/enseignants\/","og_site_name":"Gifted HUB","article_modified_time":"2024-10-28T09:17:14+00:00","og_image":[{"width":1024,"height":685,"url":"https:\/\/gifted-hub.com\/wp-content\/uploads\/2024\/10\/24e5974c-00eb-4525-9293-a3ac61c51f32.jpg","type":"image\/jpeg"}],"twitter_card":"summary_large_image","twitter_misc":{"Dur\u00e9e de lecture estim\u00e9e":"3 minutes"},"schema":{"@context":"https:\/\/schema.org","@graph":[{"@type":"WebPage","@id":"https:\/\/gifted-hub.com\/fr\/enseignants\/","url":"https:\/\/gifted-hub.com\/fr\/enseignants\/","name":"Enseignants - Gifted HUB","isPartOf":{"@id":"https:\/\/gifted-hub.com\/fr\/#website"},"primaryImageOfPage":{"@id":"https:\/\/gifted-hub.com\/fr\/enseignants\/#primaryimage"},"image":{"@id":"https:\/\/gifted-hub.com\/fr\/enseignants\/#primaryimage"},"thumbnailUrl":"https:\/\/gifted-hub.com\/wp-content\/uploads\/2024\/10\/24e5974c-00eb-4525-9293-a3ac61c51f32.jpg","datePublished":"2024-10-19T11:50:20+00:00","dateModified":"2024-10-28T09:17:14+00:00","breadcrumb":{"@id":"https:\/\/gifted-hub.com\/fr\/enseignants\/#breadcrumb"},"inLanguage":"fr-FR","potentialAction":[{"@type":"ReadAction","target":["https:\/\/gifted-hub.com\/fr\/enseignants\/"]}]},{"@type":"ImageObject","inLanguage":"fr-FR","@id":"https:\/\/gifted-hub.com\/fr\/enseignants\/#primaryimage","url":"https:\/\/gifted-hub.com\/wp-content\/uploads\/2024\/10\/24e5974c-00eb-4525-9293-a3ac61c51f32.jpg","contentUrl":"https:\/\/gifted-hub.com\/wp-content\/uploads\/2024\/10\/24e5974c-00eb-4525-9293-a3ac61c51f32.jpg","width":1024,"height":685},{"@type":"BreadcrumbList","@id":"https:\/\/gifted-hub.com\/fr\/enseignants\/#breadcrumb","itemListElement":[{"@type":"ListItem","position":1,"name":"Home","item":"https:\/\/gifted-hub.com\/fr\/accueil\/"},{"@type":"ListItem","position":2,"name":"Enseignants"}]},{"@type":"WebSite","@id":"https:\/\/gifted-hub.com\/fr\/#website","url":"https:\/\/gifted-hub.com\/fr\/","name":"Gifted HUB","description":"Un espace pour les hautes comp\u00e9tences","publisher":{"@id":"https:\/\/gifted-hub.com\/fr\/#organization"},"potentialAction":[{"@type":"SearchAction","target":{"@type":"EntryPoint","urlTemplate":"https:\/\/gifted-hub.com\/fr\/?s={search_term_string}"},"query-input":{"@type":"PropertyValueSpecification","valueRequired":true,"valueName":"search_term_string"}}],"inLanguage":"fr-FR"},{"@type":"Organization","@id":"https:\/\/gifted-hub.com\/fr\/#organization","name":"Gifted HUB","url":"https:\/\/gifted-hub.com\/fr\/","logo":{"@type":"ImageObject","inLanguage":"fr-FR","@id":"https:\/\/gifted-hub.com\/fr\/#\/schema\/logo\/image\/","url":"https:\/\/gifted-hub.com\/wp-content\/uploads\/2024\/07\/logo-1.svg","contentUrl":"https:\/\/gifted-hub.com\/wp-content\/uploads\/2024\/07\/logo-1.svg","caption":"Gifted HUB"},"image":{"@id":"https:\/\/gifted-hub.com\/fr\/#\/schema\/logo\/image\/"}}]}},"_links":{"self":[{"href":"https:\/\/gifted-hub.com\/fr\/wp-json\/wp\/v2\/pages\/15625","targetHints":{"allow":["GET"]}}],"collection":[{"href":"https:\/\/gifted-hub.com\/fr\/wp-json\/wp\/v2\/pages"}],"about":[{"href":"https:\/\/gifted-hub.com\/fr\/wp-json\/wp\/v2\/types\/page"}],"author":[{"embeddable":true,"href":"https:\/\/gifted-hub.com\/fr\/wp-json\/wp\/v2\/users\/1"}],"replies":[{"embeddable":true,"href":"https:\/\/gifted-hub.com\/fr\/wp-json\/wp\/v2\/comments?post=15625"}],"version-history":[{"count":7,"href":"https:\/\/gifted-hub.com\/fr\/wp-json\/wp\/v2\/pages\/15625\/revisions"}],"predecessor-version":[{"id":16399,"href":"https:\/\/gifted-hub.com\/fr\/wp-json\/wp\/v2\/pages\/15625\/revisions\/16399"}],"wp:featuredmedia":[{"embeddable":true,"href":"https:\/\/gifted-hub.com\/fr\/wp-json\/wp\/v2\/media\/15609"}],"wp:attachment":[{"href":"https:\/\/gifted-hub.com\/fr\/wp-json\/wp\/v2\/media?parent=15625"}],"wp:term":[{"taxonomy":"group-interest","embeddable":true,"href":"https:\/\/gifted-hub.com\/fr\/wp-json\/wp\/v2\/group-interest?post=15625"}],"curies":[{"name":"wp","href":"https:\/\/api.w.org\/{rel}","templated":true}]}}