{"id":15572,"date":"2024-09-08T22:52:12","date_gmt":"2024-09-08T22:52:12","guid":{"rendered":"https:\/\/gifted-hub.com\/famille\/nos-enfants-et-leurs-competences-sociales\/"},"modified":"2024-10-19T00:52:36","modified_gmt":"2024-10-19T00:52:36","slug":"nos-enfants-et-leurs-competences-sociales","status":"publish","type":"page","link":"https:\/\/gifted-hub.com\/fr\/famille\/nos-enfants-et-leurs-competences-sociales\/","title":{"rendered":"Nos enfants et leurs comp\u00e9tences sociales"},"content":{"rendered":"\n<p>Les enfants ayant de grandes capacit\u00e9s rencontrent souvent des d\u00e9fis non seulement pour comprendre leurs propres \u00e9motions mais aussi pour <a href=\"https:\/\/gifted-hub.com\/fr\/individus\/faire-face-aux-defis-dans-les-relations\/\" data-type=\"page\" data-id=\"15142\">interagir avec les autres<\/a>. Bien qu&rsquo;ils puissent \u00eatre intellectuellement avanc\u00e9s, cela ne garantit pas une aisance sociale. En fait, beaucoup de ces enfants luttent contre la timidit\u00e9 ou la maladresse sociale, et peuvent constater qu&rsquo;ils ont peu de points communs avec leurs pairs. Leurs int\u00e9r\u00eats profonds peuvent les isoler, les faisant passer pour des solitaires, et leur vocabulaire avanc\u00e9 et leurs comp\u00e9tences en raisonnement peuvent involontairement \u00eatre per\u00e7us comme de l&rsquo;arrogance. Ces luttes sociales peuvent parfois conduire \u00e0 l&rsquo;intimidation ou \u00e0 l&rsquo;isolement, endommageant encore plus leur estime de soi.    <\/p>\n\n<p>L&rsquo;un des principaux probl\u00e8mes pour les enfants ayant de grandes capacit\u00e9s est que leur d\u00e9veloppement intellectuel peut d\u00e9passer leur maturit\u00e9 sociale et \u00e9motionnelle.\nBien qu&rsquo;ils puissent comprendre des id\u00e9es complexes ou exceller dans les d\u00e9bats, ils manquent souvent des comp\u00e9tences sociales n\u00e9cessaires pour naviguer dans les relations avec leurs pairs.\nBeaucoup d&rsquo;enfants se sentent plus \u00e0 l&rsquo;aise avec des adultes ou des enfants plus \u00e2g\u00e9s, qui partagent leurs int\u00e9r\u00eats intellectuels et peuvent interagir avec eux \u00e0 leur niveau.\nCependant, cette pr\u00e9f\u00e9rence peut les emp\u00eacher de d\u00e9velopper des relations significatives avec des enfants de leur \u00e2ge, ce qui est essentiel pour leur d\u00e9veloppement global.   <\/p>\n\n<p>Le d\u00e9veloppement du langage joue un r\u00f4le significatif dans les difficult\u00e9s sociales des enfants ayant de grandes capacit\u00e9s.\nLeur vocabulaire avanc\u00e9 et leur pens\u00e9e abstraite peuvent d\u00e9router ou ali\u00e9ner leurs pairs, qui peuvent ne pas comprendre leurs blagues ou leur raisonnement.\nCet \u00e9cart de communication laisse souvent ces enfants se sentir incompris ou rejet\u00e9s, contribuant \u00e0 des sentiments de solitude.\nLorsqu&rsquo;ils essaient de s&rsquo;expliquer en utilisant la logique ou l&rsquo;intellect, ils peuvent constater que cela ne fait qu&rsquo;aggraver la situation plut\u00f4t que de la r\u00e9soudre.   <\/p>\n\n<p>Les parents peuvent aider leurs enfants \u00e0 surmonter ces d\u00e9fis sociaux en fournissant un environnement de soutien o\u00f9 ils se sentent compris et accept\u00e9s.\nIl est important que les parents reconnaissent que les comp\u00e9tences sociales de leur enfant peuvent se d\u00e9velopper plus lentement que leurs capacit\u00e9s intellectuelles, et cela est tout \u00e0 fait normal.\nEncourager les enfants \u00e0 explorer leurs \u00e9motions et \u00e0 d\u00e9velopper l&#8217;empathie peut les aider \u00e0 mieux se connecter avec les autres, rendant leurs interactions plus fluides au fil du temps.\nAvec patience et guidance, les enfants ayant de grandes capacit\u00e9s peuvent apprendre \u00e0 \u00e9quilibrer leurs forces intellectuelles avec les comp\u00e9tences sociales dont ils ont besoin pour s&rsquo;\u00e9panouir dans leurs groupes de pairs.   <\/p>\n","protected":false},"excerpt":{"rendered":"<p>Les enfants ayant de grandes capacit\u00e9s rencontrent souvent des d\u00e9fis non seulement pour comprendre leurs propres \u00e9motions mais aussi pour interagir avec les autres. Bien qu&rsquo;ils puissent \u00eatre intellectuellement avanc\u00e9s, cela ne garantit pas une aisance sociale. En fait, beaucoup de ces enfants luttent contre la timidit\u00e9 ou la maladresse sociale, et peuvent constater qu&rsquo;ils [&hellip;]<\/p>\n","protected":false},"author":1,"featured_media":15284,"parent":15570,"menu_order":0,"comment_status":"closed","ping_status":"closed","template":"","meta":{"_acf_changed":false,"inline_featured_image":false,"footnotes":""},"group-interest":[180],"class_list":["post-15572","page","type-page","status-publish","has-post-thumbnail","hentry","group-interest-family-fr"],"acf":[],"yoast_head":"<!-- This site is optimized with the Yoast SEO plugin v27.4 - https:\/\/yoast.com\/product\/yoast-seo-wordpress\/ -->\n<title>Nos enfants et leurs comp\u00e9tences sociales - Gifted HUB<\/title>\n<meta name=\"robots\" content=\"index, follow, max-snippet:-1, max-image-preview:large, max-video-preview:-1\" \/>\n<link rel=\"canonical\" href=\"https:\/\/gifted-hub.com\/fr\/famille\/nos-enfants-et-leurs-competences-sociales\/\" \/>\n<meta property=\"og:locale\" content=\"fr_FR\" \/>\n<meta property=\"og:type\" content=\"article\" \/>\n<meta property=\"og:title\" content=\"Nos enfants et leurs comp\u00e9tences sociales - Gifted HUB\" \/>\n<meta property=\"og:description\" content=\"Les enfants ayant de grandes capacit\u00e9s rencontrent souvent des d\u00e9fis non seulement pour comprendre leurs propres \u00e9motions mais aussi pour interagir avec les autres. Bien qu&rsquo;ils puissent \u00eatre intellectuellement avanc\u00e9s, cela ne garantit pas une aisance sociale. En fait, beaucoup de ces enfants luttent contre la timidit\u00e9 ou la maladresse sociale, et peuvent constater qu&rsquo;ils [&hellip;]\" \/>\n<meta property=\"og:url\" content=\"https:\/\/gifted-hub.com\/fr\/famille\/nos-enfants-et-leurs-competences-sociales\/\" \/>\n<meta property=\"og:site_name\" content=\"Gifted HUB\" \/>\n<meta property=\"article:modified_time\" content=\"2024-10-19T00:52:36+00:00\" \/>\n<meta property=\"og:image\" content=\"https:\/\/gifted-hub.com\/wp-content\/uploads\/2024\/09\/zyx1bk9mqma.jpg\" \/>\n\t<meta property=\"og:image:width\" content=\"1600\" \/>\n\t<meta property=\"og:image:height\" content=\"1067\" \/>\n\t<meta property=\"og:image:type\" content=\"image\/jpeg\" \/>\n<meta name=\"twitter:card\" content=\"summary_large_image\" \/>\n<meta name=\"twitter:label1\" content=\"Dur\u00e9e de lecture estim\u00e9e\" \/>\n\t<meta name=\"twitter:data1\" content=\"2 minutes\" \/>\n<script type=\"application\/ld+json\" class=\"yoast-schema-graph\">{\"@context\":\"https:\\\/\\\/schema.org\",\"@graph\":[{\"@type\":\"WebPage\",\"@id\":\"https:\\\/\\\/gifted-hub.com\\\/fr\\\/famille\\\/nos-enfants-et-leurs-competences-sociales\\\/\",\"url\":\"https:\\\/\\\/gifted-hub.com\\\/fr\\\/famille\\\/nos-enfants-et-leurs-competences-sociales\\\/\",\"name\":\"Nos enfants et leurs comp\u00e9tences sociales - Gifted HUB\",\"isPartOf\":{\"@id\":\"https:\\\/\\\/gifted-hub.com\\\/fr\\\/#website\"},\"primaryImageOfPage\":{\"@id\":\"https:\\\/\\\/gifted-hub.com\\\/fr\\\/famille\\\/nos-enfants-et-leurs-competences-sociales\\\/#primaryimage\"},\"image\":{\"@id\":\"https:\\\/\\\/gifted-hub.com\\\/fr\\\/famille\\\/nos-enfants-et-leurs-competences-sociales\\\/#primaryimage\"},\"thumbnailUrl\":\"https:\\\/\\\/gifted-hub.com\\\/wp-content\\\/uploads\\\/2024\\\/09\\\/zyx1bk9mqma.jpg\",\"datePublished\":\"2024-09-08T22:52:12+00:00\",\"dateModified\":\"2024-10-19T00:52:36+00:00\",\"breadcrumb\":{\"@id\":\"https:\\\/\\\/gifted-hub.com\\\/fr\\\/famille\\\/nos-enfants-et-leurs-competences-sociales\\\/#breadcrumb\"},\"inLanguage\":\"fr-FR\",\"potentialAction\":[{\"@type\":\"ReadAction\",\"target\":[\"https:\\\/\\\/gifted-hub.com\\\/fr\\\/famille\\\/nos-enfants-et-leurs-competences-sociales\\\/\"]}]},{\"@type\":\"ImageObject\",\"inLanguage\":\"fr-FR\",\"@id\":\"https:\\\/\\\/gifted-hub.com\\\/fr\\\/famille\\\/nos-enfants-et-leurs-competences-sociales\\\/#primaryimage\",\"url\":\"https:\\\/\\\/gifted-hub.com\\\/wp-content\\\/uploads\\\/2024\\\/09\\\/zyx1bk9mqma.jpg\",\"contentUrl\":\"https:\\\/\\\/gifted-hub.com\\\/wp-content\\\/uploads\\\/2024\\\/09\\\/zyx1bk9mqma.jpg\",\"width\":1600,\"height\":1067},{\"@type\":\"BreadcrumbList\",\"@id\":\"https:\\\/\\\/gifted-hub.com\\\/fr\\\/famille\\\/nos-enfants-et-leurs-competences-sociales\\\/#breadcrumb\",\"itemListElement\":[{\"@type\":\"ListItem\",\"position\":1,\"name\":\"Home\",\"item\":\"https:\\\/\\\/gifted-hub.com\\\/fr\\\/accueil\\\/\"},{\"@type\":\"ListItem\",\"position\":2,\"name\":\"Famille\",\"item\":\"https:\\\/\\\/gifted-hub.com\\\/fr\\\/famille\\\/\"},{\"@type\":\"ListItem\",\"position\":3,\"name\":\"Nos enfants et leurs comp\u00e9tences sociales\"}]},{\"@type\":\"WebSite\",\"@id\":\"https:\\\/\\\/gifted-hub.com\\\/fr\\\/#website\",\"url\":\"https:\\\/\\\/gifted-hub.com\\\/fr\\\/\",\"name\":\"Gifted HUB\",\"description\":\"Un espace pour les hautes comp\u00e9tences\",\"publisher\":{\"@id\":\"https:\\\/\\\/gifted-hub.com\\\/fr\\\/#organization\"},\"potentialAction\":[{\"@type\":\"SearchAction\",\"target\":{\"@type\":\"EntryPoint\",\"urlTemplate\":\"https:\\\/\\\/gifted-hub.com\\\/fr\\\/?s={search_term_string}\"},\"query-input\":{\"@type\":\"PropertyValueSpecification\",\"valueRequired\":true,\"valueName\":\"search_term_string\"}}],\"inLanguage\":\"fr-FR\"},{\"@type\":\"Organization\",\"@id\":\"https:\\\/\\\/gifted-hub.com\\\/fr\\\/#organization\",\"name\":\"Gifted HUB\",\"url\":\"https:\\\/\\\/gifted-hub.com\\\/fr\\\/\",\"logo\":{\"@type\":\"ImageObject\",\"inLanguage\":\"fr-FR\",\"@id\":\"https:\\\/\\\/gifted-hub.com\\\/fr\\\/#\\\/schema\\\/logo\\\/image\\\/\",\"url\":\"https:\\\/\\\/gifted-hub.com\\\/wp-content\\\/uploads\\\/2024\\\/07\\\/logo-1.svg\",\"contentUrl\":\"https:\\\/\\\/gifted-hub.com\\\/wp-content\\\/uploads\\\/2024\\\/07\\\/logo-1.svg\",\"caption\":\"Gifted HUB\"},\"image\":{\"@id\":\"https:\\\/\\\/gifted-hub.com\\\/fr\\\/#\\\/schema\\\/logo\\\/image\\\/\"}}]}<\/script>\n<!-- \/ Yoast SEO plugin. -->","yoast_head_json":{"title":"Nos enfants et leurs comp\u00e9tences sociales - Gifted HUB","robots":{"index":"index","follow":"follow","max-snippet":"max-snippet:-1","max-image-preview":"max-image-preview:large","max-video-preview":"max-video-preview:-1"},"canonical":"https:\/\/gifted-hub.com\/fr\/famille\/nos-enfants-et-leurs-competences-sociales\/","og_locale":"fr_FR","og_type":"article","og_title":"Nos enfants et leurs comp\u00e9tences sociales - Gifted HUB","og_description":"Les enfants ayant de grandes capacit\u00e9s rencontrent souvent des d\u00e9fis non seulement pour comprendre leurs propres \u00e9motions mais aussi pour interagir avec les autres. Bien qu&rsquo;ils puissent \u00eatre intellectuellement avanc\u00e9s, cela ne garantit pas une aisance sociale. En fait, beaucoup de ces enfants luttent contre la timidit\u00e9 ou la maladresse sociale, et peuvent constater qu&rsquo;ils [&hellip;]","og_url":"https:\/\/gifted-hub.com\/fr\/famille\/nos-enfants-et-leurs-competences-sociales\/","og_site_name":"Gifted HUB","article_modified_time":"2024-10-19T00:52:36+00:00","og_image":[{"width":1600,"height":1067,"url":"https:\/\/gifted-hub.com\/wp-content\/uploads\/2024\/09\/zyx1bk9mqma.jpg","type":"image\/jpeg"}],"twitter_card":"summary_large_image","twitter_misc":{"Dur\u00e9e de lecture estim\u00e9e":"2 minutes"},"schema":{"@context":"https:\/\/schema.org","@graph":[{"@type":"WebPage","@id":"https:\/\/gifted-hub.com\/fr\/famille\/nos-enfants-et-leurs-competences-sociales\/","url":"https:\/\/gifted-hub.com\/fr\/famille\/nos-enfants-et-leurs-competences-sociales\/","name":"Nos enfants et leurs comp\u00e9tences sociales - Gifted HUB","isPartOf":{"@id":"https:\/\/gifted-hub.com\/fr\/#website"},"primaryImageOfPage":{"@id":"https:\/\/gifted-hub.com\/fr\/famille\/nos-enfants-et-leurs-competences-sociales\/#primaryimage"},"image":{"@id":"https:\/\/gifted-hub.com\/fr\/famille\/nos-enfants-et-leurs-competences-sociales\/#primaryimage"},"thumbnailUrl":"https:\/\/gifted-hub.com\/wp-content\/uploads\/2024\/09\/zyx1bk9mqma.jpg","datePublished":"2024-09-08T22:52:12+00:00","dateModified":"2024-10-19T00:52:36+00:00","breadcrumb":{"@id":"https:\/\/gifted-hub.com\/fr\/famille\/nos-enfants-et-leurs-competences-sociales\/#breadcrumb"},"inLanguage":"fr-FR","potentialAction":[{"@type":"ReadAction","target":["https:\/\/gifted-hub.com\/fr\/famille\/nos-enfants-et-leurs-competences-sociales\/"]}]},{"@type":"ImageObject","inLanguage":"fr-FR","@id":"https:\/\/gifted-hub.com\/fr\/famille\/nos-enfants-et-leurs-competences-sociales\/#primaryimage","url":"https:\/\/gifted-hub.com\/wp-content\/uploads\/2024\/09\/zyx1bk9mqma.jpg","contentUrl":"https:\/\/gifted-hub.com\/wp-content\/uploads\/2024\/09\/zyx1bk9mqma.jpg","width":1600,"height":1067},{"@type":"BreadcrumbList","@id":"https:\/\/gifted-hub.com\/fr\/famille\/nos-enfants-et-leurs-competences-sociales\/#breadcrumb","itemListElement":[{"@type":"ListItem","position":1,"name":"Home","item":"https:\/\/gifted-hub.com\/fr\/accueil\/"},{"@type":"ListItem","position":2,"name":"Famille","item":"https:\/\/gifted-hub.com\/fr\/famille\/"},{"@type":"ListItem","position":3,"name":"Nos enfants et leurs comp\u00e9tences sociales"}]},{"@type":"WebSite","@id":"https:\/\/gifted-hub.com\/fr\/#website","url":"https:\/\/gifted-hub.com\/fr\/","name":"Gifted HUB","description":"Un espace pour les hautes comp\u00e9tences","publisher":{"@id":"https:\/\/gifted-hub.com\/fr\/#organization"},"potentialAction":[{"@type":"SearchAction","target":{"@type":"EntryPoint","urlTemplate":"https:\/\/gifted-hub.com\/fr\/?s={search_term_string}"},"query-input":{"@type":"PropertyValueSpecification","valueRequired":true,"valueName":"search_term_string"}}],"inLanguage":"fr-FR"},{"@type":"Organization","@id":"https:\/\/gifted-hub.com\/fr\/#organization","name":"Gifted HUB","url":"https:\/\/gifted-hub.com\/fr\/","logo":{"@type":"ImageObject","inLanguage":"fr-FR","@id":"https:\/\/gifted-hub.com\/fr\/#\/schema\/logo\/image\/","url":"https:\/\/gifted-hub.com\/wp-content\/uploads\/2024\/07\/logo-1.svg","contentUrl":"https:\/\/gifted-hub.com\/wp-content\/uploads\/2024\/07\/logo-1.svg","caption":"Gifted HUB"},"image":{"@id":"https:\/\/gifted-hub.com\/fr\/#\/schema\/logo\/image\/"}}]}},"_links":{"self":[{"href":"https:\/\/gifted-hub.com\/fr\/wp-json\/wp\/v2\/pages\/15572","targetHints":{"allow":["GET"]}}],"collection":[{"href":"https:\/\/gifted-hub.com\/fr\/wp-json\/wp\/v2\/pages"}],"about":[{"href":"https:\/\/gifted-hub.com\/fr\/wp-json\/wp\/v2\/types\/page"}],"author":[{"embeddable":true,"href":"https:\/\/gifted-hub.com\/fr\/wp-json\/wp\/v2\/users\/1"}],"replies":[{"embeddable":true,"href":"https:\/\/gifted-hub.com\/fr\/wp-json\/wp\/v2\/comments?post=15572"}],"version-history":[{"count":1,"href":"https:\/\/gifted-hub.com\/fr\/wp-json\/wp\/v2\/pages\/15572\/revisions"}],"predecessor-version":[{"id":15573,"href":"https:\/\/gifted-hub.com\/fr\/wp-json\/wp\/v2\/pages\/15572\/revisions\/15573"}],"up":[{"embeddable":true,"href":"https:\/\/gifted-hub.com\/fr\/wp-json\/wp\/v2\/pages\/15570"}],"wp:featuredmedia":[{"embeddable":true,"href":"https:\/\/gifted-hub.com\/fr\/wp-json\/wp\/v2\/media\/15284"}],"wp:attachment":[{"href":"https:\/\/gifted-hub.com\/fr\/wp-json\/wp\/v2\/media?parent=15572"}],"wp:term":[{"taxonomy":"group-interest","embeddable":true,"href":"https:\/\/gifted-hub.com\/fr\/wp-json\/wp\/v2\/group-interest?post=15572"}],"curies":[{"name":"wp","href":"https:\/\/api.w.org\/{rel}","templated":true}]}}