{"id":15570,"date":"2024-09-08T20:30:19","date_gmt":"2024-09-08T20:30:19","guid":{"rendered":"https:\/\/gifted-hub.com\/famille\/"},"modified":"2024-10-28T09:17:20","modified_gmt":"2024-10-28T09:17:20","slug":"famille","status":"publish","type":"page","link":"https:\/\/gifted-hub.com\/fr\/famille\/","title":{"rendered":"Famille"},"content":{"rendered":"\n<p>\u00c9lever un enfant surdou\u00e9 est \u00e0 la fois une exp\u00e9rience fascinante et stimulante.\nCes enfants, dot\u00e9s d&rsquo;une intelligence exceptionnelle, apprennent souvent rapidement et comprennent des concepts de mani\u00e8re \u00e0 souvent laisser leurs pairs derri\u00e8re eux.\nPour eux, r\u00e9soudre des probl\u00e8mes ou comprendre de nouvelles id\u00e9es ne n\u00e9cessite pas le m\u00eame effort que pour les autres, ce qui peut entra\u00eener de la frustration ou de l&rsquo;ennui dans les environnements scolaires o\u00f9 le rythme est plus lent.\nLes parents de ces enfants doivent souvent faire face au besoin constant de stimulation intellectuelle de leur enfant, ce qui peut \u00eatre \u00e9puisant mais aussi incroyablement gratifiant lorsqu&rsquo;ils voient l&rsquo;enthousiasme et la passion que leur enfant apporte \u00e0 ses int\u00e9r\u00eats.   <\/p>\n\n<p>Cependant, de grandes capacit\u00e9s ne vont pas toujours de pair avec le <a href=\"https:\/\/gifted-hub.com\/de\/einzelpersonen\/herausforderungen-in-beziehungen-meistern\/\" data-type=\"page\" data-id=\"15142\">d\u00e9veloppement \u00e9motionnel<\/a>. Bien que leurs capacit\u00e9s intellectuelles les placent en avance dans de nombreux domaines, \u00e9motionnellement, ils restent des enfants, avec les m\u00eames vuln\u00e9rabilit\u00e9s et peurs que les autres. Il est courant que les enfants surdou\u00e9s se sentent diff\u00e9rents ou isol\u00e9s, car leurs capacit\u00e9s les distinguent des autres. Cela peut affecter leur estime de soi, surtout lorsque leurs questions ou commentaires sont ignor\u00e9s ou mal compris par les adultes. Les parents jouent un r\u00f4le crucial en les aidant \u00e0 comprendre qu&rsquo;\u00eatre diff\u00e9rent n&rsquo;est pas une chose n\u00e9gative, mais plut\u00f4t un aspect pr\u00e9cieux de ce qu&rsquo;ils sont.    <\/p>\n\n<p>Un autre d\u00e9fi auquel les parents sont confront\u00e9s est de maintenir un \u00e9quilibre entre favoriser le d\u00e9veloppement intellectuel de leur enfant et les aider \u00e0 g\u00e9rer leurs \u00e9motions. Les enfants surdou\u00e9s doivent apprendre \u00e0 faire face \u00e0 la frustration, \u00e0 l&rsquo;\u00e9chec et \u00e0 la n\u00e9cessit\u00e9 d&rsquo;attendre les autres dans le processus d&rsquo;apprentissage. En m\u00eame temps, les parents doivent guider leurs <a href=\"https:\/\/gifted-hub.com\/pt-pt\/familia\/os-nossos-filhos-e-as-suas-competencias-sociais\/\" data-type=\"page\" data-id=\"15279\">enfants dans les interactions sociales<\/a>, en les aidant \u00e0 comprendre que tout le monde ne pense pas ou n&rsquo;apprend pas de la m\u00eame mani\u00e8re. Beaucoup de ces enfants peuvent para\u00eetre arrogants ou distants en raison de leur rapidit\u00e9 mentale, ce qui peut cr\u00e9er des conflits avec leurs pairs.   <\/p>\n\n<p>Pour les parents, il est vital de fournir un environnement o\u00f9 leur enfant se sent compris et soutenu, tant dans leurs r\u00e9ussites intellectuelles que dans leurs d\u00e9fis \u00e9motionnels.\nReconna\u00eetre que ces enfants ont besoin d&rsquo;une orientation sp\u00e9ciale, qui nourrit non seulement leur esprit mais aussi leur c\u0153ur, est essentiel \u00e0 leur bien-\u00eatre g\u00e9n\u00e9ral.\nLes accompagner dans ce voyage, les aider \u00e0 trouver un \u00e9quilibre entre leurs capacit\u00e9s et le monde qui les entoure, est une t\u00e2che qui n\u00e9cessite patience, compr\u00e9hension et surtout, amour.  <\/p>\n","protected":false},"excerpt":{"rendered":"<p>\u00c9lever un enfant surdou\u00e9 est \u00e0 la fois une exp\u00e9rience fascinante et stimulante. Ces enfants, dot\u00e9s d&rsquo;une intelligence exceptionnelle, apprennent souvent rapidement et comprennent des concepts de mani\u00e8re \u00e0 souvent laisser leurs pairs derri\u00e8re eux. Pour eux, r\u00e9soudre des probl\u00e8mes ou comprendre de nouvelles id\u00e9es ne n\u00e9cessite pas le m\u00eame effort que pour les autres, [&hellip;]<\/p>\n","protected":false},"author":1,"featured_media":15235,"parent":0,"menu_order":0,"comment_status":"closed","ping_status":"closed","template":"","meta":{"_acf_changed":false,"inline_featured_image":false,"footnotes":""},"group-interest":[180],"class_list":["post-15570","page","type-page","status-publish","has-post-thumbnail","hentry","group-interest-family-fr"],"acf":[],"yoast_head":"<!-- This site is optimized with the Yoast SEO plugin v27.4 - https:\/\/yoast.com\/product\/yoast-seo-wordpress\/ -->\n<title>Famille - Gifted HUB<\/title>\n<meta name=\"robots\" content=\"index, follow, max-snippet:-1, max-image-preview:large, max-video-preview:-1\" \/>\n<link rel=\"canonical\" href=\"https:\/\/gifted-hub.com\/fr\/famille\/\" \/>\n<meta property=\"og:locale\" content=\"fr_FR\" \/>\n<meta property=\"og:type\" content=\"article\" \/>\n<meta property=\"og:title\" content=\"Famille - Gifted HUB\" \/>\n<meta property=\"og:description\" content=\"\u00c9lever un enfant surdou\u00e9 est \u00e0 la fois une exp\u00e9rience fascinante et stimulante. Ces enfants, dot\u00e9s d&rsquo;une intelligence exceptionnelle, apprennent souvent rapidement et comprennent des concepts de mani\u00e8re \u00e0 souvent laisser leurs pairs derri\u00e8re eux. Pour eux, r\u00e9soudre des probl\u00e8mes ou comprendre de nouvelles id\u00e9es ne n\u00e9cessite pas le m\u00eame effort que pour les autres, [&hellip;]\" \/>\n<meta property=\"og:url\" content=\"https:\/\/gifted-hub.com\/fr\/famille\/\" \/>\n<meta property=\"og:site_name\" content=\"Gifted HUB\" \/>\n<meta property=\"article:modified_time\" content=\"2024-10-28T09:17:20+00:00\" \/>\n<meta property=\"og:image\" content=\"https:\/\/gifted-hub.com\/wp-content\/uploads\/2024\/09\/0iqkntlw93a.jpg\" \/>\n\t<meta property=\"og:image:width\" content=\"1600\" \/>\n\t<meta property=\"og:image:height\" content=\"1066\" \/>\n\t<meta property=\"og:image:type\" content=\"image\/jpeg\" \/>\n<meta name=\"twitter:card\" content=\"summary_large_image\" \/>\n<meta name=\"twitter:label1\" content=\"Dur\u00e9e de lecture estim\u00e9e\" \/>\n\t<meta name=\"twitter:data1\" content=\"2 minutes\" \/>\n<script type=\"application\/ld+json\" class=\"yoast-schema-graph\">{\"@context\":\"https:\\\/\\\/schema.org\",\"@graph\":[{\"@type\":\"WebPage\",\"@id\":\"https:\\\/\\\/gifted-hub.com\\\/fr\\\/famille\\\/\",\"url\":\"https:\\\/\\\/gifted-hub.com\\\/fr\\\/famille\\\/\",\"name\":\"Famille - Gifted HUB\",\"isPartOf\":{\"@id\":\"https:\\\/\\\/gifted-hub.com\\\/fr\\\/#website\"},\"primaryImageOfPage\":{\"@id\":\"https:\\\/\\\/gifted-hub.com\\\/fr\\\/famille\\\/#primaryimage\"},\"image\":{\"@id\":\"https:\\\/\\\/gifted-hub.com\\\/fr\\\/famille\\\/#primaryimage\"},\"thumbnailUrl\":\"https:\\\/\\\/gifted-hub.com\\\/wp-content\\\/uploads\\\/2024\\\/09\\\/0iqkntlw93a.jpg\",\"datePublished\":\"2024-09-08T20:30:19+00:00\",\"dateModified\":\"2024-10-28T09:17:20+00:00\",\"breadcrumb\":{\"@id\":\"https:\\\/\\\/gifted-hub.com\\\/fr\\\/famille\\\/#breadcrumb\"},\"inLanguage\":\"fr-FR\",\"potentialAction\":[{\"@type\":\"ReadAction\",\"target\":[\"https:\\\/\\\/gifted-hub.com\\\/fr\\\/famille\\\/\"]}]},{\"@type\":\"ImageObject\",\"inLanguage\":\"fr-FR\",\"@id\":\"https:\\\/\\\/gifted-hub.com\\\/fr\\\/famille\\\/#primaryimage\",\"url\":\"https:\\\/\\\/gifted-hub.com\\\/wp-content\\\/uploads\\\/2024\\\/09\\\/0iqkntlw93a.jpg\",\"contentUrl\":\"https:\\\/\\\/gifted-hub.com\\\/wp-content\\\/uploads\\\/2024\\\/09\\\/0iqkntlw93a.jpg\",\"width\":1600,\"height\":1066},{\"@type\":\"BreadcrumbList\",\"@id\":\"https:\\\/\\\/gifted-hub.com\\\/fr\\\/famille\\\/#breadcrumb\",\"itemListElement\":[{\"@type\":\"ListItem\",\"position\":1,\"name\":\"Home\",\"item\":\"https:\\\/\\\/gifted-hub.com\\\/fr\\\/accueil\\\/\"},{\"@type\":\"ListItem\",\"position\":2,\"name\":\"Famille\"}]},{\"@type\":\"WebSite\",\"@id\":\"https:\\\/\\\/gifted-hub.com\\\/fr\\\/#website\",\"url\":\"https:\\\/\\\/gifted-hub.com\\\/fr\\\/\",\"name\":\"Gifted HUB\",\"description\":\"Un espace pour les hautes comp\u00e9tences\",\"publisher\":{\"@id\":\"https:\\\/\\\/gifted-hub.com\\\/fr\\\/#organization\"},\"potentialAction\":[{\"@type\":\"SearchAction\",\"target\":{\"@type\":\"EntryPoint\",\"urlTemplate\":\"https:\\\/\\\/gifted-hub.com\\\/fr\\\/?s={search_term_string}\"},\"query-input\":{\"@type\":\"PropertyValueSpecification\",\"valueRequired\":true,\"valueName\":\"search_term_string\"}}],\"inLanguage\":\"fr-FR\"},{\"@type\":\"Organization\",\"@id\":\"https:\\\/\\\/gifted-hub.com\\\/fr\\\/#organization\",\"name\":\"Gifted HUB\",\"url\":\"https:\\\/\\\/gifted-hub.com\\\/fr\\\/\",\"logo\":{\"@type\":\"ImageObject\",\"inLanguage\":\"fr-FR\",\"@id\":\"https:\\\/\\\/gifted-hub.com\\\/fr\\\/#\\\/schema\\\/logo\\\/image\\\/\",\"url\":\"https:\\\/\\\/gifted-hub.com\\\/wp-content\\\/uploads\\\/2024\\\/07\\\/logo-1.svg\",\"contentUrl\":\"https:\\\/\\\/gifted-hub.com\\\/wp-content\\\/uploads\\\/2024\\\/07\\\/logo-1.svg\",\"caption\":\"Gifted HUB\"},\"image\":{\"@id\":\"https:\\\/\\\/gifted-hub.com\\\/fr\\\/#\\\/schema\\\/logo\\\/image\\\/\"}}]}<\/script>\n<!-- \/ Yoast SEO plugin. -->","yoast_head_json":{"title":"Famille - Gifted HUB","robots":{"index":"index","follow":"follow","max-snippet":"max-snippet:-1","max-image-preview":"max-image-preview:large","max-video-preview":"max-video-preview:-1"},"canonical":"https:\/\/gifted-hub.com\/fr\/famille\/","og_locale":"fr_FR","og_type":"article","og_title":"Famille - Gifted HUB","og_description":"\u00c9lever un enfant surdou\u00e9 est \u00e0 la fois une exp\u00e9rience fascinante et stimulante. Ces enfants, dot\u00e9s d&rsquo;une intelligence exceptionnelle, apprennent souvent rapidement et comprennent des concepts de mani\u00e8re \u00e0 souvent laisser leurs pairs derri\u00e8re eux. Pour eux, r\u00e9soudre des probl\u00e8mes ou comprendre de nouvelles id\u00e9es ne n\u00e9cessite pas le m\u00eame effort que pour les autres, [&hellip;]","og_url":"https:\/\/gifted-hub.com\/fr\/famille\/","og_site_name":"Gifted HUB","article_modified_time":"2024-10-28T09:17:20+00:00","og_image":[{"width":1600,"height":1066,"url":"https:\/\/gifted-hub.com\/wp-content\/uploads\/2024\/09\/0iqkntlw93a.jpg","type":"image\/jpeg"}],"twitter_card":"summary_large_image","twitter_misc":{"Dur\u00e9e de lecture estim\u00e9e":"2 minutes"},"schema":{"@context":"https:\/\/schema.org","@graph":[{"@type":"WebPage","@id":"https:\/\/gifted-hub.com\/fr\/famille\/","url":"https:\/\/gifted-hub.com\/fr\/famille\/","name":"Famille - Gifted HUB","isPartOf":{"@id":"https:\/\/gifted-hub.com\/fr\/#website"},"primaryImageOfPage":{"@id":"https:\/\/gifted-hub.com\/fr\/famille\/#primaryimage"},"image":{"@id":"https:\/\/gifted-hub.com\/fr\/famille\/#primaryimage"},"thumbnailUrl":"https:\/\/gifted-hub.com\/wp-content\/uploads\/2024\/09\/0iqkntlw93a.jpg","datePublished":"2024-09-08T20:30:19+00:00","dateModified":"2024-10-28T09:17:20+00:00","breadcrumb":{"@id":"https:\/\/gifted-hub.com\/fr\/famille\/#breadcrumb"},"inLanguage":"fr-FR","potentialAction":[{"@type":"ReadAction","target":["https:\/\/gifted-hub.com\/fr\/famille\/"]}]},{"@type":"ImageObject","inLanguage":"fr-FR","@id":"https:\/\/gifted-hub.com\/fr\/famille\/#primaryimage","url":"https:\/\/gifted-hub.com\/wp-content\/uploads\/2024\/09\/0iqkntlw93a.jpg","contentUrl":"https:\/\/gifted-hub.com\/wp-content\/uploads\/2024\/09\/0iqkntlw93a.jpg","width":1600,"height":1066},{"@type":"BreadcrumbList","@id":"https:\/\/gifted-hub.com\/fr\/famille\/#breadcrumb","itemListElement":[{"@type":"ListItem","position":1,"name":"Home","item":"https:\/\/gifted-hub.com\/fr\/accueil\/"},{"@type":"ListItem","position":2,"name":"Famille"}]},{"@type":"WebSite","@id":"https:\/\/gifted-hub.com\/fr\/#website","url":"https:\/\/gifted-hub.com\/fr\/","name":"Gifted HUB","description":"Un espace pour les hautes comp\u00e9tences","publisher":{"@id":"https:\/\/gifted-hub.com\/fr\/#organization"},"potentialAction":[{"@type":"SearchAction","target":{"@type":"EntryPoint","urlTemplate":"https:\/\/gifted-hub.com\/fr\/?s={search_term_string}"},"query-input":{"@type":"PropertyValueSpecification","valueRequired":true,"valueName":"search_term_string"}}],"inLanguage":"fr-FR"},{"@type":"Organization","@id":"https:\/\/gifted-hub.com\/fr\/#organization","name":"Gifted HUB","url":"https:\/\/gifted-hub.com\/fr\/","logo":{"@type":"ImageObject","inLanguage":"fr-FR","@id":"https:\/\/gifted-hub.com\/fr\/#\/schema\/logo\/image\/","url":"https:\/\/gifted-hub.com\/wp-content\/uploads\/2024\/07\/logo-1.svg","contentUrl":"https:\/\/gifted-hub.com\/wp-content\/uploads\/2024\/07\/logo-1.svg","caption":"Gifted HUB"},"image":{"@id":"https:\/\/gifted-hub.com\/fr\/#\/schema\/logo\/image\/"}}]}},"_links":{"self":[{"href":"https:\/\/gifted-hub.com\/fr\/wp-json\/wp\/v2\/pages\/15570","targetHints":{"allow":["GET"]}}],"collection":[{"href":"https:\/\/gifted-hub.com\/fr\/wp-json\/wp\/v2\/pages"}],"about":[{"href":"https:\/\/gifted-hub.com\/fr\/wp-json\/wp\/v2\/types\/page"}],"author":[{"embeddable":true,"href":"https:\/\/gifted-hub.com\/fr\/wp-json\/wp\/v2\/users\/1"}],"replies":[{"embeddable":true,"href":"https:\/\/gifted-hub.com\/fr\/wp-json\/wp\/v2\/comments?post=15570"}],"version-history":[{"count":3,"href":"https:\/\/gifted-hub.com\/fr\/wp-json\/wp\/v2\/pages\/15570\/revisions"}],"predecessor-version":[{"id":16418,"href":"https:\/\/gifted-hub.com\/fr\/wp-json\/wp\/v2\/pages\/15570\/revisions\/16418"}],"wp:featuredmedia":[{"embeddable":true,"href":"https:\/\/gifted-hub.com\/fr\/wp-json\/wp\/v2\/media\/15235"}],"wp:attachment":[{"href":"https:\/\/gifted-hub.com\/fr\/wp-json\/wp\/v2\/media?parent=15570"}],"wp:term":[{"taxonomy":"group-interest","embeddable":true,"href":"https:\/\/gifted-hub.com\/fr\/wp-json\/wp\/v2\/group-interest?post=15570"}],"curies":[{"name":"wp","href":"https:\/\/api.w.org\/{rel}","templated":true}]}}