{"id":15461,"date":"2024-09-26T21:39:49","date_gmt":"2024-09-26T21:39:49","guid":{"rendered":"https:\/\/gifted-hub.com\/quest-ce-que-les-hautes-capacites\/mythes-et-realites-sur-les-hautes-capacites-intellectuelles\/"},"modified":"2024-10-19T00:58:22","modified_gmt":"2024-10-19T00:58:22","slug":"mythes-et-realites-sur-les-hautes-capacites-intellectuelles","status":"publish","type":"page","link":"https:\/\/gifted-hub.com\/fr\/quest-ce-que-les-hautes-capacites\/mythes-et-realites-sur-les-hautes-capacites-intellectuelles\/","title":{"rendered":"Mythes et r\u00e9alit\u00e9s sur les hautes capacit\u00e9s intellectuelles"},"content":{"rendered":"\n<p>Il est facile de trouver des id\u00e9es fausses sur les enfants et les adolescents ayant de hautes capacit\u00e9s intellectuelles. Ces croyances, souvent bas\u00e9es sur des mythes, non seulement d\u00e9forment la r\u00e9alit\u00e9 mais affectent \u00e9galement le soutien que ces enfants re\u00e7oivent pour d\u00e9velopper pleinement leur potentiel. <\/p>\n\n<p>Un mythe courant est de penser que ces <strong>enfants sont des autodidactes<\/strong> en toutes circonstances, apprenant par eux-m\u00eames sans besoin d&rsquo;assistance. Bien qu&rsquo;il soit vrai qu&rsquo;ils peuvent montrer de l&rsquo;ind\u00e9pendance lorsqu&rsquo;ils \u00e9tudient, ils ont \u00e9galement besoin de la guidance d&rsquo;un adulte qui peut aider \u00e0 canaliser leur curiosit\u00e9. Ils ont besoin de quelqu&rsquo;un pour les d\u00e9fier \u00e0 apprendre plus et mieux, en fournissant un environnement o\u00f9 ils se sentent reconnus et accept\u00e9s, tout comme n&rsquo;importe quel autre \u00e9l\u00e8ve.  <\/p>\n\n<p>Une autre id\u00e9e fausse est que si un <strong>enfant a un QI \u00e9lev\u00e9<\/strong>, il r\u00e9ussira in\u00e9vitablement dans tous les domaines acad\u00e9miques. La v\u00e9rit\u00e9 est que la performance peut \u00eatre influenc\u00e9e par des facteurs \u00e9motionnels, familiaux, sociaux et motivationnels. De plus, il n&rsquo;est pas rare que certains de ces enfants d\u00e9veloppent des talents sp\u00e9cifiques, excellant dans certains domaines tandis que d&rsquo;autres peuvent \u00eatre \u00e0 la tra\u00eene. Parfois, leurs r\u00e9alisations \u00e9voluent de mani\u00e8re in\u00e9gale : un enfant peut avoir des comp\u00e9tences linguistiques avanc\u00e9es mais avoir du mal \u00e0 exprimer ses pens\u00e9es par \u00e9crit, ou il peut poss\u00e9der une grande capacit\u00e9 de raisonnement mais manquer de vocabulaire pour communiquer efficacement ses id\u00e9es.   <\/p>\n\n<p>La motivation est un autre aspect mal compris de ces enfants. <strong>Tout ne les int\u00e9resse pas de la m\u00eame mani\u00e8re<\/strong>, et ce qui capte souvent leur attention est le degr\u00e9 de d\u00e9fi pr\u00e9sent\u00e9 par une activit\u00e9. Les t\u00e2ches r\u00e9p\u00e9titives et m\u00e9caniques peuvent les d\u00e9motiver car elles ne satisfont pas leur besoin d&rsquo;apprendre quelque chose de nouveau ou de r\u00e9soudre des probl\u00e8mes complexes. <\/p>\n\n<p>Il y a aussi une confusion concernant la relation entre <strong>l&rsquo;intelligence et la cr\u00e9ativit\u00e9<\/strong>. Bien que certaines d\u00e9finitions de la douance incluent une haute performance cr\u00e9ative en plus de la capacit\u00e9 intellectuelle, la cr\u00e9ativit\u00e9 ne va pas toujours de pair avec un QI \u00e9lev\u00e9. Il y a des individus tr\u00e8s cr\u00e9atifs avec un QI moyen, et vice versa.  <\/p>\n\n<p>On croit souvent que <strong>l&rsquo;intelligence reste stable tout au long de la vie<\/strong>, mais en r\u00e9alit\u00e9, elle doit \u00eatre stimul\u00e9e. L&rsquo;intelligence, comme toute autre comp\u00e9tence, se d\u00e9veloppe et se renforce avec l&rsquo;utilisation et la pratique. Si elle n&rsquo;est pas utilis\u00e9e, elle peut stagner ; d&rsquo;o\u00f9 l&rsquo;importance d&rsquo;un environnement riche en stimuli et en opportunit\u00e9s d&rsquo;apprentissage.  <\/p>\n\n<p>Dans le domaine social, on dit souvent que les enfants \u00e0 haut potentiel <strong>ont du mal \u00e0 s&rsquo;adapter<\/strong>. Cependant, les difficult\u00e9s sociales ne sont pas n\u00e9cessairement li\u00e9es \u00e0 leur intelligence mais plut\u00f4t \u00e0 certaines attitudes, telles que l&rsquo;arrogance, l&rsquo;impatience face au rythme des autres ou l&rsquo;inflexibilit\u00e9. Il est crucial de leur apprendre \u00e0 se rapporter \u00e0 diff\u00e9rents types de personnes et \u00e0 g\u00e9rer leurs \u00e9motions afin qu&rsquo;ils puissent \u00e9tablir des relations saines avec leurs pairs.  <\/p>\n\n<p>Une autre image courante est celle de ces <strong>enfants solitaires<\/strong>. Bien qu&rsquo;il soit vrai qu&rsquo;ils peuvent passer beaucoup de temps absorb\u00e9s par des activit\u00e9s individuelles comme la lecture ou la recherche, cela ne signifie pas qu&rsquo;ils pr\u00e9f\u00e8rent toujours la solitude. Comme tout enfant, ils recherchent la compr\u00e9hension et souffrent lorsqu&rsquo;ils se sentent rejet\u00e9s ou isol\u00e9s.  <\/p>\n\n<p>Il y a aussi une croyance selon laquelle, en raison de leur haut niveau de compr\u00e9hension, <strong>ces enfants n&rsquo;ont pas besoin de limites<\/strong>. Cependant, ils sont toujours des enfants et, en tant que tels, ont besoin d&rsquo;un cadre clair de r\u00e8gles et de limites pour se sentir en s\u00e9curit\u00e9. Ils n&rsquo;ont pas l&rsquo;exp\u00e9rience sociale pour toujours prendre les bonnes d\u00e9cisions, et les adultes doivent les guider et les prot\u00e9ger.  <\/p>\n\n<p>Un autre mythe est de croire que <strong>le talent est uniquement le r\u00e9sultat de la pression<\/strong> et des attentes des adultes. Bien que la stimulation soit essentielle au d\u00e9veloppement des comp\u00e9tences, la base du talent est inn\u00e9e et ne peut \u00eatre uniquement attribu\u00e9e \u00e0 la pression ou aux efforts parentaux. Cependant, trouver un \u00e9quilibre est important, car une pression excessive peut \u00eatre contre-productive, entra\u00eenant de l&rsquo;anxi\u00e9t\u00e9 et de la frustration.  <\/p>\n\n<p>Enfin, il y a une tendance \u00e0 penser que les enfants \u00e0 haut potentiel <strong>deviendront automatiquement des adultes r\u00e9ussis et cr\u00e9atifs<\/strong>, mais ce n&rsquo;est pas toujours le cas. Les opportunit\u00e9s \u00e9ducatives, culturelles et \u00e9conomiques, ainsi que le d\u00e9veloppement des comp\u00e9tences sociales et \u00e9motionnelles, sont des facteurs cruciaux pour les aider \u00e0 atteindre leur potentiel tout au long de la vie. <\/p>\n\n<p>D\u00e9mystifier ces mythes est essentiel pour comprendre que ces enfants et adolescents forment un groupe diversifi\u00e9 avec des besoins uniques. Ce n&rsquo;est qu&rsquo;en comprenant leurs caract\u00e9ristiques de mani\u00e8re r\u00e9aliste que nous pourrons leur fournir le soutien et les conseils dont ils ont besoin pour grandir heureux et d\u00e9velopper pleinement leurs capacit\u00e9s. <\/p>\n","protected":false},"excerpt":{"rendered":"<p>Il est facile de trouver des id\u00e9es fausses sur les enfants et les adolescents ayant de hautes capacit\u00e9s intellectuelles. Ces croyances, souvent bas\u00e9es sur des mythes, non seulement d\u00e9forment la r\u00e9alit\u00e9 mais affectent \u00e9galement le soutien que ces enfants re\u00e7oivent pour d\u00e9velopper pleinement leur potentiel. Un mythe courant est de penser que ces enfants sont [&hellip;]<\/p>\n","protected":false},"author":1,"featured_media":15448,"parent":14950,"menu_order":0,"comment_status":"closed","ping_status":"closed","template":"","meta":{"_acf_changed":false,"inline_featured_image":false,"footnotes":""},"group-interest":[180,178,184,182],"class_list":["post-15461","page","type-page","status-publish","has-post-thumbnail","hentry","group-interest-family-fr","group-interest-individuals-fr","group-interest-proffesionals-fr","group-interest-teachers-fr"],"acf":[],"yoast_head":"<!-- This site is optimized with the Yoast SEO plugin v27.4 - https:\/\/yoast.com\/product\/yoast-seo-wordpress\/ -->\n<title>Mythes et r\u00e9alit\u00e9s sur les hautes capacit\u00e9s intellectuelles - Gifted HUB<\/title>\n<meta name=\"robots\" content=\"index, follow, max-snippet:-1, max-image-preview:large, max-video-preview:-1\" \/>\n<link rel=\"canonical\" href=\"https:\/\/gifted-hub.com\/fr\/quest-ce-que-les-hautes-capacites\/mythes-et-realites-sur-les-hautes-capacites-intellectuelles\/\" \/>\n<meta property=\"og:locale\" content=\"fr_FR\" \/>\n<meta property=\"og:type\" content=\"article\" \/>\n<meta property=\"og:title\" content=\"Mythes et r\u00e9alit\u00e9s sur les hautes capacit\u00e9s intellectuelles - Gifted HUB\" \/>\n<meta property=\"og:description\" content=\"Il est facile de trouver des id\u00e9es fausses sur les enfants et les adolescents ayant de hautes capacit\u00e9s intellectuelles. Ces croyances, souvent bas\u00e9es sur des mythes, non seulement d\u00e9forment la r\u00e9alit\u00e9 mais affectent \u00e9galement le soutien que ces enfants re\u00e7oivent pour d\u00e9velopper pleinement leur potentiel. Un mythe courant est de penser que ces enfants sont [&hellip;]\" \/>\n<meta property=\"og:url\" content=\"https:\/\/gifted-hub.com\/fr\/quest-ce-que-les-hautes-capacites\/mythes-et-realites-sur-les-hautes-capacites-intellectuelles\/\" \/>\n<meta property=\"og:site_name\" content=\"Gifted HUB\" \/>\n<meta property=\"article:modified_time\" content=\"2024-10-19T00:58:22+00:00\" \/>\n<meta property=\"og:image\" content=\"https:\/\/gifted-hub.com\/wp-content\/uploads\/2024\/09\/1098745.jpg\" \/>\n\t<meta property=\"og:image:width\" content=\"1280\" \/>\n\t<meta property=\"og:image:height\" content=\"851\" \/>\n\t<meta property=\"og:image:type\" content=\"image\/jpeg\" \/>\n<meta name=\"twitter:card\" content=\"summary_large_image\" \/>\n<meta name=\"twitter:label1\" content=\"Dur\u00e9e de lecture estim\u00e9e\" \/>\n\t<meta name=\"twitter:data1\" content=\"4 minutes\" \/>\n<script type=\"application\/ld+json\" class=\"yoast-schema-graph\">{\"@context\":\"https:\\\/\\\/schema.org\",\"@graph\":[{\"@type\":\"WebPage\",\"@id\":\"https:\\\/\\\/gifted-hub.com\\\/fr\\\/quest-ce-que-les-hautes-capacites\\\/mythes-et-realites-sur-les-hautes-capacites-intellectuelles\\\/\",\"url\":\"https:\\\/\\\/gifted-hub.com\\\/fr\\\/quest-ce-que-les-hautes-capacites\\\/mythes-et-realites-sur-les-hautes-capacites-intellectuelles\\\/\",\"name\":\"Mythes et r\u00e9alit\u00e9s sur les hautes capacit\u00e9s intellectuelles - Gifted HUB\",\"isPartOf\":{\"@id\":\"https:\\\/\\\/gifted-hub.com\\\/fr\\\/#website\"},\"primaryImageOfPage\":{\"@id\":\"https:\\\/\\\/gifted-hub.com\\\/fr\\\/quest-ce-que-les-hautes-capacites\\\/mythes-et-realites-sur-les-hautes-capacites-intellectuelles\\\/#primaryimage\"},\"image\":{\"@id\":\"https:\\\/\\\/gifted-hub.com\\\/fr\\\/quest-ce-que-les-hautes-capacites\\\/mythes-et-realites-sur-les-hautes-capacites-intellectuelles\\\/#primaryimage\"},\"thumbnailUrl\":\"https:\\\/\\\/gifted-hub.com\\\/wp-content\\\/uploads\\\/2024\\\/09\\\/1098745.jpg\",\"datePublished\":\"2024-09-26T21:39:49+00:00\",\"dateModified\":\"2024-10-19T00:58:22+00:00\",\"breadcrumb\":{\"@id\":\"https:\\\/\\\/gifted-hub.com\\\/fr\\\/quest-ce-que-les-hautes-capacites\\\/mythes-et-realites-sur-les-hautes-capacites-intellectuelles\\\/#breadcrumb\"},\"inLanguage\":\"fr-FR\",\"potentialAction\":[{\"@type\":\"ReadAction\",\"target\":[\"https:\\\/\\\/gifted-hub.com\\\/fr\\\/quest-ce-que-les-hautes-capacites\\\/mythes-et-realites-sur-les-hautes-capacites-intellectuelles\\\/\"]}]},{\"@type\":\"ImageObject\",\"inLanguage\":\"fr-FR\",\"@id\":\"https:\\\/\\\/gifted-hub.com\\\/fr\\\/quest-ce-que-les-hautes-capacites\\\/mythes-et-realites-sur-les-hautes-capacites-intellectuelles\\\/#primaryimage\",\"url\":\"https:\\\/\\\/gifted-hub.com\\\/wp-content\\\/uploads\\\/2024\\\/09\\\/1098745.jpg\",\"contentUrl\":\"https:\\\/\\\/gifted-hub.com\\\/wp-content\\\/uploads\\\/2024\\\/09\\\/1098745.jpg\",\"width\":1280,\"height\":851},{\"@type\":\"BreadcrumbList\",\"@id\":\"https:\\\/\\\/gifted-hub.com\\\/fr\\\/quest-ce-que-les-hautes-capacites\\\/mythes-et-realites-sur-les-hautes-capacites-intellectuelles\\\/#breadcrumb\",\"itemListElement\":[{\"@type\":\"ListItem\",\"position\":1,\"name\":\"Home\",\"item\":\"https:\\\/\\\/gifted-hub.com\\\/fr\\\/accueil\\\/\"},{\"@type\":\"ListItem\",\"position\":2,\"name\":\"Qu&#8217;est-ce que les Hautes Capacit\u00e9s?\",\"item\":\"https:\\\/\\\/gifted-hub.com\\\/fr\\\/quest-ce-que-les-hautes-capacites\\\/\"},{\"@type\":\"ListItem\",\"position\":3,\"name\":\"Mythes et r\u00e9alit\u00e9s sur les hautes capacit\u00e9s intellectuelles\"}]},{\"@type\":\"WebSite\",\"@id\":\"https:\\\/\\\/gifted-hub.com\\\/fr\\\/#website\",\"url\":\"https:\\\/\\\/gifted-hub.com\\\/fr\\\/\",\"name\":\"Gifted HUB\",\"description\":\"Un espace pour les hautes comp\u00e9tences\",\"publisher\":{\"@id\":\"https:\\\/\\\/gifted-hub.com\\\/fr\\\/#organization\"},\"potentialAction\":[{\"@type\":\"SearchAction\",\"target\":{\"@type\":\"EntryPoint\",\"urlTemplate\":\"https:\\\/\\\/gifted-hub.com\\\/fr\\\/?s={search_term_string}\"},\"query-input\":{\"@type\":\"PropertyValueSpecification\",\"valueRequired\":true,\"valueName\":\"search_term_string\"}}],\"inLanguage\":\"fr-FR\"},{\"@type\":\"Organization\",\"@id\":\"https:\\\/\\\/gifted-hub.com\\\/fr\\\/#organization\",\"name\":\"Gifted HUB\",\"url\":\"https:\\\/\\\/gifted-hub.com\\\/fr\\\/\",\"logo\":{\"@type\":\"ImageObject\",\"inLanguage\":\"fr-FR\",\"@id\":\"https:\\\/\\\/gifted-hub.com\\\/fr\\\/#\\\/schema\\\/logo\\\/image\\\/\",\"url\":\"https:\\\/\\\/gifted-hub.com\\\/wp-content\\\/uploads\\\/2024\\\/07\\\/logo-1.svg\",\"contentUrl\":\"https:\\\/\\\/gifted-hub.com\\\/wp-content\\\/uploads\\\/2024\\\/07\\\/logo-1.svg\",\"caption\":\"Gifted HUB\"},\"image\":{\"@id\":\"https:\\\/\\\/gifted-hub.com\\\/fr\\\/#\\\/schema\\\/logo\\\/image\\\/\"}}]}<\/script>\n<!-- \/ Yoast SEO plugin. -->","yoast_head_json":{"title":"Mythes et r\u00e9alit\u00e9s sur les hautes capacit\u00e9s intellectuelles - Gifted HUB","robots":{"index":"index","follow":"follow","max-snippet":"max-snippet:-1","max-image-preview":"max-image-preview:large","max-video-preview":"max-video-preview:-1"},"canonical":"https:\/\/gifted-hub.com\/fr\/quest-ce-que-les-hautes-capacites\/mythes-et-realites-sur-les-hautes-capacites-intellectuelles\/","og_locale":"fr_FR","og_type":"article","og_title":"Mythes et r\u00e9alit\u00e9s sur les hautes capacit\u00e9s intellectuelles - Gifted HUB","og_description":"Il est facile de trouver des id\u00e9es fausses sur les enfants et les adolescents ayant de hautes capacit\u00e9s intellectuelles. Ces croyances, souvent bas\u00e9es sur des mythes, non seulement d\u00e9forment la r\u00e9alit\u00e9 mais affectent \u00e9galement le soutien que ces enfants re\u00e7oivent pour d\u00e9velopper pleinement leur potentiel. Un mythe courant est de penser que ces enfants sont [&hellip;]","og_url":"https:\/\/gifted-hub.com\/fr\/quest-ce-que-les-hautes-capacites\/mythes-et-realites-sur-les-hautes-capacites-intellectuelles\/","og_site_name":"Gifted HUB","article_modified_time":"2024-10-19T00:58:22+00:00","og_image":[{"width":1280,"height":851,"url":"https:\/\/gifted-hub.com\/wp-content\/uploads\/2024\/09\/1098745.jpg","type":"image\/jpeg"}],"twitter_card":"summary_large_image","twitter_misc":{"Dur\u00e9e de lecture estim\u00e9e":"4 minutes"},"schema":{"@context":"https:\/\/schema.org","@graph":[{"@type":"WebPage","@id":"https:\/\/gifted-hub.com\/fr\/quest-ce-que-les-hautes-capacites\/mythes-et-realites-sur-les-hautes-capacites-intellectuelles\/","url":"https:\/\/gifted-hub.com\/fr\/quest-ce-que-les-hautes-capacites\/mythes-et-realites-sur-les-hautes-capacites-intellectuelles\/","name":"Mythes et r\u00e9alit\u00e9s sur les hautes capacit\u00e9s intellectuelles - Gifted HUB","isPartOf":{"@id":"https:\/\/gifted-hub.com\/fr\/#website"},"primaryImageOfPage":{"@id":"https:\/\/gifted-hub.com\/fr\/quest-ce-que-les-hautes-capacites\/mythes-et-realites-sur-les-hautes-capacites-intellectuelles\/#primaryimage"},"image":{"@id":"https:\/\/gifted-hub.com\/fr\/quest-ce-que-les-hautes-capacites\/mythes-et-realites-sur-les-hautes-capacites-intellectuelles\/#primaryimage"},"thumbnailUrl":"https:\/\/gifted-hub.com\/wp-content\/uploads\/2024\/09\/1098745.jpg","datePublished":"2024-09-26T21:39:49+00:00","dateModified":"2024-10-19T00:58:22+00:00","breadcrumb":{"@id":"https:\/\/gifted-hub.com\/fr\/quest-ce-que-les-hautes-capacites\/mythes-et-realites-sur-les-hautes-capacites-intellectuelles\/#breadcrumb"},"inLanguage":"fr-FR","potentialAction":[{"@type":"ReadAction","target":["https:\/\/gifted-hub.com\/fr\/quest-ce-que-les-hautes-capacites\/mythes-et-realites-sur-les-hautes-capacites-intellectuelles\/"]}]},{"@type":"ImageObject","inLanguage":"fr-FR","@id":"https:\/\/gifted-hub.com\/fr\/quest-ce-que-les-hautes-capacites\/mythes-et-realites-sur-les-hautes-capacites-intellectuelles\/#primaryimage","url":"https:\/\/gifted-hub.com\/wp-content\/uploads\/2024\/09\/1098745.jpg","contentUrl":"https:\/\/gifted-hub.com\/wp-content\/uploads\/2024\/09\/1098745.jpg","width":1280,"height":851},{"@type":"BreadcrumbList","@id":"https:\/\/gifted-hub.com\/fr\/quest-ce-que-les-hautes-capacites\/mythes-et-realites-sur-les-hautes-capacites-intellectuelles\/#breadcrumb","itemListElement":[{"@type":"ListItem","position":1,"name":"Home","item":"https:\/\/gifted-hub.com\/fr\/accueil\/"},{"@type":"ListItem","position":2,"name":"Qu&#8217;est-ce que les Hautes Capacit\u00e9s?","item":"https:\/\/gifted-hub.com\/fr\/quest-ce-que-les-hautes-capacites\/"},{"@type":"ListItem","position":3,"name":"Mythes et r\u00e9alit\u00e9s sur les hautes capacit\u00e9s intellectuelles"}]},{"@type":"WebSite","@id":"https:\/\/gifted-hub.com\/fr\/#website","url":"https:\/\/gifted-hub.com\/fr\/","name":"Gifted HUB","description":"Un espace pour les hautes comp\u00e9tences","publisher":{"@id":"https:\/\/gifted-hub.com\/fr\/#organization"},"potentialAction":[{"@type":"SearchAction","target":{"@type":"EntryPoint","urlTemplate":"https:\/\/gifted-hub.com\/fr\/?s={search_term_string}"},"query-input":{"@type":"PropertyValueSpecification","valueRequired":true,"valueName":"search_term_string"}}],"inLanguage":"fr-FR"},{"@type":"Organization","@id":"https:\/\/gifted-hub.com\/fr\/#organization","name":"Gifted HUB","url":"https:\/\/gifted-hub.com\/fr\/","logo":{"@type":"ImageObject","inLanguage":"fr-FR","@id":"https:\/\/gifted-hub.com\/fr\/#\/schema\/logo\/image\/","url":"https:\/\/gifted-hub.com\/wp-content\/uploads\/2024\/07\/logo-1.svg","contentUrl":"https:\/\/gifted-hub.com\/wp-content\/uploads\/2024\/07\/logo-1.svg","caption":"Gifted HUB"},"image":{"@id":"https:\/\/gifted-hub.com\/fr\/#\/schema\/logo\/image\/"}}]}},"_links":{"self":[{"href":"https:\/\/gifted-hub.com\/fr\/wp-json\/wp\/v2\/pages\/15461","targetHints":{"allow":["GET"]}}],"collection":[{"href":"https:\/\/gifted-hub.com\/fr\/wp-json\/wp\/v2\/pages"}],"about":[{"href":"https:\/\/gifted-hub.com\/fr\/wp-json\/wp\/v2\/types\/page"}],"author":[{"embeddable":true,"href":"https:\/\/gifted-hub.com\/fr\/wp-json\/wp\/v2\/users\/1"}],"replies":[{"embeddable":true,"href":"https:\/\/gifted-hub.com\/fr\/wp-json\/wp\/v2\/comments?post=15461"}],"version-history":[{"count":2,"href":"https:\/\/gifted-hub.com\/fr\/wp-json\/wp\/v2\/pages\/15461\/revisions"}],"predecessor-version":[{"id":15585,"href":"https:\/\/gifted-hub.com\/fr\/wp-json\/wp\/v2\/pages\/15461\/revisions\/15585"}],"up":[{"embeddable":true,"href":"https:\/\/gifted-hub.com\/fr\/wp-json\/wp\/v2\/pages\/14950"}],"wp:featuredmedia":[{"embeddable":true,"href":"https:\/\/gifted-hub.com\/fr\/wp-json\/wp\/v2\/media\/15448"}],"wp:attachment":[{"href":"https:\/\/gifted-hub.com\/fr\/wp-json\/wp\/v2\/media?parent=15461"}],"wp:term":[{"taxonomy":"group-interest","embeddable":true,"href":"https:\/\/gifted-hub.com\/fr\/wp-json\/wp\/v2\/group-interest?post=15461"}],"curies":[{"name":"wp","href":"https:\/\/api.w.org\/{rel}","templated":true}]}}