{"id":15213,"date":"2024-08-17T22:13:30","date_gmt":"2024-08-17T22:13:30","guid":{"rendered":"https:\/\/gifted-hub.com\/individus\/"},"modified":"2024-09-07T23:50:10","modified_gmt":"2024-09-07T23:50:10","slug":"individus","status":"publish","type":"page","link":"https:\/\/gifted-hub.com\/fr\/individus\/","title":{"rendered":"Individus"},"content":{"rendered":"\n<p>Si vous avez d\u00e9j\u00e0 eu l&rsquo;impression de r\u00e9fl\u00e9chir plus profond\u00e9ment aux choses ou d&rsquo;apprendre et de comprendre les choses diff\u00e9remment des autres, vous vous \u00eates peut-\u00eatre demand\u00e9 si vous aviez <a href=\"https:\/\/gifted-hub.com\/fr\/quest-ce-que-les-hautes-capacites\/\" data-type=\"page\" data-id=\"347\">des capacit\u00e9s \u00e9lev\u00e9es<\/a>.\nDans cet espace, nous vous offrons les informations dont vous avez besoin pour explorer cette possibilit\u00e9 et mieux comprendre ce que cela implique. <\/p>\n\n<p><strong>Comment savoir si vous avez des capacit\u00e9s \u00e9lev\u00e9es<\/strong><\/p>\n\n<p>Reconna\u00eetre si vous avez des capacit\u00e9s \u00e9lev\u00e9es <strong>peut \u00eatre difficile<\/strong>, car il ne s&rsquo;agit pas seulement d&rsquo;obtenir de bonnes notes ou d&rsquo;\u00eatre \u00ab\u00a0intelligent\u00a0\u00bb au sens traditionnel.\nLes capacit\u00e9s \u00e9lev\u00e9es englobent un \u00e9ventail plus large qui inclut une pens\u00e9e critique avanc\u00e9e, une cr\u00e9ativit\u00e9 inhabituelle, une curiosit\u00e9 insatiable et souvent, une grande sensibilit\u00e9 \u00e9motionnelle.\nSi vous vous identifiez \u00e0 ces caract\u00e9ristiques, vous \u00eates peut-\u00eatre sur la bonne voie pour explorer davantage ce sujet.\nIci, nous fournissons des guides et des ressources pour vous aider \u00e0 identifier si les capacit\u00e9s \u00e9lev\u00e9es font partie de votre vie.   <\/p>\n\n<p>Comprendre si vous avez des capacit\u00e9s \u00e9lev\u00e9es peut \u00eatre la cl\u00e9 pour maximiser votre potentiel.\nLe savoir vous permet de rechercher les bonnes opportunit\u00e9s et le soutien n\u00e9cessaire pour d\u00e9velopper vos comp\u00e9tences et \u00e9viter les d\u00e9fis courants, tels que l&rsquo;ennui ou la d\u00e9motivation.\nDe plus, <strong>conna\u00eetre vos propres capacit\u00e9s<\/strong> peut vous offrir une meilleure compr\u00e9hension de vous-m\u00eame et vous aider \u00e0 g\u00e9rer les attentes que vous pourriez avoir, tant les v\u00f4tres que celles des autres.  <\/p>\n\n<p><strong>Se sentir membre d&rsquo;un groupe<\/strong><\/p>\n\n<p>Pour de nombreuses personnes ayant des capacit\u00e9s \u00e9lev\u00e9es, l&rsquo;une des plus grandes difficult\u00e9s est de se sentir compris ou de trouver un groupe de personnes ayant des int\u00e9r\u00eats et des capacit\u00e9s similaires.\nIci, nous favorisons les connexions entre les personnes qui partagent ces caract\u00e9ristiques, cr\u00e9ant une communaut\u00e9 o\u00f9 vous pouvez vous sentir accept\u00e9, partager des exp\u00e9riences et trouver un soutien mutuel. <strong><a href=\"https:\/\/gifted-hub.com\/individuals\/facing-challenges-in-relationships\/\" data-type=\"page\" data-id=\"15142\">Se connecter avec d&rsquo;autres<\/a><\/strong> qui explorent \u00e9galement leurs capacit\u00e9s \u00e9lev\u00e9es peut \u00eatre une exp\u00e9rience transformative, vous donnant un sentiment d&rsquo;appartenance et de compr\u00e9hension qui peut \u00eatre difficile \u00e0 trouver dans d&rsquo;autres environnements. <\/p>\n\n<p>Avoir des capacit\u00e9s \u00e9lev\u00e9es signifie souvent que vous avez une large gamme d&rsquo;int\u00e9r\u00eats et de comp\u00e9tences, et trouver des t\u00e2ches ou des projets qui vous passionnent vraiment peut \u00eatre un d\u00e9fi.\nDans cet espace, nous offrons des id\u00e9es et des suggestions pour vous engager dans des activit\u00e9s qui stimulent votre intellect et vous maintiennent motiv\u00e9.\nDes projets cr\u00e9atifs aux d\u00e9fis intellectuels, vous trouverez ici l&rsquo;inspiration pour continuer \u00e0 grandir et \u00e0 apprendre dans des domaines qui vous int\u00e9ressent vraiment.  <\/p>\n","protected":false},"excerpt":{"rendered":"<p>Si vous avez d\u00e9j\u00e0 eu l&rsquo;impression de r\u00e9fl\u00e9chir plus profond\u00e9ment aux choses ou d&rsquo;apprendre et de comprendre les choses diff\u00e9remment des autres, vous vous \u00eates peut-\u00eatre demand\u00e9 si vous aviez des capacit\u00e9s \u00e9lev\u00e9es. Dans cet espace, nous vous offrons les informations dont vous avez besoin pour explorer cette possibilit\u00e9 et mieux comprendre ce que cela [&hellip;]<\/p>\n","protected":false},"author":1,"featured_media":15111,"parent":0,"menu_order":0,"comment_status":"closed","ping_status":"closed","template":"","meta":{"_acf_changed":false,"inline_featured_image":false,"footnotes":""},"group-interest":[],"class_list":["post-15213","page","type-page","status-publish","has-post-thumbnail","hentry"],"acf":[],"yoast_head":"<!-- This site is optimized with the Yoast SEO plugin v27.4 - https:\/\/yoast.com\/product\/yoast-seo-wordpress\/ -->\n<title>Individus - Gifted HUB<\/title>\n<meta name=\"robots\" content=\"index, follow, max-snippet:-1, max-image-preview:large, max-video-preview:-1\" \/>\n<link rel=\"canonical\" href=\"https:\/\/gifted-hub.com\/fr\/individus\/\" \/>\n<meta property=\"og:locale\" content=\"fr_FR\" \/>\n<meta property=\"og:type\" content=\"article\" \/>\n<meta property=\"og:title\" content=\"Individus - Gifted HUB\" \/>\n<meta property=\"og:description\" content=\"Si vous avez d\u00e9j\u00e0 eu l&rsquo;impression de r\u00e9fl\u00e9chir plus profond\u00e9ment aux choses ou d&rsquo;apprendre et de comprendre les choses diff\u00e9remment des autres, vous vous \u00eates peut-\u00eatre demand\u00e9 si vous aviez des capacit\u00e9s \u00e9lev\u00e9es. Dans cet espace, nous vous offrons les informations dont vous avez besoin pour explorer cette possibilit\u00e9 et mieux comprendre ce que cela [&hellip;]\" \/>\n<meta property=\"og:url\" content=\"https:\/\/gifted-hub.com\/fr\/individus\/\" \/>\n<meta property=\"og:site_name\" content=\"Gifted HUB\" \/>\n<meta property=\"article:modified_time\" content=\"2024-09-07T23:50:10+00:00\" \/>\n<meta property=\"og:image\" content=\"https:\/\/gifted-hub.com\/wp-content\/uploads\/2024\/08\/3184163-e1723933938612.jpg\" \/>\n\t<meta property=\"og:image:width\" content=\"1600\" \/>\n\t<meta property=\"og:image:height\" content=\"1067\" \/>\n\t<meta property=\"og:image:type\" content=\"image\/jpeg\" \/>\n<meta name=\"twitter:card\" content=\"summary_large_image\" \/>\n<meta name=\"twitter:label1\" content=\"Dur\u00e9e de lecture estim\u00e9e\" \/>\n\t<meta name=\"twitter:data1\" content=\"2 minutes\" \/>\n<script type=\"application\/ld+json\" class=\"yoast-schema-graph\">{\"@context\":\"https:\\\/\\\/schema.org\",\"@graph\":[{\"@type\":\"WebPage\",\"@id\":\"https:\\\/\\\/gifted-hub.com\\\/fr\\\/individus\\\/\",\"url\":\"https:\\\/\\\/gifted-hub.com\\\/fr\\\/individus\\\/\",\"name\":\"Individus - Gifted HUB\",\"isPartOf\":{\"@id\":\"https:\\\/\\\/gifted-hub.com\\\/fr\\\/#website\"},\"primaryImageOfPage\":{\"@id\":\"https:\\\/\\\/gifted-hub.com\\\/fr\\\/individus\\\/#primaryimage\"},\"image\":{\"@id\":\"https:\\\/\\\/gifted-hub.com\\\/fr\\\/individus\\\/#primaryimage\"},\"thumbnailUrl\":\"https:\\\/\\\/gifted-hub.com\\\/wp-content\\\/uploads\\\/2024\\\/08\\\/3184163-e1723933938612.jpg\",\"datePublished\":\"2024-08-17T22:13:30+00:00\",\"dateModified\":\"2024-09-07T23:50:10+00:00\",\"breadcrumb\":{\"@id\":\"https:\\\/\\\/gifted-hub.com\\\/fr\\\/individus\\\/#breadcrumb\"},\"inLanguage\":\"fr-FR\",\"potentialAction\":[{\"@type\":\"ReadAction\",\"target\":[\"https:\\\/\\\/gifted-hub.com\\\/fr\\\/individus\\\/\"]}]},{\"@type\":\"ImageObject\",\"inLanguage\":\"fr-FR\",\"@id\":\"https:\\\/\\\/gifted-hub.com\\\/fr\\\/individus\\\/#primaryimage\",\"url\":\"https:\\\/\\\/gifted-hub.com\\\/wp-content\\\/uploads\\\/2024\\\/08\\\/3184163-e1723933938612.jpg\",\"contentUrl\":\"https:\\\/\\\/gifted-hub.com\\\/wp-content\\\/uploads\\\/2024\\\/08\\\/3184163-e1723933938612.jpg\",\"width\":1600,\"height\":1067},{\"@type\":\"BreadcrumbList\",\"@id\":\"https:\\\/\\\/gifted-hub.com\\\/fr\\\/individus\\\/#breadcrumb\",\"itemListElement\":[{\"@type\":\"ListItem\",\"position\":1,\"name\":\"Home\",\"item\":\"https:\\\/\\\/gifted-hub.com\\\/fr\\\/accueil\\\/\"},{\"@type\":\"ListItem\",\"position\":2,\"name\":\"Individus\"}]},{\"@type\":\"WebSite\",\"@id\":\"https:\\\/\\\/gifted-hub.com\\\/fr\\\/#website\",\"url\":\"https:\\\/\\\/gifted-hub.com\\\/fr\\\/\",\"name\":\"Gifted HUB\",\"description\":\"Un espace pour les hautes comp\u00e9tences\",\"publisher\":{\"@id\":\"https:\\\/\\\/gifted-hub.com\\\/fr\\\/#organization\"},\"potentialAction\":[{\"@type\":\"SearchAction\",\"target\":{\"@type\":\"EntryPoint\",\"urlTemplate\":\"https:\\\/\\\/gifted-hub.com\\\/fr\\\/?s={search_term_string}\"},\"query-input\":{\"@type\":\"PropertyValueSpecification\",\"valueRequired\":true,\"valueName\":\"search_term_string\"}}],\"inLanguage\":\"fr-FR\"},{\"@type\":\"Organization\",\"@id\":\"https:\\\/\\\/gifted-hub.com\\\/fr\\\/#organization\",\"name\":\"Gifted HUB\",\"url\":\"https:\\\/\\\/gifted-hub.com\\\/fr\\\/\",\"logo\":{\"@type\":\"ImageObject\",\"inLanguage\":\"fr-FR\",\"@id\":\"https:\\\/\\\/gifted-hub.com\\\/fr\\\/#\\\/schema\\\/logo\\\/image\\\/\",\"url\":\"https:\\\/\\\/gifted-hub.com\\\/wp-content\\\/uploads\\\/2024\\\/07\\\/logo-1.svg\",\"contentUrl\":\"https:\\\/\\\/gifted-hub.com\\\/wp-content\\\/uploads\\\/2024\\\/07\\\/logo-1.svg\",\"caption\":\"Gifted HUB\"},\"image\":{\"@id\":\"https:\\\/\\\/gifted-hub.com\\\/fr\\\/#\\\/schema\\\/logo\\\/image\\\/\"}}]}<\/script>\n<!-- \/ Yoast SEO plugin. -->","yoast_head_json":{"title":"Individus - Gifted HUB","robots":{"index":"index","follow":"follow","max-snippet":"max-snippet:-1","max-image-preview":"max-image-preview:large","max-video-preview":"max-video-preview:-1"},"canonical":"https:\/\/gifted-hub.com\/fr\/individus\/","og_locale":"fr_FR","og_type":"article","og_title":"Individus - Gifted HUB","og_description":"Si vous avez d\u00e9j\u00e0 eu l&rsquo;impression de r\u00e9fl\u00e9chir plus profond\u00e9ment aux choses ou d&rsquo;apprendre et de comprendre les choses diff\u00e9remment des autres, vous vous \u00eates peut-\u00eatre demand\u00e9 si vous aviez des capacit\u00e9s \u00e9lev\u00e9es. Dans cet espace, nous vous offrons les informations dont vous avez besoin pour explorer cette possibilit\u00e9 et mieux comprendre ce que cela [&hellip;]","og_url":"https:\/\/gifted-hub.com\/fr\/individus\/","og_site_name":"Gifted HUB","article_modified_time":"2024-09-07T23:50:10+00:00","og_image":[{"width":1600,"height":1067,"url":"https:\/\/gifted-hub.com\/wp-content\/uploads\/2024\/08\/3184163-e1723933938612.jpg","type":"image\/jpeg"}],"twitter_card":"summary_large_image","twitter_misc":{"Dur\u00e9e de lecture estim\u00e9e":"2 minutes"},"schema":{"@context":"https:\/\/schema.org","@graph":[{"@type":"WebPage","@id":"https:\/\/gifted-hub.com\/fr\/individus\/","url":"https:\/\/gifted-hub.com\/fr\/individus\/","name":"Individus - Gifted HUB","isPartOf":{"@id":"https:\/\/gifted-hub.com\/fr\/#website"},"primaryImageOfPage":{"@id":"https:\/\/gifted-hub.com\/fr\/individus\/#primaryimage"},"image":{"@id":"https:\/\/gifted-hub.com\/fr\/individus\/#primaryimage"},"thumbnailUrl":"https:\/\/gifted-hub.com\/wp-content\/uploads\/2024\/08\/3184163-e1723933938612.jpg","datePublished":"2024-08-17T22:13:30+00:00","dateModified":"2024-09-07T23:50:10+00:00","breadcrumb":{"@id":"https:\/\/gifted-hub.com\/fr\/individus\/#breadcrumb"},"inLanguage":"fr-FR","potentialAction":[{"@type":"ReadAction","target":["https:\/\/gifted-hub.com\/fr\/individus\/"]}]},{"@type":"ImageObject","inLanguage":"fr-FR","@id":"https:\/\/gifted-hub.com\/fr\/individus\/#primaryimage","url":"https:\/\/gifted-hub.com\/wp-content\/uploads\/2024\/08\/3184163-e1723933938612.jpg","contentUrl":"https:\/\/gifted-hub.com\/wp-content\/uploads\/2024\/08\/3184163-e1723933938612.jpg","width":1600,"height":1067},{"@type":"BreadcrumbList","@id":"https:\/\/gifted-hub.com\/fr\/individus\/#breadcrumb","itemListElement":[{"@type":"ListItem","position":1,"name":"Home","item":"https:\/\/gifted-hub.com\/fr\/accueil\/"},{"@type":"ListItem","position":2,"name":"Individus"}]},{"@type":"WebSite","@id":"https:\/\/gifted-hub.com\/fr\/#website","url":"https:\/\/gifted-hub.com\/fr\/","name":"Gifted HUB","description":"Un espace pour les hautes comp\u00e9tences","publisher":{"@id":"https:\/\/gifted-hub.com\/fr\/#organization"},"potentialAction":[{"@type":"SearchAction","target":{"@type":"EntryPoint","urlTemplate":"https:\/\/gifted-hub.com\/fr\/?s={search_term_string}"},"query-input":{"@type":"PropertyValueSpecification","valueRequired":true,"valueName":"search_term_string"}}],"inLanguage":"fr-FR"},{"@type":"Organization","@id":"https:\/\/gifted-hub.com\/fr\/#organization","name":"Gifted HUB","url":"https:\/\/gifted-hub.com\/fr\/","logo":{"@type":"ImageObject","inLanguage":"fr-FR","@id":"https:\/\/gifted-hub.com\/fr\/#\/schema\/logo\/image\/","url":"https:\/\/gifted-hub.com\/wp-content\/uploads\/2024\/07\/logo-1.svg","contentUrl":"https:\/\/gifted-hub.com\/wp-content\/uploads\/2024\/07\/logo-1.svg","caption":"Gifted HUB"},"image":{"@id":"https:\/\/gifted-hub.com\/fr\/#\/schema\/logo\/image\/"}}]}},"_links":{"self":[{"href":"https:\/\/gifted-hub.com\/fr\/wp-json\/wp\/v2\/pages\/15213","targetHints":{"allow":["GET"]}}],"collection":[{"href":"https:\/\/gifted-hub.com\/fr\/wp-json\/wp\/v2\/pages"}],"about":[{"href":"https:\/\/gifted-hub.com\/fr\/wp-json\/wp\/v2\/types\/page"}],"author":[{"embeddable":true,"href":"https:\/\/gifted-hub.com\/fr\/wp-json\/wp\/v2\/users\/1"}],"replies":[{"embeddable":true,"href":"https:\/\/gifted-hub.com\/fr\/wp-json\/wp\/v2\/comments?post=15213"}],"version-history":[{"count":1,"href":"https:\/\/gifted-hub.com\/fr\/wp-json\/wp\/v2\/pages\/15213\/revisions"}],"predecessor-version":[{"id":15214,"href":"https:\/\/gifted-hub.com\/fr\/wp-json\/wp\/v2\/pages\/15213\/revisions\/15214"}],"wp:featuredmedia":[{"embeddable":true,"href":"https:\/\/gifted-hub.com\/fr\/wp-json\/wp\/v2\/media\/15111"}],"wp:attachment":[{"href":"https:\/\/gifted-hub.com\/fr\/wp-json\/wp\/v2\/media?parent=15213"}],"wp:term":[{"taxonomy":"group-interest","embeddable":true,"href":"https:\/\/gifted-hub.com\/fr\/wp-json\/wp\/v2\/group-interest?post=15213"}],"curies":[{"name":"wp","href":"https:\/\/api.w.org\/{rel}","templated":true}]}}