{"id":14950,"date":"2024-07-25T21:50:19","date_gmt":"2024-07-25T21:50:19","guid":{"rendered":"https:\/\/gifted-hub.com\/quest-ce-que-les-hautes-capacites\/"},"modified":"2024-10-19T00:56:54","modified_gmt":"2024-10-19T00:56:54","slug":"quest-ce-que-les-hautes-capacites","status":"publish","type":"page","link":"https:\/\/gifted-hub.com\/fr\/quest-ce-que-les-hautes-capacites\/","title":{"rendered":"Qu&rsquo;est-ce que les Hautes Capacit\u00e9s?"},"content":{"rendered":"\n<p>D\u00e9finir les hautes capacit\u00e9s n&rsquo;est pas une t\u00e2che facile, car chaque expert peut offrir une d\u00e9finition diff\u00e9rente, ce qui peut entra\u00eener une confusion potentielle. Il est important de comprendre que les hautes capacit\u00e9s sont <strong><a href=\"https:\/\/gifted-hub.com\/fr\/quest-ce-que-les-hautes-capacites\/comprendre-la-douance-comme-une-construction-sociale\/\" data-type=\"page\" data-id=\"15070\">une construction sociale<\/a><\/strong>, c&rsquo;est-\u00e0-dire un concept cr\u00e9\u00e9 pour identifier un groupe sp\u00e9cifique d&rsquo;individus, en particulier les enfants, qui peuvent n\u00e9cessiter une attention particuli\u00e8re.<\/p>\n\n<p>Il est tout aussi important de clarifier <strong>ce que les hautes capacit\u00e9s ne sont pas<\/strong>.\nBien que le terme \u00ab\u00a0intelligent\u00a0\u00bb soit souvent utilis\u00e9, il ne se r\u00e9f\u00e8re pas uniquement \u00e0 un QI \u00e9lev\u00e9, qui est \u00e9galement une construction sociale.\nDe plus, tous les enfants ayant des hautes capacit\u00e9s ne r\u00e9ussissent pas toujours bien \u00e0 l&rsquo;\u00e9cole ou n&rsquo;apprennent pas de mani\u00e8re autonome sans orientation.  <\/p>\n\n<p>Il n&rsquo;y a pas de caract\u00e9ristiques uniques qui identifient facilement une personne ayant des hautes capacit\u00e9s.\nCe groupe est tr\u00e8s diversifi\u00e9 et peut inclure des individus qui ont besoin de d\u00e9fis intellectuels, de motivation et de guidance tant sur le plan social qu&rsquo;\u00e9motionnel. <\/p>\n\n<p>En r\u00e9sum\u00e9, les hautes capacit\u00e9s repr\u00e9sentent le <strong>potentiel de d\u00e9velopper des talents sp\u00e9cifiques<\/strong>.<\/p>\n","protected":false},"excerpt":{"rendered":"<p>D\u00e9finir les hautes capacit\u00e9s n&rsquo;est pas une t\u00e2che facile, car chaque expert peut offrir une d\u00e9finition diff\u00e9rente, ce qui peut entra\u00eener une confusion potentielle. Il est important de comprendre que les hautes capacit\u00e9s sont une construction sociale, c&rsquo;est-\u00e0-dire un concept cr\u00e9\u00e9 pour identifier un groupe sp\u00e9cifique d&rsquo;individus, en particulier les enfants, qui peuvent n\u00e9cessiter une [&hellip;]<\/p>\n","protected":false},"author":1,"featured_media":14945,"parent":0,"menu_order":0,"comment_status":"closed","ping_status":"closed","template":"","meta":{"_acf_changed":false,"inline_featured_image":false,"footnotes":""},"group-interest":[180,178,184,182],"class_list":["post-14950","page","type-page","status-publish","has-post-thumbnail","hentry","group-interest-family-fr","group-interest-individuals-fr","group-interest-proffesionals-fr","group-interest-teachers-fr"],"acf":[],"yoast_head":"<!-- This site is optimized with the Yoast SEO plugin v27.4 - https:\/\/yoast.com\/product\/yoast-seo-wordpress\/ -->\n<title>Qu&#039;est-ce que les Hautes Capacit\u00e9s? - Gifted HUB<\/title>\n<meta name=\"robots\" content=\"index, follow, max-snippet:-1, max-image-preview:large, max-video-preview:-1\" \/>\n<link rel=\"canonical\" href=\"https:\/\/gifted-hub.com\/fr\/quest-ce-que-les-hautes-capacites\/\" \/>\n<meta property=\"og:locale\" content=\"fr_FR\" \/>\n<meta property=\"og:type\" content=\"article\" \/>\n<meta property=\"og:title\" content=\"Qu&#039;est-ce que les Hautes Capacit\u00e9s? - Gifted HUB\" \/>\n<meta property=\"og:description\" content=\"D\u00e9finir les hautes capacit\u00e9s n&rsquo;est pas une t\u00e2che facile, car chaque expert peut offrir une d\u00e9finition diff\u00e9rente, ce qui peut entra\u00eener une confusion potentielle. Il est important de comprendre que les hautes capacit\u00e9s sont une construction sociale, c&rsquo;est-\u00e0-dire un concept cr\u00e9\u00e9 pour identifier un groupe sp\u00e9cifique d&rsquo;individus, en particulier les enfants, qui peuvent n\u00e9cessiter une [&hellip;]\" \/>\n<meta property=\"og:url\" content=\"https:\/\/gifted-hub.com\/fr\/quest-ce-que-les-hautes-capacites\/\" \/>\n<meta property=\"og:site_name\" content=\"Gifted HUB\" \/>\n<meta property=\"article:modified_time\" content=\"2024-10-19T00:56:54+00:00\" \/>\n<meta property=\"og:image\" content=\"https:\/\/gifted-hub.com\/wp-content\/uploads\/2024\/07\/fzoitus1diq.jpg\" \/>\n\t<meta property=\"og:image:width\" content=\"1600\" \/>\n\t<meta property=\"og:image:height\" content=\"1067\" \/>\n\t<meta property=\"og:image:type\" content=\"image\/jpeg\" \/>\n<meta name=\"twitter:card\" content=\"summary_large_image\" \/>\n<meta name=\"twitter:label1\" content=\"Dur\u00e9e de lecture estim\u00e9e\" \/>\n\t<meta name=\"twitter:data1\" content=\"1 minute\" \/>\n<script type=\"application\/ld+json\" class=\"yoast-schema-graph\">{\"@context\":\"https:\\\/\\\/schema.org\",\"@graph\":[{\"@type\":\"WebPage\",\"@id\":\"https:\\\/\\\/gifted-hub.com\\\/fr\\\/quest-ce-que-les-hautes-capacites\\\/\",\"url\":\"https:\\\/\\\/gifted-hub.com\\\/fr\\\/quest-ce-que-les-hautes-capacites\\\/\",\"name\":\"Qu'est-ce que les Hautes Capacit\u00e9s? - Gifted HUB\",\"isPartOf\":{\"@id\":\"https:\\\/\\\/gifted-hub.com\\\/fr\\\/#website\"},\"primaryImageOfPage\":{\"@id\":\"https:\\\/\\\/gifted-hub.com\\\/fr\\\/quest-ce-que-les-hautes-capacites\\\/#primaryimage\"},\"image\":{\"@id\":\"https:\\\/\\\/gifted-hub.com\\\/fr\\\/quest-ce-que-les-hautes-capacites\\\/#primaryimage\"},\"thumbnailUrl\":\"https:\\\/\\\/gifted-hub.com\\\/wp-content\\\/uploads\\\/2024\\\/07\\\/fzoitus1diq.jpg\",\"datePublished\":\"2024-07-25T21:50:19+00:00\",\"dateModified\":\"2024-10-19T00:56:54+00:00\",\"breadcrumb\":{\"@id\":\"https:\\\/\\\/gifted-hub.com\\\/fr\\\/quest-ce-que-les-hautes-capacites\\\/#breadcrumb\"},\"inLanguage\":\"fr-FR\",\"potentialAction\":[{\"@type\":\"ReadAction\",\"target\":[\"https:\\\/\\\/gifted-hub.com\\\/fr\\\/quest-ce-que-les-hautes-capacites\\\/\"]}]},{\"@type\":\"ImageObject\",\"inLanguage\":\"fr-FR\",\"@id\":\"https:\\\/\\\/gifted-hub.com\\\/fr\\\/quest-ce-que-les-hautes-capacites\\\/#primaryimage\",\"url\":\"https:\\\/\\\/gifted-hub.com\\\/wp-content\\\/uploads\\\/2024\\\/07\\\/fzoitus1diq.jpg\",\"contentUrl\":\"https:\\\/\\\/gifted-hub.com\\\/wp-content\\\/uploads\\\/2024\\\/07\\\/fzoitus1diq.jpg\",\"width\":1600,\"height\":1067},{\"@type\":\"BreadcrumbList\",\"@id\":\"https:\\\/\\\/gifted-hub.com\\\/fr\\\/quest-ce-que-les-hautes-capacites\\\/#breadcrumb\",\"itemListElement\":[{\"@type\":\"ListItem\",\"position\":1,\"name\":\"Home\",\"item\":\"https:\\\/\\\/gifted-hub.com\\\/fr\\\/accueil\\\/\"},{\"@type\":\"ListItem\",\"position\":2,\"name\":\"Qu&#8217;est-ce que les Hautes Capacit\u00e9s?\"}]},{\"@type\":\"WebSite\",\"@id\":\"https:\\\/\\\/gifted-hub.com\\\/fr\\\/#website\",\"url\":\"https:\\\/\\\/gifted-hub.com\\\/fr\\\/\",\"name\":\"Gifted HUB\",\"description\":\"Un espace pour les hautes comp\u00e9tences\",\"publisher\":{\"@id\":\"https:\\\/\\\/gifted-hub.com\\\/fr\\\/#organization\"},\"potentialAction\":[{\"@type\":\"SearchAction\",\"target\":{\"@type\":\"EntryPoint\",\"urlTemplate\":\"https:\\\/\\\/gifted-hub.com\\\/fr\\\/?s={search_term_string}\"},\"query-input\":{\"@type\":\"PropertyValueSpecification\",\"valueRequired\":true,\"valueName\":\"search_term_string\"}}],\"inLanguage\":\"fr-FR\"},{\"@type\":\"Organization\",\"@id\":\"https:\\\/\\\/gifted-hub.com\\\/fr\\\/#organization\",\"name\":\"Gifted HUB\",\"url\":\"https:\\\/\\\/gifted-hub.com\\\/fr\\\/\",\"logo\":{\"@type\":\"ImageObject\",\"inLanguage\":\"fr-FR\",\"@id\":\"https:\\\/\\\/gifted-hub.com\\\/fr\\\/#\\\/schema\\\/logo\\\/image\\\/\",\"url\":\"https:\\\/\\\/gifted-hub.com\\\/wp-content\\\/uploads\\\/2024\\\/07\\\/logo-1.svg\",\"contentUrl\":\"https:\\\/\\\/gifted-hub.com\\\/wp-content\\\/uploads\\\/2024\\\/07\\\/logo-1.svg\",\"caption\":\"Gifted HUB\"},\"image\":{\"@id\":\"https:\\\/\\\/gifted-hub.com\\\/fr\\\/#\\\/schema\\\/logo\\\/image\\\/\"}}]}<\/script>\n<!-- \/ Yoast SEO plugin. -->","yoast_head_json":{"title":"Qu'est-ce que les Hautes Capacit\u00e9s? - Gifted HUB","robots":{"index":"index","follow":"follow","max-snippet":"max-snippet:-1","max-image-preview":"max-image-preview:large","max-video-preview":"max-video-preview:-1"},"canonical":"https:\/\/gifted-hub.com\/fr\/quest-ce-que-les-hautes-capacites\/","og_locale":"fr_FR","og_type":"article","og_title":"Qu'est-ce que les Hautes Capacit\u00e9s? - Gifted HUB","og_description":"D\u00e9finir les hautes capacit\u00e9s n&rsquo;est pas une t\u00e2che facile, car chaque expert peut offrir une d\u00e9finition diff\u00e9rente, ce qui peut entra\u00eener une confusion potentielle. Il est important de comprendre que les hautes capacit\u00e9s sont une construction sociale, c&rsquo;est-\u00e0-dire un concept cr\u00e9\u00e9 pour identifier un groupe sp\u00e9cifique d&rsquo;individus, en particulier les enfants, qui peuvent n\u00e9cessiter une [&hellip;]","og_url":"https:\/\/gifted-hub.com\/fr\/quest-ce-que-les-hautes-capacites\/","og_site_name":"Gifted HUB","article_modified_time":"2024-10-19T00:56:54+00:00","og_image":[{"width":1600,"height":1067,"url":"https:\/\/gifted-hub.com\/wp-content\/uploads\/2024\/07\/fzoitus1diq.jpg","type":"image\/jpeg"}],"twitter_card":"summary_large_image","twitter_misc":{"Dur\u00e9e de lecture estim\u00e9e":"1 minute"},"schema":{"@context":"https:\/\/schema.org","@graph":[{"@type":"WebPage","@id":"https:\/\/gifted-hub.com\/fr\/quest-ce-que-les-hautes-capacites\/","url":"https:\/\/gifted-hub.com\/fr\/quest-ce-que-les-hautes-capacites\/","name":"Qu'est-ce que les Hautes Capacit\u00e9s? - Gifted HUB","isPartOf":{"@id":"https:\/\/gifted-hub.com\/fr\/#website"},"primaryImageOfPage":{"@id":"https:\/\/gifted-hub.com\/fr\/quest-ce-que-les-hautes-capacites\/#primaryimage"},"image":{"@id":"https:\/\/gifted-hub.com\/fr\/quest-ce-que-les-hautes-capacites\/#primaryimage"},"thumbnailUrl":"https:\/\/gifted-hub.com\/wp-content\/uploads\/2024\/07\/fzoitus1diq.jpg","datePublished":"2024-07-25T21:50:19+00:00","dateModified":"2024-10-19T00:56:54+00:00","breadcrumb":{"@id":"https:\/\/gifted-hub.com\/fr\/quest-ce-que-les-hautes-capacites\/#breadcrumb"},"inLanguage":"fr-FR","potentialAction":[{"@type":"ReadAction","target":["https:\/\/gifted-hub.com\/fr\/quest-ce-que-les-hautes-capacites\/"]}]},{"@type":"ImageObject","inLanguage":"fr-FR","@id":"https:\/\/gifted-hub.com\/fr\/quest-ce-que-les-hautes-capacites\/#primaryimage","url":"https:\/\/gifted-hub.com\/wp-content\/uploads\/2024\/07\/fzoitus1diq.jpg","contentUrl":"https:\/\/gifted-hub.com\/wp-content\/uploads\/2024\/07\/fzoitus1diq.jpg","width":1600,"height":1067},{"@type":"BreadcrumbList","@id":"https:\/\/gifted-hub.com\/fr\/quest-ce-que-les-hautes-capacites\/#breadcrumb","itemListElement":[{"@type":"ListItem","position":1,"name":"Home","item":"https:\/\/gifted-hub.com\/fr\/accueil\/"},{"@type":"ListItem","position":2,"name":"Qu&#8217;est-ce que les Hautes Capacit\u00e9s?"}]},{"@type":"WebSite","@id":"https:\/\/gifted-hub.com\/fr\/#website","url":"https:\/\/gifted-hub.com\/fr\/","name":"Gifted HUB","description":"Un espace pour les hautes comp\u00e9tences","publisher":{"@id":"https:\/\/gifted-hub.com\/fr\/#organization"},"potentialAction":[{"@type":"SearchAction","target":{"@type":"EntryPoint","urlTemplate":"https:\/\/gifted-hub.com\/fr\/?s={search_term_string}"},"query-input":{"@type":"PropertyValueSpecification","valueRequired":true,"valueName":"search_term_string"}}],"inLanguage":"fr-FR"},{"@type":"Organization","@id":"https:\/\/gifted-hub.com\/fr\/#organization","name":"Gifted HUB","url":"https:\/\/gifted-hub.com\/fr\/","logo":{"@type":"ImageObject","inLanguage":"fr-FR","@id":"https:\/\/gifted-hub.com\/fr\/#\/schema\/logo\/image\/","url":"https:\/\/gifted-hub.com\/wp-content\/uploads\/2024\/07\/logo-1.svg","contentUrl":"https:\/\/gifted-hub.com\/wp-content\/uploads\/2024\/07\/logo-1.svg","caption":"Gifted HUB"},"image":{"@id":"https:\/\/gifted-hub.com\/fr\/#\/schema\/logo\/image\/"}}]}},"_links":{"self":[{"href":"https:\/\/gifted-hub.com\/fr\/wp-json\/wp\/v2\/pages\/14950","targetHints":{"allow":["GET"]}}],"collection":[{"href":"https:\/\/gifted-hub.com\/fr\/wp-json\/wp\/v2\/pages"}],"about":[{"href":"https:\/\/gifted-hub.com\/fr\/wp-json\/wp\/v2\/types\/page"}],"author":[{"embeddable":true,"href":"https:\/\/gifted-hub.com\/fr\/wp-json\/wp\/v2\/users\/1"}],"replies":[{"embeddable":true,"href":"https:\/\/gifted-hub.com\/fr\/wp-json\/wp\/v2\/comments?post=14950"}],"version-history":[{"count":2,"href":"https:\/\/gifted-hub.com\/fr\/wp-json\/wp\/v2\/pages\/14950\/revisions"}],"predecessor-version":[{"id":15207,"href":"https:\/\/gifted-hub.com\/fr\/wp-json\/wp\/v2\/pages\/14950\/revisions\/15207"}],"wp:featuredmedia":[{"embeddable":true,"href":"https:\/\/gifted-hub.com\/fr\/wp-json\/wp\/v2\/media\/14945"}],"wp:attachment":[{"href":"https:\/\/gifted-hub.com\/fr\/wp-json\/wp\/v2\/media?parent=14950"}],"wp:term":[{"taxonomy":"group-interest","embeddable":true,"href":"https:\/\/gifted-hub.com\/fr\/wp-json\/wp\/v2\/group-interest?post=14950"}],"curies":[{"name":"wp","href":"https:\/\/api.w.org\/{rel}","templated":true}]}}