{"id":2197,"date":"2024-07-25T21:50:19","date_gmt":"2024-07-25T21:50:19","guid":{"rendered":"https:\/\/gifted-hub.com\/que-son-las-altas-capacidades\/"},"modified":"2024-10-19T14:12:26","modified_gmt":"2024-10-19T14:12:26","slug":"que-son-las-altas-capacidades","status":"publish","type":"page","link":"https:\/\/gifted-hub.com\/es\/que-son-las-altas-capacidades\/","title":{"rendered":"\u00bfQu\u00e9 son las Altas Capacidades?"},"content":{"rendered":"\n<p>Definir las altas capacidades no es una tarea f\u00e1cil, ya que cada experto puede ofrecer una definici\u00f3n diferente, lo que puede llevar a una posible confusi\u00f3n. Es importante entender que las altas capacidades son un <strong><a href=\"https:\/\/gifted-hub.com\/es\/que-son-las-altas-capacidades\/entendiendo-las-altas-capacidades-como-un-constructo-social\/\" data-type=\"page\" data-id=\"15070\">constructo<\/a><\/strong> social, es decir, un concepto creado para identificar a un grupo espec\u00edfico de individuos, especialmente ni\u00f1os, que pueden requerir atenci\u00f3n especial.<\/p>\n\n<p>Es igualmente importante aclarar <strong>lo que no son las altas capacidades<\/strong>. Aunque el t\u00e9rmino \u00abinteligente\u00bb se usa a menudo, las altas capacidades no se refieren \u00fanicamente a un alto coeficiente intelectual, que tambi\u00e9n es un constructo social. Adem\u00e1s, no todos los ni\u00f1os con altas capacidades obtienen buenas calificaciones o aprenden de manera independiente sin orientaci\u00f3n.  <\/p>\n\n<p>No existen caracter\u00edsticas \u00fanicas que identifiquen f\u00e1cilmente a una persona con altas capacidades. Este grupo es diverso y puede incluir personas que necesitan desaf\u00edos intelectuales, motivaci\u00f3n y orientaci\u00f3n tanto social como emocional. <\/p>\n\n<p>En resumen, las altas capacidades representan el <strong>potencial para desarrollar talentos espec\u00edficos<\/strong>.<\/p>\n","protected":false},"excerpt":{"rendered":"<p>Definir las altas capacidades no es una tarea f\u00e1cil, ya que cada experto puede ofrecer una definici\u00f3n diferente, lo que puede llevar a una posible confusi\u00f3n. Es importante entender que las altas capacidades son un constructo social, es decir, un concepto creado para identificar a un grupo espec\u00edfico de individuos, especialmente ni\u00f1os, que pueden requerir [&hellip;]<\/p>\n","protected":false},"author":1,"featured_media":2006,"parent":0,"menu_order":0,"comment_status":"closed","ping_status":"closed","template":"","meta":{"_acf_changed":false,"inline_featured_image":false,"footnotes":""},"group-interest":[179,177,183,181],"class_list":["post-2197","page","type-page","status-publish","has-post-thumbnail","hentry","group-interest-family-es","group-interest-individuals-es","group-interest-proffesionals-es","group-interest-teachers-es"],"acf":[],"yoast_head":"<!-- This site is optimized with the Yoast SEO plugin v27.4 - https:\/\/yoast.com\/product\/yoast-seo-wordpress\/ -->\n<title>\u00bfQu\u00e9 son las Altas Capacidades? - Gifted HUB<\/title>\n<meta name=\"robots\" content=\"index, follow, max-snippet:-1, max-image-preview:large, max-video-preview:-1\" \/>\n<link rel=\"canonical\" href=\"https:\/\/gifted-hub.com\/es\/que-son-las-altas-capacidades\/\" \/>\n<meta property=\"og:locale\" content=\"es_ES\" \/>\n<meta property=\"og:type\" content=\"article\" \/>\n<meta property=\"og:title\" content=\"\u00bfQu\u00e9 son las Altas Capacidades? - Gifted HUB\" \/>\n<meta property=\"og:description\" content=\"Definir las altas capacidades no es una tarea f\u00e1cil, ya que cada experto puede ofrecer una definici\u00f3n diferente, lo que puede llevar a una posible confusi\u00f3n. Es importante entender que las altas capacidades son un constructo social, es decir, un concepto creado para identificar a un grupo espec\u00edfico de individuos, especialmente ni\u00f1os, que pueden requerir [&hellip;]\" \/>\n<meta property=\"og:url\" content=\"https:\/\/gifted-hub.com\/es\/que-son-las-altas-capacidades\/\" \/>\n<meta property=\"og:site_name\" content=\"Gifted HUB\" \/>\n<meta property=\"article:modified_time\" content=\"2024-10-19T14:12:26+00:00\" \/>\n<meta property=\"og:image\" content=\"https:\/\/gifted-hub.com\/wp-content\/uploads\/2024\/07\/fzoitus1diq.jpg\" \/>\n\t<meta property=\"og:image:width\" content=\"1600\" \/>\n\t<meta property=\"og:image:height\" content=\"1067\" \/>\n\t<meta property=\"og:image:type\" content=\"image\/jpeg\" \/>\n<meta name=\"twitter:card\" content=\"summary_large_image\" \/>\n<meta name=\"twitter:label1\" content=\"Tiempo de lectura\" \/>\n\t<meta name=\"twitter:data1\" content=\"1 minuto\" \/>\n<script type=\"application\/ld+json\" class=\"yoast-schema-graph\">{\"@context\":\"https:\\\/\\\/schema.org\",\"@graph\":[{\"@type\":\"WebPage\",\"@id\":\"https:\\\/\\\/gifted-hub.com\\\/es\\\/que-son-las-altas-capacidades\\\/\",\"url\":\"https:\\\/\\\/gifted-hub.com\\\/es\\\/que-son-las-altas-capacidades\\\/\",\"name\":\"\u00bfQu\u00e9 son las Altas Capacidades? - Gifted HUB\",\"isPartOf\":{\"@id\":\"https:\\\/\\\/gifted-hub.com\\\/es\\\/#website\"},\"primaryImageOfPage\":{\"@id\":\"https:\\\/\\\/gifted-hub.com\\\/es\\\/que-son-las-altas-capacidades\\\/#primaryimage\"},\"image\":{\"@id\":\"https:\\\/\\\/gifted-hub.com\\\/es\\\/que-son-las-altas-capacidades\\\/#primaryimage\"},\"thumbnailUrl\":\"https:\\\/\\\/gifted-hub.com\\\/wp-content\\\/uploads\\\/2024\\\/07\\\/fzoitus1diq.jpg\",\"datePublished\":\"2024-07-25T21:50:19+00:00\",\"dateModified\":\"2024-10-19T14:12:26+00:00\",\"breadcrumb\":{\"@id\":\"https:\\\/\\\/gifted-hub.com\\\/es\\\/que-son-las-altas-capacidades\\\/#breadcrumb\"},\"inLanguage\":\"es\",\"potentialAction\":[{\"@type\":\"ReadAction\",\"target\":[\"https:\\\/\\\/gifted-hub.com\\\/es\\\/que-son-las-altas-capacidades\\\/\"]}]},{\"@type\":\"ImageObject\",\"inLanguage\":\"es\",\"@id\":\"https:\\\/\\\/gifted-hub.com\\\/es\\\/que-son-las-altas-capacidades\\\/#primaryimage\",\"url\":\"https:\\\/\\\/gifted-hub.com\\\/wp-content\\\/uploads\\\/2024\\\/07\\\/fzoitus1diq.jpg\",\"contentUrl\":\"https:\\\/\\\/gifted-hub.com\\\/wp-content\\\/uploads\\\/2024\\\/07\\\/fzoitus1diq.jpg\",\"width\":1600,\"height\":1067},{\"@type\":\"BreadcrumbList\",\"@id\":\"https:\\\/\\\/gifted-hub.com\\\/es\\\/que-son-las-altas-capacidades\\\/#breadcrumb\",\"itemListElement\":[{\"@type\":\"ListItem\",\"position\":1,\"name\":\"Home\",\"item\":\"https:\\\/\\\/gifted-hub.com\\\/es\\\/inicio\\\/\"},{\"@type\":\"ListItem\",\"position\":2,\"name\":\"\u00bfQu\u00e9 son las Altas Capacidades?\"}]},{\"@type\":\"WebSite\",\"@id\":\"https:\\\/\\\/gifted-hub.com\\\/es\\\/#website\",\"url\":\"https:\\\/\\\/gifted-hub.com\\\/es\\\/\",\"name\":\"Gifted HUB\",\"description\":\"Un espacio para las altas capacidades\",\"publisher\":{\"@id\":\"https:\\\/\\\/gifted-hub.com\\\/es\\\/#organization\"},\"potentialAction\":[{\"@type\":\"SearchAction\",\"target\":{\"@type\":\"EntryPoint\",\"urlTemplate\":\"https:\\\/\\\/gifted-hub.com\\\/es\\\/?s={search_term_string}\"},\"query-input\":{\"@type\":\"PropertyValueSpecification\",\"valueRequired\":true,\"valueName\":\"search_term_string\"}}],\"inLanguage\":\"es\"},{\"@type\":\"Organization\",\"@id\":\"https:\\\/\\\/gifted-hub.com\\\/es\\\/#organization\",\"name\":\"Gifted HUB\",\"url\":\"https:\\\/\\\/gifted-hub.com\\\/es\\\/\",\"logo\":{\"@type\":\"ImageObject\",\"inLanguage\":\"es\",\"@id\":\"https:\\\/\\\/gifted-hub.com\\\/es\\\/#\\\/schema\\\/logo\\\/image\\\/\",\"url\":\"https:\\\/\\\/gifted-hub.com\\\/wp-content\\\/uploads\\\/2024\\\/07\\\/logo-1.svg\",\"contentUrl\":\"https:\\\/\\\/gifted-hub.com\\\/wp-content\\\/uploads\\\/2024\\\/07\\\/logo-1.svg\",\"caption\":\"Gifted HUB\"},\"image\":{\"@id\":\"https:\\\/\\\/gifted-hub.com\\\/es\\\/#\\\/schema\\\/logo\\\/image\\\/\"}}]}<\/script>\n<!-- \/ Yoast SEO plugin. -->","yoast_head_json":{"title":"\u00bfQu\u00e9 son las Altas Capacidades? - Gifted HUB","robots":{"index":"index","follow":"follow","max-snippet":"max-snippet:-1","max-image-preview":"max-image-preview:large","max-video-preview":"max-video-preview:-1"},"canonical":"https:\/\/gifted-hub.com\/es\/que-son-las-altas-capacidades\/","og_locale":"es_ES","og_type":"article","og_title":"\u00bfQu\u00e9 son las Altas Capacidades? - Gifted HUB","og_description":"Definir las altas capacidades no es una tarea f\u00e1cil, ya que cada experto puede ofrecer una definici\u00f3n diferente, lo que puede llevar a una posible confusi\u00f3n. Es importante entender que las altas capacidades son un constructo social, es decir, un concepto creado para identificar a un grupo espec\u00edfico de individuos, especialmente ni\u00f1os, que pueden requerir [&hellip;]","og_url":"https:\/\/gifted-hub.com\/es\/que-son-las-altas-capacidades\/","og_site_name":"Gifted HUB","article_modified_time":"2024-10-19T14:12:26+00:00","og_image":[{"width":1600,"height":1067,"url":"https:\/\/gifted-hub.com\/wp-content\/uploads\/2024\/07\/fzoitus1diq.jpg","type":"image\/jpeg"}],"twitter_card":"summary_large_image","twitter_misc":{"Tiempo de lectura":"1 minuto"},"schema":{"@context":"https:\/\/schema.org","@graph":[{"@type":"WebPage","@id":"https:\/\/gifted-hub.com\/es\/que-son-las-altas-capacidades\/","url":"https:\/\/gifted-hub.com\/es\/que-son-las-altas-capacidades\/","name":"\u00bfQu\u00e9 son las Altas Capacidades? - Gifted HUB","isPartOf":{"@id":"https:\/\/gifted-hub.com\/es\/#website"},"primaryImageOfPage":{"@id":"https:\/\/gifted-hub.com\/es\/que-son-las-altas-capacidades\/#primaryimage"},"image":{"@id":"https:\/\/gifted-hub.com\/es\/que-son-las-altas-capacidades\/#primaryimage"},"thumbnailUrl":"https:\/\/gifted-hub.com\/wp-content\/uploads\/2024\/07\/fzoitus1diq.jpg","datePublished":"2024-07-25T21:50:19+00:00","dateModified":"2024-10-19T14:12:26+00:00","breadcrumb":{"@id":"https:\/\/gifted-hub.com\/es\/que-son-las-altas-capacidades\/#breadcrumb"},"inLanguage":"es","potentialAction":[{"@type":"ReadAction","target":["https:\/\/gifted-hub.com\/es\/que-son-las-altas-capacidades\/"]}]},{"@type":"ImageObject","inLanguage":"es","@id":"https:\/\/gifted-hub.com\/es\/que-son-las-altas-capacidades\/#primaryimage","url":"https:\/\/gifted-hub.com\/wp-content\/uploads\/2024\/07\/fzoitus1diq.jpg","contentUrl":"https:\/\/gifted-hub.com\/wp-content\/uploads\/2024\/07\/fzoitus1diq.jpg","width":1600,"height":1067},{"@type":"BreadcrumbList","@id":"https:\/\/gifted-hub.com\/es\/que-son-las-altas-capacidades\/#breadcrumb","itemListElement":[{"@type":"ListItem","position":1,"name":"Home","item":"https:\/\/gifted-hub.com\/es\/inicio\/"},{"@type":"ListItem","position":2,"name":"\u00bfQu\u00e9 son las Altas Capacidades?"}]},{"@type":"WebSite","@id":"https:\/\/gifted-hub.com\/es\/#website","url":"https:\/\/gifted-hub.com\/es\/","name":"Gifted HUB","description":"Un espacio para las altas capacidades","publisher":{"@id":"https:\/\/gifted-hub.com\/es\/#organization"},"potentialAction":[{"@type":"SearchAction","target":{"@type":"EntryPoint","urlTemplate":"https:\/\/gifted-hub.com\/es\/?s={search_term_string}"},"query-input":{"@type":"PropertyValueSpecification","valueRequired":true,"valueName":"search_term_string"}}],"inLanguage":"es"},{"@type":"Organization","@id":"https:\/\/gifted-hub.com\/es\/#organization","name":"Gifted HUB","url":"https:\/\/gifted-hub.com\/es\/","logo":{"@type":"ImageObject","inLanguage":"es","@id":"https:\/\/gifted-hub.com\/es\/#\/schema\/logo\/image\/","url":"https:\/\/gifted-hub.com\/wp-content\/uploads\/2024\/07\/logo-1.svg","contentUrl":"https:\/\/gifted-hub.com\/wp-content\/uploads\/2024\/07\/logo-1.svg","caption":"Gifted HUB"},"image":{"@id":"https:\/\/gifted-hub.com\/es\/#\/schema\/logo\/image\/"}}]}},"_links":{"self":[{"href":"https:\/\/gifted-hub.com\/es\/wp-json\/wp\/v2\/pages\/2197","targetHints":{"allow":["GET"]}}],"collection":[{"href":"https:\/\/gifted-hub.com\/es\/wp-json\/wp\/v2\/pages"}],"about":[{"href":"https:\/\/gifted-hub.com\/es\/wp-json\/wp\/v2\/types\/page"}],"author":[{"embeddable":true,"href":"https:\/\/gifted-hub.com\/es\/wp-json\/wp\/v2\/users\/1"}],"replies":[{"embeddable":true,"href":"https:\/\/gifted-hub.com\/es\/wp-json\/wp\/v2\/comments?post=2197"}],"version-history":[{"count":3,"href":"https:\/\/gifted-hub.com\/es\/wp-json\/wp\/v2\/pages\/2197\/revisions"}],"predecessor-version":[{"id":15680,"href":"https:\/\/gifted-hub.com\/es\/wp-json\/wp\/v2\/pages\/2197\/revisions\/15680"}],"wp:featuredmedia":[{"embeddable":true,"href":"https:\/\/gifted-hub.com\/es\/wp-json\/wp\/v2\/media\/2006"}],"wp:attachment":[{"href":"https:\/\/gifted-hub.com\/es\/wp-json\/wp\/v2\/media?parent=2197"}],"wp:term":[{"taxonomy":"group-interest","embeddable":true,"href":"https:\/\/gifted-hub.com\/es\/wp-json\/wp\/v2\/group-interest?post=2197"}],"curies":[{"name":"wp","href":"https:\/\/api.w.org\/{rel}","templated":true}]}}