{"id":19481,"date":"2025-05-06T20:07:39","date_gmt":"2025-05-06T20:07:39","guid":{"rendered":"https:\/\/gifted-hub.com\/profesores\/como-identificar-las-altas-capacidades-mas-alla-de-las-pruebas-estandarizadas\/"},"modified":"2025-05-06T20:18:13","modified_gmt":"2025-05-06T20:18:13","slug":"como-identificar-las-altas-capacidades-mas-alla-de-las-pruebas-estandarizadas","status":"publish","type":"page","link":"https:\/\/gifted-hub.com\/es\/profesores\/como-identificar-las-altas-capacidades-mas-alla-de-las-pruebas-estandarizadas\/","title":{"rendered":"C\u00f3mo identificar las altas capacidades m\u00e1s all\u00e1 de las pruebas estandarizadas"},"content":{"rendered":"\n<p>Las pruebas estandarizadas han sido utilizadas durante mucho tiempo para identificar a estudiantes con altas capacidades, pero confiar \u00fanicamente en los puntajes de estas pruebas a menudo no refleja la imagen completa. La alta capacitaci\u00f3n es compleja, diversa y est\u00e1 moldeada por el contexto, las oportunidades y el desarrollo personal. Muchos estudiantes con alto potencial pueden tener un rendimiento inferior en las evaluaciones tradicionales debido a la ansiedad, el sesgo cultural o porque sus fortalezas radican fuera de lo que estas pruebas miden.  <\/p>\n\n<p>La alta capacitaci\u00f3n puede manifestarse de muchas maneras, no todas acad\u00e9micas. Algunos estudiantes muestran un talento <a href=\"https:\/\/gifted-hub.com\/es\/profesionales\/creatividad-y-toma-de-decisiones-en-estudiantes-dotados\/\">creativo<\/a> o productivo, caracterizado por la originalidad, la curiosidad, el liderazgo, las habilidades art\u00edsticas o el deseo de explorar problemas del mundo real. Estas cualidades a menudo emergen a trav\u00e9s del comportamiento, los intereses y el desempe\u00f1o aut\u00e9ntico, en lugar de a trav\u00e9s de un n\u00famero en una prueba.  <\/p>\n\n<p>La investigaci\u00f3n educativa moderna destaca que la inteligencia y la creatividad no son lo mismo, y su relaci\u00f3n se debilita en niveles m\u00e1s altos de habilidad. De hecho, la creatividad se vuelve cada vez m\u00e1s independiente del coeficiente intelectual m\u00e1s all\u00e1 de cierto umbral. Rasgos como la flexibilidad, la fluidez de ideas, la originalidad y la capacidad de redefinir problemas son caracter\u00edsticas distintivas de la alta capacidad creativa, rasgos a menudo pasados por alto por las pruebas de inteligencia tradicionales.  <\/p>\n\n<p>Para reconocer verdaderamente la capacidad potencial, se necesita un enfoque m\u00e1s amplio e inclusivo. Los m\u00e9todos de observaci\u00f3n, los portafolios creativos, las evaluaciones din\u00e1micas y las evaluaciones de los maestros son herramientas esenciales. La evaluaci\u00f3n din\u00e1mica, en particular, ayuda a medir c\u00f3mo aprende un estudiante cuando se le brinda apoyo, en lugar de lo que ya sabe, lo que la hace especialmente \u00fatil para identificar el talento en poblaciones diversas o desfavorecidas.  <\/p>\n\n<p>Tambi\u00e9n es importante considerar el contexto. Los factores sociales, emocionales y <a href=\"https:\/\/gifted-hub.com\/es\/profesionales\/comprendiendo-la-superdotacion-y-la-cultura\/\">culturales<\/a> pueden afectar si las habilidades de un ni\u00f1o altas capacidades son reconocidas o nutridas. De hecho, los estudiantes de \u00e1reas rurales o de bajos ingresos a menudo son subidentificados, no por falta de talento, sino debido a menos oportunidades y sesgos sist\u00e9micos.  <\/p>\n\n<p>Una pregunta fundamental que los educadores deber\u00edan hacerse es: \u00ab\u00bfSuperdotado para qu\u00e9?\u00bb. Los m\u00e9todos de identificaci\u00f3n deben alinearse con el tipo de programa o enriquecimiento que se ofrece, ya sea en ciencia, artes, liderazgo o resoluci\u00f3n de problemas. Esto asegura que los criterios de selecci\u00f3n sean significativos y apoyen el camino potencial de cada estudiante.  <\/p>\n\n<p>Adem\u00e1s, la superdotaci\u00f3n no debe verse como algo est\u00e1tico o innato. Puede surgir con el tiempo, y el entorno adecuado juega un papel crucial en su desarrollo. Es por eso que los sistemas educativos se est\u00e1n moviendo hacia procesos de identificaci\u00f3n m\u00e1s flexibles, a veces permitiendo que los estudiantes entren y salgan de programas de enriquecimiento dependiendo de sus intereses y crecimiento.  <\/p>\n\n<p>Finalmente, cualidades como la motivaci\u00f3n, la creatividad, las <a href=\"https:\/\/gifted-hub.com\/es\/familiares\/nuestros-hijos-y-sus-habilidades-sociales\/\">habilidades sociales<\/a> y el contexto son tan importantes como el rendimiento cognitivo. Los estudiantes superdotados pueden necesitar apoyo emocional, instrucci\u00f3n diferenciada y oportunidades para explorar ideas desafiantes, no solo aceleraci\u00f3n o m\u00e1s contenido. <\/p>\n\n<p>Al ir m\u00e1s all\u00e1 de las pruebas estandarizadas y adoptar una perspectiva m\u00e1s humana, din\u00e1mica y consciente del contexto, podemos descubrir mejor los talentos ocultos, nutrir diversas formas de brillantez y crear oportunidades m\u00e1s equitativas y significativas para los estudiantes superdotados.<\/p>\n","protected":false},"excerpt":{"rendered":"<p>Las pruebas estandarizadas han sido utilizadas durante mucho tiempo para identificar a estudiantes con altas capacidades, pero confiar \u00fanicamente en los puntajes de estas pruebas a menudo no refleja la imagen completa. La alta capacitaci\u00f3n es compleja, diversa y est\u00e1 moldeada por el contexto, las oportunidades y el desarrollo personal. Muchos estudiantes con alto potencial [&hellip;]<\/p>\n","protected":false},"author":1,"featured_media":19465,"parent":15623,"menu_order":0,"comment_status":"closed","ping_status":"closed","template":"","meta":{"_acf_changed":false,"inline_featured_image":false,"footnotes":""},"group-interest":[],"class_list":["post-19481","page","type-page","status-publish","has-post-thumbnail","hentry"],"acf":[],"yoast_head":"<!-- This site is optimized with the Yoast SEO plugin v27.4 - https:\/\/yoast.com\/product\/yoast-seo-wordpress\/ -->\n<title>C\u00f3mo identificar las altas capacidades m\u00e1s all\u00e1 de las pruebas estandarizadas - Gifted HUB<\/title>\n<meta name=\"robots\" content=\"index, follow, max-snippet:-1, max-image-preview:large, max-video-preview:-1\" \/>\n<link rel=\"canonical\" href=\"https:\/\/gifted-hub.com\/es\/profesores\/como-identificar-las-altas-capacidades-mas-alla-de-las-pruebas-estandarizadas\/\" \/>\n<meta property=\"og:locale\" content=\"es_ES\" \/>\n<meta property=\"og:type\" content=\"article\" \/>\n<meta property=\"og:title\" content=\"C\u00f3mo identificar las altas capacidades m\u00e1s all\u00e1 de las pruebas estandarizadas - Gifted HUB\" \/>\n<meta property=\"og:description\" content=\"Las pruebas estandarizadas han sido utilizadas durante mucho tiempo para identificar a estudiantes con altas capacidades, pero confiar \u00fanicamente en los puntajes de estas pruebas a menudo no refleja la imagen completa. La alta capacitaci\u00f3n es compleja, diversa y est\u00e1 moldeada por el contexto, las oportunidades y el desarrollo personal. Muchos estudiantes con alto potencial [&hellip;]\" \/>\n<meta property=\"og:url\" content=\"https:\/\/gifted-hub.com\/es\/profesores\/como-identificar-las-altas-capacidades-mas-alla-de-las-pruebas-estandarizadas\/\" \/>\n<meta property=\"og:site_name\" content=\"Gifted HUB\" \/>\n<meta property=\"article:modified_time\" content=\"2025-05-06T20:18:13+00:00\" \/>\n<meta property=\"og:image\" content=\"https:\/\/gifted-hub.com\/wp-content\/uploads\/2025\/05\/jexauncfefs.jpg\" \/>\n\t<meta property=\"og:image:width\" content=\"1600\" \/>\n\t<meta property=\"og:image:height\" content=\"1200\" \/>\n\t<meta property=\"og:image:type\" content=\"image\/jpeg\" \/>\n<meta name=\"twitter:card\" content=\"summary_large_image\" \/>\n<meta name=\"twitter:label1\" content=\"Tiempo de lectura\" \/>\n\t<meta name=\"twitter:data1\" content=\"3 minutos\" \/>\n<script type=\"application\/ld+json\" class=\"yoast-schema-graph\">{\"@context\":\"https:\\\/\\\/schema.org\",\"@graph\":[{\"@type\":\"WebPage\",\"@id\":\"https:\\\/\\\/gifted-hub.com\\\/es\\\/profesores\\\/como-identificar-las-altas-capacidades-mas-alla-de-las-pruebas-estandarizadas\\\/\",\"url\":\"https:\\\/\\\/gifted-hub.com\\\/es\\\/profesores\\\/como-identificar-las-altas-capacidades-mas-alla-de-las-pruebas-estandarizadas\\\/\",\"name\":\"C\u00f3mo identificar las altas capacidades m\u00e1s all\u00e1 de las pruebas estandarizadas - Gifted HUB\",\"isPartOf\":{\"@id\":\"https:\\\/\\\/gifted-hub.com\\\/es\\\/#website\"},\"primaryImageOfPage\":{\"@id\":\"https:\\\/\\\/gifted-hub.com\\\/es\\\/profesores\\\/como-identificar-las-altas-capacidades-mas-alla-de-las-pruebas-estandarizadas\\\/#primaryimage\"},\"image\":{\"@id\":\"https:\\\/\\\/gifted-hub.com\\\/es\\\/profesores\\\/como-identificar-las-altas-capacidades-mas-alla-de-las-pruebas-estandarizadas\\\/#primaryimage\"},\"thumbnailUrl\":\"https:\\\/\\\/gifted-hub.com\\\/wp-content\\\/uploads\\\/2025\\\/05\\\/jexauncfefs.jpg\",\"datePublished\":\"2025-05-06T20:07:39+00:00\",\"dateModified\":\"2025-05-06T20:18:13+00:00\",\"breadcrumb\":{\"@id\":\"https:\\\/\\\/gifted-hub.com\\\/es\\\/profesores\\\/como-identificar-las-altas-capacidades-mas-alla-de-las-pruebas-estandarizadas\\\/#breadcrumb\"},\"inLanguage\":\"es\",\"potentialAction\":[{\"@type\":\"ReadAction\",\"target\":[\"https:\\\/\\\/gifted-hub.com\\\/es\\\/profesores\\\/como-identificar-las-altas-capacidades-mas-alla-de-las-pruebas-estandarizadas\\\/\"]}]},{\"@type\":\"ImageObject\",\"inLanguage\":\"es\",\"@id\":\"https:\\\/\\\/gifted-hub.com\\\/es\\\/profesores\\\/como-identificar-las-altas-capacidades-mas-alla-de-las-pruebas-estandarizadas\\\/#primaryimage\",\"url\":\"https:\\\/\\\/gifted-hub.com\\\/wp-content\\\/uploads\\\/2025\\\/05\\\/jexauncfefs.jpg\",\"contentUrl\":\"https:\\\/\\\/gifted-hub.com\\\/wp-content\\\/uploads\\\/2025\\\/05\\\/jexauncfefs.jpg\",\"width\":1600,\"height\":1200},{\"@type\":\"BreadcrumbList\",\"@id\":\"https:\\\/\\\/gifted-hub.com\\\/es\\\/profesores\\\/como-identificar-las-altas-capacidades-mas-alla-de-las-pruebas-estandarizadas\\\/#breadcrumb\",\"itemListElement\":[{\"@type\":\"ListItem\",\"position\":1,\"name\":\"Home\",\"item\":\"https:\\\/\\\/gifted-hub.com\\\/es\\\/inicio\\\/\"},{\"@type\":\"ListItem\",\"position\":2,\"name\":\"Profesores\",\"item\":\"https:\\\/\\\/gifted-hub.com\\\/es\\\/profesores\\\/\"},{\"@type\":\"ListItem\",\"position\":3,\"name\":\"C\u00f3mo identificar las altas capacidades m\u00e1s all\u00e1 de las pruebas estandarizadas\"}]},{\"@type\":\"WebSite\",\"@id\":\"https:\\\/\\\/gifted-hub.com\\\/es\\\/#website\",\"url\":\"https:\\\/\\\/gifted-hub.com\\\/es\\\/\",\"name\":\"Gifted HUB\",\"description\":\"Un espacio para las altas capacidades\",\"publisher\":{\"@id\":\"https:\\\/\\\/gifted-hub.com\\\/es\\\/#organization\"},\"potentialAction\":[{\"@type\":\"SearchAction\",\"target\":{\"@type\":\"EntryPoint\",\"urlTemplate\":\"https:\\\/\\\/gifted-hub.com\\\/es\\\/?s={search_term_string}\"},\"query-input\":{\"@type\":\"PropertyValueSpecification\",\"valueRequired\":true,\"valueName\":\"search_term_string\"}}],\"inLanguage\":\"es\"},{\"@type\":\"Organization\",\"@id\":\"https:\\\/\\\/gifted-hub.com\\\/es\\\/#organization\",\"name\":\"Gifted HUB\",\"url\":\"https:\\\/\\\/gifted-hub.com\\\/es\\\/\",\"logo\":{\"@type\":\"ImageObject\",\"inLanguage\":\"es\",\"@id\":\"https:\\\/\\\/gifted-hub.com\\\/es\\\/#\\\/schema\\\/logo\\\/image\\\/\",\"url\":\"https:\\\/\\\/gifted-hub.com\\\/wp-content\\\/uploads\\\/2024\\\/07\\\/logo-1.svg\",\"contentUrl\":\"https:\\\/\\\/gifted-hub.com\\\/wp-content\\\/uploads\\\/2024\\\/07\\\/logo-1.svg\",\"caption\":\"Gifted HUB\"},\"image\":{\"@id\":\"https:\\\/\\\/gifted-hub.com\\\/es\\\/#\\\/schema\\\/logo\\\/image\\\/\"}}]}<\/script>\n<!-- \/ Yoast SEO plugin. -->","yoast_head_json":{"title":"C\u00f3mo identificar las altas capacidades m\u00e1s all\u00e1 de las pruebas estandarizadas - Gifted HUB","robots":{"index":"index","follow":"follow","max-snippet":"max-snippet:-1","max-image-preview":"max-image-preview:large","max-video-preview":"max-video-preview:-1"},"canonical":"https:\/\/gifted-hub.com\/es\/profesores\/como-identificar-las-altas-capacidades-mas-alla-de-las-pruebas-estandarizadas\/","og_locale":"es_ES","og_type":"article","og_title":"C\u00f3mo identificar las altas capacidades m\u00e1s all\u00e1 de las pruebas estandarizadas - Gifted HUB","og_description":"Las pruebas estandarizadas han sido utilizadas durante mucho tiempo para identificar a estudiantes con altas capacidades, pero confiar \u00fanicamente en los puntajes de estas pruebas a menudo no refleja la imagen completa. La alta capacitaci\u00f3n es compleja, diversa y est\u00e1 moldeada por el contexto, las oportunidades y el desarrollo personal. Muchos estudiantes con alto potencial [&hellip;]","og_url":"https:\/\/gifted-hub.com\/es\/profesores\/como-identificar-las-altas-capacidades-mas-alla-de-las-pruebas-estandarizadas\/","og_site_name":"Gifted HUB","article_modified_time":"2025-05-06T20:18:13+00:00","og_image":[{"width":1600,"height":1200,"url":"https:\/\/gifted-hub.com\/wp-content\/uploads\/2025\/05\/jexauncfefs.jpg","type":"image\/jpeg"}],"twitter_card":"summary_large_image","twitter_misc":{"Tiempo de lectura":"3 minutos"},"schema":{"@context":"https:\/\/schema.org","@graph":[{"@type":"WebPage","@id":"https:\/\/gifted-hub.com\/es\/profesores\/como-identificar-las-altas-capacidades-mas-alla-de-las-pruebas-estandarizadas\/","url":"https:\/\/gifted-hub.com\/es\/profesores\/como-identificar-las-altas-capacidades-mas-alla-de-las-pruebas-estandarizadas\/","name":"C\u00f3mo identificar las altas capacidades m\u00e1s all\u00e1 de las pruebas estandarizadas - Gifted HUB","isPartOf":{"@id":"https:\/\/gifted-hub.com\/es\/#website"},"primaryImageOfPage":{"@id":"https:\/\/gifted-hub.com\/es\/profesores\/como-identificar-las-altas-capacidades-mas-alla-de-las-pruebas-estandarizadas\/#primaryimage"},"image":{"@id":"https:\/\/gifted-hub.com\/es\/profesores\/como-identificar-las-altas-capacidades-mas-alla-de-las-pruebas-estandarizadas\/#primaryimage"},"thumbnailUrl":"https:\/\/gifted-hub.com\/wp-content\/uploads\/2025\/05\/jexauncfefs.jpg","datePublished":"2025-05-06T20:07:39+00:00","dateModified":"2025-05-06T20:18:13+00:00","breadcrumb":{"@id":"https:\/\/gifted-hub.com\/es\/profesores\/como-identificar-las-altas-capacidades-mas-alla-de-las-pruebas-estandarizadas\/#breadcrumb"},"inLanguage":"es","potentialAction":[{"@type":"ReadAction","target":["https:\/\/gifted-hub.com\/es\/profesores\/como-identificar-las-altas-capacidades-mas-alla-de-las-pruebas-estandarizadas\/"]}]},{"@type":"ImageObject","inLanguage":"es","@id":"https:\/\/gifted-hub.com\/es\/profesores\/como-identificar-las-altas-capacidades-mas-alla-de-las-pruebas-estandarizadas\/#primaryimage","url":"https:\/\/gifted-hub.com\/wp-content\/uploads\/2025\/05\/jexauncfefs.jpg","contentUrl":"https:\/\/gifted-hub.com\/wp-content\/uploads\/2025\/05\/jexauncfefs.jpg","width":1600,"height":1200},{"@type":"BreadcrumbList","@id":"https:\/\/gifted-hub.com\/es\/profesores\/como-identificar-las-altas-capacidades-mas-alla-de-las-pruebas-estandarizadas\/#breadcrumb","itemListElement":[{"@type":"ListItem","position":1,"name":"Home","item":"https:\/\/gifted-hub.com\/es\/inicio\/"},{"@type":"ListItem","position":2,"name":"Profesores","item":"https:\/\/gifted-hub.com\/es\/profesores\/"},{"@type":"ListItem","position":3,"name":"C\u00f3mo identificar las altas capacidades m\u00e1s all\u00e1 de las pruebas estandarizadas"}]},{"@type":"WebSite","@id":"https:\/\/gifted-hub.com\/es\/#website","url":"https:\/\/gifted-hub.com\/es\/","name":"Gifted HUB","description":"Un espacio para las altas capacidades","publisher":{"@id":"https:\/\/gifted-hub.com\/es\/#organization"},"potentialAction":[{"@type":"SearchAction","target":{"@type":"EntryPoint","urlTemplate":"https:\/\/gifted-hub.com\/es\/?s={search_term_string}"},"query-input":{"@type":"PropertyValueSpecification","valueRequired":true,"valueName":"search_term_string"}}],"inLanguage":"es"},{"@type":"Organization","@id":"https:\/\/gifted-hub.com\/es\/#organization","name":"Gifted HUB","url":"https:\/\/gifted-hub.com\/es\/","logo":{"@type":"ImageObject","inLanguage":"es","@id":"https:\/\/gifted-hub.com\/es\/#\/schema\/logo\/image\/","url":"https:\/\/gifted-hub.com\/wp-content\/uploads\/2024\/07\/logo-1.svg","contentUrl":"https:\/\/gifted-hub.com\/wp-content\/uploads\/2024\/07\/logo-1.svg","caption":"Gifted HUB"},"image":{"@id":"https:\/\/gifted-hub.com\/es\/#\/schema\/logo\/image\/"}}]}},"_links":{"self":[{"href":"https:\/\/gifted-hub.com\/es\/wp-json\/wp\/v2\/pages\/19481","targetHints":{"allow":["GET"]}}],"collection":[{"href":"https:\/\/gifted-hub.com\/es\/wp-json\/wp\/v2\/pages"}],"about":[{"href":"https:\/\/gifted-hub.com\/es\/wp-json\/wp\/v2\/types\/page"}],"author":[{"embeddable":true,"href":"https:\/\/gifted-hub.com\/es\/wp-json\/wp\/v2\/users\/1"}],"replies":[{"embeddable":true,"href":"https:\/\/gifted-hub.com\/es\/wp-json\/wp\/v2\/comments?post=19481"}],"version-history":[{"count":1,"href":"https:\/\/gifted-hub.com\/es\/wp-json\/wp\/v2\/pages\/19481\/revisions"}],"predecessor-version":[{"id":19482,"href":"https:\/\/gifted-hub.com\/es\/wp-json\/wp\/v2\/pages\/19481\/revisions\/19482"}],"up":[{"embeddable":true,"href":"https:\/\/gifted-hub.com\/es\/wp-json\/wp\/v2\/pages\/15623"}],"wp:featuredmedia":[{"embeddable":true,"href":"https:\/\/gifted-hub.com\/es\/wp-json\/wp\/v2\/media\/19465"}],"wp:attachment":[{"href":"https:\/\/gifted-hub.com\/es\/wp-json\/wp\/v2\/media?parent=19481"}],"wp:term":[{"taxonomy":"group-interest","embeddable":true,"href":"https:\/\/gifted-hub.com\/es\/wp-json\/wp\/v2\/group-interest?post=19481"}],"curies":[{"name":"wp","href":"https:\/\/api.w.org\/{rel}","templated":true}]}}