{"id":19436,"date":"2025-04-25T22:09:27","date_gmt":"2025-04-25T22:09:27","guid":{"rendered":"https:\/\/gifted-hub.com\/profesionales\/altas-capacidades-y-personalidad-existe-un-perfil-comun\/"},"modified":"2025-04-25T22:18:52","modified_gmt":"2025-04-25T22:18:52","slug":"altas-capacidades-y-personalidad-existe-un-perfil-comun","status":"publish","type":"page","link":"https:\/\/gifted-hub.com\/es\/profesionales\/altas-capacidades-y-personalidad-existe-un-perfil-comun\/","title":{"rendered":"Altas Capacidades y Personalidad: \u00bfExiste un Perfil Com\u00fan?"},"content":{"rendered":"\n<p>Los individuos con altas capacidades a menudo muestran patrones particulares en su percepci\u00f3n del mundo y en la toma de decisiones. Si bien cada persona es \u00fanica, ciertos estilos comunes se manifiestan entre aquellos con altas capacidades, moldeados por c\u00f3mo procesan la informaci\u00f3n y c\u00f3mo la eval\u00faan. <\/p>\n\n<p>Algunos individuos prefieren percibir el mundo a trav\u00e9s de sus sentidos y tomar decisiones basadas en el pensamiento l\u00f3gico. Son pr\u00e1cticos, realistas y se centran en los hechos. Disfrutan trabajando con problemas del mundo real, organizando la informaci\u00f3n de manera clara y encontrando soluciones eficaces. Su fortaleza radica en su capacidad para abordar realidades tangibles utilizando un an\u00e1lisis cuidadoso y un razonamiento estructurado.   <\/p>\n\n<p>Otros tambi\u00e9n se basan en sus sentidos, pero prefieren tomar decisiones basadas en valores personales y emociones. Estos individuos son c\u00e1lidos, amistosos y atentos a los sentimientos y necesidades de los dem\u00e1s. A menudo se les encuentra utilizando sus talentos en profesiones de cuidado, educaci\u00f3n o actividades comunitarias, aportando un toque humano y empat\u00eda a todo lo que hacen.  <\/p>\n\n<p>Tambi\u00e9n hay personas con altas capacidades perciben el mundo principalmente a trav\u00e9s de la intuici\u00f3n y toman decisiones guiadas por sus sentimientos. Son profundamente imaginativos, emocionalmente ricos y atra\u00eddos por nuevas ideas y posibilidades. A menudo son apasionados por ayudar a otros a crecer, encontrar un significado m\u00e1s profundo en la vida y expresar su creatividad. Valoran la autenticidad, la inspiraci\u00f3n y la conexi\u00f3n humana.   <\/p>\n\n<p>Finalmente, est\u00e1n aquellos que combinan la intuici\u00f3n con el pensamiento l\u00f3gico. Son estrat\u00e9gicos, innovadores y aman resolver problemas complejos. Se sienten atra\u00eddos por ideas abstractas, teor\u00edas y sistemas. Sus mentes se centran en comprender c\u00f3mo funcionan las cosas e imaginar nuevas posibilidades. A menudo proponen avances cient\u00edficos, tecnol\u00f3gicos o conceptuales que dan forma al futuro.    <\/p>\n\n<p>Aunque no existe un \u00fanico perfil de personalidad que defina a todos los individuos con altas capacidades, muchos comparten estos patrones: un fuerte sentido de posibilidad, una pasi\u00f3n por la verdad o la justicia, una necesidad de conexi\u00f3n profunda o un impulso por crear e innovar. Las altas capacidades no se tratan solo de inteligencia; se trata de ver, sentir y pensar de manera diferente \u2014 con mayor profundidad, curiosidad y significado. <\/p>\n\n<p>Reconocer estos rasgos nos ayuda a apreciar la hermosa variedad dentro de la comunidad de altas capacidades y apoya a cada persona en la realizaci\u00f3n de su potencial \u00fanico.<\/p>\n","protected":false},"excerpt":{"rendered":"<p>Los individuos con altas capacidades a menudo muestran patrones particulares en su percepci\u00f3n del mundo y en la toma de decisiones. Si bien cada persona es \u00fanica, ciertos estilos comunes se manifiestan entre aquellos con altas capacidades, moldeados por c\u00f3mo procesan la informaci\u00f3n y c\u00f3mo la eval\u00faan. Algunos individuos prefieren percibir el mundo a trav\u00e9s [&hellip;]<\/p>\n","protected":false},"author":1,"featured_media":19411,"parent":15735,"menu_order":0,"comment_status":"closed","ping_status":"closed","template":"","meta":{"_acf_changed":false,"inline_featured_image":false,"footnotes":""},"group-interest":[],"class_list":["post-19436","page","type-page","status-publish","has-post-thumbnail","hentry"],"acf":[],"yoast_head":"<!-- This site is optimized with the Yoast SEO plugin v27.4 - https:\/\/yoast.com\/product\/yoast-seo-wordpress\/ -->\n<title>Altas Capacidades y Personalidad: \u00bfExiste un Perfil Com\u00fan? - Gifted HUB<\/title>\n<meta name=\"robots\" content=\"index, follow, max-snippet:-1, max-image-preview:large, max-video-preview:-1\" \/>\n<link rel=\"canonical\" href=\"https:\/\/gifted-hub.com\/es\/profesionales\/altas-capacidades-y-personalidad-existe-un-perfil-comun\/\" \/>\n<meta property=\"og:locale\" content=\"es_ES\" \/>\n<meta property=\"og:type\" content=\"article\" \/>\n<meta property=\"og:title\" content=\"Altas Capacidades y Personalidad: \u00bfExiste un Perfil Com\u00fan? - Gifted HUB\" \/>\n<meta property=\"og:description\" content=\"Los individuos con altas capacidades a menudo muestran patrones particulares en su percepci\u00f3n del mundo y en la toma de decisiones. Si bien cada persona es \u00fanica, ciertos estilos comunes se manifiestan entre aquellos con altas capacidades, moldeados por c\u00f3mo procesan la informaci\u00f3n y c\u00f3mo la eval\u00faan. Algunos individuos prefieren percibir el mundo a trav\u00e9s [&hellip;]\" \/>\n<meta property=\"og:url\" content=\"https:\/\/gifted-hub.com\/es\/profesionales\/altas-capacidades-y-personalidad-existe-un-perfil-comun\/\" \/>\n<meta property=\"og:site_name\" content=\"Gifted HUB\" \/>\n<meta property=\"article:modified_time\" content=\"2025-04-25T22:18:52+00:00\" \/>\n<meta property=\"og:image\" content=\"https:\/\/gifted-hub.com\/wp-content\/uploads\/2025\/04\/personalities-683x1024.png\" \/>\n\t<meta property=\"og:image:width\" content=\"683\" \/>\n\t<meta property=\"og:image:height\" content=\"1024\" \/>\n\t<meta property=\"og:image:type\" content=\"image\/png\" \/>\n<meta name=\"twitter:card\" content=\"summary_large_image\" \/>\n<meta name=\"twitter:label1\" content=\"Tiempo de lectura\" \/>\n\t<meta name=\"twitter:data1\" content=\"2 minutos\" \/>\n<script type=\"application\/ld+json\" class=\"yoast-schema-graph\">{\"@context\":\"https:\\\/\\\/schema.org\",\"@graph\":[{\"@type\":\"WebPage\",\"@id\":\"https:\\\/\\\/gifted-hub.com\\\/es\\\/profesionales\\\/altas-capacidades-y-personalidad-existe-un-perfil-comun\\\/\",\"url\":\"https:\\\/\\\/gifted-hub.com\\\/es\\\/profesionales\\\/altas-capacidades-y-personalidad-existe-un-perfil-comun\\\/\",\"name\":\"Altas Capacidades y Personalidad: \u00bfExiste un Perfil Com\u00fan? - Gifted HUB\",\"isPartOf\":{\"@id\":\"https:\\\/\\\/gifted-hub.com\\\/es\\\/#website\"},\"primaryImageOfPage\":{\"@id\":\"https:\\\/\\\/gifted-hub.com\\\/es\\\/profesionales\\\/altas-capacidades-y-personalidad-existe-un-perfil-comun\\\/#primaryimage\"},\"image\":{\"@id\":\"https:\\\/\\\/gifted-hub.com\\\/es\\\/profesionales\\\/altas-capacidades-y-personalidad-existe-un-perfil-comun\\\/#primaryimage\"},\"thumbnailUrl\":\"https:\\\/\\\/gifted-hub.com\\\/wp-content\\\/uploads\\\/2025\\\/04\\\/personalities.png\",\"datePublished\":\"2025-04-25T22:09:27+00:00\",\"dateModified\":\"2025-04-25T22:18:52+00:00\",\"breadcrumb\":{\"@id\":\"https:\\\/\\\/gifted-hub.com\\\/es\\\/profesionales\\\/altas-capacidades-y-personalidad-existe-un-perfil-comun\\\/#breadcrumb\"},\"inLanguage\":\"es\",\"potentialAction\":[{\"@type\":\"ReadAction\",\"target\":[\"https:\\\/\\\/gifted-hub.com\\\/es\\\/profesionales\\\/altas-capacidades-y-personalidad-existe-un-perfil-comun\\\/\"]}]},{\"@type\":\"ImageObject\",\"inLanguage\":\"es\",\"@id\":\"https:\\\/\\\/gifted-hub.com\\\/es\\\/profesionales\\\/altas-capacidades-y-personalidad-existe-un-perfil-comun\\\/#primaryimage\",\"url\":\"https:\\\/\\\/gifted-hub.com\\\/wp-content\\\/uploads\\\/2025\\\/04\\\/personalities.png\",\"contentUrl\":\"https:\\\/\\\/gifted-hub.com\\\/wp-content\\\/uploads\\\/2025\\\/04\\\/personalities.png\",\"width\":1024,\"height\":1536},{\"@type\":\"BreadcrumbList\",\"@id\":\"https:\\\/\\\/gifted-hub.com\\\/es\\\/profesionales\\\/altas-capacidades-y-personalidad-existe-un-perfil-comun\\\/#breadcrumb\",\"itemListElement\":[{\"@type\":\"ListItem\",\"position\":1,\"name\":\"Home\",\"item\":\"https:\\\/\\\/gifted-hub.com\\\/es\\\/inicio\\\/\"},{\"@type\":\"ListItem\",\"position\":2,\"name\":\"Profesionales\",\"item\":\"https:\\\/\\\/gifted-hub.com\\\/es\\\/profesionales\\\/\"},{\"@type\":\"ListItem\",\"position\":3,\"name\":\"Altas Capacidades y Personalidad: \u00bfExiste un Perfil Com\u00fan?\"}]},{\"@type\":\"WebSite\",\"@id\":\"https:\\\/\\\/gifted-hub.com\\\/es\\\/#website\",\"url\":\"https:\\\/\\\/gifted-hub.com\\\/es\\\/\",\"name\":\"Gifted HUB\",\"description\":\"Un espacio para las altas capacidades\",\"publisher\":{\"@id\":\"https:\\\/\\\/gifted-hub.com\\\/es\\\/#organization\"},\"potentialAction\":[{\"@type\":\"SearchAction\",\"target\":{\"@type\":\"EntryPoint\",\"urlTemplate\":\"https:\\\/\\\/gifted-hub.com\\\/es\\\/?s={search_term_string}\"},\"query-input\":{\"@type\":\"PropertyValueSpecification\",\"valueRequired\":true,\"valueName\":\"search_term_string\"}}],\"inLanguage\":\"es\"},{\"@type\":\"Organization\",\"@id\":\"https:\\\/\\\/gifted-hub.com\\\/es\\\/#organization\",\"name\":\"Gifted HUB\",\"url\":\"https:\\\/\\\/gifted-hub.com\\\/es\\\/\",\"logo\":{\"@type\":\"ImageObject\",\"inLanguage\":\"es\",\"@id\":\"https:\\\/\\\/gifted-hub.com\\\/es\\\/#\\\/schema\\\/logo\\\/image\\\/\",\"url\":\"https:\\\/\\\/gifted-hub.com\\\/wp-content\\\/uploads\\\/2024\\\/07\\\/logo-1.svg\",\"contentUrl\":\"https:\\\/\\\/gifted-hub.com\\\/wp-content\\\/uploads\\\/2024\\\/07\\\/logo-1.svg\",\"caption\":\"Gifted HUB\"},\"image\":{\"@id\":\"https:\\\/\\\/gifted-hub.com\\\/es\\\/#\\\/schema\\\/logo\\\/image\\\/\"}}]}<\/script>\n<!-- \/ Yoast SEO plugin. -->","yoast_head_json":{"title":"Altas Capacidades y Personalidad: \u00bfExiste un Perfil Com\u00fan? - Gifted HUB","robots":{"index":"index","follow":"follow","max-snippet":"max-snippet:-1","max-image-preview":"max-image-preview:large","max-video-preview":"max-video-preview:-1"},"canonical":"https:\/\/gifted-hub.com\/es\/profesionales\/altas-capacidades-y-personalidad-existe-un-perfil-comun\/","og_locale":"es_ES","og_type":"article","og_title":"Altas Capacidades y Personalidad: \u00bfExiste un Perfil Com\u00fan? - Gifted HUB","og_description":"Los individuos con altas capacidades a menudo muestran patrones particulares en su percepci\u00f3n del mundo y en la toma de decisiones. Si bien cada persona es \u00fanica, ciertos estilos comunes se manifiestan entre aquellos con altas capacidades, moldeados por c\u00f3mo procesan la informaci\u00f3n y c\u00f3mo la eval\u00faan. Algunos individuos prefieren percibir el mundo a trav\u00e9s [&hellip;]","og_url":"https:\/\/gifted-hub.com\/es\/profesionales\/altas-capacidades-y-personalidad-existe-un-perfil-comun\/","og_site_name":"Gifted HUB","article_modified_time":"2025-04-25T22:18:52+00:00","og_image":[{"width":683,"height":1024,"url":"https:\/\/gifted-hub.com\/wp-content\/uploads\/2025\/04\/personalities-683x1024.png","type":"image\/png"}],"twitter_card":"summary_large_image","twitter_misc":{"Tiempo de lectura":"2 minutos"},"schema":{"@context":"https:\/\/schema.org","@graph":[{"@type":"WebPage","@id":"https:\/\/gifted-hub.com\/es\/profesionales\/altas-capacidades-y-personalidad-existe-un-perfil-comun\/","url":"https:\/\/gifted-hub.com\/es\/profesionales\/altas-capacidades-y-personalidad-existe-un-perfil-comun\/","name":"Altas Capacidades y Personalidad: \u00bfExiste un Perfil Com\u00fan? - Gifted HUB","isPartOf":{"@id":"https:\/\/gifted-hub.com\/es\/#website"},"primaryImageOfPage":{"@id":"https:\/\/gifted-hub.com\/es\/profesionales\/altas-capacidades-y-personalidad-existe-un-perfil-comun\/#primaryimage"},"image":{"@id":"https:\/\/gifted-hub.com\/es\/profesionales\/altas-capacidades-y-personalidad-existe-un-perfil-comun\/#primaryimage"},"thumbnailUrl":"https:\/\/gifted-hub.com\/wp-content\/uploads\/2025\/04\/personalities.png","datePublished":"2025-04-25T22:09:27+00:00","dateModified":"2025-04-25T22:18:52+00:00","breadcrumb":{"@id":"https:\/\/gifted-hub.com\/es\/profesionales\/altas-capacidades-y-personalidad-existe-un-perfil-comun\/#breadcrumb"},"inLanguage":"es","potentialAction":[{"@type":"ReadAction","target":["https:\/\/gifted-hub.com\/es\/profesionales\/altas-capacidades-y-personalidad-existe-un-perfil-comun\/"]}]},{"@type":"ImageObject","inLanguage":"es","@id":"https:\/\/gifted-hub.com\/es\/profesionales\/altas-capacidades-y-personalidad-existe-un-perfil-comun\/#primaryimage","url":"https:\/\/gifted-hub.com\/wp-content\/uploads\/2025\/04\/personalities.png","contentUrl":"https:\/\/gifted-hub.com\/wp-content\/uploads\/2025\/04\/personalities.png","width":1024,"height":1536},{"@type":"BreadcrumbList","@id":"https:\/\/gifted-hub.com\/es\/profesionales\/altas-capacidades-y-personalidad-existe-un-perfil-comun\/#breadcrumb","itemListElement":[{"@type":"ListItem","position":1,"name":"Home","item":"https:\/\/gifted-hub.com\/es\/inicio\/"},{"@type":"ListItem","position":2,"name":"Profesionales","item":"https:\/\/gifted-hub.com\/es\/profesionales\/"},{"@type":"ListItem","position":3,"name":"Altas Capacidades y Personalidad: \u00bfExiste un Perfil Com\u00fan?"}]},{"@type":"WebSite","@id":"https:\/\/gifted-hub.com\/es\/#website","url":"https:\/\/gifted-hub.com\/es\/","name":"Gifted HUB","description":"Un espacio para las altas capacidades","publisher":{"@id":"https:\/\/gifted-hub.com\/es\/#organization"},"potentialAction":[{"@type":"SearchAction","target":{"@type":"EntryPoint","urlTemplate":"https:\/\/gifted-hub.com\/es\/?s={search_term_string}"},"query-input":{"@type":"PropertyValueSpecification","valueRequired":true,"valueName":"search_term_string"}}],"inLanguage":"es"},{"@type":"Organization","@id":"https:\/\/gifted-hub.com\/es\/#organization","name":"Gifted HUB","url":"https:\/\/gifted-hub.com\/es\/","logo":{"@type":"ImageObject","inLanguage":"es","@id":"https:\/\/gifted-hub.com\/es\/#\/schema\/logo\/image\/","url":"https:\/\/gifted-hub.com\/wp-content\/uploads\/2024\/07\/logo-1.svg","contentUrl":"https:\/\/gifted-hub.com\/wp-content\/uploads\/2024\/07\/logo-1.svg","caption":"Gifted HUB"},"image":{"@id":"https:\/\/gifted-hub.com\/es\/#\/schema\/logo\/image\/"}}]}},"_links":{"self":[{"href":"https:\/\/gifted-hub.com\/es\/wp-json\/wp\/v2\/pages\/19436","targetHints":{"allow":["GET"]}}],"collection":[{"href":"https:\/\/gifted-hub.com\/es\/wp-json\/wp\/v2\/pages"}],"about":[{"href":"https:\/\/gifted-hub.com\/es\/wp-json\/wp\/v2\/types\/page"}],"author":[{"embeddable":true,"href":"https:\/\/gifted-hub.com\/es\/wp-json\/wp\/v2\/users\/1"}],"replies":[{"embeddable":true,"href":"https:\/\/gifted-hub.com\/es\/wp-json\/wp\/v2\/comments?post=19436"}],"version-history":[{"count":1,"href":"https:\/\/gifted-hub.com\/es\/wp-json\/wp\/v2\/pages\/19436\/revisions"}],"predecessor-version":[{"id":19437,"href":"https:\/\/gifted-hub.com\/es\/wp-json\/wp\/v2\/pages\/19436\/revisions\/19437"}],"up":[{"embeddable":true,"href":"https:\/\/gifted-hub.com\/es\/wp-json\/wp\/v2\/pages\/15735"}],"wp:featuredmedia":[{"embeddable":true,"href":"https:\/\/gifted-hub.com\/es\/wp-json\/wp\/v2\/media\/19411"}],"wp:attachment":[{"href":"https:\/\/gifted-hub.com\/es\/wp-json\/wp\/v2\/media?parent=19436"}],"wp:term":[{"taxonomy":"group-interest","embeddable":true,"href":"https:\/\/gifted-hub.com\/es\/wp-json\/wp\/v2\/group-interest?post=19436"}],"curies":[{"name":"wp","href":"https:\/\/api.w.org\/{rel}","templated":true}]}}