{"id":19308,"date":"2025-03-17T18:45:47","date_gmt":"2025-03-17T18:45:47","guid":{"rendered":"https:\/\/gifted-hub.com\/familiares\/hermanos-superdotados-rivalidad-cooperacion-y-retos-unicos\/"},"modified":"2025-04-21T22:48:59","modified_gmt":"2025-04-21T22:48:59","slug":"hermanos-superdotados-rivalidad-cooperacion-y-retos-unicos","status":"publish","type":"page","link":"https:\/\/gifted-hub.com\/es\/familiares\/hermanos-superdotados-rivalidad-cooperacion-y-retos-unicos\/","title":{"rendered":"Hermanos con altas capacidades: Rivalidad, cooperaci\u00f3n y retos \u00fanicos"},"content":{"rendered":"\n<p>Crecer con un hermano con altas capacidades puede ser una experiencia \u00fanica llena de emociones intensas, conexiones profundas y, a veces, luchas dif\u00edciles. En las familias en las que varios ni\u00f1os estas caracter\u00edsticas, las diferencias en habilidades, intereses y niveles de \u00e9xito pueden moldear las relaciones entre hermanos de formas inesperadas. <\/p>\n\n<p>Algunos hermanos con altas capacidades se ven atrapados en un ciclo de comparaci\u00f3n. Cuando un ni\u00f1o destaca en un \u00e1rea concreta, el otro puede sentirse eclipsado, lo que provoca sentimientos de celos o resentimiento. los padres pueden intentar restar importancia a estas diferencias, pero los ni\u00f1os las reconocen instintivamente. En lugar de negar la realidad, reconocer los puntos fuertes de cada ni\u00f1o y ayudarle a desarrollar su propia identidad puede aliviar estas tensiones.   <\/p>\n\n<p>Sin embargo, la rivalidad es s\u00f3lo una parte de la historia. Muchos hermanos crean v\u00ednculos fuertes, apoy\u00e1ndose y ret\u00e1ndose mutuamente de formas que fomentan el crecimiento. Cuando comparten intereses intelectuales, pueden inspirarse mutuamente y entablar conversaciones significativas que otros podr\u00edan no entender. un entorno familiar que fomente la cooperaci\u00f3n en lugar de la competici\u00f3n ayuda a que los hermanos con altas capacidades se conviertan en aliados y no en rivales.   <\/p>\n\n<p>Sin embargo, este tipo de hermanos tambi\u00e9n se enfrentan a retos \u00fanicos. El ni\u00f1o que se percibe como \u00abm\u00e1s dotado\u00bb puede convertirse involuntariamente en el centro de atenci\u00f3n, haciendo que el otro se sienta pasado por alto. En algunas familias, pueden surgir roles r\u00edgidos -el \u00ablisto\u00bb, el \u00abgracioso\u00bb o el \u00abatl\u00e9tico\u00bb- que pueden limitar el desarrollo personal. las altas expectativas pueden crear presi\u00f3n, lo que conduce al perfeccionismo y la ansiedad, especialmente cuando uno de los hermanos siente que nunca podr\u00e1 estar a la altura.   <\/p>\n\n<p>La clave para los padres es fomentar un entorno en el que se valore a cada ni\u00f1o por su individualidad, no s\u00f3lo por sus logros. Fomentando la autoexpresi\u00f3n, validando las emociones y dando espacio para que cada ni\u00f1o brille a su manera, las familias pueden convertir las relaciones entre hermanos en una fuente de apoyo y no de rivalidad. <\/p>\n","protected":false},"excerpt":{"rendered":"<p>Crecer con un hermano con altas capacidades puede ser una experiencia \u00fanica llena de emociones intensas, conexiones profundas y, a veces, luchas dif\u00edciles. En las familias en las que varios ni\u00f1os estas caracter\u00edsticas, las diferencias en habilidades, intereses y niveles de \u00e9xito pueden moldear las relaciones entre hermanos de formas inesperadas. Algunos hermanos con altas [&hellip;]<\/p>\n","protected":false},"author":1,"featured_media":19274,"parent":15250,"menu_order":0,"comment_status":"closed","ping_status":"closed","template":"","meta":{"_acf_changed":false,"inline_featured_image":false,"footnotes":""},"group-interest":[],"class_list":["post-19308","page","type-page","status-publish","has-post-thumbnail","hentry"],"acf":[],"yoast_head":"<!-- This site is optimized with the Yoast SEO plugin v27.4 - https:\/\/yoast.com\/product\/yoast-seo-wordpress\/ -->\n<title>Hermanos con altas capacidades: Rivalidad, cooperaci\u00f3n y retos \u00fanicos - Gifted HUB<\/title>\n<meta name=\"robots\" content=\"index, follow, max-snippet:-1, max-image-preview:large, max-video-preview:-1\" \/>\n<link rel=\"canonical\" href=\"https:\/\/gifted-hub.com\/es\/familiares\/hermanos-superdotados-rivalidad-cooperacion-y-retos-unicos\/\" \/>\n<meta property=\"og:locale\" content=\"es_ES\" \/>\n<meta property=\"og:type\" content=\"article\" \/>\n<meta property=\"og:title\" content=\"Hermanos con altas capacidades: Rivalidad, cooperaci\u00f3n y retos \u00fanicos - Gifted HUB\" \/>\n<meta property=\"og:description\" content=\"Crecer con un hermano con altas capacidades puede ser una experiencia \u00fanica llena de emociones intensas, conexiones profundas y, a veces, luchas dif\u00edciles. En las familias en las que varios ni\u00f1os estas caracter\u00edsticas, las diferencias en habilidades, intereses y niveles de \u00e9xito pueden moldear las relaciones entre hermanos de formas inesperadas. Algunos hermanos con altas [&hellip;]\" \/>\n<meta property=\"og:url\" content=\"https:\/\/gifted-hub.com\/es\/familiares\/hermanos-superdotados-rivalidad-cooperacion-y-retos-unicos\/\" \/>\n<meta property=\"og:site_name\" content=\"Gifted HUB\" \/>\n<meta property=\"article:modified_time\" content=\"2025-04-21T22:48:59+00:00\" \/>\n<meta property=\"og:image\" content=\"https:\/\/gifted-hub.com\/wp-content\/uploads\/2025\/03\/7f_gsuxmioq-e1742235337419.jpg\" \/>\n\t<meta property=\"og:image:width\" content=\"1600\" \/>\n\t<meta property=\"og:image:height\" content=\"1067\" \/>\n\t<meta property=\"og:image:type\" content=\"image\/jpeg\" \/>\n<meta name=\"twitter:card\" content=\"summary_large_image\" \/>\n<meta name=\"twitter:label1\" content=\"Tiempo de lectura\" \/>\n\t<meta name=\"twitter:data1\" content=\"2 minutos\" \/>\n<script type=\"application\/ld+json\" class=\"yoast-schema-graph\">{\"@context\":\"https:\\\/\\\/schema.org\",\"@graph\":[{\"@type\":\"WebPage\",\"@id\":\"https:\\\/\\\/gifted-hub.com\\\/es\\\/familiares\\\/hermanos-superdotados-rivalidad-cooperacion-y-retos-unicos\\\/\",\"url\":\"https:\\\/\\\/gifted-hub.com\\\/es\\\/familiares\\\/hermanos-superdotados-rivalidad-cooperacion-y-retos-unicos\\\/\",\"name\":\"Hermanos con altas capacidades: Rivalidad, cooperaci\u00f3n y retos \u00fanicos - Gifted HUB\",\"isPartOf\":{\"@id\":\"https:\\\/\\\/gifted-hub.com\\\/es\\\/#website\"},\"primaryImageOfPage\":{\"@id\":\"https:\\\/\\\/gifted-hub.com\\\/es\\\/familiares\\\/hermanos-superdotados-rivalidad-cooperacion-y-retos-unicos\\\/#primaryimage\"},\"image\":{\"@id\":\"https:\\\/\\\/gifted-hub.com\\\/es\\\/familiares\\\/hermanos-superdotados-rivalidad-cooperacion-y-retos-unicos\\\/#primaryimage\"},\"thumbnailUrl\":\"https:\\\/\\\/gifted-hub.com\\\/wp-content\\\/uploads\\\/2025\\\/03\\\/7f_gsuxmioq-e1742235337419.jpg\",\"datePublished\":\"2025-03-17T18:45:47+00:00\",\"dateModified\":\"2025-04-21T22:48:59+00:00\",\"breadcrumb\":{\"@id\":\"https:\\\/\\\/gifted-hub.com\\\/es\\\/familiares\\\/hermanos-superdotados-rivalidad-cooperacion-y-retos-unicos\\\/#breadcrumb\"},\"inLanguage\":\"es\",\"potentialAction\":[{\"@type\":\"ReadAction\",\"target\":[\"https:\\\/\\\/gifted-hub.com\\\/es\\\/familiares\\\/hermanos-superdotados-rivalidad-cooperacion-y-retos-unicos\\\/\"]}]},{\"@type\":\"ImageObject\",\"inLanguage\":\"es\",\"@id\":\"https:\\\/\\\/gifted-hub.com\\\/es\\\/familiares\\\/hermanos-superdotados-rivalidad-cooperacion-y-retos-unicos\\\/#primaryimage\",\"url\":\"https:\\\/\\\/gifted-hub.com\\\/wp-content\\\/uploads\\\/2025\\\/03\\\/7f_gsuxmioq-e1742235337419.jpg\",\"contentUrl\":\"https:\\\/\\\/gifted-hub.com\\\/wp-content\\\/uploads\\\/2025\\\/03\\\/7f_gsuxmioq-e1742235337419.jpg\",\"width\":1600,\"height\":1067},{\"@type\":\"BreadcrumbList\",\"@id\":\"https:\\\/\\\/gifted-hub.com\\\/es\\\/familiares\\\/hermanos-superdotados-rivalidad-cooperacion-y-retos-unicos\\\/#breadcrumb\",\"itemListElement\":[{\"@type\":\"ListItem\",\"position\":1,\"name\":\"Home\",\"item\":\"https:\\\/\\\/gifted-hub.com\\\/es\\\/inicio\\\/\"},{\"@type\":\"ListItem\",\"position\":2,\"name\":\"Familiares\",\"item\":\"https:\\\/\\\/gifted-hub.com\\\/es\\\/familiares\\\/\"},{\"@type\":\"ListItem\",\"position\":3,\"name\":\"Hermanos con altas capacidades: Rivalidad, cooperaci\u00f3n y retos \u00fanicos\"}]},{\"@type\":\"WebSite\",\"@id\":\"https:\\\/\\\/gifted-hub.com\\\/es\\\/#website\",\"url\":\"https:\\\/\\\/gifted-hub.com\\\/es\\\/\",\"name\":\"Gifted HUB\",\"description\":\"Un espacio para las altas capacidades\",\"publisher\":{\"@id\":\"https:\\\/\\\/gifted-hub.com\\\/es\\\/#organization\"},\"potentialAction\":[{\"@type\":\"SearchAction\",\"target\":{\"@type\":\"EntryPoint\",\"urlTemplate\":\"https:\\\/\\\/gifted-hub.com\\\/es\\\/?s={search_term_string}\"},\"query-input\":{\"@type\":\"PropertyValueSpecification\",\"valueRequired\":true,\"valueName\":\"search_term_string\"}}],\"inLanguage\":\"es\"},{\"@type\":\"Organization\",\"@id\":\"https:\\\/\\\/gifted-hub.com\\\/es\\\/#organization\",\"name\":\"Gifted HUB\",\"url\":\"https:\\\/\\\/gifted-hub.com\\\/es\\\/\",\"logo\":{\"@type\":\"ImageObject\",\"inLanguage\":\"es\",\"@id\":\"https:\\\/\\\/gifted-hub.com\\\/es\\\/#\\\/schema\\\/logo\\\/image\\\/\",\"url\":\"https:\\\/\\\/gifted-hub.com\\\/wp-content\\\/uploads\\\/2024\\\/07\\\/logo-1.svg\",\"contentUrl\":\"https:\\\/\\\/gifted-hub.com\\\/wp-content\\\/uploads\\\/2024\\\/07\\\/logo-1.svg\",\"caption\":\"Gifted HUB\"},\"image\":{\"@id\":\"https:\\\/\\\/gifted-hub.com\\\/es\\\/#\\\/schema\\\/logo\\\/image\\\/\"}}]}<\/script>\n<!-- \/ Yoast SEO plugin. -->","yoast_head_json":{"title":"Hermanos con altas capacidades: Rivalidad, cooperaci\u00f3n y retos \u00fanicos - Gifted HUB","robots":{"index":"index","follow":"follow","max-snippet":"max-snippet:-1","max-image-preview":"max-image-preview:large","max-video-preview":"max-video-preview:-1"},"canonical":"https:\/\/gifted-hub.com\/es\/familiares\/hermanos-superdotados-rivalidad-cooperacion-y-retos-unicos\/","og_locale":"es_ES","og_type":"article","og_title":"Hermanos con altas capacidades: Rivalidad, cooperaci\u00f3n y retos \u00fanicos - Gifted HUB","og_description":"Crecer con un hermano con altas capacidades puede ser una experiencia \u00fanica llena de emociones intensas, conexiones profundas y, a veces, luchas dif\u00edciles. En las familias en las que varios ni\u00f1os estas caracter\u00edsticas, las diferencias en habilidades, intereses y niveles de \u00e9xito pueden moldear las relaciones entre hermanos de formas inesperadas. Algunos hermanos con altas [&hellip;]","og_url":"https:\/\/gifted-hub.com\/es\/familiares\/hermanos-superdotados-rivalidad-cooperacion-y-retos-unicos\/","og_site_name":"Gifted HUB","article_modified_time":"2025-04-21T22:48:59+00:00","og_image":[{"width":1600,"height":1067,"url":"https:\/\/gifted-hub.com\/wp-content\/uploads\/2025\/03\/7f_gsuxmioq-e1742235337419.jpg","type":"image\/jpeg"}],"twitter_card":"summary_large_image","twitter_misc":{"Tiempo de lectura":"2 minutos"},"schema":{"@context":"https:\/\/schema.org","@graph":[{"@type":"WebPage","@id":"https:\/\/gifted-hub.com\/es\/familiares\/hermanos-superdotados-rivalidad-cooperacion-y-retos-unicos\/","url":"https:\/\/gifted-hub.com\/es\/familiares\/hermanos-superdotados-rivalidad-cooperacion-y-retos-unicos\/","name":"Hermanos con altas capacidades: Rivalidad, cooperaci\u00f3n y retos \u00fanicos - Gifted HUB","isPartOf":{"@id":"https:\/\/gifted-hub.com\/es\/#website"},"primaryImageOfPage":{"@id":"https:\/\/gifted-hub.com\/es\/familiares\/hermanos-superdotados-rivalidad-cooperacion-y-retos-unicos\/#primaryimage"},"image":{"@id":"https:\/\/gifted-hub.com\/es\/familiares\/hermanos-superdotados-rivalidad-cooperacion-y-retos-unicos\/#primaryimage"},"thumbnailUrl":"https:\/\/gifted-hub.com\/wp-content\/uploads\/2025\/03\/7f_gsuxmioq-e1742235337419.jpg","datePublished":"2025-03-17T18:45:47+00:00","dateModified":"2025-04-21T22:48:59+00:00","breadcrumb":{"@id":"https:\/\/gifted-hub.com\/es\/familiares\/hermanos-superdotados-rivalidad-cooperacion-y-retos-unicos\/#breadcrumb"},"inLanguage":"es","potentialAction":[{"@type":"ReadAction","target":["https:\/\/gifted-hub.com\/es\/familiares\/hermanos-superdotados-rivalidad-cooperacion-y-retos-unicos\/"]}]},{"@type":"ImageObject","inLanguage":"es","@id":"https:\/\/gifted-hub.com\/es\/familiares\/hermanos-superdotados-rivalidad-cooperacion-y-retos-unicos\/#primaryimage","url":"https:\/\/gifted-hub.com\/wp-content\/uploads\/2025\/03\/7f_gsuxmioq-e1742235337419.jpg","contentUrl":"https:\/\/gifted-hub.com\/wp-content\/uploads\/2025\/03\/7f_gsuxmioq-e1742235337419.jpg","width":1600,"height":1067},{"@type":"BreadcrumbList","@id":"https:\/\/gifted-hub.com\/es\/familiares\/hermanos-superdotados-rivalidad-cooperacion-y-retos-unicos\/#breadcrumb","itemListElement":[{"@type":"ListItem","position":1,"name":"Home","item":"https:\/\/gifted-hub.com\/es\/inicio\/"},{"@type":"ListItem","position":2,"name":"Familiares","item":"https:\/\/gifted-hub.com\/es\/familiares\/"},{"@type":"ListItem","position":3,"name":"Hermanos con altas capacidades: Rivalidad, cooperaci\u00f3n y retos \u00fanicos"}]},{"@type":"WebSite","@id":"https:\/\/gifted-hub.com\/es\/#website","url":"https:\/\/gifted-hub.com\/es\/","name":"Gifted HUB","description":"Un espacio para las altas capacidades","publisher":{"@id":"https:\/\/gifted-hub.com\/es\/#organization"},"potentialAction":[{"@type":"SearchAction","target":{"@type":"EntryPoint","urlTemplate":"https:\/\/gifted-hub.com\/es\/?s={search_term_string}"},"query-input":{"@type":"PropertyValueSpecification","valueRequired":true,"valueName":"search_term_string"}}],"inLanguage":"es"},{"@type":"Organization","@id":"https:\/\/gifted-hub.com\/es\/#organization","name":"Gifted HUB","url":"https:\/\/gifted-hub.com\/es\/","logo":{"@type":"ImageObject","inLanguage":"es","@id":"https:\/\/gifted-hub.com\/es\/#\/schema\/logo\/image\/","url":"https:\/\/gifted-hub.com\/wp-content\/uploads\/2024\/07\/logo-1.svg","contentUrl":"https:\/\/gifted-hub.com\/wp-content\/uploads\/2024\/07\/logo-1.svg","caption":"Gifted HUB"},"image":{"@id":"https:\/\/gifted-hub.com\/es\/#\/schema\/logo\/image\/"}}]}},"_links":{"self":[{"href":"https:\/\/gifted-hub.com\/es\/wp-json\/wp\/v2\/pages\/19308","targetHints":{"allow":["GET"]}}],"collection":[{"href":"https:\/\/gifted-hub.com\/es\/wp-json\/wp\/v2\/pages"}],"about":[{"href":"https:\/\/gifted-hub.com\/es\/wp-json\/wp\/v2\/types\/page"}],"author":[{"embeddable":true,"href":"https:\/\/gifted-hub.com\/es\/wp-json\/wp\/v2\/users\/1"}],"replies":[{"embeddable":true,"href":"https:\/\/gifted-hub.com\/es\/wp-json\/wp\/v2\/comments?post=19308"}],"version-history":[{"count":3,"href":"https:\/\/gifted-hub.com\/es\/wp-json\/wp\/v2\/pages\/19308\/revisions"}],"predecessor-version":[{"id":19397,"href":"https:\/\/gifted-hub.com\/es\/wp-json\/wp\/v2\/pages\/19308\/revisions\/19397"}],"up":[{"embeddable":true,"href":"https:\/\/gifted-hub.com\/es\/wp-json\/wp\/v2\/pages\/15250"}],"wp:featuredmedia":[{"embeddable":true,"href":"https:\/\/gifted-hub.com\/es\/wp-json\/wp\/v2\/media\/19274"}],"wp:attachment":[{"href":"https:\/\/gifted-hub.com\/es\/wp-json\/wp\/v2\/media?parent=19308"}],"wp:term":[{"taxonomy":"group-interest","embeddable":true,"href":"https:\/\/gifted-hub.com\/es\/wp-json\/wp\/v2\/group-interest?post=19308"}],"curies":[{"name":"wp","href":"https:\/\/api.w.org\/{rel}","templated":true}]}}