{"id":19189,"date":"2025-03-10T23:06:24","date_gmt":"2025-03-10T23:06:24","guid":{"rendered":"https:\/\/gifted-hub.com\/romper-el-ciclo-de-la-duda-sobre-uno-mismo-el-sindrome-del-impostor-en-los-superdotados\/"},"modified":"2025-04-21T22:54:12","modified_gmt":"2025-04-21T22:54:12","slug":"romper-el-ciclo-de-la-duda-sobre-uno-mismo-el-sindrome-del-impostor-en-los-superdotados","status":"publish","type":"page","link":"https:\/\/gifted-hub.com\/es\/interesados\/romper-el-ciclo-de-la-duda-sobre-uno-mismo-el-sindrome-del-impostor-en-los-superdotados\/","title":{"rendered":"Romper el ciclo de la duda sobre uno mismo: el s\u00edndrome del impostor en las personas con altas capacidades"},"content":{"rendered":"\n<p>El s\u00edndrome del impostor es un sentimiento persistente de duda sobre uno mismo, inseguridad y miedo a quedar expuesto como un fraude, a pesar de las claras pruebas de \u00e9xito y competencia. Este fen\u00f3meno es especialmente com\u00fan entre <a href=\"https:\/\/gifted-hub.com\/es\/interesados\/\">las personas con altas capacidades<\/a>, que a menudo luchan contra las altas expectativas, tanto de s\u00ed mismos como de los dem\u00e1s. Muchos de ellos creen que sus logros se deben a la suerte, a factores externos o al puro esfuerzo, y no a sus propias capacidades. Esto crea un ciclo en el que, por mucho que consigan, nunca se sienten realmente merecedores de su \u00e9xito.   <\/p>\n\n<p>Los alumnos altas capacidades experimentan con frecuencia el perfeccionismo, que puede intensificar los sentimientos de impostura. Se imponen unos niveles de exigencia poco realistas y se sienten fracasados si no los alcanzan. Su autoestima queda vinculada a sus logros, lo que les hace vulnerables a la duda cuando se enfrentan a retos. Este perfeccionismo suele verse reforzado por presiones externas de profesores, compa\u00f1eros y familiares, que esperan que destaquen en todo lo que hacen. Como resultado, muchos superdotados experimentan ansiedad, estr\u00e9s y agotamiento, al sentir que deben demostrar constantemente su val\u00eda.    <\/p>\n\n<p><a href=\"https:\/\/gifted-hub.com\/es\/interesados\/el-autoconcepto-de-los-individuos-dotados\/\">La autoestima<\/a> desempe\u00f1a un papel crucial en c\u00f3mo se manifiesta el s\u00edndrome del impostor. Cuando las personas con altas capacidades tienen baja autoestima, es m\u00e1s probable que atribuyan sus \u00e9xitos a factores externos y sus fracasos a la incompetencia personal. La forma en que se perciben a s\u00ed mismos influye en la confianza que tienen en sus capacidades, haci\u00e9ndoles m\u00e1s susceptibles a los pensamientos impostores. Quienes tienen un mayor conocimiento y aceptaci\u00f3n de s\u00ed mismos tienden a manejar mejor estos sentimientos, ya que reconocen sus puntos fuertes y sus limitaciones de forma equilibrada.   <\/p>\n\n<p>Para los individuos doblemente excepcionales -los que tienen alta capacitaci\u00f3n y a la vez tienen alg\u00fan trastorno espec\u00edfico como TEA- el s\u00edndrome del impostor puede ser a\u00fan m\u00e1s pronunciado. Estas personas suelen recibir mensajes contradictorios sobre sus capacidades, destacando en algunas \u00e1reas mientras tienen dificultades en otras. Esto puede llevarles a sentirse como impostores, ya que pueden creer que su \u00e9xito es accidental y no un reflejo de su verdadero potencial. Sus dificultades en determinadas asignaturas o situaciones sociales pueden reforzar la idea de que no son tan capaces como los dem\u00e1s les perciben.   <\/p>\n\n<p>El entorno acad\u00e9mico desempe\u00f1a un papel importante en el desarrollo del s\u00edndrome del impostor entre los alumnos altas capacidades. Los programas altamente competitivos y los cursos de matr\u00edcula de honor, en los que los alumnos est\u00e1n rodeados de compa\u00f1eros con el mismo talento, pueden crear un efecto de \u00abpez grande en un estanque m\u00e1s grande\u00bb. Muchas de estas personas, acostumbradas a ser las mejores en sus entornos anteriores, se encuentran de repente entre otros con el mismo talento, lo que les lleva a dudar de s\u00ed mismos y a temer no estar a la altura. La falta de reconocimiento del esfuerzo, y no s\u00f3lo de los resultados, alimenta a\u00fan m\u00e1s el sentimiento de fraude.   <\/p>\n\n<p><a href=\"https:\/\/gifted-hub.com\/es\/profesionales\/comprendiendo-la-superdotacion-y-la-cultura\/\">Los factores sociales y culturales<\/a> tambi\u00e9n contribuyen al s\u00edndrome del impostor. Las expectativas de g\u00e9nero, las definiciones sociales del \u00e9xito y las ideas r\u00edgidas sobre la inteligencia pueden influir en la forma en que los las personas con altas capacidades se perciben a s\u00ed mismos. En particular, las mujeres y las minor\u00edas infrarrepresentadas en campos de alto rendimiento suelen enfrentarse a retos adicionales, ya que pueden sentir la presi\u00f3n de validar constantemente su lugar en espacios en los que est\u00e1n infrarrepresentadas. Pueden experimentar sentimientos de impostura m\u00e1s intensos, creyendo que deben esforzarse el doble para que se les tome en serio.   <\/p>\n\n<p>Abordar el s\u00edndrome del impostor en los superdotados requiere una combinaci\u00f3n de autoconciencia, sistemas de apoyo y un cambio de perspectiva. Fomentar la autorreflexi\u00f3n y ayudar a los individuos a reconocer sus puntos fuertes y contribuciones reales puede mitigar los sentimientos de impostura. Es crucial fomentar la resiliencia normalizando las luchas y los fracasos como parte del proceso de aprendizaje. Las escuelas y los educadores deben fomentar entornos en los que los alumnos superdotados se sientan valorados m\u00e1s all\u00e1 de sus logros, haciendo hincapi\u00e9 en el crecimiento personal y la autoaceptaci\u00f3n en lugar de la validaci\u00f3n constante del rendimiento. Al reconocer y abordar estos sentimientos, estas personas pueden desarrollar un concepto m\u00e1s sano de s\u00ed mismos y liberarse del ciclo de dudas que crea el s\u00edndrome del impostor.    <\/p>\n\n<p><br\/><\/p>\n","protected":false},"excerpt":{"rendered":"<p>El s\u00edndrome del impostor es un sentimiento persistente de duda sobre uno mismo, inseguridad y miedo a quedar expuesto como un fraude, a pesar de las claras pruebas de \u00e9xito y competencia. Este fen\u00f3meno es especialmente com\u00fan entre las personas con altas capacidades, que a menudo luchan contra las altas expectativas, tanto de s\u00ed mismos [&hellip;]<\/p>\n","protected":false},"author":1,"featured_media":19114,"parent":15121,"menu_order":0,"comment_status":"closed","ping_status":"closed","template":"","meta":{"_acf_changed":false,"inline_featured_image":false,"footnotes":""},"group-interest":[],"class_list":["post-19189","page","type-page","status-publish","has-post-thumbnail","hentry"],"acf":[],"yoast_head":"<!-- This site is optimized with the Yoast SEO plugin v27.4 - https:\/\/yoast.com\/product\/yoast-seo-wordpress\/ -->\n<title>Romper el ciclo de la duda sobre uno mismo: el s\u00edndrome del impostor en las personas con altas capacidades - Gifted HUB<\/title>\n<meta name=\"robots\" content=\"index, follow, max-snippet:-1, max-image-preview:large, max-video-preview:-1\" \/>\n<link rel=\"canonical\" href=\"https:\/\/gifted-hub.com\/es\/interesados\/romper-el-ciclo-de-la-duda-sobre-uno-mismo-el-sindrome-del-impostor-en-los-superdotados\/\" \/>\n<meta property=\"og:locale\" content=\"es_ES\" \/>\n<meta property=\"og:type\" content=\"article\" \/>\n<meta property=\"og:title\" content=\"Romper el ciclo de la duda sobre uno mismo: el s\u00edndrome del impostor en las personas con altas capacidades - Gifted HUB\" \/>\n<meta property=\"og:description\" content=\"El s\u00edndrome del impostor es un sentimiento persistente de duda sobre uno mismo, inseguridad y miedo a quedar expuesto como un fraude, a pesar de las claras pruebas de \u00e9xito y competencia. Este fen\u00f3meno es especialmente com\u00fan entre las personas con altas capacidades, que a menudo luchan contra las altas expectativas, tanto de s\u00ed mismos [&hellip;]\" \/>\n<meta property=\"og:url\" content=\"https:\/\/gifted-hub.com\/es\/interesados\/romper-el-ciclo-de-la-duda-sobre-uno-mismo-el-sindrome-del-impostor-en-los-superdotados\/\" \/>\n<meta property=\"og:site_name\" content=\"Gifted HUB\" \/>\n<meta property=\"article:modified_time\" content=\"2025-04-21T22:54:12+00:00\" \/>\n<meta property=\"og:image\" content=\"https:\/\/gifted-hub.com\/wp-content\/uploads\/2025\/03\/6568116-e1741644600547.jpeg\" \/>\n\t<meta property=\"og:image:width\" content=\"800\" \/>\n\t<meta property=\"og:image:height\" content=\"1200\" \/>\n\t<meta property=\"og:image:type\" content=\"image\/jpeg\" \/>\n<meta name=\"twitter:card\" content=\"summary_large_image\" \/>\n<meta name=\"twitter:label1\" content=\"Tiempo de lectura\" \/>\n\t<meta name=\"twitter:data1\" content=\"4 minutos\" \/>\n<script type=\"application\/ld+json\" class=\"yoast-schema-graph\">{\"@context\":\"https:\\\/\\\/schema.org\",\"@graph\":[{\"@type\":\"WebPage\",\"@id\":\"https:\\\/\\\/gifted-hub.com\\\/es\\\/interesados\\\/romper-el-ciclo-de-la-duda-sobre-uno-mismo-el-sindrome-del-impostor-en-los-superdotados\\\/\",\"url\":\"https:\\\/\\\/gifted-hub.com\\\/es\\\/interesados\\\/romper-el-ciclo-de-la-duda-sobre-uno-mismo-el-sindrome-del-impostor-en-los-superdotados\\\/\",\"name\":\"Romper el ciclo de la duda sobre uno mismo: el s\u00edndrome del impostor en las personas con altas capacidades - Gifted HUB\",\"isPartOf\":{\"@id\":\"https:\\\/\\\/gifted-hub.com\\\/es\\\/#website\"},\"primaryImageOfPage\":{\"@id\":\"https:\\\/\\\/gifted-hub.com\\\/es\\\/interesados\\\/romper-el-ciclo-de-la-duda-sobre-uno-mismo-el-sindrome-del-impostor-en-los-superdotados\\\/#primaryimage\"},\"image\":{\"@id\":\"https:\\\/\\\/gifted-hub.com\\\/es\\\/interesados\\\/romper-el-ciclo-de-la-duda-sobre-uno-mismo-el-sindrome-del-impostor-en-los-superdotados\\\/#primaryimage\"},\"thumbnailUrl\":\"https:\\\/\\\/gifted-hub.com\\\/wp-content\\\/uploads\\\/2025\\\/03\\\/6568116-e1741644600547.jpeg\",\"datePublished\":\"2025-03-10T23:06:24+00:00\",\"dateModified\":\"2025-04-21T22:54:12+00:00\",\"breadcrumb\":{\"@id\":\"https:\\\/\\\/gifted-hub.com\\\/es\\\/interesados\\\/romper-el-ciclo-de-la-duda-sobre-uno-mismo-el-sindrome-del-impostor-en-los-superdotados\\\/#breadcrumb\"},\"inLanguage\":\"es\",\"potentialAction\":[{\"@type\":\"ReadAction\",\"target\":[\"https:\\\/\\\/gifted-hub.com\\\/es\\\/interesados\\\/romper-el-ciclo-de-la-duda-sobre-uno-mismo-el-sindrome-del-impostor-en-los-superdotados\\\/\"]}]},{\"@type\":\"ImageObject\",\"inLanguage\":\"es\",\"@id\":\"https:\\\/\\\/gifted-hub.com\\\/es\\\/interesados\\\/romper-el-ciclo-de-la-duda-sobre-uno-mismo-el-sindrome-del-impostor-en-los-superdotados\\\/#primaryimage\",\"url\":\"https:\\\/\\\/gifted-hub.com\\\/wp-content\\\/uploads\\\/2025\\\/03\\\/6568116-e1741644600547.jpeg\",\"contentUrl\":\"https:\\\/\\\/gifted-hub.com\\\/wp-content\\\/uploads\\\/2025\\\/03\\\/6568116-e1741644600547.jpeg\",\"width\":800,\"height\":1200},{\"@type\":\"BreadcrumbList\",\"@id\":\"https:\\\/\\\/gifted-hub.com\\\/es\\\/interesados\\\/romper-el-ciclo-de-la-duda-sobre-uno-mismo-el-sindrome-del-impostor-en-los-superdotados\\\/#breadcrumb\",\"itemListElement\":[{\"@type\":\"ListItem\",\"position\":1,\"name\":\"Home\",\"item\":\"https:\\\/\\\/gifted-hub.com\\\/es\\\/inicio\\\/\"},{\"@type\":\"ListItem\",\"position\":2,\"name\":\"Interesados\",\"item\":\"https:\\\/\\\/gifted-hub.com\\\/es\\\/interesados\\\/\"},{\"@type\":\"ListItem\",\"position\":3,\"name\":\"Romper el ciclo de la duda sobre uno mismo: el s\u00edndrome del impostor en las personas con altas capacidades\"}]},{\"@type\":\"WebSite\",\"@id\":\"https:\\\/\\\/gifted-hub.com\\\/es\\\/#website\",\"url\":\"https:\\\/\\\/gifted-hub.com\\\/es\\\/\",\"name\":\"Gifted HUB\",\"description\":\"Un espacio para las altas capacidades\",\"publisher\":{\"@id\":\"https:\\\/\\\/gifted-hub.com\\\/es\\\/#organization\"},\"potentialAction\":[{\"@type\":\"SearchAction\",\"target\":{\"@type\":\"EntryPoint\",\"urlTemplate\":\"https:\\\/\\\/gifted-hub.com\\\/es\\\/?s={search_term_string}\"},\"query-input\":{\"@type\":\"PropertyValueSpecification\",\"valueRequired\":true,\"valueName\":\"search_term_string\"}}],\"inLanguage\":\"es\"},{\"@type\":\"Organization\",\"@id\":\"https:\\\/\\\/gifted-hub.com\\\/es\\\/#organization\",\"name\":\"Gifted HUB\",\"url\":\"https:\\\/\\\/gifted-hub.com\\\/es\\\/\",\"logo\":{\"@type\":\"ImageObject\",\"inLanguage\":\"es\",\"@id\":\"https:\\\/\\\/gifted-hub.com\\\/es\\\/#\\\/schema\\\/logo\\\/image\\\/\",\"url\":\"https:\\\/\\\/gifted-hub.com\\\/wp-content\\\/uploads\\\/2024\\\/07\\\/logo-1.svg\",\"contentUrl\":\"https:\\\/\\\/gifted-hub.com\\\/wp-content\\\/uploads\\\/2024\\\/07\\\/logo-1.svg\",\"caption\":\"Gifted HUB\"},\"image\":{\"@id\":\"https:\\\/\\\/gifted-hub.com\\\/es\\\/#\\\/schema\\\/logo\\\/image\\\/\"}}]}<\/script>\n<!-- \/ Yoast SEO plugin. -->","yoast_head_json":{"title":"Romper el ciclo de la duda sobre uno mismo: el s\u00edndrome del impostor en las personas con altas capacidades - Gifted HUB","robots":{"index":"index","follow":"follow","max-snippet":"max-snippet:-1","max-image-preview":"max-image-preview:large","max-video-preview":"max-video-preview:-1"},"canonical":"https:\/\/gifted-hub.com\/es\/interesados\/romper-el-ciclo-de-la-duda-sobre-uno-mismo-el-sindrome-del-impostor-en-los-superdotados\/","og_locale":"es_ES","og_type":"article","og_title":"Romper el ciclo de la duda sobre uno mismo: el s\u00edndrome del impostor en las personas con altas capacidades - Gifted HUB","og_description":"El s\u00edndrome del impostor es un sentimiento persistente de duda sobre uno mismo, inseguridad y miedo a quedar expuesto como un fraude, a pesar de las claras pruebas de \u00e9xito y competencia. Este fen\u00f3meno es especialmente com\u00fan entre las personas con altas capacidades, que a menudo luchan contra las altas expectativas, tanto de s\u00ed mismos [&hellip;]","og_url":"https:\/\/gifted-hub.com\/es\/interesados\/romper-el-ciclo-de-la-duda-sobre-uno-mismo-el-sindrome-del-impostor-en-los-superdotados\/","og_site_name":"Gifted HUB","article_modified_time":"2025-04-21T22:54:12+00:00","og_image":[{"width":800,"height":1200,"url":"https:\/\/gifted-hub.com\/wp-content\/uploads\/2025\/03\/6568116-e1741644600547.jpeg","type":"image\/jpeg"}],"twitter_card":"summary_large_image","twitter_misc":{"Tiempo de lectura":"4 minutos"},"schema":{"@context":"https:\/\/schema.org","@graph":[{"@type":"WebPage","@id":"https:\/\/gifted-hub.com\/es\/interesados\/romper-el-ciclo-de-la-duda-sobre-uno-mismo-el-sindrome-del-impostor-en-los-superdotados\/","url":"https:\/\/gifted-hub.com\/es\/interesados\/romper-el-ciclo-de-la-duda-sobre-uno-mismo-el-sindrome-del-impostor-en-los-superdotados\/","name":"Romper el ciclo de la duda sobre uno mismo: el s\u00edndrome del impostor en las personas con altas capacidades - Gifted HUB","isPartOf":{"@id":"https:\/\/gifted-hub.com\/es\/#website"},"primaryImageOfPage":{"@id":"https:\/\/gifted-hub.com\/es\/interesados\/romper-el-ciclo-de-la-duda-sobre-uno-mismo-el-sindrome-del-impostor-en-los-superdotados\/#primaryimage"},"image":{"@id":"https:\/\/gifted-hub.com\/es\/interesados\/romper-el-ciclo-de-la-duda-sobre-uno-mismo-el-sindrome-del-impostor-en-los-superdotados\/#primaryimage"},"thumbnailUrl":"https:\/\/gifted-hub.com\/wp-content\/uploads\/2025\/03\/6568116-e1741644600547.jpeg","datePublished":"2025-03-10T23:06:24+00:00","dateModified":"2025-04-21T22:54:12+00:00","breadcrumb":{"@id":"https:\/\/gifted-hub.com\/es\/interesados\/romper-el-ciclo-de-la-duda-sobre-uno-mismo-el-sindrome-del-impostor-en-los-superdotados\/#breadcrumb"},"inLanguage":"es","potentialAction":[{"@type":"ReadAction","target":["https:\/\/gifted-hub.com\/es\/interesados\/romper-el-ciclo-de-la-duda-sobre-uno-mismo-el-sindrome-del-impostor-en-los-superdotados\/"]}]},{"@type":"ImageObject","inLanguage":"es","@id":"https:\/\/gifted-hub.com\/es\/interesados\/romper-el-ciclo-de-la-duda-sobre-uno-mismo-el-sindrome-del-impostor-en-los-superdotados\/#primaryimage","url":"https:\/\/gifted-hub.com\/wp-content\/uploads\/2025\/03\/6568116-e1741644600547.jpeg","contentUrl":"https:\/\/gifted-hub.com\/wp-content\/uploads\/2025\/03\/6568116-e1741644600547.jpeg","width":800,"height":1200},{"@type":"BreadcrumbList","@id":"https:\/\/gifted-hub.com\/es\/interesados\/romper-el-ciclo-de-la-duda-sobre-uno-mismo-el-sindrome-del-impostor-en-los-superdotados\/#breadcrumb","itemListElement":[{"@type":"ListItem","position":1,"name":"Home","item":"https:\/\/gifted-hub.com\/es\/inicio\/"},{"@type":"ListItem","position":2,"name":"Interesados","item":"https:\/\/gifted-hub.com\/es\/interesados\/"},{"@type":"ListItem","position":3,"name":"Romper el ciclo de la duda sobre uno mismo: el s\u00edndrome del impostor en las personas con altas capacidades"}]},{"@type":"WebSite","@id":"https:\/\/gifted-hub.com\/es\/#website","url":"https:\/\/gifted-hub.com\/es\/","name":"Gifted HUB","description":"Un espacio para las altas capacidades","publisher":{"@id":"https:\/\/gifted-hub.com\/es\/#organization"},"potentialAction":[{"@type":"SearchAction","target":{"@type":"EntryPoint","urlTemplate":"https:\/\/gifted-hub.com\/es\/?s={search_term_string}"},"query-input":{"@type":"PropertyValueSpecification","valueRequired":true,"valueName":"search_term_string"}}],"inLanguage":"es"},{"@type":"Organization","@id":"https:\/\/gifted-hub.com\/es\/#organization","name":"Gifted HUB","url":"https:\/\/gifted-hub.com\/es\/","logo":{"@type":"ImageObject","inLanguage":"es","@id":"https:\/\/gifted-hub.com\/es\/#\/schema\/logo\/image\/","url":"https:\/\/gifted-hub.com\/wp-content\/uploads\/2024\/07\/logo-1.svg","contentUrl":"https:\/\/gifted-hub.com\/wp-content\/uploads\/2024\/07\/logo-1.svg","caption":"Gifted HUB"},"image":{"@id":"https:\/\/gifted-hub.com\/es\/#\/schema\/logo\/image\/"}}]}},"_links":{"self":[{"href":"https:\/\/gifted-hub.com\/es\/wp-json\/wp\/v2\/pages\/19189","targetHints":{"allow":["GET"]}}],"collection":[{"href":"https:\/\/gifted-hub.com\/es\/wp-json\/wp\/v2\/pages"}],"about":[{"href":"https:\/\/gifted-hub.com\/es\/wp-json\/wp\/v2\/types\/page"}],"author":[{"embeddable":true,"href":"https:\/\/gifted-hub.com\/es\/wp-json\/wp\/v2\/users\/1"}],"replies":[{"embeddable":true,"href":"https:\/\/gifted-hub.com\/es\/wp-json\/wp\/v2\/comments?post=19189"}],"version-history":[{"count":5,"href":"https:\/\/gifted-hub.com\/es\/wp-json\/wp\/v2\/pages\/19189\/revisions"}],"predecessor-version":[{"id":19399,"href":"https:\/\/gifted-hub.com\/es\/wp-json\/wp\/v2\/pages\/19189\/revisions\/19399"}],"up":[{"embeddable":true,"href":"https:\/\/gifted-hub.com\/es\/wp-json\/wp\/v2\/pages\/15121"}],"wp:featuredmedia":[{"embeddable":true,"href":"https:\/\/gifted-hub.com\/es\/wp-json\/wp\/v2\/media\/19114"}],"wp:attachment":[{"href":"https:\/\/gifted-hub.com\/es\/wp-json\/wp\/v2\/media?parent=19189"}],"wp:term":[{"taxonomy":"group-interest","embeddable":true,"href":"https:\/\/gifted-hub.com\/es\/wp-json\/wp\/v2\/group-interest?post=19189"}],"curies":[{"name":"wp","href":"https:\/\/api.w.org\/{rel}","templated":true}]}}