{"id":19078,"date":"2025-01-24T18:59:35","date_gmt":"2025-01-24T18:59:35","guid":{"rendered":"https:\/\/gifted-hub.com\/profesionales\/identificacion-de-jovenes-potencialmente-superdotados-una-guia-completa\/"},"modified":"2025-04-21T22:17:15","modified_gmt":"2025-04-21T22:17:15","slug":"identificacion-de-jovenes-potencialmente-superdotados-una-guia-completa","status":"publish","type":"page","link":"https:\/\/gifted-hub.com\/es\/profesionales\/identificacion-de-jovenes-potencialmente-superdotados-una-guia-completa\/","title":{"rendered":"Identificaci\u00f3n de j\u00f3venes con altas capacidades: una gu\u00eda completa"},"content":{"rendered":"\n<p>Los alumnos con altas capacidades poseen un potencial excepcional, pero identificarlos puede ser un proceso matizado y dif\u00edcil. esta gu\u00eda ofrece una explicaci\u00f3n clara y paso a paso de c\u00f3mo identificar a los j\u00f3venes que tienen potencialmente estas caracter\u00edsticas, detallando cada fase y las evaluaciones que implica. <\/p>\n\n<h3 class=\"wp-block-heading\" id=\"understanding-giftedness\"><strong>Comprender la alta capacitaci\u00f3n<\/strong><\/h3>\n\n<p>La alta capacitaci\u00f3n no se define de manera uniforme y a menudo var\u00eda seg\u00fan las culturas y las instituciones. Sin embargo, la idea central gira en torno a los alumnos que muestran capacidades o potencial excepcionales en \u00e1mbitos intelectuales, creativos, art\u00edsticos o de liderazgo. <\/p>\n\n<p>Es esencial tener en cuenta que la alta capacitaci\u00f3n se manifiesta de forma diferente, especialmente entre los grupos econ\u00f3micamente desfavorecidos o culturalmente diversos. En consecuencia, cualquier proceso de identificaci\u00f3n debe ser sensible a estas variaciones. <\/p>\n\n<h3 class=\"wp-block-heading\" id=\"phases-of-the-identification-process\"><strong>Fases del proceso de identificaci\u00f3n<\/strong><\/h3>\n\n<p>El proceso de identificaci\u00f3n puede dividirse en tres fases distintas:<\/p>\n\n<h4 class=\"wp-block-heading\" id=\"1-screening-phase\"><strong>1. Fase de selecci\u00f3n<\/strong><\/h4>\n\n<p>El objetivo de esta fase es identificar un grupo de candidatos que demuestren una alta capacitaci\u00f3n potencial.<\/p>\n\n<ul class=\"wp-block-list\">\n<li><strong>Observaci\u00f3n en el aula<\/strong>\n<ul class=\"wp-block-list\">\n<li>Los educadores observan a los alumnos tanto en entornos acad\u00e9micos estructurados como en entornos de juego libre.<\/li>\n\n\n\n<li>Las observaciones se centran en rasgos como la creatividad, la capacidad para resolver problemas y la persistencia.<\/li>\n<\/ul>\n<\/li>\n\n\n\n<li><strong>Actividades multiculturales de enriquecimiento curricular<\/strong>\n<ul class=\"wp-block-list\">\n<li>Las actividades incluyen la narraci\u00f3n de cuentos y tareas de seguimiento (por ejemplo, retos art\u00edsticos, ling\u00fc\u00edsticos o matem\u00e1ticos).<\/li>\n\n\n\n<li>\u00c9stas ayudan a poner de relieve comportamientos y habilidades que no suelen mostrarse en las tareas tradicionales del aula.<\/li>\n<\/ul>\n<\/li>\n\n\n\n<li><strong>Prueba \u00abDibuja una persona\u00bb<\/strong>\n<ul class=\"wp-block-list\">\n<li>Una prueba estandarizada que eval\u00faa los niveles de desarrollo y la creatividad figurativa.<\/li>\n<\/ul>\n<\/li>\n\n\n\n<li><strong>Evaluaci\u00f3n de la cartera<\/strong>\n<ul class=\"wp-block-list\">\n<li>Los profesores recopilan ejemplos del trabajo de un alumno a lo largo del tiempo.<\/li>\n\n\n\n<li>Los padres contribuyen mediante tarjetas \u00abCu\u00e9ntame-lo-de-mi-ni\u00f1o\u00bb, en las que describen comportamientos o talentos observados en casa.<\/li>\n<\/ul>\n<\/li>\n\n\n\n<li><strong>Nombramientos de profesores<\/strong>\n<ul class=\"wp-block-list\">\n<li>Los profesores nominan a los alumnos bas\u00e1ndose en su juicio profesional y en sus observaciones.<\/li>\n<\/ul>\n<\/li>\n<\/ul>\n\n<p>Al final de esta fase, el equipo selecciona un amplio grupo de candidatos para su posterior evaluaci\u00f3n.<\/p>\n\n<h4 class=\"wp-block-heading\" id=\"2-diagnostic-assessment-phase\"><strong>2. Fase de evaluaci\u00f3n diagn\u00f3stica<\/strong><\/h4>\n\n<p>Esta fase implica pruebas m\u00e1s profundas e individualizadas para crear perfiles detallados de la alta capacitaci\u00f3n potencial.<\/p>\n\n<ul class=\"wp-block-list\">\n<li><strong>Evaluaci\u00f3n din\u00e1mica (Tarea Matriz)<\/strong>\n<ul class=\"wp-block-list\">\n<li>Basada en la \u00abzona de desarrollo pr\u00f3ximo\u00bb de Vygotsky, esta prueba eval\u00faa c\u00f3mo aprenden y aplican estrategias los alumnos cuando se les proporciona una orientaci\u00f3n m\u00ednima.<\/li>\n<\/ul>\n<\/li>\n\n\n\n<li><strong>Pruebas estandarizadas<\/strong>\n<ul class=\"wp-block-list\">\n<li><em>Test de vocabulario con im\u00e1genes de Peabody (PPVT)<\/em>: Mide el vocabulario receptivo.<\/li>\n\n\n\n<li><em>Test de Capacidad Matem\u00e1tica Temprana (TEMA)<\/em>: Eval\u00faa las habilidades y el pensamiento matem\u00e1ticos.<\/li>\n\n\n\n<li><em>Test de Capacidad Lectora Temprana (TERA)<\/em>: eval\u00faa las capacidades prelectoras y lectoras.<\/li>\n<\/ul>\n<\/li>\n\n\n\n<li><strong>Actividades basadas en la literatura<\/strong>\n<ul class=\"wp-block-list\">\n<li>Utilizando historias abiertas, los educadores eval\u00faan el razonamiento l\u00f3gico, la imaginaci\u00f3n y las respuestas emocionales.<\/li>\n<\/ul>\n<\/li>\n\n\n\n<li><strong>Entrevistas a ni\u00f1os<\/strong>\n<ul class=\"wp-block-list\">\n<li>Los alumnos comparten ideas sobre sus aspiraciones, procesos de pensamiento y conciencia metacognitiva.<\/li>\n<\/ul>\n<\/li>\n<\/ul>\n\n<p>Los resultados de esta fase incluyen un perfil acad\u00e9mico de cada candidato.<\/p>\n\n<h4 class=\"wp-block-heading\" id=\"3-case-study-and-placement-phase\"><strong>3. Estudio de casos y fase de pr\u00e1cticas<\/strong><\/h4>\n\n<p>Esta fase se centra en las decisiones finales sobre la colocaci\u00f3n y el apoyo a los alumnos identificados.<\/p>\n\n<ul class=\"wp-block-list\">\n<li><strong>Revisi\u00f3n de casos pr\u00e1cticos<\/strong>\n<ul class=\"wp-block-list\">\n<li>Un an\u00e1lisis exhaustivo de la cartera y los resultados de las pruebas de cada alumno.<\/li>\n\n\n\n<li>Las decisiones se basan en pruebas documentadas y no en puntuaciones compuestas.<\/li>\n<\/ul>\n<\/li>\n\n\n\n<li><strong>Opciones de colocaci\u00f3n<\/strong>\n<ul class=\"wp-block-list\">\n<li><em>Sin colocaci\u00f3n especial<\/em>: los alumnos pueden permanecer en aulas generales con supervisi\u00f3n continua.<\/li>\n\n\n\n<li><em>Servicios de transici\u00f3n<\/em>: Programas espec\u00edficos para ayudar a los alumnos a desarrollar capacidades latentes.<\/li>\n\n\n\n<li><em>Programas para alumnos con altas capacidades<\/em>: colocaci\u00f3n en clases especializadas para alumnos con estas caracter\u00edsticas.<\/li>\n<\/ul>\n<\/li>\n\n\n\n<li><strong>Participaci\u00f3n de los padres<\/strong>\n<ul class=\"wp-block-list\">\n<li>Se informa a los padres de los resultados y se les anima a participar en la trayectoria educativa de su hijo mediante talleres y un compromiso activo.<\/li>\n<\/ul>\n<\/li>\n<\/ul>\n\n<p><strong>Conclusi\u00f3n<\/strong><\/p>\n\n<p>Identificar a los alumnos altas capacidades requiere compromiso y un enfoque estructurado. centr\u00e1ndose en la observaci\u00f3n, las evaluaciones din\u00e1micas y las pr\u00e1cticas inclusivas, los educadores pueden garantizar que no se pase por alto a ning\u00fan alumno con un potencial excepcional. este proceso integral no s\u00f3lo identifica el talento, sino que tambi\u00e9n lo alimenta, sentando las bases para el aprendizaje y el \u00e9xito a lo largo de toda la vida.  <\/p>\n","protected":false},"excerpt":{"rendered":"<p>Los alumnos con altas capacidades poseen un potencial excepcional, pero identificarlos puede ser un proceso matizado y dif\u00edcil. esta gu\u00eda ofrece una explicaci\u00f3n clara y paso a paso de c\u00f3mo identificar a los j\u00f3venes que tienen potencialmente estas caracter\u00edsticas, detallando cada fase y las evaluaciones que implica. Comprender la alta capacitaci\u00f3n La alta capacitaci\u00f3n no [&hellip;]<\/p>\n","protected":false},"author":1,"featured_media":19076,"parent":15735,"menu_order":0,"comment_status":"closed","ping_status":"closed","template":"","meta":{"_acf_changed":false,"inline_featured_image":false,"footnotes":""},"group-interest":[],"class_list":["post-19078","page","type-page","status-publish","has-post-thumbnail","hentry"],"acf":[],"yoast_head":"<!-- This site is optimized with the Yoast SEO plugin v27.4 - https:\/\/yoast.com\/product\/yoast-seo-wordpress\/ -->\n<title>Identificaci\u00f3n de j\u00f3venes con altas capacidades: una gu\u00eda completa - Gifted HUB<\/title>\n<meta name=\"robots\" content=\"index, follow, max-snippet:-1, max-image-preview:large, max-video-preview:-1\" \/>\n<link rel=\"canonical\" href=\"https:\/\/gifted-hub.com\/es\/profesionales\/identificacion-de-jovenes-potencialmente-superdotados-una-guia-completa\/\" \/>\n<meta property=\"og:locale\" content=\"es_ES\" \/>\n<meta property=\"og:type\" content=\"article\" \/>\n<meta property=\"og:title\" content=\"Identificaci\u00f3n de j\u00f3venes con altas capacidades: una gu\u00eda completa - Gifted HUB\" \/>\n<meta property=\"og:description\" content=\"Los alumnos con altas capacidades poseen un potencial excepcional, pero identificarlos puede ser un proceso matizado y dif\u00edcil. esta gu\u00eda ofrece una explicaci\u00f3n clara y paso a paso de c\u00f3mo identificar a los j\u00f3venes que tienen potencialmente estas caracter\u00edsticas, detallando cada fase y las evaluaciones que implica. Comprender la alta capacitaci\u00f3n La alta capacitaci\u00f3n no [&hellip;]\" \/>\n<meta property=\"og:url\" content=\"https:\/\/gifted-hub.com\/es\/profesionales\/identificacion-de-jovenes-potencialmente-superdotados-una-guia-completa\/\" \/>\n<meta property=\"og:site_name\" content=\"Gifted HUB\" \/>\n<meta property=\"article:modified_time\" content=\"2025-04-21T22:17:15+00:00\" \/>\n<meta property=\"og:image\" content=\"https:\/\/gifted-hub.com\/wp-content\/uploads\/2025\/01\/5428830.jpeg\" \/>\n\t<meta property=\"og:image:width\" content=\"1600\" \/>\n\t<meta property=\"og:image:height\" content=\"1068\" \/>\n\t<meta property=\"og:image:type\" content=\"image\/jpeg\" \/>\n<meta name=\"twitter:card\" content=\"summary_large_image\" \/>\n<meta name=\"twitter:label1\" content=\"Tiempo de lectura\" \/>\n\t<meta name=\"twitter:data1\" content=\"4 minutos\" \/>\n<script type=\"application\/ld+json\" class=\"yoast-schema-graph\">{\"@context\":\"https:\\\/\\\/schema.org\",\"@graph\":[{\"@type\":\"WebPage\",\"@id\":\"https:\\\/\\\/gifted-hub.com\\\/es\\\/profesionales\\\/identificacion-de-jovenes-potencialmente-superdotados-una-guia-completa\\\/\",\"url\":\"https:\\\/\\\/gifted-hub.com\\\/es\\\/profesionales\\\/identificacion-de-jovenes-potencialmente-superdotados-una-guia-completa\\\/\",\"name\":\"Identificaci\u00f3n de j\u00f3venes con altas capacidades: una gu\u00eda completa - Gifted HUB\",\"isPartOf\":{\"@id\":\"https:\\\/\\\/gifted-hub.com\\\/es\\\/#website\"},\"primaryImageOfPage\":{\"@id\":\"https:\\\/\\\/gifted-hub.com\\\/es\\\/profesionales\\\/identificacion-de-jovenes-potencialmente-superdotados-una-guia-completa\\\/#primaryimage\"},\"image\":{\"@id\":\"https:\\\/\\\/gifted-hub.com\\\/es\\\/profesionales\\\/identificacion-de-jovenes-potencialmente-superdotados-una-guia-completa\\\/#primaryimage\"},\"thumbnailUrl\":\"https:\\\/\\\/gifted-hub.com\\\/wp-content\\\/uploads\\\/2025\\\/01\\\/5428830.jpeg\",\"datePublished\":\"2025-01-24T18:59:35+00:00\",\"dateModified\":\"2025-04-21T22:17:15+00:00\",\"breadcrumb\":{\"@id\":\"https:\\\/\\\/gifted-hub.com\\\/es\\\/profesionales\\\/identificacion-de-jovenes-potencialmente-superdotados-una-guia-completa\\\/#breadcrumb\"},\"inLanguage\":\"es\",\"potentialAction\":[{\"@type\":\"ReadAction\",\"target\":[\"https:\\\/\\\/gifted-hub.com\\\/es\\\/profesionales\\\/identificacion-de-jovenes-potencialmente-superdotados-una-guia-completa\\\/\"]}]},{\"@type\":\"ImageObject\",\"inLanguage\":\"es\",\"@id\":\"https:\\\/\\\/gifted-hub.com\\\/es\\\/profesionales\\\/identificacion-de-jovenes-potencialmente-superdotados-una-guia-completa\\\/#primaryimage\",\"url\":\"https:\\\/\\\/gifted-hub.com\\\/wp-content\\\/uploads\\\/2025\\\/01\\\/5428830.jpeg\",\"contentUrl\":\"https:\\\/\\\/gifted-hub.com\\\/wp-content\\\/uploads\\\/2025\\\/01\\\/5428830.jpeg\",\"width\":1600,\"height\":1068},{\"@type\":\"BreadcrumbList\",\"@id\":\"https:\\\/\\\/gifted-hub.com\\\/es\\\/profesionales\\\/identificacion-de-jovenes-potencialmente-superdotados-una-guia-completa\\\/#breadcrumb\",\"itemListElement\":[{\"@type\":\"ListItem\",\"position\":1,\"name\":\"Home\",\"item\":\"https:\\\/\\\/gifted-hub.com\\\/es\\\/inicio\\\/\"},{\"@type\":\"ListItem\",\"position\":2,\"name\":\"Profesionales\",\"item\":\"https:\\\/\\\/gifted-hub.com\\\/es\\\/profesionales\\\/\"},{\"@type\":\"ListItem\",\"position\":3,\"name\":\"Identificaci\u00f3n de j\u00f3venes con altas capacidades: una gu\u00eda completa\"}]},{\"@type\":\"WebSite\",\"@id\":\"https:\\\/\\\/gifted-hub.com\\\/es\\\/#website\",\"url\":\"https:\\\/\\\/gifted-hub.com\\\/es\\\/\",\"name\":\"Gifted HUB\",\"description\":\"Un espacio para las altas capacidades\",\"publisher\":{\"@id\":\"https:\\\/\\\/gifted-hub.com\\\/es\\\/#organization\"},\"potentialAction\":[{\"@type\":\"SearchAction\",\"target\":{\"@type\":\"EntryPoint\",\"urlTemplate\":\"https:\\\/\\\/gifted-hub.com\\\/es\\\/?s={search_term_string}\"},\"query-input\":{\"@type\":\"PropertyValueSpecification\",\"valueRequired\":true,\"valueName\":\"search_term_string\"}}],\"inLanguage\":\"es\"},{\"@type\":\"Organization\",\"@id\":\"https:\\\/\\\/gifted-hub.com\\\/es\\\/#organization\",\"name\":\"Gifted HUB\",\"url\":\"https:\\\/\\\/gifted-hub.com\\\/es\\\/\",\"logo\":{\"@type\":\"ImageObject\",\"inLanguage\":\"es\",\"@id\":\"https:\\\/\\\/gifted-hub.com\\\/es\\\/#\\\/schema\\\/logo\\\/image\\\/\",\"url\":\"https:\\\/\\\/gifted-hub.com\\\/wp-content\\\/uploads\\\/2024\\\/07\\\/logo-1.svg\",\"contentUrl\":\"https:\\\/\\\/gifted-hub.com\\\/wp-content\\\/uploads\\\/2024\\\/07\\\/logo-1.svg\",\"caption\":\"Gifted HUB\"},\"image\":{\"@id\":\"https:\\\/\\\/gifted-hub.com\\\/es\\\/#\\\/schema\\\/logo\\\/image\\\/\"}}]}<\/script>\n<!-- \/ Yoast SEO plugin. -->","yoast_head_json":{"title":"Identificaci\u00f3n de j\u00f3venes con altas capacidades: una gu\u00eda completa - Gifted HUB","robots":{"index":"index","follow":"follow","max-snippet":"max-snippet:-1","max-image-preview":"max-image-preview:large","max-video-preview":"max-video-preview:-1"},"canonical":"https:\/\/gifted-hub.com\/es\/profesionales\/identificacion-de-jovenes-potencialmente-superdotados-una-guia-completa\/","og_locale":"es_ES","og_type":"article","og_title":"Identificaci\u00f3n de j\u00f3venes con altas capacidades: una gu\u00eda completa - Gifted HUB","og_description":"Los alumnos con altas capacidades poseen un potencial excepcional, pero identificarlos puede ser un proceso matizado y dif\u00edcil. esta gu\u00eda ofrece una explicaci\u00f3n clara y paso a paso de c\u00f3mo identificar a los j\u00f3venes que tienen potencialmente estas caracter\u00edsticas, detallando cada fase y las evaluaciones que implica. Comprender la alta capacitaci\u00f3n La alta capacitaci\u00f3n no [&hellip;]","og_url":"https:\/\/gifted-hub.com\/es\/profesionales\/identificacion-de-jovenes-potencialmente-superdotados-una-guia-completa\/","og_site_name":"Gifted HUB","article_modified_time":"2025-04-21T22:17:15+00:00","og_image":[{"width":1600,"height":1068,"url":"https:\/\/gifted-hub.com\/wp-content\/uploads\/2025\/01\/5428830.jpeg","type":"image\/jpeg"}],"twitter_card":"summary_large_image","twitter_misc":{"Tiempo de lectura":"4 minutos"},"schema":{"@context":"https:\/\/schema.org","@graph":[{"@type":"WebPage","@id":"https:\/\/gifted-hub.com\/es\/profesionales\/identificacion-de-jovenes-potencialmente-superdotados-una-guia-completa\/","url":"https:\/\/gifted-hub.com\/es\/profesionales\/identificacion-de-jovenes-potencialmente-superdotados-una-guia-completa\/","name":"Identificaci\u00f3n de j\u00f3venes con altas capacidades: una gu\u00eda completa - Gifted HUB","isPartOf":{"@id":"https:\/\/gifted-hub.com\/es\/#website"},"primaryImageOfPage":{"@id":"https:\/\/gifted-hub.com\/es\/profesionales\/identificacion-de-jovenes-potencialmente-superdotados-una-guia-completa\/#primaryimage"},"image":{"@id":"https:\/\/gifted-hub.com\/es\/profesionales\/identificacion-de-jovenes-potencialmente-superdotados-una-guia-completa\/#primaryimage"},"thumbnailUrl":"https:\/\/gifted-hub.com\/wp-content\/uploads\/2025\/01\/5428830.jpeg","datePublished":"2025-01-24T18:59:35+00:00","dateModified":"2025-04-21T22:17:15+00:00","breadcrumb":{"@id":"https:\/\/gifted-hub.com\/es\/profesionales\/identificacion-de-jovenes-potencialmente-superdotados-una-guia-completa\/#breadcrumb"},"inLanguage":"es","potentialAction":[{"@type":"ReadAction","target":["https:\/\/gifted-hub.com\/es\/profesionales\/identificacion-de-jovenes-potencialmente-superdotados-una-guia-completa\/"]}]},{"@type":"ImageObject","inLanguage":"es","@id":"https:\/\/gifted-hub.com\/es\/profesionales\/identificacion-de-jovenes-potencialmente-superdotados-una-guia-completa\/#primaryimage","url":"https:\/\/gifted-hub.com\/wp-content\/uploads\/2025\/01\/5428830.jpeg","contentUrl":"https:\/\/gifted-hub.com\/wp-content\/uploads\/2025\/01\/5428830.jpeg","width":1600,"height":1068},{"@type":"BreadcrumbList","@id":"https:\/\/gifted-hub.com\/es\/profesionales\/identificacion-de-jovenes-potencialmente-superdotados-una-guia-completa\/#breadcrumb","itemListElement":[{"@type":"ListItem","position":1,"name":"Home","item":"https:\/\/gifted-hub.com\/es\/inicio\/"},{"@type":"ListItem","position":2,"name":"Profesionales","item":"https:\/\/gifted-hub.com\/es\/profesionales\/"},{"@type":"ListItem","position":3,"name":"Identificaci\u00f3n de j\u00f3venes con altas capacidades: una gu\u00eda completa"}]},{"@type":"WebSite","@id":"https:\/\/gifted-hub.com\/es\/#website","url":"https:\/\/gifted-hub.com\/es\/","name":"Gifted HUB","description":"Un espacio para las altas capacidades","publisher":{"@id":"https:\/\/gifted-hub.com\/es\/#organization"},"potentialAction":[{"@type":"SearchAction","target":{"@type":"EntryPoint","urlTemplate":"https:\/\/gifted-hub.com\/es\/?s={search_term_string}"},"query-input":{"@type":"PropertyValueSpecification","valueRequired":true,"valueName":"search_term_string"}}],"inLanguage":"es"},{"@type":"Organization","@id":"https:\/\/gifted-hub.com\/es\/#organization","name":"Gifted HUB","url":"https:\/\/gifted-hub.com\/es\/","logo":{"@type":"ImageObject","inLanguage":"es","@id":"https:\/\/gifted-hub.com\/es\/#\/schema\/logo\/image\/","url":"https:\/\/gifted-hub.com\/wp-content\/uploads\/2024\/07\/logo-1.svg","contentUrl":"https:\/\/gifted-hub.com\/wp-content\/uploads\/2024\/07\/logo-1.svg","caption":"Gifted HUB"},"image":{"@id":"https:\/\/gifted-hub.com\/es\/#\/schema\/logo\/image\/"}}]}},"_links":{"self":[{"href":"https:\/\/gifted-hub.com\/es\/wp-json\/wp\/v2\/pages\/19078","targetHints":{"allow":["GET"]}}],"collection":[{"href":"https:\/\/gifted-hub.com\/es\/wp-json\/wp\/v2\/pages"}],"about":[{"href":"https:\/\/gifted-hub.com\/es\/wp-json\/wp\/v2\/types\/page"}],"author":[{"embeddable":true,"href":"https:\/\/gifted-hub.com\/es\/wp-json\/wp\/v2\/users\/1"}],"replies":[{"embeddable":true,"href":"https:\/\/gifted-hub.com\/es\/wp-json\/wp\/v2\/comments?post=19078"}],"version-history":[{"count":5,"href":"https:\/\/gifted-hub.com\/es\/wp-json\/wp\/v2\/pages\/19078\/revisions"}],"predecessor-version":[{"id":19383,"href":"https:\/\/gifted-hub.com\/es\/wp-json\/wp\/v2\/pages\/19078\/revisions\/19383"}],"up":[{"embeddable":true,"href":"https:\/\/gifted-hub.com\/es\/wp-json\/wp\/v2\/pages\/15735"}],"wp:featuredmedia":[{"embeddable":true,"href":"https:\/\/gifted-hub.com\/es\/wp-json\/wp\/v2\/media\/19076"}],"wp:attachment":[{"href":"https:\/\/gifted-hub.com\/es\/wp-json\/wp\/v2\/media?parent=19078"}],"wp:term":[{"taxonomy":"group-interest","embeddable":true,"href":"https:\/\/gifted-hub.com\/es\/wp-json\/wp\/v2\/group-interest?post=19078"}],"curies":[{"name":"wp","href":"https:\/\/api.w.org\/{rel}","templated":true}]}}