{"id":18816,"date":"2024-12-31T17:21:46","date_gmt":"2024-12-31T17:21:46","guid":{"rendered":"https:\/\/gifted-hub.com\/profesores\/como-pueden-los-profesores-favorecer-a-los-alumnos-superdotados\/"},"modified":"2025-04-21T21:20:20","modified_gmt":"2025-04-21T21:20:20","slug":"como-pueden-los-profesores-favorecer-a-los-alumnos-superdotados","status":"publish","type":"page","link":"https:\/\/gifted-hub.com\/es\/profesores\/como-pueden-los-profesores-favorecer-a-los-alumnos-superdotados\/","title":{"rendered":"C\u00f3mo pueden los profesores favorecer a los alumnos con altas capacidades"},"content":{"rendered":"\n<p>Los profesores se encuentran a menudo navegando por las necesidades \u00fanicas de los alumnos con altas capacidades en sus aulas, pero este apoyo bienintencionado puede llevar a veces a favoritismos que afectan a todos los implicados. Estos alumnos pueden recibir un trato especial, como la asignaci\u00f3n de papeles de liderazgo, tareas adicionales o privilegios que otros no reciben. Aunque estas pr\u00e1cticas suelen tener como objetivo fomentar sus capacidades o ponerlos como ejemplo, pueden aislar involuntariamente a estos alumnos o crear un desequilibrio dentro del aula.  <\/p>\n\n<p>Este favoritismo suele surgir de la falta de formaci\u00f3n o de recursos para abordar las diversas necesidades de una clase. <strong>Los profesores pueden pensar que destacar las capacidades de este tipo de alumnos motivar\u00e1 a los dem\u00e1s, pero, en cambio, puede fomentar el resentimiento entre los compa\u00f1eros<\/strong>. Adem\u00e1s, existen pr\u00e1cticas poco flexibles que hace que se asignen a los alumnos con altas capacidades determinados papeles o actividades que pueden reforzar las etiquetas que limitan su crecimiento y los separan de sus compa\u00f1eros. As\u00ed mismo, intentar retar a los alumnos con tareas adicionales no suelen proporcionarles oportunidades significativas de desarrollo.  <\/p>\n\n<p>Las consecuencias de este tipo de enfoques son de gran alcance. Los estudiantes con altas capacidades pueden sentirse presionados para rendir constantemente a un nivel elevado, lo que puede generar estr\u00e9s y miedo al fracaso. Al mismo tiempo, sus compa\u00f1eros pueden sentirse infravalorados o excluidos, lo que rompe la armon\u00eda en el aula. Adem\u00e1s, el enfoque en los alumnos con talento puede dejar su potencial <a href=\"https:\/\/gifted-hub.com\/es\/profesores\/abordando-el-bajo-rendimiento-en-estudiantes-con-altas-capacidades\/\">sin desarrollar<\/a> si las tareas que se les asignan no les suponen un verdadero desaf\u00edo.   <\/p>\n\n<p>Un enfoque m\u00e1s reflexivo del apoyo a los alumnos con altas capacidades puede beneficiar a todos. En lugar de aislarlos mediante funciones o tareas especiales, los profesores pueden integrarlos en actividades inclusivas que permitan a todos los alumnos participar y crecer. Plantear retos que tengan sentido en lugar de ser repetitivos o superficiales ayuda a estos alumnos a prosperar sin crear divisiones innecesarias. Los profesores tambi\u00e9n pueden evitar el etiquetado r\u00edgido reconociendo y celebrando los diversos talentos dentro de sus aulas. <strong>La formaci\u00f3n y el apoyo a los educadores son esenciales<\/strong> para lograr estos objetivos, dot\u00e1ndoles de estrategias para crear un entorno de aprendizaje equilibrado en el que cada alumno se sienta valorado e inspirado.   <\/p>\n\n<p>Cuando las aulas se centran en la colaboraci\u00f3n y el crecimiento mutuo, se convierten en espacios donde los alumnos capacitados pueden sobresalir sin sentirse aislados y donde sus compa\u00f1eros tambi\u00e9n pueden encontrar oportunidades para brillar. Abordando las causas profundas del favoritismo y adoptando pr\u00e1cticas inclusivas y flexibles, los profesores pueden conseguir que sus aulas sean lugares de \u00e9xito y desarrollo compartidos. <\/p>\n","protected":false},"excerpt":{"rendered":"<p>Los profesores se encuentran a menudo navegando por las necesidades \u00fanicas de los alumnos con altas capacidades en sus aulas, pero este apoyo bienintencionado puede llevar a veces a favoritismos que afectan a todos los implicados. Estos alumnos pueden recibir un trato especial, como la asignaci\u00f3n de papeles de liderazgo, tareas adicionales o privilegios que [&hellip;]<\/p>\n","protected":false},"author":1,"featured_media":18796,"parent":15623,"menu_order":0,"comment_status":"closed","ping_status":"closed","template":"","meta":{"_acf_changed":false,"inline_featured_image":false,"footnotes":""},"group-interest":[181],"class_list":["post-18816","page","type-page","status-publish","has-post-thumbnail","hentry","group-interest-teachers-es"],"acf":[],"yoast_head":"<!-- This site is optimized with the Yoast SEO plugin v27.4 - https:\/\/yoast.com\/product\/yoast-seo-wordpress\/ -->\n<title>C\u00f3mo pueden los profesores favorecer a los alumnos con altas capacidades - Gifted HUB<\/title>\n<meta name=\"robots\" content=\"index, follow, max-snippet:-1, max-image-preview:large, max-video-preview:-1\" \/>\n<link rel=\"canonical\" href=\"https:\/\/gifted-hub.com\/es\/profesores\/como-pueden-los-profesores-favorecer-a-los-alumnos-superdotados\/\" \/>\n<meta property=\"og:locale\" content=\"es_ES\" \/>\n<meta property=\"og:type\" content=\"article\" \/>\n<meta property=\"og:title\" content=\"C\u00f3mo pueden los profesores favorecer a los alumnos con altas capacidades - Gifted HUB\" \/>\n<meta property=\"og:description\" content=\"Los profesores se encuentran a menudo navegando por las necesidades \u00fanicas de los alumnos con altas capacidades en sus aulas, pero este apoyo bienintencionado puede llevar a veces a favoritismos que afectan a todos los implicados. Estos alumnos pueden recibir un trato especial, como la asignaci\u00f3n de papeles de liderazgo, tareas adicionales o privilegios que [&hellip;]\" \/>\n<meta property=\"og:url\" content=\"https:\/\/gifted-hub.com\/es\/profesores\/como-pueden-los-profesores-favorecer-a-los-alumnos-superdotados\/\" \/>\n<meta property=\"og:site_name\" content=\"Gifted HUB\" \/>\n<meta property=\"article:modified_time\" content=\"2025-04-21T21:20:20+00:00\" \/>\n<meta property=\"og:image\" content=\"https:\/\/gifted-hub.com\/wp-content\/uploads\/2024\/12\/czisy8ai2ia.jpg\" \/>\n\t<meta property=\"og:image:width\" content=\"1600\" \/>\n\t<meta property=\"og:image:height\" content=\"1143\" \/>\n\t<meta property=\"og:image:type\" content=\"image\/jpeg\" \/>\n<meta name=\"twitter:card\" content=\"summary_large_image\" \/>\n<meta name=\"twitter:label1\" content=\"Tiempo de lectura\" \/>\n\t<meta name=\"twitter:data1\" content=\"2 minutos\" \/>\n<script type=\"application\/ld+json\" class=\"yoast-schema-graph\">{\"@context\":\"https:\\\/\\\/schema.org\",\"@graph\":[{\"@type\":\"WebPage\",\"@id\":\"https:\\\/\\\/gifted-hub.com\\\/es\\\/profesores\\\/como-pueden-los-profesores-favorecer-a-los-alumnos-superdotados\\\/\",\"url\":\"https:\\\/\\\/gifted-hub.com\\\/es\\\/profesores\\\/como-pueden-los-profesores-favorecer-a-los-alumnos-superdotados\\\/\",\"name\":\"C\u00f3mo pueden los profesores favorecer a los alumnos con altas capacidades - Gifted HUB\",\"isPartOf\":{\"@id\":\"https:\\\/\\\/gifted-hub.com\\\/es\\\/#website\"},\"primaryImageOfPage\":{\"@id\":\"https:\\\/\\\/gifted-hub.com\\\/es\\\/profesores\\\/como-pueden-los-profesores-favorecer-a-los-alumnos-superdotados\\\/#primaryimage\"},\"image\":{\"@id\":\"https:\\\/\\\/gifted-hub.com\\\/es\\\/profesores\\\/como-pueden-los-profesores-favorecer-a-los-alumnos-superdotados\\\/#primaryimage\"},\"thumbnailUrl\":\"https:\\\/\\\/gifted-hub.com\\\/wp-content\\\/uploads\\\/2024\\\/12\\\/czisy8ai2ia.jpg\",\"datePublished\":\"2024-12-31T17:21:46+00:00\",\"dateModified\":\"2025-04-21T21:20:20+00:00\",\"breadcrumb\":{\"@id\":\"https:\\\/\\\/gifted-hub.com\\\/es\\\/profesores\\\/como-pueden-los-profesores-favorecer-a-los-alumnos-superdotados\\\/#breadcrumb\"},\"inLanguage\":\"es\",\"potentialAction\":[{\"@type\":\"ReadAction\",\"target\":[\"https:\\\/\\\/gifted-hub.com\\\/es\\\/profesores\\\/como-pueden-los-profesores-favorecer-a-los-alumnos-superdotados\\\/\"]}]},{\"@type\":\"ImageObject\",\"inLanguage\":\"es\",\"@id\":\"https:\\\/\\\/gifted-hub.com\\\/es\\\/profesores\\\/como-pueden-los-profesores-favorecer-a-los-alumnos-superdotados\\\/#primaryimage\",\"url\":\"https:\\\/\\\/gifted-hub.com\\\/wp-content\\\/uploads\\\/2024\\\/12\\\/czisy8ai2ia.jpg\",\"contentUrl\":\"https:\\\/\\\/gifted-hub.com\\\/wp-content\\\/uploads\\\/2024\\\/12\\\/czisy8ai2ia.jpg\",\"width\":1600,\"height\":1143},{\"@type\":\"BreadcrumbList\",\"@id\":\"https:\\\/\\\/gifted-hub.com\\\/es\\\/profesores\\\/como-pueden-los-profesores-favorecer-a-los-alumnos-superdotados\\\/#breadcrumb\",\"itemListElement\":[{\"@type\":\"ListItem\",\"position\":1,\"name\":\"Home\",\"item\":\"https:\\\/\\\/gifted-hub.com\\\/es\\\/inicio\\\/\"},{\"@type\":\"ListItem\",\"position\":2,\"name\":\"Profesores\",\"item\":\"https:\\\/\\\/gifted-hub.com\\\/es\\\/profesores\\\/\"},{\"@type\":\"ListItem\",\"position\":3,\"name\":\"C\u00f3mo pueden los profesores favorecer a los alumnos con altas capacidades\"}]},{\"@type\":\"WebSite\",\"@id\":\"https:\\\/\\\/gifted-hub.com\\\/es\\\/#website\",\"url\":\"https:\\\/\\\/gifted-hub.com\\\/es\\\/\",\"name\":\"Gifted HUB\",\"description\":\"Un espacio para las altas capacidades\",\"publisher\":{\"@id\":\"https:\\\/\\\/gifted-hub.com\\\/es\\\/#organization\"},\"potentialAction\":[{\"@type\":\"SearchAction\",\"target\":{\"@type\":\"EntryPoint\",\"urlTemplate\":\"https:\\\/\\\/gifted-hub.com\\\/es\\\/?s={search_term_string}\"},\"query-input\":{\"@type\":\"PropertyValueSpecification\",\"valueRequired\":true,\"valueName\":\"search_term_string\"}}],\"inLanguage\":\"es\"},{\"@type\":\"Organization\",\"@id\":\"https:\\\/\\\/gifted-hub.com\\\/es\\\/#organization\",\"name\":\"Gifted HUB\",\"url\":\"https:\\\/\\\/gifted-hub.com\\\/es\\\/\",\"logo\":{\"@type\":\"ImageObject\",\"inLanguage\":\"es\",\"@id\":\"https:\\\/\\\/gifted-hub.com\\\/es\\\/#\\\/schema\\\/logo\\\/image\\\/\",\"url\":\"https:\\\/\\\/gifted-hub.com\\\/wp-content\\\/uploads\\\/2024\\\/07\\\/logo-1.svg\",\"contentUrl\":\"https:\\\/\\\/gifted-hub.com\\\/wp-content\\\/uploads\\\/2024\\\/07\\\/logo-1.svg\",\"caption\":\"Gifted HUB\"},\"image\":{\"@id\":\"https:\\\/\\\/gifted-hub.com\\\/es\\\/#\\\/schema\\\/logo\\\/image\\\/\"}}]}<\/script>\n<!-- \/ Yoast SEO plugin. -->","yoast_head_json":{"title":"C\u00f3mo pueden los profesores favorecer a los alumnos con altas capacidades - Gifted HUB","robots":{"index":"index","follow":"follow","max-snippet":"max-snippet:-1","max-image-preview":"max-image-preview:large","max-video-preview":"max-video-preview:-1"},"canonical":"https:\/\/gifted-hub.com\/es\/profesores\/como-pueden-los-profesores-favorecer-a-los-alumnos-superdotados\/","og_locale":"es_ES","og_type":"article","og_title":"C\u00f3mo pueden los profesores favorecer a los alumnos con altas capacidades - Gifted HUB","og_description":"Los profesores se encuentran a menudo navegando por las necesidades \u00fanicas de los alumnos con altas capacidades en sus aulas, pero este apoyo bienintencionado puede llevar a veces a favoritismos que afectan a todos los implicados. Estos alumnos pueden recibir un trato especial, como la asignaci\u00f3n de papeles de liderazgo, tareas adicionales o privilegios que [&hellip;]","og_url":"https:\/\/gifted-hub.com\/es\/profesores\/como-pueden-los-profesores-favorecer-a-los-alumnos-superdotados\/","og_site_name":"Gifted HUB","article_modified_time":"2025-04-21T21:20:20+00:00","og_image":[{"width":1600,"height":1143,"url":"https:\/\/gifted-hub.com\/wp-content\/uploads\/2024\/12\/czisy8ai2ia.jpg","type":"image\/jpeg"}],"twitter_card":"summary_large_image","twitter_misc":{"Tiempo de lectura":"2 minutos"},"schema":{"@context":"https:\/\/schema.org","@graph":[{"@type":"WebPage","@id":"https:\/\/gifted-hub.com\/es\/profesores\/como-pueden-los-profesores-favorecer-a-los-alumnos-superdotados\/","url":"https:\/\/gifted-hub.com\/es\/profesores\/como-pueden-los-profesores-favorecer-a-los-alumnos-superdotados\/","name":"C\u00f3mo pueden los profesores favorecer a los alumnos con altas capacidades - Gifted HUB","isPartOf":{"@id":"https:\/\/gifted-hub.com\/es\/#website"},"primaryImageOfPage":{"@id":"https:\/\/gifted-hub.com\/es\/profesores\/como-pueden-los-profesores-favorecer-a-los-alumnos-superdotados\/#primaryimage"},"image":{"@id":"https:\/\/gifted-hub.com\/es\/profesores\/como-pueden-los-profesores-favorecer-a-los-alumnos-superdotados\/#primaryimage"},"thumbnailUrl":"https:\/\/gifted-hub.com\/wp-content\/uploads\/2024\/12\/czisy8ai2ia.jpg","datePublished":"2024-12-31T17:21:46+00:00","dateModified":"2025-04-21T21:20:20+00:00","breadcrumb":{"@id":"https:\/\/gifted-hub.com\/es\/profesores\/como-pueden-los-profesores-favorecer-a-los-alumnos-superdotados\/#breadcrumb"},"inLanguage":"es","potentialAction":[{"@type":"ReadAction","target":["https:\/\/gifted-hub.com\/es\/profesores\/como-pueden-los-profesores-favorecer-a-los-alumnos-superdotados\/"]}]},{"@type":"ImageObject","inLanguage":"es","@id":"https:\/\/gifted-hub.com\/es\/profesores\/como-pueden-los-profesores-favorecer-a-los-alumnos-superdotados\/#primaryimage","url":"https:\/\/gifted-hub.com\/wp-content\/uploads\/2024\/12\/czisy8ai2ia.jpg","contentUrl":"https:\/\/gifted-hub.com\/wp-content\/uploads\/2024\/12\/czisy8ai2ia.jpg","width":1600,"height":1143},{"@type":"BreadcrumbList","@id":"https:\/\/gifted-hub.com\/es\/profesores\/como-pueden-los-profesores-favorecer-a-los-alumnos-superdotados\/#breadcrumb","itemListElement":[{"@type":"ListItem","position":1,"name":"Home","item":"https:\/\/gifted-hub.com\/es\/inicio\/"},{"@type":"ListItem","position":2,"name":"Profesores","item":"https:\/\/gifted-hub.com\/es\/profesores\/"},{"@type":"ListItem","position":3,"name":"C\u00f3mo pueden los profesores favorecer a los alumnos con altas capacidades"}]},{"@type":"WebSite","@id":"https:\/\/gifted-hub.com\/es\/#website","url":"https:\/\/gifted-hub.com\/es\/","name":"Gifted HUB","description":"Un espacio para las altas capacidades","publisher":{"@id":"https:\/\/gifted-hub.com\/es\/#organization"},"potentialAction":[{"@type":"SearchAction","target":{"@type":"EntryPoint","urlTemplate":"https:\/\/gifted-hub.com\/es\/?s={search_term_string}"},"query-input":{"@type":"PropertyValueSpecification","valueRequired":true,"valueName":"search_term_string"}}],"inLanguage":"es"},{"@type":"Organization","@id":"https:\/\/gifted-hub.com\/es\/#organization","name":"Gifted HUB","url":"https:\/\/gifted-hub.com\/es\/","logo":{"@type":"ImageObject","inLanguage":"es","@id":"https:\/\/gifted-hub.com\/es\/#\/schema\/logo\/image\/","url":"https:\/\/gifted-hub.com\/wp-content\/uploads\/2024\/07\/logo-1.svg","contentUrl":"https:\/\/gifted-hub.com\/wp-content\/uploads\/2024\/07\/logo-1.svg","caption":"Gifted HUB"},"image":{"@id":"https:\/\/gifted-hub.com\/es\/#\/schema\/logo\/image\/"}}]}},"_links":{"self":[{"href":"https:\/\/gifted-hub.com\/es\/wp-json\/wp\/v2\/pages\/18816","targetHints":{"allow":["GET"]}}],"collection":[{"href":"https:\/\/gifted-hub.com\/es\/wp-json\/wp\/v2\/pages"}],"about":[{"href":"https:\/\/gifted-hub.com\/es\/wp-json\/wp\/v2\/types\/page"}],"author":[{"embeddable":true,"href":"https:\/\/gifted-hub.com\/es\/wp-json\/wp\/v2\/users\/1"}],"replies":[{"embeddable":true,"href":"https:\/\/gifted-hub.com\/es\/wp-json\/wp\/v2\/comments?post=18816"}],"version-history":[{"count":3,"href":"https:\/\/gifted-hub.com\/es\/wp-json\/wp\/v2\/pages\/18816\/revisions"}],"predecessor-version":[{"id":19365,"href":"https:\/\/gifted-hub.com\/es\/wp-json\/wp\/v2\/pages\/18816\/revisions\/19365"}],"up":[{"embeddable":true,"href":"https:\/\/gifted-hub.com\/es\/wp-json\/wp\/v2\/pages\/15623"}],"wp:featuredmedia":[{"embeddable":true,"href":"https:\/\/gifted-hub.com\/es\/wp-json\/wp\/v2\/media\/18796"}],"wp:attachment":[{"href":"https:\/\/gifted-hub.com\/es\/wp-json\/wp\/v2\/media?parent=18816"}],"wp:term":[{"taxonomy":"group-interest","embeddable":true,"href":"https:\/\/gifted-hub.com\/es\/wp-json\/wp\/v2\/group-interest?post=18816"}],"curies":[{"name":"wp","href":"https:\/\/api.w.org\/{rel}","templated":true}]}}