{"id":18603,"date":"2024-12-08T22:11:48","date_gmt":"2024-12-08T22:11:48","guid":{"rendered":"https:\/\/gifted-hub.com\/familiares\/comprender-el-impacto-de-la-presion-parental-en-ninos-dotados\/"},"modified":"2025-04-21T22:06:32","modified_gmt":"2025-04-21T22:06:32","slug":"comprender-el-impacto-de-la-presion-parental-en-ninos-dotados","status":"publish","type":"page","link":"https:\/\/gifted-hub.com\/es\/familiares\/comprender-el-impacto-de-la-presion-parental-en-ninos-dotados\/","title":{"rendered":"Comprender el Impacto de la presi\u00f3n parental en ni\u00f1os con altas capacidades"},"content":{"rendered":"\n<p>La presi\u00f3n de los padres sobre los ni\u00f1os altas capacidades puede tener profundos efectos en su desarrollo emocional y acad\u00e9mico. Esta caracter\u00edstica se asocia a menudo con altas expectativas por parte de las familias y la sociedad, con la creencia de que estos ni\u00f1os deben sobresalir en todos los esfuerzos. Aunque los ni\u00f1os superdotados muestran notables capacidades en diversas \u00e1reas, como los conocimientos generales, las artes o la m\u00fasica, estas expectativas pueden suponer un estr\u00e9s importante para ellos.  <\/p>\n\n<p>Los estudios indican que los ni\u00f1os diagnosticados con habilidades generales tienden a percibir niveles m\u00e1s bajos de presi\u00f3n parental en comparaci\u00f3n con aquellos en artes o m\u00fasica. Esta discrepancia surge porque el \u00e9xito acad\u00e9mico es a menudo m\u00e1s cuantificable, mientras que los logros en artes y m\u00fasica pueden ser m\u00e1s subjetivos e impredecibles, lo que lleva a una mayor ansiedad. A pesar de sus talentos excepcionales, los ni\u00f1os con altas capacidades no son inmunes al fracaso, y este fracaso puede verse agravado por expectativas parentales poco realistas.  <\/p>\n\n<p><strong>Los padres juegan un papel crucial en la mitigaci\u00f3n de tales presiones.<\/strong> La participaci\u00f3n parental positiva, caracterizada por el est\u00edmulo en lugar de demandas excesivas, ha demostrado mejorar la motivaci\u00f3n acad\u00e9mica y el bienestar emocional de los ni\u00f1os. Por el contrario, un comportamiento parental opresivo puede resultar en una reducci\u00f3n de la autoestima y un aumento del estr\u00e9s, lo que potencialmente obstaculiza el rendimiento. Para fomentar un ambiente saludable, es esencial que los padres reconozcan la individualidad de los talentos de sus hijos y <a href=\"https:\/\/gifted-hub.com\/es\/profesores\/apoyando-y-motivando-a-los-ninos-dotados-en-la-escuela\/\">los apoyen<\/a> sin imponer expectativas indebidas.  <\/p>\n\n<p>Adem\u00e1s, las instituciones educativas que atienden a ni\u00f1os con alta capacitaci\u00f3n deben involucrar activamente a los padres, ofreciendo orientaci\u00f3n sobre c\u00f3mo gestionar las expectativas y nutrir el potencial de sus hijos de manera efectiva. Este enfoque no solo alivia la presi\u00f3n, sino que tambi\u00e9n ayuda a los ni\u00f1os dotados a prosperar en sus \u00e1reas \u00fanicas de fortaleza, ya sea acad\u00e9mica, art\u00edstica o musical. <\/p>\n\n<p>La comprensi\u00f3n y las expectativas equilibradas de los padres son clave para asegurar que estos ni\u00f1os puedan desarrollar sus habilidades en un entorno de apoyo, libre de los efectos perjudiciales de la presi\u00f3n excesiva. Al enfocarse en sus fortalezas y proporcionar apoyo personalizado, tanto los padres como los educadores pueden ayudar a estos ni\u00f1os a alcanzar su m\u00e1ximo potencial sin comprometer su bienestar emocional. <\/p>\n","protected":false},"excerpt":{"rendered":"<p>La presi\u00f3n de los padres sobre los ni\u00f1os altas capacidades puede tener profundos efectos en su desarrollo emocional y acad\u00e9mico. Esta caracter\u00edstica se asocia a menudo con altas expectativas por parte de las familias y la sociedad, con la creencia de que estos ni\u00f1os deben sobresalir en todos los esfuerzos. Aunque los ni\u00f1os superdotados muestran [&hellip;]<\/p>\n","protected":false},"author":1,"featured_media":18571,"parent":15250,"menu_order":0,"comment_status":"closed","ping_status":"closed","template":"","meta":{"_acf_changed":false,"inline_featured_image":false,"footnotes":""},"group-interest":[],"class_list":["post-18603","page","type-page","status-publish","has-post-thumbnail","hentry"],"acf":[],"yoast_head":"<!-- This site is optimized with the Yoast SEO plugin v27.4 - https:\/\/yoast.com\/product\/yoast-seo-wordpress\/ -->\n<title>Comprender el Impacto de la presi\u00f3n parental en ni\u00f1os con altas capacidades - Gifted HUB<\/title>\n<meta name=\"robots\" content=\"index, follow, max-snippet:-1, max-image-preview:large, max-video-preview:-1\" \/>\n<link rel=\"canonical\" href=\"https:\/\/gifted-hub.com\/es\/familiares\/comprender-el-impacto-de-la-presion-parental-en-ninos-dotados\/\" \/>\n<meta property=\"og:locale\" content=\"es_ES\" \/>\n<meta property=\"og:type\" content=\"article\" \/>\n<meta property=\"og:title\" content=\"Comprender el Impacto de la presi\u00f3n parental en ni\u00f1os con altas capacidades - Gifted HUB\" \/>\n<meta property=\"og:description\" content=\"La presi\u00f3n de los padres sobre los ni\u00f1os altas capacidades puede tener profundos efectos en su desarrollo emocional y acad\u00e9mico. Esta caracter\u00edstica se asocia a menudo con altas expectativas por parte de las familias y la sociedad, con la creencia de que estos ni\u00f1os deben sobresalir en todos los esfuerzos. Aunque los ni\u00f1os superdotados muestran [&hellip;]\" \/>\n<meta property=\"og:url\" content=\"https:\/\/gifted-hub.com\/es\/familiares\/comprender-el-impacto-de-la-presion-parental-en-ninos-dotados\/\" \/>\n<meta property=\"og:site_name\" content=\"Gifted HUB\" \/>\n<meta property=\"article:modified_time\" content=\"2025-04-21T22:06:32+00:00\" \/>\n<meta property=\"og:image\" content=\"https:\/\/gifted-hub.com\/wp-content\/uploads\/2024\/12\/7114752-e1733730387420.jpeg\" \/>\n\t<meta property=\"og:image:width\" content=\"800\" \/>\n\t<meta property=\"og:image:height\" content=\"1200\" \/>\n\t<meta property=\"og:image:type\" content=\"image\/jpeg\" \/>\n<meta name=\"twitter:card\" content=\"summary_large_image\" \/>\n<meta name=\"twitter:label1\" content=\"Tiempo de lectura\" \/>\n\t<meta name=\"twitter:data1\" content=\"2 minutos\" \/>\n<script type=\"application\/ld+json\" class=\"yoast-schema-graph\">{\"@context\":\"https:\\\/\\\/schema.org\",\"@graph\":[{\"@type\":\"WebPage\",\"@id\":\"https:\\\/\\\/gifted-hub.com\\\/es\\\/familiares\\\/comprender-el-impacto-de-la-presion-parental-en-ninos-dotados\\\/\",\"url\":\"https:\\\/\\\/gifted-hub.com\\\/es\\\/familiares\\\/comprender-el-impacto-de-la-presion-parental-en-ninos-dotados\\\/\",\"name\":\"Comprender el Impacto de la presi\u00f3n parental en ni\u00f1os con altas capacidades - Gifted HUB\",\"isPartOf\":{\"@id\":\"https:\\\/\\\/gifted-hub.com\\\/es\\\/#website\"},\"primaryImageOfPage\":{\"@id\":\"https:\\\/\\\/gifted-hub.com\\\/es\\\/familiares\\\/comprender-el-impacto-de-la-presion-parental-en-ninos-dotados\\\/#primaryimage\"},\"image\":{\"@id\":\"https:\\\/\\\/gifted-hub.com\\\/es\\\/familiares\\\/comprender-el-impacto-de-la-presion-parental-en-ninos-dotados\\\/#primaryimage\"},\"thumbnailUrl\":\"https:\\\/\\\/gifted-hub.com\\\/wp-content\\\/uploads\\\/2024\\\/12\\\/7114752-e1733730387420.jpeg\",\"datePublished\":\"2024-12-08T22:11:48+00:00\",\"dateModified\":\"2025-04-21T22:06:32+00:00\",\"breadcrumb\":{\"@id\":\"https:\\\/\\\/gifted-hub.com\\\/es\\\/familiares\\\/comprender-el-impacto-de-la-presion-parental-en-ninos-dotados\\\/#breadcrumb\"},\"inLanguage\":\"es\",\"potentialAction\":[{\"@type\":\"ReadAction\",\"target\":[\"https:\\\/\\\/gifted-hub.com\\\/es\\\/familiares\\\/comprender-el-impacto-de-la-presion-parental-en-ninos-dotados\\\/\"]}]},{\"@type\":\"ImageObject\",\"inLanguage\":\"es\",\"@id\":\"https:\\\/\\\/gifted-hub.com\\\/es\\\/familiares\\\/comprender-el-impacto-de-la-presion-parental-en-ninos-dotados\\\/#primaryimage\",\"url\":\"https:\\\/\\\/gifted-hub.com\\\/wp-content\\\/uploads\\\/2024\\\/12\\\/7114752-e1733730387420.jpeg\",\"contentUrl\":\"https:\\\/\\\/gifted-hub.com\\\/wp-content\\\/uploads\\\/2024\\\/12\\\/7114752-e1733730387420.jpeg\",\"width\":800,\"height\":1200},{\"@type\":\"BreadcrumbList\",\"@id\":\"https:\\\/\\\/gifted-hub.com\\\/es\\\/familiares\\\/comprender-el-impacto-de-la-presion-parental-en-ninos-dotados\\\/#breadcrumb\",\"itemListElement\":[{\"@type\":\"ListItem\",\"position\":1,\"name\":\"Home\",\"item\":\"https:\\\/\\\/gifted-hub.com\\\/es\\\/inicio\\\/\"},{\"@type\":\"ListItem\",\"position\":2,\"name\":\"Familiares\",\"item\":\"https:\\\/\\\/gifted-hub.com\\\/es\\\/familiares\\\/\"},{\"@type\":\"ListItem\",\"position\":3,\"name\":\"Comprender el Impacto de la presi\u00f3n parental en ni\u00f1os con altas capacidades\"}]},{\"@type\":\"WebSite\",\"@id\":\"https:\\\/\\\/gifted-hub.com\\\/es\\\/#website\",\"url\":\"https:\\\/\\\/gifted-hub.com\\\/es\\\/\",\"name\":\"Gifted HUB\",\"description\":\"Un espacio para las altas capacidades\",\"publisher\":{\"@id\":\"https:\\\/\\\/gifted-hub.com\\\/es\\\/#organization\"},\"potentialAction\":[{\"@type\":\"SearchAction\",\"target\":{\"@type\":\"EntryPoint\",\"urlTemplate\":\"https:\\\/\\\/gifted-hub.com\\\/es\\\/?s={search_term_string}\"},\"query-input\":{\"@type\":\"PropertyValueSpecification\",\"valueRequired\":true,\"valueName\":\"search_term_string\"}}],\"inLanguage\":\"es\"},{\"@type\":\"Organization\",\"@id\":\"https:\\\/\\\/gifted-hub.com\\\/es\\\/#organization\",\"name\":\"Gifted HUB\",\"url\":\"https:\\\/\\\/gifted-hub.com\\\/es\\\/\",\"logo\":{\"@type\":\"ImageObject\",\"inLanguage\":\"es\",\"@id\":\"https:\\\/\\\/gifted-hub.com\\\/es\\\/#\\\/schema\\\/logo\\\/image\\\/\",\"url\":\"https:\\\/\\\/gifted-hub.com\\\/wp-content\\\/uploads\\\/2024\\\/07\\\/logo-1.svg\",\"contentUrl\":\"https:\\\/\\\/gifted-hub.com\\\/wp-content\\\/uploads\\\/2024\\\/07\\\/logo-1.svg\",\"caption\":\"Gifted HUB\"},\"image\":{\"@id\":\"https:\\\/\\\/gifted-hub.com\\\/es\\\/#\\\/schema\\\/logo\\\/image\\\/\"}}]}<\/script>\n<!-- \/ Yoast SEO plugin. -->","yoast_head_json":{"title":"Comprender el Impacto de la presi\u00f3n parental en ni\u00f1os con altas capacidades - Gifted HUB","robots":{"index":"index","follow":"follow","max-snippet":"max-snippet:-1","max-image-preview":"max-image-preview:large","max-video-preview":"max-video-preview:-1"},"canonical":"https:\/\/gifted-hub.com\/es\/familiares\/comprender-el-impacto-de-la-presion-parental-en-ninos-dotados\/","og_locale":"es_ES","og_type":"article","og_title":"Comprender el Impacto de la presi\u00f3n parental en ni\u00f1os con altas capacidades - Gifted HUB","og_description":"La presi\u00f3n de los padres sobre los ni\u00f1os altas capacidades puede tener profundos efectos en su desarrollo emocional y acad\u00e9mico. Esta caracter\u00edstica se asocia a menudo con altas expectativas por parte de las familias y la sociedad, con la creencia de que estos ni\u00f1os deben sobresalir en todos los esfuerzos. Aunque los ni\u00f1os superdotados muestran [&hellip;]","og_url":"https:\/\/gifted-hub.com\/es\/familiares\/comprender-el-impacto-de-la-presion-parental-en-ninos-dotados\/","og_site_name":"Gifted HUB","article_modified_time":"2025-04-21T22:06:32+00:00","og_image":[{"width":800,"height":1200,"url":"https:\/\/gifted-hub.com\/wp-content\/uploads\/2024\/12\/7114752-e1733730387420.jpeg","type":"image\/jpeg"}],"twitter_card":"summary_large_image","twitter_misc":{"Tiempo de lectura":"2 minutos"},"schema":{"@context":"https:\/\/schema.org","@graph":[{"@type":"WebPage","@id":"https:\/\/gifted-hub.com\/es\/familiares\/comprender-el-impacto-de-la-presion-parental-en-ninos-dotados\/","url":"https:\/\/gifted-hub.com\/es\/familiares\/comprender-el-impacto-de-la-presion-parental-en-ninos-dotados\/","name":"Comprender el Impacto de la presi\u00f3n parental en ni\u00f1os con altas capacidades - Gifted HUB","isPartOf":{"@id":"https:\/\/gifted-hub.com\/es\/#website"},"primaryImageOfPage":{"@id":"https:\/\/gifted-hub.com\/es\/familiares\/comprender-el-impacto-de-la-presion-parental-en-ninos-dotados\/#primaryimage"},"image":{"@id":"https:\/\/gifted-hub.com\/es\/familiares\/comprender-el-impacto-de-la-presion-parental-en-ninos-dotados\/#primaryimage"},"thumbnailUrl":"https:\/\/gifted-hub.com\/wp-content\/uploads\/2024\/12\/7114752-e1733730387420.jpeg","datePublished":"2024-12-08T22:11:48+00:00","dateModified":"2025-04-21T22:06:32+00:00","breadcrumb":{"@id":"https:\/\/gifted-hub.com\/es\/familiares\/comprender-el-impacto-de-la-presion-parental-en-ninos-dotados\/#breadcrumb"},"inLanguage":"es","potentialAction":[{"@type":"ReadAction","target":["https:\/\/gifted-hub.com\/es\/familiares\/comprender-el-impacto-de-la-presion-parental-en-ninos-dotados\/"]}]},{"@type":"ImageObject","inLanguage":"es","@id":"https:\/\/gifted-hub.com\/es\/familiares\/comprender-el-impacto-de-la-presion-parental-en-ninos-dotados\/#primaryimage","url":"https:\/\/gifted-hub.com\/wp-content\/uploads\/2024\/12\/7114752-e1733730387420.jpeg","contentUrl":"https:\/\/gifted-hub.com\/wp-content\/uploads\/2024\/12\/7114752-e1733730387420.jpeg","width":800,"height":1200},{"@type":"BreadcrumbList","@id":"https:\/\/gifted-hub.com\/es\/familiares\/comprender-el-impacto-de-la-presion-parental-en-ninos-dotados\/#breadcrumb","itemListElement":[{"@type":"ListItem","position":1,"name":"Home","item":"https:\/\/gifted-hub.com\/es\/inicio\/"},{"@type":"ListItem","position":2,"name":"Familiares","item":"https:\/\/gifted-hub.com\/es\/familiares\/"},{"@type":"ListItem","position":3,"name":"Comprender el Impacto de la presi\u00f3n parental en ni\u00f1os con altas capacidades"}]},{"@type":"WebSite","@id":"https:\/\/gifted-hub.com\/es\/#website","url":"https:\/\/gifted-hub.com\/es\/","name":"Gifted HUB","description":"Un espacio para las altas capacidades","publisher":{"@id":"https:\/\/gifted-hub.com\/es\/#organization"},"potentialAction":[{"@type":"SearchAction","target":{"@type":"EntryPoint","urlTemplate":"https:\/\/gifted-hub.com\/es\/?s={search_term_string}"},"query-input":{"@type":"PropertyValueSpecification","valueRequired":true,"valueName":"search_term_string"}}],"inLanguage":"es"},{"@type":"Organization","@id":"https:\/\/gifted-hub.com\/es\/#organization","name":"Gifted HUB","url":"https:\/\/gifted-hub.com\/es\/","logo":{"@type":"ImageObject","inLanguage":"es","@id":"https:\/\/gifted-hub.com\/es\/#\/schema\/logo\/image\/","url":"https:\/\/gifted-hub.com\/wp-content\/uploads\/2024\/07\/logo-1.svg","contentUrl":"https:\/\/gifted-hub.com\/wp-content\/uploads\/2024\/07\/logo-1.svg","caption":"Gifted HUB"},"image":{"@id":"https:\/\/gifted-hub.com\/es\/#\/schema\/logo\/image\/"}}]}},"_links":{"self":[{"href":"https:\/\/gifted-hub.com\/es\/wp-json\/wp\/v2\/pages\/18603","targetHints":{"allow":["GET"]}}],"collection":[{"href":"https:\/\/gifted-hub.com\/es\/wp-json\/wp\/v2\/pages"}],"about":[{"href":"https:\/\/gifted-hub.com\/es\/wp-json\/wp\/v2\/types\/page"}],"author":[{"embeddable":true,"href":"https:\/\/gifted-hub.com\/es\/wp-json\/wp\/v2\/users\/1"}],"replies":[{"embeddable":true,"href":"https:\/\/gifted-hub.com\/es\/wp-json\/wp\/v2\/comments?post=18603"}],"version-history":[{"count":3,"href":"https:\/\/gifted-hub.com\/es\/wp-json\/wp\/v2\/pages\/18603\/revisions"}],"predecessor-version":[{"id":19381,"href":"https:\/\/gifted-hub.com\/es\/wp-json\/wp\/v2\/pages\/18603\/revisions\/19381"}],"up":[{"embeddable":true,"href":"https:\/\/gifted-hub.com\/es\/wp-json\/wp\/v2\/pages\/15250"}],"wp:featuredmedia":[{"embeddable":true,"href":"https:\/\/gifted-hub.com\/es\/wp-json\/wp\/v2\/media\/18571"}],"wp:attachment":[{"href":"https:\/\/gifted-hub.com\/es\/wp-json\/wp\/v2\/media?parent=18603"}],"wp:term":[{"taxonomy":"group-interest","embeddable":true,"href":"https:\/\/gifted-hub.com\/es\/wp-json\/wp\/v2\/group-interest?post=18603"}],"curies":[{"name":"wp","href":"https:\/\/api.w.org\/{rel}","templated":true}]}}