{"id":18410,"date":"2024-11-20T23:21:16","date_gmt":"2024-11-20T23:21:16","guid":{"rendered":"https:\/\/gifted-hub.com\/familiares\/el-papel-de-las-actividades-extracurriculares-de-stem-para-ninos-con-doble-excepcionalidad\/"},"modified":"2025-04-21T22:20:59","modified_gmt":"2025-04-21T22:20:59","slug":"el-papel-de-las-actividades-extracurriculares-de-stem-para-ninos-con-doble-excepcionalidad","status":"publish","type":"page","link":"https:\/\/gifted-hub.com\/es\/familiares\/el-papel-de-las-actividades-extracurriculares-de-stem-para-ninos-con-doble-excepcionalidad\/","title":{"rendered":"El papel de las actividades extracurriculares de STEM para ni\u00f1os con doble excepcionalidad"},"content":{"rendered":"\n<p>La doble excepcionalidad se refiere a los ni\u00f1os que tienen altas capacidades y a la vez se enfrentan a retos como dificultades de aprendizaje, <a href=\"https:\/\/gifted-hub.com\/es\/profesionales\/superdotacion-y-tdah-en-ninos-diferencias-diagnostico-dual-y-diagnostico-erroneo\/\">TDAH<\/a> u otras afecciones que requieren un apoyo especial. Estos ni\u00f1os poseen puntos fuertes extraordinarios, pero pueden tener dificultades en los entornos educativos tradicionales, por lo que es esencial encontrar oportunidades que se adapten tanto a sus talentos como a sus necesidades. Las actividades extraescolares STEM -como la rob\u00f3tica, los clubes de codificaci\u00f3n, las competiciones matem\u00e1ticas y las olimpiadas cient\u00edficas- proporcionan una plataforma excelente para que los ni\u00f1os doblemente excepcionales prosperen. Estos programas no s\u00f3lo mejoran las habilidades avanzadas en ciencia, tecnolog\u00eda, ingenier\u00eda y matem\u00e1ticas, sino que tambi\u00e9n fomentan la colaboraci\u00f3n, la resoluci\u00f3n de problemas y la creatividad en un entorno atractivo y de apoyo.   <\/p>\n\n<p>Los programas STEM ofrecen un espacio seguro para que los ni\u00f1os con doble excepcionalidad exploren sus intereses y desarrollen su confianza. Al centrarse en sus fortalezas, estas actividades pueden mejorar el autoconcepto y crear una base para resultados acad\u00e9micos y sociales positivos. A trav\u00e9s del trabajo en equipo o proyectos individuales, los ni\u00f1os pueden conectarse con compa\u00f1eros que comparten pasiones similares, ganando un sentido de pertenencia que puede faltar en otros aspectos de sus vidas. Adem\u00e1s, la flexibilidad y adaptabilidad de muchos programas STEM los hacen particularmente adecuados para abordar los desaf\u00edos espec\u00edficos que los ni\u00f1os con doble excepcionalidad pueden encontrar, como sensibilidades sensoriales o la necesidad de adaptaciones.   <\/p>\n\n<p>Elegir la actividad STEM adecuada implica considerar los intereses, fortalezas y niveles de comodidad del ni\u00f1o. Los padres deben explorar programas que se alineen con las pasiones de su hijo y proporcionen el equilibrio adecuado de desaf\u00edo y apoyo. Investigar las opciones locales, visitar reuniones de clubes o hablar con los patrocinadores del programa puede ayudar a identificar la mejor opci\u00f3n. Los factores clave a evaluar incluyen el contenido del programa, las habilidades que enfatiza y el entorno general. Por ejemplo, un equipo de rob\u00f3tica podr\u00eda ser adecuado para un ni\u00f1o que disfruta resolviendo problemas y proyectos pr\u00e1cticos, mientras que un club de codificaci\u00f3n podr\u00eda ser ideal para alguien que prospera en tareas creativas y enfocadas.    <\/p>\n\n<p>En \u00faltima instancia, el objetivo es encontrar un programa que celebre las habilidades \u00fanicas de los ni\u00f1os con doble excepcionalidad mientras les ayuda a superar barreras. Los padres deben colaborar con los entrenadores o patrocinadores para asegurar que el entorno sea flexible y propicio para el \u00e9xito. Las actividades extracurriculares de STEM pueden crear experiencias que cambian la vida, equipando a estos ni\u00f1os con habilidades valiosas y recuerdos que apoyan su crecimiento. Al elegir la actividad adecuada y alentar a su hijo a explorar nuevas oportunidades, los padres pueden desbloquear el potencial completo de los aprendices con doble excepcionalidad de maneras que son tanto significativas como divertidas.   <\/p>\n","protected":false},"excerpt":{"rendered":"<p>La doble excepcionalidad se refiere a los ni\u00f1os que tienen altas capacidades y a la vez se enfrentan a retos como dificultades de aprendizaje, TDAH u otras afecciones que requieren un apoyo especial. Estos ni\u00f1os poseen puntos fuertes extraordinarios, pero pueden tener dificultades en los entornos educativos tradicionales, por lo que es esencial encontrar oportunidades [&hellip;]<\/p>\n","protected":false},"author":1,"featured_media":18421,"parent":15250,"menu_order":0,"comment_status":"closed","ping_status":"closed","template":"","meta":{"_acf_changed":false,"inline_featured_image":false,"footnotes":""},"group-interest":[179],"class_list":["post-18410","page","type-page","status-publish","has-post-thumbnail","hentry","group-interest-family-es"],"acf":[],"yoast_head":"<!-- This site is optimized with the Yoast SEO plugin v27.4 - https:\/\/yoast.com\/product\/yoast-seo-wordpress\/ -->\n<title>El papel de las actividades extracurriculares de STEM para ni\u00f1os con doble excepcionalidad - Gifted HUB<\/title>\n<meta name=\"robots\" content=\"index, follow, max-snippet:-1, max-image-preview:large, max-video-preview:-1\" \/>\n<link rel=\"canonical\" href=\"https:\/\/gifted-hub.com\/es\/familiares\/el-papel-de-las-actividades-extracurriculares-de-stem-para-ninos-con-doble-excepcionalidad\/\" \/>\n<meta property=\"og:locale\" content=\"es_ES\" \/>\n<meta property=\"og:type\" content=\"article\" \/>\n<meta property=\"og:title\" content=\"El papel de las actividades extracurriculares de STEM para ni\u00f1os con doble excepcionalidad - Gifted HUB\" \/>\n<meta property=\"og:description\" content=\"La doble excepcionalidad se refiere a los ni\u00f1os que tienen altas capacidades y a la vez se enfrentan a retos como dificultades de aprendizaje, TDAH u otras afecciones que requieren un apoyo especial. Estos ni\u00f1os poseen puntos fuertes extraordinarios, pero pueden tener dificultades en los entornos educativos tradicionales, por lo que es esencial encontrar oportunidades [&hellip;]\" \/>\n<meta property=\"og:url\" content=\"https:\/\/gifted-hub.com\/es\/familiares\/el-papel-de-las-actividades-extracurriculares-de-stem-para-ninos-con-doble-excepcionalidad\/\" \/>\n<meta property=\"og:site_name\" content=\"Gifted HUB\" \/>\n<meta property=\"article:modified_time\" content=\"2025-04-21T22:20:59+00:00\" \/>\n<meta property=\"og:image\" content=\"https:\/\/gifted-hub.com\/wp-content\/uploads\/2024\/11\/7868890.jpeg\" \/>\n\t<meta property=\"og:image:width\" content=\"1600\" \/>\n\t<meta property=\"og:image:height\" content=\"1067\" \/>\n\t<meta property=\"og:image:type\" content=\"image\/jpeg\" \/>\n<meta name=\"twitter:card\" content=\"summary_large_image\" \/>\n<meta name=\"twitter:label1\" content=\"Tiempo de lectura\" \/>\n\t<meta name=\"twitter:data1\" content=\"2 minutos\" \/>\n<script type=\"application\/ld+json\" class=\"yoast-schema-graph\">{\"@context\":\"https:\\\/\\\/schema.org\",\"@graph\":[{\"@type\":\"WebPage\",\"@id\":\"https:\\\/\\\/gifted-hub.com\\\/es\\\/familiares\\\/el-papel-de-las-actividades-extracurriculares-de-stem-para-ninos-con-doble-excepcionalidad\\\/\",\"url\":\"https:\\\/\\\/gifted-hub.com\\\/es\\\/familiares\\\/el-papel-de-las-actividades-extracurriculares-de-stem-para-ninos-con-doble-excepcionalidad\\\/\",\"name\":\"El papel de las actividades extracurriculares de STEM para ni\u00f1os con doble excepcionalidad - Gifted HUB\",\"isPartOf\":{\"@id\":\"https:\\\/\\\/gifted-hub.com\\\/es\\\/#website\"},\"primaryImageOfPage\":{\"@id\":\"https:\\\/\\\/gifted-hub.com\\\/es\\\/familiares\\\/el-papel-de-las-actividades-extracurriculares-de-stem-para-ninos-con-doble-excepcionalidad\\\/#primaryimage\"},\"image\":{\"@id\":\"https:\\\/\\\/gifted-hub.com\\\/es\\\/familiares\\\/el-papel-de-las-actividades-extracurriculares-de-stem-para-ninos-con-doble-excepcionalidad\\\/#primaryimage\"},\"thumbnailUrl\":\"https:\\\/\\\/gifted-hub.com\\\/wp-content\\\/uploads\\\/2024\\\/11\\\/7868890.jpeg\",\"datePublished\":\"2024-11-20T23:21:16+00:00\",\"dateModified\":\"2025-04-21T22:20:59+00:00\",\"breadcrumb\":{\"@id\":\"https:\\\/\\\/gifted-hub.com\\\/es\\\/familiares\\\/el-papel-de-las-actividades-extracurriculares-de-stem-para-ninos-con-doble-excepcionalidad\\\/#breadcrumb\"},\"inLanguage\":\"es\",\"potentialAction\":[{\"@type\":\"ReadAction\",\"target\":[\"https:\\\/\\\/gifted-hub.com\\\/es\\\/familiares\\\/el-papel-de-las-actividades-extracurriculares-de-stem-para-ninos-con-doble-excepcionalidad\\\/\"]}]},{\"@type\":\"ImageObject\",\"inLanguage\":\"es\",\"@id\":\"https:\\\/\\\/gifted-hub.com\\\/es\\\/familiares\\\/el-papel-de-las-actividades-extracurriculares-de-stem-para-ninos-con-doble-excepcionalidad\\\/#primaryimage\",\"url\":\"https:\\\/\\\/gifted-hub.com\\\/wp-content\\\/uploads\\\/2024\\\/11\\\/7868890.jpeg\",\"contentUrl\":\"https:\\\/\\\/gifted-hub.com\\\/wp-content\\\/uploads\\\/2024\\\/11\\\/7868890.jpeg\",\"width\":1600,\"height\":1067},{\"@type\":\"BreadcrumbList\",\"@id\":\"https:\\\/\\\/gifted-hub.com\\\/es\\\/familiares\\\/el-papel-de-las-actividades-extracurriculares-de-stem-para-ninos-con-doble-excepcionalidad\\\/#breadcrumb\",\"itemListElement\":[{\"@type\":\"ListItem\",\"position\":1,\"name\":\"Home\",\"item\":\"https:\\\/\\\/gifted-hub.com\\\/es\\\/inicio\\\/\"},{\"@type\":\"ListItem\",\"position\":2,\"name\":\"Familiares\",\"item\":\"https:\\\/\\\/gifted-hub.com\\\/es\\\/familiares\\\/\"},{\"@type\":\"ListItem\",\"position\":3,\"name\":\"El papel de las actividades extracurriculares de STEM para ni\u00f1os con doble excepcionalidad\"}]},{\"@type\":\"WebSite\",\"@id\":\"https:\\\/\\\/gifted-hub.com\\\/es\\\/#website\",\"url\":\"https:\\\/\\\/gifted-hub.com\\\/es\\\/\",\"name\":\"Gifted HUB\",\"description\":\"Un espacio para las altas capacidades\",\"publisher\":{\"@id\":\"https:\\\/\\\/gifted-hub.com\\\/es\\\/#organization\"},\"potentialAction\":[{\"@type\":\"SearchAction\",\"target\":{\"@type\":\"EntryPoint\",\"urlTemplate\":\"https:\\\/\\\/gifted-hub.com\\\/es\\\/?s={search_term_string}\"},\"query-input\":{\"@type\":\"PropertyValueSpecification\",\"valueRequired\":true,\"valueName\":\"search_term_string\"}}],\"inLanguage\":\"es\"},{\"@type\":\"Organization\",\"@id\":\"https:\\\/\\\/gifted-hub.com\\\/es\\\/#organization\",\"name\":\"Gifted HUB\",\"url\":\"https:\\\/\\\/gifted-hub.com\\\/es\\\/\",\"logo\":{\"@type\":\"ImageObject\",\"inLanguage\":\"es\",\"@id\":\"https:\\\/\\\/gifted-hub.com\\\/es\\\/#\\\/schema\\\/logo\\\/image\\\/\",\"url\":\"https:\\\/\\\/gifted-hub.com\\\/wp-content\\\/uploads\\\/2024\\\/07\\\/logo-1.svg\",\"contentUrl\":\"https:\\\/\\\/gifted-hub.com\\\/wp-content\\\/uploads\\\/2024\\\/07\\\/logo-1.svg\",\"caption\":\"Gifted HUB\"},\"image\":{\"@id\":\"https:\\\/\\\/gifted-hub.com\\\/es\\\/#\\\/schema\\\/logo\\\/image\\\/\"}}]}<\/script>\n<!-- \/ Yoast SEO plugin. -->","yoast_head_json":{"title":"El papel de las actividades extracurriculares de STEM para ni\u00f1os con doble excepcionalidad - Gifted HUB","robots":{"index":"index","follow":"follow","max-snippet":"max-snippet:-1","max-image-preview":"max-image-preview:large","max-video-preview":"max-video-preview:-1"},"canonical":"https:\/\/gifted-hub.com\/es\/familiares\/el-papel-de-las-actividades-extracurriculares-de-stem-para-ninos-con-doble-excepcionalidad\/","og_locale":"es_ES","og_type":"article","og_title":"El papel de las actividades extracurriculares de STEM para ni\u00f1os con doble excepcionalidad - Gifted HUB","og_description":"La doble excepcionalidad se refiere a los ni\u00f1os que tienen altas capacidades y a la vez se enfrentan a retos como dificultades de aprendizaje, TDAH u otras afecciones que requieren un apoyo especial. Estos ni\u00f1os poseen puntos fuertes extraordinarios, pero pueden tener dificultades en los entornos educativos tradicionales, por lo que es esencial encontrar oportunidades [&hellip;]","og_url":"https:\/\/gifted-hub.com\/es\/familiares\/el-papel-de-las-actividades-extracurriculares-de-stem-para-ninos-con-doble-excepcionalidad\/","og_site_name":"Gifted HUB","article_modified_time":"2025-04-21T22:20:59+00:00","og_image":[{"width":1600,"height":1067,"url":"https:\/\/gifted-hub.com\/wp-content\/uploads\/2024\/11\/7868890.jpeg","type":"image\/jpeg"}],"twitter_card":"summary_large_image","twitter_misc":{"Tiempo de lectura":"2 minutos"},"schema":{"@context":"https:\/\/schema.org","@graph":[{"@type":"WebPage","@id":"https:\/\/gifted-hub.com\/es\/familiares\/el-papel-de-las-actividades-extracurriculares-de-stem-para-ninos-con-doble-excepcionalidad\/","url":"https:\/\/gifted-hub.com\/es\/familiares\/el-papel-de-las-actividades-extracurriculares-de-stem-para-ninos-con-doble-excepcionalidad\/","name":"El papel de las actividades extracurriculares de STEM para ni\u00f1os con doble excepcionalidad - Gifted HUB","isPartOf":{"@id":"https:\/\/gifted-hub.com\/es\/#website"},"primaryImageOfPage":{"@id":"https:\/\/gifted-hub.com\/es\/familiares\/el-papel-de-las-actividades-extracurriculares-de-stem-para-ninos-con-doble-excepcionalidad\/#primaryimage"},"image":{"@id":"https:\/\/gifted-hub.com\/es\/familiares\/el-papel-de-las-actividades-extracurriculares-de-stem-para-ninos-con-doble-excepcionalidad\/#primaryimage"},"thumbnailUrl":"https:\/\/gifted-hub.com\/wp-content\/uploads\/2024\/11\/7868890.jpeg","datePublished":"2024-11-20T23:21:16+00:00","dateModified":"2025-04-21T22:20:59+00:00","breadcrumb":{"@id":"https:\/\/gifted-hub.com\/es\/familiares\/el-papel-de-las-actividades-extracurriculares-de-stem-para-ninos-con-doble-excepcionalidad\/#breadcrumb"},"inLanguage":"es","potentialAction":[{"@type":"ReadAction","target":["https:\/\/gifted-hub.com\/es\/familiares\/el-papel-de-las-actividades-extracurriculares-de-stem-para-ninos-con-doble-excepcionalidad\/"]}]},{"@type":"ImageObject","inLanguage":"es","@id":"https:\/\/gifted-hub.com\/es\/familiares\/el-papel-de-las-actividades-extracurriculares-de-stem-para-ninos-con-doble-excepcionalidad\/#primaryimage","url":"https:\/\/gifted-hub.com\/wp-content\/uploads\/2024\/11\/7868890.jpeg","contentUrl":"https:\/\/gifted-hub.com\/wp-content\/uploads\/2024\/11\/7868890.jpeg","width":1600,"height":1067},{"@type":"BreadcrumbList","@id":"https:\/\/gifted-hub.com\/es\/familiares\/el-papel-de-las-actividades-extracurriculares-de-stem-para-ninos-con-doble-excepcionalidad\/#breadcrumb","itemListElement":[{"@type":"ListItem","position":1,"name":"Home","item":"https:\/\/gifted-hub.com\/es\/inicio\/"},{"@type":"ListItem","position":2,"name":"Familiares","item":"https:\/\/gifted-hub.com\/es\/familiares\/"},{"@type":"ListItem","position":3,"name":"El papel de las actividades extracurriculares de STEM para ni\u00f1os con doble excepcionalidad"}]},{"@type":"WebSite","@id":"https:\/\/gifted-hub.com\/es\/#website","url":"https:\/\/gifted-hub.com\/es\/","name":"Gifted HUB","description":"Un espacio para las altas capacidades","publisher":{"@id":"https:\/\/gifted-hub.com\/es\/#organization"},"potentialAction":[{"@type":"SearchAction","target":{"@type":"EntryPoint","urlTemplate":"https:\/\/gifted-hub.com\/es\/?s={search_term_string}"},"query-input":{"@type":"PropertyValueSpecification","valueRequired":true,"valueName":"search_term_string"}}],"inLanguage":"es"},{"@type":"Organization","@id":"https:\/\/gifted-hub.com\/es\/#organization","name":"Gifted HUB","url":"https:\/\/gifted-hub.com\/es\/","logo":{"@type":"ImageObject","inLanguage":"es","@id":"https:\/\/gifted-hub.com\/es\/#\/schema\/logo\/image\/","url":"https:\/\/gifted-hub.com\/wp-content\/uploads\/2024\/07\/logo-1.svg","contentUrl":"https:\/\/gifted-hub.com\/wp-content\/uploads\/2024\/07\/logo-1.svg","caption":"Gifted HUB"},"image":{"@id":"https:\/\/gifted-hub.com\/es\/#\/schema\/logo\/image\/"}}]}},"_links":{"self":[{"href":"https:\/\/gifted-hub.com\/es\/wp-json\/wp\/v2\/pages\/18410","targetHints":{"allow":["GET"]}}],"collection":[{"href":"https:\/\/gifted-hub.com\/es\/wp-json\/wp\/v2\/pages"}],"about":[{"href":"https:\/\/gifted-hub.com\/es\/wp-json\/wp\/v2\/types\/page"}],"author":[{"embeddable":true,"href":"https:\/\/gifted-hub.com\/es\/wp-json\/wp\/v2\/users\/1"}],"replies":[{"embeddable":true,"href":"https:\/\/gifted-hub.com\/es\/wp-json\/wp\/v2\/comments?post=18410"}],"version-history":[{"count":4,"href":"https:\/\/gifted-hub.com\/es\/wp-json\/wp\/v2\/pages\/18410\/revisions"}],"predecessor-version":[{"id":19385,"href":"https:\/\/gifted-hub.com\/es\/wp-json\/wp\/v2\/pages\/18410\/revisions\/19385"}],"up":[{"embeddable":true,"href":"https:\/\/gifted-hub.com\/es\/wp-json\/wp\/v2\/pages\/15250"}],"wp:featuredmedia":[{"embeddable":true,"href":"https:\/\/gifted-hub.com\/es\/wp-json\/wp\/v2\/media\/18421"}],"wp:attachment":[{"href":"https:\/\/gifted-hub.com\/es\/wp-json\/wp\/v2\/media?parent=18410"}],"wp:term":[{"taxonomy":"group-interest","embeddable":true,"href":"https:\/\/gifted-hub.com\/es\/wp-json\/wp\/v2\/group-interest?post=18410"}],"curies":[{"name":"wp","href":"https:\/\/api.w.org\/{rel}","templated":true}]}}