{"id":18025,"date":"2024-11-11T18:18:23","date_gmt":"2024-11-11T18:18:23","guid":{"rendered":"https:\/\/gifted-hub.com\/espiritualidad-y-superdotacion\/"},"modified":"2025-04-21T21:37:10","modified_gmt":"2025-04-21T21:37:10","slug":"espiritualidad-y-superdotacion","status":"publish","type":"page","link":"https:\/\/gifted-hub.com\/es\/interesados\/espiritualidad-y-superdotacion\/","title":{"rendered":"Espiritualidad y alta capacitaci\u00f3n"},"content":{"rendered":"\n<p>La espiritualidad es una parte poderosa de nuestras vidas, que nos conecta con valores profundos, prop\u00f3sitos y un sentido de significado. <strong>Cuando hablamos de espiritualidad, no s\u00f3lo nos referimos a la religi\u00f3n organizada<\/strong>. La espiritualidad va m\u00e1s all\u00e1 de los rituales y las estructuras; es un viaje personal de autorreflexi\u00f3n, exploraci\u00f3n y comprensi\u00f3n. Nos invita a buscar respuestas a las grandes preguntas de la vida y nos ayuda a comprender nuestro lugar en el mundo. Para las personas altas capacidades, la espiritualidad puede ser especialmente importante mientras navegan por sus caminos \u00fanicos y se esfuerzan por dar sentido a sus talentos y a su impacto en el mundo.   <\/p>\n\n<p>La alta capacidad se asocia a menudo con <a href=\"https:\/\/gifted-hub.com\/es\/que-son-las-altas-capacidades\/mitos-y-realidades-sobre-las-altas-capacidades-intelectuales\/\" data-type=\"page\" data-id=\"15444\">una gran inteligencia o aptitudes excepcionales<\/a>. Sin embargo, la visi\u00f3n moderna del t\u00e9rmino abarca mucho m\u00e1s que el talento acad\u00e9mico o creativo. Tambi\u00e9n puede implicar un fuerte deseo de generar un impacto positivo, una cualidad conocida como alta capacidad transformacional. Este enfoque combina la capacidad intelectual con el compromiso de emplear los propios talentos en beneficio de los dem\u00e1s, lo que a\u00f1ade una dimensi\u00f3n espiritual al concepto. La alta capacidad transformadora invita a las personas a mirar m\u00e1s all\u00e1 de s\u00ed mismas y a encontrar un prop\u00f3sito que sirva tanto a sus metas personales como a las de la sociedad en general.    <\/p>\n\n<p>Las investigaciones demuestran que la espiritualidad puede ser un apoyo significativo para las personas con altas capacidades, ayud\u00e1ndolas a desarrollar un sentido de finalidad y conexi\u00f3n. Es habitual que estas personas se planteen preguntas profundas sobre la vida, la existencia y su papel en el mundo. La espiritualidad les ofrece una forma de explorar estas cuestiones, proporcion\u00e1ndoles un espacio seguro para pensar profundamente sobre qui\u00e9nes son y qu\u00e9 quieren conseguir. A estos j\u00f3venes, en particular, <strong>la espiritualidad puede ofrecerles consuelo y orientaci\u00f3n<\/strong>, ayud\u00e1ndoles a encontrar los valores por los que quieren vivir e incluso a dar forma a sus caminos futuros.   <\/p>\n\n<p>La espiritualidad se describe a menudo a trav\u00e9s de distintos aspectos. Entre ellos se incluye el sentido del misterio, que es la capacidad de encontrar asombro y admiraci\u00f3n en lo desconocido; el sentido del valor, que es la capacidad de comprender y reflexionar sobre lo que m\u00e1s valoramos; y el sentido de la comunidad, el sentimiento de pertenecer a algo m\u00e1s grande que nosotros mismos. Para las personas con altas capacidades, estas dimensiones de la espiritualidad pueden ser muy poderosas. Suelen tener una curiosidad y una imaginaci\u00f3n naturales que les llevan a explorar m\u00e1s all\u00e1 de las experiencias ordinarias, conectando con los misterios de la vida y encontrando el sentido de formas que pueden ser \u00fanicas para ellos.   <\/p>\n\n<p>En el mundo actual, en el que nos enfrentamos a complejos retos sociales y medioambientales, la espiritualidad tambi\u00e9n puede inspirar a las personas dotadas a centrarse en cuestiones que van m\u00e1s all\u00e1 de ellas mismas. Puede ayudarles a explorar c\u00f3mo podr\u00edan contribuir a resolver problemas globales, como el cambio clim\u00e1tico o la injusticia social. Al desarrollar sus dones de un modo que est\u00e9 en consonancia con sus valores personales, las personas con altas capacidades pueden sentirse realizados y hacer aportaciones significativas.  <\/p>\n\n<p>La espiritualidad y la alta capacitaci\u00f3n juntas crean un enfoque hol\u00edstico del desarrollo, que ayuda a las estas personas a crecer no s\u00f3lo intelectualmente, sino tambi\u00e9n emocional y moralmente. Al explorar la espiritualidad, pueden encontrar un sentido de finalidad que va m\u00e1s all\u00e1 del \u00e9xito personal y descubrir c\u00f3mo influir positivamente en el mundo que les rodea. <\/p>\n","protected":false},"excerpt":{"rendered":"<p>La espiritualidad es una parte poderosa de nuestras vidas, que nos conecta con valores profundos, prop\u00f3sitos y un sentido de significado. Cuando hablamos de espiritualidad, no s\u00f3lo nos referimos a la religi\u00f3n organizada. La espiritualidad va m\u00e1s all\u00e1 de los rituales y las estructuras; es un viaje personal de autorreflexi\u00f3n, exploraci\u00f3n y comprensi\u00f3n. Nos invita [&hellip;]<\/p>\n","protected":false},"author":1,"featured_media":18009,"parent":15121,"menu_order":0,"comment_status":"closed","ping_status":"closed","template":"","meta":{"_acf_changed":false,"inline_featured_image":false,"footnotes":""},"group-interest":[],"class_list":["post-18025","page","type-page","status-publish","has-post-thumbnail","hentry"],"acf":[],"yoast_head":"<!-- This site is optimized with the Yoast SEO plugin v27.4 - https:\/\/yoast.com\/product\/yoast-seo-wordpress\/ -->\n<title>Espiritualidad y alta capacitaci\u00f3n - Gifted HUB<\/title>\n<meta name=\"robots\" content=\"index, follow, max-snippet:-1, max-image-preview:large, max-video-preview:-1\" \/>\n<link rel=\"canonical\" href=\"https:\/\/gifted-hub.com\/es\/interesados\/espiritualidad-y-superdotacion\/\" \/>\n<meta property=\"og:locale\" content=\"es_ES\" \/>\n<meta property=\"og:type\" content=\"article\" \/>\n<meta property=\"og:title\" content=\"Espiritualidad y alta capacitaci\u00f3n - Gifted HUB\" \/>\n<meta property=\"og:description\" content=\"La espiritualidad es una parte poderosa de nuestras vidas, que nos conecta con valores profundos, prop\u00f3sitos y un sentido de significado. Cuando hablamos de espiritualidad, no s\u00f3lo nos referimos a la religi\u00f3n organizada. La espiritualidad va m\u00e1s all\u00e1 de los rituales y las estructuras; es un viaje personal de autorreflexi\u00f3n, exploraci\u00f3n y comprensi\u00f3n. Nos invita [&hellip;]\" \/>\n<meta property=\"og:url\" content=\"https:\/\/gifted-hub.com\/es\/interesados\/espiritualidad-y-superdotacion\/\" \/>\n<meta property=\"og:site_name\" content=\"Gifted HUB\" \/>\n<meta property=\"article:modified_time\" content=\"2025-04-21T21:37:10+00:00\" \/>\n<meta property=\"og:image\" content=\"https:\/\/gifted-hub.com\/wp-content\/uploads\/2024\/11\/4912485-e1731349078915.jpg\" \/>\n\t<meta property=\"og:image:width\" content=\"720\" \/>\n\t<meta property=\"og:image:height\" content=\"1280\" \/>\n\t<meta property=\"og:image:type\" content=\"image\/jpeg\" \/>\n<meta name=\"twitter:card\" content=\"summary_large_image\" \/>\n<meta name=\"twitter:label1\" content=\"Tiempo de lectura\" \/>\n\t<meta name=\"twitter:data1\" content=\"3 minutos\" \/>\n<script type=\"application\/ld+json\" class=\"yoast-schema-graph\">{\"@context\":\"https:\\\/\\\/schema.org\",\"@graph\":[{\"@type\":\"WebPage\",\"@id\":\"https:\\\/\\\/gifted-hub.com\\\/es\\\/interesados\\\/espiritualidad-y-superdotacion\\\/\",\"url\":\"https:\\\/\\\/gifted-hub.com\\\/es\\\/interesados\\\/espiritualidad-y-superdotacion\\\/\",\"name\":\"Espiritualidad y alta capacitaci\u00f3n - Gifted HUB\",\"isPartOf\":{\"@id\":\"https:\\\/\\\/gifted-hub.com\\\/es\\\/#website\"},\"primaryImageOfPage\":{\"@id\":\"https:\\\/\\\/gifted-hub.com\\\/es\\\/interesados\\\/espiritualidad-y-superdotacion\\\/#primaryimage\"},\"image\":{\"@id\":\"https:\\\/\\\/gifted-hub.com\\\/es\\\/interesados\\\/espiritualidad-y-superdotacion\\\/#primaryimage\"},\"thumbnailUrl\":\"https:\\\/\\\/gifted-hub.com\\\/wp-content\\\/uploads\\\/2024\\\/11\\\/4912485-e1731349078915.jpg\",\"datePublished\":\"2024-11-11T18:18:23+00:00\",\"dateModified\":\"2025-04-21T21:37:10+00:00\",\"breadcrumb\":{\"@id\":\"https:\\\/\\\/gifted-hub.com\\\/es\\\/interesados\\\/espiritualidad-y-superdotacion\\\/#breadcrumb\"},\"inLanguage\":\"es\",\"potentialAction\":[{\"@type\":\"ReadAction\",\"target\":[\"https:\\\/\\\/gifted-hub.com\\\/es\\\/interesados\\\/espiritualidad-y-superdotacion\\\/\"]}]},{\"@type\":\"ImageObject\",\"inLanguage\":\"es\",\"@id\":\"https:\\\/\\\/gifted-hub.com\\\/es\\\/interesados\\\/espiritualidad-y-superdotacion\\\/#primaryimage\",\"url\":\"https:\\\/\\\/gifted-hub.com\\\/wp-content\\\/uploads\\\/2024\\\/11\\\/4912485-e1731349078915.jpg\",\"contentUrl\":\"https:\\\/\\\/gifted-hub.com\\\/wp-content\\\/uploads\\\/2024\\\/11\\\/4912485-e1731349078915.jpg\",\"width\":720,\"height\":1280},{\"@type\":\"BreadcrumbList\",\"@id\":\"https:\\\/\\\/gifted-hub.com\\\/es\\\/interesados\\\/espiritualidad-y-superdotacion\\\/#breadcrumb\",\"itemListElement\":[{\"@type\":\"ListItem\",\"position\":1,\"name\":\"Home\",\"item\":\"https:\\\/\\\/gifted-hub.com\\\/es\\\/inicio\\\/\"},{\"@type\":\"ListItem\",\"position\":2,\"name\":\"Interesados\",\"item\":\"https:\\\/\\\/gifted-hub.com\\\/es\\\/interesados\\\/\"},{\"@type\":\"ListItem\",\"position\":3,\"name\":\"Espiritualidad y alta capacitaci\u00f3n\"}]},{\"@type\":\"WebSite\",\"@id\":\"https:\\\/\\\/gifted-hub.com\\\/es\\\/#website\",\"url\":\"https:\\\/\\\/gifted-hub.com\\\/es\\\/\",\"name\":\"Gifted HUB\",\"description\":\"Un espacio para las altas capacidades\",\"publisher\":{\"@id\":\"https:\\\/\\\/gifted-hub.com\\\/es\\\/#organization\"},\"potentialAction\":[{\"@type\":\"SearchAction\",\"target\":{\"@type\":\"EntryPoint\",\"urlTemplate\":\"https:\\\/\\\/gifted-hub.com\\\/es\\\/?s={search_term_string}\"},\"query-input\":{\"@type\":\"PropertyValueSpecification\",\"valueRequired\":true,\"valueName\":\"search_term_string\"}}],\"inLanguage\":\"es\"},{\"@type\":\"Organization\",\"@id\":\"https:\\\/\\\/gifted-hub.com\\\/es\\\/#organization\",\"name\":\"Gifted HUB\",\"url\":\"https:\\\/\\\/gifted-hub.com\\\/es\\\/\",\"logo\":{\"@type\":\"ImageObject\",\"inLanguage\":\"es\",\"@id\":\"https:\\\/\\\/gifted-hub.com\\\/es\\\/#\\\/schema\\\/logo\\\/image\\\/\",\"url\":\"https:\\\/\\\/gifted-hub.com\\\/wp-content\\\/uploads\\\/2024\\\/07\\\/logo-1.svg\",\"contentUrl\":\"https:\\\/\\\/gifted-hub.com\\\/wp-content\\\/uploads\\\/2024\\\/07\\\/logo-1.svg\",\"caption\":\"Gifted HUB\"},\"image\":{\"@id\":\"https:\\\/\\\/gifted-hub.com\\\/es\\\/#\\\/schema\\\/logo\\\/image\\\/\"}}]}<\/script>\n<!-- \/ Yoast SEO plugin. -->","yoast_head_json":{"title":"Espiritualidad y alta capacitaci\u00f3n - Gifted HUB","robots":{"index":"index","follow":"follow","max-snippet":"max-snippet:-1","max-image-preview":"max-image-preview:large","max-video-preview":"max-video-preview:-1"},"canonical":"https:\/\/gifted-hub.com\/es\/interesados\/espiritualidad-y-superdotacion\/","og_locale":"es_ES","og_type":"article","og_title":"Espiritualidad y alta capacitaci\u00f3n - Gifted HUB","og_description":"La espiritualidad es una parte poderosa de nuestras vidas, que nos conecta con valores profundos, prop\u00f3sitos y un sentido de significado. Cuando hablamos de espiritualidad, no s\u00f3lo nos referimos a la religi\u00f3n organizada. La espiritualidad va m\u00e1s all\u00e1 de los rituales y las estructuras; es un viaje personal de autorreflexi\u00f3n, exploraci\u00f3n y comprensi\u00f3n. Nos invita [&hellip;]","og_url":"https:\/\/gifted-hub.com\/es\/interesados\/espiritualidad-y-superdotacion\/","og_site_name":"Gifted HUB","article_modified_time":"2025-04-21T21:37:10+00:00","og_image":[{"width":720,"height":1280,"url":"https:\/\/gifted-hub.com\/wp-content\/uploads\/2024\/11\/4912485-e1731349078915.jpg","type":"image\/jpeg"}],"twitter_card":"summary_large_image","twitter_misc":{"Tiempo de lectura":"3 minutos"},"schema":{"@context":"https:\/\/schema.org","@graph":[{"@type":"WebPage","@id":"https:\/\/gifted-hub.com\/es\/interesados\/espiritualidad-y-superdotacion\/","url":"https:\/\/gifted-hub.com\/es\/interesados\/espiritualidad-y-superdotacion\/","name":"Espiritualidad y alta capacitaci\u00f3n - Gifted HUB","isPartOf":{"@id":"https:\/\/gifted-hub.com\/es\/#website"},"primaryImageOfPage":{"@id":"https:\/\/gifted-hub.com\/es\/interesados\/espiritualidad-y-superdotacion\/#primaryimage"},"image":{"@id":"https:\/\/gifted-hub.com\/es\/interesados\/espiritualidad-y-superdotacion\/#primaryimage"},"thumbnailUrl":"https:\/\/gifted-hub.com\/wp-content\/uploads\/2024\/11\/4912485-e1731349078915.jpg","datePublished":"2024-11-11T18:18:23+00:00","dateModified":"2025-04-21T21:37:10+00:00","breadcrumb":{"@id":"https:\/\/gifted-hub.com\/es\/interesados\/espiritualidad-y-superdotacion\/#breadcrumb"},"inLanguage":"es","potentialAction":[{"@type":"ReadAction","target":["https:\/\/gifted-hub.com\/es\/interesados\/espiritualidad-y-superdotacion\/"]}]},{"@type":"ImageObject","inLanguage":"es","@id":"https:\/\/gifted-hub.com\/es\/interesados\/espiritualidad-y-superdotacion\/#primaryimage","url":"https:\/\/gifted-hub.com\/wp-content\/uploads\/2024\/11\/4912485-e1731349078915.jpg","contentUrl":"https:\/\/gifted-hub.com\/wp-content\/uploads\/2024\/11\/4912485-e1731349078915.jpg","width":720,"height":1280},{"@type":"BreadcrumbList","@id":"https:\/\/gifted-hub.com\/es\/interesados\/espiritualidad-y-superdotacion\/#breadcrumb","itemListElement":[{"@type":"ListItem","position":1,"name":"Home","item":"https:\/\/gifted-hub.com\/es\/inicio\/"},{"@type":"ListItem","position":2,"name":"Interesados","item":"https:\/\/gifted-hub.com\/es\/interesados\/"},{"@type":"ListItem","position":3,"name":"Espiritualidad y alta capacitaci\u00f3n"}]},{"@type":"WebSite","@id":"https:\/\/gifted-hub.com\/es\/#website","url":"https:\/\/gifted-hub.com\/es\/","name":"Gifted HUB","description":"Un espacio para las altas capacidades","publisher":{"@id":"https:\/\/gifted-hub.com\/es\/#organization"},"potentialAction":[{"@type":"SearchAction","target":{"@type":"EntryPoint","urlTemplate":"https:\/\/gifted-hub.com\/es\/?s={search_term_string}"},"query-input":{"@type":"PropertyValueSpecification","valueRequired":true,"valueName":"search_term_string"}}],"inLanguage":"es"},{"@type":"Organization","@id":"https:\/\/gifted-hub.com\/es\/#organization","name":"Gifted HUB","url":"https:\/\/gifted-hub.com\/es\/","logo":{"@type":"ImageObject","inLanguage":"es","@id":"https:\/\/gifted-hub.com\/es\/#\/schema\/logo\/image\/","url":"https:\/\/gifted-hub.com\/wp-content\/uploads\/2024\/07\/logo-1.svg","contentUrl":"https:\/\/gifted-hub.com\/wp-content\/uploads\/2024\/07\/logo-1.svg","caption":"Gifted HUB"},"image":{"@id":"https:\/\/gifted-hub.com\/es\/#\/schema\/logo\/image\/"}}]}},"_links":{"self":[{"href":"https:\/\/gifted-hub.com\/es\/wp-json\/wp\/v2\/pages\/18025","targetHints":{"allow":["GET"]}}],"collection":[{"href":"https:\/\/gifted-hub.com\/es\/wp-json\/wp\/v2\/pages"}],"about":[{"href":"https:\/\/gifted-hub.com\/es\/wp-json\/wp\/v2\/types\/page"}],"author":[{"embeddable":true,"href":"https:\/\/gifted-hub.com\/es\/wp-json\/wp\/v2\/users\/1"}],"replies":[{"embeddable":true,"href":"https:\/\/gifted-hub.com\/es\/wp-json\/wp\/v2\/comments?post=18025"}],"version-history":[{"count":3,"href":"https:\/\/gifted-hub.com\/es\/wp-json\/wp\/v2\/pages\/18025\/revisions"}],"predecessor-version":[{"id":19369,"href":"https:\/\/gifted-hub.com\/es\/wp-json\/wp\/v2\/pages\/18025\/revisions\/19369"}],"up":[{"embeddable":true,"href":"https:\/\/gifted-hub.com\/es\/wp-json\/wp\/v2\/pages\/15121"}],"wp:featuredmedia":[{"embeddable":true,"href":"https:\/\/gifted-hub.com\/es\/wp-json\/wp\/v2\/media\/18009"}],"wp:attachment":[{"href":"https:\/\/gifted-hub.com\/es\/wp-json\/wp\/v2\/media?parent=18025"}],"wp:term":[{"taxonomy":"group-interest","embeddable":true,"href":"https:\/\/gifted-hub.com\/es\/wp-json\/wp\/v2\/group-interest?post=18025"}],"curies":[{"name":"wp","href":"https:\/\/api.w.org\/{rel}","templated":true}]}}