{"id":17956,"date":"2024-11-10T22:15:55","date_gmt":"2024-11-10T22:15:55","guid":{"rendered":"https:\/\/gifted-hub.com\/el-papel-de-las-tecnologias-digitales-en-la-educacion-de-estudiantes-dotados\/"},"modified":"2024-11-16T00:59:37","modified_gmt":"2024-11-16T00:59:37","slug":"el-papel-de-las-tecnologias-digitales-en-la-educacion-de-estudiantes-dotados","status":"publish","type":"page","link":"https:\/\/gifted-hub.com\/es\/profesores\/el-papel-de-las-tecnologias-digitales-en-la-educacion-de-estudiantes-dotados\/","title":{"rendered":"El papel de las tecnolog\u00edas digitales en la educaci\u00f3n de estudiantes con altas capacidades"},"content":{"rendered":"\n<p>En el mundo en r\u00e1pida evoluci\u00f3n de hoy, el papel de la tecnolog\u00eda en la educaci\u00f3n se ha vuelto no solo \u00fatil sino esencial, particularmente en apoyar las necesidades de los estudiantes dotados. Estos ni\u00f1os a menudo necesitan m\u00e1s estimulaci\u00f3n y desaf\u00edos m\u00e1s all\u00e1 de lo que se proporciona en un aula convencional. Integrar las Tecnolog\u00edas de la Informaci\u00f3n y la Comunicaci\u00f3n (TIC) en su aprendizaje puede ser incre\u00edblemente beneficioso, ayud\u00e1ndoles a explorar sus talentos y capacidades m\u00e1s profundamente.  <\/p>\n\n<p>Los estudiantes dotados se caracterizan por su curiosidad, imaginaci\u00f3n y la capacidad de aprender a un ritmo m\u00e1s r\u00e1pido que sus compa\u00f1eros. Sin embargo, a pesar de su alto potencial, a menudo enfrentan desaf\u00edos en entornos educativos tradicionales, como una <a href=\"https:\/\/gifted-hub.com\/es\/profesores\/abordando-el-bajo-rendimiento-en-estudiantes-con-altas-capacidades\/\" data-type=\"page\" data-id=\"17707\">falta de compromiso o incluso aburrimiento<\/a>. El uso de tecnolog\u00edas digitales puede cerrar efectivamente esta brecha. Las herramientas TIC, incluidos laptops, tabletas y varias aplicaciones de aprendizaje, pueden proporcionar un entorno m\u00e1s din\u00e1mico y estimulante para estos estudiantes. Al darles acceso a contenido m\u00e1s avanzado, experimentos virtuales o discusiones interactivas, la tecnolog\u00eda ayuda a estos estudiantes a mantenerse interesados y motivados.    <\/p>\n\n<p>Un enfoque prometedor es el aprendizaje m\u00f3vil, que permite a los estudiantes aprender a su propio ritmo, en cualquier momento y lugar. Con el uso de tel\u00e9fonos inteligentes o tabletas, los estudiantes dotados pueden acceder f\u00e1cilmente a materiales educativos m\u00e1s all\u00e1 del aula, lo que fomenta el aprendizaje continuo y la libertad de perseguir temas que les interesan profundamente. Tal flexibilidad es particularmente importante para estos estudiantes, que pueden tener una amplia gama de intereses y beneficiarse de caminos de aprendizaje individualizados.  <\/p>\n\n<p>El aula digital tambi\u00e9n ofrece un nuevo horizonte para el aprendizaje. A diferencia del entorno tradicional, un aula digital elimina las barreras f\u00edsicas, proporcionando oportunidades para la colaboraci\u00f3n, la resoluci\u00f3n interactiva de problemas y el acceso al conocimiento global. Los estudiantes dotados pueden involucrarse con un espectro mucho m\u00e1s amplio de materias e interactuar con compa\u00f1eros que comparten su curiosidad intelectual, sin importar d\u00f3nde se encuentren. Esta conectividad global les permite encontrar \u00abmentes afines\u00bb, fomentando tanto el crecimiento acad\u00e9mico como la conexi\u00f3n social, lo cual a veces es un desaf\u00edo para los ni\u00f1os dotados en entornos escolares regulares.   <\/p>\n\n<p>Los foros de discusi\u00f3n en l\u00ednea y las comunidades digitales son otra excelente manera para que los estudiantes dotados interact\u00faen, compartan sus pensamientos y colaboren en varios temas de inter\u00e9s. Estas plataformas proporcionan un espacio donde los estudiantes dotados pueden explorar conceptos desafiantes y desarrollar sus habilidades de pensamiento cr\u00edtico y resoluci\u00f3n de problemas en un entorno colaborativo. A trav\u00e9s de tales interacciones, tambi\u00e9n pueden mejorar sus <a href=\"https:\/\/gifted-hub.com\/es\/familiares\/nuestros-hijos-y-sus-habilidades-sociales\/\" data-type=\"page\" data-id=\"15279\">habilidades de comunicaci\u00f3n y construir conexiones sociales<\/a>, ayud\u00e1ndoles a sentirse m\u00e1s integrados y comprometidos.  <\/p>\n\n<p>Incorporar las TIC en la educaci\u00f3n de estudiantes dotados no se trata solo de acceso a la informaci\u00f3n, sino de transformar la manera en que estos estudiantes interact\u00faan con el conocimiento. Empleando t\u00e9cnicas como la narraci\u00f3n digital, simulaciones interactivas y proyectos creativos, la tecnolog\u00eda puede ayudar a estos estudiantes a expresarse m\u00e1s efectivamente y explorar los temas en profundidad. Estas herramientas les permiten usar su creatividad y habilidades de resoluci\u00f3n de problemas de una manera significativa, haciendo que el proceso de aprendizaje sea tanto agradable como enriquecedor.  <\/p>\n\n<p>Adem\u00e1s, es crucial reconocer que algunos estudiantes dotados tienen habilidades excepcionales en la tecnolog\u00eda misma. Estos estudiantes deben ser nutridos a trav\u00e9s de proyectos y programas TIC especializados, permiti\u00e9ndoles perfeccionar sus talentos en \u00e1reas como la programaci\u00f3n, el dise\u00f1o y la rob\u00f3tica. La tecnolog\u00eda no solo apoya su aprendizaje, sino que tambi\u00e9n sirve como un medio a trav\u00e9s del cual pueden innovar, crear y explorar su m\u00e1ximo potencial.  <\/p>\n\n<p>En conclusi\u00f3n,<strong> las tecnolog\u00edas digitales proporcionan una oportunidad sin igual para transformar la experiencia de aprendizaje de los estudiantes dotados<\/strong>. Al hacer la educaci\u00f3n m\u00e1s personalizada, flexible y atractiva, las TIC pueden ayudar a estos j\u00f3venes estudiantes a alcanzar su m\u00e1ximo potencial, asegurando que no se sientan marginados o aburridos, sino empoderados, desafiados y listos para enfrentar el mundo. <\/p>\n","protected":false},"excerpt":{"rendered":"<p>En el mundo en r\u00e1pida evoluci\u00f3n de hoy, el papel de la tecnolog\u00eda en la educaci\u00f3n se ha vuelto no solo \u00fatil sino esencial, particularmente en apoyar las necesidades de los estudiantes dotados. Estos ni\u00f1os a menudo necesitan m\u00e1s estimulaci\u00f3n y desaf\u00edos m\u00e1s all\u00e1 de lo que se proporciona en un aula convencional. Integrar las [&hellip;]<\/p>\n","protected":false},"author":1,"featured_media":17953,"parent":15623,"menu_order":0,"comment_status":"closed","ping_status":"closed","template":"","meta":{"_acf_changed":false,"inline_featured_image":false,"footnotes":""},"group-interest":[],"class_list":["post-17956","page","type-page","status-publish","has-post-thumbnail","hentry"],"acf":[],"yoast_head":"<!-- This site is optimized with the Yoast SEO plugin v27.4 - https:\/\/yoast.com\/product\/yoast-seo-wordpress\/ -->\n<title>El papel de las tecnolog\u00edas digitales en la educaci\u00f3n de estudiantes con altas capacidades - Gifted HUB<\/title>\n<meta name=\"robots\" content=\"index, follow, max-snippet:-1, max-image-preview:large, max-video-preview:-1\" \/>\n<link rel=\"canonical\" href=\"https:\/\/gifted-hub.com\/es\/profesores\/el-papel-de-las-tecnologias-digitales-en-la-educacion-de-estudiantes-dotados\/\" \/>\n<meta property=\"og:locale\" content=\"es_ES\" \/>\n<meta property=\"og:type\" content=\"article\" \/>\n<meta property=\"og:title\" content=\"El papel de las tecnolog\u00edas digitales en la educaci\u00f3n de estudiantes con altas capacidades - Gifted HUB\" \/>\n<meta property=\"og:description\" content=\"En el mundo en r\u00e1pida evoluci\u00f3n de hoy, el papel de la tecnolog\u00eda en la educaci\u00f3n se ha vuelto no solo \u00fatil sino esencial, particularmente en apoyar las necesidades de los estudiantes dotados. Estos ni\u00f1os a menudo necesitan m\u00e1s estimulaci\u00f3n y desaf\u00edos m\u00e1s all\u00e1 de lo que se proporciona en un aula convencional. Integrar las [&hellip;]\" \/>\n<meta property=\"og:url\" content=\"https:\/\/gifted-hub.com\/es\/profesores\/el-papel-de-las-tecnologias-digitales-en-la-educacion-de-estudiantes-dotados\/\" \/>\n<meta property=\"og:site_name\" content=\"Gifted HUB\" \/>\n<meta property=\"article:modified_time\" content=\"2024-11-16T00:59:37+00:00\" \/>\n<meta property=\"og:image\" content=\"https:\/\/gifted-hub.com\/wp-content\/uploads\/2024\/11\/02jrb0gop30.jpg\" \/>\n\t<meta property=\"og:image:width\" content=\"1600\" \/>\n\t<meta property=\"og:image:height\" content=\"1065\" \/>\n\t<meta property=\"og:image:type\" content=\"image\/jpeg\" \/>\n<meta name=\"twitter:card\" content=\"summary_large_image\" \/>\n<meta name=\"twitter:label1\" content=\"Tiempo de lectura\" \/>\n\t<meta name=\"twitter:data1\" content=\"4 minutos\" \/>\n<script type=\"application\/ld+json\" class=\"yoast-schema-graph\">{\"@context\":\"https:\\\/\\\/schema.org\",\"@graph\":[{\"@type\":\"WebPage\",\"@id\":\"https:\\\/\\\/gifted-hub.com\\\/es\\\/profesores\\\/el-papel-de-las-tecnologias-digitales-en-la-educacion-de-estudiantes-dotados\\\/\",\"url\":\"https:\\\/\\\/gifted-hub.com\\\/es\\\/profesores\\\/el-papel-de-las-tecnologias-digitales-en-la-educacion-de-estudiantes-dotados\\\/\",\"name\":\"El papel de las tecnolog\u00edas digitales en la educaci\u00f3n de estudiantes con altas capacidades - Gifted HUB\",\"isPartOf\":{\"@id\":\"https:\\\/\\\/gifted-hub.com\\\/es\\\/#website\"},\"primaryImageOfPage\":{\"@id\":\"https:\\\/\\\/gifted-hub.com\\\/es\\\/profesores\\\/el-papel-de-las-tecnologias-digitales-en-la-educacion-de-estudiantes-dotados\\\/#primaryimage\"},\"image\":{\"@id\":\"https:\\\/\\\/gifted-hub.com\\\/es\\\/profesores\\\/el-papel-de-las-tecnologias-digitales-en-la-educacion-de-estudiantes-dotados\\\/#primaryimage\"},\"thumbnailUrl\":\"https:\\\/\\\/gifted-hub.com\\\/wp-content\\\/uploads\\\/2024\\\/11\\\/02jrb0gop30.jpg\",\"datePublished\":\"2024-11-10T22:15:55+00:00\",\"dateModified\":\"2024-11-16T00:59:37+00:00\",\"breadcrumb\":{\"@id\":\"https:\\\/\\\/gifted-hub.com\\\/es\\\/profesores\\\/el-papel-de-las-tecnologias-digitales-en-la-educacion-de-estudiantes-dotados\\\/#breadcrumb\"},\"inLanguage\":\"es\",\"potentialAction\":[{\"@type\":\"ReadAction\",\"target\":[\"https:\\\/\\\/gifted-hub.com\\\/es\\\/profesores\\\/el-papel-de-las-tecnologias-digitales-en-la-educacion-de-estudiantes-dotados\\\/\"]}]},{\"@type\":\"ImageObject\",\"inLanguage\":\"es\",\"@id\":\"https:\\\/\\\/gifted-hub.com\\\/es\\\/profesores\\\/el-papel-de-las-tecnologias-digitales-en-la-educacion-de-estudiantes-dotados\\\/#primaryimage\",\"url\":\"https:\\\/\\\/gifted-hub.com\\\/wp-content\\\/uploads\\\/2024\\\/11\\\/02jrb0gop30.jpg\",\"contentUrl\":\"https:\\\/\\\/gifted-hub.com\\\/wp-content\\\/uploads\\\/2024\\\/11\\\/02jrb0gop30.jpg\",\"width\":1600,\"height\":1065},{\"@type\":\"BreadcrumbList\",\"@id\":\"https:\\\/\\\/gifted-hub.com\\\/es\\\/profesores\\\/el-papel-de-las-tecnologias-digitales-en-la-educacion-de-estudiantes-dotados\\\/#breadcrumb\",\"itemListElement\":[{\"@type\":\"ListItem\",\"position\":1,\"name\":\"Home\",\"item\":\"https:\\\/\\\/gifted-hub.com\\\/es\\\/inicio\\\/\"},{\"@type\":\"ListItem\",\"position\":2,\"name\":\"Profesores\",\"item\":\"https:\\\/\\\/gifted-hub.com\\\/es\\\/profesores\\\/\"},{\"@type\":\"ListItem\",\"position\":3,\"name\":\"El papel de las tecnolog\u00edas digitales en la educaci\u00f3n de estudiantes con altas capacidades\"}]},{\"@type\":\"WebSite\",\"@id\":\"https:\\\/\\\/gifted-hub.com\\\/es\\\/#website\",\"url\":\"https:\\\/\\\/gifted-hub.com\\\/es\\\/\",\"name\":\"Gifted HUB\",\"description\":\"Un espacio para las altas capacidades\",\"publisher\":{\"@id\":\"https:\\\/\\\/gifted-hub.com\\\/es\\\/#organization\"},\"potentialAction\":[{\"@type\":\"SearchAction\",\"target\":{\"@type\":\"EntryPoint\",\"urlTemplate\":\"https:\\\/\\\/gifted-hub.com\\\/es\\\/?s={search_term_string}\"},\"query-input\":{\"@type\":\"PropertyValueSpecification\",\"valueRequired\":true,\"valueName\":\"search_term_string\"}}],\"inLanguage\":\"es\"},{\"@type\":\"Organization\",\"@id\":\"https:\\\/\\\/gifted-hub.com\\\/es\\\/#organization\",\"name\":\"Gifted HUB\",\"url\":\"https:\\\/\\\/gifted-hub.com\\\/es\\\/\",\"logo\":{\"@type\":\"ImageObject\",\"inLanguage\":\"es\",\"@id\":\"https:\\\/\\\/gifted-hub.com\\\/es\\\/#\\\/schema\\\/logo\\\/image\\\/\",\"url\":\"https:\\\/\\\/gifted-hub.com\\\/wp-content\\\/uploads\\\/2024\\\/07\\\/logo-1.svg\",\"contentUrl\":\"https:\\\/\\\/gifted-hub.com\\\/wp-content\\\/uploads\\\/2024\\\/07\\\/logo-1.svg\",\"caption\":\"Gifted HUB\"},\"image\":{\"@id\":\"https:\\\/\\\/gifted-hub.com\\\/es\\\/#\\\/schema\\\/logo\\\/image\\\/\"}}]}<\/script>\n<!-- \/ Yoast SEO plugin. -->","yoast_head_json":{"title":"El papel de las tecnolog\u00edas digitales en la educaci\u00f3n de estudiantes con altas capacidades - Gifted HUB","robots":{"index":"index","follow":"follow","max-snippet":"max-snippet:-1","max-image-preview":"max-image-preview:large","max-video-preview":"max-video-preview:-1"},"canonical":"https:\/\/gifted-hub.com\/es\/profesores\/el-papel-de-las-tecnologias-digitales-en-la-educacion-de-estudiantes-dotados\/","og_locale":"es_ES","og_type":"article","og_title":"El papel de las tecnolog\u00edas digitales en la educaci\u00f3n de estudiantes con altas capacidades - Gifted HUB","og_description":"En el mundo en r\u00e1pida evoluci\u00f3n de hoy, el papel de la tecnolog\u00eda en la educaci\u00f3n se ha vuelto no solo \u00fatil sino esencial, particularmente en apoyar las necesidades de los estudiantes dotados. Estos ni\u00f1os a menudo necesitan m\u00e1s estimulaci\u00f3n y desaf\u00edos m\u00e1s all\u00e1 de lo que se proporciona en un aula convencional. Integrar las [&hellip;]","og_url":"https:\/\/gifted-hub.com\/es\/profesores\/el-papel-de-las-tecnologias-digitales-en-la-educacion-de-estudiantes-dotados\/","og_site_name":"Gifted HUB","article_modified_time":"2024-11-16T00:59:37+00:00","og_image":[{"width":1600,"height":1065,"url":"https:\/\/gifted-hub.com\/wp-content\/uploads\/2024\/11\/02jrb0gop30.jpg","type":"image\/jpeg"}],"twitter_card":"summary_large_image","twitter_misc":{"Tiempo de lectura":"4 minutos"},"schema":{"@context":"https:\/\/schema.org","@graph":[{"@type":"WebPage","@id":"https:\/\/gifted-hub.com\/es\/profesores\/el-papel-de-las-tecnologias-digitales-en-la-educacion-de-estudiantes-dotados\/","url":"https:\/\/gifted-hub.com\/es\/profesores\/el-papel-de-las-tecnologias-digitales-en-la-educacion-de-estudiantes-dotados\/","name":"El papel de las tecnolog\u00edas digitales en la educaci\u00f3n de estudiantes con altas capacidades - Gifted HUB","isPartOf":{"@id":"https:\/\/gifted-hub.com\/es\/#website"},"primaryImageOfPage":{"@id":"https:\/\/gifted-hub.com\/es\/profesores\/el-papel-de-las-tecnologias-digitales-en-la-educacion-de-estudiantes-dotados\/#primaryimage"},"image":{"@id":"https:\/\/gifted-hub.com\/es\/profesores\/el-papel-de-las-tecnologias-digitales-en-la-educacion-de-estudiantes-dotados\/#primaryimage"},"thumbnailUrl":"https:\/\/gifted-hub.com\/wp-content\/uploads\/2024\/11\/02jrb0gop30.jpg","datePublished":"2024-11-10T22:15:55+00:00","dateModified":"2024-11-16T00:59:37+00:00","breadcrumb":{"@id":"https:\/\/gifted-hub.com\/es\/profesores\/el-papel-de-las-tecnologias-digitales-en-la-educacion-de-estudiantes-dotados\/#breadcrumb"},"inLanguage":"es","potentialAction":[{"@type":"ReadAction","target":["https:\/\/gifted-hub.com\/es\/profesores\/el-papel-de-las-tecnologias-digitales-en-la-educacion-de-estudiantes-dotados\/"]}]},{"@type":"ImageObject","inLanguage":"es","@id":"https:\/\/gifted-hub.com\/es\/profesores\/el-papel-de-las-tecnologias-digitales-en-la-educacion-de-estudiantes-dotados\/#primaryimage","url":"https:\/\/gifted-hub.com\/wp-content\/uploads\/2024\/11\/02jrb0gop30.jpg","contentUrl":"https:\/\/gifted-hub.com\/wp-content\/uploads\/2024\/11\/02jrb0gop30.jpg","width":1600,"height":1065},{"@type":"BreadcrumbList","@id":"https:\/\/gifted-hub.com\/es\/profesores\/el-papel-de-las-tecnologias-digitales-en-la-educacion-de-estudiantes-dotados\/#breadcrumb","itemListElement":[{"@type":"ListItem","position":1,"name":"Home","item":"https:\/\/gifted-hub.com\/es\/inicio\/"},{"@type":"ListItem","position":2,"name":"Profesores","item":"https:\/\/gifted-hub.com\/es\/profesores\/"},{"@type":"ListItem","position":3,"name":"El papel de las tecnolog\u00edas digitales en la educaci\u00f3n de estudiantes con altas capacidades"}]},{"@type":"WebSite","@id":"https:\/\/gifted-hub.com\/es\/#website","url":"https:\/\/gifted-hub.com\/es\/","name":"Gifted HUB","description":"Un espacio para las altas capacidades","publisher":{"@id":"https:\/\/gifted-hub.com\/es\/#organization"},"potentialAction":[{"@type":"SearchAction","target":{"@type":"EntryPoint","urlTemplate":"https:\/\/gifted-hub.com\/es\/?s={search_term_string}"},"query-input":{"@type":"PropertyValueSpecification","valueRequired":true,"valueName":"search_term_string"}}],"inLanguage":"es"},{"@type":"Organization","@id":"https:\/\/gifted-hub.com\/es\/#organization","name":"Gifted HUB","url":"https:\/\/gifted-hub.com\/es\/","logo":{"@type":"ImageObject","inLanguage":"es","@id":"https:\/\/gifted-hub.com\/es\/#\/schema\/logo\/image\/","url":"https:\/\/gifted-hub.com\/wp-content\/uploads\/2024\/07\/logo-1.svg","contentUrl":"https:\/\/gifted-hub.com\/wp-content\/uploads\/2024\/07\/logo-1.svg","caption":"Gifted HUB"},"image":{"@id":"https:\/\/gifted-hub.com\/es\/#\/schema\/logo\/image\/"}}]}},"_links":{"self":[{"href":"https:\/\/gifted-hub.com\/es\/wp-json\/wp\/v2\/pages\/17956","targetHints":{"allow":["GET"]}}],"collection":[{"href":"https:\/\/gifted-hub.com\/es\/wp-json\/wp\/v2\/pages"}],"about":[{"href":"https:\/\/gifted-hub.com\/es\/wp-json\/wp\/v2\/types\/page"}],"author":[{"embeddable":true,"href":"https:\/\/gifted-hub.com\/es\/wp-json\/wp\/v2\/users\/1"}],"replies":[{"embeddable":true,"href":"https:\/\/gifted-hub.com\/es\/wp-json\/wp\/v2\/comments?post=17956"}],"version-history":[{"count":5,"href":"https:\/\/gifted-hub.com\/es\/wp-json\/wp\/v2\/pages\/17956\/revisions"}],"predecessor-version":[{"id":18196,"href":"https:\/\/gifted-hub.com\/es\/wp-json\/wp\/v2\/pages\/17956\/revisions\/18196"}],"up":[{"embeddable":true,"href":"https:\/\/gifted-hub.com\/es\/wp-json\/wp\/v2\/pages\/15623"}],"wp:featuredmedia":[{"embeddable":true,"href":"https:\/\/gifted-hub.com\/es\/wp-json\/wp\/v2\/media\/17953"}],"wp:attachment":[{"href":"https:\/\/gifted-hub.com\/es\/wp-json\/wp\/v2\/media?parent=17956"}],"wp:term":[{"taxonomy":"group-interest","embeddable":true,"href":"https:\/\/gifted-hub.com\/es\/wp-json\/wp\/v2\/group-interest?post=17956"}],"curies":[{"name":"wp","href":"https:\/\/api.w.org\/{rel}","templated":true}]}}