{"id":17810,"date":"2024-11-09T22:48:23","date_gmt":"2024-11-09T22:48:23","guid":{"rendered":"https:\/\/gifted-hub.com\/profesores\/acoso-escolar-y-alumnos-con-altas-capacidades\/"},"modified":"2024-11-09T23:03:10","modified_gmt":"2024-11-09T23:03:10","slug":"acoso-escolar-y-alumnos-con-altas-capacidades","status":"publish","type":"page","link":"https:\/\/gifted-hub.com\/es\/profesores\/acoso-escolar-y-alumnos-con-altas-capacidades\/","title":{"rendered":"Acoso escolar y alumnos con altas capacidades"},"content":{"rendered":"\n<p>El acoso escolar es un problema complejo que afecta especialmente a los alumnos con altas capacidades. Este grupo, a menudo considerado diferente por su destreza intelectual, se enfrenta no s\u00f3lo a retos acad\u00e9micos, sino tambi\u00e9n a dificultades sociales y emocionales. El acoso escolar hacia estos alumnos puede manifestarse tanto de forma f\u00edsica como psicol\u00f3gica, y no es raro que tambi\u00e9n sean v\u00edctimas del ciberacoso. Estos alumnos suelen destacar por su capacidad de razonamiento, su memoria y su creatividad, rasgos que, desgraciadamente, a veces les convierten en objetivo debido a su diferencia respecto al grupo.   <\/p>\n\n<p>Diversos estudios han puesto de manifiesto que los alumnos con altas capacidades intelectuales (ACH) suelen ser m\u00e1s vulnerables al acoso escolar. Por un lado, estas altas capacidades les hacen destacar, lo que puede generar envidia o malestar entre sus compa\u00f1eros. Por otro lado, algunas caracter\u00edsticas comunes en ellos, como un mayor perfeccionismo, sensibilidad y una fuerte conciencia moral, pueden contribuir a que se vean m\u00e1s afectados por el acoso escolar. La falta de comprensi\u00f3n de sus necesidades y diferencias, tanto por parte de los profesores como de los alumnos, agrava la situaci\u00f3n, dejando a estos alumnos en una posici\u00f3n de mayor vulnerabilidad.   <\/p>\n\n<p>El impacto del acoso en estos alumnos es profundo. No s\u00f3lo afecta a su rendimiento acad\u00e9mico, sino que tambi\u00e9n repercute en su bienestar emocional y su salud mental. Los alumnos HIA que sufren acoso suelen padecer niveles elevados de ansiedad, <a href=\"https:\/\/gifted-hub.com\/es\/interesados\/depresion-entre-adolescentes-superdotados-entendiendo-los-desafios\/\" data-type=\"page\" data-id=\"15546\">depresi\u00f3n<\/a> y estr\u00e9s, junto con una baja autoestima. Estos efectos negativos pueden persistir en el tiempo, dificultando su capacidad de adaptaci\u00f3n al entorno escolar y su desarrollo social y emocional. Adem\u00e1s, la experiencia del acoso puede dificultarles el establecimiento de relaciones significativas, ya que a menudo se sienten incomprendidos o no aceptados por sus compa\u00f1eros.    <\/p>\n\n<p>Por todo ello, es fundamental promover la sensibilizaci\u00f3n hacia la diversidad en las escuelas, creando un entorno inclusivo en el que todos los alumnos, independientemente de sus capacidades, se sientan valorados y seguros. La detecci\u00f3n precoz de estos fen\u00f3menos y la puesta en marcha de programas preventivos pueden ayudar a mitigar los efectos del acoso escolar, favoreciendo no s\u00f3lo el bienestar de los alumnos HIA, sino tambi\u00e9n su desarrollo integral en todos los aspectos de la vida. <\/p>\n\n<p><\/p>\n","protected":false},"excerpt":{"rendered":"<p>El acoso escolar es un problema complejo que afecta especialmente a los alumnos con altas capacidades. Este grupo, a menudo considerado diferente por su destreza intelectual, se enfrenta no s\u00f3lo a retos acad\u00e9micos, sino tambi\u00e9n a dificultades sociales y emocionales. El acoso escolar hacia estos alumnos puede manifestarse tanto de forma f\u00edsica como psicol\u00f3gica, y [&hellip;]<\/p>\n","protected":false},"author":1,"featured_media":17774,"parent":15623,"menu_order":0,"comment_status":"closed","ping_status":"closed","template":"","meta":{"_acf_changed":false,"inline_featured_image":false,"footnotes":""},"group-interest":[],"class_list":["post-17810","page","type-page","status-publish","has-post-thumbnail","hentry"],"acf":[],"yoast_head":"<!-- This site is optimized with the Yoast SEO plugin v27.4 - https:\/\/yoast.com\/product\/yoast-seo-wordpress\/ -->\n<title>Acoso escolar y alumnos con altas capacidades - Gifted HUB<\/title>\n<meta name=\"robots\" content=\"index, follow, max-snippet:-1, max-image-preview:large, max-video-preview:-1\" \/>\n<link rel=\"canonical\" href=\"https:\/\/gifted-hub.com\/es\/profesores\/acoso-escolar-y-alumnos-con-altas-capacidades\/\" \/>\n<meta property=\"og:locale\" content=\"es_ES\" \/>\n<meta property=\"og:type\" content=\"article\" \/>\n<meta property=\"og:title\" content=\"Acoso escolar y alumnos con altas capacidades - Gifted HUB\" \/>\n<meta property=\"og:description\" content=\"El acoso escolar es un problema complejo que afecta especialmente a los alumnos con altas capacidades. Este grupo, a menudo considerado diferente por su destreza intelectual, se enfrenta no s\u00f3lo a retos acad\u00e9micos, sino tambi\u00e9n a dificultades sociales y emocionales. El acoso escolar hacia estos alumnos puede manifestarse tanto de forma f\u00edsica como psicol\u00f3gica, y [&hellip;]\" \/>\n<meta property=\"og:url\" content=\"https:\/\/gifted-hub.com\/es\/profesores\/acoso-escolar-y-alumnos-con-altas-capacidades\/\" \/>\n<meta property=\"og:site_name\" content=\"Gifted HUB\" \/>\n<meta property=\"article:modified_time\" content=\"2024-11-09T23:03:10+00:00\" \/>\n<meta property=\"og:image\" content=\"https:\/\/gifted-hub.com\/wp-content\/uploads\/2024\/11\/7640730-e1731192474581.jpg\" \/>\n\t<meta property=\"og:image:width\" content=\"800\" \/>\n\t<meta property=\"og:image:height\" content=\"1200\" \/>\n\t<meta property=\"og:image:type\" content=\"image\/jpeg\" \/>\n<meta name=\"twitter:card\" content=\"summary_large_image\" \/>\n<meta name=\"twitter:label1\" content=\"Tiempo de lectura\" \/>\n\t<meta name=\"twitter:data1\" content=\"2 minutos\" \/>\n<script type=\"application\/ld+json\" class=\"yoast-schema-graph\">{\"@context\":\"https:\\\/\\\/schema.org\",\"@graph\":[{\"@type\":\"WebPage\",\"@id\":\"https:\\\/\\\/gifted-hub.com\\\/es\\\/profesores\\\/acoso-escolar-y-alumnos-con-altas-capacidades\\\/\",\"url\":\"https:\\\/\\\/gifted-hub.com\\\/es\\\/profesores\\\/acoso-escolar-y-alumnos-con-altas-capacidades\\\/\",\"name\":\"Acoso escolar y alumnos con altas capacidades - Gifted HUB\",\"isPartOf\":{\"@id\":\"https:\\\/\\\/gifted-hub.com\\\/es\\\/#website\"},\"primaryImageOfPage\":{\"@id\":\"https:\\\/\\\/gifted-hub.com\\\/es\\\/profesores\\\/acoso-escolar-y-alumnos-con-altas-capacidades\\\/#primaryimage\"},\"image\":{\"@id\":\"https:\\\/\\\/gifted-hub.com\\\/es\\\/profesores\\\/acoso-escolar-y-alumnos-con-altas-capacidades\\\/#primaryimage\"},\"thumbnailUrl\":\"https:\\\/\\\/gifted-hub.com\\\/wp-content\\\/uploads\\\/2024\\\/11\\\/7640730-e1731192474581.jpg\",\"datePublished\":\"2024-11-09T22:48:23+00:00\",\"dateModified\":\"2024-11-09T23:03:10+00:00\",\"breadcrumb\":{\"@id\":\"https:\\\/\\\/gifted-hub.com\\\/es\\\/profesores\\\/acoso-escolar-y-alumnos-con-altas-capacidades\\\/#breadcrumb\"},\"inLanguage\":\"es\",\"potentialAction\":[{\"@type\":\"ReadAction\",\"target\":[\"https:\\\/\\\/gifted-hub.com\\\/es\\\/profesores\\\/acoso-escolar-y-alumnos-con-altas-capacidades\\\/\"]}]},{\"@type\":\"ImageObject\",\"inLanguage\":\"es\",\"@id\":\"https:\\\/\\\/gifted-hub.com\\\/es\\\/profesores\\\/acoso-escolar-y-alumnos-con-altas-capacidades\\\/#primaryimage\",\"url\":\"https:\\\/\\\/gifted-hub.com\\\/wp-content\\\/uploads\\\/2024\\\/11\\\/7640730-e1731192474581.jpg\",\"contentUrl\":\"https:\\\/\\\/gifted-hub.com\\\/wp-content\\\/uploads\\\/2024\\\/11\\\/7640730-e1731192474581.jpg\",\"width\":800,\"height\":1200},{\"@type\":\"BreadcrumbList\",\"@id\":\"https:\\\/\\\/gifted-hub.com\\\/es\\\/profesores\\\/acoso-escolar-y-alumnos-con-altas-capacidades\\\/#breadcrumb\",\"itemListElement\":[{\"@type\":\"ListItem\",\"position\":1,\"name\":\"Home\",\"item\":\"https:\\\/\\\/gifted-hub.com\\\/es\\\/inicio\\\/\"},{\"@type\":\"ListItem\",\"position\":2,\"name\":\"Profesores\",\"item\":\"https:\\\/\\\/gifted-hub.com\\\/es\\\/profesores\\\/\"},{\"@type\":\"ListItem\",\"position\":3,\"name\":\"Acoso escolar y alumnos con altas capacidades\"}]},{\"@type\":\"WebSite\",\"@id\":\"https:\\\/\\\/gifted-hub.com\\\/es\\\/#website\",\"url\":\"https:\\\/\\\/gifted-hub.com\\\/es\\\/\",\"name\":\"Gifted HUB\",\"description\":\"Un espacio para las altas capacidades\",\"publisher\":{\"@id\":\"https:\\\/\\\/gifted-hub.com\\\/es\\\/#organization\"},\"potentialAction\":[{\"@type\":\"SearchAction\",\"target\":{\"@type\":\"EntryPoint\",\"urlTemplate\":\"https:\\\/\\\/gifted-hub.com\\\/es\\\/?s={search_term_string}\"},\"query-input\":{\"@type\":\"PropertyValueSpecification\",\"valueRequired\":true,\"valueName\":\"search_term_string\"}}],\"inLanguage\":\"es\"},{\"@type\":\"Organization\",\"@id\":\"https:\\\/\\\/gifted-hub.com\\\/es\\\/#organization\",\"name\":\"Gifted HUB\",\"url\":\"https:\\\/\\\/gifted-hub.com\\\/es\\\/\",\"logo\":{\"@type\":\"ImageObject\",\"inLanguage\":\"es\",\"@id\":\"https:\\\/\\\/gifted-hub.com\\\/es\\\/#\\\/schema\\\/logo\\\/image\\\/\",\"url\":\"https:\\\/\\\/gifted-hub.com\\\/wp-content\\\/uploads\\\/2024\\\/07\\\/logo-1.svg\",\"contentUrl\":\"https:\\\/\\\/gifted-hub.com\\\/wp-content\\\/uploads\\\/2024\\\/07\\\/logo-1.svg\",\"caption\":\"Gifted HUB\"},\"image\":{\"@id\":\"https:\\\/\\\/gifted-hub.com\\\/es\\\/#\\\/schema\\\/logo\\\/image\\\/\"}}]}<\/script>\n<!-- \/ Yoast SEO plugin. -->","yoast_head_json":{"title":"Acoso escolar y alumnos con altas capacidades - Gifted HUB","robots":{"index":"index","follow":"follow","max-snippet":"max-snippet:-1","max-image-preview":"max-image-preview:large","max-video-preview":"max-video-preview:-1"},"canonical":"https:\/\/gifted-hub.com\/es\/profesores\/acoso-escolar-y-alumnos-con-altas-capacidades\/","og_locale":"es_ES","og_type":"article","og_title":"Acoso escolar y alumnos con altas capacidades - Gifted HUB","og_description":"El acoso escolar es un problema complejo que afecta especialmente a los alumnos con altas capacidades. Este grupo, a menudo considerado diferente por su destreza intelectual, se enfrenta no s\u00f3lo a retos acad\u00e9micos, sino tambi\u00e9n a dificultades sociales y emocionales. El acoso escolar hacia estos alumnos puede manifestarse tanto de forma f\u00edsica como psicol\u00f3gica, y [&hellip;]","og_url":"https:\/\/gifted-hub.com\/es\/profesores\/acoso-escolar-y-alumnos-con-altas-capacidades\/","og_site_name":"Gifted HUB","article_modified_time":"2024-11-09T23:03:10+00:00","og_image":[{"width":800,"height":1200,"url":"https:\/\/gifted-hub.com\/wp-content\/uploads\/2024\/11\/7640730-e1731192474581.jpg","type":"image\/jpeg"}],"twitter_card":"summary_large_image","twitter_misc":{"Tiempo de lectura":"2 minutos"},"schema":{"@context":"https:\/\/schema.org","@graph":[{"@type":"WebPage","@id":"https:\/\/gifted-hub.com\/es\/profesores\/acoso-escolar-y-alumnos-con-altas-capacidades\/","url":"https:\/\/gifted-hub.com\/es\/profesores\/acoso-escolar-y-alumnos-con-altas-capacidades\/","name":"Acoso escolar y alumnos con altas capacidades - Gifted HUB","isPartOf":{"@id":"https:\/\/gifted-hub.com\/es\/#website"},"primaryImageOfPage":{"@id":"https:\/\/gifted-hub.com\/es\/profesores\/acoso-escolar-y-alumnos-con-altas-capacidades\/#primaryimage"},"image":{"@id":"https:\/\/gifted-hub.com\/es\/profesores\/acoso-escolar-y-alumnos-con-altas-capacidades\/#primaryimage"},"thumbnailUrl":"https:\/\/gifted-hub.com\/wp-content\/uploads\/2024\/11\/7640730-e1731192474581.jpg","datePublished":"2024-11-09T22:48:23+00:00","dateModified":"2024-11-09T23:03:10+00:00","breadcrumb":{"@id":"https:\/\/gifted-hub.com\/es\/profesores\/acoso-escolar-y-alumnos-con-altas-capacidades\/#breadcrumb"},"inLanguage":"es","potentialAction":[{"@type":"ReadAction","target":["https:\/\/gifted-hub.com\/es\/profesores\/acoso-escolar-y-alumnos-con-altas-capacidades\/"]}]},{"@type":"ImageObject","inLanguage":"es","@id":"https:\/\/gifted-hub.com\/es\/profesores\/acoso-escolar-y-alumnos-con-altas-capacidades\/#primaryimage","url":"https:\/\/gifted-hub.com\/wp-content\/uploads\/2024\/11\/7640730-e1731192474581.jpg","contentUrl":"https:\/\/gifted-hub.com\/wp-content\/uploads\/2024\/11\/7640730-e1731192474581.jpg","width":800,"height":1200},{"@type":"BreadcrumbList","@id":"https:\/\/gifted-hub.com\/es\/profesores\/acoso-escolar-y-alumnos-con-altas-capacidades\/#breadcrumb","itemListElement":[{"@type":"ListItem","position":1,"name":"Home","item":"https:\/\/gifted-hub.com\/es\/inicio\/"},{"@type":"ListItem","position":2,"name":"Profesores","item":"https:\/\/gifted-hub.com\/es\/profesores\/"},{"@type":"ListItem","position":3,"name":"Acoso escolar y alumnos con altas capacidades"}]},{"@type":"WebSite","@id":"https:\/\/gifted-hub.com\/es\/#website","url":"https:\/\/gifted-hub.com\/es\/","name":"Gifted HUB","description":"Un espacio para las altas capacidades","publisher":{"@id":"https:\/\/gifted-hub.com\/es\/#organization"},"potentialAction":[{"@type":"SearchAction","target":{"@type":"EntryPoint","urlTemplate":"https:\/\/gifted-hub.com\/es\/?s={search_term_string}"},"query-input":{"@type":"PropertyValueSpecification","valueRequired":true,"valueName":"search_term_string"}}],"inLanguage":"es"},{"@type":"Organization","@id":"https:\/\/gifted-hub.com\/es\/#organization","name":"Gifted HUB","url":"https:\/\/gifted-hub.com\/es\/","logo":{"@type":"ImageObject","inLanguage":"es","@id":"https:\/\/gifted-hub.com\/es\/#\/schema\/logo\/image\/","url":"https:\/\/gifted-hub.com\/wp-content\/uploads\/2024\/07\/logo-1.svg","contentUrl":"https:\/\/gifted-hub.com\/wp-content\/uploads\/2024\/07\/logo-1.svg","caption":"Gifted HUB"},"image":{"@id":"https:\/\/gifted-hub.com\/es\/#\/schema\/logo\/image\/"}}]}},"_links":{"self":[{"href":"https:\/\/gifted-hub.com\/es\/wp-json\/wp\/v2\/pages\/17810","targetHints":{"allow":["GET"]}}],"collection":[{"href":"https:\/\/gifted-hub.com\/es\/wp-json\/wp\/v2\/pages"}],"about":[{"href":"https:\/\/gifted-hub.com\/es\/wp-json\/wp\/v2\/types\/page"}],"author":[{"embeddable":true,"href":"https:\/\/gifted-hub.com\/es\/wp-json\/wp\/v2\/users\/1"}],"replies":[{"embeddable":true,"href":"https:\/\/gifted-hub.com\/es\/wp-json\/wp\/v2\/comments?post=17810"}],"version-history":[{"count":1,"href":"https:\/\/gifted-hub.com\/es\/wp-json\/wp\/v2\/pages\/17810\/revisions"}],"predecessor-version":[{"id":17811,"href":"https:\/\/gifted-hub.com\/es\/wp-json\/wp\/v2\/pages\/17810\/revisions\/17811"}],"up":[{"embeddable":true,"href":"https:\/\/gifted-hub.com\/es\/wp-json\/wp\/v2\/pages\/15623"}],"wp:featuredmedia":[{"embeddable":true,"href":"https:\/\/gifted-hub.com\/es\/wp-json\/wp\/v2\/media\/17774"}],"wp:attachment":[{"href":"https:\/\/gifted-hub.com\/es\/wp-json\/wp\/v2\/media?parent=17810"}],"wp:term":[{"taxonomy":"group-interest","embeddable":true,"href":"https:\/\/gifted-hub.com\/es\/wp-json\/wp\/v2\/group-interest?post=17810"}],"curies":[{"name":"wp","href":"https:\/\/api.w.org\/{rel}","templated":true}]}}