{"id":16257,"date":"2024-10-24T23:18:46","date_gmt":"2024-10-24T23:18:46","guid":{"rendered":"https:\/\/gifted-hub.com\/entendiendo-la-divergencia-estudiantes-con-altas-capacidades-exitosos-vs-fracasados-en-la-educacion\/"},"modified":"2025-04-21T22:34:00","modified_gmt":"2025-04-21T22:34:00","slug":"entendiendo-la-divergencia-estudiantes-con-altas-capacidades-exitosos-vs-fracasados-en-la-educacion","status":"publish","type":"page","link":"https:\/\/gifted-hub.com\/es\/profesores\/entendiendo-la-divergencia-estudiantes-con-altas-capacidades-exitosos-vs-fracasados-en-la-educacion\/","title":{"rendered":"Entendiendo la divergencia: estudiantes con altas capacidades exitosos vs. fracasados en la educaci\u00f3n"},"content":{"rendered":"\n<p>Los estudiantes con altas capacidades exitosos y fracasados son dos grupos de estudiantes altamente capaces que muestran resultados muy diferentes en la escuela. Los estudiantes exitosos son aquellos que logran cumplir o superar su potencial, prosperando en entornos acad\u00e9micos desafiantes y consistentemente rindiendo bien en ex\u00e1menes y tareas. Se mantienen comprometidos con el trabajo escolar y tienden a superar los desaf\u00edos que se les presentan mientras equilibran varios aspectos de sus vidas. Por otro lado, los estudiantes fracasados son aquellos que tienen el mismo potencial pero, por diversas razones, luchan por cumplir con las expectativas, a menudo rindiendo por debajo de sus capacidades aunque sean capaces de m\u00e1s.   <\/p>\n\n<p><strong>Las diferencias entre estos grupos pueden entenderse a trav\u00e9s de una variedad de patrones.<\/strong> Los estudiantes con altas capacidades fracasados a menudo comienzan a tener dificultades durante per\u00edodos de transici\u00f3n clave, como la secundaria, cuando las presiones sociales y las cambiantes demandas acad\u00e9micas pueden dificultarles mantenerse al d\u00eda. Pueden comenzar a sentirse desconectados de sus compa\u00f1eros o abrumados por la necesidad de conformarse, lo que los lleva a rechazar su identidad como estudiantes con alta capacitaci\u00f3n. Los fracasados tambi\u00e9n suelen lidiar con problemas como baja motivaci\u00f3n, asistencia inconsistente o falta de inter\u00e9s en cursos exigentes, lo que puede ampliar a\u00fan m\u00e1s la brecha entre su potencial y su rendimiento. Los exitosos, mientras tanto, se mantienen m\u00e1s comprometidos eligiendo cursos desafiantes y manteniendo mejores h\u00e1bitos de asistencia, y esto les ayuda a mantener su \u00e9xito acad\u00e9mico.   <\/p>\n\n<p>Otro aspecto importante es <strong>c\u00f3mo el g\u00e9nero influye en el fracaso<\/strong>. Entre los estudiantes con altas capacidades, los ni\u00f1os tienden a estar m\u00e1s representados en el grupo de fracasados, mientras que las ni\u00f1as caen m\u00e1s a menudo en la categor\u00eda de exitosos. Curiosamente, al observar las puntuaciones de ex\u00e1menes estandarizados como el ACT, los ni\u00f1os exitosos superan a las ni\u00f1as exitosas en promedio, pero en t\u00e9rminos de calificaciones escolares generales, las ni\u00f1as tienden a hacerlo mejor. Esto sugiere que las razones detr\u00e1s del fracaso son complejas, involucrando tanto factores sociales como actitudes personales hacia la educaci\u00f3n.   <\/p>\n\n<p>Las conclusiones de estas observaciones enfatizan la necesidad de una intervenci\u00f3n temprana. Los consejeros y maestros deben monitorear de cerca los patrones de asistencia y selecci\u00f3n de cursos, as\u00ed como c\u00f3mo los estudiantes responden a las presiones de la secundaria. Si el fracaso puede identificarse temprano, hay una mayor posibilidad de ayudar a estos estudiantes a retomar el camino antes de que sus h\u00e1bitos acad\u00e9micos se arraiguen profundamente. Muchos fracasados tienen la capacidad de tener \u00e9xito, pero necesitan apoyo y aliento en momentos cruciales para ayudarlos a reconectarse con su educaci\u00f3n y ver el valor de sus habilidades. La conclusi\u00f3n clave es que los estudiantes con altas capacidades fracasados no carecen de inteligencia, pero pueden requerir enfoques diferentes para ayudarlos a prosperar en un sistema escolar que a menudo no aborda sus desaf\u00edos y necesidades \u00fanicas.    <\/p>\n","protected":false},"excerpt":{"rendered":"<p>Los estudiantes con altas capacidades exitosos y fracasados son dos grupos de estudiantes altamente capaces que muestran resultados muy diferentes en la escuela. Los estudiantes exitosos son aquellos que logran cumplir o superar su potencial, prosperando en entornos acad\u00e9micos desafiantes y consistentemente rindiendo bien en ex\u00e1menes y tareas. Se mantienen comprometidos con el trabajo escolar [&hellip;]<\/p>\n","protected":false},"author":1,"featured_media":16244,"parent":15623,"menu_order":0,"comment_status":"closed","ping_status":"closed","template":"","meta":{"_acf_changed":false,"inline_featured_image":false,"footnotes":""},"group-interest":[],"class_list":["post-16257","page","type-page","status-publish","has-post-thumbnail","hentry"],"acf":[],"yoast_head":"<!-- This site is optimized with the Yoast SEO plugin v27.4 - https:\/\/yoast.com\/product\/yoast-seo-wordpress\/ -->\n<title>Entendiendo la divergencia: estudiantes con altas capacidades exitosos vs. fracasados en la educaci\u00f3n - Gifted HUB<\/title>\n<meta name=\"robots\" content=\"index, follow, max-snippet:-1, max-image-preview:large, max-video-preview:-1\" \/>\n<link rel=\"canonical\" href=\"https:\/\/gifted-hub.com\/es\/profesores\/entendiendo-la-divergencia-estudiantes-con-altas-capacidades-exitosos-vs-fracasados-en-la-educacion\/\" \/>\n<meta property=\"og:locale\" content=\"es_ES\" \/>\n<meta property=\"og:type\" content=\"article\" \/>\n<meta property=\"og:title\" content=\"Entendiendo la divergencia: estudiantes con altas capacidades exitosos vs. fracasados en la educaci\u00f3n - Gifted HUB\" \/>\n<meta property=\"og:description\" content=\"Los estudiantes con altas capacidades exitosos y fracasados son dos grupos de estudiantes altamente capaces que muestran resultados muy diferentes en la escuela. Los estudiantes exitosos son aquellos que logran cumplir o superar su potencial, prosperando en entornos acad\u00e9micos desafiantes y consistentemente rindiendo bien en ex\u00e1menes y tareas. Se mantienen comprometidos con el trabajo escolar [&hellip;]\" \/>\n<meta property=\"og:url\" content=\"https:\/\/gifted-hub.com\/es\/profesores\/entendiendo-la-divergencia-estudiantes-con-altas-capacidades-exitosos-vs-fracasados-en-la-educacion\/\" \/>\n<meta property=\"og:site_name\" content=\"Gifted HUB\" \/>\n<meta property=\"article:modified_time\" content=\"2025-04-21T22:34:00+00:00\" \/>\n<meta property=\"og:image\" content=\"https:\/\/gifted-hub.com\/wp-content\/uploads\/2024\/10\/8cqdvpuo_ki.jpg\" \/>\n\t<meta property=\"og:image:width\" content=\"1600\" \/>\n\t<meta property=\"og:image:height\" content=\"1067\" \/>\n\t<meta property=\"og:image:type\" content=\"image\/jpeg\" \/>\n<meta name=\"twitter:card\" content=\"summary_large_image\" \/>\n<meta name=\"twitter:label1\" content=\"Tiempo de lectura\" \/>\n\t<meta name=\"twitter:data1\" content=\"3 minutos\" \/>\n<script type=\"application\/ld+json\" class=\"yoast-schema-graph\">{\"@context\":\"https:\\\/\\\/schema.org\",\"@graph\":[{\"@type\":\"WebPage\",\"@id\":\"https:\\\/\\\/gifted-hub.com\\\/es\\\/profesores\\\/entendiendo-la-divergencia-estudiantes-con-altas-capacidades-exitosos-vs-fracasados-en-la-educacion\\\/\",\"url\":\"https:\\\/\\\/gifted-hub.com\\\/es\\\/profesores\\\/entendiendo-la-divergencia-estudiantes-con-altas-capacidades-exitosos-vs-fracasados-en-la-educacion\\\/\",\"name\":\"Entendiendo la divergencia: estudiantes con altas capacidades exitosos vs. fracasados en la educaci\u00f3n - Gifted HUB\",\"isPartOf\":{\"@id\":\"https:\\\/\\\/gifted-hub.com\\\/es\\\/#website\"},\"primaryImageOfPage\":{\"@id\":\"https:\\\/\\\/gifted-hub.com\\\/es\\\/profesores\\\/entendiendo-la-divergencia-estudiantes-con-altas-capacidades-exitosos-vs-fracasados-en-la-educacion\\\/#primaryimage\"},\"image\":{\"@id\":\"https:\\\/\\\/gifted-hub.com\\\/es\\\/profesores\\\/entendiendo-la-divergencia-estudiantes-con-altas-capacidades-exitosos-vs-fracasados-en-la-educacion\\\/#primaryimage\"},\"thumbnailUrl\":\"https:\\\/\\\/gifted-hub.com\\\/wp-content\\\/uploads\\\/2024\\\/10\\\/8cqdvpuo_ki.jpg\",\"datePublished\":\"2024-10-24T23:18:46+00:00\",\"dateModified\":\"2025-04-21T22:34:00+00:00\",\"breadcrumb\":{\"@id\":\"https:\\\/\\\/gifted-hub.com\\\/es\\\/profesores\\\/entendiendo-la-divergencia-estudiantes-con-altas-capacidades-exitosos-vs-fracasados-en-la-educacion\\\/#breadcrumb\"},\"inLanguage\":\"es\",\"potentialAction\":[{\"@type\":\"ReadAction\",\"target\":[\"https:\\\/\\\/gifted-hub.com\\\/es\\\/profesores\\\/entendiendo-la-divergencia-estudiantes-con-altas-capacidades-exitosos-vs-fracasados-en-la-educacion\\\/\"]}]},{\"@type\":\"ImageObject\",\"inLanguage\":\"es\",\"@id\":\"https:\\\/\\\/gifted-hub.com\\\/es\\\/profesores\\\/entendiendo-la-divergencia-estudiantes-con-altas-capacidades-exitosos-vs-fracasados-en-la-educacion\\\/#primaryimage\",\"url\":\"https:\\\/\\\/gifted-hub.com\\\/wp-content\\\/uploads\\\/2024\\\/10\\\/8cqdvpuo_ki.jpg\",\"contentUrl\":\"https:\\\/\\\/gifted-hub.com\\\/wp-content\\\/uploads\\\/2024\\\/10\\\/8cqdvpuo_ki.jpg\",\"width\":1600,\"height\":1067},{\"@type\":\"BreadcrumbList\",\"@id\":\"https:\\\/\\\/gifted-hub.com\\\/es\\\/profesores\\\/entendiendo-la-divergencia-estudiantes-con-altas-capacidades-exitosos-vs-fracasados-en-la-educacion\\\/#breadcrumb\",\"itemListElement\":[{\"@type\":\"ListItem\",\"position\":1,\"name\":\"Home\",\"item\":\"https:\\\/\\\/gifted-hub.com\\\/es\\\/inicio\\\/\"},{\"@type\":\"ListItem\",\"position\":2,\"name\":\"Profesores\",\"item\":\"https:\\\/\\\/gifted-hub.com\\\/es\\\/profesores\\\/\"},{\"@type\":\"ListItem\",\"position\":3,\"name\":\"Entendiendo la divergencia: estudiantes con altas capacidades exitosos vs. fracasados en la educaci\u00f3n\"}]},{\"@type\":\"WebSite\",\"@id\":\"https:\\\/\\\/gifted-hub.com\\\/es\\\/#website\",\"url\":\"https:\\\/\\\/gifted-hub.com\\\/es\\\/\",\"name\":\"Gifted HUB\",\"description\":\"Un espacio para las altas capacidades\",\"publisher\":{\"@id\":\"https:\\\/\\\/gifted-hub.com\\\/es\\\/#organization\"},\"potentialAction\":[{\"@type\":\"SearchAction\",\"target\":{\"@type\":\"EntryPoint\",\"urlTemplate\":\"https:\\\/\\\/gifted-hub.com\\\/es\\\/?s={search_term_string}\"},\"query-input\":{\"@type\":\"PropertyValueSpecification\",\"valueRequired\":true,\"valueName\":\"search_term_string\"}}],\"inLanguage\":\"es\"},{\"@type\":\"Organization\",\"@id\":\"https:\\\/\\\/gifted-hub.com\\\/es\\\/#organization\",\"name\":\"Gifted HUB\",\"url\":\"https:\\\/\\\/gifted-hub.com\\\/es\\\/\",\"logo\":{\"@type\":\"ImageObject\",\"inLanguage\":\"es\",\"@id\":\"https:\\\/\\\/gifted-hub.com\\\/es\\\/#\\\/schema\\\/logo\\\/image\\\/\",\"url\":\"https:\\\/\\\/gifted-hub.com\\\/wp-content\\\/uploads\\\/2024\\\/07\\\/logo-1.svg\",\"contentUrl\":\"https:\\\/\\\/gifted-hub.com\\\/wp-content\\\/uploads\\\/2024\\\/07\\\/logo-1.svg\",\"caption\":\"Gifted HUB\"},\"image\":{\"@id\":\"https:\\\/\\\/gifted-hub.com\\\/es\\\/#\\\/schema\\\/logo\\\/image\\\/\"}}]}<\/script>\n<!-- \/ Yoast SEO plugin. -->","yoast_head_json":{"title":"Entendiendo la divergencia: estudiantes con altas capacidades exitosos vs. fracasados en la educaci\u00f3n - Gifted HUB","robots":{"index":"index","follow":"follow","max-snippet":"max-snippet:-1","max-image-preview":"max-image-preview:large","max-video-preview":"max-video-preview:-1"},"canonical":"https:\/\/gifted-hub.com\/es\/profesores\/entendiendo-la-divergencia-estudiantes-con-altas-capacidades-exitosos-vs-fracasados-en-la-educacion\/","og_locale":"es_ES","og_type":"article","og_title":"Entendiendo la divergencia: estudiantes con altas capacidades exitosos vs. fracasados en la educaci\u00f3n - Gifted HUB","og_description":"Los estudiantes con altas capacidades exitosos y fracasados son dos grupos de estudiantes altamente capaces que muestran resultados muy diferentes en la escuela. Los estudiantes exitosos son aquellos que logran cumplir o superar su potencial, prosperando en entornos acad\u00e9micos desafiantes y consistentemente rindiendo bien en ex\u00e1menes y tareas. Se mantienen comprometidos con el trabajo escolar [&hellip;]","og_url":"https:\/\/gifted-hub.com\/es\/profesores\/entendiendo-la-divergencia-estudiantes-con-altas-capacidades-exitosos-vs-fracasados-en-la-educacion\/","og_site_name":"Gifted HUB","article_modified_time":"2025-04-21T22:34:00+00:00","og_image":[{"width":1600,"height":1067,"url":"https:\/\/gifted-hub.com\/wp-content\/uploads\/2024\/10\/8cqdvpuo_ki.jpg","type":"image\/jpeg"}],"twitter_card":"summary_large_image","twitter_misc":{"Tiempo de lectura":"3 minutos"},"schema":{"@context":"https:\/\/schema.org","@graph":[{"@type":"WebPage","@id":"https:\/\/gifted-hub.com\/es\/profesores\/entendiendo-la-divergencia-estudiantes-con-altas-capacidades-exitosos-vs-fracasados-en-la-educacion\/","url":"https:\/\/gifted-hub.com\/es\/profesores\/entendiendo-la-divergencia-estudiantes-con-altas-capacidades-exitosos-vs-fracasados-en-la-educacion\/","name":"Entendiendo la divergencia: estudiantes con altas capacidades exitosos vs. fracasados en la educaci\u00f3n - Gifted HUB","isPartOf":{"@id":"https:\/\/gifted-hub.com\/es\/#website"},"primaryImageOfPage":{"@id":"https:\/\/gifted-hub.com\/es\/profesores\/entendiendo-la-divergencia-estudiantes-con-altas-capacidades-exitosos-vs-fracasados-en-la-educacion\/#primaryimage"},"image":{"@id":"https:\/\/gifted-hub.com\/es\/profesores\/entendiendo-la-divergencia-estudiantes-con-altas-capacidades-exitosos-vs-fracasados-en-la-educacion\/#primaryimage"},"thumbnailUrl":"https:\/\/gifted-hub.com\/wp-content\/uploads\/2024\/10\/8cqdvpuo_ki.jpg","datePublished":"2024-10-24T23:18:46+00:00","dateModified":"2025-04-21T22:34:00+00:00","breadcrumb":{"@id":"https:\/\/gifted-hub.com\/es\/profesores\/entendiendo-la-divergencia-estudiantes-con-altas-capacidades-exitosos-vs-fracasados-en-la-educacion\/#breadcrumb"},"inLanguage":"es","potentialAction":[{"@type":"ReadAction","target":["https:\/\/gifted-hub.com\/es\/profesores\/entendiendo-la-divergencia-estudiantes-con-altas-capacidades-exitosos-vs-fracasados-en-la-educacion\/"]}]},{"@type":"ImageObject","inLanguage":"es","@id":"https:\/\/gifted-hub.com\/es\/profesores\/entendiendo-la-divergencia-estudiantes-con-altas-capacidades-exitosos-vs-fracasados-en-la-educacion\/#primaryimage","url":"https:\/\/gifted-hub.com\/wp-content\/uploads\/2024\/10\/8cqdvpuo_ki.jpg","contentUrl":"https:\/\/gifted-hub.com\/wp-content\/uploads\/2024\/10\/8cqdvpuo_ki.jpg","width":1600,"height":1067},{"@type":"BreadcrumbList","@id":"https:\/\/gifted-hub.com\/es\/profesores\/entendiendo-la-divergencia-estudiantes-con-altas-capacidades-exitosos-vs-fracasados-en-la-educacion\/#breadcrumb","itemListElement":[{"@type":"ListItem","position":1,"name":"Home","item":"https:\/\/gifted-hub.com\/es\/inicio\/"},{"@type":"ListItem","position":2,"name":"Profesores","item":"https:\/\/gifted-hub.com\/es\/profesores\/"},{"@type":"ListItem","position":3,"name":"Entendiendo la divergencia: estudiantes con altas capacidades exitosos vs. fracasados en la educaci\u00f3n"}]},{"@type":"WebSite","@id":"https:\/\/gifted-hub.com\/es\/#website","url":"https:\/\/gifted-hub.com\/es\/","name":"Gifted HUB","description":"Un espacio para las altas capacidades","publisher":{"@id":"https:\/\/gifted-hub.com\/es\/#organization"},"potentialAction":[{"@type":"SearchAction","target":{"@type":"EntryPoint","urlTemplate":"https:\/\/gifted-hub.com\/es\/?s={search_term_string}"},"query-input":{"@type":"PropertyValueSpecification","valueRequired":true,"valueName":"search_term_string"}}],"inLanguage":"es"},{"@type":"Organization","@id":"https:\/\/gifted-hub.com\/es\/#organization","name":"Gifted HUB","url":"https:\/\/gifted-hub.com\/es\/","logo":{"@type":"ImageObject","inLanguage":"es","@id":"https:\/\/gifted-hub.com\/es\/#\/schema\/logo\/image\/","url":"https:\/\/gifted-hub.com\/wp-content\/uploads\/2024\/07\/logo-1.svg","contentUrl":"https:\/\/gifted-hub.com\/wp-content\/uploads\/2024\/07\/logo-1.svg","caption":"Gifted HUB"},"image":{"@id":"https:\/\/gifted-hub.com\/es\/#\/schema\/logo\/image\/"}}]}},"_links":{"self":[{"href":"https:\/\/gifted-hub.com\/es\/wp-json\/wp\/v2\/pages\/16257","targetHints":{"allow":["GET"]}}],"collection":[{"href":"https:\/\/gifted-hub.com\/es\/wp-json\/wp\/v2\/pages"}],"about":[{"href":"https:\/\/gifted-hub.com\/es\/wp-json\/wp\/v2\/types\/page"}],"author":[{"embeddable":true,"href":"https:\/\/gifted-hub.com\/es\/wp-json\/wp\/v2\/users\/1"}],"replies":[{"embeddable":true,"href":"https:\/\/gifted-hub.com\/es\/wp-json\/wp\/v2\/comments?post=16257"}],"version-history":[{"count":2,"href":"https:\/\/gifted-hub.com\/es\/wp-json\/wp\/v2\/pages\/16257\/revisions"}],"predecessor-version":[{"id":19388,"href":"https:\/\/gifted-hub.com\/es\/wp-json\/wp\/v2\/pages\/16257\/revisions\/19388"}],"up":[{"embeddable":true,"href":"https:\/\/gifted-hub.com\/es\/wp-json\/wp\/v2\/pages\/15623"}],"wp:featuredmedia":[{"embeddable":true,"href":"https:\/\/gifted-hub.com\/es\/wp-json\/wp\/v2\/media\/16244"}],"wp:attachment":[{"href":"https:\/\/gifted-hub.com\/es\/wp-json\/wp\/v2\/media?parent=16257"}],"wp:term":[{"taxonomy":"group-interest","embeddable":true,"href":"https:\/\/gifted-hub.com\/es\/wp-json\/wp\/v2\/group-interest?post=16257"}],"curies":[{"name":"wp","href":"https:\/\/api.w.org\/{rel}","templated":true}]}}