{"id":16224,"date":"2024-10-24T17:32:50","date_gmt":"2024-10-24T17:32:50","guid":{"rendered":"https:\/\/gifted-hub.com\/interesados\/ninas-dotadas-desafios-y-caracteristicas\/"},"modified":"2025-04-21T21:39:24","modified_gmt":"2025-04-21T21:39:24","slug":"ninas-dotadas-desafios-y-caracteristicas","status":"publish","type":"page","link":"https:\/\/gifted-hub.com\/es\/interesados\/ninas-dotadas-desafios-y-caracteristicas\/","title":{"rendered":"Ni\u00f1as con altas capacidades: desaf\u00edos y caracter\u00edsticas"},"content":{"rendered":"\n<p>Las ni\u00f1as con altas capacidades a menudo enfrentan desaf\u00edos \u00fanicos en comparaci\u00f3n con los ni\u00f1os, lo que puede afectar su desarrollo y reconocimiento. Pueden sobresalir en \u00e1reas que no est\u00e1n tradicionalmente asociadas con logros altos, como el liderazgo, la socializaci\u00f3n o la empat\u00eda, en lugar de destacar en asignaturas como matem\u00e1ticas o ciencias. Muchas ni\u00f1as se preocupan m\u00e1s por cuestiones sociales, como ayudar a los dem\u00e1s o promover la paz, en lugar de sobresalir en entornos competitivos. Hist\u00f3ricamente, las mujeres capacitadas han sido a menudo ignoradas o no alentadas a desarrollar su pleno potencial. Muchas mujeres talentosas en el pasado sintieron <strong>que no pod\u00edan alcanzar su verdadero potencial porque se les orientaba hacia roles que la sociedad consideraba adecuados para las mujeres<\/strong>, como la ense\u00f1anza o el trabajo social, en lugar de roles de liderazgo en otros campos.    <\/p>\n\n<p>Estas ni\u00f1as est\u00e1n a menudo en riesgo de no ser identificadas para programas de enriquecimiento, particularmente aquellas de grupos subrepresentados. Su autoconfianza puede disminuir a lo largo de su educaci\u00f3n, y pueden restar importancia a sus habilidades o creer que su \u00e9xito se debe simplemente a la suerte. En comparaci\u00f3n con los ni\u00f1os, las ni\u00f1as con altas capacidades pueden estar menos seguras sobre sus trayectorias profesionales y m\u00e1s inclinadas a considerar el equilibrio entre la carrera y la familia. <a href=\"https:\/\/gifted-hub.com\/es\/interesados\/enfrentando-desafios-en-las-relaciones\/\" data-type=\"page\" data-id=\"15142\">Las relaciones son cruciales para su desarrollo<\/a>, pero estas mismas relaciones tambi\u00e9n pueden ponerlas en riesgo de no desarrollar completamente su potencial. Adem\u00e1s, son m\u00e1s vulnerables a problemas emocionales como la depresi\u00f3n, especialmente si no se les apoya en sus capacidades.   <\/p>\n\n<p>Las principales barreras para el \u00e9xito de las ni\u00f1as dotadas incluyen el miedo al \u00e9xito, la falta de asertividad, <a href=\"https:\/\/gifted-hub.com\/es\/profesores\/apoyando-y-motivando-a-los-ninos-dotados-en-la-escuela\/\" data-type=\"page\" data-id=\"16155\">bajas expectativas acad\u00e9micas y profesionales<\/a>, no atribuir el \u00e9xito a sus propias habilidades y un fr\u00e1gil sentido de autoeficacia. Las caracter\u00edsticas que ayudan a las mujeres dotadas a tener \u00e9xito incluyen pasar tiempo solas, sentirse diferentes, asumir responsabilidades y negarse a aceptar las limitaciones tradicionales de g\u00e9nero. <\/p>\n\n<p>Para que estas ni\u00f1as prosperen, es esencial que los adultos comprendan sus necesidades cognitivas y emocionales. La identificaci\u00f3n temprana de sus habilidades es crucial, al igual que asegurar que tengan oportunidades para interactuar con otros compa\u00f1eros con altas capacidades y recibir orientaci\u00f3n de profesores que entiendan sus necesidades. El mentoreo y las relaciones de apoyo tambi\u00e9n son importantes; las ni\u00f1as se benefician al ver modelos a seguir exitosos y al recibir apoyo emocional de educadores y mentores. Los programas deben incluir exploraci\u00f3n profesional y formaci\u00f3n en liderazgo, brindando a las ni\u00f1as la oportunidad de observar a profesionales y explorar sus intereses en profundidad.   <\/p>\n\n<p><\/p>\n","protected":false},"excerpt":{"rendered":"<p>Las ni\u00f1as con altas capacidades a menudo enfrentan desaf\u00edos \u00fanicos en comparaci\u00f3n con los ni\u00f1os, lo que puede afectar su desarrollo y reconocimiento. Pueden sobresalir en \u00e1reas que no est\u00e1n tradicionalmente asociadas con logros altos, como el liderazgo, la socializaci\u00f3n o la empat\u00eda, en lugar de destacar en asignaturas como matem\u00e1ticas o ciencias. Muchas ni\u00f1as [&hellip;]<\/p>\n","protected":false},"author":1,"featured_media":16208,"parent":15121,"menu_order":0,"comment_status":"closed","ping_status":"closed","template":"","meta":{"_acf_changed":false,"inline_featured_image":false,"footnotes":""},"group-interest":[177],"class_list":["post-16224","page","type-page","status-publish","has-post-thumbnail","hentry","group-interest-individuals-es"],"acf":[],"yoast_head":"<!-- This site is optimized with the Yoast SEO plugin v27.4 - https:\/\/yoast.com\/product\/yoast-seo-wordpress\/ -->\n<title>Ni\u00f1as con altas capacidades: desaf\u00edos y caracter\u00edsticas - Gifted HUB<\/title>\n<meta name=\"robots\" content=\"index, follow, max-snippet:-1, max-image-preview:large, max-video-preview:-1\" \/>\n<link rel=\"canonical\" href=\"https:\/\/gifted-hub.com\/es\/interesados\/ninas-dotadas-desafios-y-caracteristicas\/\" \/>\n<meta property=\"og:locale\" content=\"es_ES\" \/>\n<meta property=\"og:type\" content=\"article\" \/>\n<meta property=\"og:title\" content=\"Ni\u00f1as con altas capacidades: desaf\u00edos y caracter\u00edsticas - Gifted HUB\" \/>\n<meta property=\"og:description\" content=\"Las ni\u00f1as con altas capacidades a menudo enfrentan desaf\u00edos \u00fanicos en comparaci\u00f3n con los ni\u00f1os, lo que puede afectar su desarrollo y reconocimiento. Pueden sobresalir en \u00e1reas que no est\u00e1n tradicionalmente asociadas con logros altos, como el liderazgo, la socializaci\u00f3n o la empat\u00eda, en lugar de destacar en asignaturas como matem\u00e1ticas o ciencias. Muchas ni\u00f1as [&hellip;]\" \/>\n<meta property=\"og:url\" content=\"https:\/\/gifted-hub.com\/es\/interesados\/ninas-dotadas-desafios-y-caracteristicas\/\" \/>\n<meta property=\"og:site_name\" content=\"Gifted HUB\" \/>\n<meta property=\"article:modified_time\" content=\"2025-04-21T21:39:24+00:00\" \/>\n<meta property=\"og:image\" content=\"https:\/\/gifted-hub.com\/wp-content\/uploads\/2024\/10\/royhgmdiog8-e1729791209502.jpg\" \/>\n\t<meta property=\"og:image:width\" content=\"800\" \/>\n\t<meta property=\"og:image:height\" content=\"1200\" \/>\n\t<meta property=\"og:image:type\" content=\"image\/jpeg\" \/>\n<meta name=\"twitter:card\" content=\"summary_large_image\" \/>\n<meta name=\"twitter:label1\" content=\"Tiempo de lectura\" \/>\n\t<meta name=\"twitter:data1\" content=\"2 minutos\" \/>\n<script type=\"application\/ld+json\" class=\"yoast-schema-graph\">{\"@context\":\"https:\\\/\\\/schema.org\",\"@graph\":[{\"@type\":\"WebPage\",\"@id\":\"https:\\\/\\\/gifted-hub.com\\\/es\\\/interesados\\\/ninas-dotadas-desafios-y-caracteristicas\\\/\",\"url\":\"https:\\\/\\\/gifted-hub.com\\\/es\\\/interesados\\\/ninas-dotadas-desafios-y-caracteristicas\\\/\",\"name\":\"Ni\u00f1as con altas capacidades: desaf\u00edos y caracter\u00edsticas - Gifted HUB\",\"isPartOf\":{\"@id\":\"https:\\\/\\\/gifted-hub.com\\\/es\\\/#website\"},\"primaryImageOfPage\":{\"@id\":\"https:\\\/\\\/gifted-hub.com\\\/es\\\/interesados\\\/ninas-dotadas-desafios-y-caracteristicas\\\/#primaryimage\"},\"image\":{\"@id\":\"https:\\\/\\\/gifted-hub.com\\\/es\\\/interesados\\\/ninas-dotadas-desafios-y-caracteristicas\\\/#primaryimage\"},\"thumbnailUrl\":\"https:\\\/\\\/gifted-hub.com\\\/wp-content\\\/uploads\\\/2024\\\/10\\\/royhgmdiog8-e1729791209502.jpg\",\"datePublished\":\"2024-10-24T17:32:50+00:00\",\"dateModified\":\"2025-04-21T21:39:24+00:00\",\"breadcrumb\":{\"@id\":\"https:\\\/\\\/gifted-hub.com\\\/es\\\/interesados\\\/ninas-dotadas-desafios-y-caracteristicas\\\/#breadcrumb\"},\"inLanguage\":\"es\",\"potentialAction\":[{\"@type\":\"ReadAction\",\"target\":[\"https:\\\/\\\/gifted-hub.com\\\/es\\\/interesados\\\/ninas-dotadas-desafios-y-caracteristicas\\\/\"]}]},{\"@type\":\"ImageObject\",\"inLanguage\":\"es\",\"@id\":\"https:\\\/\\\/gifted-hub.com\\\/es\\\/interesados\\\/ninas-dotadas-desafios-y-caracteristicas\\\/#primaryimage\",\"url\":\"https:\\\/\\\/gifted-hub.com\\\/wp-content\\\/uploads\\\/2024\\\/10\\\/royhgmdiog8-e1729791209502.jpg\",\"contentUrl\":\"https:\\\/\\\/gifted-hub.com\\\/wp-content\\\/uploads\\\/2024\\\/10\\\/royhgmdiog8-e1729791209502.jpg\",\"width\":800,\"height\":1200},{\"@type\":\"BreadcrumbList\",\"@id\":\"https:\\\/\\\/gifted-hub.com\\\/es\\\/interesados\\\/ninas-dotadas-desafios-y-caracteristicas\\\/#breadcrumb\",\"itemListElement\":[{\"@type\":\"ListItem\",\"position\":1,\"name\":\"Home\",\"item\":\"https:\\\/\\\/gifted-hub.com\\\/es\\\/inicio\\\/\"},{\"@type\":\"ListItem\",\"position\":2,\"name\":\"Interesados\",\"item\":\"https:\\\/\\\/gifted-hub.com\\\/es\\\/interesados\\\/\"},{\"@type\":\"ListItem\",\"position\":3,\"name\":\"Ni\u00f1as con altas capacidades: desaf\u00edos y caracter\u00edsticas\"}]},{\"@type\":\"WebSite\",\"@id\":\"https:\\\/\\\/gifted-hub.com\\\/es\\\/#website\",\"url\":\"https:\\\/\\\/gifted-hub.com\\\/es\\\/\",\"name\":\"Gifted HUB\",\"description\":\"Un espacio para las altas capacidades\",\"publisher\":{\"@id\":\"https:\\\/\\\/gifted-hub.com\\\/es\\\/#organization\"},\"potentialAction\":[{\"@type\":\"SearchAction\",\"target\":{\"@type\":\"EntryPoint\",\"urlTemplate\":\"https:\\\/\\\/gifted-hub.com\\\/es\\\/?s={search_term_string}\"},\"query-input\":{\"@type\":\"PropertyValueSpecification\",\"valueRequired\":true,\"valueName\":\"search_term_string\"}}],\"inLanguage\":\"es\"},{\"@type\":\"Organization\",\"@id\":\"https:\\\/\\\/gifted-hub.com\\\/es\\\/#organization\",\"name\":\"Gifted HUB\",\"url\":\"https:\\\/\\\/gifted-hub.com\\\/es\\\/\",\"logo\":{\"@type\":\"ImageObject\",\"inLanguage\":\"es\",\"@id\":\"https:\\\/\\\/gifted-hub.com\\\/es\\\/#\\\/schema\\\/logo\\\/image\\\/\",\"url\":\"https:\\\/\\\/gifted-hub.com\\\/wp-content\\\/uploads\\\/2024\\\/07\\\/logo-1.svg\",\"contentUrl\":\"https:\\\/\\\/gifted-hub.com\\\/wp-content\\\/uploads\\\/2024\\\/07\\\/logo-1.svg\",\"caption\":\"Gifted HUB\"},\"image\":{\"@id\":\"https:\\\/\\\/gifted-hub.com\\\/es\\\/#\\\/schema\\\/logo\\\/image\\\/\"}}]}<\/script>\n<!-- \/ Yoast SEO plugin. -->","yoast_head_json":{"title":"Ni\u00f1as con altas capacidades: desaf\u00edos y caracter\u00edsticas - Gifted HUB","robots":{"index":"index","follow":"follow","max-snippet":"max-snippet:-1","max-image-preview":"max-image-preview:large","max-video-preview":"max-video-preview:-1"},"canonical":"https:\/\/gifted-hub.com\/es\/interesados\/ninas-dotadas-desafios-y-caracteristicas\/","og_locale":"es_ES","og_type":"article","og_title":"Ni\u00f1as con altas capacidades: desaf\u00edos y caracter\u00edsticas - Gifted HUB","og_description":"Las ni\u00f1as con altas capacidades a menudo enfrentan desaf\u00edos \u00fanicos en comparaci\u00f3n con los ni\u00f1os, lo que puede afectar su desarrollo y reconocimiento. Pueden sobresalir en \u00e1reas que no est\u00e1n tradicionalmente asociadas con logros altos, como el liderazgo, la socializaci\u00f3n o la empat\u00eda, en lugar de destacar en asignaturas como matem\u00e1ticas o ciencias. Muchas ni\u00f1as [&hellip;]","og_url":"https:\/\/gifted-hub.com\/es\/interesados\/ninas-dotadas-desafios-y-caracteristicas\/","og_site_name":"Gifted HUB","article_modified_time":"2025-04-21T21:39:24+00:00","og_image":[{"width":800,"height":1200,"url":"https:\/\/gifted-hub.com\/wp-content\/uploads\/2024\/10\/royhgmdiog8-e1729791209502.jpg","type":"image\/jpeg"}],"twitter_card":"summary_large_image","twitter_misc":{"Tiempo de lectura":"2 minutos"},"schema":{"@context":"https:\/\/schema.org","@graph":[{"@type":"WebPage","@id":"https:\/\/gifted-hub.com\/es\/interesados\/ninas-dotadas-desafios-y-caracteristicas\/","url":"https:\/\/gifted-hub.com\/es\/interesados\/ninas-dotadas-desafios-y-caracteristicas\/","name":"Ni\u00f1as con altas capacidades: desaf\u00edos y caracter\u00edsticas - Gifted HUB","isPartOf":{"@id":"https:\/\/gifted-hub.com\/es\/#website"},"primaryImageOfPage":{"@id":"https:\/\/gifted-hub.com\/es\/interesados\/ninas-dotadas-desafios-y-caracteristicas\/#primaryimage"},"image":{"@id":"https:\/\/gifted-hub.com\/es\/interesados\/ninas-dotadas-desafios-y-caracteristicas\/#primaryimage"},"thumbnailUrl":"https:\/\/gifted-hub.com\/wp-content\/uploads\/2024\/10\/royhgmdiog8-e1729791209502.jpg","datePublished":"2024-10-24T17:32:50+00:00","dateModified":"2025-04-21T21:39:24+00:00","breadcrumb":{"@id":"https:\/\/gifted-hub.com\/es\/interesados\/ninas-dotadas-desafios-y-caracteristicas\/#breadcrumb"},"inLanguage":"es","potentialAction":[{"@type":"ReadAction","target":["https:\/\/gifted-hub.com\/es\/interesados\/ninas-dotadas-desafios-y-caracteristicas\/"]}]},{"@type":"ImageObject","inLanguage":"es","@id":"https:\/\/gifted-hub.com\/es\/interesados\/ninas-dotadas-desafios-y-caracteristicas\/#primaryimage","url":"https:\/\/gifted-hub.com\/wp-content\/uploads\/2024\/10\/royhgmdiog8-e1729791209502.jpg","contentUrl":"https:\/\/gifted-hub.com\/wp-content\/uploads\/2024\/10\/royhgmdiog8-e1729791209502.jpg","width":800,"height":1200},{"@type":"BreadcrumbList","@id":"https:\/\/gifted-hub.com\/es\/interesados\/ninas-dotadas-desafios-y-caracteristicas\/#breadcrumb","itemListElement":[{"@type":"ListItem","position":1,"name":"Home","item":"https:\/\/gifted-hub.com\/es\/inicio\/"},{"@type":"ListItem","position":2,"name":"Interesados","item":"https:\/\/gifted-hub.com\/es\/interesados\/"},{"@type":"ListItem","position":3,"name":"Ni\u00f1as con altas capacidades: desaf\u00edos y caracter\u00edsticas"}]},{"@type":"WebSite","@id":"https:\/\/gifted-hub.com\/es\/#website","url":"https:\/\/gifted-hub.com\/es\/","name":"Gifted HUB","description":"Un espacio para las altas capacidades","publisher":{"@id":"https:\/\/gifted-hub.com\/es\/#organization"},"potentialAction":[{"@type":"SearchAction","target":{"@type":"EntryPoint","urlTemplate":"https:\/\/gifted-hub.com\/es\/?s={search_term_string}"},"query-input":{"@type":"PropertyValueSpecification","valueRequired":true,"valueName":"search_term_string"}}],"inLanguage":"es"},{"@type":"Organization","@id":"https:\/\/gifted-hub.com\/es\/#organization","name":"Gifted HUB","url":"https:\/\/gifted-hub.com\/es\/","logo":{"@type":"ImageObject","inLanguage":"es","@id":"https:\/\/gifted-hub.com\/es\/#\/schema\/logo\/image\/","url":"https:\/\/gifted-hub.com\/wp-content\/uploads\/2024\/07\/logo-1.svg","contentUrl":"https:\/\/gifted-hub.com\/wp-content\/uploads\/2024\/07\/logo-1.svg","caption":"Gifted HUB"},"image":{"@id":"https:\/\/gifted-hub.com\/es\/#\/schema\/logo\/image\/"}}]}},"_links":{"self":[{"href":"https:\/\/gifted-hub.com\/es\/wp-json\/wp\/v2\/pages\/16224","targetHints":{"allow":["GET"]}}],"collection":[{"href":"https:\/\/gifted-hub.com\/es\/wp-json\/wp\/v2\/pages"}],"about":[{"href":"https:\/\/gifted-hub.com\/es\/wp-json\/wp\/v2\/types\/page"}],"author":[{"embeddable":true,"href":"https:\/\/gifted-hub.com\/es\/wp-json\/wp\/v2\/users\/1"}],"replies":[{"embeddable":true,"href":"https:\/\/gifted-hub.com\/es\/wp-json\/wp\/v2\/comments?post=16224"}],"version-history":[{"count":7,"href":"https:\/\/gifted-hub.com\/es\/wp-json\/wp\/v2\/pages\/16224\/revisions"}],"predecessor-version":[{"id":19371,"href":"https:\/\/gifted-hub.com\/es\/wp-json\/wp\/v2\/pages\/16224\/revisions\/19371"}],"up":[{"embeddable":true,"href":"https:\/\/gifted-hub.com\/es\/wp-json\/wp\/v2\/pages\/15121"}],"wp:featuredmedia":[{"embeddable":true,"href":"https:\/\/gifted-hub.com\/es\/wp-json\/wp\/v2\/media\/16208"}],"wp:attachment":[{"href":"https:\/\/gifted-hub.com\/es\/wp-json\/wp\/v2\/media?parent=16224"}],"wp:term":[{"taxonomy":"group-interest","embeddable":true,"href":"https:\/\/gifted-hub.com\/es\/wp-json\/wp\/v2\/group-interest?post=16224"}],"curies":[{"name":"wp","href":"https:\/\/api.w.org\/{rel}","templated":true}]}}