{"id":15735,"date":"2024-10-20T00:51:35","date_gmt":"2024-10-20T00:51:35","guid":{"rendered":"https:\/\/gifted-hub.com\/profesionales\/"},"modified":"2025-04-21T22:41:40","modified_gmt":"2025-04-21T22:41:40","slug":"profesionales","status":"publish","type":"page","link":"https:\/\/gifted-hub.com\/es\/profesionales\/","title":{"rendered":"Profesionales"},"content":{"rendered":"\n<p>La alta capacitaci\u00f3n es una caracter\u00edstica \u00fanica que a menudo moldea la forma en que las personas perciben e interact\u00faan con el mundo. Para los terapeutas, <strong>entender la superdotaci\u00f3n es crucial<\/strong>, ya que influye en el desarrollo cognitivo, social y emocional de maneras que no siempre se alinean con las expectativas tradicionales. Las personas con estas caracter\u00edstica, tanto ni\u00f1os como adultos, a menudo experimentan el mundo con una sensibilidad aumentada, una profundidad intelectual y un conjunto \u00fanico de desaf\u00edos que pueden llevar a luchas emocionales y sociales. Desafortunadamente, muchos terapeutas no est\u00e1n capacitados para considerar estos matices, lo que lleva a posibles malentendidos o diagn\u00f3sticos err\u00f3neos.   <\/p>\n\n<p>Los ni\u00f1os con altas capacidades aprenden con mayor rapidez, piensan m\u00e1s profundamente y sienten m\u00e1s intensamente que sus compa\u00f1eros. Esta capacidad aumentada a menudo viene acompa\u00f1ada de una asincron\u00eda emocional y de desarrollo, donde las capacidades intelectuales superan con creces su crecimiento social y emocional. Pueden sentirse aburridos y frustrados en aulas que no pueden satisfacer sus necesidades, luchar por encajar con sus compa\u00f1eros o experimentar una intensa presi\u00f3n para cumplir con sus propias altas expectativas. Estas experiencias pueden llevar a un tumulto emocional, como ansiedad, depresi\u00f3n o sentimientos de aislamiento. La falta de conciencia sobre la alta capacitaci\u00f3n en los entornos educativos a menudo significa que muchos ni\u00f1os permanecen sin identificar, especialmente aquellos que ocultan sus habilidades para encajar o aquellos con condiciones de doble excepcionalidad como TDAH o discapacidades de aprendizaje. Esta subidentificaci\u00f3n es particularmente prevalente entre los grupos marginados, creando una brecha donde aquellos que m\u00e1s necesitan apoyo a menudo est\u00e1n desatendidos.     <\/p>\n\n<p>Para los adultos, la alta capacitaci\u00f3n contin\u00faa desempe\u00f1ando un papel significativo a lo largo de sus vidas. <strong>Muchos adultos superdotados buscan terapia debido a desaf\u00edos de larga data<\/strong>, incluyendo el aislamiento social, el perfeccionismo o el aburrimiento en sus carreras. Su mayor conciencia y sensibilidad pueden crear desaf\u00edos \u00fanicos en las relaciones, los entornos laborales y durante las transiciones de vida. Para los adultos mayores, la jubilaci\u00f3n puede traer dificultades adicionales si luchan por encontrar prop\u00f3sito o conectarse con compa\u00f1eros afines, a veces llevando a la depresi\u00f3n.  <\/p>\n\n<p>Un terapeuta que trabaje con personas con altas capacidades debe estar dispuesto a comprender las necesidades cognitivas, emocionales y sociales espec\u00edficas de sus clientes. Este perfil puede amplificar tanto las fortalezas como las vulnerabilidades, y entender esta din\u00e1mica resulta clave para ofrecer un apoyo efectivo. El objetivo debe ser crear un espacio terap\u00e9utico donde quienes tienen altas capacidades se sientan vistos y comprendidos, y donde se valide su intensidad intelectual, profundidad emocional y visi\u00f3n singular del mundo. De este modo, los profesionales pueden ayudarles a afrontar sus complejidades, gestionar sus sensibilidades y, en \u00faltima instancia, desarrollarse plenamente en un entorno que no siempre responde a sus necesidades particulares.   <\/p>\n\n<p>Si eres un profesional que busca ser incluido en nuestro sitio, por favor <a href=\"https:\/\/gifted-hub.com\/es\/contacto\/\" data-type=\"page\" data-id=\"15728\">cont\u00e1ctanos<\/a> para que podamos incluir tu informaci\u00f3n de contacto.<\/p>\n","protected":false},"excerpt":{"rendered":"<p>La alta capacitaci\u00f3n es una caracter\u00edstica \u00fanica que a menudo moldea la forma en que las personas perciben e interact\u00faan con el mundo. Para los terapeutas, entender la superdotaci\u00f3n es crucial, ya que influye en el desarrollo cognitivo, social y emocional de maneras que no siempre se alinean con las expectativas tradicionales. Las personas con [&hellip;]<\/p>\n","protected":false},"author":1,"featured_media":15721,"parent":0,"menu_order":0,"comment_status":"closed","ping_status":"closed","template":"","meta":{"_acf_changed":false,"inline_featured_image":false,"footnotes":""},"group-interest":[],"class_list":["post-15735","page","type-page","status-publish","has-post-thumbnail","hentry"],"acf":[],"yoast_head":"<!-- This site is optimized with the Yoast SEO plugin v27.4 - https:\/\/yoast.com\/product\/yoast-seo-wordpress\/ -->\n<title>Profesionales - Gifted HUB<\/title>\n<meta name=\"robots\" content=\"index, follow, max-snippet:-1, max-image-preview:large, max-video-preview:-1\" \/>\n<link rel=\"canonical\" href=\"https:\/\/gifted-hub.com\/es\/profesionales\/\" \/>\n<meta property=\"og:locale\" content=\"es_ES\" \/>\n<meta property=\"og:type\" content=\"article\" \/>\n<meta property=\"og:title\" content=\"Profesionales - Gifted HUB\" \/>\n<meta property=\"og:description\" content=\"La alta capacitaci\u00f3n es una caracter\u00edstica \u00fanica que a menudo moldea la forma en que las personas perciben e interact\u00faan con el mundo. Para los terapeutas, entender la superdotaci\u00f3n es crucial, ya que influye en el desarrollo cognitivo, social y emocional de maneras que no siempre se alinean con las expectativas tradicionales. Las personas con [&hellip;]\" \/>\n<meta property=\"og:url\" content=\"https:\/\/gifted-hub.com\/es\/profesionales\/\" \/>\n<meta property=\"og:site_name\" content=\"Gifted HUB\" \/>\n<meta property=\"article:modified_time\" content=\"2025-04-21T22:41:40+00:00\" \/>\n<meta property=\"og:image\" content=\"https:\/\/gifted-hub.com\/wp-content\/uploads\/2024\/10\/ecfec380-1fe5-4d65-9c4f-180517582404.jpg\" \/>\n\t<meta property=\"og:image:width\" content=\"1024\" \/>\n\t<meta property=\"og:image:height\" content=\"576\" \/>\n\t<meta property=\"og:image:type\" content=\"image\/jpeg\" \/>\n<meta name=\"twitter:card\" content=\"summary_large_image\" \/>\n<meta name=\"twitter:label1\" content=\"Tiempo de lectura\" \/>\n\t<meta name=\"twitter:data1\" content=\"3 minutos\" \/>\n<script type=\"application\/ld+json\" class=\"yoast-schema-graph\">{\"@context\":\"https:\\\/\\\/schema.org\",\"@graph\":[{\"@type\":\"WebPage\",\"@id\":\"https:\\\/\\\/gifted-hub.com\\\/es\\\/profesionales\\\/\",\"url\":\"https:\\\/\\\/gifted-hub.com\\\/es\\\/profesionales\\\/\",\"name\":\"Profesionales - Gifted HUB\",\"isPartOf\":{\"@id\":\"https:\\\/\\\/gifted-hub.com\\\/es\\\/#website\"},\"primaryImageOfPage\":{\"@id\":\"https:\\\/\\\/gifted-hub.com\\\/es\\\/profesionales\\\/#primaryimage\"},\"image\":{\"@id\":\"https:\\\/\\\/gifted-hub.com\\\/es\\\/profesionales\\\/#primaryimage\"},\"thumbnailUrl\":\"https:\\\/\\\/gifted-hub.com\\\/wp-content\\\/uploads\\\/2024\\\/10\\\/ecfec380-1fe5-4d65-9c4f-180517582404.jpg\",\"datePublished\":\"2024-10-20T00:51:35+00:00\",\"dateModified\":\"2025-04-21T22:41:40+00:00\",\"breadcrumb\":{\"@id\":\"https:\\\/\\\/gifted-hub.com\\\/es\\\/profesionales\\\/#breadcrumb\"},\"inLanguage\":\"es\",\"potentialAction\":[{\"@type\":\"ReadAction\",\"target\":[\"https:\\\/\\\/gifted-hub.com\\\/es\\\/profesionales\\\/\"]}]},{\"@type\":\"ImageObject\",\"inLanguage\":\"es\",\"@id\":\"https:\\\/\\\/gifted-hub.com\\\/es\\\/profesionales\\\/#primaryimage\",\"url\":\"https:\\\/\\\/gifted-hub.com\\\/wp-content\\\/uploads\\\/2024\\\/10\\\/ecfec380-1fe5-4d65-9c4f-180517582404.jpg\",\"contentUrl\":\"https:\\\/\\\/gifted-hub.com\\\/wp-content\\\/uploads\\\/2024\\\/10\\\/ecfec380-1fe5-4d65-9c4f-180517582404.jpg\",\"width\":1024,\"height\":576},{\"@type\":\"BreadcrumbList\",\"@id\":\"https:\\\/\\\/gifted-hub.com\\\/es\\\/profesionales\\\/#breadcrumb\",\"itemListElement\":[{\"@type\":\"ListItem\",\"position\":1,\"name\":\"Home\",\"item\":\"https:\\\/\\\/gifted-hub.com\\\/es\\\/inicio\\\/\"},{\"@type\":\"ListItem\",\"position\":2,\"name\":\"Profesionales\"}]},{\"@type\":\"WebSite\",\"@id\":\"https:\\\/\\\/gifted-hub.com\\\/es\\\/#website\",\"url\":\"https:\\\/\\\/gifted-hub.com\\\/es\\\/\",\"name\":\"Gifted HUB\",\"description\":\"Un espacio para las altas capacidades\",\"publisher\":{\"@id\":\"https:\\\/\\\/gifted-hub.com\\\/es\\\/#organization\"},\"potentialAction\":[{\"@type\":\"SearchAction\",\"target\":{\"@type\":\"EntryPoint\",\"urlTemplate\":\"https:\\\/\\\/gifted-hub.com\\\/es\\\/?s={search_term_string}\"},\"query-input\":{\"@type\":\"PropertyValueSpecification\",\"valueRequired\":true,\"valueName\":\"search_term_string\"}}],\"inLanguage\":\"es\"},{\"@type\":\"Organization\",\"@id\":\"https:\\\/\\\/gifted-hub.com\\\/es\\\/#organization\",\"name\":\"Gifted HUB\",\"url\":\"https:\\\/\\\/gifted-hub.com\\\/es\\\/\",\"logo\":{\"@type\":\"ImageObject\",\"inLanguage\":\"es\",\"@id\":\"https:\\\/\\\/gifted-hub.com\\\/es\\\/#\\\/schema\\\/logo\\\/image\\\/\",\"url\":\"https:\\\/\\\/gifted-hub.com\\\/wp-content\\\/uploads\\\/2024\\\/07\\\/logo-1.svg\",\"contentUrl\":\"https:\\\/\\\/gifted-hub.com\\\/wp-content\\\/uploads\\\/2024\\\/07\\\/logo-1.svg\",\"caption\":\"Gifted HUB\"},\"image\":{\"@id\":\"https:\\\/\\\/gifted-hub.com\\\/es\\\/#\\\/schema\\\/logo\\\/image\\\/\"}}]}<\/script>\n<!-- \/ Yoast SEO plugin. -->","yoast_head_json":{"title":"Profesionales - Gifted HUB","robots":{"index":"index","follow":"follow","max-snippet":"max-snippet:-1","max-image-preview":"max-image-preview:large","max-video-preview":"max-video-preview:-1"},"canonical":"https:\/\/gifted-hub.com\/es\/profesionales\/","og_locale":"es_ES","og_type":"article","og_title":"Profesionales - Gifted HUB","og_description":"La alta capacitaci\u00f3n es una caracter\u00edstica \u00fanica que a menudo moldea la forma en que las personas perciben e interact\u00faan con el mundo. Para los terapeutas, entender la superdotaci\u00f3n es crucial, ya que influye en el desarrollo cognitivo, social y emocional de maneras que no siempre se alinean con las expectativas tradicionales. Las personas con [&hellip;]","og_url":"https:\/\/gifted-hub.com\/es\/profesionales\/","og_site_name":"Gifted HUB","article_modified_time":"2025-04-21T22:41:40+00:00","og_image":[{"width":1024,"height":576,"url":"https:\/\/gifted-hub.com\/wp-content\/uploads\/2024\/10\/ecfec380-1fe5-4d65-9c4f-180517582404.jpg","type":"image\/jpeg"}],"twitter_card":"summary_large_image","twitter_misc":{"Tiempo de lectura":"3 minutos"},"schema":{"@context":"https:\/\/schema.org","@graph":[{"@type":"WebPage","@id":"https:\/\/gifted-hub.com\/es\/profesionales\/","url":"https:\/\/gifted-hub.com\/es\/profesionales\/","name":"Profesionales - Gifted HUB","isPartOf":{"@id":"https:\/\/gifted-hub.com\/es\/#website"},"primaryImageOfPage":{"@id":"https:\/\/gifted-hub.com\/es\/profesionales\/#primaryimage"},"image":{"@id":"https:\/\/gifted-hub.com\/es\/profesionales\/#primaryimage"},"thumbnailUrl":"https:\/\/gifted-hub.com\/wp-content\/uploads\/2024\/10\/ecfec380-1fe5-4d65-9c4f-180517582404.jpg","datePublished":"2024-10-20T00:51:35+00:00","dateModified":"2025-04-21T22:41:40+00:00","breadcrumb":{"@id":"https:\/\/gifted-hub.com\/es\/profesionales\/#breadcrumb"},"inLanguage":"es","potentialAction":[{"@type":"ReadAction","target":["https:\/\/gifted-hub.com\/es\/profesionales\/"]}]},{"@type":"ImageObject","inLanguage":"es","@id":"https:\/\/gifted-hub.com\/es\/profesionales\/#primaryimage","url":"https:\/\/gifted-hub.com\/wp-content\/uploads\/2024\/10\/ecfec380-1fe5-4d65-9c4f-180517582404.jpg","contentUrl":"https:\/\/gifted-hub.com\/wp-content\/uploads\/2024\/10\/ecfec380-1fe5-4d65-9c4f-180517582404.jpg","width":1024,"height":576},{"@type":"BreadcrumbList","@id":"https:\/\/gifted-hub.com\/es\/profesionales\/#breadcrumb","itemListElement":[{"@type":"ListItem","position":1,"name":"Home","item":"https:\/\/gifted-hub.com\/es\/inicio\/"},{"@type":"ListItem","position":2,"name":"Profesionales"}]},{"@type":"WebSite","@id":"https:\/\/gifted-hub.com\/es\/#website","url":"https:\/\/gifted-hub.com\/es\/","name":"Gifted HUB","description":"Un espacio para las altas capacidades","publisher":{"@id":"https:\/\/gifted-hub.com\/es\/#organization"},"potentialAction":[{"@type":"SearchAction","target":{"@type":"EntryPoint","urlTemplate":"https:\/\/gifted-hub.com\/es\/?s={search_term_string}"},"query-input":{"@type":"PropertyValueSpecification","valueRequired":true,"valueName":"search_term_string"}}],"inLanguage":"es"},{"@type":"Organization","@id":"https:\/\/gifted-hub.com\/es\/#organization","name":"Gifted HUB","url":"https:\/\/gifted-hub.com\/es\/","logo":{"@type":"ImageObject","inLanguage":"es","@id":"https:\/\/gifted-hub.com\/es\/#\/schema\/logo\/image\/","url":"https:\/\/gifted-hub.com\/wp-content\/uploads\/2024\/07\/logo-1.svg","contentUrl":"https:\/\/gifted-hub.com\/wp-content\/uploads\/2024\/07\/logo-1.svg","caption":"Gifted HUB"},"image":{"@id":"https:\/\/gifted-hub.com\/es\/#\/schema\/logo\/image\/"}}]}},"_links":{"self":[{"href":"https:\/\/gifted-hub.com\/es\/wp-json\/wp\/v2\/pages\/15735","targetHints":{"allow":["GET"]}}],"collection":[{"href":"https:\/\/gifted-hub.com\/es\/wp-json\/wp\/v2\/pages"}],"about":[{"href":"https:\/\/gifted-hub.com\/es\/wp-json\/wp\/v2\/types\/page"}],"author":[{"embeddable":true,"href":"https:\/\/gifted-hub.com\/es\/wp-json\/wp\/v2\/users\/1"}],"replies":[{"embeddable":true,"href":"https:\/\/gifted-hub.com\/es\/wp-json\/wp\/v2\/comments?post=15735"}],"version-history":[{"count":4,"href":"https:\/\/gifted-hub.com\/es\/wp-json\/wp\/v2\/pages\/15735\/revisions"}],"predecessor-version":[{"id":19391,"href":"https:\/\/gifted-hub.com\/es\/wp-json\/wp\/v2\/pages\/15735\/revisions\/19391"}],"wp:featuredmedia":[{"embeddable":true,"href":"https:\/\/gifted-hub.com\/es\/wp-json\/wp\/v2\/media\/15721"}],"wp:attachment":[{"href":"https:\/\/gifted-hub.com\/es\/wp-json\/wp\/v2\/media?parent=15735"}],"wp:term":[{"taxonomy":"group-interest","embeddable":true,"href":"https:\/\/gifted-hub.com\/es\/wp-json\/wp\/v2\/group-interest?post=15735"}],"curies":[{"name":"wp","href":"https:\/\/api.w.org\/{rel}","templated":true}]}}