{"id":15697,"date":"2024-10-19T13:22:33","date_gmt":"2024-10-19T13:22:33","guid":{"rendered":"https:\/\/gifted-hub.com\/profesores\/curriculo-de-aceleracion-y-enriquecimiento\/"},"modified":"2024-10-19T14:17:50","modified_gmt":"2024-10-19T14:17:50","slug":"curriculo-de-aceleracion-y-enriquecimiento","status":"publish","type":"page","link":"https:\/\/gifted-hub.com\/es\/profesores\/curriculo-de-aceleracion-y-enriquecimiento\/","title":{"rendered":"Curr\u00edculo de aceleraci\u00f3n y enriquecimiento"},"content":{"rendered":"\n<p>La aceleraci\u00f3n y el enriquecimiento en la educaci\u00f3n son dos enfoques que a menudo se utilizan para adaptar el aprendizaje a las necesidades de los estudiantes que muestran una alta capacidad para comprender y aplicar conceptos complejos. Estos enfoques son parte de una respuesta educativa destinada a liberar todo el potencial de los estudiantes con capacidades de aprendizaje avanzadas. <\/p>\n\n<p><strong>Aceleraci\u00f3n<\/strong> se trata de dar a los estudiantes la oportunidad de avanzar a trav\u00e9s del material educativo a un ritmo m\u00e1s r\u00e1pido. Esto podr\u00eda significar saltarse un grado, comenzar la escuela antes de lo habitual o formar parte de clases m\u00e1s avanzadas en materias espec\u00edficas. El objetivo de la aceleraci\u00f3n no es solo aumentar el ritmo, sino igualar el nivel de desaf\u00edo a la capacidad natural del estudiante, asegur\u00e1ndose de que est\u00e9n comprometidos y entusiasmados con el aprendizaje. Los estudios han demostrado que la aceleraci\u00f3n a menudo tiene \u00e9xito para los estudiantes con habilidades avanzadas, particularmente cuando son evaluados de manera integral para determinar el mejor ajuste. Respeta las diferencias individuales y asegura que los estudiantes talentosos no se vean frenados por un curr\u00edculo dise\u00f1ado para velocidades de aprendizaje promedio.    <\/p>\n\n<p>Por otro lado, el <strong>curr\u00edculo de enriquecimiento<\/strong> se enfoca en expandir la experiencia de aprendizaje sin cambiar el ritmo de progresi\u00f3n a trav\u00e9s de los grados. Esto puede incluir agregar profundidad a los temas existentes, ofrecer proyectos adicionales, introducir a los estudiantes a nuevas \u00e1reas de estudio o involucrarlos en investigaciones m\u00e1s creativas e independientes. El enfoque de enriquecimiento enfatiza caminos de aprendizaje personalizados que estimulan la creatividad, la resoluci\u00f3n de problemas y el pensamiento independiente. Permite a estos estudiantes permanecer con sus compa\u00f1eros mientras tambi\u00e9n los desaf\u00eda a explorar m\u00e1s all\u00e1 del curr\u00edculo est\u00e1ndar.   <\/p>\n\n<p>Tanto la aceleraci\u00f3n como el enriquecimiento tienen como objetivo apoyar a los estudiantes en el logro de su potencial de maneras que se adapten a sus estilos y necesidades de aprendizaje espec\u00edficos. La aceleraci\u00f3n podr\u00eda ser el mejor camino para un estudiante que est\u00e1 listo para progresar r\u00e1pidamente y se siente desafiado en su entorno actual. El enriquecimiento, mientras tanto, es perfecto para los estudiantes que se benefician de profundizar en los temas o explorar sus propios intereses de manera creativa, sin dejar su nivel de grado actual.  <\/p>\n\n<p>Las estrategias educativas tanto para la aceleraci\u00f3n como para el enriquecimiento requieren una planificaci\u00f3n cuidadosa y evaluaciones individualizadas. Es esencial respetar las necesidades sociales y emocionales del estudiante mientras se les brindan oportunidades acad\u00e9micamente apropiadas. Involucrar a las familias y mantener una comunicaci\u00f3n abierta con los educadores tambi\u00e9n son partes cr\u00edticas del proceso, ya que ayudan a asegurar que estos estudiantes avanzados est\u00e9n apoyados en todos los aspectos de su desarrollo. Al empoderar a estos estudiantes con la respuesta educativa adecuada, podemos ayudarlos a convertirse en aprendices seguros, listos para contribuir con sus talentos \u00fanicos al mundo.   <\/p>\n","protected":false},"excerpt":{"rendered":"<p>La aceleraci\u00f3n y el enriquecimiento en la educaci\u00f3n son dos enfoques que a menudo se utilizan para adaptar el aprendizaje a las necesidades de los estudiantes que muestran una alta capacidad para comprender y aplicar conceptos complejos. Estos enfoques son parte de una respuesta educativa destinada a liberar todo el potencial de los estudiantes con [&hellip;]<\/p>\n","protected":false},"author":1,"featured_media":15663,"parent":15623,"menu_order":0,"comment_status":"closed","ping_status":"closed","template":"","meta":{"_acf_changed":false,"inline_featured_image":false,"footnotes":""},"group-interest":[],"class_list":["post-15697","page","type-page","status-publish","has-post-thumbnail","hentry"],"acf":[],"yoast_head":"<!-- This site is optimized with the Yoast SEO plugin v27.4 - https:\/\/yoast.com\/product\/yoast-seo-wordpress\/ -->\n<title>Curr\u00edculo de aceleraci\u00f3n y enriquecimiento - Gifted HUB<\/title>\n<meta name=\"robots\" content=\"index, follow, max-snippet:-1, max-image-preview:large, max-video-preview:-1\" \/>\n<link rel=\"canonical\" href=\"https:\/\/gifted-hub.com\/es\/profesores\/curriculo-de-aceleracion-y-enriquecimiento\/\" \/>\n<meta property=\"og:locale\" content=\"es_ES\" \/>\n<meta property=\"og:type\" content=\"article\" \/>\n<meta property=\"og:title\" content=\"Curr\u00edculo de aceleraci\u00f3n y enriquecimiento - Gifted HUB\" \/>\n<meta property=\"og:description\" content=\"La aceleraci\u00f3n y el enriquecimiento en la educaci\u00f3n son dos enfoques que a menudo se utilizan para adaptar el aprendizaje a las necesidades de los estudiantes que muestran una alta capacidad para comprender y aplicar conceptos complejos. Estos enfoques son parte de una respuesta educativa destinada a liberar todo el potencial de los estudiantes con [&hellip;]\" \/>\n<meta property=\"og:url\" content=\"https:\/\/gifted-hub.com\/es\/profesores\/curriculo-de-aceleracion-y-enriquecimiento\/\" \/>\n<meta property=\"og:site_name\" content=\"Gifted HUB\" \/>\n<meta property=\"article:modified_time\" content=\"2024-10-19T14:17:50+00:00\" \/>\n<meta property=\"og:image\" content=\"https:\/\/gifted-hub.com\/wp-content\/uploads\/2024\/10\/djwvzy4pkgu.jpg\" \/>\n\t<meta property=\"og:image:width\" content=\"1600\" \/>\n\t<meta property=\"og:image:height\" content=\"1067\" \/>\n\t<meta property=\"og:image:type\" content=\"image\/jpeg\" \/>\n<meta name=\"twitter:card\" content=\"summary_large_image\" \/>\n<meta name=\"twitter:label1\" content=\"Tiempo de lectura\" \/>\n\t<meta name=\"twitter:data1\" content=\"3 minutos\" \/>\n<script type=\"application\/ld+json\" class=\"yoast-schema-graph\">{\"@context\":\"https:\\\/\\\/schema.org\",\"@graph\":[{\"@type\":\"WebPage\",\"@id\":\"https:\\\/\\\/gifted-hub.com\\\/es\\\/profesores\\\/curriculo-de-aceleracion-y-enriquecimiento\\\/\",\"url\":\"https:\\\/\\\/gifted-hub.com\\\/es\\\/profesores\\\/curriculo-de-aceleracion-y-enriquecimiento\\\/\",\"name\":\"Curr\u00edculo de aceleraci\u00f3n y enriquecimiento - Gifted HUB\",\"isPartOf\":{\"@id\":\"https:\\\/\\\/gifted-hub.com\\\/es\\\/#website\"},\"primaryImageOfPage\":{\"@id\":\"https:\\\/\\\/gifted-hub.com\\\/es\\\/profesores\\\/curriculo-de-aceleracion-y-enriquecimiento\\\/#primaryimage\"},\"image\":{\"@id\":\"https:\\\/\\\/gifted-hub.com\\\/es\\\/profesores\\\/curriculo-de-aceleracion-y-enriquecimiento\\\/#primaryimage\"},\"thumbnailUrl\":\"https:\\\/\\\/gifted-hub.com\\\/wp-content\\\/uploads\\\/2024\\\/10\\\/djwvzy4pkgu.jpg\",\"datePublished\":\"2024-10-19T13:22:33+00:00\",\"dateModified\":\"2024-10-19T14:17:50+00:00\",\"breadcrumb\":{\"@id\":\"https:\\\/\\\/gifted-hub.com\\\/es\\\/profesores\\\/curriculo-de-aceleracion-y-enriquecimiento\\\/#breadcrumb\"},\"inLanguage\":\"es\",\"potentialAction\":[{\"@type\":\"ReadAction\",\"target\":[\"https:\\\/\\\/gifted-hub.com\\\/es\\\/profesores\\\/curriculo-de-aceleracion-y-enriquecimiento\\\/\"]}]},{\"@type\":\"ImageObject\",\"inLanguage\":\"es\",\"@id\":\"https:\\\/\\\/gifted-hub.com\\\/es\\\/profesores\\\/curriculo-de-aceleracion-y-enriquecimiento\\\/#primaryimage\",\"url\":\"https:\\\/\\\/gifted-hub.com\\\/wp-content\\\/uploads\\\/2024\\\/10\\\/djwvzy4pkgu.jpg\",\"contentUrl\":\"https:\\\/\\\/gifted-hub.com\\\/wp-content\\\/uploads\\\/2024\\\/10\\\/djwvzy4pkgu.jpg\",\"width\":1600,\"height\":1067},{\"@type\":\"BreadcrumbList\",\"@id\":\"https:\\\/\\\/gifted-hub.com\\\/es\\\/profesores\\\/curriculo-de-aceleracion-y-enriquecimiento\\\/#breadcrumb\",\"itemListElement\":[{\"@type\":\"ListItem\",\"position\":1,\"name\":\"Home\",\"item\":\"https:\\\/\\\/gifted-hub.com\\\/es\\\/inicio\\\/\"},{\"@type\":\"ListItem\",\"position\":2,\"name\":\"Profesores\",\"item\":\"https:\\\/\\\/gifted-hub.com\\\/es\\\/profesores\\\/\"},{\"@type\":\"ListItem\",\"position\":3,\"name\":\"Curr\u00edculo de aceleraci\u00f3n y enriquecimiento\"}]},{\"@type\":\"WebSite\",\"@id\":\"https:\\\/\\\/gifted-hub.com\\\/es\\\/#website\",\"url\":\"https:\\\/\\\/gifted-hub.com\\\/es\\\/\",\"name\":\"Gifted HUB\",\"description\":\"Un espacio para las altas capacidades\",\"publisher\":{\"@id\":\"https:\\\/\\\/gifted-hub.com\\\/es\\\/#organization\"},\"potentialAction\":[{\"@type\":\"SearchAction\",\"target\":{\"@type\":\"EntryPoint\",\"urlTemplate\":\"https:\\\/\\\/gifted-hub.com\\\/es\\\/?s={search_term_string}\"},\"query-input\":{\"@type\":\"PropertyValueSpecification\",\"valueRequired\":true,\"valueName\":\"search_term_string\"}}],\"inLanguage\":\"es\"},{\"@type\":\"Organization\",\"@id\":\"https:\\\/\\\/gifted-hub.com\\\/es\\\/#organization\",\"name\":\"Gifted HUB\",\"url\":\"https:\\\/\\\/gifted-hub.com\\\/es\\\/\",\"logo\":{\"@type\":\"ImageObject\",\"inLanguage\":\"es\",\"@id\":\"https:\\\/\\\/gifted-hub.com\\\/es\\\/#\\\/schema\\\/logo\\\/image\\\/\",\"url\":\"https:\\\/\\\/gifted-hub.com\\\/wp-content\\\/uploads\\\/2024\\\/07\\\/logo-1.svg\",\"contentUrl\":\"https:\\\/\\\/gifted-hub.com\\\/wp-content\\\/uploads\\\/2024\\\/07\\\/logo-1.svg\",\"caption\":\"Gifted HUB\"},\"image\":{\"@id\":\"https:\\\/\\\/gifted-hub.com\\\/es\\\/#\\\/schema\\\/logo\\\/image\\\/\"}}]}<\/script>\n<!-- \/ Yoast SEO plugin. -->","yoast_head_json":{"title":"Curr\u00edculo de aceleraci\u00f3n y enriquecimiento - Gifted HUB","robots":{"index":"index","follow":"follow","max-snippet":"max-snippet:-1","max-image-preview":"max-image-preview:large","max-video-preview":"max-video-preview:-1"},"canonical":"https:\/\/gifted-hub.com\/es\/profesores\/curriculo-de-aceleracion-y-enriquecimiento\/","og_locale":"es_ES","og_type":"article","og_title":"Curr\u00edculo de aceleraci\u00f3n y enriquecimiento - Gifted HUB","og_description":"La aceleraci\u00f3n y el enriquecimiento en la educaci\u00f3n son dos enfoques que a menudo se utilizan para adaptar el aprendizaje a las necesidades de los estudiantes que muestran una alta capacidad para comprender y aplicar conceptos complejos. Estos enfoques son parte de una respuesta educativa destinada a liberar todo el potencial de los estudiantes con [&hellip;]","og_url":"https:\/\/gifted-hub.com\/es\/profesores\/curriculo-de-aceleracion-y-enriquecimiento\/","og_site_name":"Gifted HUB","article_modified_time":"2024-10-19T14:17:50+00:00","og_image":[{"width":1600,"height":1067,"url":"https:\/\/gifted-hub.com\/wp-content\/uploads\/2024\/10\/djwvzy4pkgu.jpg","type":"image\/jpeg"}],"twitter_card":"summary_large_image","twitter_misc":{"Tiempo de lectura":"3 minutos"},"schema":{"@context":"https:\/\/schema.org","@graph":[{"@type":"WebPage","@id":"https:\/\/gifted-hub.com\/es\/profesores\/curriculo-de-aceleracion-y-enriquecimiento\/","url":"https:\/\/gifted-hub.com\/es\/profesores\/curriculo-de-aceleracion-y-enriquecimiento\/","name":"Curr\u00edculo de aceleraci\u00f3n y enriquecimiento - Gifted HUB","isPartOf":{"@id":"https:\/\/gifted-hub.com\/es\/#website"},"primaryImageOfPage":{"@id":"https:\/\/gifted-hub.com\/es\/profesores\/curriculo-de-aceleracion-y-enriquecimiento\/#primaryimage"},"image":{"@id":"https:\/\/gifted-hub.com\/es\/profesores\/curriculo-de-aceleracion-y-enriquecimiento\/#primaryimage"},"thumbnailUrl":"https:\/\/gifted-hub.com\/wp-content\/uploads\/2024\/10\/djwvzy4pkgu.jpg","datePublished":"2024-10-19T13:22:33+00:00","dateModified":"2024-10-19T14:17:50+00:00","breadcrumb":{"@id":"https:\/\/gifted-hub.com\/es\/profesores\/curriculo-de-aceleracion-y-enriquecimiento\/#breadcrumb"},"inLanguage":"es","potentialAction":[{"@type":"ReadAction","target":["https:\/\/gifted-hub.com\/es\/profesores\/curriculo-de-aceleracion-y-enriquecimiento\/"]}]},{"@type":"ImageObject","inLanguage":"es","@id":"https:\/\/gifted-hub.com\/es\/profesores\/curriculo-de-aceleracion-y-enriquecimiento\/#primaryimage","url":"https:\/\/gifted-hub.com\/wp-content\/uploads\/2024\/10\/djwvzy4pkgu.jpg","contentUrl":"https:\/\/gifted-hub.com\/wp-content\/uploads\/2024\/10\/djwvzy4pkgu.jpg","width":1600,"height":1067},{"@type":"BreadcrumbList","@id":"https:\/\/gifted-hub.com\/es\/profesores\/curriculo-de-aceleracion-y-enriquecimiento\/#breadcrumb","itemListElement":[{"@type":"ListItem","position":1,"name":"Home","item":"https:\/\/gifted-hub.com\/es\/inicio\/"},{"@type":"ListItem","position":2,"name":"Profesores","item":"https:\/\/gifted-hub.com\/es\/profesores\/"},{"@type":"ListItem","position":3,"name":"Curr\u00edculo de aceleraci\u00f3n y enriquecimiento"}]},{"@type":"WebSite","@id":"https:\/\/gifted-hub.com\/es\/#website","url":"https:\/\/gifted-hub.com\/es\/","name":"Gifted HUB","description":"Un espacio para las altas capacidades","publisher":{"@id":"https:\/\/gifted-hub.com\/es\/#organization"},"potentialAction":[{"@type":"SearchAction","target":{"@type":"EntryPoint","urlTemplate":"https:\/\/gifted-hub.com\/es\/?s={search_term_string}"},"query-input":{"@type":"PropertyValueSpecification","valueRequired":true,"valueName":"search_term_string"}}],"inLanguage":"es"},{"@type":"Organization","@id":"https:\/\/gifted-hub.com\/es\/#organization","name":"Gifted HUB","url":"https:\/\/gifted-hub.com\/es\/","logo":{"@type":"ImageObject","inLanguage":"es","@id":"https:\/\/gifted-hub.com\/es\/#\/schema\/logo\/image\/","url":"https:\/\/gifted-hub.com\/wp-content\/uploads\/2024\/07\/logo-1.svg","contentUrl":"https:\/\/gifted-hub.com\/wp-content\/uploads\/2024\/07\/logo-1.svg","caption":"Gifted HUB"},"image":{"@id":"https:\/\/gifted-hub.com\/es\/#\/schema\/logo\/image\/"}}]}},"_links":{"self":[{"href":"https:\/\/gifted-hub.com\/es\/wp-json\/wp\/v2\/pages\/15697","targetHints":{"allow":["GET"]}}],"collection":[{"href":"https:\/\/gifted-hub.com\/es\/wp-json\/wp\/v2\/pages"}],"about":[{"href":"https:\/\/gifted-hub.com\/es\/wp-json\/wp\/v2\/types\/page"}],"author":[{"embeddable":true,"href":"https:\/\/gifted-hub.com\/es\/wp-json\/wp\/v2\/users\/1"}],"replies":[{"embeddable":true,"href":"https:\/\/gifted-hub.com\/es\/wp-json\/wp\/v2\/comments?post=15697"}],"version-history":[{"count":1,"href":"https:\/\/gifted-hub.com\/es\/wp-json\/wp\/v2\/pages\/15697\/revisions"}],"predecessor-version":[{"id":15698,"href":"https:\/\/gifted-hub.com\/es\/wp-json\/wp\/v2\/pages\/15697\/revisions\/15698"}],"up":[{"embeddable":true,"href":"https:\/\/gifted-hub.com\/es\/wp-json\/wp\/v2\/pages\/15623"}],"wp:featuredmedia":[{"embeddable":true,"href":"https:\/\/gifted-hub.com\/es\/wp-json\/wp\/v2\/media\/15663"}],"wp:attachment":[{"href":"https:\/\/gifted-hub.com\/es\/wp-json\/wp\/v2\/media?parent=15697"}],"wp:term":[{"taxonomy":"group-interest","embeddable":true,"href":"https:\/\/gifted-hub.com\/es\/wp-json\/wp\/v2\/group-interest?post=15697"}],"curies":[{"name":"wp","href":"https:\/\/api.w.org\/{rel}","templated":true}]}}