{"id":15623,"date":"2024-10-19T11:50:20","date_gmt":"2024-10-19T11:50:20","guid":{"rendered":"https:\/\/gifted-hub.com\/profesores\/"},"modified":"2024-10-28T09:17:14","modified_gmt":"2024-10-28T09:17:14","slug":"profesores","status":"publish","type":"page","link":"https:\/\/gifted-hub.com\/es\/profesores\/","title":{"rendered":"Profesores"},"content":{"rendered":"\n<p>Cuando eres un maestro buscando maneras de apoyar a los <a href=\"https:\/\/gifted-hub.com\/pt-pt\/o-que-sao-altas-habilidades\/compreender-a-sobredotacao-como-uma-construcao-social\/\" data-type=\"page\" data-id=\"15070\">estudiantes dotados<\/a>, es crucial comenzar entendiendo las din\u00e1micas \u00fanicas que estos ni\u00f1os experimentan en un entorno de aula. Los estudiantes dotados a menudo se encuentran en ambientes donde sus habilidades avanzadas pueden ser nutridas o malinterpretadas. La escuela puede ser una fuente de inmensa alegr\u00eda para ellos si los desaf\u00edos presentados coinciden con su curiosidad intelectual. Sin embargo, para muchos ni\u00f1os dotados, tambi\u00e9n es un lugar donde enfrentan <a href=\"https:\/\/gifted-hub.com\/pt-pt\/individuos\/enfrentando-desafios-nos-relacionamentos\/\" data-type=\"page\" data-id=\"15142\">luchas sociales<\/a>, aburrimiento o frustraci\u00f3n debido a la falta de estimulaci\u00f3n acad\u00e9mica adecuada.   <\/p>\n\n<p>Estos estudiantes pueden ingresar a la escuela ya adelantados en ciertas habilidades, capaces de leer, entender n\u00fameros o captar ideas complejas mucho antes que sus compa\u00f1eros. Si el ritmo del aula es demasiado lento, o si sus talentos no son reconocidos, esto puede llevar a sentimientos de aislamiento. Imagina tener que repetir lecciones que ya has dominado, o peor, ser acusado de \u00abpresumir\u00bb cuando compartes con entusiasmo tu conocimiento. Para un ni\u00f1o cuya mente est\u00e1 constantemente buscando nuevas ideas, ser retenido puede sentirse como estar atrapado.   <\/p>\n\n<p>Como maestro, <strong>reconocer las necesidades emocionales<\/strong> de los estudiantes dotados es tan importante como atender sus requisitos acad\u00e9micos. Es f\u00e1cil asumir que porque se desempe\u00f1an bien, no necesitan atenci\u00f3n extra. Pero al igual que cualquier otro estudiante, los ni\u00f1os dotados necesitan sentirse comprendidos y desafiados. Sin este equilibrio, su entusiasmo por aprender puede desvanecerse r\u00e1pidamente, llevando al aburrimiento, problemas de comportamiento o incluso ansiedad.   <\/p>\n\n<p>Los maestros a veces pueden tener dificultades para adaptarse a las diversas necesidades dentro de un aula. Esto es comprensible, dado el n\u00famero de estudiantes y la gama de habilidades que deben abordarse. Sin embargo, con los estudiantes dotados, incluso <strong>peque\u00f1os cambios pueden tener un impacto significativo<\/strong>. Ofrecerles oportunidades para una exploraci\u00f3n m\u00e1s profunda en sus \u00e1reas de inter\u00e9s, darles espacio para trabajar de manera independiente y permitirles conectarse con compa\u00f1eros que comparten habilidades similares puede transformar su experiencia en la escuela.   <\/p>\n\n<p>Para muchos ni\u00f1os dotados, la escuela es el primer lugar donde encuentran la realidad de que no todos a su alrededor piensan o aprenden de la misma manera. Esta realizaci\u00f3n puede ser tanto esclarecedora como desalentadora. Es por eso que es esencial que los maestros fomenten entornos donde los estudiantes dotados puedan sentirse tanto desafiados como apoyados, asegurando que no pierdan su amor por el aprendizaje o su confianza en sus habilidades.  <\/p>\n","protected":false},"excerpt":{"rendered":"<p>Cuando eres un maestro buscando maneras de apoyar a los estudiantes dotados, es crucial comenzar entendiendo las din\u00e1micas \u00fanicas que estos ni\u00f1os experimentan en un entorno de aula. Los estudiantes dotados a menudo se encuentran en ambientes donde sus habilidades avanzadas pueden ser nutridas o malinterpretadas. La escuela puede ser una fuente de inmensa alegr\u00eda [&hellip;]<\/p>\n","protected":false},"author":1,"featured_media":15615,"parent":0,"menu_order":0,"comment_status":"closed","ping_status":"closed","template":"","meta":{"_acf_changed":false,"inline_featured_image":false,"footnotes":""},"group-interest":[181],"class_list":["post-15623","page","type-page","status-publish","has-post-thumbnail","hentry","group-interest-teachers-es"],"acf":[],"yoast_head":"<!-- This site is optimized with the Yoast SEO plugin v27.4 - https:\/\/yoast.com\/product\/yoast-seo-wordpress\/ -->\n<title>Profesores - Gifted HUB<\/title>\n<meta name=\"robots\" content=\"index, follow, max-snippet:-1, max-image-preview:large, max-video-preview:-1\" \/>\n<link rel=\"canonical\" href=\"https:\/\/gifted-hub.com\/es\/profesores\/\" \/>\n<meta property=\"og:locale\" content=\"es_ES\" \/>\n<meta property=\"og:type\" content=\"article\" \/>\n<meta property=\"og:title\" content=\"Profesores - Gifted HUB\" \/>\n<meta property=\"og:description\" content=\"Cuando eres un maestro buscando maneras de apoyar a los estudiantes dotados, es crucial comenzar entendiendo las din\u00e1micas \u00fanicas que estos ni\u00f1os experimentan en un entorno de aula. Los estudiantes dotados a menudo se encuentran en ambientes donde sus habilidades avanzadas pueden ser nutridas o malinterpretadas. La escuela puede ser una fuente de inmensa alegr\u00eda [&hellip;]\" \/>\n<meta property=\"og:url\" content=\"https:\/\/gifted-hub.com\/es\/profesores\/\" \/>\n<meta property=\"og:site_name\" content=\"Gifted HUB\" \/>\n<meta property=\"article:modified_time\" content=\"2024-10-28T09:17:14+00:00\" \/>\n<meta property=\"og:image\" content=\"https:\/\/gifted-hub.com\/wp-content\/uploads\/2024\/10\/24e5974c-00eb-4525-9293-a3ac61c51f32.jpg\" \/>\n\t<meta property=\"og:image:width\" content=\"1024\" \/>\n\t<meta property=\"og:image:height\" content=\"685\" \/>\n\t<meta property=\"og:image:type\" content=\"image\/jpeg\" \/>\n<meta name=\"twitter:card\" content=\"summary_large_image\" \/>\n<meta name=\"twitter:label1\" content=\"Tiempo de lectura\" \/>\n\t<meta name=\"twitter:data1\" content=\"2 minutos\" \/>\n<script type=\"application\/ld+json\" class=\"yoast-schema-graph\">{\"@context\":\"https:\\\/\\\/schema.org\",\"@graph\":[{\"@type\":\"WebPage\",\"@id\":\"https:\\\/\\\/gifted-hub.com\\\/es\\\/profesores\\\/\",\"url\":\"https:\\\/\\\/gifted-hub.com\\\/es\\\/profesores\\\/\",\"name\":\"Profesores - Gifted HUB\",\"isPartOf\":{\"@id\":\"https:\\\/\\\/gifted-hub.com\\\/es\\\/#website\"},\"primaryImageOfPage\":{\"@id\":\"https:\\\/\\\/gifted-hub.com\\\/es\\\/profesores\\\/#primaryimage\"},\"image\":{\"@id\":\"https:\\\/\\\/gifted-hub.com\\\/es\\\/profesores\\\/#primaryimage\"},\"thumbnailUrl\":\"https:\\\/\\\/gifted-hub.com\\\/wp-content\\\/uploads\\\/2024\\\/10\\\/24e5974c-00eb-4525-9293-a3ac61c51f32.jpg\",\"datePublished\":\"2024-10-19T11:50:20+00:00\",\"dateModified\":\"2024-10-28T09:17:14+00:00\",\"breadcrumb\":{\"@id\":\"https:\\\/\\\/gifted-hub.com\\\/es\\\/profesores\\\/#breadcrumb\"},\"inLanguage\":\"es\",\"potentialAction\":[{\"@type\":\"ReadAction\",\"target\":[\"https:\\\/\\\/gifted-hub.com\\\/es\\\/profesores\\\/\"]}]},{\"@type\":\"ImageObject\",\"inLanguage\":\"es\",\"@id\":\"https:\\\/\\\/gifted-hub.com\\\/es\\\/profesores\\\/#primaryimage\",\"url\":\"https:\\\/\\\/gifted-hub.com\\\/wp-content\\\/uploads\\\/2024\\\/10\\\/24e5974c-00eb-4525-9293-a3ac61c51f32.jpg\",\"contentUrl\":\"https:\\\/\\\/gifted-hub.com\\\/wp-content\\\/uploads\\\/2024\\\/10\\\/24e5974c-00eb-4525-9293-a3ac61c51f32.jpg\",\"width\":1024,\"height\":685},{\"@type\":\"BreadcrumbList\",\"@id\":\"https:\\\/\\\/gifted-hub.com\\\/es\\\/profesores\\\/#breadcrumb\",\"itemListElement\":[{\"@type\":\"ListItem\",\"position\":1,\"name\":\"Home\",\"item\":\"https:\\\/\\\/gifted-hub.com\\\/es\\\/inicio\\\/\"},{\"@type\":\"ListItem\",\"position\":2,\"name\":\"Profesores\"}]},{\"@type\":\"WebSite\",\"@id\":\"https:\\\/\\\/gifted-hub.com\\\/es\\\/#website\",\"url\":\"https:\\\/\\\/gifted-hub.com\\\/es\\\/\",\"name\":\"Gifted HUB\",\"description\":\"Un espacio para las altas capacidades\",\"publisher\":{\"@id\":\"https:\\\/\\\/gifted-hub.com\\\/es\\\/#organization\"},\"potentialAction\":[{\"@type\":\"SearchAction\",\"target\":{\"@type\":\"EntryPoint\",\"urlTemplate\":\"https:\\\/\\\/gifted-hub.com\\\/es\\\/?s={search_term_string}\"},\"query-input\":{\"@type\":\"PropertyValueSpecification\",\"valueRequired\":true,\"valueName\":\"search_term_string\"}}],\"inLanguage\":\"es\"},{\"@type\":\"Organization\",\"@id\":\"https:\\\/\\\/gifted-hub.com\\\/es\\\/#organization\",\"name\":\"Gifted HUB\",\"url\":\"https:\\\/\\\/gifted-hub.com\\\/es\\\/\",\"logo\":{\"@type\":\"ImageObject\",\"inLanguage\":\"es\",\"@id\":\"https:\\\/\\\/gifted-hub.com\\\/es\\\/#\\\/schema\\\/logo\\\/image\\\/\",\"url\":\"https:\\\/\\\/gifted-hub.com\\\/wp-content\\\/uploads\\\/2024\\\/07\\\/logo-1.svg\",\"contentUrl\":\"https:\\\/\\\/gifted-hub.com\\\/wp-content\\\/uploads\\\/2024\\\/07\\\/logo-1.svg\",\"caption\":\"Gifted HUB\"},\"image\":{\"@id\":\"https:\\\/\\\/gifted-hub.com\\\/es\\\/#\\\/schema\\\/logo\\\/image\\\/\"}}]}<\/script>\n<!-- \/ Yoast SEO plugin. -->","yoast_head_json":{"title":"Profesores - Gifted HUB","robots":{"index":"index","follow":"follow","max-snippet":"max-snippet:-1","max-image-preview":"max-image-preview:large","max-video-preview":"max-video-preview:-1"},"canonical":"https:\/\/gifted-hub.com\/es\/profesores\/","og_locale":"es_ES","og_type":"article","og_title":"Profesores - Gifted HUB","og_description":"Cuando eres un maestro buscando maneras de apoyar a los estudiantes dotados, es crucial comenzar entendiendo las din\u00e1micas \u00fanicas que estos ni\u00f1os experimentan en un entorno de aula. Los estudiantes dotados a menudo se encuentran en ambientes donde sus habilidades avanzadas pueden ser nutridas o malinterpretadas. La escuela puede ser una fuente de inmensa alegr\u00eda [&hellip;]","og_url":"https:\/\/gifted-hub.com\/es\/profesores\/","og_site_name":"Gifted HUB","article_modified_time":"2024-10-28T09:17:14+00:00","og_image":[{"width":1024,"height":685,"url":"https:\/\/gifted-hub.com\/wp-content\/uploads\/2024\/10\/24e5974c-00eb-4525-9293-a3ac61c51f32.jpg","type":"image\/jpeg"}],"twitter_card":"summary_large_image","twitter_misc":{"Tiempo de lectura":"2 minutos"},"schema":{"@context":"https:\/\/schema.org","@graph":[{"@type":"WebPage","@id":"https:\/\/gifted-hub.com\/es\/profesores\/","url":"https:\/\/gifted-hub.com\/es\/profesores\/","name":"Profesores - Gifted HUB","isPartOf":{"@id":"https:\/\/gifted-hub.com\/es\/#website"},"primaryImageOfPage":{"@id":"https:\/\/gifted-hub.com\/es\/profesores\/#primaryimage"},"image":{"@id":"https:\/\/gifted-hub.com\/es\/profesores\/#primaryimage"},"thumbnailUrl":"https:\/\/gifted-hub.com\/wp-content\/uploads\/2024\/10\/24e5974c-00eb-4525-9293-a3ac61c51f32.jpg","datePublished":"2024-10-19T11:50:20+00:00","dateModified":"2024-10-28T09:17:14+00:00","breadcrumb":{"@id":"https:\/\/gifted-hub.com\/es\/profesores\/#breadcrumb"},"inLanguage":"es","potentialAction":[{"@type":"ReadAction","target":["https:\/\/gifted-hub.com\/es\/profesores\/"]}]},{"@type":"ImageObject","inLanguage":"es","@id":"https:\/\/gifted-hub.com\/es\/profesores\/#primaryimage","url":"https:\/\/gifted-hub.com\/wp-content\/uploads\/2024\/10\/24e5974c-00eb-4525-9293-a3ac61c51f32.jpg","contentUrl":"https:\/\/gifted-hub.com\/wp-content\/uploads\/2024\/10\/24e5974c-00eb-4525-9293-a3ac61c51f32.jpg","width":1024,"height":685},{"@type":"BreadcrumbList","@id":"https:\/\/gifted-hub.com\/es\/profesores\/#breadcrumb","itemListElement":[{"@type":"ListItem","position":1,"name":"Home","item":"https:\/\/gifted-hub.com\/es\/inicio\/"},{"@type":"ListItem","position":2,"name":"Profesores"}]},{"@type":"WebSite","@id":"https:\/\/gifted-hub.com\/es\/#website","url":"https:\/\/gifted-hub.com\/es\/","name":"Gifted HUB","description":"Un espacio para las altas capacidades","publisher":{"@id":"https:\/\/gifted-hub.com\/es\/#organization"},"potentialAction":[{"@type":"SearchAction","target":{"@type":"EntryPoint","urlTemplate":"https:\/\/gifted-hub.com\/es\/?s={search_term_string}"},"query-input":{"@type":"PropertyValueSpecification","valueRequired":true,"valueName":"search_term_string"}}],"inLanguage":"es"},{"@type":"Organization","@id":"https:\/\/gifted-hub.com\/es\/#organization","name":"Gifted HUB","url":"https:\/\/gifted-hub.com\/es\/","logo":{"@type":"ImageObject","inLanguage":"es","@id":"https:\/\/gifted-hub.com\/es\/#\/schema\/logo\/image\/","url":"https:\/\/gifted-hub.com\/wp-content\/uploads\/2024\/07\/logo-1.svg","contentUrl":"https:\/\/gifted-hub.com\/wp-content\/uploads\/2024\/07\/logo-1.svg","caption":"Gifted HUB"},"image":{"@id":"https:\/\/gifted-hub.com\/es\/#\/schema\/logo\/image\/"}}]}},"_links":{"self":[{"href":"https:\/\/gifted-hub.com\/es\/wp-json\/wp\/v2\/pages\/15623","targetHints":{"allow":["GET"]}}],"collection":[{"href":"https:\/\/gifted-hub.com\/es\/wp-json\/wp\/v2\/pages"}],"about":[{"href":"https:\/\/gifted-hub.com\/es\/wp-json\/wp\/v2\/types\/page"}],"author":[{"embeddable":true,"href":"https:\/\/gifted-hub.com\/es\/wp-json\/wp\/v2\/users\/1"}],"replies":[{"embeddable":true,"href":"https:\/\/gifted-hub.com\/es\/wp-json\/wp\/v2\/comments?post=15623"}],"version-history":[{"count":5,"href":"https:\/\/gifted-hub.com\/es\/wp-json\/wp\/v2\/pages\/15623\/revisions"}],"predecessor-version":[{"id":16403,"href":"https:\/\/gifted-hub.com\/es\/wp-json\/wp\/v2\/pages\/15623\/revisions\/16403"}],"wp:featuredmedia":[{"embeddable":true,"href":"https:\/\/gifted-hub.com\/es\/wp-json\/wp\/v2\/media\/15615"}],"wp:attachment":[{"href":"https:\/\/gifted-hub.com\/es\/wp-json\/wp\/v2\/media?parent=15623"}],"wp:term":[{"taxonomy":"group-interest","embeddable":true,"href":"https:\/\/gifted-hub.com\/es\/wp-json\/wp\/v2\/group-interest?post=15623"}],"curies":[{"name":"wp","href":"https:\/\/api.w.org\/{rel}","templated":true}]}}