{"id":15578,"date":"2024-10-19T00:26:08","date_gmt":"2024-10-19T00:26:08","guid":{"rendered":"https:\/\/gifted-hub.com\/interesados\/depresion-entre-adolescentes-superdotados-entendiendo-los-desafios\/"},"modified":"2025-04-21T22:01:43","modified_gmt":"2025-04-21T22:01:43","slug":"depresion-entre-adolescentes-superdotados-entendiendo-los-desafios","status":"publish","type":"page","link":"https:\/\/gifted-hub.com\/es\/interesados\/depresion-entre-adolescentes-superdotados-entendiendo-los-desafios\/","title":{"rendered":"Depresi\u00f3n entre adolescentes con altas capacidades: entendiendo los desaf\u00edos"},"content":{"rendered":"\n<p>Los adolescentes con <a href=\"https:\/\/gifted-hub.com\/es\/que-son-las-altas-capacidades\/\" data-type=\"page\" data-id=\"347\">altas capacidades<\/a> suelen enfrentarse a una serie de desaf\u00edos \u00fanicos que a menudo pasan desapercibidos. Aunque sus habilidades excepcionales pueden ser motivo de orgullo, tambi\u00e9n pueden vivir dificultades profundas y persistentes que provocan sentimientos de aislamiento y depresi\u00f3n. A menudo se perciben estas capacidades como una ventaja innata, pero bajo esa apariencia se esconde un mundo emocional complejo que puede derivar en problemas importantes de salud mental, especialmente trastornos depresivos. <\/p>\n\n<p>Una de las principales razones de la depresi\u00f3n en adolescentes con altas capacidades es la brecha <strong>entre sus habilidades intelectuales y su desarrollo emocional<\/strong>. Estos j\u00f3venes pueden tener las habilidades cognitivas de alguien mucho mayor, lo que les permite participar en procesos de pensamiento complejos o incluso en cuestionamientos existenciales a una edad temprana. Sin embargo, su inteligencia emocional a menudo se desarrolla a un ritmo m\u00e1s t\u00edpico, dej\u00e1ndolos vulnerables a luchas emocionales que pueden no comprender completamente. Esta brecha puede crear una sensaci\u00f3n abrumadora de frustraci\u00f3n y confusi\u00f3n, ya que sienten que no pueden reconciliar sus altas expectativas intelectuales con sus necesidades emocionales.   <\/p>\n\n<p>Estos adolescentes tambi\u00e9n pueden luchar con una sensibilidad aumentada hacia el mundo que los rodea. Tienden a ser muy conscientes de las injusticias sociales, los problemas ambientales y otros problemas sociales. Esta sensibilidad puede hacer que se sientan desconectados de sus compa\u00f1eros, quienes pueden no percibir estos problemas con la misma intensidad. La desconexi\u00f3n puede llevar a sentimientos de alienaci\u00f3n, ya que estos adolescentes pueden sentir que no tienen a nadie con quien compartir sus preocupaciones y pensamientos. Esta falta de conexi\u00f3n puede afectar significativamente su salud mental, aumentando su riesgo de depresi\u00f3n.    <\/p>\n\n<p>Otro factor que contribuye a la depresi\u00f3n en adolescentes con alta capacitaci\u00f3n es la presi\u00f3n que enfrentan, tanto interna como externamente. Estos j\u00f3venes a menudo sienten la carga de altas expectativas impuestas por sus padres, maestros e incluso ellos mismos. El impulso de tener \u00e9xito y cumplir con estas expectativas puede llevar a un estado constante de estr\u00e9s y ansiedad que, si no se aborda, puede evolucionar en depresi\u00f3n. Adem\u00e1s, el miedo al fracaso puede ser paralizante, haci\u00e9ndolos sentir que no tienen margen para cometer errores. La necesidad de mantener una imagen perfecta puede impedirles buscar ayuda, ya que pueden ver esto como un signo de debilidad o insuficiencia.    <\/p>\n\n<p>Este tipo de adolescentes tambi\u00e9n pueden sentirse diferentes de sus compa\u00f1eros, lo que puede exacerbar su sensaci\u00f3n de aislamiento. Pueden tener dificultades para encontrar amigos que compartan sus intereses o que puedan relacionarse con sus curiosidades intelectuales. El entorno escolar t\u00edpico, que a menudo se enfoca en la conformidad y el logro estandarizado, puede no proporcionar la estimulaci\u00f3n que necesitan, lo que lleva al aburrimiento y la desconexi\u00f3n. Esta falta de desaf\u00edo intelectual, combinada con dificultades sociales, puede llevar a sentimientos de desesperanza y a la sensaci\u00f3n de que no hay un lugar para ellos donde realmente pertenezcan.   <\/p>\n\n<p>Abordar la depresi\u00f3n en adolescentes con alta capacitaci\u00f3n requiere una comprensi\u00f3n profunda de sus necesidades \u00fanicas. Es crucial que los padres, educadores y profesionales de la salud mental creen entornos que reconozcan y nutran tanto su desarrollo intelectual como emocional. Proporcionar oportunidades para que estos adolescentes se conecten con compa\u00f1eros afines, participen en actividades acad\u00e9micas desafiantes y exploren sus emociones en un espacio seguro y de apoyo puede hacer una diferencia significativa en su salud mental y bienestar.  <\/p>\n\n<p>Sobre todo, la empat\u00eda es clave. Entender que la alta capacitaci\u00f3n no inmuniza a un joven de las luchas emocionales es un paso importante para ayudarlos. Reconocer los signos de depresi\u00f3n, como el retraimiento, los cambios de humor o una ca\u00edda en el rendimiento acad\u00e9mico, y responder con apoyo en lugar de juicio puede ayudar a los adolescentes con estas caracter\u00edsticas a sentirse vistos y escuchados. Con el tipo adecuado de cuidado, estos j\u00f3venes pueden aprender a navegar sus complejos paisajes emocionales y prosperar, tanto intelectual como emocionalmente.   <\/p>\n\n<p>Si est\u00e1s luchando contra la depresi\u00f3n, <strong>te animamos a buscar ayuda<\/strong> de un profesional de salud mental en tu \u00e1rea. Puedes usar <a href=\"\/es\/expert\">nuestro directorio<\/a> para encontrar apoyo. <\/p>\n","protected":false},"excerpt":{"rendered":"<p>Los adolescentes con altas capacidades suelen enfrentarse a una serie de desaf\u00edos \u00fanicos que a menudo pasan desapercibidos. Aunque sus habilidades excepcionales pueden ser motivo de orgullo, tambi\u00e9n pueden vivir dificultades profundas y persistentes que provocan sentimientos de aislamiento y depresi\u00f3n. A menudo se perciben estas capacidades como una ventaja innata, pero bajo esa apariencia [&hellip;]<\/p>\n","protected":false},"author":1,"featured_media":15556,"parent":15121,"menu_order":0,"comment_status":"closed","ping_status":"closed","template":"","meta":{"_acf_changed":false,"inline_featured_image":false,"footnotes":""},"group-interest":[179,177],"class_list":["post-15578","page","type-page","status-publish","has-post-thumbnail","hentry","group-interest-family-es","group-interest-individuals-es"],"acf":[],"yoast_head":"<!-- This site is optimized with the Yoast SEO plugin v27.4 - https:\/\/yoast.com\/product\/yoast-seo-wordpress\/ -->\n<title>Depresi\u00f3n entre adolescentes con altas capacidades: entendiendo los desaf\u00edos - Gifted HUB<\/title>\n<meta name=\"robots\" content=\"index, follow, max-snippet:-1, max-image-preview:large, max-video-preview:-1\" \/>\n<link rel=\"canonical\" href=\"https:\/\/gifted-hub.com\/es\/interesados\/depresion-entre-adolescentes-superdotados-entendiendo-los-desafios\/\" \/>\n<meta property=\"og:locale\" content=\"es_ES\" \/>\n<meta property=\"og:type\" content=\"article\" \/>\n<meta property=\"og:title\" content=\"Depresi\u00f3n entre adolescentes con altas capacidades: entendiendo los desaf\u00edos - Gifted HUB\" \/>\n<meta property=\"og:description\" content=\"Los adolescentes con altas capacidades suelen enfrentarse a una serie de desaf\u00edos \u00fanicos que a menudo pasan desapercibidos. Aunque sus habilidades excepcionales pueden ser motivo de orgullo, tambi\u00e9n pueden vivir dificultades profundas y persistentes que provocan sentimientos de aislamiento y depresi\u00f3n. A menudo se perciben estas capacidades como una ventaja innata, pero bajo esa apariencia [&hellip;]\" \/>\n<meta property=\"og:url\" content=\"https:\/\/gifted-hub.com\/es\/interesados\/depresion-entre-adolescentes-superdotados-entendiendo-los-desafios\/\" \/>\n<meta property=\"og:site_name\" content=\"Gifted HUB\" \/>\n<meta property=\"article:modified_time\" content=\"2025-04-21T22:01:43+00:00\" \/>\n<meta property=\"og:image\" content=\"https:\/\/gifted-hub.com\/wp-content\/uploads\/2024\/10\/5lufcdixqno-e1729297171596.jpg\" \/>\n\t<meta property=\"og:image:width\" content=\"800\" \/>\n\t<meta property=\"og:image:height\" content=\"1200\" \/>\n\t<meta property=\"og:image:type\" content=\"image\/jpeg\" \/>\n<meta name=\"twitter:card\" content=\"summary_large_image\" \/>\n<meta name=\"twitter:label1\" content=\"Tiempo de lectura\" \/>\n\t<meta name=\"twitter:data1\" content=\"4 minutos\" \/>\n<script type=\"application\/ld+json\" class=\"yoast-schema-graph\">{\"@context\":\"https:\\\/\\\/schema.org\",\"@graph\":[{\"@type\":\"WebPage\",\"@id\":\"https:\\\/\\\/gifted-hub.com\\\/es\\\/interesados\\\/depresion-entre-adolescentes-superdotados-entendiendo-los-desafios\\\/\",\"url\":\"https:\\\/\\\/gifted-hub.com\\\/es\\\/interesados\\\/depresion-entre-adolescentes-superdotados-entendiendo-los-desafios\\\/\",\"name\":\"Depresi\u00f3n entre adolescentes con altas capacidades: entendiendo los desaf\u00edos - Gifted HUB\",\"isPartOf\":{\"@id\":\"https:\\\/\\\/gifted-hub.com\\\/es\\\/#website\"},\"primaryImageOfPage\":{\"@id\":\"https:\\\/\\\/gifted-hub.com\\\/es\\\/interesados\\\/depresion-entre-adolescentes-superdotados-entendiendo-los-desafios\\\/#primaryimage\"},\"image\":{\"@id\":\"https:\\\/\\\/gifted-hub.com\\\/es\\\/interesados\\\/depresion-entre-adolescentes-superdotados-entendiendo-los-desafios\\\/#primaryimage\"},\"thumbnailUrl\":\"https:\\\/\\\/gifted-hub.com\\\/wp-content\\\/uploads\\\/2024\\\/10\\\/5lufcdixqno-e1729297171596.jpg\",\"datePublished\":\"2024-10-19T00:26:08+00:00\",\"dateModified\":\"2025-04-21T22:01:43+00:00\",\"breadcrumb\":{\"@id\":\"https:\\\/\\\/gifted-hub.com\\\/es\\\/interesados\\\/depresion-entre-adolescentes-superdotados-entendiendo-los-desafios\\\/#breadcrumb\"},\"inLanguage\":\"es\",\"potentialAction\":[{\"@type\":\"ReadAction\",\"target\":[\"https:\\\/\\\/gifted-hub.com\\\/es\\\/interesados\\\/depresion-entre-adolescentes-superdotados-entendiendo-los-desafios\\\/\"]}]},{\"@type\":\"ImageObject\",\"inLanguage\":\"es\",\"@id\":\"https:\\\/\\\/gifted-hub.com\\\/es\\\/interesados\\\/depresion-entre-adolescentes-superdotados-entendiendo-los-desafios\\\/#primaryimage\",\"url\":\"https:\\\/\\\/gifted-hub.com\\\/wp-content\\\/uploads\\\/2024\\\/10\\\/5lufcdixqno-e1729297171596.jpg\",\"contentUrl\":\"https:\\\/\\\/gifted-hub.com\\\/wp-content\\\/uploads\\\/2024\\\/10\\\/5lufcdixqno-e1729297171596.jpg\",\"width\":800,\"height\":1200},{\"@type\":\"BreadcrumbList\",\"@id\":\"https:\\\/\\\/gifted-hub.com\\\/es\\\/interesados\\\/depresion-entre-adolescentes-superdotados-entendiendo-los-desafios\\\/#breadcrumb\",\"itemListElement\":[{\"@type\":\"ListItem\",\"position\":1,\"name\":\"Home\",\"item\":\"https:\\\/\\\/gifted-hub.com\\\/es\\\/inicio\\\/\"},{\"@type\":\"ListItem\",\"position\":2,\"name\":\"Interesados\",\"item\":\"https:\\\/\\\/gifted-hub.com\\\/es\\\/interesados\\\/\"},{\"@type\":\"ListItem\",\"position\":3,\"name\":\"Depresi\u00f3n entre adolescentes con altas capacidades: entendiendo los desaf\u00edos\"}]},{\"@type\":\"WebSite\",\"@id\":\"https:\\\/\\\/gifted-hub.com\\\/es\\\/#website\",\"url\":\"https:\\\/\\\/gifted-hub.com\\\/es\\\/\",\"name\":\"Gifted HUB\",\"description\":\"Un espacio para las altas capacidades\",\"publisher\":{\"@id\":\"https:\\\/\\\/gifted-hub.com\\\/es\\\/#organization\"},\"potentialAction\":[{\"@type\":\"SearchAction\",\"target\":{\"@type\":\"EntryPoint\",\"urlTemplate\":\"https:\\\/\\\/gifted-hub.com\\\/es\\\/?s={search_term_string}\"},\"query-input\":{\"@type\":\"PropertyValueSpecification\",\"valueRequired\":true,\"valueName\":\"search_term_string\"}}],\"inLanguage\":\"es\"},{\"@type\":\"Organization\",\"@id\":\"https:\\\/\\\/gifted-hub.com\\\/es\\\/#organization\",\"name\":\"Gifted HUB\",\"url\":\"https:\\\/\\\/gifted-hub.com\\\/es\\\/\",\"logo\":{\"@type\":\"ImageObject\",\"inLanguage\":\"es\",\"@id\":\"https:\\\/\\\/gifted-hub.com\\\/es\\\/#\\\/schema\\\/logo\\\/image\\\/\",\"url\":\"https:\\\/\\\/gifted-hub.com\\\/wp-content\\\/uploads\\\/2024\\\/07\\\/logo-1.svg\",\"contentUrl\":\"https:\\\/\\\/gifted-hub.com\\\/wp-content\\\/uploads\\\/2024\\\/07\\\/logo-1.svg\",\"caption\":\"Gifted HUB\"},\"image\":{\"@id\":\"https:\\\/\\\/gifted-hub.com\\\/es\\\/#\\\/schema\\\/logo\\\/image\\\/\"}}]}<\/script>\n<!-- \/ Yoast SEO plugin. -->","yoast_head_json":{"title":"Depresi\u00f3n entre adolescentes con altas capacidades: entendiendo los desaf\u00edos - Gifted HUB","robots":{"index":"index","follow":"follow","max-snippet":"max-snippet:-1","max-image-preview":"max-image-preview:large","max-video-preview":"max-video-preview:-1"},"canonical":"https:\/\/gifted-hub.com\/es\/interesados\/depresion-entre-adolescentes-superdotados-entendiendo-los-desafios\/","og_locale":"es_ES","og_type":"article","og_title":"Depresi\u00f3n entre adolescentes con altas capacidades: entendiendo los desaf\u00edos - Gifted HUB","og_description":"Los adolescentes con altas capacidades suelen enfrentarse a una serie de desaf\u00edos \u00fanicos que a menudo pasan desapercibidos. Aunque sus habilidades excepcionales pueden ser motivo de orgullo, tambi\u00e9n pueden vivir dificultades profundas y persistentes que provocan sentimientos de aislamiento y depresi\u00f3n. A menudo se perciben estas capacidades como una ventaja innata, pero bajo esa apariencia [&hellip;]","og_url":"https:\/\/gifted-hub.com\/es\/interesados\/depresion-entre-adolescentes-superdotados-entendiendo-los-desafios\/","og_site_name":"Gifted HUB","article_modified_time":"2025-04-21T22:01:43+00:00","og_image":[{"width":800,"height":1200,"url":"https:\/\/gifted-hub.com\/wp-content\/uploads\/2024\/10\/5lufcdixqno-e1729297171596.jpg","type":"image\/jpeg"}],"twitter_card":"summary_large_image","twitter_misc":{"Tiempo de lectura":"4 minutos"},"schema":{"@context":"https:\/\/schema.org","@graph":[{"@type":"WebPage","@id":"https:\/\/gifted-hub.com\/es\/interesados\/depresion-entre-adolescentes-superdotados-entendiendo-los-desafios\/","url":"https:\/\/gifted-hub.com\/es\/interesados\/depresion-entre-adolescentes-superdotados-entendiendo-los-desafios\/","name":"Depresi\u00f3n entre adolescentes con altas capacidades: entendiendo los desaf\u00edos - Gifted HUB","isPartOf":{"@id":"https:\/\/gifted-hub.com\/es\/#website"},"primaryImageOfPage":{"@id":"https:\/\/gifted-hub.com\/es\/interesados\/depresion-entre-adolescentes-superdotados-entendiendo-los-desafios\/#primaryimage"},"image":{"@id":"https:\/\/gifted-hub.com\/es\/interesados\/depresion-entre-adolescentes-superdotados-entendiendo-los-desafios\/#primaryimage"},"thumbnailUrl":"https:\/\/gifted-hub.com\/wp-content\/uploads\/2024\/10\/5lufcdixqno-e1729297171596.jpg","datePublished":"2024-10-19T00:26:08+00:00","dateModified":"2025-04-21T22:01:43+00:00","breadcrumb":{"@id":"https:\/\/gifted-hub.com\/es\/interesados\/depresion-entre-adolescentes-superdotados-entendiendo-los-desafios\/#breadcrumb"},"inLanguage":"es","potentialAction":[{"@type":"ReadAction","target":["https:\/\/gifted-hub.com\/es\/interesados\/depresion-entre-adolescentes-superdotados-entendiendo-los-desafios\/"]}]},{"@type":"ImageObject","inLanguage":"es","@id":"https:\/\/gifted-hub.com\/es\/interesados\/depresion-entre-adolescentes-superdotados-entendiendo-los-desafios\/#primaryimage","url":"https:\/\/gifted-hub.com\/wp-content\/uploads\/2024\/10\/5lufcdixqno-e1729297171596.jpg","contentUrl":"https:\/\/gifted-hub.com\/wp-content\/uploads\/2024\/10\/5lufcdixqno-e1729297171596.jpg","width":800,"height":1200},{"@type":"BreadcrumbList","@id":"https:\/\/gifted-hub.com\/es\/interesados\/depresion-entre-adolescentes-superdotados-entendiendo-los-desafios\/#breadcrumb","itemListElement":[{"@type":"ListItem","position":1,"name":"Home","item":"https:\/\/gifted-hub.com\/es\/inicio\/"},{"@type":"ListItem","position":2,"name":"Interesados","item":"https:\/\/gifted-hub.com\/es\/interesados\/"},{"@type":"ListItem","position":3,"name":"Depresi\u00f3n entre adolescentes con altas capacidades: entendiendo los desaf\u00edos"}]},{"@type":"WebSite","@id":"https:\/\/gifted-hub.com\/es\/#website","url":"https:\/\/gifted-hub.com\/es\/","name":"Gifted HUB","description":"Un espacio para las altas capacidades","publisher":{"@id":"https:\/\/gifted-hub.com\/es\/#organization"},"potentialAction":[{"@type":"SearchAction","target":{"@type":"EntryPoint","urlTemplate":"https:\/\/gifted-hub.com\/es\/?s={search_term_string}"},"query-input":{"@type":"PropertyValueSpecification","valueRequired":true,"valueName":"search_term_string"}}],"inLanguage":"es"},{"@type":"Organization","@id":"https:\/\/gifted-hub.com\/es\/#organization","name":"Gifted HUB","url":"https:\/\/gifted-hub.com\/es\/","logo":{"@type":"ImageObject","inLanguage":"es","@id":"https:\/\/gifted-hub.com\/es\/#\/schema\/logo\/image\/","url":"https:\/\/gifted-hub.com\/wp-content\/uploads\/2024\/07\/logo-1.svg","contentUrl":"https:\/\/gifted-hub.com\/wp-content\/uploads\/2024\/07\/logo-1.svg","caption":"Gifted HUB"},"image":{"@id":"https:\/\/gifted-hub.com\/es\/#\/schema\/logo\/image\/"}}]}},"_links":{"self":[{"href":"https:\/\/gifted-hub.com\/es\/wp-json\/wp\/v2\/pages\/15578","targetHints":{"allow":["GET"]}}],"collection":[{"href":"https:\/\/gifted-hub.com\/es\/wp-json\/wp\/v2\/pages"}],"about":[{"href":"https:\/\/gifted-hub.com\/es\/wp-json\/wp\/v2\/types\/page"}],"author":[{"embeddable":true,"href":"https:\/\/gifted-hub.com\/es\/wp-json\/wp\/v2\/users\/1"}],"replies":[{"embeddable":true,"href":"https:\/\/gifted-hub.com\/es\/wp-json\/wp\/v2\/comments?post=15578"}],"version-history":[{"count":9,"href":"https:\/\/gifted-hub.com\/es\/wp-json\/wp\/v2\/pages\/15578\/revisions"}],"predecessor-version":[{"id":19379,"href":"https:\/\/gifted-hub.com\/es\/wp-json\/wp\/v2\/pages\/15578\/revisions\/19379"}],"up":[{"embeddable":true,"href":"https:\/\/gifted-hub.com\/es\/wp-json\/wp\/v2\/pages\/15121"}],"wp:featuredmedia":[{"embeddable":true,"href":"https:\/\/gifted-hub.com\/es\/wp-json\/wp\/v2\/media\/15556"}],"wp:attachment":[{"href":"https:\/\/gifted-hub.com\/es\/wp-json\/wp\/v2\/media?parent=15578"}],"wp:term":[{"taxonomy":"group-interest","embeddable":true,"href":"https:\/\/gifted-hub.com\/es\/wp-json\/wp\/v2\/group-interest?post=15578"}],"curies":[{"name":"wp","href":"https:\/\/api.w.org\/{rel}","templated":true}]}}