{"id":15458,"date":"2024-09-26T21:39:49","date_gmt":"2024-09-26T21:39:49","guid":{"rendered":"https:\/\/gifted-hub.com\/que-son-las-altas-capacidades\/mitos-y-realidades-sobre-las-altas-capacidades-intelectuales\/"},"modified":"2025-04-21T22:43:49","modified_gmt":"2025-04-21T22:43:49","slug":"mitos-y-realidades-sobre-las-altas-capacidades-intelectuales","status":"publish","type":"page","link":"https:\/\/gifted-hub.com\/es\/que-son-las-altas-capacidades\/mitos-y-realidades-sobre-las-altas-capacidades-intelectuales\/","title":{"rendered":"Mitos y realidades sobre las altas capacidades intelectuales"},"content":{"rendered":"\n<p>Es f\u00e1cil encontrar conceptos err\u00f3neos sobre los ni\u00f1os y adolescentes con altas capacidades intelectuales. Estas creencias, a menudo basadas en mitos, no solo distorsionan la realidad, sino que tambi\u00e9n afectan el apoyo que estos ni\u00f1os reciben para desarrollar plenamente su potencial. <\/p>\n\n<p>Un mito com\u00fan es pensar que estos <strong>ni\u00f1os son autodidactas<\/strong> en todas las circunstancias, aprendiendo por su cuenta sin necesidad de asistencia. Si bien es cierto que pueden mostrar independencia al estudiar, tambi\u00e9n requieren la gu\u00eda de un adulto que pueda ayudar a canalizar su curiosidad. Necesitan a alguien que los desaf\u00ede a aprender m\u00e1s y mejor, proporcionando un entorno donde se sientan reconocidos y aceptados, al igual que cualquier otro estudiante.  <\/p>\n\n<p>Otro concepto err\u00f3neo es que si un <strong>ni\u00f1o tiene un alto coeficiente intelectual<\/strong>, inevitablemente rendir\u00e1 bien en todas las \u00e1reas acad\u00e9micas. La verdad es que el rendimiento puede estar influenciado por factores emocionales, familiares, sociales y motivacionales. Adem\u00e1s, no es inusual que algunos de estos ni\u00f1os desarrollen talentos espec\u00edficos, destac\u00e1ndose en ciertas \u00e1reas mientras que otras pueden quedar rezagadas. A veces, sus logros evolucionan de manera desigual: un ni\u00f1o puede tener habilidades avanzadas en el lenguaje pero tener dificultades para expresar sus pensamientos por escrito, o puede poseer una alta capacidad de razonamiento pero carecer del vocabulario para comunicar sus ideas de manera efectiva.   <\/p>\n\n<p>La motivaci\u00f3n es otro aspecto mal entendido de estos ni\u00f1os. <strong>No todo les interesa por igual<\/strong>, y lo que a menudo capta su atenci\u00f3n es el grado de desaf\u00edo que presenta una actividad. Las tareas repetitivas y mec\u00e1nicas pueden desmotivarlos, ya que estas tareas no satisfacen su necesidad de aprender algo nuevo o resolver problemas complejos. <\/p>\n\n<p>Tambi\u00e9n hay confusi\u00f3n con respecto a la relaci\u00f3n entre <strong>inteligencia y creatividad<\/strong>. Aunque algunas definiciones de alta capacitaci\u00f3n incluyen un alto rendimiento creativo junto con la capacidad intelectual, la creatividad no siempre va de la mano con un alto coeficiente intelectual. Hay personas muy creativas con un coeficiente intelectual promedio, y viceversa.  <\/p>\n\n<p>A menudo se cree que la <strong>inteligencia permanece estable a lo largo de la vida<\/strong>, pero en realidad, necesita ser estimulada. La inteligencia, como cualquier otra habilidad, se desarrolla y fortalece con el uso y la pr\u00e1ctica. Si no se utiliza, puede estancarse; de ah\u00ed la importancia de un entorno rico en est\u00edmulos y oportunidades de aprendizaje.  <\/p>\n\n<p>En el \u00e1mbito social, se dice frecuentemente que los ni\u00f1os con altas capacidades <strong>tienen dificultades para adaptarse<\/strong>. Sin embargo, las dificultades sociales no est\u00e1n necesariamente vinculadas a su inteligencia, sino m\u00e1s bien a ciertas actitudes, como la arrogancia, la impaciencia con el ritmo de los dem\u00e1s o la inflexibilidad. Es crucial ense\u00f1arles c\u00f3mo relacionarse con diferentes tipos de personas y manejar sus emociones para que puedan formar relaciones saludables con sus compa\u00f1eros.  <\/p>\n\n<p>Otra imagen com\u00fan es la de estos <strong>ni\u00f1os siendo solitarios<\/strong>. Si bien es cierto que pueden pasar mucho tiempo absortos en actividades individuales como la lectura o la investigaci\u00f3n, esto no significa que siempre prefieran la soledad. Como cualquier ni\u00f1o, buscan comprensi\u00f3n y sufren cuando se sienten rechazados o aislados.  <\/p>\n\n<p>Tambi\u00e9n existe la creencia de que debido a su alto nivel de comprensi\u00f3n, <strong>estos ni\u00f1os no necesitan l\u00edmites<\/strong>. Sin embargo, siguen siendo ni\u00f1os y, como tales, necesitan un marco claro de reglas y l\u00edmites para sentirse seguros. No tienen la experiencia social para tomar siempre las decisiones correctas, y los adultos deben guiarlos y protegerlos.  <\/p>\n\n<p>Otro mito es creer que el <strong>talento es \u00fanicamente el resultado de la presi\u00f3n<\/strong> y las expectativas de los adultos. Si bien la estimulaci\u00f3n es clave para el desarrollo de habilidades, la base del talento es innata y no puede atribuirse \u00fanicamente a la presi\u00f3n o el esfuerzo de los padres. Sin embargo, encontrar un equilibrio es importante, ya que la presi\u00f3n excesiva puede ser contraproducente, llevando a la ansiedad y la frustraci\u00f3n.  <\/p>\n\n<p>Finalmente, existe la tendencia a pensar que los ni\u00f1os con altas capacidades <strong>se convertir\u00e1n autom\u00e1ticamente en adultos exitosos y creativos<\/strong>, pero esto no siempre es as\u00ed. Las oportunidades educativas, culturales y econ\u00f3micas, as\u00ed como el desarrollo de habilidades sociales y emocionales, son factores cruciales para ayudarlos a alcanzar su potencial a lo largo de la vida. <\/p>\n\n<p>Desmentir estos mitos es esencial para entender que estos ni\u00f1os y adolescentes forman un grupo diverso con necesidades \u00fanicas. Solo comprendiendo sus caracter\u00edsticas de manera realista podemos proporcionar el apoyo y la orientaci\u00f3n que necesitan para crecer felices y desarrollar sus capacidades al m\u00e1ximo. <\/p>\n","protected":false},"excerpt":{"rendered":"<p>Es f\u00e1cil encontrar conceptos err\u00f3neos sobre los ni\u00f1os y adolescentes con altas capacidades intelectuales. Estas creencias, a menudo basadas en mitos, no solo distorsionan la realidad, sino que tambi\u00e9n afectan el apoyo que estos ni\u00f1os reciben para desarrollar plenamente su potencial. Un mito com\u00fan es pensar que estos ni\u00f1os son autodidactas en todas las circunstancias, [&hellip;]<\/p>\n","protected":false},"author":1,"featured_media":15454,"parent":2197,"menu_order":0,"comment_status":"closed","ping_status":"closed","template":"","meta":{"_acf_changed":false,"inline_featured_image":false,"footnotes":""},"group-interest":[179,177,183,181],"class_list":["post-15458","page","type-page","status-publish","has-post-thumbnail","hentry","group-interest-family-es","group-interest-individuals-es","group-interest-proffesionals-es","group-interest-teachers-es"],"acf":[],"yoast_head":"<!-- This site is optimized with the Yoast SEO plugin v27.4 - https:\/\/yoast.com\/product\/yoast-seo-wordpress\/ -->\n<title>Mitos y realidades sobre las altas capacidades intelectuales - Gifted HUB<\/title>\n<meta name=\"robots\" content=\"index, follow, max-snippet:-1, max-image-preview:large, max-video-preview:-1\" \/>\n<link rel=\"canonical\" href=\"https:\/\/gifted-hub.com\/es\/que-son-las-altas-capacidades\/mitos-y-realidades-sobre-las-altas-capacidades-intelectuales\/\" \/>\n<meta property=\"og:locale\" content=\"es_ES\" \/>\n<meta property=\"og:type\" content=\"article\" \/>\n<meta property=\"og:title\" content=\"Mitos y realidades sobre las altas capacidades intelectuales - Gifted HUB\" \/>\n<meta property=\"og:description\" content=\"Es f\u00e1cil encontrar conceptos err\u00f3neos sobre los ni\u00f1os y adolescentes con altas capacidades intelectuales. Estas creencias, a menudo basadas en mitos, no solo distorsionan la realidad, sino que tambi\u00e9n afectan el apoyo que estos ni\u00f1os reciben para desarrollar plenamente su potencial. Un mito com\u00fan es pensar que estos ni\u00f1os son autodidactas en todas las circunstancias, [&hellip;]\" \/>\n<meta property=\"og:url\" content=\"https:\/\/gifted-hub.com\/es\/que-son-las-altas-capacidades\/mitos-y-realidades-sobre-las-altas-capacidades-intelectuales\/\" \/>\n<meta property=\"og:site_name\" content=\"Gifted HUB\" \/>\n<meta property=\"article:modified_time\" content=\"2025-04-21T22:43:49+00:00\" \/>\n<meta property=\"og:image\" content=\"https:\/\/gifted-hub.com\/wp-content\/uploads\/2024\/09\/1098745.jpg\" \/>\n\t<meta property=\"og:image:width\" content=\"1280\" \/>\n\t<meta property=\"og:image:height\" content=\"851\" \/>\n\t<meta property=\"og:image:type\" content=\"image\/jpeg\" \/>\n<meta name=\"twitter:card\" content=\"summary_large_image\" \/>\n<meta name=\"twitter:label1\" content=\"Tiempo de lectura\" \/>\n\t<meta name=\"twitter:data1\" content=\"4 minutos\" \/>\n<script type=\"application\/ld+json\" class=\"yoast-schema-graph\">{\"@context\":\"https:\\\/\\\/schema.org\",\"@graph\":[{\"@type\":\"WebPage\",\"@id\":\"https:\\\/\\\/gifted-hub.com\\\/es\\\/que-son-las-altas-capacidades\\\/mitos-y-realidades-sobre-las-altas-capacidades-intelectuales\\\/\",\"url\":\"https:\\\/\\\/gifted-hub.com\\\/es\\\/que-son-las-altas-capacidades\\\/mitos-y-realidades-sobre-las-altas-capacidades-intelectuales\\\/\",\"name\":\"Mitos y realidades sobre las altas capacidades intelectuales - Gifted HUB\",\"isPartOf\":{\"@id\":\"https:\\\/\\\/gifted-hub.com\\\/es\\\/#website\"},\"primaryImageOfPage\":{\"@id\":\"https:\\\/\\\/gifted-hub.com\\\/es\\\/que-son-las-altas-capacidades\\\/mitos-y-realidades-sobre-las-altas-capacidades-intelectuales\\\/#primaryimage\"},\"image\":{\"@id\":\"https:\\\/\\\/gifted-hub.com\\\/es\\\/que-son-las-altas-capacidades\\\/mitos-y-realidades-sobre-las-altas-capacidades-intelectuales\\\/#primaryimage\"},\"thumbnailUrl\":\"https:\\\/\\\/gifted-hub.com\\\/wp-content\\\/uploads\\\/2024\\\/09\\\/1098745.jpg\",\"datePublished\":\"2024-09-26T21:39:49+00:00\",\"dateModified\":\"2025-04-21T22:43:49+00:00\",\"breadcrumb\":{\"@id\":\"https:\\\/\\\/gifted-hub.com\\\/es\\\/que-son-las-altas-capacidades\\\/mitos-y-realidades-sobre-las-altas-capacidades-intelectuales\\\/#breadcrumb\"},\"inLanguage\":\"es\",\"potentialAction\":[{\"@type\":\"ReadAction\",\"target\":[\"https:\\\/\\\/gifted-hub.com\\\/es\\\/que-son-las-altas-capacidades\\\/mitos-y-realidades-sobre-las-altas-capacidades-intelectuales\\\/\"]}]},{\"@type\":\"ImageObject\",\"inLanguage\":\"es\",\"@id\":\"https:\\\/\\\/gifted-hub.com\\\/es\\\/que-son-las-altas-capacidades\\\/mitos-y-realidades-sobre-las-altas-capacidades-intelectuales\\\/#primaryimage\",\"url\":\"https:\\\/\\\/gifted-hub.com\\\/wp-content\\\/uploads\\\/2024\\\/09\\\/1098745.jpg\",\"contentUrl\":\"https:\\\/\\\/gifted-hub.com\\\/wp-content\\\/uploads\\\/2024\\\/09\\\/1098745.jpg\",\"width\":1280,\"height\":851},{\"@type\":\"BreadcrumbList\",\"@id\":\"https:\\\/\\\/gifted-hub.com\\\/es\\\/que-son-las-altas-capacidades\\\/mitos-y-realidades-sobre-las-altas-capacidades-intelectuales\\\/#breadcrumb\",\"itemListElement\":[{\"@type\":\"ListItem\",\"position\":1,\"name\":\"Home\",\"item\":\"https:\\\/\\\/gifted-hub.com\\\/es\\\/inicio\\\/\"},{\"@type\":\"ListItem\",\"position\":2,\"name\":\"\u00bfQu\u00e9 son las Altas Capacidades?\",\"item\":\"https:\\\/\\\/gifted-hub.com\\\/es\\\/que-son-las-altas-capacidades\\\/\"},{\"@type\":\"ListItem\",\"position\":3,\"name\":\"Mitos y realidades sobre las altas capacidades intelectuales\"}]},{\"@type\":\"WebSite\",\"@id\":\"https:\\\/\\\/gifted-hub.com\\\/es\\\/#website\",\"url\":\"https:\\\/\\\/gifted-hub.com\\\/es\\\/\",\"name\":\"Gifted HUB\",\"description\":\"Un espacio para las altas capacidades\",\"publisher\":{\"@id\":\"https:\\\/\\\/gifted-hub.com\\\/es\\\/#organization\"},\"potentialAction\":[{\"@type\":\"SearchAction\",\"target\":{\"@type\":\"EntryPoint\",\"urlTemplate\":\"https:\\\/\\\/gifted-hub.com\\\/es\\\/?s={search_term_string}\"},\"query-input\":{\"@type\":\"PropertyValueSpecification\",\"valueRequired\":true,\"valueName\":\"search_term_string\"}}],\"inLanguage\":\"es\"},{\"@type\":\"Organization\",\"@id\":\"https:\\\/\\\/gifted-hub.com\\\/es\\\/#organization\",\"name\":\"Gifted HUB\",\"url\":\"https:\\\/\\\/gifted-hub.com\\\/es\\\/\",\"logo\":{\"@type\":\"ImageObject\",\"inLanguage\":\"es\",\"@id\":\"https:\\\/\\\/gifted-hub.com\\\/es\\\/#\\\/schema\\\/logo\\\/image\\\/\",\"url\":\"https:\\\/\\\/gifted-hub.com\\\/wp-content\\\/uploads\\\/2024\\\/07\\\/logo-1.svg\",\"contentUrl\":\"https:\\\/\\\/gifted-hub.com\\\/wp-content\\\/uploads\\\/2024\\\/07\\\/logo-1.svg\",\"caption\":\"Gifted HUB\"},\"image\":{\"@id\":\"https:\\\/\\\/gifted-hub.com\\\/es\\\/#\\\/schema\\\/logo\\\/image\\\/\"}}]}<\/script>\n<!-- \/ Yoast SEO plugin. -->","yoast_head_json":{"title":"Mitos y realidades sobre las altas capacidades intelectuales - Gifted HUB","robots":{"index":"index","follow":"follow","max-snippet":"max-snippet:-1","max-image-preview":"max-image-preview:large","max-video-preview":"max-video-preview:-1"},"canonical":"https:\/\/gifted-hub.com\/es\/que-son-las-altas-capacidades\/mitos-y-realidades-sobre-las-altas-capacidades-intelectuales\/","og_locale":"es_ES","og_type":"article","og_title":"Mitos y realidades sobre las altas capacidades intelectuales - Gifted HUB","og_description":"Es f\u00e1cil encontrar conceptos err\u00f3neos sobre los ni\u00f1os y adolescentes con altas capacidades intelectuales. Estas creencias, a menudo basadas en mitos, no solo distorsionan la realidad, sino que tambi\u00e9n afectan el apoyo que estos ni\u00f1os reciben para desarrollar plenamente su potencial. Un mito com\u00fan es pensar que estos ni\u00f1os son autodidactas en todas las circunstancias, [&hellip;]","og_url":"https:\/\/gifted-hub.com\/es\/que-son-las-altas-capacidades\/mitos-y-realidades-sobre-las-altas-capacidades-intelectuales\/","og_site_name":"Gifted HUB","article_modified_time":"2025-04-21T22:43:49+00:00","og_image":[{"width":1280,"height":851,"url":"https:\/\/gifted-hub.com\/wp-content\/uploads\/2024\/09\/1098745.jpg","type":"image\/jpeg"}],"twitter_card":"summary_large_image","twitter_misc":{"Tiempo de lectura":"4 minutos"},"schema":{"@context":"https:\/\/schema.org","@graph":[{"@type":"WebPage","@id":"https:\/\/gifted-hub.com\/es\/que-son-las-altas-capacidades\/mitos-y-realidades-sobre-las-altas-capacidades-intelectuales\/","url":"https:\/\/gifted-hub.com\/es\/que-son-las-altas-capacidades\/mitos-y-realidades-sobre-las-altas-capacidades-intelectuales\/","name":"Mitos y realidades sobre las altas capacidades intelectuales - Gifted HUB","isPartOf":{"@id":"https:\/\/gifted-hub.com\/es\/#website"},"primaryImageOfPage":{"@id":"https:\/\/gifted-hub.com\/es\/que-son-las-altas-capacidades\/mitos-y-realidades-sobre-las-altas-capacidades-intelectuales\/#primaryimage"},"image":{"@id":"https:\/\/gifted-hub.com\/es\/que-son-las-altas-capacidades\/mitos-y-realidades-sobre-las-altas-capacidades-intelectuales\/#primaryimage"},"thumbnailUrl":"https:\/\/gifted-hub.com\/wp-content\/uploads\/2024\/09\/1098745.jpg","datePublished":"2024-09-26T21:39:49+00:00","dateModified":"2025-04-21T22:43:49+00:00","breadcrumb":{"@id":"https:\/\/gifted-hub.com\/es\/que-son-las-altas-capacidades\/mitos-y-realidades-sobre-las-altas-capacidades-intelectuales\/#breadcrumb"},"inLanguage":"es","potentialAction":[{"@type":"ReadAction","target":["https:\/\/gifted-hub.com\/es\/que-son-las-altas-capacidades\/mitos-y-realidades-sobre-las-altas-capacidades-intelectuales\/"]}]},{"@type":"ImageObject","inLanguage":"es","@id":"https:\/\/gifted-hub.com\/es\/que-son-las-altas-capacidades\/mitos-y-realidades-sobre-las-altas-capacidades-intelectuales\/#primaryimage","url":"https:\/\/gifted-hub.com\/wp-content\/uploads\/2024\/09\/1098745.jpg","contentUrl":"https:\/\/gifted-hub.com\/wp-content\/uploads\/2024\/09\/1098745.jpg","width":1280,"height":851},{"@type":"BreadcrumbList","@id":"https:\/\/gifted-hub.com\/es\/que-son-las-altas-capacidades\/mitos-y-realidades-sobre-las-altas-capacidades-intelectuales\/#breadcrumb","itemListElement":[{"@type":"ListItem","position":1,"name":"Home","item":"https:\/\/gifted-hub.com\/es\/inicio\/"},{"@type":"ListItem","position":2,"name":"\u00bfQu\u00e9 son las Altas Capacidades?","item":"https:\/\/gifted-hub.com\/es\/que-son-las-altas-capacidades\/"},{"@type":"ListItem","position":3,"name":"Mitos y realidades sobre las altas capacidades intelectuales"}]},{"@type":"WebSite","@id":"https:\/\/gifted-hub.com\/es\/#website","url":"https:\/\/gifted-hub.com\/es\/","name":"Gifted HUB","description":"Un espacio para las altas capacidades","publisher":{"@id":"https:\/\/gifted-hub.com\/es\/#organization"},"potentialAction":[{"@type":"SearchAction","target":{"@type":"EntryPoint","urlTemplate":"https:\/\/gifted-hub.com\/es\/?s={search_term_string}"},"query-input":{"@type":"PropertyValueSpecification","valueRequired":true,"valueName":"search_term_string"}}],"inLanguage":"es"},{"@type":"Organization","@id":"https:\/\/gifted-hub.com\/es\/#organization","name":"Gifted HUB","url":"https:\/\/gifted-hub.com\/es\/","logo":{"@type":"ImageObject","inLanguage":"es","@id":"https:\/\/gifted-hub.com\/es\/#\/schema\/logo\/image\/","url":"https:\/\/gifted-hub.com\/wp-content\/uploads\/2024\/07\/logo-1.svg","contentUrl":"https:\/\/gifted-hub.com\/wp-content\/uploads\/2024\/07\/logo-1.svg","caption":"Gifted HUB"},"image":{"@id":"https:\/\/gifted-hub.com\/es\/#\/schema\/logo\/image\/"}}]}},"_links":{"self":[{"href":"https:\/\/gifted-hub.com\/es\/wp-json\/wp\/v2\/pages\/15458","targetHints":{"allow":["GET"]}}],"collection":[{"href":"https:\/\/gifted-hub.com\/es\/wp-json\/wp\/v2\/pages"}],"about":[{"href":"https:\/\/gifted-hub.com\/es\/wp-json\/wp\/v2\/types\/page"}],"author":[{"embeddable":true,"href":"https:\/\/gifted-hub.com\/es\/wp-json\/wp\/v2\/users\/1"}],"replies":[{"embeddable":true,"href":"https:\/\/gifted-hub.com\/es\/wp-json\/wp\/v2\/comments?post=15458"}],"version-history":[{"count":4,"href":"https:\/\/gifted-hub.com\/es\/wp-json\/wp\/v2\/pages\/15458\/revisions"}],"predecessor-version":[{"id":19393,"href":"https:\/\/gifted-hub.com\/es\/wp-json\/wp\/v2\/pages\/15458\/revisions\/19393"}],"up":[{"embeddable":true,"href":"https:\/\/gifted-hub.com\/es\/wp-json\/wp\/v2\/pages\/2197"}],"wp:featuredmedia":[{"embeddable":true,"href":"https:\/\/gifted-hub.com\/es\/wp-json\/wp\/v2\/media\/15454"}],"wp:attachment":[{"href":"https:\/\/gifted-hub.com\/es\/wp-json\/wp\/v2\/media?parent=15458"}],"wp:term":[{"taxonomy":"group-interest","embeddable":true,"href":"https:\/\/gifted-hub.com\/es\/wp-json\/wp\/v2\/group-interest?post=15458"}],"curies":[{"name":"wp","href":"https:\/\/api.w.org\/{rel}","templated":true}]}}