{"id":15250,"date":"2024-09-08T20:30:19","date_gmt":"2024-09-08T20:30:19","guid":{"rendered":"https:\/\/gifted-hub.com\/familiares\/"},"modified":"2025-04-21T22:46:14","modified_gmt":"2025-04-21T22:46:14","slug":"familiares","status":"publish","type":"page","link":"https:\/\/gifted-hub.com\/es\/familiares\/","title":{"rendered":"Familiares"},"content":{"rendered":"\n<p>Criar a un ni\u00f1o con altas capacidades es una experiencia tanto fascinante como desafiante. Estos ni\u00f1os, dotados de una inteligencia excepcional, a menudo aprenden r\u00e1pidamente y comprenden conceptos de maneras que a menudo dejan atr\u00e1s a sus compa\u00f1eros. Para ellos, resolver problemas o entender nuevas ideas no requiere el mismo esfuerzo que para otros, lo que puede llevar a la frustraci\u00f3n o el aburrimiento en entornos escolares donde el ritmo es m\u00e1s lento. Los padres de estos ni\u00f1os a menudo tienen que lidiar con la constante necesidad de estimulaci\u00f3n intelectual de su hijo, lo cual puede ser agotador pero tambi\u00e9n incre\u00edblemente gratificante cuando ven el entusiasmo y la pasi\u00f3n que su hijo aporta a sus intereses.   <\/p>\n\n<p>Sin embargo, las altas habilidades no siempre van de la mano con el <a href=\"https:\/\/gifted-hub.com\/es\/interesados\/enfrentando-desafios-en-las-relaciones\/\" data-type=\"page\" data-id=\"15142\">desarrollo emocional<\/a>. Aunque sus capacidades intelectuales los colocan por delante en muchas \u00e1reas, emocionalmente siguen siendo ni\u00f1os, con las mismas vulnerabilidades y miedos que cualquier otro. Es com\u00fan que los ni\u00f1os con altas capacidades se sientan diferentes o aislados, ya que sus habilidades los distinguen de los dem\u00e1s. Esto puede afectar su autoestima, especialmente cuando sus preguntas o comentarios son ignorados o malinterpretados por los adultos. Los padres juegan un papel crucial en ayudarles a entender que ser diferente no es algo negativo, sino m\u00e1s bien un aspecto valioso de quienes son.    <\/p>\n\n<p>Otro desaf\u00edo que enfrentan los padres es mantener un equilibrio entre fomentar el desarrollo intelectual de su hijo y ayudarle a manejar sus emociones. Los ni\u00f1os con altas capacidades necesitan aprender a lidiar con la frustraci\u00f3n, el fracaso y la necesidad de esperar a los dem\u00e1s en el proceso de aprendizaje. Al mismo tiempo, los padres deben guiar a sus <a href=\"https:\/\/gifted-hub.com\/es\/familiares\/nuestros-hijos-y-sus-habilidades-sociales\/\" data-type=\"page\" data-id=\"15279\">hijos en las interacciones sociales<\/a>, ayud\u00e1ndoles a entender que no todos piensan o aprenden de la misma manera. Muchos de estos ni\u00f1os pueden parecer arrogantes o distantes debido a su rapidez mental, lo que puede crear conflictos con sus compa\u00f1eros.   <\/p>\n\n<p>Para los padres, es vital proporcionar un entorno donde su hijo se sienta comprendido y apoyado, tanto en sus logros intelectuales como en sus desaf\u00edos emocionales. Reconocer que estos ni\u00f1os necesitan una gu\u00eda especial, que nutra no solo sus mentes sino tambi\u00e9n sus corazones, es esencial para su bienestar general. Acompa\u00f1arlos en este viaje, ayud\u00e1ndoles a encontrar un equilibrio entre sus habilidades y el mundo que les rodea, es una tarea que requiere paciencia, comprensi\u00f3n y, sobre todo, amor.  <\/p>\n","protected":false},"excerpt":{"rendered":"<p>Criar a un ni\u00f1o con altas capacidades es una experiencia tanto fascinante como desafiante. Estos ni\u00f1os, dotados de una inteligencia excepcional, a menudo aprenden r\u00e1pidamente y comprenden conceptos de maneras que a menudo dejan atr\u00e1s a sus compa\u00f1eros. Para ellos, resolver problemas o entender nuevas ideas no requiere el mismo esfuerzo que para otros, lo [&hellip;]<\/p>\n","protected":false},"author":1,"featured_media":15241,"parent":0,"menu_order":0,"comment_status":"closed","ping_status":"closed","template":"","meta":{"_acf_changed":false,"inline_featured_image":false,"footnotes":""},"group-interest":[179],"class_list":["post-15250","page","type-page","status-publish","has-post-thumbnail","hentry","group-interest-family-es"],"acf":[],"yoast_head":"<!-- This site is optimized with the Yoast SEO plugin v27.4 - https:\/\/yoast.com\/product\/yoast-seo-wordpress\/ -->\n<title>Familiares - Gifted HUB<\/title>\n<meta name=\"robots\" content=\"index, follow, max-snippet:-1, max-image-preview:large, max-video-preview:-1\" \/>\n<link rel=\"canonical\" href=\"https:\/\/gifted-hub.com\/es\/familiares\/\" \/>\n<meta property=\"og:locale\" content=\"es_ES\" \/>\n<meta property=\"og:type\" content=\"article\" \/>\n<meta property=\"og:title\" content=\"Familiares - Gifted HUB\" \/>\n<meta property=\"og:description\" content=\"Criar a un ni\u00f1o con altas capacidades es una experiencia tanto fascinante como desafiante. Estos ni\u00f1os, dotados de una inteligencia excepcional, a menudo aprenden r\u00e1pidamente y comprenden conceptos de maneras que a menudo dejan atr\u00e1s a sus compa\u00f1eros. Para ellos, resolver problemas o entender nuevas ideas no requiere el mismo esfuerzo que para otros, lo [&hellip;]\" \/>\n<meta property=\"og:url\" content=\"https:\/\/gifted-hub.com\/es\/familiares\/\" \/>\n<meta property=\"og:site_name\" content=\"Gifted HUB\" \/>\n<meta property=\"article:modified_time\" content=\"2025-04-21T22:46:14+00:00\" \/>\n<meta property=\"og:image\" content=\"https:\/\/gifted-hub.com\/wp-content\/uploads\/2024\/09\/0iqkntlw93a.jpg\" \/>\n\t<meta property=\"og:image:width\" content=\"1600\" \/>\n\t<meta property=\"og:image:height\" content=\"1066\" \/>\n\t<meta property=\"og:image:type\" content=\"image\/jpeg\" \/>\n<meta name=\"twitter:card\" content=\"summary_large_image\" \/>\n<meta name=\"twitter:label1\" content=\"Tiempo de lectura\" \/>\n\t<meta name=\"twitter:data1\" content=\"2 minutos\" \/>\n<script type=\"application\/ld+json\" class=\"yoast-schema-graph\">{\"@context\":\"https:\\\/\\\/schema.org\",\"@graph\":[{\"@type\":\"WebPage\",\"@id\":\"https:\\\/\\\/gifted-hub.com\\\/es\\\/familiares\\\/\",\"url\":\"https:\\\/\\\/gifted-hub.com\\\/es\\\/familiares\\\/\",\"name\":\"Familiares - Gifted HUB\",\"isPartOf\":{\"@id\":\"https:\\\/\\\/gifted-hub.com\\\/es\\\/#website\"},\"primaryImageOfPage\":{\"@id\":\"https:\\\/\\\/gifted-hub.com\\\/es\\\/familiares\\\/#primaryimage\"},\"image\":{\"@id\":\"https:\\\/\\\/gifted-hub.com\\\/es\\\/familiares\\\/#primaryimage\"},\"thumbnailUrl\":\"https:\\\/\\\/gifted-hub.com\\\/wp-content\\\/uploads\\\/2024\\\/09\\\/0iqkntlw93a.jpg\",\"datePublished\":\"2024-09-08T20:30:19+00:00\",\"dateModified\":\"2025-04-21T22:46:14+00:00\",\"breadcrumb\":{\"@id\":\"https:\\\/\\\/gifted-hub.com\\\/es\\\/familiares\\\/#breadcrumb\"},\"inLanguage\":\"es\",\"potentialAction\":[{\"@type\":\"ReadAction\",\"target\":[\"https:\\\/\\\/gifted-hub.com\\\/es\\\/familiares\\\/\"]}]},{\"@type\":\"ImageObject\",\"inLanguage\":\"es\",\"@id\":\"https:\\\/\\\/gifted-hub.com\\\/es\\\/familiares\\\/#primaryimage\",\"url\":\"https:\\\/\\\/gifted-hub.com\\\/wp-content\\\/uploads\\\/2024\\\/09\\\/0iqkntlw93a.jpg\",\"contentUrl\":\"https:\\\/\\\/gifted-hub.com\\\/wp-content\\\/uploads\\\/2024\\\/09\\\/0iqkntlw93a.jpg\",\"width\":1600,\"height\":1066},{\"@type\":\"BreadcrumbList\",\"@id\":\"https:\\\/\\\/gifted-hub.com\\\/es\\\/familiares\\\/#breadcrumb\",\"itemListElement\":[{\"@type\":\"ListItem\",\"position\":1,\"name\":\"Home\",\"item\":\"https:\\\/\\\/gifted-hub.com\\\/es\\\/inicio\\\/\"},{\"@type\":\"ListItem\",\"position\":2,\"name\":\"Familiares\"}]},{\"@type\":\"WebSite\",\"@id\":\"https:\\\/\\\/gifted-hub.com\\\/es\\\/#website\",\"url\":\"https:\\\/\\\/gifted-hub.com\\\/es\\\/\",\"name\":\"Gifted HUB\",\"description\":\"Un espacio para las altas capacidades\",\"publisher\":{\"@id\":\"https:\\\/\\\/gifted-hub.com\\\/es\\\/#organization\"},\"potentialAction\":[{\"@type\":\"SearchAction\",\"target\":{\"@type\":\"EntryPoint\",\"urlTemplate\":\"https:\\\/\\\/gifted-hub.com\\\/es\\\/?s={search_term_string}\"},\"query-input\":{\"@type\":\"PropertyValueSpecification\",\"valueRequired\":true,\"valueName\":\"search_term_string\"}}],\"inLanguage\":\"es\"},{\"@type\":\"Organization\",\"@id\":\"https:\\\/\\\/gifted-hub.com\\\/es\\\/#organization\",\"name\":\"Gifted HUB\",\"url\":\"https:\\\/\\\/gifted-hub.com\\\/es\\\/\",\"logo\":{\"@type\":\"ImageObject\",\"inLanguage\":\"es\",\"@id\":\"https:\\\/\\\/gifted-hub.com\\\/es\\\/#\\\/schema\\\/logo\\\/image\\\/\",\"url\":\"https:\\\/\\\/gifted-hub.com\\\/wp-content\\\/uploads\\\/2024\\\/07\\\/logo-1.svg\",\"contentUrl\":\"https:\\\/\\\/gifted-hub.com\\\/wp-content\\\/uploads\\\/2024\\\/07\\\/logo-1.svg\",\"caption\":\"Gifted HUB\"},\"image\":{\"@id\":\"https:\\\/\\\/gifted-hub.com\\\/es\\\/#\\\/schema\\\/logo\\\/image\\\/\"}}]}<\/script>\n<!-- \/ Yoast SEO plugin. -->","yoast_head_json":{"title":"Familiares - Gifted HUB","robots":{"index":"index","follow":"follow","max-snippet":"max-snippet:-1","max-image-preview":"max-image-preview:large","max-video-preview":"max-video-preview:-1"},"canonical":"https:\/\/gifted-hub.com\/es\/familiares\/","og_locale":"es_ES","og_type":"article","og_title":"Familiares - Gifted HUB","og_description":"Criar a un ni\u00f1o con altas capacidades es una experiencia tanto fascinante como desafiante. Estos ni\u00f1os, dotados de una inteligencia excepcional, a menudo aprenden r\u00e1pidamente y comprenden conceptos de maneras que a menudo dejan atr\u00e1s a sus compa\u00f1eros. Para ellos, resolver problemas o entender nuevas ideas no requiere el mismo esfuerzo que para otros, lo [&hellip;]","og_url":"https:\/\/gifted-hub.com\/es\/familiares\/","og_site_name":"Gifted HUB","article_modified_time":"2025-04-21T22:46:14+00:00","og_image":[{"width":1600,"height":1066,"url":"https:\/\/gifted-hub.com\/wp-content\/uploads\/2024\/09\/0iqkntlw93a.jpg","type":"image\/jpeg"}],"twitter_card":"summary_large_image","twitter_misc":{"Tiempo de lectura":"2 minutos"},"schema":{"@context":"https:\/\/schema.org","@graph":[{"@type":"WebPage","@id":"https:\/\/gifted-hub.com\/es\/familiares\/","url":"https:\/\/gifted-hub.com\/es\/familiares\/","name":"Familiares - Gifted HUB","isPartOf":{"@id":"https:\/\/gifted-hub.com\/es\/#website"},"primaryImageOfPage":{"@id":"https:\/\/gifted-hub.com\/es\/familiares\/#primaryimage"},"image":{"@id":"https:\/\/gifted-hub.com\/es\/familiares\/#primaryimage"},"thumbnailUrl":"https:\/\/gifted-hub.com\/wp-content\/uploads\/2024\/09\/0iqkntlw93a.jpg","datePublished":"2024-09-08T20:30:19+00:00","dateModified":"2025-04-21T22:46:14+00:00","breadcrumb":{"@id":"https:\/\/gifted-hub.com\/es\/familiares\/#breadcrumb"},"inLanguage":"es","potentialAction":[{"@type":"ReadAction","target":["https:\/\/gifted-hub.com\/es\/familiares\/"]}]},{"@type":"ImageObject","inLanguage":"es","@id":"https:\/\/gifted-hub.com\/es\/familiares\/#primaryimage","url":"https:\/\/gifted-hub.com\/wp-content\/uploads\/2024\/09\/0iqkntlw93a.jpg","contentUrl":"https:\/\/gifted-hub.com\/wp-content\/uploads\/2024\/09\/0iqkntlw93a.jpg","width":1600,"height":1066},{"@type":"BreadcrumbList","@id":"https:\/\/gifted-hub.com\/es\/familiares\/#breadcrumb","itemListElement":[{"@type":"ListItem","position":1,"name":"Home","item":"https:\/\/gifted-hub.com\/es\/inicio\/"},{"@type":"ListItem","position":2,"name":"Familiares"}]},{"@type":"WebSite","@id":"https:\/\/gifted-hub.com\/es\/#website","url":"https:\/\/gifted-hub.com\/es\/","name":"Gifted HUB","description":"Un espacio para las altas capacidades","publisher":{"@id":"https:\/\/gifted-hub.com\/es\/#organization"},"potentialAction":[{"@type":"SearchAction","target":{"@type":"EntryPoint","urlTemplate":"https:\/\/gifted-hub.com\/es\/?s={search_term_string}"},"query-input":{"@type":"PropertyValueSpecification","valueRequired":true,"valueName":"search_term_string"}}],"inLanguage":"es"},{"@type":"Organization","@id":"https:\/\/gifted-hub.com\/es\/#organization","name":"Gifted HUB","url":"https:\/\/gifted-hub.com\/es\/","logo":{"@type":"ImageObject","inLanguage":"es","@id":"https:\/\/gifted-hub.com\/es\/#\/schema\/logo\/image\/","url":"https:\/\/gifted-hub.com\/wp-content\/uploads\/2024\/07\/logo-1.svg","contentUrl":"https:\/\/gifted-hub.com\/wp-content\/uploads\/2024\/07\/logo-1.svg","caption":"Gifted HUB"},"image":{"@id":"https:\/\/gifted-hub.com\/es\/#\/schema\/logo\/image\/"}}]}},"_links":{"self":[{"href":"https:\/\/gifted-hub.com\/es\/wp-json\/wp\/v2\/pages\/15250","targetHints":{"allow":["GET"]}}],"collection":[{"href":"https:\/\/gifted-hub.com\/es\/wp-json\/wp\/v2\/pages"}],"about":[{"href":"https:\/\/gifted-hub.com\/es\/wp-json\/wp\/v2\/types\/page"}],"author":[{"embeddable":true,"href":"https:\/\/gifted-hub.com\/es\/wp-json\/wp\/v2\/users\/1"}],"replies":[{"embeddable":true,"href":"https:\/\/gifted-hub.com\/es\/wp-json\/wp\/v2\/comments?post=15250"}],"version-history":[{"count":7,"href":"https:\/\/gifted-hub.com\/es\/wp-json\/wp\/v2\/pages\/15250\/revisions"}],"predecessor-version":[{"id":19395,"href":"https:\/\/gifted-hub.com\/es\/wp-json\/wp\/v2\/pages\/15250\/revisions\/19395"}],"wp:featuredmedia":[{"embeddable":true,"href":"https:\/\/gifted-hub.com\/es\/wp-json\/wp\/v2\/media\/15241"}],"wp:attachment":[{"href":"https:\/\/gifted-hub.com\/es\/wp-json\/wp\/v2\/media?parent=15250"}],"wp:term":[{"taxonomy":"group-interest","embeddable":true,"href":"https:\/\/gifted-hub.com\/es\/wp-json\/wp\/v2\/group-interest?post=15250"}],"curies":[{"name":"wp","href":"https:\/\/api.w.org\/{rel}","templated":true}]}}