{"id":15121,"date":"2024-08-17T22:13:30","date_gmt":"2024-08-17T22:13:30","guid":{"rendered":"https:\/\/gifted-hub.com\/interesados\/"},"modified":"2025-05-14T11:47:38","modified_gmt":"2025-05-14T11:47:38","slug":"interesados","status":"publish","type":"page","link":"https:\/\/gifted-hub.com\/es\/interesados\/","title":{"rendered":"Interesados"},"content":{"rendered":"\n<p>Si alguna vez has sentido que piensas en las cosas m\u00e1s profundamente o que aprendes y entiendes las cosas de manera diferente a los dem\u00e1s, es posible que te hayas preguntado si tienes <a href=\"https:\/\/gifted-hub.com\/es\/que-son-las-altas-capacidades\/\" data-type=\"page\" data-id=\"347\">altas capacidades<\/a>.\nEn este espacio, te ofrecemos la informaci\u00f3n que necesitas para explorar esta posibilidad y comprender mejor lo que implica. <\/p>\n\n<p><strong>C\u00f3mo saber si tienes altas capacidades<\/strong><\/p>\n\n<p>Reconocer si tienes altas capacidades <strong>puede ser un desaf\u00edo<\/strong>, ya que no se trata solo de obtener buenas calificaciones o ser \u00abinteligente\u00bb en el sentido tradicional.\nLas altas capacidades abarcan un rango m\u00e1s amplio que incluye pensamiento cr\u00edtico avanzado, creatividad inusual, una curiosidad insaciable y, a menudo, una alta sensibilidad emocional.\nSi te identificas con estas caracter\u00edsticas, podr\u00edas estar en el camino correcto para explorar m\u00e1s sobre este tema.\nAqu\u00ed, proporcionamos gu\u00edas y recursos para ayudarte a identificar si las altas capacidades son parte de tu vida.   <\/p>\n\n<p>Comprender si tienes altas capacidades puede ser clave para maximizar tu potencial.\nSaber esto te permite buscar las oportunidades y el apoyo adecuados para desarrollar tus habilidades y evitar desaf\u00edos comunes, como el aburrimiento o la desmotivaci\u00f3n.\nAdem\u00e1s, <strong>conocer tus propias capacidades<\/strong> puede ofrecerte una mayor comprensi\u00f3n de ti mismo y ayudarte a gestionar las expectativas que puedas tener, tanto las tuyas como las de los dem\u00e1s.  <\/p>\n\n<p><strong>Sentirse parte de un grupo<\/strong><\/p>\n\n<p>Para muchas personas con altas capacidades, una de las mayores dificultades es sentirse comprendidas o encontrar un grupo de personas con intereses y habilidades similares.\nAqu\u00ed, fomentamos conexiones entre personas que comparten estas caracter\u00edsticas, creando una comunidad donde puedes sentirte aceptado, compartir experiencias y encontrar apoyo mutuo. <strong><a href=\"https:\/\/gifted-hub.com\/es\/interesados\/enfrentando-desafios-en-las-relaciones\/\" data-type=\"page\" data-id=\"15142\">Conectarse con otros<\/a><\/strong> que tambi\u00e9n est\u00e1n explorando sus altas capacidades puede ser una experiencia transformadora, d\u00e1ndote un sentido de pertenencia y comprensi\u00f3n que puede ser dif\u00edcil de encontrar en otros entornos. <\/p>\n\n<p>Tener altas capacidades a menudo significa que tienes una amplia gama de intereses y habilidades, y encontrar tareas o proyectos que realmente te entusiasmen puede ser un desaf\u00edo. En este espacio, ofrecemos ideas y sugerencias para participar en actividades que desaf\u00eden tu intelecto y te mantengan motivado. Desde proyectos creativos hasta desaf\u00edos intelectuales, aqu\u00ed encontrar\u00e1s inspiraci\u00f3n para seguir creciendo y aprendiendo en \u00e1reas que realmente te interesan.  <\/p>\n","protected":false},"excerpt":{"rendered":"<p>Si alguna vez has sentido que piensas en las cosas m\u00e1s profundamente o que aprendes y entiendes las cosas de manera diferente a los dem\u00e1s, es posible que te hayas preguntado si tienes altas capacidades. En este espacio, te ofrecemos la informaci\u00f3n que necesitas para explorar esta posibilidad y comprender mejor lo que implica. C\u00f3mo [&hellip;]<\/p>\n","protected":false},"author":1,"featured_media":15117,"parent":0,"menu_order":0,"comment_status":"closed","ping_status":"closed","template":"","meta":{"_acf_changed":false,"inline_featured_image":false,"footnotes":""},"group-interest":[],"class_list":["post-15121","page","type-page","status-publish","has-post-thumbnail","hentry"],"acf":[],"yoast_head":"<!-- This site is optimized with the Yoast SEO plugin v27.4 - https:\/\/yoast.com\/product\/yoast-seo-wordpress\/ -->\n<title>Interesados - Gifted HUB<\/title>\n<meta name=\"robots\" content=\"index, follow, max-snippet:-1, max-image-preview:large, max-video-preview:-1\" \/>\n<link rel=\"canonical\" href=\"https:\/\/gifted-hub.com\/es\/interesados\/\" \/>\n<meta property=\"og:locale\" content=\"es_ES\" \/>\n<meta property=\"og:type\" content=\"article\" \/>\n<meta property=\"og:title\" content=\"Interesados - Gifted HUB\" \/>\n<meta property=\"og:description\" content=\"Si alguna vez has sentido que piensas en las cosas m\u00e1s profundamente o que aprendes y entiendes las cosas de manera diferente a los dem\u00e1s, es posible que te hayas preguntado si tienes altas capacidades. En este espacio, te ofrecemos la informaci\u00f3n que necesitas para explorar esta posibilidad y comprender mejor lo que implica. C\u00f3mo [&hellip;]\" \/>\n<meta property=\"og:url\" content=\"https:\/\/gifted-hub.com\/es\/interesados\/\" \/>\n<meta property=\"og:site_name\" content=\"Gifted HUB\" \/>\n<meta property=\"article:modified_time\" content=\"2025-05-14T11:47:38+00:00\" \/>\n<meta property=\"og:image\" content=\"https:\/\/gifted-hub.com\/wp-content\/uploads\/2024\/08\/3184163-e1723933938612.jpg\" \/>\n\t<meta property=\"og:image:width\" content=\"1600\" \/>\n\t<meta property=\"og:image:height\" content=\"1067\" \/>\n\t<meta property=\"og:image:type\" content=\"image\/jpeg\" \/>\n<meta name=\"twitter:card\" content=\"summary_large_image\" \/>\n<meta name=\"twitter:label1\" content=\"Tiempo de lectura\" \/>\n\t<meta name=\"twitter:data1\" content=\"2 minutos\" \/>\n<script type=\"application\/ld+json\" class=\"yoast-schema-graph\">{\"@context\":\"https:\\\/\\\/schema.org\",\"@graph\":[{\"@type\":\"WebPage\",\"@id\":\"https:\\\/\\\/gifted-hub.com\\\/es\\\/interesados\\\/\",\"url\":\"https:\\\/\\\/gifted-hub.com\\\/es\\\/interesados\\\/\",\"name\":\"Interesados - Gifted HUB\",\"isPartOf\":{\"@id\":\"https:\\\/\\\/gifted-hub.com\\\/es\\\/#website\"},\"primaryImageOfPage\":{\"@id\":\"https:\\\/\\\/gifted-hub.com\\\/es\\\/interesados\\\/#primaryimage\"},\"image\":{\"@id\":\"https:\\\/\\\/gifted-hub.com\\\/es\\\/interesados\\\/#primaryimage\"},\"thumbnailUrl\":\"https:\\\/\\\/gifted-hub.com\\\/wp-content\\\/uploads\\\/2024\\\/08\\\/3184163-e1723933938612.jpg\",\"datePublished\":\"2024-08-17T22:13:30+00:00\",\"dateModified\":\"2025-05-14T11:47:38+00:00\",\"breadcrumb\":{\"@id\":\"https:\\\/\\\/gifted-hub.com\\\/es\\\/interesados\\\/#breadcrumb\"},\"inLanguage\":\"es\",\"potentialAction\":[{\"@type\":\"ReadAction\",\"target\":[\"https:\\\/\\\/gifted-hub.com\\\/es\\\/interesados\\\/\"]}]},{\"@type\":\"ImageObject\",\"inLanguage\":\"es\",\"@id\":\"https:\\\/\\\/gifted-hub.com\\\/es\\\/interesados\\\/#primaryimage\",\"url\":\"https:\\\/\\\/gifted-hub.com\\\/wp-content\\\/uploads\\\/2024\\\/08\\\/3184163-e1723933938612.jpg\",\"contentUrl\":\"https:\\\/\\\/gifted-hub.com\\\/wp-content\\\/uploads\\\/2024\\\/08\\\/3184163-e1723933938612.jpg\",\"width\":1600,\"height\":1067},{\"@type\":\"BreadcrumbList\",\"@id\":\"https:\\\/\\\/gifted-hub.com\\\/es\\\/interesados\\\/#breadcrumb\",\"itemListElement\":[{\"@type\":\"ListItem\",\"position\":1,\"name\":\"Home\",\"item\":\"https:\\\/\\\/gifted-hub.com\\\/es\\\/inicio\\\/\"},{\"@type\":\"ListItem\",\"position\":2,\"name\":\"Interesados\"}]},{\"@type\":\"WebSite\",\"@id\":\"https:\\\/\\\/gifted-hub.com\\\/es\\\/#website\",\"url\":\"https:\\\/\\\/gifted-hub.com\\\/es\\\/\",\"name\":\"Gifted HUB\",\"description\":\"Un espacio para las altas capacidades\",\"publisher\":{\"@id\":\"https:\\\/\\\/gifted-hub.com\\\/es\\\/#organization\"},\"potentialAction\":[{\"@type\":\"SearchAction\",\"target\":{\"@type\":\"EntryPoint\",\"urlTemplate\":\"https:\\\/\\\/gifted-hub.com\\\/es\\\/?s={search_term_string}\"},\"query-input\":{\"@type\":\"PropertyValueSpecification\",\"valueRequired\":true,\"valueName\":\"search_term_string\"}}],\"inLanguage\":\"es\"},{\"@type\":\"Organization\",\"@id\":\"https:\\\/\\\/gifted-hub.com\\\/es\\\/#organization\",\"name\":\"Gifted HUB\",\"url\":\"https:\\\/\\\/gifted-hub.com\\\/es\\\/\",\"logo\":{\"@type\":\"ImageObject\",\"inLanguage\":\"es\",\"@id\":\"https:\\\/\\\/gifted-hub.com\\\/es\\\/#\\\/schema\\\/logo\\\/image\\\/\",\"url\":\"https:\\\/\\\/gifted-hub.com\\\/wp-content\\\/uploads\\\/2024\\\/07\\\/logo-1.svg\",\"contentUrl\":\"https:\\\/\\\/gifted-hub.com\\\/wp-content\\\/uploads\\\/2024\\\/07\\\/logo-1.svg\",\"caption\":\"Gifted HUB\"},\"image\":{\"@id\":\"https:\\\/\\\/gifted-hub.com\\\/es\\\/#\\\/schema\\\/logo\\\/image\\\/\"}}]}<\/script>\n<!-- \/ Yoast SEO plugin. -->","yoast_head_json":{"title":"Interesados - Gifted HUB","robots":{"index":"index","follow":"follow","max-snippet":"max-snippet:-1","max-image-preview":"max-image-preview:large","max-video-preview":"max-video-preview:-1"},"canonical":"https:\/\/gifted-hub.com\/es\/interesados\/","og_locale":"es_ES","og_type":"article","og_title":"Interesados - Gifted HUB","og_description":"Si alguna vez has sentido que piensas en las cosas m\u00e1s profundamente o que aprendes y entiendes las cosas de manera diferente a los dem\u00e1s, es posible que te hayas preguntado si tienes altas capacidades. En este espacio, te ofrecemos la informaci\u00f3n que necesitas para explorar esta posibilidad y comprender mejor lo que implica. C\u00f3mo [&hellip;]","og_url":"https:\/\/gifted-hub.com\/es\/interesados\/","og_site_name":"Gifted HUB","article_modified_time":"2025-05-14T11:47:38+00:00","og_image":[{"width":1600,"height":1067,"url":"https:\/\/gifted-hub.com\/wp-content\/uploads\/2024\/08\/3184163-e1723933938612.jpg","type":"image\/jpeg"}],"twitter_card":"summary_large_image","twitter_misc":{"Tiempo de lectura":"2 minutos"},"schema":{"@context":"https:\/\/schema.org","@graph":[{"@type":"WebPage","@id":"https:\/\/gifted-hub.com\/es\/interesados\/","url":"https:\/\/gifted-hub.com\/es\/interesados\/","name":"Interesados - Gifted HUB","isPartOf":{"@id":"https:\/\/gifted-hub.com\/es\/#website"},"primaryImageOfPage":{"@id":"https:\/\/gifted-hub.com\/es\/interesados\/#primaryimage"},"image":{"@id":"https:\/\/gifted-hub.com\/es\/interesados\/#primaryimage"},"thumbnailUrl":"https:\/\/gifted-hub.com\/wp-content\/uploads\/2024\/08\/3184163-e1723933938612.jpg","datePublished":"2024-08-17T22:13:30+00:00","dateModified":"2025-05-14T11:47:38+00:00","breadcrumb":{"@id":"https:\/\/gifted-hub.com\/es\/interesados\/#breadcrumb"},"inLanguage":"es","potentialAction":[{"@type":"ReadAction","target":["https:\/\/gifted-hub.com\/es\/interesados\/"]}]},{"@type":"ImageObject","inLanguage":"es","@id":"https:\/\/gifted-hub.com\/es\/interesados\/#primaryimage","url":"https:\/\/gifted-hub.com\/wp-content\/uploads\/2024\/08\/3184163-e1723933938612.jpg","contentUrl":"https:\/\/gifted-hub.com\/wp-content\/uploads\/2024\/08\/3184163-e1723933938612.jpg","width":1600,"height":1067},{"@type":"BreadcrumbList","@id":"https:\/\/gifted-hub.com\/es\/interesados\/#breadcrumb","itemListElement":[{"@type":"ListItem","position":1,"name":"Home","item":"https:\/\/gifted-hub.com\/es\/inicio\/"},{"@type":"ListItem","position":2,"name":"Interesados"}]},{"@type":"WebSite","@id":"https:\/\/gifted-hub.com\/es\/#website","url":"https:\/\/gifted-hub.com\/es\/","name":"Gifted HUB","description":"Un espacio para las altas capacidades","publisher":{"@id":"https:\/\/gifted-hub.com\/es\/#organization"},"potentialAction":[{"@type":"SearchAction","target":{"@type":"EntryPoint","urlTemplate":"https:\/\/gifted-hub.com\/es\/?s={search_term_string}"},"query-input":{"@type":"PropertyValueSpecification","valueRequired":true,"valueName":"search_term_string"}}],"inLanguage":"es"},{"@type":"Organization","@id":"https:\/\/gifted-hub.com\/es\/#organization","name":"Gifted HUB","url":"https:\/\/gifted-hub.com\/es\/","logo":{"@type":"ImageObject","inLanguage":"es","@id":"https:\/\/gifted-hub.com\/es\/#\/schema\/logo\/image\/","url":"https:\/\/gifted-hub.com\/wp-content\/uploads\/2024\/07\/logo-1.svg","contentUrl":"https:\/\/gifted-hub.com\/wp-content\/uploads\/2024\/07\/logo-1.svg","caption":"Gifted HUB"},"image":{"@id":"https:\/\/gifted-hub.com\/es\/#\/schema\/logo\/image\/"}}]}},"_links":{"self":[{"href":"https:\/\/gifted-hub.com\/es\/wp-json\/wp\/v2\/pages\/15121","targetHints":{"allow":["GET"]}}],"collection":[{"href":"https:\/\/gifted-hub.com\/es\/wp-json\/wp\/v2\/pages"}],"about":[{"href":"https:\/\/gifted-hub.com\/es\/wp-json\/wp\/v2\/types\/page"}],"author":[{"embeddable":true,"href":"https:\/\/gifted-hub.com\/es\/wp-json\/wp\/v2\/users\/1"}],"replies":[{"embeddable":true,"href":"https:\/\/gifted-hub.com\/es\/wp-json\/wp\/v2\/comments?post=15121"}],"version-history":[{"count":7,"href":"https:\/\/gifted-hub.com\/es\/wp-json\/wp\/v2\/pages\/15121\/revisions"}],"predecessor-version":[{"id":19493,"href":"https:\/\/gifted-hub.com\/es\/wp-json\/wp\/v2\/pages\/15121\/revisions\/19493"}],"wp:featuredmedia":[{"embeddable":true,"href":"https:\/\/gifted-hub.com\/es\/wp-json\/wp\/v2\/media\/15117"}],"wp:attachment":[{"href":"https:\/\/gifted-hub.com\/es\/wp-json\/wp\/v2\/media?parent=15121"}],"wp:term":[{"taxonomy":"group-interest","embeddable":true,"href":"https:\/\/gifted-hub.com\/es\/wp-json\/wp\/v2\/group-interest?post=15121"}],"curies":[{"name":"wp","href":"https:\/\/api.w.org\/{rel}","templated":true}]}}