{"id":14999,"date":"2024-08-10T19:59:47","date_gmt":"2024-08-10T19:59:47","guid":{"rendered":"https:\/\/gifted-hub.com\/que-son-las-altas-capacidades\/el-concepto-de-los-tres-anillos-de-las-altas-capacidades\/"},"modified":"2024-09-08T23:03:41","modified_gmt":"2024-09-08T23:03:41","slug":"el-concepto-de-los-tres-anillos-de-las-altas-capacidades","status":"publish","type":"page","link":"https:\/\/gifted-hub.com\/es\/que-son-las-altas-capacidades\/el-concepto-de-los-tres-anillos-de-las-altas-capacidades\/","title":{"rendered":"El concepto de los tres anillos de las altas capacidades"},"content":{"rendered":"\n<p>El concepto de los tres anillos de las altas capacidades de <a href=\"https:\/\/gifted-hub.com\/autor\/joseph-s-renzulli\/\" data-type=\"autor\" data-id=\"14978\">Joseph Renzulli<\/a> es un modelo popular en el campo de la educaci\u00f3n, especialmente cuando se trata de identificar y apoyar a estudiantes con altas capacidades. El modelo se basa en la idea de que las altas capacidades no se trata solo de tener un alto coeficiente intelectual o sobresalir acad\u00e9micamente, sino que implica la combinaci\u00f3n de tres componentes clave: <\/p>\n\n<ol class=\"wp-block-list\">\n<li><strong>Habilidad Superior al Promedio<\/strong>: Esto se refiere a tener habilidades intelectuales que est\u00e1n por encima del promedio, pero no necesariamente extraordinarias.\nEsto podr\u00eda significar ser bueno en la resoluci\u00f3n de problemas, comprender ideas complejas o tener un fuerte dominio de una materia en particular. <\/li>\n\n\n\n<li><strong>Compromiso con la Tarea<\/strong>: Esto se refiere a la motivaci\u00f3n y perseverancia de una persona en la realizaci\u00f3n de una tarea.\nImplica determinaci\u00f3n, trabajo arduo y la capacidad de mantenerse enfocado y comprometido para completar un proyecto o resolver un problema, incluso cuando surgen desaf\u00edos. <\/li>\n\n\n\n<li><strong>Creatividad<\/strong>: Esto implica la capacidad de pensar fuera de lo com\u00fan, generar nuevas ideas y abordar problemas de manera innovadora.\nLa creatividad en este contexto no se trata solo de la expresi\u00f3n art\u00edstica, sino tambi\u00e9n de encontrar soluciones \u00fanicas y hacer conexiones entre diferentes ideas. <\/li>\n<\/ol>\n\n<p>Seg\u00fan Renzulli, una persona que muestra altos niveles en estas tres \u00e1reas\u2014habilidad superior al promedio, compromiso con la tarea y creatividad\u2014puede considerarse que posee altas capacidades. Este modelo se utiliza en las escuelas para identificar a los estudiantes que pueden beneficiarse de programas especializados dise\u00f1ados para desarrollar su potencial. A diferencia de otros modelos de altas capacidades, el de Renzulli no requiere un coeficiente intelectual extremadamente alto; en cambio, se enfoca en una combinaci\u00f3n equilibrada de habilidades, motivaci\u00f3n y pensamiento creativo.  <\/p>\n","protected":false},"excerpt":{"rendered":"<p>El concepto de los tres anillos de las altas capacidades de Joseph Renzulli es un modelo popular en el campo de la educaci\u00f3n, especialmente cuando se trata de identificar y apoyar a estudiantes con altas capacidades. El modelo se basa en la idea de que las altas capacidades no se trata solo de tener un [&hellip;]<\/p>\n","protected":false},"author":1,"featured_media":14977,"parent":2197,"menu_order":0,"comment_status":"closed","ping_status":"closed","template":"","meta":{"_acf_changed":false,"inline_featured_image":false,"footnotes":""},"group-interest":[],"class_list":["post-14999","page","type-page","status-publish","has-post-thumbnail","hentry"],"acf":[],"yoast_head":"<!-- This site is optimized with the Yoast SEO plugin v27.4 - https:\/\/yoast.com\/product\/yoast-seo-wordpress\/ -->\n<title>El concepto de los tres anillos de las altas capacidades - Gifted HUB<\/title>\n<meta name=\"robots\" content=\"index, follow, max-snippet:-1, max-image-preview:large, max-video-preview:-1\" \/>\n<link rel=\"canonical\" href=\"https:\/\/gifted-hub.com\/es\/que-son-las-altas-capacidades\/el-concepto-de-los-tres-anillos-de-las-altas-capacidades\/\" \/>\n<meta property=\"og:locale\" content=\"es_ES\" \/>\n<meta property=\"og:type\" content=\"article\" \/>\n<meta property=\"og:title\" content=\"El concepto de los tres anillos de las altas capacidades - Gifted HUB\" \/>\n<meta property=\"og:description\" content=\"El concepto de los tres anillos de las altas capacidades de Joseph Renzulli es un modelo popular en el campo de la educaci\u00f3n, especialmente cuando se trata de identificar y apoyar a estudiantes con altas capacidades. El modelo se basa en la idea de que las altas capacidades no se trata solo de tener un [&hellip;]\" \/>\n<meta property=\"og:url\" content=\"https:\/\/gifted-hub.com\/es\/que-son-las-altas-capacidades\/el-concepto-de-los-tres-anillos-de-las-altas-capacidades\/\" \/>\n<meta property=\"og:site_name\" content=\"Gifted HUB\" \/>\n<meta property=\"article:modified_time\" content=\"2024-09-08T23:03:41+00:00\" \/>\n<meta property=\"og:image\" content=\"https:\/\/gifted-hub.com\/wp-content\/uploads\/2024\/08\/creativity-logic-brain.webp\" \/>\n\t<meta property=\"og:image:width\" content=\"1792\" \/>\n\t<meta property=\"og:image:height\" content=\"1024\" \/>\n\t<meta property=\"og:image:type\" content=\"image\/webp\" \/>\n<meta name=\"twitter:card\" content=\"summary_large_image\" \/>\n<meta name=\"twitter:label1\" content=\"Tiempo de lectura\" \/>\n\t<meta name=\"twitter:data1\" content=\"2 minutos\" \/>\n<script type=\"application\/ld+json\" class=\"yoast-schema-graph\">{\"@context\":\"https:\\\/\\\/schema.org\",\"@graph\":[{\"@type\":\"WebPage\",\"@id\":\"https:\\\/\\\/gifted-hub.com\\\/es\\\/que-son-las-altas-capacidades\\\/el-concepto-de-los-tres-anillos-de-las-altas-capacidades\\\/\",\"url\":\"https:\\\/\\\/gifted-hub.com\\\/es\\\/que-son-las-altas-capacidades\\\/el-concepto-de-los-tres-anillos-de-las-altas-capacidades\\\/\",\"name\":\"El concepto de los tres anillos de las altas capacidades - Gifted HUB\",\"isPartOf\":{\"@id\":\"https:\\\/\\\/gifted-hub.com\\\/es\\\/#website\"},\"primaryImageOfPage\":{\"@id\":\"https:\\\/\\\/gifted-hub.com\\\/es\\\/que-son-las-altas-capacidades\\\/el-concepto-de-los-tres-anillos-de-las-altas-capacidades\\\/#primaryimage\"},\"image\":{\"@id\":\"https:\\\/\\\/gifted-hub.com\\\/es\\\/que-son-las-altas-capacidades\\\/el-concepto-de-los-tres-anillos-de-las-altas-capacidades\\\/#primaryimage\"},\"thumbnailUrl\":\"https:\\\/\\\/gifted-hub.com\\\/wp-content\\\/uploads\\\/2024\\\/08\\\/creativity-logic-brain.webp\",\"datePublished\":\"2024-08-10T19:59:47+00:00\",\"dateModified\":\"2024-09-08T23:03:41+00:00\",\"breadcrumb\":{\"@id\":\"https:\\\/\\\/gifted-hub.com\\\/es\\\/que-son-las-altas-capacidades\\\/el-concepto-de-los-tres-anillos-de-las-altas-capacidades\\\/#breadcrumb\"},\"inLanguage\":\"es\",\"potentialAction\":[{\"@type\":\"ReadAction\",\"target\":[\"https:\\\/\\\/gifted-hub.com\\\/es\\\/que-son-las-altas-capacidades\\\/el-concepto-de-los-tres-anillos-de-las-altas-capacidades\\\/\"]}]},{\"@type\":\"ImageObject\",\"inLanguage\":\"es\",\"@id\":\"https:\\\/\\\/gifted-hub.com\\\/es\\\/que-son-las-altas-capacidades\\\/el-concepto-de-los-tres-anillos-de-las-altas-capacidades\\\/#primaryimage\",\"url\":\"https:\\\/\\\/gifted-hub.com\\\/wp-content\\\/uploads\\\/2024\\\/08\\\/creativity-logic-brain.webp\",\"contentUrl\":\"https:\\\/\\\/gifted-hub.com\\\/wp-content\\\/uploads\\\/2024\\\/08\\\/creativity-logic-brain.webp\",\"width\":1792,\"height\":1024},{\"@type\":\"BreadcrumbList\",\"@id\":\"https:\\\/\\\/gifted-hub.com\\\/es\\\/que-son-las-altas-capacidades\\\/el-concepto-de-los-tres-anillos-de-las-altas-capacidades\\\/#breadcrumb\",\"itemListElement\":[{\"@type\":\"ListItem\",\"position\":1,\"name\":\"Home\",\"item\":\"https:\\\/\\\/gifted-hub.com\\\/es\\\/inicio\\\/\"},{\"@type\":\"ListItem\",\"position\":2,\"name\":\"\u00bfQu\u00e9 son las Altas Capacidades?\",\"item\":\"https:\\\/\\\/gifted-hub.com\\\/es\\\/que-son-las-altas-capacidades\\\/\"},{\"@type\":\"ListItem\",\"position\":3,\"name\":\"El concepto de los tres anillos de las altas capacidades\"}]},{\"@type\":\"WebSite\",\"@id\":\"https:\\\/\\\/gifted-hub.com\\\/es\\\/#website\",\"url\":\"https:\\\/\\\/gifted-hub.com\\\/es\\\/\",\"name\":\"Gifted HUB\",\"description\":\"Un espacio para las altas capacidades\",\"publisher\":{\"@id\":\"https:\\\/\\\/gifted-hub.com\\\/es\\\/#organization\"},\"potentialAction\":[{\"@type\":\"SearchAction\",\"target\":{\"@type\":\"EntryPoint\",\"urlTemplate\":\"https:\\\/\\\/gifted-hub.com\\\/es\\\/?s={search_term_string}\"},\"query-input\":{\"@type\":\"PropertyValueSpecification\",\"valueRequired\":true,\"valueName\":\"search_term_string\"}}],\"inLanguage\":\"es\"},{\"@type\":\"Organization\",\"@id\":\"https:\\\/\\\/gifted-hub.com\\\/es\\\/#organization\",\"name\":\"Gifted HUB\",\"url\":\"https:\\\/\\\/gifted-hub.com\\\/es\\\/\",\"logo\":{\"@type\":\"ImageObject\",\"inLanguage\":\"es\",\"@id\":\"https:\\\/\\\/gifted-hub.com\\\/es\\\/#\\\/schema\\\/logo\\\/image\\\/\",\"url\":\"https:\\\/\\\/gifted-hub.com\\\/wp-content\\\/uploads\\\/2024\\\/07\\\/logo-1.svg\",\"contentUrl\":\"https:\\\/\\\/gifted-hub.com\\\/wp-content\\\/uploads\\\/2024\\\/07\\\/logo-1.svg\",\"caption\":\"Gifted HUB\"},\"image\":{\"@id\":\"https:\\\/\\\/gifted-hub.com\\\/es\\\/#\\\/schema\\\/logo\\\/image\\\/\"}}]}<\/script>\n<!-- \/ Yoast SEO plugin. -->","yoast_head_json":{"title":"El concepto de los tres anillos de las altas capacidades - Gifted HUB","robots":{"index":"index","follow":"follow","max-snippet":"max-snippet:-1","max-image-preview":"max-image-preview:large","max-video-preview":"max-video-preview:-1"},"canonical":"https:\/\/gifted-hub.com\/es\/que-son-las-altas-capacidades\/el-concepto-de-los-tres-anillos-de-las-altas-capacidades\/","og_locale":"es_ES","og_type":"article","og_title":"El concepto de los tres anillos de las altas capacidades - Gifted HUB","og_description":"El concepto de los tres anillos de las altas capacidades de Joseph Renzulli es un modelo popular en el campo de la educaci\u00f3n, especialmente cuando se trata de identificar y apoyar a estudiantes con altas capacidades. El modelo se basa en la idea de que las altas capacidades no se trata solo de tener un [&hellip;]","og_url":"https:\/\/gifted-hub.com\/es\/que-son-las-altas-capacidades\/el-concepto-de-los-tres-anillos-de-las-altas-capacidades\/","og_site_name":"Gifted HUB","article_modified_time":"2024-09-08T23:03:41+00:00","og_image":[{"width":1792,"height":1024,"url":"https:\/\/gifted-hub.com\/wp-content\/uploads\/2024\/08\/creativity-logic-brain.webp","type":"image\/webp"}],"twitter_card":"summary_large_image","twitter_misc":{"Tiempo de lectura":"2 minutos"},"schema":{"@context":"https:\/\/schema.org","@graph":[{"@type":"WebPage","@id":"https:\/\/gifted-hub.com\/es\/que-son-las-altas-capacidades\/el-concepto-de-los-tres-anillos-de-las-altas-capacidades\/","url":"https:\/\/gifted-hub.com\/es\/que-son-las-altas-capacidades\/el-concepto-de-los-tres-anillos-de-las-altas-capacidades\/","name":"El concepto de los tres anillos de las altas capacidades - Gifted HUB","isPartOf":{"@id":"https:\/\/gifted-hub.com\/es\/#website"},"primaryImageOfPage":{"@id":"https:\/\/gifted-hub.com\/es\/que-son-las-altas-capacidades\/el-concepto-de-los-tres-anillos-de-las-altas-capacidades\/#primaryimage"},"image":{"@id":"https:\/\/gifted-hub.com\/es\/que-son-las-altas-capacidades\/el-concepto-de-los-tres-anillos-de-las-altas-capacidades\/#primaryimage"},"thumbnailUrl":"https:\/\/gifted-hub.com\/wp-content\/uploads\/2024\/08\/creativity-logic-brain.webp","datePublished":"2024-08-10T19:59:47+00:00","dateModified":"2024-09-08T23:03:41+00:00","breadcrumb":{"@id":"https:\/\/gifted-hub.com\/es\/que-son-las-altas-capacidades\/el-concepto-de-los-tres-anillos-de-las-altas-capacidades\/#breadcrumb"},"inLanguage":"es","potentialAction":[{"@type":"ReadAction","target":["https:\/\/gifted-hub.com\/es\/que-son-las-altas-capacidades\/el-concepto-de-los-tres-anillos-de-las-altas-capacidades\/"]}]},{"@type":"ImageObject","inLanguage":"es","@id":"https:\/\/gifted-hub.com\/es\/que-son-las-altas-capacidades\/el-concepto-de-los-tres-anillos-de-las-altas-capacidades\/#primaryimage","url":"https:\/\/gifted-hub.com\/wp-content\/uploads\/2024\/08\/creativity-logic-brain.webp","contentUrl":"https:\/\/gifted-hub.com\/wp-content\/uploads\/2024\/08\/creativity-logic-brain.webp","width":1792,"height":1024},{"@type":"BreadcrumbList","@id":"https:\/\/gifted-hub.com\/es\/que-son-las-altas-capacidades\/el-concepto-de-los-tres-anillos-de-las-altas-capacidades\/#breadcrumb","itemListElement":[{"@type":"ListItem","position":1,"name":"Home","item":"https:\/\/gifted-hub.com\/es\/inicio\/"},{"@type":"ListItem","position":2,"name":"\u00bfQu\u00e9 son las Altas Capacidades?","item":"https:\/\/gifted-hub.com\/es\/que-son-las-altas-capacidades\/"},{"@type":"ListItem","position":3,"name":"El concepto de los tres anillos de las altas capacidades"}]},{"@type":"WebSite","@id":"https:\/\/gifted-hub.com\/es\/#website","url":"https:\/\/gifted-hub.com\/es\/","name":"Gifted HUB","description":"Un espacio para las altas capacidades","publisher":{"@id":"https:\/\/gifted-hub.com\/es\/#organization"},"potentialAction":[{"@type":"SearchAction","target":{"@type":"EntryPoint","urlTemplate":"https:\/\/gifted-hub.com\/es\/?s={search_term_string}"},"query-input":{"@type":"PropertyValueSpecification","valueRequired":true,"valueName":"search_term_string"}}],"inLanguage":"es"},{"@type":"Organization","@id":"https:\/\/gifted-hub.com\/es\/#organization","name":"Gifted HUB","url":"https:\/\/gifted-hub.com\/es\/","logo":{"@type":"ImageObject","inLanguage":"es","@id":"https:\/\/gifted-hub.com\/es\/#\/schema\/logo\/image\/","url":"https:\/\/gifted-hub.com\/wp-content\/uploads\/2024\/07\/logo-1.svg","contentUrl":"https:\/\/gifted-hub.com\/wp-content\/uploads\/2024\/07\/logo-1.svg","caption":"Gifted HUB"},"image":{"@id":"https:\/\/gifted-hub.com\/es\/#\/schema\/logo\/image\/"}}]}},"_links":{"self":[{"href":"https:\/\/gifted-hub.com\/es\/wp-json\/wp\/v2\/pages\/14999","targetHints":{"allow":["GET"]}}],"collection":[{"href":"https:\/\/gifted-hub.com\/es\/wp-json\/wp\/v2\/pages"}],"about":[{"href":"https:\/\/gifted-hub.com\/es\/wp-json\/wp\/v2\/types\/page"}],"author":[{"embeddable":true,"href":"https:\/\/gifted-hub.com\/es\/wp-json\/wp\/v2\/users\/1"}],"replies":[{"embeddable":true,"href":"https:\/\/gifted-hub.com\/es\/wp-json\/wp\/v2\/comments?post=14999"}],"version-history":[{"count":1,"href":"https:\/\/gifted-hub.com\/es\/wp-json\/wp\/v2\/pages\/14999\/revisions"}],"predecessor-version":[{"id":15000,"href":"https:\/\/gifted-hub.com\/es\/wp-json\/wp\/v2\/pages\/14999\/revisions\/15000"}],"up":[{"embeddable":true,"href":"https:\/\/gifted-hub.com\/es\/wp-json\/wp\/v2\/pages\/2197"}],"wp:featuredmedia":[{"embeddable":true,"href":"https:\/\/gifted-hub.com\/es\/wp-json\/wp\/v2\/media\/14977"}],"wp:attachment":[{"href":"https:\/\/gifted-hub.com\/es\/wp-json\/wp\/v2\/media?parent=14999"}],"wp:term":[{"taxonomy":"group-interest","embeddable":true,"href":"https:\/\/gifted-hub.com\/es\/wp-json\/wp\/v2\/group-interest?post=14999"}],"curies":[{"name":"wp","href":"https:\/\/api.w.org\/{rel}","templated":true}]}}