{"id":19593,"date":"2025-05-26T18:02:33","date_gmt":"2025-05-26T18:02:33","guid":{"rendered":"https:\/\/gifted-hub.com\/einzelpersonen\/wie-hochbegabung-in-den-populaeren-medien-dargestellt-wird\/"},"modified":"2025-05-26T18:34:49","modified_gmt":"2025-05-26T18:34:49","slug":"wie-hochbegabung-in-den-populaeren-medien-dargestellt-wird","status":"publish","type":"page","link":"https:\/\/gifted-hub.com\/de\/einzelpersonen\/wie-hochbegabung-in-den-populaeren-medien-dargestellt-wird\/","title":{"rendered":"Wie Hochbegabung in den popul\u00e4ren Medien dargestellt wird"},"content":{"rendered":"\n<p>Hochbegabte Kinder wachsen oft mit hohen Erwartungen auf. Man erwartet von ihnen, dass sie in der Schule perfekt sind, hervorragende soziale F\u00e4higkeiten besitzen und stets selbstsicher auftreten. Die Medien &#8211; die Filme, Serien und Sendungen, die Kinder t\u00e4glich konsumieren &#8211; stellen hochbegabte Kinder jedoch nicht immer auf diese Weise dar. Stattdessen <strong>bedienen sie sich h\u00e4ufig Stereotypen<\/strong>. Einige hochbegabte Charaktere werden als unbeholfen und nerdig dargestellt, andere als arrogant oder seltsam. Diese Darstellungen sind von Bedeutung, da sie beeinflussen, wie hochbegabte Kinder sich selbst wahrnehmen und wie andere sie sehen.     <\/p>\n\n<p>Ein zentrales Konzept in der Hochbegabtenf\u00f6rderung ist der Unterschied zwischen zwei Perspektiven: der \u201eHarmonie\u201c-Hypothese und der \u201eDisharmonie\u201c-Hypothese. Die Harmonie-Sichtweise betrachtet Hochbegabte als ganzheitlich entwickelt &#8211; intelligent, emotional stabil und sozial erfolgreich. Die Disharmonie-Sichtweise hingegen stellt Hochbegabte als brillant, aber emotional unausgeglichen oder sozial unbeholfen dar. In den Medien treten beide Typen auf, oft jedoch mit negativer Konnotation.   <\/p>\n\n<p>Eine Studie \u00fcber Disney Channel-Sendungen, die von Millionen von Kindern gesehen werden, ergab, dass beide Arten der Darstellung h\u00e4ufig vorkommen. Hochbegabte Charaktere wie Cody aus <em>Suite Life<\/em> oder Justin aus <em>Wizards of Waverly Place<\/em> zeigen manchmal Selbstvertrauen und Talent, aber auch Arroganz oder \u00c4ngstlichkeit. Einige Charaktere werden als introvertiert oder eigenartig dargestellt. Andere sind freundlich, kreativ und von ihren Altersgenossen bewundert. Die Studie stellte eine geringf\u00fcgig h\u00f6here Anzahl positiver Darstellungen fest, doch der Unterschied war minimal. Dies deutet darauf hin, dass, obwohl einige Sendungen versuchen, Hochbegabung in einem positiven Licht zu zeigen, die Mischung der Botschaften f\u00fcr junge Zuschauer immer noch verwirrend sein kann.     <\/p>\n\n<p>\u00c4ltere Forschungen untersuchten Sendungen wie <em>Die Simpsons<\/em>, <em>Daria<\/em> und sogar <em>Harry Potter<\/em>. <strong>Auch diese vermitteln gemischte Botschaften<\/strong>. Lisa Simpson ist eindeutig hochbegabt, aber oft isoliert. Daria ist sehr intelligent, aber sarkastisch und distanziert. Hermine ist klug und flei\u00dfig, wird aber oft verspottet oder ignoriert. Selbst in Sendungen, die sich an Jugendliche richten, kann Hochbegabung Einsamkeit bedeuten oder die Notwendigkeit, zwischen Akzeptanz und Authentizit\u00e4t zu w\u00e4hlen.    <\/p>\n\n<p>Insbesondere M\u00e4dchen stehen unter Druck, ihre Intelligenz zu verbergen. Studien zeigen, dass viele hochbegabte M\u00e4dchen das Gef\u00fchl haben, zwischen Klugheit und Beliebtheit w\u00e4hlen zu m\u00fcssen. Charaktere wie Quinn (Darias Schwester) oder einige M\u00e4dchen in <em>Buffy im Bann der D\u00e4monen<\/em> geben vor, nicht intelligent zu sein, um nicht beurteilt zu werden. Dies spiegelt reale Erfahrungen wider, bei denen intelligenten M\u00e4dchen manchmal geraten wird, sich \u201ezur\u00fcckzunehmen\u201c, um dazuzugeh\u00f6ren.   <\/p>\n\n<p>Dennoch sind nicht alle Darstellungen negativ. Einige neuere Medien haben begonnen, hochbegabte Charaktere zu zeigen, die stolz auf ihre F\u00e4higkeiten sind und authentisch sein k\u00f6nnen. Intelligente M\u00e4dchen werden zunehmend als F\u00fchrungspers\u00f6nlichkeiten, Probleml\u00f6serinnen und Vorbilder dargestellt. Einige eignen sich sogar das Wort \u201eNerd\u201c als Ehrenzeichen an.   <\/p>\n\n<p>Letztendlich sind Medien von Bedeutung. Kinder schauen t\u00e4glich TV und Filme. Was sie sehen, hilft ihnen zu verstehen, wer sie sind und wer sie sein k\u00f6nnen. Wenn Medien hochbegabte Menschen als vielf\u00e4ltig, selbstbewusst und gesch\u00e4tzt darstellen &#8211; anstatt als seltsam oder arrogant -, werden sich hochbegabte Kinder ebenfalls selbstbewusster f\u00fchlen. Sie werden sich weniger allein f\u00fchlen. Sie k\u00f6nnten sogar stolz darauf sein, hochbegabt zu sein.     <\/p>\n","protected":false},"excerpt":{"rendered":"<p>Hochbegabte Kinder wachsen oft mit hohen Erwartungen auf. Man erwartet von ihnen, dass sie in der Schule perfekt sind, hervorragende soziale F\u00e4higkeiten besitzen und stets selbstsicher auftreten. Die Medien &#8211; die Filme, Serien und Sendungen, die Kinder t\u00e4glich konsumieren &#8211; stellen hochbegabte Kinder jedoch nicht immer auf diese Weise dar. Stattdessen bedienen sie sich h\u00e4ufig [&hellip;]<\/p>\n","protected":false},"author":1,"featured_media":19575,"parent":16385,"menu_order":0,"comment_status":"closed","ping_status":"closed","template":"","meta":{"_acf_changed":false,"inline_featured_image":false,"footnotes":""},"group-interest":[],"class_list":["post-19593","page","type-page","status-publish","has-post-thumbnail","hentry"],"acf":[],"yoast_head":"<!-- This site is optimized with the Yoast SEO plugin v27.4 - https:\/\/yoast.com\/product\/yoast-seo-wordpress\/ -->\n<title>Wie Hochbegabung in den popul\u00e4ren Medien dargestellt wird - Gifted HUB<\/title>\n<meta name=\"robots\" content=\"index, follow, max-snippet:-1, max-image-preview:large, max-video-preview:-1\" \/>\n<link rel=\"canonical\" href=\"https:\/\/gifted-hub.com\/de\/einzelpersonen\/wie-hochbegabung-in-den-populaeren-medien-dargestellt-wird\/\" \/>\n<meta property=\"og:locale\" content=\"de_DE\" \/>\n<meta property=\"og:type\" content=\"article\" \/>\n<meta property=\"og:title\" content=\"Wie Hochbegabung in den popul\u00e4ren Medien dargestellt wird - Gifted HUB\" \/>\n<meta property=\"og:description\" content=\"Hochbegabte Kinder wachsen oft mit hohen Erwartungen auf. Man erwartet von ihnen, dass sie in der Schule perfekt sind, hervorragende soziale F\u00e4higkeiten besitzen und stets selbstsicher auftreten. Die Medien &#8211; die Filme, Serien und Sendungen, die Kinder t\u00e4glich konsumieren &#8211; stellen hochbegabte Kinder jedoch nicht immer auf diese Weise dar. Stattdessen bedienen sie sich h\u00e4ufig [&hellip;]\" \/>\n<meta property=\"og:url\" content=\"https:\/\/gifted-hub.com\/de\/einzelpersonen\/wie-hochbegabung-in-den-populaeren-medien-dargestellt-wird\/\" \/>\n<meta property=\"og:site_name\" content=\"Gifted HUB\" \/>\n<meta property=\"article:modified_time\" content=\"2025-05-26T18:34:49+00:00\" \/>\n<meta property=\"og:image\" content=\"https:\/\/gifted-hub.com\/wp-content\/uploads\/2025\/05\/eoqhsffbhrk.jpg\" \/>\n\t<meta property=\"og:image:width\" content=\"1600\" \/>\n\t<meta property=\"og:image:height\" content=\"1065\" \/>\n\t<meta property=\"og:image:type\" content=\"image\/jpeg\" \/>\n<meta name=\"twitter:card\" content=\"summary_large_image\" \/>\n<meta name=\"twitter:label1\" content=\"Gesch\u00e4tzte Lesezeit\" \/>\n\t<meta name=\"twitter:data1\" content=\"3\u00a0Minuten\" \/>\n<script type=\"application\/ld+json\" class=\"yoast-schema-graph\">{\"@context\":\"https:\\\/\\\/schema.org\",\"@graph\":[{\"@type\":\"WebPage\",\"@id\":\"https:\\\/\\\/gifted-hub.com\\\/de\\\/einzelpersonen\\\/wie-hochbegabung-in-den-populaeren-medien-dargestellt-wird\\\/\",\"url\":\"https:\\\/\\\/gifted-hub.com\\\/de\\\/einzelpersonen\\\/wie-hochbegabung-in-den-populaeren-medien-dargestellt-wird\\\/\",\"name\":\"Wie Hochbegabung in den popul\u00e4ren Medien dargestellt wird - Gifted HUB\",\"isPartOf\":{\"@id\":\"https:\\\/\\\/gifted-hub.com\\\/de\\\/#website\"},\"primaryImageOfPage\":{\"@id\":\"https:\\\/\\\/gifted-hub.com\\\/de\\\/einzelpersonen\\\/wie-hochbegabung-in-den-populaeren-medien-dargestellt-wird\\\/#primaryimage\"},\"image\":{\"@id\":\"https:\\\/\\\/gifted-hub.com\\\/de\\\/einzelpersonen\\\/wie-hochbegabung-in-den-populaeren-medien-dargestellt-wird\\\/#primaryimage\"},\"thumbnailUrl\":\"https:\\\/\\\/gifted-hub.com\\\/wp-content\\\/uploads\\\/2025\\\/05\\\/eoqhsffbhrk.jpg\",\"datePublished\":\"2025-05-26T18:02:33+00:00\",\"dateModified\":\"2025-05-26T18:34:49+00:00\",\"breadcrumb\":{\"@id\":\"https:\\\/\\\/gifted-hub.com\\\/de\\\/einzelpersonen\\\/wie-hochbegabung-in-den-populaeren-medien-dargestellt-wird\\\/#breadcrumb\"},\"inLanguage\":\"de\",\"potentialAction\":[{\"@type\":\"ReadAction\",\"target\":[\"https:\\\/\\\/gifted-hub.com\\\/de\\\/einzelpersonen\\\/wie-hochbegabung-in-den-populaeren-medien-dargestellt-wird\\\/\"]}]},{\"@type\":\"ImageObject\",\"inLanguage\":\"de\",\"@id\":\"https:\\\/\\\/gifted-hub.com\\\/de\\\/einzelpersonen\\\/wie-hochbegabung-in-den-populaeren-medien-dargestellt-wird\\\/#primaryimage\",\"url\":\"https:\\\/\\\/gifted-hub.com\\\/wp-content\\\/uploads\\\/2025\\\/05\\\/eoqhsffbhrk.jpg\",\"contentUrl\":\"https:\\\/\\\/gifted-hub.com\\\/wp-content\\\/uploads\\\/2025\\\/05\\\/eoqhsffbhrk.jpg\",\"width\":1600,\"height\":1065},{\"@type\":\"BreadcrumbList\",\"@id\":\"https:\\\/\\\/gifted-hub.com\\\/de\\\/einzelpersonen\\\/wie-hochbegabung-in-den-populaeren-medien-dargestellt-wird\\\/#breadcrumb\",\"itemListElement\":[{\"@type\":\"ListItem\",\"position\":1,\"name\":\"Home\",\"item\":\"https:\\\/\\\/gifted-hub.com\\\/de\\\/startseite\\\/\"},{\"@type\":\"ListItem\",\"position\":2,\"name\":\"Einzelpersonen\",\"item\":\"https:\\\/\\\/gifted-hub.com\\\/de\\\/einzelpersonen\\\/\"},{\"@type\":\"ListItem\",\"position\":3,\"name\":\"Wie Hochbegabung in den popul\u00e4ren Medien dargestellt wird\"}]},{\"@type\":\"WebSite\",\"@id\":\"https:\\\/\\\/gifted-hub.com\\\/de\\\/#website\",\"url\":\"https:\\\/\\\/gifted-hub.com\\\/de\\\/\",\"name\":\"Gifted HUB\",\"description\":\"A space for high abilities\",\"publisher\":{\"@id\":\"https:\\\/\\\/gifted-hub.com\\\/de\\\/#organization\"},\"potentialAction\":[{\"@type\":\"SearchAction\",\"target\":{\"@type\":\"EntryPoint\",\"urlTemplate\":\"https:\\\/\\\/gifted-hub.com\\\/de\\\/?s={search_term_string}\"},\"query-input\":{\"@type\":\"PropertyValueSpecification\",\"valueRequired\":true,\"valueName\":\"search_term_string\"}}],\"inLanguage\":\"de\"},{\"@type\":\"Organization\",\"@id\":\"https:\\\/\\\/gifted-hub.com\\\/de\\\/#organization\",\"name\":\"Gifted HUB\",\"url\":\"https:\\\/\\\/gifted-hub.com\\\/de\\\/\",\"logo\":{\"@type\":\"ImageObject\",\"inLanguage\":\"de\",\"@id\":\"https:\\\/\\\/gifted-hub.com\\\/de\\\/#\\\/schema\\\/logo\\\/image\\\/\",\"url\":\"https:\\\/\\\/gifted-hub.com\\\/wp-content\\\/uploads\\\/2024\\\/07\\\/logo-1.svg\",\"contentUrl\":\"https:\\\/\\\/gifted-hub.com\\\/wp-content\\\/uploads\\\/2024\\\/07\\\/logo-1.svg\",\"caption\":\"Gifted HUB\"},\"image\":{\"@id\":\"https:\\\/\\\/gifted-hub.com\\\/de\\\/#\\\/schema\\\/logo\\\/image\\\/\"}}]}<\/script>\n<!-- \/ Yoast SEO plugin. -->","yoast_head_json":{"title":"Wie Hochbegabung in den popul\u00e4ren Medien dargestellt wird - Gifted HUB","robots":{"index":"index","follow":"follow","max-snippet":"max-snippet:-1","max-image-preview":"max-image-preview:large","max-video-preview":"max-video-preview:-1"},"canonical":"https:\/\/gifted-hub.com\/de\/einzelpersonen\/wie-hochbegabung-in-den-populaeren-medien-dargestellt-wird\/","og_locale":"de_DE","og_type":"article","og_title":"Wie Hochbegabung in den popul\u00e4ren Medien dargestellt wird - Gifted HUB","og_description":"Hochbegabte Kinder wachsen oft mit hohen Erwartungen auf. Man erwartet von ihnen, dass sie in der Schule perfekt sind, hervorragende soziale F\u00e4higkeiten besitzen und stets selbstsicher auftreten. Die Medien &#8211; die Filme, Serien und Sendungen, die Kinder t\u00e4glich konsumieren &#8211; stellen hochbegabte Kinder jedoch nicht immer auf diese Weise dar. Stattdessen bedienen sie sich h\u00e4ufig [&hellip;]","og_url":"https:\/\/gifted-hub.com\/de\/einzelpersonen\/wie-hochbegabung-in-den-populaeren-medien-dargestellt-wird\/","og_site_name":"Gifted HUB","article_modified_time":"2025-05-26T18:34:49+00:00","og_image":[{"width":1600,"height":1065,"url":"https:\/\/gifted-hub.com\/wp-content\/uploads\/2025\/05\/eoqhsffbhrk.jpg","type":"image\/jpeg"}],"twitter_card":"summary_large_image","twitter_misc":{"Gesch\u00e4tzte Lesezeit":"3\u00a0Minuten"},"schema":{"@context":"https:\/\/schema.org","@graph":[{"@type":"WebPage","@id":"https:\/\/gifted-hub.com\/de\/einzelpersonen\/wie-hochbegabung-in-den-populaeren-medien-dargestellt-wird\/","url":"https:\/\/gifted-hub.com\/de\/einzelpersonen\/wie-hochbegabung-in-den-populaeren-medien-dargestellt-wird\/","name":"Wie Hochbegabung in den popul\u00e4ren Medien dargestellt wird - Gifted HUB","isPartOf":{"@id":"https:\/\/gifted-hub.com\/de\/#website"},"primaryImageOfPage":{"@id":"https:\/\/gifted-hub.com\/de\/einzelpersonen\/wie-hochbegabung-in-den-populaeren-medien-dargestellt-wird\/#primaryimage"},"image":{"@id":"https:\/\/gifted-hub.com\/de\/einzelpersonen\/wie-hochbegabung-in-den-populaeren-medien-dargestellt-wird\/#primaryimage"},"thumbnailUrl":"https:\/\/gifted-hub.com\/wp-content\/uploads\/2025\/05\/eoqhsffbhrk.jpg","datePublished":"2025-05-26T18:02:33+00:00","dateModified":"2025-05-26T18:34:49+00:00","breadcrumb":{"@id":"https:\/\/gifted-hub.com\/de\/einzelpersonen\/wie-hochbegabung-in-den-populaeren-medien-dargestellt-wird\/#breadcrumb"},"inLanguage":"de","potentialAction":[{"@type":"ReadAction","target":["https:\/\/gifted-hub.com\/de\/einzelpersonen\/wie-hochbegabung-in-den-populaeren-medien-dargestellt-wird\/"]}]},{"@type":"ImageObject","inLanguage":"de","@id":"https:\/\/gifted-hub.com\/de\/einzelpersonen\/wie-hochbegabung-in-den-populaeren-medien-dargestellt-wird\/#primaryimage","url":"https:\/\/gifted-hub.com\/wp-content\/uploads\/2025\/05\/eoqhsffbhrk.jpg","contentUrl":"https:\/\/gifted-hub.com\/wp-content\/uploads\/2025\/05\/eoqhsffbhrk.jpg","width":1600,"height":1065},{"@type":"BreadcrumbList","@id":"https:\/\/gifted-hub.com\/de\/einzelpersonen\/wie-hochbegabung-in-den-populaeren-medien-dargestellt-wird\/#breadcrumb","itemListElement":[{"@type":"ListItem","position":1,"name":"Home","item":"https:\/\/gifted-hub.com\/de\/startseite\/"},{"@type":"ListItem","position":2,"name":"Einzelpersonen","item":"https:\/\/gifted-hub.com\/de\/einzelpersonen\/"},{"@type":"ListItem","position":3,"name":"Wie Hochbegabung in den popul\u00e4ren Medien dargestellt wird"}]},{"@type":"WebSite","@id":"https:\/\/gifted-hub.com\/de\/#website","url":"https:\/\/gifted-hub.com\/de\/","name":"Gifted HUB","description":"A space for high abilities","publisher":{"@id":"https:\/\/gifted-hub.com\/de\/#organization"},"potentialAction":[{"@type":"SearchAction","target":{"@type":"EntryPoint","urlTemplate":"https:\/\/gifted-hub.com\/de\/?s={search_term_string}"},"query-input":{"@type":"PropertyValueSpecification","valueRequired":true,"valueName":"search_term_string"}}],"inLanguage":"de"},{"@type":"Organization","@id":"https:\/\/gifted-hub.com\/de\/#organization","name":"Gifted HUB","url":"https:\/\/gifted-hub.com\/de\/","logo":{"@type":"ImageObject","inLanguage":"de","@id":"https:\/\/gifted-hub.com\/de\/#\/schema\/logo\/image\/","url":"https:\/\/gifted-hub.com\/wp-content\/uploads\/2024\/07\/logo-1.svg","contentUrl":"https:\/\/gifted-hub.com\/wp-content\/uploads\/2024\/07\/logo-1.svg","caption":"Gifted HUB"},"image":{"@id":"https:\/\/gifted-hub.com\/de\/#\/schema\/logo\/image\/"}}]}},"_links":{"self":[{"href":"https:\/\/gifted-hub.com\/de\/wp-json\/wp\/v2\/pages\/19593","targetHints":{"allow":["GET"]}}],"collection":[{"href":"https:\/\/gifted-hub.com\/de\/wp-json\/wp\/v2\/pages"}],"about":[{"href":"https:\/\/gifted-hub.com\/de\/wp-json\/wp\/v2\/types\/page"}],"author":[{"embeddable":true,"href":"https:\/\/gifted-hub.com\/de\/wp-json\/wp\/v2\/users\/1"}],"replies":[{"embeddable":true,"href":"https:\/\/gifted-hub.com\/de\/wp-json\/wp\/v2\/comments?post=19593"}],"version-history":[{"count":1,"href":"https:\/\/gifted-hub.com\/de\/wp-json\/wp\/v2\/pages\/19593\/revisions"}],"predecessor-version":[{"id":19594,"href":"https:\/\/gifted-hub.com\/de\/wp-json\/wp\/v2\/pages\/19593\/revisions\/19594"}],"up":[{"embeddable":true,"href":"https:\/\/gifted-hub.com\/de\/wp-json\/wp\/v2\/pages\/16385"}],"wp:featuredmedia":[{"embeddable":true,"href":"https:\/\/gifted-hub.com\/de\/wp-json\/wp\/v2\/media\/19575"}],"wp:attachment":[{"href":"https:\/\/gifted-hub.com\/de\/wp-json\/wp\/v2\/media?parent=19593"}],"wp:term":[{"taxonomy":"group-interest","embeddable":true,"href":"https:\/\/gifted-hub.com\/de\/wp-json\/wp\/v2\/group-interest?post=19593"}],"curies":[{"name":"wp","href":"https:\/\/api.w.org\/{rel}","templated":true}]}}