{"id":19320,"date":"2025-03-17T18:45:47","date_gmt":"2025-03-17T18:45:47","guid":{"rendered":"https:\/\/gifted-hub.com\/familie\/begabte-geschwister-rivalitaet-kooperation-und-einzigartige-herausforderungen\/"},"modified":"2025-03-17T18:48:15","modified_gmt":"2025-03-17T18:48:15","slug":"begabte-geschwister-rivalitaet-kooperation-und-einzigartige-herausforderungen","status":"publish","type":"page","link":"https:\/\/gifted-hub.com\/de\/familie\/begabte-geschwister-rivalitaet-kooperation-und-einzigartige-herausforderungen\/","title":{"rendered":"Begabte Geschwister: Rivalit\u00e4t, Kooperation und einzigartige Herausforderungen"},"content":{"rendered":"\n<p>Das Aufwachsen mit einem begabten Geschwisterkind kann eine einzigartige Erfahrung voller intensiver Emotionen, tiefer Verbindungen und manchmal auch schwieriger K\u00e4mpfe sein. In Familien, in denen mehrere Kinder hochbegabt sind, k\u00f6nnen die unterschiedlichen F\u00e4higkeiten, Interessen und Erfolge die Beziehungen zwischen den Geschwistern auf unerwartete Weise beeinflussen. <\/p>\n\n<p>Einige begabte Geschwister geraten in einen Kreislauf des Vergleichs. Wenn ein Kind in einem bestimmten Bereich \u00fcberragend ist, f\u00fchlt sich das andere vielleicht im Schatten, was zu Gef\u00fchlen von Eifersucht oder Groll f\u00fchrt. Eltern k\u00f6nnen versuchen, diese Unterschiede herunterzuspielen, aber Kinder erkennen sie instinktiv. Anstatt die Realit\u00e4t zu verleugnen, kann die Anerkennung der St\u00e4rken jedes Kindes und die Unterst\u00fctzung bei der Entwicklung seiner eigenen Identit\u00e4t diese Spannungen abbauen.   <\/p>\n\n<p>Doch die Rivalit\u00e4t ist nur ein Teil der Geschichte. Viele begabte Geschwister bauen eine starke Bindung auf, indem sie sich gegenseitig unterst\u00fctzen und herausfordern und so ihr Wachstum f\u00f6rdern. Wenn sie gemeinsame intellektuelle Interessen haben, k\u00f6nnen sie sich gegenseitig inspirieren und sinnvolle Gespr\u00e4che f\u00fchren, die andere vielleicht nicht verstehen. Ein h\u00e4usliches Umfeld, das Kooperation statt Konkurrenz f\u00f6rdert, hilft begabten Geschwistern, sich gegenseitig zu Verb\u00fcndeten statt zu Rivalen zu machen.   <\/p>\n\n<p>Begabte Geschwister stehen jedoch auch vor besonderen Herausforderungen. Das Kind, das als &#8222;begabter&#8220; wahrgenommen wird, kann ungewollt in den Mittelpunkt der Aufmerksamkeit r\u00fccken, so dass das andere sich \u00fcbersehen f\u00fchlt. In manchen Familien k\u00f6nnen sich starre Rollen herausbilden &#8211; der &#8222;Kluge&#8220;, der &#8222;Lustige&#8220; oder der &#8222;Sportliche&#8220; -, die die pers\u00f6nliche Entwicklung einschr\u00e4nken k\u00f6nnen. Hohe Erwartungen k\u00f6nnen Druck erzeugen, der zu Perfektionismus und Angst f\u00fchrt, besonders wenn ein Geschwisterteil das Gef\u00fchl hat, nie mithalten zu k\u00f6nnen.   <\/p>\n\n<p>Der Schl\u00fcssel f\u00fcr Eltern liegt darin, ein Umfeld zu schaffen, in dem jedes Kind f\u00fcr seine Individualit\u00e4t gesch\u00e4tzt wird, nicht nur f\u00fcr seine Leistungen. Indem sie den Selbstausdruck f\u00f6rdern, Emotionen zulassen und jedem Kind Raum geben, auf seine eigene Weise zu gl\u00e4nzen, k\u00f6nnen Familien die Beziehungen zwischen Geschwistern in eine Quelle der Unterst\u00fctzung statt in Rivalit\u00e4t verwandeln. <\/p>\n","protected":false},"excerpt":{"rendered":"<p>Das Aufwachsen mit einem begabten Geschwisterkind kann eine einzigartige Erfahrung voller intensiver Emotionen, tiefer Verbindungen und manchmal auch schwieriger K\u00e4mpfe sein. In Familien, in denen mehrere Kinder hochbegabt sind, k\u00f6nnen die unterschiedlichen F\u00e4higkeiten, Interessen und Erfolge die Beziehungen zwischen den Geschwistern auf unerwartete Weise beeinflussen. Einige begabte Geschwister geraten in einen Kreislauf des Vergleichs. Wenn [&hellip;]<\/p>\n","protected":false},"author":1,"featured_media":19269,"parent":16370,"menu_order":0,"comment_status":"closed","ping_status":"closed","template":"","meta":{"_acf_changed":false,"inline_featured_image":false,"footnotes":""},"group-interest":[],"class_list":["post-19320","page","type-page","status-publish","has-post-thumbnail","hentry"],"acf":[],"yoast_head":"<!-- This site is optimized with the Yoast SEO plugin v27.4 - https:\/\/yoast.com\/product\/yoast-seo-wordpress\/ -->\n<title>Begabte Geschwister: Rivalit\u00e4t, Kooperation und einzigartige Herausforderungen - Gifted HUB<\/title>\n<meta name=\"robots\" content=\"index, follow, max-snippet:-1, max-image-preview:large, max-video-preview:-1\" \/>\n<link rel=\"canonical\" href=\"https:\/\/gifted-hub.com\/de\/familie\/begabte-geschwister-rivalitaet-kooperation-und-einzigartige-herausforderungen\/\" \/>\n<meta property=\"og:locale\" content=\"de_DE\" \/>\n<meta property=\"og:type\" content=\"article\" \/>\n<meta property=\"og:title\" content=\"Begabte Geschwister: Rivalit\u00e4t, Kooperation und einzigartige Herausforderungen - Gifted HUB\" \/>\n<meta property=\"og:description\" content=\"Das Aufwachsen mit einem begabten Geschwisterkind kann eine einzigartige Erfahrung voller intensiver Emotionen, tiefer Verbindungen und manchmal auch schwieriger K\u00e4mpfe sein. In Familien, in denen mehrere Kinder hochbegabt sind, k\u00f6nnen die unterschiedlichen F\u00e4higkeiten, Interessen und Erfolge die Beziehungen zwischen den Geschwistern auf unerwartete Weise beeinflussen. Einige begabte Geschwister geraten in einen Kreislauf des Vergleichs. Wenn [&hellip;]\" \/>\n<meta property=\"og:url\" content=\"https:\/\/gifted-hub.com\/de\/familie\/begabte-geschwister-rivalitaet-kooperation-und-einzigartige-herausforderungen\/\" \/>\n<meta property=\"og:site_name\" content=\"Gifted HUB\" \/>\n<meta property=\"article:modified_time\" content=\"2025-03-17T18:48:15+00:00\" \/>\n<meta property=\"og:image\" content=\"https:\/\/gifted-hub.com\/wp-content\/uploads\/2025\/03\/7f_gsuxmioq-e1742235337419.jpg\" \/>\n\t<meta property=\"og:image:width\" content=\"1600\" \/>\n\t<meta property=\"og:image:height\" content=\"1067\" \/>\n\t<meta property=\"og:image:type\" content=\"image\/jpeg\" \/>\n<meta name=\"twitter:card\" content=\"summary_large_image\" \/>\n<meta name=\"twitter:label1\" content=\"Gesch\u00e4tzte Lesezeit\" \/>\n\t<meta name=\"twitter:data1\" content=\"2\u00a0Minuten\" \/>\n<script type=\"application\/ld+json\" class=\"yoast-schema-graph\">{\"@context\":\"https:\\\/\\\/schema.org\",\"@graph\":[{\"@type\":\"WebPage\",\"@id\":\"https:\\\/\\\/gifted-hub.com\\\/de\\\/familie\\\/begabte-geschwister-rivalitaet-kooperation-und-einzigartige-herausforderungen\\\/\",\"url\":\"https:\\\/\\\/gifted-hub.com\\\/de\\\/familie\\\/begabte-geschwister-rivalitaet-kooperation-und-einzigartige-herausforderungen\\\/\",\"name\":\"Begabte Geschwister: Rivalit\u00e4t, Kooperation und einzigartige Herausforderungen - Gifted HUB\",\"isPartOf\":{\"@id\":\"https:\\\/\\\/gifted-hub.com\\\/de\\\/#website\"},\"primaryImageOfPage\":{\"@id\":\"https:\\\/\\\/gifted-hub.com\\\/de\\\/familie\\\/begabte-geschwister-rivalitaet-kooperation-und-einzigartige-herausforderungen\\\/#primaryimage\"},\"image\":{\"@id\":\"https:\\\/\\\/gifted-hub.com\\\/de\\\/familie\\\/begabte-geschwister-rivalitaet-kooperation-und-einzigartige-herausforderungen\\\/#primaryimage\"},\"thumbnailUrl\":\"https:\\\/\\\/gifted-hub.com\\\/wp-content\\\/uploads\\\/2025\\\/03\\\/7f_gsuxmioq-e1742235337419.jpg\",\"datePublished\":\"2025-03-17T18:45:47+00:00\",\"dateModified\":\"2025-03-17T18:48:15+00:00\",\"breadcrumb\":{\"@id\":\"https:\\\/\\\/gifted-hub.com\\\/de\\\/familie\\\/begabte-geschwister-rivalitaet-kooperation-und-einzigartige-herausforderungen\\\/#breadcrumb\"},\"inLanguage\":\"de\",\"potentialAction\":[{\"@type\":\"ReadAction\",\"target\":[\"https:\\\/\\\/gifted-hub.com\\\/de\\\/familie\\\/begabte-geschwister-rivalitaet-kooperation-und-einzigartige-herausforderungen\\\/\"]}]},{\"@type\":\"ImageObject\",\"inLanguage\":\"de\",\"@id\":\"https:\\\/\\\/gifted-hub.com\\\/de\\\/familie\\\/begabte-geschwister-rivalitaet-kooperation-und-einzigartige-herausforderungen\\\/#primaryimage\",\"url\":\"https:\\\/\\\/gifted-hub.com\\\/wp-content\\\/uploads\\\/2025\\\/03\\\/7f_gsuxmioq-e1742235337419.jpg\",\"contentUrl\":\"https:\\\/\\\/gifted-hub.com\\\/wp-content\\\/uploads\\\/2025\\\/03\\\/7f_gsuxmioq-e1742235337419.jpg\",\"width\":1600,\"height\":1067},{\"@type\":\"BreadcrumbList\",\"@id\":\"https:\\\/\\\/gifted-hub.com\\\/de\\\/familie\\\/begabte-geschwister-rivalitaet-kooperation-und-einzigartige-herausforderungen\\\/#breadcrumb\",\"itemListElement\":[{\"@type\":\"ListItem\",\"position\":1,\"name\":\"Home\",\"item\":\"https:\\\/\\\/gifted-hub.com\\\/de\\\/startseite\\\/\"},{\"@type\":\"ListItem\",\"position\":2,\"name\":\"Familie\",\"item\":\"https:\\\/\\\/gifted-hub.com\\\/de\\\/familie\\\/\"},{\"@type\":\"ListItem\",\"position\":3,\"name\":\"Begabte Geschwister: Rivalit\u00e4t, Kooperation und einzigartige Herausforderungen\"}]},{\"@type\":\"WebSite\",\"@id\":\"https:\\\/\\\/gifted-hub.com\\\/de\\\/#website\",\"url\":\"https:\\\/\\\/gifted-hub.com\\\/de\\\/\",\"name\":\"Gifted HUB\",\"description\":\"A space for high abilities\",\"publisher\":{\"@id\":\"https:\\\/\\\/gifted-hub.com\\\/de\\\/#organization\"},\"potentialAction\":[{\"@type\":\"SearchAction\",\"target\":{\"@type\":\"EntryPoint\",\"urlTemplate\":\"https:\\\/\\\/gifted-hub.com\\\/de\\\/?s={search_term_string}\"},\"query-input\":{\"@type\":\"PropertyValueSpecification\",\"valueRequired\":true,\"valueName\":\"search_term_string\"}}],\"inLanguage\":\"de\"},{\"@type\":\"Organization\",\"@id\":\"https:\\\/\\\/gifted-hub.com\\\/de\\\/#organization\",\"name\":\"Gifted HUB\",\"url\":\"https:\\\/\\\/gifted-hub.com\\\/de\\\/\",\"logo\":{\"@type\":\"ImageObject\",\"inLanguage\":\"de\",\"@id\":\"https:\\\/\\\/gifted-hub.com\\\/de\\\/#\\\/schema\\\/logo\\\/image\\\/\",\"url\":\"https:\\\/\\\/gifted-hub.com\\\/wp-content\\\/uploads\\\/2024\\\/07\\\/logo-1.svg\",\"contentUrl\":\"https:\\\/\\\/gifted-hub.com\\\/wp-content\\\/uploads\\\/2024\\\/07\\\/logo-1.svg\",\"caption\":\"Gifted HUB\"},\"image\":{\"@id\":\"https:\\\/\\\/gifted-hub.com\\\/de\\\/#\\\/schema\\\/logo\\\/image\\\/\"}}]}<\/script>\n<!-- \/ Yoast SEO plugin. -->","yoast_head_json":{"title":"Begabte Geschwister: Rivalit\u00e4t, Kooperation und einzigartige Herausforderungen - Gifted HUB","robots":{"index":"index","follow":"follow","max-snippet":"max-snippet:-1","max-image-preview":"max-image-preview:large","max-video-preview":"max-video-preview:-1"},"canonical":"https:\/\/gifted-hub.com\/de\/familie\/begabte-geschwister-rivalitaet-kooperation-und-einzigartige-herausforderungen\/","og_locale":"de_DE","og_type":"article","og_title":"Begabte Geschwister: Rivalit\u00e4t, Kooperation und einzigartige Herausforderungen - Gifted HUB","og_description":"Das Aufwachsen mit einem begabten Geschwisterkind kann eine einzigartige Erfahrung voller intensiver Emotionen, tiefer Verbindungen und manchmal auch schwieriger K\u00e4mpfe sein. In Familien, in denen mehrere Kinder hochbegabt sind, k\u00f6nnen die unterschiedlichen F\u00e4higkeiten, Interessen und Erfolge die Beziehungen zwischen den Geschwistern auf unerwartete Weise beeinflussen. Einige begabte Geschwister geraten in einen Kreislauf des Vergleichs. Wenn [&hellip;]","og_url":"https:\/\/gifted-hub.com\/de\/familie\/begabte-geschwister-rivalitaet-kooperation-und-einzigartige-herausforderungen\/","og_site_name":"Gifted HUB","article_modified_time":"2025-03-17T18:48:15+00:00","og_image":[{"width":1600,"height":1067,"url":"https:\/\/gifted-hub.com\/wp-content\/uploads\/2025\/03\/7f_gsuxmioq-e1742235337419.jpg","type":"image\/jpeg"}],"twitter_card":"summary_large_image","twitter_misc":{"Gesch\u00e4tzte Lesezeit":"2\u00a0Minuten"},"schema":{"@context":"https:\/\/schema.org","@graph":[{"@type":"WebPage","@id":"https:\/\/gifted-hub.com\/de\/familie\/begabte-geschwister-rivalitaet-kooperation-und-einzigartige-herausforderungen\/","url":"https:\/\/gifted-hub.com\/de\/familie\/begabte-geschwister-rivalitaet-kooperation-und-einzigartige-herausforderungen\/","name":"Begabte Geschwister: Rivalit\u00e4t, Kooperation und einzigartige Herausforderungen - Gifted HUB","isPartOf":{"@id":"https:\/\/gifted-hub.com\/de\/#website"},"primaryImageOfPage":{"@id":"https:\/\/gifted-hub.com\/de\/familie\/begabte-geschwister-rivalitaet-kooperation-und-einzigartige-herausforderungen\/#primaryimage"},"image":{"@id":"https:\/\/gifted-hub.com\/de\/familie\/begabte-geschwister-rivalitaet-kooperation-und-einzigartige-herausforderungen\/#primaryimage"},"thumbnailUrl":"https:\/\/gifted-hub.com\/wp-content\/uploads\/2025\/03\/7f_gsuxmioq-e1742235337419.jpg","datePublished":"2025-03-17T18:45:47+00:00","dateModified":"2025-03-17T18:48:15+00:00","breadcrumb":{"@id":"https:\/\/gifted-hub.com\/de\/familie\/begabte-geschwister-rivalitaet-kooperation-und-einzigartige-herausforderungen\/#breadcrumb"},"inLanguage":"de","potentialAction":[{"@type":"ReadAction","target":["https:\/\/gifted-hub.com\/de\/familie\/begabte-geschwister-rivalitaet-kooperation-und-einzigartige-herausforderungen\/"]}]},{"@type":"ImageObject","inLanguage":"de","@id":"https:\/\/gifted-hub.com\/de\/familie\/begabte-geschwister-rivalitaet-kooperation-und-einzigartige-herausforderungen\/#primaryimage","url":"https:\/\/gifted-hub.com\/wp-content\/uploads\/2025\/03\/7f_gsuxmioq-e1742235337419.jpg","contentUrl":"https:\/\/gifted-hub.com\/wp-content\/uploads\/2025\/03\/7f_gsuxmioq-e1742235337419.jpg","width":1600,"height":1067},{"@type":"BreadcrumbList","@id":"https:\/\/gifted-hub.com\/de\/familie\/begabte-geschwister-rivalitaet-kooperation-und-einzigartige-herausforderungen\/#breadcrumb","itemListElement":[{"@type":"ListItem","position":1,"name":"Home","item":"https:\/\/gifted-hub.com\/de\/startseite\/"},{"@type":"ListItem","position":2,"name":"Familie","item":"https:\/\/gifted-hub.com\/de\/familie\/"},{"@type":"ListItem","position":3,"name":"Begabte Geschwister: Rivalit\u00e4t, Kooperation und einzigartige Herausforderungen"}]},{"@type":"WebSite","@id":"https:\/\/gifted-hub.com\/de\/#website","url":"https:\/\/gifted-hub.com\/de\/","name":"Gifted HUB","description":"A space for high abilities","publisher":{"@id":"https:\/\/gifted-hub.com\/de\/#organization"},"potentialAction":[{"@type":"SearchAction","target":{"@type":"EntryPoint","urlTemplate":"https:\/\/gifted-hub.com\/de\/?s={search_term_string}"},"query-input":{"@type":"PropertyValueSpecification","valueRequired":true,"valueName":"search_term_string"}}],"inLanguage":"de"},{"@type":"Organization","@id":"https:\/\/gifted-hub.com\/de\/#organization","name":"Gifted HUB","url":"https:\/\/gifted-hub.com\/de\/","logo":{"@type":"ImageObject","inLanguage":"de","@id":"https:\/\/gifted-hub.com\/de\/#\/schema\/logo\/image\/","url":"https:\/\/gifted-hub.com\/wp-content\/uploads\/2024\/07\/logo-1.svg","contentUrl":"https:\/\/gifted-hub.com\/wp-content\/uploads\/2024\/07\/logo-1.svg","caption":"Gifted HUB"},"image":{"@id":"https:\/\/gifted-hub.com\/de\/#\/schema\/logo\/image\/"}}]}},"_links":{"self":[{"href":"https:\/\/gifted-hub.com\/de\/wp-json\/wp\/v2\/pages\/19320","targetHints":{"allow":["GET"]}}],"collection":[{"href":"https:\/\/gifted-hub.com\/de\/wp-json\/wp\/v2\/pages"}],"about":[{"href":"https:\/\/gifted-hub.com\/de\/wp-json\/wp\/v2\/types\/page"}],"author":[{"embeddable":true,"href":"https:\/\/gifted-hub.com\/de\/wp-json\/wp\/v2\/users\/1"}],"replies":[{"embeddable":true,"href":"https:\/\/gifted-hub.com\/de\/wp-json\/wp\/v2\/comments?post=19320"}],"version-history":[{"count":1,"href":"https:\/\/gifted-hub.com\/de\/wp-json\/wp\/v2\/pages\/19320\/revisions"}],"predecessor-version":[{"id":19321,"href":"https:\/\/gifted-hub.com\/de\/wp-json\/wp\/v2\/pages\/19320\/revisions\/19321"}],"up":[{"embeddable":true,"href":"https:\/\/gifted-hub.com\/de\/wp-json\/wp\/v2\/pages\/16370"}],"wp:featuredmedia":[{"embeddable":true,"href":"https:\/\/gifted-hub.com\/de\/wp-json\/wp\/v2\/media\/19269"}],"wp:attachment":[{"href":"https:\/\/gifted-hub.com\/de\/wp-json\/wp\/v2\/media?parent=19320"}],"wp:term":[{"taxonomy":"group-interest","embeddable":true,"href":"https:\/\/gifted-hub.com\/de\/wp-json\/wp\/v2\/group-interest?post=19320"}],"curies":[{"name":"wp","href":"https:\/\/api.w.org\/{rel}","templated":true}]}}