{"id":19090,"date":"2025-01-24T18:59:35","date_gmt":"2025-01-24T18:59:35","guid":{"rendered":"https:\/\/gifted-hub.com\/fachleute\/potenziell-begabte-jugendliche-erkennen-ein-umfassender-leitfaden\/"},"modified":"2025-01-24T19:12:27","modified_gmt":"2025-01-24T19:12:27","slug":"potenziell-begabte-jugendliche-erkennen-ein-umfassender-leitfaden","status":"publish","type":"page","link":"https:\/\/gifted-hub.com\/de\/fachleute\/potenziell-begabte-jugendliche-erkennen-ein-umfassender-leitfaden\/","title":{"rendered":"Potenziell begabte Jugendliche erkennen: Ein umfassender Leitfaden"},"content":{"rendered":"\n<p>Begabte Sch\u00fcler verf\u00fcgen \u00fcber ein au\u00dfergew\u00f6hnliches Potenzial, doch ihre Identifizierung kann ein nuancierter und schwieriger Prozess sein. Dieser Leitfaden erkl\u00e4rt klar und Schritt f\u00fcr Schritt, wie man potenziell begabte junge Menschen identifiziert, wobei jede Phase und die damit verbundenen Beurteilungen detailliert beschrieben werden. <\/p>\n\n<h3 class=\"wp-block-heading\" id=\"understanding-giftedness\"><strong>Hochbegabung verstehen<\/strong><\/h3>\n\n<p>Hochbegabung ist nicht einheitlich definiert und variiert oft zwischen Kulturen und Institutionen. Der Kerngedanke dreht sich jedoch um Sch\u00fcler, die au\u00dfergew\u00f6hnliche F\u00e4higkeiten oder Potenziale in intellektuellen, kreativen, k\u00fcnstlerischen oder F\u00fchrungsbereichen aufweisen. <\/p>\n\n<p>Es ist wichtig zu wissen, dass sich Hochbegabung unterschiedlich \u00e4u\u00dfert, insbesondere bei wirtschaftlich benachteiligten oder kulturell vielf\u00e4ltigen Gruppen. Folglich muss jedes Identifizierungsverfahren auf diese Unterschiede eingehen. <\/p>\n\n<h3 class=\"wp-block-heading\" id=\"phases-of-the-identification-process\"><strong>Phasen des Identifizierungsprozesses<\/strong><\/h3>\n\n<p>Der Identifizierungsprozess kann in drei verschiedene Phasen unterteilt werden:<\/p>\n\n<h4 class=\"wp-block-heading\" id=\"1-screening-phase\"><strong>1. Screening-Phase<\/strong><\/h4>\n\n<p>Ziel dieser Phase ist es, einen Kandidatenpool von Sch\u00fclern zu ermitteln, die eine potenzielle Hochbegabung aufweisen.<\/p>\n\n<ul class=\"wp-block-list\">\n<li><strong>Beobachtung im Klassenzimmer<\/strong>\n<ul class=\"wp-block-list\">\n<li>Die P\u00e4dagogen beobachten die Sch\u00fcler sowohl in strukturierten akademischen Umgebungen als auch im freien Spiel.<\/li>\n\n\n\n<li>Die Beobachtungen konzentrieren sich auf Eigenschaften wie Kreativit\u00e4t, Probleml\u00f6sungsf\u00e4higkeit und Ausdauer.<\/li>\n<\/ul>\n<\/li>\n\n\n\n<li><strong>Multikulturelle, lehrplanbasierte Aktivit\u00e4ten zur Bereicherung<\/strong>\n<ul class=\"wp-block-list\">\n<li>Zu den Aktivit\u00e4ten geh\u00f6ren das Erz\u00e4hlen von Geschichten und Folgeaufgaben (z.B. Kunst-, Sprach- oder Matheaufgaben).<\/li>\n\n\n\n<li>Diese helfen dabei, Verhaltensweisen und F\u00e4higkeiten hervorzuheben, die bei herk\u00f6mmlichen Aufgaben im Klassenzimmer normalerweise nicht gezeigt werden.<\/li>\n<\/ul>\n<\/li>\n\n\n\n<li><strong>Draw-a-Person Test<\/strong>\n<ul class=\"wp-block-list\">\n<li>Ein standardisierter Test zur Bewertung des Entwicklungsstandes und der figuralen Kreativit\u00e4t.<\/li>\n<\/ul>\n<\/li>\n\n\n\n<li><strong>Portfolio Bewertung<\/strong>\n<ul class=\"wp-block-list\">\n<li>Die Lehrer stellen im Laufe der Zeit Beispiele f\u00fcr die Arbeit eines Sch\u00fclers zusammen.<\/li>\n\n\n\n<li>Die Eltern tragen durch &#8222;Erz\u00e4hl mir von meinem Kind&#8220;-Karten bei, auf denen sie Verhaltensweisen oder Talente beschreiben, die sie zu Hause beobachtet haben.<\/li>\n<\/ul>\n<\/li>\n\n\n\n<li><strong>Nominierungen von Lehrern<\/strong>\n<ul class=\"wp-block-list\">\n<li>Die Lehrer nominieren die Sch\u00fcler auf der Grundlage ihres professionellen Urteils und ihrer Beobachtungen.<\/li>\n<\/ul>\n<\/li>\n<\/ul>\n\n<p>Am Ende dieser Phase w\u00e4hlt das Team einen breiten Pool von Kandidaten f\u00fcr die weitere Bewertung aus.<\/p>\n\n<h4 class=\"wp-block-heading\" id=\"2-diagnostic-assessment-phase\"><strong>2. Diagnostische Bewertungsphase<\/strong><\/h4>\n\n<p>In dieser Phase werden vertiefte, individuelle Tests durchgef\u00fchrt, um detaillierte Profile der potenziellen Begabung zu erstellen.<\/p>\n\n<ul class=\"wp-block-list\">\n<li><strong>Dynamische Bewertung (Matrixaufgabe)<\/strong>\n<ul class=\"wp-block-list\">\n<li>Dieser Test basiert auf Vygotskys &#8222;Zone der proximalen Entwicklung&#8220; und bewertet, wie Sch\u00fcler lernen und Strategien anwenden, wenn sie nur minimale Anleitung erhalten.<\/li>\n<\/ul>\n<\/li>\n\n\n\n<li><strong>Standardisierte Tests<\/strong>\n<ul class=\"wp-block-list\">\n<li><em>Peabody Picture Vocabulary Test (PPVT<\/em>): Misst den rezeptiven Wortschatz.<\/li>\n\n\n\n<li><em>Test der fr\u00fchen mathematischen F\u00e4higkeiten (TEMA<\/em>): Bewertet die mathematischen F\u00e4higkeiten und das mathematische Denken.<\/li>\n\n\n\n<li><em>Test of Early Reading Ability (TERA<\/em>): Bewertet die F\u00e4higkeiten im Vorlesen und Lesen.<\/li>\n<\/ul>\n<\/li>\n\n\n\n<li><strong>Auf Literatur basierende Aktivit\u00e4ten<\/strong>\n<ul class=\"wp-block-list\">\n<li>Anhand von Geschichten mit offenem Ende bewerten P\u00e4dagogen logisches Denken, Vorstellungskraft und emotionale Reaktionen.<\/li>\n<\/ul>\n<\/li>\n\n\n\n<li><strong>Kinder-Interviews<\/strong>\n<ul class=\"wp-block-list\">\n<li>Die Sch\u00fcler geben Einblicke in ihre Ziele, Denkprozesse und ihr metakognitives Bewusstsein.<\/li>\n<\/ul>\n<\/li>\n<\/ul>\n\n<p>Zu den Ergebnissen dieser Phase geh\u00f6rt ein akademisches Profil f\u00fcr jeden Kandidaten.<\/p>\n\n<h4 class=\"wp-block-heading\" id=\"3-case-study-and-placement-phase\"><strong>3. Fallstudie und Platzierungsphase<\/strong><\/h4>\n\n<p>In dieser Phase geht es um die endg\u00fcltige Entscheidung \u00fcber die Platzierung und Unterst\u00fctzung der identifizierten Sch\u00fcler.<\/p>\n\n<ul class=\"wp-block-list\">\n<li><strong>\u00dcberpr\u00fcfung der Fallstudie<\/strong>\n<ul class=\"wp-block-list\">\n<li>Eine umfassende Analyse des Portfolios und der Testergebnisse eines jeden Sch\u00fclers.<\/li>\n\n\n\n<li>Die Entscheidungen basieren auf dokumentierten Nachweisen und nicht auf zusammengesetzten Noten.<\/li>\n<\/ul>\n<\/li>\n\n\n\n<li><strong>Optionen f\u00fcr die Platzierung<\/strong>\n<ul class=\"wp-block-list\">\n<li><em>Keine besondere Unterbringung<\/em>: Die Sch\u00fcler k\u00f6nnen unter st\u00e4ndiger Beobachtung in den allgemeinen Klassenr\u00e4umen bleiben.<\/li>\n\n\n\n<li><em>\u00dcbergangsservice<\/em>: Gezielte Programme, die den Sch\u00fclern helfen, verborgene F\u00e4higkeiten zu entwickeln.<\/li>\n\n\n\n<li><em>Begabtenprogramme<\/em>: Platzierung in speziellen Klassen f\u00fcr begabte Sch\u00fcler.<\/li>\n<\/ul>\n<\/li>\n\n\n\n<li><strong>Einbeziehung der Eltern<\/strong>\n<ul class=\"wp-block-list\">\n<li>Die Eltern werden \u00fcber die Ergebnisse informiert und ermutigt, sich durch Workshops und aktives Engagement an der Bildungsreise ihres Kindes zu beteiligen.<\/li>\n<\/ul>\n<\/li>\n<\/ul>\n\n<p><strong>Fazit<\/strong><\/p>\n\n<p>Die Identifizierung begabter Sch\u00fcler erfordert Engagement und einen strukturierten Ansatz. Durch die Konzentration auf Beobachtung, dynamische Beurteilungen und integrative Praktiken k\u00f6nnen P\u00e4dagogen sicherstellen, dass kein Sch\u00fcler mit au\u00dfergew\u00f6hnlichem Potenzial \u00fcbersehen wird. Dieser umfassende Prozess identifiziert nicht nur Talente, sondern f\u00f6rdert sie auch und schafft so die Voraussetzungen f\u00fcr lebenslanges Lernen und Erfolg.  <\/p>\n","protected":false},"excerpt":{"rendered":"<p>Begabte Sch\u00fcler verf\u00fcgen \u00fcber ein au\u00dfergew\u00f6hnliches Potenzial, doch ihre Identifizierung kann ein nuancierter und schwieriger Prozess sein. Dieser Leitfaden erkl\u00e4rt klar und Schritt f\u00fcr Schritt, wie man potenziell begabte junge Menschen identifiziert, wobei jede Phase und die damit verbundenen Beurteilungen detailliert beschrieben werden. Hochbegabung verstehen Hochbegabung ist nicht einheitlich definiert und variiert oft zwischen Kulturen [&hellip;]<\/p>\n","protected":false},"author":1,"featured_media":19071,"parent":16382,"menu_order":0,"comment_status":"closed","ping_status":"closed","template":"","meta":{"_acf_changed":false,"inline_featured_image":false,"footnotes":""},"group-interest":[],"class_list":["post-19090","page","type-page","status-publish","has-post-thumbnail","hentry"],"acf":[],"yoast_head":"<!-- This site is optimized with the Yoast SEO plugin v27.4 - https:\/\/yoast.com\/product\/yoast-seo-wordpress\/ -->\n<title>Potenziell begabte Jugendliche erkennen: Ein umfassender Leitfaden - Gifted HUB<\/title>\n<meta name=\"robots\" content=\"index, follow, max-snippet:-1, max-image-preview:large, max-video-preview:-1\" \/>\n<link rel=\"canonical\" href=\"https:\/\/gifted-hub.com\/de\/fachleute\/potenziell-begabte-jugendliche-erkennen-ein-umfassender-leitfaden\/\" \/>\n<meta property=\"og:locale\" content=\"de_DE\" \/>\n<meta property=\"og:type\" content=\"article\" \/>\n<meta property=\"og:title\" content=\"Potenziell begabte Jugendliche erkennen: Ein umfassender Leitfaden - Gifted HUB\" \/>\n<meta property=\"og:description\" content=\"Begabte Sch\u00fcler verf\u00fcgen \u00fcber ein au\u00dfergew\u00f6hnliches Potenzial, doch ihre Identifizierung kann ein nuancierter und schwieriger Prozess sein. Dieser Leitfaden erkl\u00e4rt klar und Schritt f\u00fcr Schritt, wie man potenziell begabte junge Menschen identifiziert, wobei jede Phase und die damit verbundenen Beurteilungen detailliert beschrieben werden. Hochbegabung verstehen Hochbegabung ist nicht einheitlich definiert und variiert oft zwischen Kulturen [&hellip;]\" \/>\n<meta property=\"og:url\" content=\"https:\/\/gifted-hub.com\/de\/fachleute\/potenziell-begabte-jugendliche-erkennen-ein-umfassender-leitfaden\/\" \/>\n<meta property=\"og:site_name\" content=\"Gifted HUB\" \/>\n<meta property=\"article:modified_time\" content=\"2025-01-24T19:12:27+00:00\" \/>\n<meta property=\"og:image\" content=\"https:\/\/gifted-hub.com\/wp-content\/uploads\/2025\/01\/5428830.jpeg\" \/>\n\t<meta property=\"og:image:width\" content=\"1600\" \/>\n\t<meta property=\"og:image:height\" content=\"1068\" \/>\n\t<meta property=\"og:image:type\" content=\"image\/jpeg\" \/>\n<meta name=\"twitter:card\" content=\"summary_large_image\" \/>\n<meta name=\"twitter:label1\" content=\"Gesch\u00e4tzte Lesezeit\" \/>\n\t<meta name=\"twitter:data1\" content=\"3\u00a0Minuten\" \/>\n<script type=\"application\/ld+json\" class=\"yoast-schema-graph\">{\"@context\":\"https:\\\/\\\/schema.org\",\"@graph\":[{\"@type\":\"WebPage\",\"@id\":\"https:\\\/\\\/gifted-hub.com\\\/de\\\/fachleute\\\/potenziell-begabte-jugendliche-erkennen-ein-umfassender-leitfaden\\\/\",\"url\":\"https:\\\/\\\/gifted-hub.com\\\/de\\\/fachleute\\\/potenziell-begabte-jugendliche-erkennen-ein-umfassender-leitfaden\\\/\",\"name\":\"Potenziell begabte Jugendliche erkennen: Ein umfassender Leitfaden - Gifted HUB\",\"isPartOf\":{\"@id\":\"https:\\\/\\\/gifted-hub.com\\\/de\\\/#website\"},\"primaryImageOfPage\":{\"@id\":\"https:\\\/\\\/gifted-hub.com\\\/de\\\/fachleute\\\/potenziell-begabte-jugendliche-erkennen-ein-umfassender-leitfaden\\\/#primaryimage\"},\"image\":{\"@id\":\"https:\\\/\\\/gifted-hub.com\\\/de\\\/fachleute\\\/potenziell-begabte-jugendliche-erkennen-ein-umfassender-leitfaden\\\/#primaryimage\"},\"thumbnailUrl\":\"https:\\\/\\\/gifted-hub.com\\\/wp-content\\\/uploads\\\/2025\\\/01\\\/5428830.jpeg\",\"datePublished\":\"2025-01-24T18:59:35+00:00\",\"dateModified\":\"2025-01-24T19:12:27+00:00\",\"breadcrumb\":{\"@id\":\"https:\\\/\\\/gifted-hub.com\\\/de\\\/fachleute\\\/potenziell-begabte-jugendliche-erkennen-ein-umfassender-leitfaden\\\/#breadcrumb\"},\"inLanguage\":\"de\",\"potentialAction\":[{\"@type\":\"ReadAction\",\"target\":[\"https:\\\/\\\/gifted-hub.com\\\/de\\\/fachleute\\\/potenziell-begabte-jugendliche-erkennen-ein-umfassender-leitfaden\\\/\"]}]},{\"@type\":\"ImageObject\",\"inLanguage\":\"de\",\"@id\":\"https:\\\/\\\/gifted-hub.com\\\/de\\\/fachleute\\\/potenziell-begabte-jugendliche-erkennen-ein-umfassender-leitfaden\\\/#primaryimage\",\"url\":\"https:\\\/\\\/gifted-hub.com\\\/wp-content\\\/uploads\\\/2025\\\/01\\\/5428830.jpeg\",\"contentUrl\":\"https:\\\/\\\/gifted-hub.com\\\/wp-content\\\/uploads\\\/2025\\\/01\\\/5428830.jpeg\",\"width\":1600,\"height\":1068},{\"@type\":\"BreadcrumbList\",\"@id\":\"https:\\\/\\\/gifted-hub.com\\\/de\\\/fachleute\\\/potenziell-begabte-jugendliche-erkennen-ein-umfassender-leitfaden\\\/#breadcrumb\",\"itemListElement\":[{\"@type\":\"ListItem\",\"position\":1,\"name\":\"Home\",\"item\":\"https:\\\/\\\/gifted-hub.com\\\/de\\\/startseite\\\/\"},{\"@type\":\"ListItem\",\"position\":2,\"name\":\"Fachleute\",\"item\":\"https:\\\/\\\/gifted-hub.com\\\/de\\\/fachleute\\\/\"},{\"@type\":\"ListItem\",\"position\":3,\"name\":\"Potenziell begabte Jugendliche erkennen: Ein umfassender Leitfaden\"}]},{\"@type\":\"WebSite\",\"@id\":\"https:\\\/\\\/gifted-hub.com\\\/de\\\/#website\",\"url\":\"https:\\\/\\\/gifted-hub.com\\\/de\\\/\",\"name\":\"Gifted HUB\",\"description\":\"A space for high abilities\",\"publisher\":{\"@id\":\"https:\\\/\\\/gifted-hub.com\\\/de\\\/#organization\"},\"potentialAction\":[{\"@type\":\"SearchAction\",\"target\":{\"@type\":\"EntryPoint\",\"urlTemplate\":\"https:\\\/\\\/gifted-hub.com\\\/de\\\/?s={search_term_string}\"},\"query-input\":{\"@type\":\"PropertyValueSpecification\",\"valueRequired\":true,\"valueName\":\"search_term_string\"}}],\"inLanguage\":\"de\"},{\"@type\":\"Organization\",\"@id\":\"https:\\\/\\\/gifted-hub.com\\\/de\\\/#organization\",\"name\":\"Gifted HUB\",\"url\":\"https:\\\/\\\/gifted-hub.com\\\/de\\\/\",\"logo\":{\"@type\":\"ImageObject\",\"inLanguage\":\"de\",\"@id\":\"https:\\\/\\\/gifted-hub.com\\\/de\\\/#\\\/schema\\\/logo\\\/image\\\/\",\"url\":\"https:\\\/\\\/gifted-hub.com\\\/wp-content\\\/uploads\\\/2024\\\/07\\\/logo-1.svg\",\"contentUrl\":\"https:\\\/\\\/gifted-hub.com\\\/wp-content\\\/uploads\\\/2024\\\/07\\\/logo-1.svg\",\"caption\":\"Gifted HUB\"},\"image\":{\"@id\":\"https:\\\/\\\/gifted-hub.com\\\/de\\\/#\\\/schema\\\/logo\\\/image\\\/\"}}]}<\/script>\n<!-- \/ Yoast SEO plugin. -->","yoast_head_json":{"title":"Potenziell begabte Jugendliche erkennen: Ein umfassender Leitfaden - Gifted HUB","robots":{"index":"index","follow":"follow","max-snippet":"max-snippet:-1","max-image-preview":"max-image-preview:large","max-video-preview":"max-video-preview:-1"},"canonical":"https:\/\/gifted-hub.com\/de\/fachleute\/potenziell-begabte-jugendliche-erkennen-ein-umfassender-leitfaden\/","og_locale":"de_DE","og_type":"article","og_title":"Potenziell begabte Jugendliche erkennen: Ein umfassender Leitfaden - Gifted HUB","og_description":"Begabte Sch\u00fcler verf\u00fcgen \u00fcber ein au\u00dfergew\u00f6hnliches Potenzial, doch ihre Identifizierung kann ein nuancierter und schwieriger Prozess sein. Dieser Leitfaden erkl\u00e4rt klar und Schritt f\u00fcr Schritt, wie man potenziell begabte junge Menschen identifiziert, wobei jede Phase und die damit verbundenen Beurteilungen detailliert beschrieben werden. Hochbegabung verstehen Hochbegabung ist nicht einheitlich definiert und variiert oft zwischen Kulturen [&hellip;]","og_url":"https:\/\/gifted-hub.com\/de\/fachleute\/potenziell-begabte-jugendliche-erkennen-ein-umfassender-leitfaden\/","og_site_name":"Gifted HUB","article_modified_time":"2025-01-24T19:12:27+00:00","og_image":[{"width":1600,"height":1068,"url":"https:\/\/gifted-hub.com\/wp-content\/uploads\/2025\/01\/5428830.jpeg","type":"image\/jpeg"}],"twitter_card":"summary_large_image","twitter_misc":{"Gesch\u00e4tzte Lesezeit":"3\u00a0Minuten"},"schema":{"@context":"https:\/\/schema.org","@graph":[{"@type":"WebPage","@id":"https:\/\/gifted-hub.com\/de\/fachleute\/potenziell-begabte-jugendliche-erkennen-ein-umfassender-leitfaden\/","url":"https:\/\/gifted-hub.com\/de\/fachleute\/potenziell-begabte-jugendliche-erkennen-ein-umfassender-leitfaden\/","name":"Potenziell begabte Jugendliche erkennen: Ein umfassender Leitfaden - Gifted HUB","isPartOf":{"@id":"https:\/\/gifted-hub.com\/de\/#website"},"primaryImageOfPage":{"@id":"https:\/\/gifted-hub.com\/de\/fachleute\/potenziell-begabte-jugendliche-erkennen-ein-umfassender-leitfaden\/#primaryimage"},"image":{"@id":"https:\/\/gifted-hub.com\/de\/fachleute\/potenziell-begabte-jugendliche-erkennen-ein-umfassender-leitfaden\/#primaryimage"},"thumbnailUrl":"https:\/\/gifted-hub.com\/wp-content\/uploads\/2025\/01\/5428830.jpeg","datePublished":"2025-01-24T18:59:35+00:00","dateModified":"2025-01-24T19:12:27+00:00","breadcrumb":{"@id":"https:\/\/gifted-hub.com\/de\/fachleute\/potenziell-begabte-jugendliche-erkennen-ein-umfassender-leitfaden\/#breadcrumb"},"inLanguage":"de","potentialAction":[{"@type":"ReadAction","target":["https:\/\/gifted-hub.com\/de\/fachleute\/potenziell-begabte-jugendliche-erkennen-ein-umfassender-leitfaden\/"]}]},{"@type":"ImageObject","inLanguage":"de","@id":"https:\/\/gifted-hub.com\/de\/fachleute\/potenziell-begabte-jugendliche-erkennen-ein-umfassender-leitfaden\/#primaryimage","url":"https:\/\/gifted-hub.com\/wp-content\/uploads\/2025\/01\/5428830.jpeg","contentUrl":"https:\/\/gifted-hub.com\/wp-content\/uploads\/2025\/01\/5428830.jpeg","width":1600,"height":1068},{"@type":"BreadcrumbList","@id":"https:\/\/gifted-hub.com\/de\/fachleute\/potenziell-begabte-jugendliche-erkennen-ein-umfassender-leitfaden\/#breadcrumb","itemListElement":[{"@type":"ListItem","position":1,"name":"Home","item":"https:\/\/gifted-hub.com\/de\/startseite\/"},{"@type":"ListItem","position":2,"name":"Fachleute","item":"https:\/\/gifted-hub.com\/de\/fachleute\/"},{"@type":"ListItem","position":3,"name":"Potenziell begabte Jugendliche erkennen: Ein umfassender Leitfaden"}]},{"@type":"WebSite","@id":"https:\/\/gifted-hub.com\/de\/#website","url":"https:\/\/gifted-hub.com\/de\/","name":"Gifted HUB","description":"A space for high abilities","publisher":{"@id":"https:\/\/gifted-hub.com\/de\/#organization"},"potentialAction":[{"@type":"SearchAction","target":{"@type":"EntryPoint","urlTemplate":"https:\/\/gifted-hub.com\/de\/?s={search_term_string}"},"query-input":{"@type":"PropertyValueSpecification","valueRequired":true,"valueName":"search_term_string"}}],"inLanguage":"de"},{"@type":"Organization","@id":"https:\/\/gifted-hub.com\/de\/#organization","name":"Gifted HUB","url":"https:\/\/gifted-hub.com\/de\/","logo":{"@type":"ImageObject","inLanguage":"de","@id":"https:\/\/gifted-hub.com\/de\/#\/schema\/logo\/image\/","url":"https:\/\/gifted-hub.com\/wp-content\/uploads\/2024\/07\/logo-1.svg","contentUrl":"https:\/\/gifted-hub.com\/wp-content\/uploads\/2024\/07\/logo-1.svg","caption":"Gifted HUB"},"image":{"@id":"https:\/\/gifted-hub.com\/de\/#\/schema\/logo\/image\/"}}]}},"_links":{"self":[{"href":"https:\/\/gifted-hub.com\/de\/wp-json\/wp\/v2\/pages\/19090","targetHints":{"allow":["GET"]}}],"collection":[{"href":"https:\/\/gifted-hub.com\/de\/wp-json\/wp\/v2\/pages"}],"about":[{"href":"https:\/\/gifted-hub.com\/de\/wp-json\/wp\/v2\/types\/page"}],"author":[{"embeddable":true,"href":"https:\/\/gifted-hub.com\/de\/wp-json\/wp\/v2\/users\/1"}],"replies":[{"embeddable":true,"href":"https:\/\/gifted-hub.com\/de\/wp-json\/wp\/v2\/comments?post=19090"}],"version-history":[{"count":1,"href":"https:\/\/gifted-hub.com\/de\/wp-json\/wp\/v2\/pages\/19090\/revisions"}],"predecessor-version":[{"id":19091,"href":"https:\/\/gifted-hub.com\/de\/wp-json\/wp\/v2\/pages\/19090\/revisions\/19091"}],"up":[{"embeddable":true,"href":"https:\/\/gifted-hub.com\/de\/wp-json\/wp\/v2\/pages\/16382"}],"wp:featuredmedia":[{"embeddable":true,"href":"https:\/\/gifted-hub.com\/de\/wp-json\/wp\/v2\/media\/19071"}],"wp:attachment":[{"href":"https:\/\/gifted-hub.com\/de\/wp-json\/wp\/v2\/media?parent=19090"}],"wp:term":[{"taxonomy":"group-interest","embeddable":true,"href":"https:\/\/gifted-hub.com\/de\/wp-json\/wp\/v2\/group-interest?post=19090"}],"curies":[{"name":"wp","href":"https:\/\/api.w.org\/{rel}","templated":true}]}}