{"id":18529,"date":"2024-11-21T23:33:03","date_gmt":"2024-11-21T23:33:03","guid":{"rendered":"https:\/\/gifted-hub.com\/fachleute\/das-verstaendnis-von-hochbegabung-und-kultur\/"},"modified":"2024-11-22T06:16:56","modified_gmt":"2024-11-22T06:16:56","slug":"das-verstaendnis-von-hochbegabung-und-kultur","status":"publish","type":"page","link":"https:\/\/gifted-hub.com\/de\/fachleute\/das-verstaendnis-von-hochbegabung-und-kultur\/","title":{"rendered":"Das Verst\u00e4ndnis von Hochbegabung und Kultur"},"content":{"rendered":"\n<p>Hochbegabung nimmt <a href=\"https:\/\/gifted-hub.com\/de\/was-sind-hochbegabungen\/das-verstaendnis-von-begabung-als-soziale-konstruktion\/\">unterschiedliche Bedeutungen an, abh\u00e4ngig<\/a> von der kulturellen Perspektive, durch die sie betrachtet wird. In manchen Gesellschaften steht Hochbegabung im Einklang mit akademischer Exzellenz, w\u00e4hrend sie in anderen mit sozialer Harmonie oder praktischer Probleml\u00f6sung verkn\u00fcpft ist. Was eine Kultur als Zeichen au\u00dfergew\u00f6hnlicher Intelligenz sch\u00e4tzt, k\u00f6nnte eine andere v\u00f6llig \u00fcbersehen.  <\/p>\n\n<p>In westlichen L\u00e4ndern wird Hochbegabung oft mit messbaren Eigenschaften wie verbaler Gel\u00e4ufigkeit oder Probleml\u00f6sungsgeschwindigkeit assoziiert. Diese F\u00e4higkeiten werden in akademischen Umgebungen gesch\u00e4tzt und betonen individuelle Leistung und kognitive St\u00e4rke. Allerdings <strong>priorisieren andere Kulturen unterschiedliche Aspekte der Intelligenz<\/strong>. Beispielsweise heben viele afrikanische Gemeinschaften soziale Intelligenz hervor \u2013 F\u00e4higkeiten, die Kooperation, Respekt und Verantwortung f\u00f6rdern. In einigen asiatischen Traditionen geht es bei Intelligenz nicht nur um scharfes Denken, sondern auch um Bescheidenheit, Ausdauer und moralischen Charakter.    <\/p>\n\n<p>Hochbegabte Individuen werden oft durch die Umgebungen gepr\u00e4gt, in denen sie aufwachsen. Zum Beispiel k\u00f6nnten Kinder im l\u00e4ndlichen Kenia au\u00dfergew\u00f6hnliche Kenntnisse \u00fcber Heilpflanzen demonstrieren, was ihre F\u00e4higkeit zur Anpassung an ihre Umgebung widerspiegelt. Dieses stillschweigende Wissen, oft unausgesprochen und informell erlernt, ist <a href=\"https:\/\/gifted-hub.com\/de\/familie\/unsere-kinder-und-ihre-sozialen-faehigkeiten\/\">entscheidend f\u00fcr das \u00dcberleben in ihrer Gemeinschaft<\/a>. Im Gegensatz dazu k\u00f6nnten Kinder in st\u00e4dtischen Umgebungen in der Navigation komplexer akademischer Systeme hervorragen und damit ihre F\u00e4higkeit zur Anpassung an technologie- und informationsreiche Umgebungen demonstrieren.   <\/p>\n\n<p>Kultur spielt auch eine Rolle bei der Art und Weise, wie Intelligenz getestet und gemessen wird. Ein Test, der f\u00fcr einen kulturellen Kontext konzipiert wurde, spiegelt m\u00f6glicherweise nicht genau die in einem anderen gesch\u00e4tzten F\u00e4higkeiten wider. Beispielsweise stimmen Vokabeltests, die f\u00fcr englische Muttersprachler entwickelt wurden, m\u00f6glicherweise nicht mit den linguistischen Priorit\u00e4ten nicht-englischsprachiger Gemeinschaften \u00fcberein. Selbst Aufgaben wie Probleml\u00f6sung k\u00f6nnen in ihrer Relevanz variieren \u2013 mathematische Probleme auf Papier zu l\u00f6sen, k\u00f6nnte weniger praktisch sein als die Anwendung mathematischer F\u00e4higkeiten in t\u00e4glichen Markttransaktionen.   <\/p>\n\n<p>In vielen Kulturen geht es bei Hochbegabung nicht ausschlie\u00dflich um angeborenes Talent, sondern um die Anstrengung und das Lernen, die ein Individuum formen. Der Glaube, dass Intelligenz kultiviert werden kann, ist besonders stark in \u00f6stlichen Traditionen, wo harte Arbeit und Beharrlichkeit als Wege zu au\u00dfergew\u00f6hnlichen F\u00e4higkeiten gesehen werden. Dies steht im Kontrast zu westlichen Ansichten, die oft angeborene F\u00e4higkeiten betonen.  <\/p>\n\n<p><strong>Trotz dieser Unterschiede gibt es einen roten Faden, der alle kulturellen Ansichten \u00fcber Hochbegabung verbindet<\/strong>: die Bedeutung der Anpassung. Ob durch kognitive F\u00e4higkeiten, soziale Intelligenz oder praktisches Wissen, begabte Menschen zeichnen sich dadurch aus, dass sie sich in ihrer einzigartigen kulturellen Landschaft zurechtfinden. Sie spiegeln die Werte, Herausforderungen und Bestrebungen ihrer Gemeinschaften wider und erinnern uns daran, dass Intelligenz so vielf\u00e4ltig und reichhaltig ist wie die Kulturen, aus denen sie hervorgeht.  <\/p>\n\n<p>Durch die Erforschung dieser vielf\u00e4ltigen Perspektiven k\u00f6nnen wir besser verstehen, auf wie viele Arten Hochbegabung die menschliche Erfahrung weltweit bereichert.<\/p>\n","protected":false},"excerpt":{"rendered":"<p>Hochbegabung nimmt unterschiedliche Bedeutungen an, abh\u00e4ngig von der kulturellen Perspektive, durch die sie betrachtet wird. In manchen Gesellschaften steht Hochbegabung im Einklang mit akademischer Exzellenz, w\u00e4hrend sie in anderen mit sozialer Harmonie oder praktischer Probleml\u00f6sung verkn\u00fcpft ist. Was eine Kultur als Zeichen au\u00dfergew\u00f6hnlicher Intelligenz sch\u00e4tzt, k\u00f6nnte eine andere v\u00f6llig \u00fcbersehen. In westlichen L\u00e4ndern wird Hochbegabung [&hellip;]<\/p>\n","protected":false},"author":1,"featured_media":18480,"parent":16382,"menu_order":0,"comment_status":"closed","ping_status":"closed","template":"","meta":{"_acf_changed":false,"inline_featured_image":false,"footnotes":""},"group-interest":[],"class_list":["post-18529","page","type-page","status-publish","has-post-thumbnail","hentry"],"acf":[],"yoast_head":"<!-- This site is optimized with the Yoast SEO plugin v27.4 - https:\/\/yoast.com\/product\/yoast-seo-wordpress\/ -->\n<title>Das Verst\u00e4ndnis von Hochbegabung und Kultur - Gifted HUB<\/title>\n<meta name=\"robots\" content=\"index, follow, max-snippet:-1, max-image-preview:large, max-video-preview:-1\" \/>\n<link rel=\"canonical\" href=\"https:\/\/gifted-hub.com\/de\/fachleute\/das-verstaendnis-von-hochbegabung-und-kultur\/\" \/>\n<meta property=\"og:locale\" content=\"de_DE\" \/>\n<meta property=\"og:type\" content=\"article\" \/>\n<meta property=\"og:title\" content=\"Das Verst\u00e4ndnis von Hochbegabung und Kultur - Gifted HUB\" \/>\n<meta property=\"og:description\" content=\"Hochbegabung nimmt unterschiedliche Bedeutungen an, abh\u00e4ngig von der kulturellen Perspektive, durch die sie betrachtet wird. In manchen Gesellschaften steht Hochbegabung im Einklang mit akademischer Exzellenz, w\u00e4hrend sie in anderen mit sozialer Harmonie oder praktischer Probleml\u00f6sung verkn\u00fcpft ist. Was eine Kultur als Zeichen au\u00dfergew\u00f6hnlicher Intelligenz sch\u00e4tzt, k\u00f6nnte eine andere v\u00f6llig \u00fcbersehen. In westlichen L\u00e4ndern wird Hochbegabung [&hellip;]\" \/>\n<meta property=\"og:url\" content=\"https:\/\/gifted-hub.com\/de\/fachleute\/das-verstaendnis-von-hochbegabung-und-kultur\/\" \/>\n<meta property=\"og:site_name\" content=\"Gifted HUB\" \/>\n<meta property=\"article:modified_time\" content=\"2024-11-22T06:16:56+00:00\" \/>\n<meta property=\"og:image\" content=\"https:\/\/gifted-hub.com\/wp-content\/uploads\/2024\/11\/giftedness-and-culture.webp\" \/>\n\t<meta property=\"og:image:width\" content=\"1024\" \/>\n\t<meta property=\"og:image:height\" content=\"1024\" \/>\n\t<meta property=\"og:image:type\" content=\"image\/webp\" \/>\n<meta name=\"twitter:card\" content=\"summary_large_image\" \/>\n<meta name=\"twitter:label1\" content=\"Gesch\u00e4tzte Lesezeit\" \/>\n\t<meta name=\"twitter:data1\" content=\"2\u00a0Minuten\" \/>\n<script type=\"application\/ld+json\" class=\"yoast-schema-graph\">{\"@context\":\"https:\\\/\\\/schema.org\",\"@graph\":[{\"@type\":\"WebPage\",\"@id\":\"https:\\\/\\\/gifted-hub.com\\\/de\\\/fachleute\\\/das-verstaendnis-von-hochbegabung-und-kultur\\\/\",\"url\":\"https:\\\/\\\/gifted-hub.com\\\/de\\\/fachleute\\\/das-verstaendnis-von-hochbegabung-und-kultur\\\/\",\"name\":\"Das Verst\u00e4ndnis von Hochbegabung und Kultur - Gifted HUB\",\"isPartOf\":{\"@id\":\"https:\\\/\\\/gifted-hub.com\\\/de\\\/#website\"},\"primaryImageOfPage\":{\"@id\":\"https:\\\/\\\/gifted-hub.com\\\/de\\\/fachleute\\\/das-verstaendnis-von-hochbegabung-und-kultur\\\/#primaryimage\"},\"image\":{\"@id\":\"https:\\\/\\\/gifted-hub.com\\\/de\\\/fachleute\\\/das-verstaendnis-von-hochbegabung-und-kultur\\\/#primaryimage\"},\"thumbnailUrl\":\"https:\\\/\\\/gifted-hub.com\\\/wp-content\\\/uploads\\\/2024\\\/11\\\/giftedness-and-culture.webp\",\"datePublished\":\"2024-11-21T23:33:03+00:00\",\"dateModified\":\"2024-11-22T06:16:56+00:00\",\"breadcrumb\":{\"@id\":\"https:\\\/\\\/gifted-hub.com\\\/de\\\/fachleute\\\/das-verstaendnis-von-hochbegabung-und-kultur\\\/#breadcrumb\"},\"inLanguage\":\"de\",\"potentialAction\":[{\"@type\":\"ReadAction\",\"target\":[\"https:\\\/\\\/gifted-hub.com\\\/de\\\/fachleute\\\/das-verstaendnis-von-hochbegabung-und-kultur\\\/\"]}]},{\"@type\":\"ImageObject\",\"inLanguage\":\"de\",\"@id\":\"https:\\\/\\\/gifted-hub.com\\\/de\\\/fachleute\\\/das-verstaendnis-von-hochbegabung-und-kultur\\\/#primaryimage\",\"url\":\"https:\\\/\\\/gifted-hub.com\\\/wp-content\\\/uploads\\\/2024\\\/11\\\/giftedness-and-culture.webp\",\"contentUrl\":\"https:\\\/\\\/gifted-hub.com\\\/wp-content\\\/uploads\\\/2024\\\/11\\\/giftedness-and-culture.webp\",\"width\":1024,\"height\":1024},{\"@type\":\"BreadcrumbList\",\"@id\":\"https:\\\/\\\/gifted-hub.com\\\/de\\\/fachleute\\\/das-verstaendnis-von-hochbegabung-und-kultur\\\/#breadcrumb\",\"itemListElement\":[{\"@type\":\"ListItem\",\"position\":1,\"name\":\"Home\",\"item\":\"https:\\\/\\\/gifted-hub.com\\\/de\\\/startseite\\\/\"},{\"@type\":\"ListItem\",\"position\":2,\"name\":\"Fachleute\",\"item\":\"https:\\\/\\\/gifted-hub.com\\\/de\\\/fachleute\\\/\"},{\"@type\":\"ListItem\",\"position\":3,\"name\":\"Das Verst\u00e4ndnis von Hochbegabung und Kultur\"}]},{\"@type\":\"WebSite\",\"@id\":\"https:\\\/\\\/gifted-hub.com\\\/de\\\/#website\",\"url\":\"https:\\\/\\\/gifted-hub.com\\\/de\\\/\",\"name\":\"Gifted HUB\",\"description\":\"A space for high abilities\",\"publisher\":{\"@id\":\"https:\\\/\\\/gifted-hub.com\\\/de\\\/#organization\"},\"potentialAction\":[{\"@type\":\"SearchAction\",\"target\":{\"@type\":\"EntryPoint\",\"urlTemplate\":\"https:\\\/\\\/gifted-hub.com\\\/de\\\/?s={search_term_string}\"},\"query-input\":{\"@type\":\"PropertyValueSpecification\",\"valueRequired\":true,\"valueName\":\"search_term_string\"}}],\"inLanguage\":\"de\"},{\"@type\":\"Organization\",\"@id\":\"https:\\\/\\\/gifted-hub.com\\\/de\\\/#organization\",\"name\":\"Gifted HUB\",\"url\":\"https:\\\/\\\/gifted-hub.com\\\/de\\\/\",\"logo\":{\"@type\":\"ImageObject\",\"inLanguage\":\"de\",\"@id\":\"https:\\\/\\\/gifted-hub.com\\\/de\\\/#\\\/schema\\\/logo\\\/image\\\/\",\"url\":\"https:\\\/\\\/gifted-hub.com\\\/wp-content\\\/uploads\\\/2024\\\/07\\\/logo-1.svg\",\"contentUrl\":\"https:\\\/\\\/gifted-hub.com\\\/wp-content\\\/uploads\\\/2024\\\/07\\\/logo-1.svg\",\"caption\":\"Gifted HUB\"},\"image\":{\"@id\":\"https:\\\/\\\/gifted-hub.com\\\/de\\\/#\\\/schema\\\/logo\\\/image\\\/\"}}]}<\/script>\n<!-- \/ Yoast SEO plugin. -->","yoast_head_json":{"title":"Das Verst\u00e4ndnis von Hochbegabung und Kultur - Gifted HUB","robots":{"index":"index","follow":"follow","max-snippet":"max-snippet:-1","max-image-preview":"max-image-preview:large","max-video-preview":"max-video-preview:-1"},"canonical":"https:\/\/gifted-hub.com\/de\/fachleute\/das-verstaendnis-von-hochbegabung-und-kultur\/","og_locale":"de_DE","og_type":"article","og_title":"Das Verst\u00e4ndnis von Hochbegabung und Kultur - Gifted HUB","og_description":"Hochbegabung nimmt unterschiedliche Bedeutungen an, abh\u00e4ngig von der kulturellen Perspektive, durch die sie betrachtet wird. In manchen Gesellschaften steht Hochbegabung im Einklang mit akademischer Exzellenz, w\u00e4hrend sie in anderen mit sozialer Harmonie oder praktischer Probleml\u00f6sung verkn\u00fcpft ist. Was eine Kultur als Zeichen au\u00dfergew\u00f6hnlicher Intelligenz sch\u00e4tzt, k\u00f6nnte eine andere v\u00f6llig \u00fcbersehen. In westlichen L\u00e4ndern wird Hochbegabung [&hellip;]","og_url":"https:\/\/gifted-hub.com\/de\/fachleute\/das-verstaendnis-von-hochbegabung-und-kultur\/","og_site_name":"Gifted HUB","article_modified_time":"2024-11-22T06:16:56+00:00","og_image":[{"width":1024,"height":1024,"url":"https:\/\/gifted-hub.com\/wp-content\/uploads\/2024\/11\/giftedness-and-culture.webp","type":"image\/webp"}],"twitter_card":"summary_large_image","twitter_misc":{"Gesch\u00e4tzte Lesezeit":"2\u00a0Minuten"},"schema":{"@context":"https:\/\/schema.org","@graph":[{"@type":"WebPage","@id":"https:\/\/gifted-hub.com\/de\/fachleute\/das-verstaendnis-von-hochbegabung-und-kultur\/","url":"https:\/\/gifted-hub.com\/de\/fachleute\/das-verstaendnis-von-hochbegabung-und-kultur\/","name":"Das Verst\u00e4ndnis von Hochbegabung und Kultur - Gifted HUB","isPartOf":{"@id":"https:\/\/gifted-hub.com\/de\/#website"},"primaryImageOfPage":{"@id":"https:\/\/gifted-hub.com\/de\/fachleute\/das-verstaendnis-von-hochbegabung-und-kultur\/#primaryimage"},"image":{"@id":"https:\/\/gifted-hub.com\/de\/fachleute\/das-verstaendnis-von-hochbegabung-und-kultur\/#primaryimage"},"thumbnailUrl":"https:\/\/gifted-hub.com\/wp-content\/uploads\/2024\/11\/giftedness-and-culture.webp","datePublished":"2024-11-21T23:33:03+00:00","dateModified":"2024-11-22T06:16:56+00:00","breadcrumb":{"@id":"https:\/\/gifted-hub.com\/de\/fachleute\/das-verstaendnis-von-hochbegabung-und-kultur\/#breadcrumb"},"inLanguage":"de","potentialAction":[{"@type":"ReadAction","target":["https:\/\/gifted-hub.com\/de\/fachleute\/das-verstaendnis-von-hochbegabung-und-kultur\/"]}]},{"@type":"ImageObject","inLanguage":"de","@id":"https:\/\/gifted-hub.com\/de\/fachleute\/das-verstaendnis-von-hochbegabung-und-kultur\/#primaryimage","url":"https:\/\/gifted-hub.com\/wp-content\/uploads\/2024\/11\/giftedness-and-culture.webp","contentUrl":"https:\/\/gifted-hub.com\/wp-content\/uploads\/2024\/11\/giftedness-and-culture.webp","width":1024,"height":1024},{"@type":"BreadcrumbList","@id":"https:\/\/gifted-hub.com\/de\/fachleute\/das-verstaendnis-von-hochbegabung-und-kultur\/#breadcrumb","itemListElement":[{"@type":"ListItem","position":1,"name":"Home","item":"https:\/\/gifted-hub.com\/de\/startseite\/"},{"@type":"ListItem","position":2,"name":"Fachleute","item":"https:\/\/gifted-hub.com\/de\/fachleute\/"},{"@type":"ListItem","position":3,"name":"Das Verst\u00e4ndnis von Hochbegabung und Kultur"}]},{"@type":"WebSite","@id":"https:\/\/gifted-hub.com\/de\/#website","url":"https:\/\/gifted-hub.com\/de\/","name":"Gifted HUB","description":"A space for high abilities","publisher":{"@id":"https:\/\/gifted-hub.com\/de\/#organization"},"potentialAction":[{"@type":"SearchAction","target":{"@type":"EntryPoint","urlTemplate":"https:\/\/gifted-hub.com\/de\/?s={search_term_string}"},"query-input":{"@type":"PropertyValueSpecification","valueRequired":true,"valueName":"search_term_string"}}],"inLanguage":"de"},{"@type":"Organization","@id":"https:\/\/gifted-hub.com\/de\/#organization","name":"Gifted HUB","url":"https:\/\/gifted-hub.com\/de\/","logo":{"@type":"ImageObject","inLanguage":"de","@id":"https:\/\/gifted-hub.com\/de\/#\/schema\/logo\/image\/","url":"https:\/\/gifted-hub.com\/wp-content\/uploads\/2024\/07\/logo-1.svg","contentUrl":"https:\/\/gifted-hub.com\/wp-content\/uploads\/2024\/07\/logo-1.svg","caption":"Gifted HUB"},"image":{"@id":"https:\/\/gifted-hub.com\/de\/#\/schema\/logo\/image\/"}}]}},"_links":{"self":[{"href":"https:\/\/gifted-hub.com\/de\/wp-json\/wp\/v2\/pages\/18529","targetHints":{"allow":["GET"]}}],"collection":[{"href":"https:\/\/gifted-hub.com\/de\/wp-json\/wp\/v2\/pages"}],"about":[{"href":"https:\/\/gifted-hub.com\/de\/wp-json\/wp\/v2\/types\/page"}],"author":[{"embeddable":true,"href":"https:\/\/gifted-hub.com\/de\/wp-json\/wp\/v2\/users\/1"}],"replies":[{"embeddable":true,"href":"https:\/\/gifted-hub.com\/de\/wp-json\/wp\/v2\/comments?post=18529"}],"version-history":[{"count":1,"href":"https:\/\/gifted-hub.com\/de\/wp-json\/wp\/v2\/pages\/18529\/revisions"}],"predecessor-version":[{"id":18530,"href":"https:\/\/gifted-hub.com\/de\/wp-json\/wp\/v2\/pages\/18529\/revisions\/18530"}],"up":[{"embeddable":true,"href":"https:\/\/gifted-hub.com\/de\/wp-json\/wp\/v2\/pages\/16382"}],"wp:featuredmedia":[{"embeddable":true,"href":"https:\/\/gifted-hub.com\/de\/wp-json\/wp\/v2\/media\/18480"}],"wp:attachment":[{"href":"https:\/\/gifted-hub.com\/de\/wp-json\/wp\/v2\/media?parent=18529"}],"wp:term":[{"taxonomy":"group-interest","embeddable":true,"href":"https:\/\/gifted-hub.com\/de\/wp-json\/wp\/v2\/group-interest?post=18529"}],"curies":[{"name":"wp","href":"https:\/\/api.w.org\/{rel}","templated":true}]}}