{"id":16670,"date":"2024-10-23T21:20:41","date_gmt":"2024-10-23T21:20:41","guid":{"rendered":"https:\/\/gifted-hub.com\/ueber-uns\/"},"modified":"2025-04-21T21:01:16","modified_gmt":"2025-04-21T21:01:16","slug":"ueber-uns","status":"publish","type":"page","link":"https:\/\/gifted-hub.com\/de\/ueber-uns\/","title":{"rendered":"\u00dcber uns"},"content":{"rendered":"\n<p>Wir sind eine Gruppe von Menschen, die von der Welt der Begabung und hohen F\u00e4higkeiten fasziniert sind. Unsere Reise begann mit einem gemeinsamen Interesse daran, die einzigartigen Erfahrungen begabter Menschen zu verstehen. Wir wissen, dass Begabung mit eigenen Herausforderungen und Freuden einhergeht, und wir m\u00f6chten einen Raum schaffen, der <strong>Ressourcen und Informationen zusammenbringt<\/strong> f\u00fcr diejenigen, die es Tag f\u00fcr Tag erleben \u2013 ob Sie selbst begabt sind, ein Familienmitglied, ein Lehrer oder ein Fachmann.  <\/p>\n\n<p>Wir haben uns dem Lernen verschrieben. Deshalb konzentrieren wir uns darauf, Wissen zu sammeln, das f\u00fcr die Gemeinschaft hilfreich sein kann, und stellen Artikel, Leitf\u00e4den und Tools bereit, die auf die unterschiedlichen Bed\u00fcrfnisse von Menschen mit hohen F\u00e4higkeiten eingehen. Unser Ziel ist es, eine unterst\u00fctzende Umgebung zu schaffen, in der Sie n\u00fctzliche Erkenntnisse finden, mehr \u00fcber Hochbegabung erfahren und sich mit anderen austauschen k\u00f6nnen, die \u00e4hnliche Erfahrungen gemacht haben. <\/p>\n\n<p>Wenn Sie nach professioneller Beratung suchen, empfehlen wir Ihnen, unser <a href=\"\/expert\">Verzeichnis<\/a> zu durchsuchen, wo Sie Experten finden k\u00f6nnen, die sich auf Begabung und hohe F\u00e4higkeiten spezialisiert haben. Wir sind hier, um die Reise ein wenig weniger einsam und viel informierter zu machen, aber wir erkennen den Wert von Spezialisten und hoffen, Ihnen zu helfen, den richtigen zu finden, wenn Sie ihn brauchen. <\/p>\n\n<p>Wenn Sie <a href=\"https:\/\/gifted-hub.com\/de\/kontaktieren-sie-uns\/\" data-type=\"page\" data-id=\"15728\">uns kontaktieren<\/a>, Ihre Gedanken teilen oder Fragen stellen m\u00f6chten, z\u00f6gern Sie bitte nicht, uns zu kontaktieren. Wir w\u00fcrden uns freuen, von Ihnen zu h\u00f6ren und diese Gemeinschaft gemeinsam weiter aufzubauen. <\/p>\n","protected":false},"excerpt":{"rendered":"<p>Wir sind eine Gruppe von Menschen, die von der Welt der Begabung und hohen F\u00e4higkeiten fasziniert sind. Unsere Reise begann mit einem gemeinsamen Interesse daran, die einzigartigen Erfahrungen begabter Menschen zu verstehen. Wir wissen, dass Begabung mit eigenen Herausforderungen und Freuden einhergeht, und wir m\u00f6chten einen Raum schaffen, der Ressourcen und Informationen zusammenbringt f\u00fcr diejenigen, [&hellip;]<\/p>\n","protected":false},"author":1,"featured_media":16123,"parent":0,"menu_order":0,"comment_status":"closed","ping_status":"closed","template":"","meta":{"_acf_changed":false,"inline_featured_image":false,"footnotes":""},"group-interest":[],"class_list":["post-16670","page","type-page","status-publish","has-post-thumbnail","hentry"],"acf":[],"yoast_head":"<!-- This site is optimized with the Yoast SEO plugin v27.4 - https:\/\/yoast.com\/product\/yoast-seo-wordpress\/ -->\n<title>\u00dcber uns - Gifted HUB<\/title>\n<meta name=\"robots\" content=\"index, follow, max-snippet:-1, max-image-preview:large, max-video-preview:-1\" \/>\n<link rel=\"canonical\" href=\"https:\/\/gifted-hub.com\/de\/ueber-uns\/\" \/>\n<meta property=\"og:locale\" content=\"de_DE\" \/>\n<meta property=\"og:type\" content=\"article\" \/>\n<meta property=\"og:title\" content=\"\u00dcber uns - Gifted HUB\" \/>\n<meta property=\"og:description\" content=\"Wir sind eine Gruppe von Menschen, die von der Welt der Begabung und hohen F\u00e4higkeiten fasziniert sind. Unsere Reise begann mit einem gemeinsamen Interesse daran, die einzigartigen Erfahrungen begabter Menschen zu verstehen. Wir wissen, dass Begabung mit eigenen Herausforderungen und Freuden einhergeht, und wir m\u00f6chten einen Raum schaffen, der Ressourcen und Informationen zusammenbringt f\u00fcr diejenigen, [&hellip;]\" \/>\n<meta property=\"og:url\" content=\"https:\/\/gifted-hub.com\/de\/ueber-uns\/\" \/>\n<meta property=\"og:site_name\" content=\"Gifted HUB\" \/>\n<meta property=\"article:modified_time\" content=\"2025-04-21T21:01:16+00:00\" \/>\n<meta property=\"og:image\" content=\"https:\/\/gifted-hub.com\/wp-content\/uploads\/2024\/10\/1771916.jpg\" \/>\n\t<meta property=\"og:image:width\" content=\"1280\" \/>\n\t<meta property=\"og:image:height\" content=\"914\" \/>\n\t<meta property=\"og:image:type\" content=\"image\/jpeg\" \/>\n<meta name=\"twitter:card\" content=\"summary_large_image\" \/>\n<meta name=\"twitter:label1\" content=\"Gesch\u00e4tzte Lesezeit\" \/>\n\t<meta name=\"twitter:data1\" content=\"1\u00a0Minute\" \/>\n<script type=\"application\/ld+json\" class=\"yoast-schema-graph\">{\"@context\":\"https:\\\/\\\/schema.org\",\"@graph\":[{\"@type\":\"WebPage\",\"@id\":\"https:\\\/\\\/gifted-hub.com\\\/de\\\/ueber-uns\\\/\",\"url\":\"https:\\\/\\\/gifted-hub.com\\\/de\\\/ueber-uns\\\/\",\"name\":\"\u00dcber uns - Gifted HUB\",\"isPartOf\":{\"@id\":\"https:\\\/\\\/gifted-hub.com\\\/de\\\/#website\"},\"primaryImageOfPage\":{\"@id\":\"https:\\\/\\\/gifted-hub.com\\\/de\\\/ueber-uns\\\/#primaryimage\"},\"image\":{\"@id\":\"https:\\\/\\\/gifted-hub.com\\\/de\\\/ueber-uns\\\/#primaryimage\"},\"thumbnailUrl\":\"https:\\\/\\\/gifted-hub.com\\\/wp-content\\\/uploads\\\/2024\\\/10\\\/1771916.jpg\",\"datePublished\":\"2024-10-23T21:20:41+00:00\",\"dateModified\":\"2025-04-21T21:01:16+00:00\",\"breadcrumb\":{\"@id\":\"https:\\\/\\\/gifted-hub.com\\\/de\\\/ueber-uns\\\/#breadcrumb\"},\"inLanguage\":\"de\",\"potentialAction\":[{\"@type\":\"ReadAction\",\"target\":[\"https:\\\/\\\/gifted-hub.com\\\/de\\\/ueber-uns\\\/\"]}]},{\"@type\":\"ImageObject\",\"inLanguage\":\"de\",\"@id\":\"https:\\\/\\\/gifted-hub.com\\\/de\\\/ueber-uns\\\/#primaryimage\",\"url\":\"https:\\\/\\\/gifted-hub.com\\\/wp-content\\\/uploads\\\/2024\\\/10\\\/1771916.jpg\",\"contentUrl\":\"https:\\\/\\\/gifted-hub.com\\\/wp-content\\\/uploads\\\/2024\\\/10\\\/1771916.jpg\",\"width\":1280,\"height\":914},{\"@type\":\"BreadcrumbList\",\"@id\":\"https:\\\/\\\/gifted-hub.com\\\/de\\\/ueber-uns\\\/#breadcrumb\",\"itemListElement\":[{\"@type\":\"ListItem\",\"position\":1,\"name\":\"Home\",\"item\":\"https:\\\/\\\/gifted-hub.com\\\/de\\\/startseite\\\/\"},{\"@type\":\"ListItem\",\"position\":2,\"name\":\"\u00dcber uns\"}]},{\"@type\":\"WebSite\",\"@id\":\"https:\\\/\\\/gifted-hub.com\\\/de\\\/#website\",\"url\":\"https:\\\/\\\/gifted-hub.com\\\/de\\\/\",\"name\":\"Gifted HUB\",\"description\":\"A space for high abilities\",\"publisher\":{\"@id\":\"https:\\\/\\\/gifted-hub.com\\\/de\\\/#organization\"},\"potentialAction\":[{\"@type\":\"SearchAction\",\"target\":{\"@type\":\"EntryPoint\",\"urlTemplate\":\"https:\\\/\\\/gifted-hub.com\\\/de\\\/?s={search_term_string}\"},\"query-input\":{\"@type\":\"PropertyValueSpecification\",\"valueRequired\":true,\"valueName\":\"search_term_string\"}}],\"inLanguage\":\"de\"},{\"@type\":\"Organization\",\"@id\":\"https:\\\/\\\/gifted-hub.com\\\/de\\\/#organization\",\"name\":\"Gifted HUB\",\"url\":\"https:\\\/\\\/gifted-hub.com\\\/de\\\/\",\"logo\":{\"@type\":\"ImageObject\",\"inLanguage\":\"de\",\"@id\":\"https:\\\/\\\/gifted-hub.com\\\/de\\\/#\\\/schema\\\/logo\\\/image\\\/\",\"url\":\"https:\\\/\\\/gifted-hub.com\\\/wp-content\\\/uploads\\\/2024\\\/07\\\/logo-1.svg\",\"contentUrl\":\"https:\\\/\\\/gifted-hub.com\\\/wp-content\\\/uploads\\\/2024\\\/07\\\/logo-1.svg\",\"caption\":\"Gifted HUB\"},\"image\":{\"@id\":\"https:\\\/\\\/gifted-hub.com\\\/de\\\/#\\\/schema\\\/logo\\\/image\\\/\"}}]}<\/script>\n<!-- \/ Yoast SEO plugin. -->","yoast_head_json":{"title":"\u00dcber uns - Gifted HUB","robots":{"index":"index","follow":"follow","max-snippet":"max-snippet:-1","max-image-preview":"max-image-preview:large","max-video-preview":"max-video-preview:-1"},"canonical":"https:\/\/gifted-hub.com\/de\/ueber-uns\/","og_locale":"de_DE","og_type":"article","og_title":"\u00dcber uns - Gifted HUB","og_description":"Wir sind eine Gruppe von Menschen, die von der Welt der Begabung und hohen F\u00e4higkeiten fasziniert sind. Unsere Reise begann mit einem gemeinsamen Interesse daran, die einzigartigen Erfahrungen begabter Menschen zu verstehen. Wir wissen, dass Begabung mit eigenen Herausforderungen und Freuden einhergeht, und wir m\u00f6chten einen Raum schaffen, der Ressourcen und Informationen zusammenbringt f\u00fcr diejenigen, [&hellip;]","og_url":"https:\/\/gifted-hub.com\/de\/ueber-uns\/","og_site_name":"Gifted HUB","article_modified_time":"2025-04-21T21:01:16+00:00","og_image":[{"width":1280,"height":914,"url":"https:\/\/gifted-hub.com\/wp-content\/uploads\/2024\/10\/1771916.jpg","type":"image\/jpeg"}],"twitter_card":"summary_large_image","twitter_misc":{"Gesch\u00e4tzte Lesezeit":"1\u00a0Minute"},"schema":{"@context":"https:\/\/schema.org","@graph":[{"@type":"WebPage","@id":"https:\/\/gifted-hub.com\/de\/ueber-uns\/","url":"https:\/\/gifted-hub.com\/de\/ueber-uns\/","name":"\u00dcber uns - Gifted HUB","isPartOf":{"@id":"https:\/\/gifted-hub.com\/de\/#website"},"primaryImageOfPage":{"@id":"https:\/\/gifted-hub.com\/de\/ueber-uns\/#primaryimage"},"image":{"@id":"https:\/\/gifted-hub.com\/de\/ueber-uns\/#primaryimage"},"thumbnailUrl":"https:\/\/gifted-hub.com\/wp-content\/uploads\/2024\/10\/1771916.jpg","datePublished":"2024-10-23T21:20:41+00:00","dateModified":"2025-04-21T21:01:16+00:00","breadcrumb":{"@id":"https:\/\/gifted-hub.com\/de\/ueber-uns\/#breadcrumb"},"inLanguage":"de","potentialAction":[{"@type":"ReadAction","target":["https:\/\/gifted-hub.com\/de\/ueber-uns\/"]}]},{"@type":"ImageObject","inLanguage":"de","@id":"https:\/\/gifted-hub.com\/de\/ueber-uns\/#primaryimage","url":"https:\/\/gifted-hub.com\/wp-content\/uploads\/2024\/10\/1771916.jpg","contentUrl":"https:\/\/gifted-hub.com\/wp-content\/uploads\/2024\/10\/1771916.jpg","width":1280,"height":914},{"@type":"BreadcrumbList","@id":"https:\/\/gifted-hub.com\/de\/ueber-uns\/#breadcrumb","itemListElement":[{"@type":"ListItem","position":1,"name":"Home","item":"https:\/\/gifted-hub.com\/de\/startseite\/"},{"@type":"ListItem","position":2,"name":"\u00dcber uns"}]},{"@type":"WebSite","@id":"https:\/\/gifted-hub.com\/de\/#website","url":"https:\/\/gifted-hub.com\/de\/","name":"Gifted HUB","description":"A space for high abilities","publisher":{"@id":"https:\/\/gifted-hub.com\/de\/#organization"},"potentialAction":[{"@type":"SearchAction","target":{"@type":"EntryPoint","urlTemplate":"https:\/\/gifted-hub.com\/de\/?s={search_term_string}"},"query-input":{"@type":"PropertyValueSpecification","valueRequired":true,"valueName":"search_term_string"}}],"inLanguage":"de"},{"@type":"Organization","@id":"https:\/\/gifted-hub.com\/de\/#organization","name":"Gifted HUB","url":"https:\/\/gifted-hub.com\/de\/","logo":{"@type":"ImageObject","inLanguage":"de","@id":"https:\/\/gifted-hub.com\/de\/#\/schema\/logo\/image\/","url":"https:\/\/gifted-hub.com\/wp-content\/uploads\/2024\/07\/logo-1.svg","contentUrl":"https:\/\/gifted-hub.com\/wp-content\/uploads\/2024\/07\/logo-1.svg","caption":"Gifted HUB"},"image":{"@id":"https:\/\/gifted-hub.com\/de\/#\/schema\/logo\/image\/"}}]}},"_links":{"self":[{"href":"https:\/\/gifted-hub.com\/de\/wp-json\/wp\/v2\/pages\/16670","targetHints":{"allow":["GET"]}}],"collection":[{"href":"https:\/\/gifted-hub.com\/de\/wp-json\/wp\/v2\/pages"}],"about":[{"href":"https:\/\/gifted-hub.com\/de\/wp-json\/wp\/v2\/types\/page"}],"author":[{"embeddable":true,"href":"https:\/\/gifted-hub.com\/de\/wp-json\/wp\/v2\/users\/1"}],"replies":[{"embeddable":true,"href":"https:\/\/gifted-hub.com\/de\/wp-json\/wp\/v2\/comments?post=16670"}],"version-history":[{"count":2,"href":"https:\/\/gifted-hub.com\/de\/wp-json\/wp\/v2\/pages\/16670\/revisions"}],"predecessor-version":[{"id":19363,"href":"https:\/\/gifted-hub.com\/de\/wp-json\/wp\/v2\/pages\/16670\/revisions\/19363"}],"wp:featuredmedia":[{"embeddable":true,"href":"https:\/\/gifted-hub.com\/de\/wp-json\/wp\/v2\/media\/16123"}],"wp:attachment":[{"href":"https:\/\/gifted-hub.com\/de\/wp-json\/wp\/v2\/media?parent=16670"}],"wp:term":[{"taxonomy":"group-interest","embeddable":true,"href":"https:\/\/gifted-hub.com\/de\/wp-json\/wp\/v2\/group-interest?post=16670"}],"curies":[{"name":"wp","href":"https:\/\/api.w.org\/{rel}","templated":true}]}}