{"id":16405,"date":"2024-10-19T11:50:20","date_gmt":"2024-10-19T11:50:20","guid":{"rendered":"https:\/\/gifted-hub.com\/lehrer\/"},"modified":"2024-10-28T09:17:14","modified_gmt":"2024-10-28T09:17:14","slug":"lehrer","status":"publish","type":"page","link":"https:\/\/gifted-hub.com\/de\/lehrer\/","title":{"rendered":"Lehrer"},"content":{"rendered":"\n<p>Wenn Sie als Lehrer nach Wegen suchen, <a href=\"https:\/\/gifted-hub.com\/pt-pt\/o-que-sao-altas-habilidades\/compreender-a-sobredotacao-como-uma-construcao-social\/\" data-type=\"page\" data-id=\"15070\">begabte Sch\u00fcler<\/a> zu unterst\u00fctzen, ist es wichtig, zun\u00e4chst die einzigartigen Dynamiken zu verstehen, die diese Kinder im Klassenzimmer erleben. Begabte Sch\u00fcler finden sich oft in Umgebungen wieder, in denen ihre fortgeschrittenen F\u00e4higkeiten entweder gef\u00f6rdert oder missverstanden werden. Die Schule kann f\u00fcr sie eine Quelle gro\u00dfer Freude sein, wenn die gestellten Herausforderungen ihrer intellektuellen Neugier entsprechen. Doch f\u00fcr viele begabte Kinder ist es auch ein Ort, an dem sie <a href=\"https:\/\/gifted-hub.com\/pt-pt\/individuos\/enfrentando-desafios-nos-relacionamentos\/\" data-type=\"page\" data-id=\"15142\">soziale Schwierigkeiten<\/a>, Langeweile oder Frustration aufgrund mangelnder angemessener akademischer Anregung erleben.   <\/p>\n\n<p>Diese Sch\u00fcler k\u00f6nnen die Schule bereits mit fortgeschrittenen F\u00e4higkeiten betreten \u2013 sie k\u00f6nnen lesen, Zahlen verstehen oder komplexe Ideen erfassen, lange bevor ihre Altersgenossen dies tun. Wenn das Tempo im Klassenzimmer zu langsam ist oder ihre Talente nicht anerkannt werden, kann dies zu Gef\u00fchlen der Isolation f\u00fchren. Stellen Sie sich vor, Sie m\u00fcssten Lektionen wiederholen, die Sie bereits gemeistert haben, oder schlimmer noch, Sie w\u00fcrden beschuldigt, \u201eangeben\u201c zu wollen, wenn Sie Ihr Wissen eifrig teilen. F\u00fcr ein Kind, dessen Geist st\u00e4ndig nach neuen Ideen sucht, kann es sich wie eine Falle anf\u00fchlen, zur\u00fcckgehalten zu werden.   <\/p>\n\n<p>Als Lehrer ist es ebenso wichtig, <strong>die emotionalen Bed\u00fcrfnisse<\/strong> begabter Sch\u00fcler zu erkennen, wie ihre akademischen Anforderungen zu erf\u00fcllen. Es ist leicht anzunehmen, dass sie keine zus\u00e4tzliche Aufmerksamkeit ben\u00f6tigen, weil sie gut abschneiden. Aber wie jeder andere Sch\u00fcler m\u00fcssen sich auch begabte Kinder verstanden und herausgefordert f\u00fchlen. Ohne dieses Gleichgewicht kann ihre Begeisterung f\u00fcr das Lernen schnell verblassen, was zu Langeweile, Verhaltensproblemen oder sogar Angst f\u00fchren kann.   <\/p>\n\n<p>Lehrer k\u00f6nnten manchmal Schwierigkeiten haben, sich an die unterschiedlichen Bed\u00fcrfnisse innerhalb eines Klassenzimmers anzupassen. Dies ist verst\u00e4ndlich, angesichts der Anzahl der Sch\u00fcler und der Bandbreite der F\u00e4higkeiten, die ber\u00fccksichtigt werden m\u00fcssen. Bei begabten Sch\u00fclern k\u00f6nnen jedoch schon <strong>kleine Ver\u00e4nderungen eine gro\u00dfe Wirkung<\/strong> haben. Ihnen die M\u00f6glichkeit zu bieten, ihre Interessengebiete tiefer zu erforschen, ihnen Raum f\u00fcr unabh\u00e4ngiges Arbeiten zu geben und ihnen die Verbindung zu Gleichaltrigen mit \u00e4hnlichen F\u00e4higkeiten zu erm\u00f6glichen, kann ihre Schulerfahrung transformieren.   <\/p>\n\n<p>F\u00fcr viele begabte Kinder ist die Schule der erste Ort, an dem sie die Realit\u00e4t erkennen, dass nicht jeder um sie herum auf die gleiche Weise denkt oder lernt. Diese Erkenntnis kann sowohl erhellend als auch entmutigend sein. Deshalb ist es wichtig, dass Lehrer Umgebungen schaffen, in denen sich begabte Sch\u00fcler sowohl herausgefordert als auch unterst\u00fctzt f\u00fchlen, damit sie ihre Freude am Lernen und ihr Vertrauen in ihre F\u00e4higkeiten nicht verlieren.  <\/p>\n","protected":false},"excerpt":{"rendered":"<p>Wenn Sie als Lehrer nach Wegen suchen, begabte Sch\u00fcler zu unterst\u00fctzen, ist es wichtig, zun\u00e4chst die einzigartigen Dynamiken zu verstehen, die diese Kinder im Klassenzimmer erleben. Begabte Sch\u00fcler finden sich oft in Umgebungen wieder, in denen ihre fortgeschrittenen F\u00e4higkeiten entweder gef\u00f6rdert oder missverstanden werden. Die Schule kann f\u00fcr sie eine Quelle gro\u00dfer Freude sein, wenn [&hellip;]<\/p>\n","protected":false},"author":1,"featured_media":0,"parent":0,"menu_order":0,"comment_status":"closed","ping_status":"closed","template":"","meta":{"_acf_changed":false,"inline_featured_image":false,"footnotes":""},"group-interest":[206],"class_list":["post-16405","page","type-page","status-publish","hentry","group-interest-lehrer"],"acf":[],"yoast_head":"<!-- This site is optimized with the Yoast SEO plugin v27.4 - https:\/\/yoast.com\/product\/yoast-seo-wordpress\/ -->\n<title>Lehrer - Gifted HUB<\/title>\n<meta name=\"robots\" content=\"index, follow, max-snippet:-1, max-image-preview:large, max-video-preview:-1\" \/>\n<link rel=\"canonical\" href=\"https:\/\/gifted-hub.com\/de\/lehrer\/\" \/>\n<meta property=\"og:locale\" content=\"de_DE\" \/>\n<meta property=\"og:type\" content=\"article\" \/>\n<meta property=\"og:title\" content=\"Lehrer - Gifted HUB\" \/>\n<meta property=\"og:description\" content=\"Wenn Sie als Lehrer nach Wegen suchen, begabte Sch\u00fcler zu unterst\u00fctzen, ist es wichtig, zun\u00e4chst die einzigartigen Dynamiken zu verstehen, die diese Kinder im Klassenzimmer erleben. Begabte Sch\u00fcler finden sich oft in Umgebungen wieder, in denen ihre fortgeschrittenen F\u00e4higkeiten entweder gef\u00f6rdert oder missverstanden werden. Die Schule kann f\u00fcr sie eine Quelle gro\u00dfer Freude sein, wenn [&hellip;]\" \/>\n<meta property=\"og:url\" content=\"https:\/\/gifted-hub.com\/de\/lehrer\/\" \/>\n<meta property=\"og:site_name\" content=\"Gifted HUB\" \/>\n<meta property=\"article:modified_time\" content=\"2024-10-28T09:17:14+00:00\" \/>\n<meta name=\"twitter:card\" content=\"summary_large_image\" \/>\n<meta name=\"twitter:label1\" content=\"Gesch\u00e4tzte Lesezeit\" \/>\n\t<meta name=\"twitter:data1\" content=\"2\u00a0Minuten\" \/>\n<script type=\"application\/ld+json\" class=\"yoast-schema-graph\">{\"@context\":\"https:\\\/\\\/schema.org\",\"@graph\":[{\"@type\":\"WebPage\",\"@id\":\"https:\\\/\\\/gifted-hub.com\\\/de\\\/lehrer\\\/\",\"url\":\"https:\\\/\\\/gifted-hub.com\\\/de\\\/lehrer\\\/\",\"name\":\"Lehrer - Gifted HUB\",\"isPartOf\":{\"@id\":\"https:\\\/\\\/gifted-hub.com\\\/de\\\/#website\"},\"datePublished\":\"2024-10-19T11:50:20+00:00\",\"dateModified\":\"2024-10-28T09:17:14+00:00\",\"breadcrumb\":{\"@id\":\"https:\\\/\\\/gifted-hub.com\\\/de\\\/lehrer\\\/#breadcrumb\"},\"inLanguage\":\"de\",\"potentialAction\":[{\"@type\":\"ReadAction\",\"target\":[\"https:\\\/\\\/gifted-hub.com\\\/de\\\/lehrer\\\/\"]}]},{\"@type\":\"BreadcrumbList\",\"@id\":\"https:\\\/\\\/gifted-hub.com\\\/de\\\/lehrer\\\/#breadcrumb\",\"itemListElement\":[{\"@type\":\"ListItem\",\"position\":1,\"name\":\"Home\",\"item\":\"https:\\\/\\\/gifted-hub.com\\\/de\\\/startseite\\\/\"},{\"@type\":\"ListItem\",\"position\":2,\"name\":\"Lehrer\"}]},{\"@type\":\"WebSite\",\"@id\":\"https:\\\/\\\/gifted-hub.com\\\/de\\\/#website\",\"url\":\"https:\\\/\\\/gifted-hub.com\\\/de\\\/\",\"name\":\"Gifted HUB\",\"description\":\"A space for high abilities\",\"publisher\":{\"@id\":\"https:\\\/\\\/gifted-hub.com\\\/de\\\/#organization\"},\"potentialAction\":[{\"@type\":\"SearchAction\",\"target\":{\"@type\":\"EntryPoint\",\"urlTemplate\":\"https:\\\/\\\/gifted-hub.com\\\/de\\\/?s={search_term_string}\"},\"query-input\":{\"@type\":\"PropertyValueSpecification\",\"valueRequired\":true,\"valueName\":\"search_term_string\"}}],\"inLanguage\":\"de\"},{\"@type\":\"Organization\",\"@id\":\"https:\\\/\\\/gifted-hub.com\\\/de\\\/#organization\",\"name\":\"Gifted HUB\",\"url\":\"https:\\\/\\\/gifted-hub.com\\\/de\\\/\",\"logo\":{\"@type\":\"ImageObject\",\"inLanguage\":\"de\",\"@id\":\"https:\\\/\\\/gifted-hub.com\\\/de\\\/#\\\/schema\\\/logo\\\/image\\\/\",\"url\":\"https:\\\/\\\/gifted-hub.com\\\/wp-content\\\/uploads\\\/2024\\\/07\\\/logo-1.svg\",\"contentUrl\":\"https:\\\/\\\/gifted-hub.com\\\/wp-content\\\/uploads\\\/2024\\\/07\\\/logo-1.svg\",\"caption\":\"Gifted HUB\"},\"image\":{\"@id\":\"https:\\\/\\\/gifted-hub.com\\\/de\\\/#\\\/schema\\\/logo\\\/image\\\/\"}}]}<\/script>\n<!-- \/ Yoast SEO plugin. -->","yoast_head_json":{"title":"Lehrer - Gifted HUB","robots":{"index":"index","follow":"follow","max-snippet":"max-snippet:-1","max-image-preview":"max-image-preview:large","max-video-preview":"max-video-preview:-1"},"canonical":"https:\/\/gifted-hub.com\/de\/lehrer\/","og_locale":"de_DE","og_type":"article","og_title":"Lehrer - Gifted HUB","og_description":"Wenn Sie als Lehrer nach Wegen suchen, begabte Sch\u00fcler zu unterst\u00fctzen, ist es wichtig, zun\u00e4chst die einzigartigen Dynamiken zu verstehen, die diese Kinder im Klassenzimmer erleben. Begabte Sch\u00fcler finden sich oft in Umgebungen wieder, in denen ihre fortgeschrittenen F\u00e4higkeiten entweder gef\u00f6rdert oder missverstanden werden. Die Schule kann f\u00fcr sie eine Quelle gro\u00dfer Freude sein, wenn [&hellip;]","og_url":"https:\/\/gifted-hub.com\/de\/lehrer\/","og_site_name":"Gifted HUB","article_modified_time":"2024-10-28T09:17:14+00:00","twitter_card":"summary_large_image","twitter_misc":{"Gesch\u00e4tzte Lesezeit":"2\u00a0Minuten"},"schema":{"@context":"https:\/\/schema.org","@graph":[{"@type":"WebPage","@id":"https:\/\/gifted-hub.com\/de\/lehrer\/","url":"https:\/\/gifted-hub.com\/de\/lehrer\/","name":"Lehrer - Gifted HUB","isPartOf":{"@id":"https:\/\/gifted-hub.com\/de\/#website"},"datePublished":"2024-10-19T11:50:20+00:00","dateModified":"2024-10-28T09:17:14+00:00","breadcrumb":{"@id":"https:\/\/gifted-hub.com\/de\/lehrer\/#breadcrumb"},"inLanguage":"de","potentialAction":[{"@type":"ReadAction","target":["https:\/\/gifted-hub.com\/de\/lehrer\/"]}]},{"@type":"BreadcrumbList","@id":"https:\/\/gifted-hub.com\/de\/lehrer\/#breadcrumb","itemListElement":[{"@type":"ListItem","position":1,"name":"Home","item":"https:\/\/gifted-hub.com\/de\/startseite\/"},{"@type":"ListItem","position":2,"name":"Lehrer"}]},{"@type":"WebSite","@id":"https:\/\/gifted-hub.com\/de\/#website","url":"https:\/\/gifted-hub.com\/de\/","name":"Gifted HUB","description":"A space for high abilities","publisher":{"@id":"https:\/\/gifted-hub.com\/de\/#organization"},"potentialAction":[{"@type":"SearchAction","target":{"@type":"EntryPoint","urlTemplate":"https:\/\/gifted-hub.com\/de\/?s={search_term_string}"},"query-input":{"@type":"PropertyValueSpecification","valueRequired":true,"valueName":"search_term_string"}}],"inLanguage":"de"},{"@type":"Organization","@id":"https:\/\/gifted-hub.com\/de\/#organization","name":"Gifted HUB","url":"https:\/\/gifted-hub.com\/de\/","logo":{"@type":"ImageObject","inLanguage":"de","@id":"https:\/\/gifted-hub.com\/de\/#\/schema\/logo\/image\/","url":"https:\/\/gifted-hub.com\/wp-content\/uploads\/2024\/07\/logo-1.svg","contentUrl":"https:\/\/gifted-hub.com\/wp-content\/uploads\/2024\/07\/logo-1.svg","caption":"Gifted HUB"},"image":{"@id":"https:\/\/gifted-hub.com\/de\/#\/schema\/logo\/image\/"}}]}},"_links":{"self":[{"href":"https:\/\/gifted-hub.com\/de\/wp-json\/wp\/v2\/pages\/16405","targetHints":{"allow":["GET"]}}],"collection":[{"href":"https:\/\/gifted-hub.com\/de\/wp-json\/wp\/v2\/pages"}],"about":[{"href":"https:\/\/gifted-hub.com\/de\/wp-json\/wp\/v2\/types\/page"}],"author":[{"embeddable":true,"href":"https:\/\/gifted-hub.com\/de\/wp-json\/wp\/v2\/users\/1"}],"replies":[{"embeddable":true,"href":"https:\/\/gifted-hub.com\/de\/wp-json\/wp\/v2\/comments?post=16405"}],"version-history":[{"count":1,"href":"https:\/\/gifted-hub.com\/de\/wp-json\/wp\/v2\/pages\/16405\/revisions"}],"predecessor-version":[{"id":16407,"href":"https:\/\/gifted-hub.com\/de\/wp-json\/wp\/v2\/pages\/16405\/revisions\/16407"}],"wp:attachment":[{"href":"https:\/\/gifted-hub.com\/de\/wp-json\/wp\/v2\/media?parent=16405"}],"wp:term":[{"taxonomy":"group-interest","embeddable":true,"href":"https:\/\/gifted-hub.com\/de\/wp-json\/wp\/v2\/group-interest?post=16405"}],"curies":[{"name":"wp","href":"https:\/\/api.w.org\/{rel}","templated":true}]}}