{"id":16402,"date":"2024-09-26T21:39:49","date_gmt":"2024-09-26T21:39:49","guid":{"rendered":"https:\/\/gifted-hub.com\/was-sind-hochbegabungen\/mythen-und-realitaeten-ueber-hohe-intellektuelle-faehigkeiten\/"},"modified":"2024-10-28T09:17:14","modified_gmt":"2024-10-28T09:17:14","slug":"mythen-und-realitaeten-ueber-hohe-intellektuelle-faehigkeiten","status":"publish","type":"page","link":"https:\/\/gifted-hub.com\/de\/was-sind-hochbegabungen\/mythen-und-realitaeten-ueber-hohe-intellektuelle-faehigkeiten\/","title":{"rendered":"Mythen und Realit\u00e4ten \u00fcber hohe intellektuelle F\u00e4higkeiten"},"content":{"rendered":"\n<p>Es ist leicht, Missverst\u00e4ndnisse \u00fcber Kinder und Jugendliche mit hohen intellektuellen F\u00e4higkeiten zu finden. Diese \u00dcberzeugungen, die oft auf Mythen basieren, verzerren nicht nur die Realit\u00e4t, sondern beeinflussen auch die Unterst\u00fctzung, die diese Kinder erhalten, um ihr Potenzial voll zu entfalten. <\/p>\n\n<p>Ein h\u00e4ufiger Mythos ist die Annahme, dass diese <strong>Kinder in allen Umst\u00e4nden Selbstlerner<\/strong> sind und ohne jegliche Hilfe lernen. Obwohl es stimmt, dass sie beim Lernen Unabh\u00e4ngigkeit zeigen k\u00f6nnen, ben\u00f6tigen sie auch die Anleitung eines Erwachsenen, der ihre Neugier lenken kann. Sie brauchen jemanden, der sie herausfordert, mehr und besser zu lernen, und eine Umgebung, in der sie sich anerkannt und akzeptiert f\u00fchlen, wie jeder andere Sch\u00fcler auch.  <\/p>\n\n<p>Ein weiteres Missverst\u00e4ndnis ist, dass ein <strong>Kind mit einem hohen IQ<\/strong> zwangsl\u00e4ufig in allen akademischen Bereichen gut abschneiden wird. Die Wahrheit ist, dass die Leistung von emotionalen, famili\u00e4ren, sozialen und motivationalen Faktoren beeinflusst werden kann. Dar\u00fcber hinaus ist es nicht ungew\u00f6hnlich, dass einige dieser Kinder spezifische Talente entwickeln und in bestimmten Bereichen herausragend sind, w\u00e4hrend andere zur\u00fcckbleiben. Manchmal entwickeln sich ihre Leistungen ungleichm\u00e4\u00dfig: Ein Kind kann fortgeschrittene Sprachf\u00e4higkeiten haben, aber Schwierigkeiten haben, seine Gedanken schriftlich auszudr\u00fccken, oder es kann eine hohe Denkf\u00e4higkeit besitzen, aber nicht \u00fcber den Wortschatz verf\u00fcgen, um seine Ideen effektiv zu kommunizieren.   <\/p>\n\n<p>Motivation ist ein weiterer missverstandener Aspekt dieser Kinder. <strong>Nicht alles interessiert sie gleicherma\u00dfen<\/strong>, und was oft ihre Aufmerksamkeit fesselt, ist der Grad der Herausforderung, den eine Aktivit\u00e4t bietet. Wiederholende und mechanische Aufgaben k\u00f6nnen sie demotivieren, da diese Aufgaben ihr Bed\u00fcrfnis, etwas Neues zu lernen oder komplexe Probleme zu l\u00f6sen, nicht befriedigen. <\/p>\n\n<p>Es gibt auch Verwirrung in Bezug auf die Beziehung zwischen <strong>Intelligenz und Kreativit\u00e4t<\/strong>. Obwohl einige Definitionen von Hochbegabung hohe kreative Leistungen zusammen mit intellektuellen F\u00e4higkeiten umfassen, geht Kreativit\u00e4t nicht immer Hand in Hand mit einem hohen IQ. Es gibt sehr kreative Menschen mit einem durchschnittlichen IQ und umgekehrt.  <\/p>\n\n<p>Es wird oft geglaubt, dass <strong>Intelligenz ein Leben lang stabil bleibt<\/strong>, aber in Wirklichkeit muss sie stimuliert werden. Intelligenz, wie jede andere F\u00e4higkeit, entwickelt und st\u00e4rkt sich durch Gebrauch und \u00dcbung. Wenn sie nicht genutzt wird, kann sie stagnieren; daher ist eine Umgebung reich an Reizen und Lernm\u00f6glichkeiten wichtig.  <\/p>\n\n<p>Im sozialen Bereich wird h\u00e4ufig gesagt, dass Kinder mit hohen F\u00e4higkeiten <strong>Schwierigkeiten haben, sich anzupassen<\/strong>. Soziale Schwierigkeiten sind jedoch nicht unbedingt mit ihrer Intelligenz verbunden, sondern eher mit bestimmten Einstellungen wie Arroganz, Ungeduld mit dem Tempo anderer oder Unflexibilit\u00e4t. Es ist wichtig, ihnen beizubringen, wie sie mit verschiedenen Arten von Menschen umgehen und ihre Emotionen managen k\u00f6nnen, damit sie gesunde Beziehungen zu ihren Altersgenossen aufbauen k\u00f6nnen.  <\/p>\n\n<p>Ein weiteres h\u00e4ufiges Bild ist das dieser <strong>Kinder als Einzelg\u00e4nger<\/strong>. Obwohl es stimmt, dass sie viel Zeit mit individuellen Aktivit\u00e4ten wie Lesen oder Forschen verbringen, bedeutet das nicht, dass sie immer die Einsamkeit bevorzugen. Wie jedes Kind suchen sie Verst\u00e4ndnis und leiden, wenn sie sich abgelehnt oder isoliert f\u00fchlen.  <\/p>\n\n<p>Es gibt auch die Vorstellung, dass diese Kinder aufgrund ihres hohen Verst\u00e4ndnisses <strong>keine Grenzen brauchen<\/strong>. Sie sind jedoch immer noch Kinder und ben\u00f6tigen als solche einen klaren Rahmen von Regeln und Grenzen, um sich sicher zu f\u00fchlen. Sie haben nicht die soziale Erfahrung, um immer die richtigen Entscheidungen zu treffen, und Erwachsene m\u00fcssen sie leiten und sch\u00fctzen.  <\/p>\n\n<p>Ein weiterer Mythos ist der Glaube, dass <strong>Talent ausschlie\u00dflich das Ergebnis von Druck<\/strong> und Erwartungen von Erwachsenen ist. W\u00e4hrend Stimulation der Schl\u00fcssel zur Entwicklung von F\u00e4higkeiten ist, ist die Grundlage des Talents angeboren und kann nicht ausschlie\u00dflich dem Druck oder den Bem\u00fchungen der Eltern zugeschrieben werden. Es ist jedoch wichtig, ein Gleichgewicht zu finden, da \u00fcberm\u00e4\u00dfiger Druck kontraproduktiv sein und zu Angst und Frustration f\u00fchren kann.  <\/p>\n\n<p>Schlie\u00dflich gibt es die Tendenz zu denken, dass Kinder mit hohen F\u00e4higkeiten <strong>automatisch erfolgreiche und kreative Erwachsene werden<\/strong>, aber das ist nicht immer der Fall. Bildungs-, kulturelle und wirtschaftliche M\u00f6glichkeiten sowie die Entwicklung sozialer und emotionaler F\u00e4higkeiten sind entscheidende Faktoren, um ihnen zu helfen, ihr Potenzial im Laufe ihres Lebens zu erreichen. <\/p>\n\n<p>Diese Mythen zu entlarven ist wesentlich, um zu verstehen, dass diese Kinder und Jugendlichen eine vielf\u00e4ltige Gruppe mit einzigartigen Bed\u00fcrfnissen bilden. Nur durch ein realistisches Verst\u00e4ndnis ihrer Eigenschaften k\u00f6nnen wir die Unterst\u00fctzung und Anleitung bieten, die sie ben\u00f6tigen, um gl\u00fccklich zu wachsen und ihre F\u00e4higkeiten voll zu entfalten. <\/p>\n","protected":false},"excerpt":{"rendered":"<p>Es ist leicht, Missverst\u00e4ndnisse \u00fcber Kinder und Jugendliche mit hohen intellektuellen F\u00e4higkeiten zu finden. Diese \u00dcberzeugungen, die oft auf Mythen basieren, verzerren nicht nur die Realit\u00e4t, sondern beeinflussen auch die Unterst\u00fctzung, die diese Kinder erhalten, um ihr Potenzial voll zu entfalten. Ein h\u00e4ufiger Mythos ist die Annahme, dass diese Kinder in allen Umst\u00e4nden Selbstlerner sind [&hellip;]<\/p>\n","protected":false},"author":1,"featured_media":15449,"parent":16354,"menu_order":0,"comment_status":"closed","ping_status":"closed","template":"","meta":{"_acf_changed":false,"inline_featured_image":false,"footnotes":""},"group-interest":[204,207,205,206],"class_list":["post-16402","page","type-page","status-publish","has-post-thumbnail","hentry","group-interest-einzelpersonen","group-interest-fachleute","group-interest-familie","group-interest-lehrer"],"acf":[],"yoast_head":"<!-- This site is optimized with the Yoast SEO plugin v27.4 - https:\/\/yoast.com\/product\/yoast-seo-wordpress\/ -->\n<title>Mythen und Realit\u00e4ten \u00fcber hohe intellektuelle F\u00e4higkeiten - Gifted HUB<\/title>\n<meta name=\"robots\" content=\"index, follow, max-snippet:-1, max-image-preview:large, max-video-preview:-1\" \/>\n<link rel=\"canonical\" href=\"https:\/\/gifted-hub.com\/de\/was-sind-hochbegabungen\/mythen-und-realitaeten-ueber-hohe-intellektuelle-faehigkeiten\/\" \/>\n<meta property=\"og:locale\" content=\"de_DE\" \/>\n<meta property=\"og:type\" content=\"article\" \/>\n<meta property=\"og:title\" content=\"Mythen und Realit\u00e4ten \u00fcber hohe intellektuelle F\u00e4higkeiten - Gifted HUB\" \/>\n<meta property=\"og:description\" content=\"Es ist leicht, Missverst\u00e4ndnisse \u00fcber Kinder und Jugendliche mit hohen intellektuellen F\u00e4higkeiten zu finden. Diese \u00dcberzeugungen, die oft auf Mythen basieren, verzerren nicht nur die Realit\u00e4t, sondern beeinflussen auch die Unterst\u00fctzung, die diese Kinder erhalten, um ihr Potenzial voll zu entfalten. Ein h\u00e4ufiger Mythos ist die Annahme, dass diese Kinder in allen Umst\u00e4nden Selbstlerner sind [&hellip;]\" \/>\n<meta property=\"og:url\" content=\"https:\/\/gifted-hub.com\/de\/was-sind-hochbegabungen\/mythen-und-realitaeten-ueber-hohe-intellektuelle-faehigkeiten\/\" \/>\n<meta property=\"og:site_name\" content=\"Gifted HUB\" \/>\n<meta property=\"article:modified_time\" content=\"2024-10-28T09:17:14+00:00\" \/>\n<meta property=\"og:image\" content=\"https:\/\/gifted-hub.com\/wp-content\/uploads\/2024\/09\/1098745.jpg\" \/>\n\t<meta property=\"og:image:width\" content=\"1280\" \/>\n\t<meta property=\"og:image:height\" content=\"851\" \/>\n\t<meta property=\"og:image:type\" content=\"image\/jpeg\" \/>\n<meta name=\"twitter:card\" content=\"summary_large_image\" \/>\n<meta name=\"twitter:label1\" content=\"Gesch\u00e4tzte Lesezeit\" \/>\n\t<meta name=\"twitter:data1\" content=\"4\u00a0Minuten\" \/>\n<script type=\"application\/ld+json\" class=\"yoast-schema-graph\">{\"@context\":\"https:\\\/\\\/schema.org\",\"@graph\":[{\"@type\":\"WebPage\",\"@id\":\"https:\\\/\\\/gifted-hub.com\\\/de\\\/was-sind-hochbegabungen\\\/mythen-und-realitaeten-ueber-hohe-intellektuelle-faehigkeiten\\\/\",\"url\":\"https:\\\/\\\/gifted-hub.com\\\/de\\\/was-sind-hochbegabungen\\\/mythen-und-realitaeten-ueber-hohe-intellektuelle-faehigkeiten\\\/\",\"name\":\"Mythen und Realit\u00e4ten \u00fcber hohe intellektuelle F\u00e4higkeiten - Gifted HUB\",\"isPartOf\":{\"@id\":\"https:\\\/\\\/gifted-hub.com\\\/de\\\/#website\"},\"primaryImageOfPage\":{\"@id\":\"https:\\\/\\\/gifted-hub.com\\\/de\\\/was-sind-hochbegabungen\\\/mythen-und-realitaeten-ueber-hohe-intellektuelle-faehigkeiten\\\/#primaryimage\"},\"image\":{\"@id\":\"https:\\\/\\\/gifted-hub.com\\\/de\\\/was-sind-hochbegabungen\\\/mythen-und-realitaeten-ueber-hohe-intellektuelle-faehigkeiten\\\/#primaryimage\"},\"thumbnailUrl\":\"https:\\\/\\\/gifted-hub.com\\\/wp-content\\\/uploads\\\/2024\\\/09\\\/1098745.jpg\",\"datePublished\":\"2024-09-26T21:39:49+00:00\",\"dateModified\":\"2024-10-28T09:17:14+00:00\",\"breadcrumb\":{\"@id\":\"https:\\\/\\\/gifted-hub.com\\\/de\\\/was-sind-hochbegabungen\\\/mythen-und-realitaeten-ueber-hohe-intellektuelle-faehigkeiten\\\/#breadcrumb\"},\"inLanguage\":\"de\",\"potentialAction\":[{\"@type\":\"ReadAction\",\"target\":[\"https:\\\/\\\/gifted-hub.com\\\/de\\\/was-sind-hochbegabungen\\\/mythen-und-realitaeten-ueber-hohe-intellektuelle-faehigkeiten\\\/\"]}]},{\"@type\":\"ImageObject\",\"inLanguage\":\"de\",\"@id\":\"https:\\\/\\\/gifted-hub.com\\\/de\\\/was-sind-hochbegabungen\\\/mythen-und-realitaeten-ueber-hohe-intellektuelle-faehigkeiten\\\/#primaryimage\",\"url\":\"https:\\\/\\\/gifted-hub.com\\\/wp-content\\\/uploads\\\/2024\\\/09\\\/1098745.jpg\",\"contentUrl\":\"https:\\\/\\\/gifted-hub.com\\\/wp-content\\\/uploads\\\/2024\\\/09\\\/1098745.jpg\",\"width\":1280,\"height\":851},{\"@type\":\"BreadcrumbList\",\"@id\":\"https:\\\/\\\/gifted-hub.com\\\/de\\\/was-sind-hochbegabungen\\\/mythen-und-realitaeten-ueber-hohe-intellektuelle-faehigkeiten\\\/#breadcrumb\",\"itemListElement\":[{\"@type\":\"ListItem\",\"position\":1,\"name\":\"Home\",\"item\":\"https:\\\/\\\/gifted-hub.com\\\/de\\\/startseite\\\/\"},{\"@type\":\"ListItem\",\"position\":2,\"name\":\"Was sind Hochbegabungen?\",\"item\":\"https:\\\/\\\/gifted-hub.com\\\/de\\\/was-sind-hochbegabungen\\\/\"},{\"@type\":\"ListItem\",\"position\":3,\"name\":\"Mythen und Realit\u00e4ten \u00fcber hohe intellektuelle F\u00e4higkeiten\"}]},{\"@type\":\"WebSite\",\"@id\":\"https:\\\/\\\/gifted-hub.com\\\/de\\\/#website\",\"url\":\"https:\\\/\\\/gifted-hub.com\\\/de\\\/\",\"name\":\"Gifted HUB\",\"description\":\"A space for high abilities\",\"publisher\":{\"@id\":\"https:\\\/\\\/gifted-hub.com\\\/de\\\/#organization\"},\"potentialAction\":[{\"@type\":\"SearchAction\",\"target\":{\"@type\":\"EntryPoint\",\"urlTemplate\":\"https:\\\/\\\/gifted-hub.com\\\/de\\\/?s={search_term_string}\"},\"query-input\":{\"@type\":\"PropertyValueSpecification\",\"valueRequired\":true,\"valueName\":\"search_term_string\"}}],\"inLanguage\":\"de\"},{\"@type\":\"Organization\",\"@id\":\"https:\\\/\\\/gifted-hub.com\\\/de\\\/#organization\",\"name\":\"Gifted HUB\",\"url\":\"https:\\\/\\\/gifted-hub.com\\\/de\\\/\",\"logo\":{\"@type\":\"ImageObject\",\"inLanguage\":\"de\",\"@id\":\"https:\\\/\\\/gifted-hub.com\\\/de\\\/#\\\/schema\\\/logo\\\/image\\\/\",\"url\":\"https:\\\/\\\/gifted-hub.com\\\/wp-content\\\/uploads\\\/2024\\\/07\\\/logo-1.svg\",\"contentUrl\":\"https:\\\/\\\/gifted-hub.com\\\/wp-content\\\/uploads\\\/2024\\\/07\\\/logo-1.svg\",\"caption\":\"Gifted HUB\"},\"image\":{\"@id\":\"https:\\\/\\\/gifted-hub.com\\\/de\\\/#\\\/schema\\\/logo\\\/image\\\/\"}}]}<\/script>\n<!-- \/ Yoast SEO plugin. -->","yoast_head_json":{"title":"Mythen und Realit\u00e4ten \u00fcber hohe intellektuelle F\u00e4higkeiten - Gifted HUB","robots":{"index":"index","follow":"follow","max-snippet":"max-snippet:-1","max-image-preview":"max-image-preview:large","max-video-preview":"max-video-preview:-1"},"canonical":"https:\/\/gifted-hub.com\/de\/was-sind-hochbegabungen\/mythen-und-realitaeten-ueber-hohe-intellektuelle-faehigkeiten\/","og_locale":"de_DE","og_type":"article","og_title":"Mythen und Realit\u00e4ten \u00fcber hohe intellektuelle F\u00e4higkeiten - Gifted HUB","og_description":"Es ist leicht, Missverst\u00e4ndnisse \u00fcber Kinder und Jugendliche mit hohen intellektuellen F\u00e4higkeiten zu finden. Diese \u00dcberzeugungen, die oft auf Mythen basieren, verzerren nicht nur die Realit\u00e4t, sondern beeinflussen auch die Unterst\u00fctzung, die diese Kinder erhalten, um ihr Potenzial voll zu entfalten. Ein h\u00e4ufiger Mythos ist die Annahme, dass diese Kinder in allen Umst\u00e4nden Selbstlerner sind [&hellip;]","og_url":"https:\/\/gifted-hub.com\/de\/was-sind-hochbegabungen\/mythen-und-realitaeten-ueber-hohe-intellektuelle-faehigkeiten\/","og_site_name":"Gifted HUB","article_modified_time":"2024-10-28T09:17:14+00:00","og_image":[{"width":1280,"height":851,"url":"https:\/\/gifted-hub.com\/wp-content\/uploads\/2024\/09\/1098745.jpg","type":"image\/jpeg"}],"twitter_card":"summary_large_image","twitter_misc":{"Gesch\u00e4tzte Lesezeit":"4\u00a0Minuten"},"schema":{"@context":"https:\/\/schema.org","@graph":[{"@type":"WebPage","@id":"https:\/\/gifted-hub.com\/de\/was-sind-hochbegabungen\/mythen-und-realitaeten-ueber-hohe-intellektuelle-faehigkeiten\/","url":"https:\/\/gifted-hub.com\/de\/was-sind-hochbegabungen\/mythen-und-realitaeten-ueber-hohe-intellektuelle-faehigkeiten\/","name":"Mythen und Realit\u00e4ten \u00fcber hohe intellektuelle F\u00e4higkeiten - Gifted HUB","isPartOf":{"@id":"https:\/\/gifted-hub.com\/de\/#website"},"primaryImageOfPage":{"@id":"https:\/\/gifted-hub.com\/de\/was-sind-hochbegabungen\/mythen-und-realitaeten-ueber-hohe-intellektuelle-faehigkeiten\/#primaryimage"},"image":{"@id":"https:\/\/gifted-hub.com\/de\/was-sind-hochbegabungen\/mythen-und-realitaeten-ueber-hohe-intellektuelle-faehigkeiten\/#primaryimage"},"thumbnailUrl":"https:\/\/gifted-hub.com\/wp-content\/uploads\/2024\/09\/1098745.jpg","datePublished":"2024-09-26T21:39:49+00:00","dateModified":"2024-10-28T09:17:14+00:00","breadcrumb":{"@id":"https:\/\/gifted-hub.com\/de\/was-sind-hochbegabungen\/mythen-und-realitaeten-ueber-hohe-intellektuelle-faehigkeiten\/#breadcrumb"},"inLanguage":"de","potentialAction":[{"@type":"ReadAction","target":["https:\/\/gifted-hub.com\/de\/was-sind-hochbegabungen\/mythen-und-realitaeten-ueber-hohe-intellektuelle-faehigkeiten\/"]}]},{"@type":"ImageObject","inLanguage":"de","@id":"https:\/\/gifted-hub.com\/de\/was-sind-hochbegabungen\/mythen-und-realitaeten-ueber-hohe-intellektuelle-faehigkeiten\/#primaryimage","url":"https:\/\/gifted-hub.com\/wp-content\/uploads\/2024\/09\/1098745.jpg","contentUrl":"https:\/\/gifted-hub.com\/wp-content\/uploads\/2024\/09\/1098745.jpg","width":1280,"height":851},{"@type":"BreadcrumbList","@id":"https:\/\/gifted-hub.com\/de\/was-sind-hochbegabungen\/mythen-und-realitaeten-ueber-hohe-intellektuelle-faehigkeiten\/#breadcrumb","itemListElement":[{"@type":"ListItem","position":1,"name":"Home","item":"https:\/\/gifted-hub.com\/de\/startseite\/"},{"@type":"ListItem","position":2,"name":"Was sind Hochbegabungen?","item":"https:\/\/gifted-hub.com\/de\/was-sind-hochbegabungen\/"},{"@type":"ListItem","position":3,"name":"Mythen und Realit\u00e4ten \u00fcber hohe intellektuelle F\u00e4higkeiten"}]},{"@type":"WebSite","@id":"https:\/\/gifted-hub.com\/de\/#website","url":"https:\/\/gifted-hub.com\/de\/","name":"Gifted HUB","description":"A space for high abilities","publisher":{"@id":"https:\/\/gifted-hub.com\/de\/#organization"},"potentialAction":[{"@type":"SearchAction","target":{"@type":"EntryPoint","urlTemplate":"https:\/\/gifted-hub.com\/de\/?s={search_term_string}"},"query-input":{"@type":"PropertyValueSpecification","valueRequired":true,"valueName":"search_term_string"}}],"inLanguage":"de"},{"@type":"Organization","@id":"https:\/\/gifted-hub.com\/de\/#organization","name":"Gifted HUB","url":"https:\/\/gifted-hub.com\/de\/","logo":{"@type":"ImageObject","inLanguage":"de","@id":"https:\/\/gifted-hub.com\/de\/#\/schema\/logo\/image\/","url":"https:\/\/gifted-hub.com\/wp-content\/uploads\/2024\/07\/logo-1.svg","contentUrl":"https:\/\/gifted-hub.com\/wp-content\/uploads\/2024\/07\/logo-1.svg","caption":"Gifted HUB"},"image":{"@id":"https:\/\/gifted-hub.com\/de\/#\/schema\/logo\/image\/"}}]}},"_links":{"self":[{"href":"https:\/\/gifted-hub.com\/de\/wp-json\/wp\/v2\/pages\/16402","targetHints":{"allow":["GET"]}}],"collection":[{"href":"https:\/\/gifted-hub.com\/de\/wp-json\/wp\/v2\/pages"}],"about":[{"href":"https:\/\/gifted-hub.com\/de\/wp-json\/wp\/v2\/types\/page"}],"author":[{"embeddable":true,"href":"https:\/\/gifted-hub.com\/de\/wp-json\/wp\/v2\/users\/1"}],"replies":[{"embeddable":true,"href":"https:\/\/gifted-hub.com\/de\/wp-json\/wp\/v2\/comments?post=16402"}],"version-history":[{"count":1,"href":"https:\/\/gifted-hub.com\/de\/wp-json\/wp\/v2\/pages\/16402\/revisions"}],"predecessor-version":[{"id":16404,"href":"https:\/\/gifted-hub.com\/de\/wp-json\/wp\/v2\/pages\/16402\/revisions\/16404"}],"up":[{"embeddable":true,"href":"https:\/\/gifted-hub.com\/de\/wp-json\/wp\/v2\/pages\/16354"}],"wp:featuredmedia":[{"embeddable":true,"href":"https:\/\/gifted-hub.com\/de\/wp-json\/wp\/v2\/media\/15449"}],"wp:attachment":[{"href":"https:\/\/gifted-hub.com\/de\/wp-json\/wp\/v2\/media?parent=16402"}],"wp:term":[{"taxonomy":"group-interest","embeddable":true,"href":"https:\/\/gifted-hub.com\/de\/wp-json\/wp\/v2\/group-interest?post=16402"}],"curies":[{"name":"wp","href":"https:\/\/api.w.org\/{rel}","templated":true}]}}