{"id":16385,"date":"2024-08-17T22:13:30","date_gmt":"2024-08-17T22:13:30","guid":{"rendered":"https:\/\/gifted-hub.com\/einzelpersonen\/"},"modified":"2024-10-28T09:17:07","modified_gmt":"2024-10-28T09:17:07","slug":"einzelpersonen","status":"publish","type":"page","link":"https:\/\/gifted-hub.com\/de\/einzelpersonen\/","title":{"rendered":"Einzelpersonen"},"content":{"rendered":"\n<p>Wenn Sie jemals das Gef\u00fchl hatten, dass Sie \u00fcber Dinge tiefer nachdenken oder dass Sie Dinge anders lernen und verstehen als andere, haben Sie sich vielleicht gefragt, ob Sie <a href=\"https:\/\/gifted-hub.com\/pt-pt\/o-que-sao-altas-habilidades\/\" data-type=\"page\" data-id=\"347\">hohe F\u00e4higkeiten<\/a> haben. In diesem Bereich bieten wir Ihnen die Informationen, die Sie ben\u00f6tigen, um diese M\u00f6glichkeit zu erkunden und besser zu verstehen, was dies bedeutet. <\/p>\n\n<p><strong>Wie man erkennt, ob man hohe F\u00e4higkeiten hat<\/strong><\/p>\n\n<p>Zu erkennen, ob man hohe F\u00e4higkeiten <strong>haben kann herausfordernd sein<\/strong>, da es nicht nur darum geht, gute Noten zu bekommen oder im traditionellen Sinne \u201eintelligent\u201c zu sein.\nHohe F\u00e4higkeiten umfassen ein breiteres Spektrum, das fortgeschrittenes kritisches Denken, ungew\u00f6hnliche Kreativit\u00e4t, unstillbare Neugier und oft eine hohe emotionale Sensibilit\u00e4t einschlie\u00dft.\nWenn Sie sich mit diesen Eigenschaften identifizieren, k\u00f6nnten Sie auf dem richtigen Weg sein, mehr \u00fcber dieses Thema zu erkunden.\nHier bieten wir Ihnen Leitf\u00e4den und Ressourcen, um Ihnen zu helfen, zu erkennen, ob hohe F\u00e4higkeiten Teil Ihres Lebens sind.   <\/p>\n\n<p>Zu verstehen, ob Sie hohe F\u00e4higkeiten haben, kann der Schl\u00fcssel sein, um Ihr Potenzial zu maximieren.\nDies zu wissen, erm\u00f6glicht es Ihnen, die richtigen M\u00f6glichkeiten und Unterst\u00fctzung zu suchen, um Ihre F\u00e4higkeiten zu entwickeln und h\u00e4ufige Herausforderungen wie Langeweile oder Demotivation zu vermeiden.\nDar\u00fcber hinaus kann <strong>das Wissen um Ihre eigenen F\u00e4higkeiten<\/strong> Ihnen ein besseres Verst\u00e4ndnis von sich selbst bieten und Ihnen helfen, die Erwartungen zu managen, die Sie sowohl an sich selbst als auch an andere haben.  <\/p>\n\n<p><strong>Sich als Teil einer Gruppe f\u00fchlen<\/strong><\/p>\n\n<p>F\u00fcr viele Menschen mit hohen F\u00e4higkeiten ist eine der gr\u00f6\u00dften Schwierigkeiten, sich verstanden zu f\u00fchlen oder eine Gruppe von Menschen mit \u00e4hnlichen Interessen und F\u00e4higkeiten zu finden.\nHier f\u00f6rdern wir Verbindungen zwischen Menschen, die diese Eigenschaften teilen, und schaffen eine Gemeinschaft, in der Sie sich akzeptiert f\u00fchlen, Erfahrungen austauschen und gegenseitige Unterst\u00fctzung finden k\u00f6nnen. <strong><a href=\"\" data-type=\"\" data-id=\"\">Sich mit anderen zu verbinden<\/a><\/strong>, die ebenfalls ihre hohen F\u00e4higkeiten erkunden, kann eine transformative Erfahrung sein, die Ihnen ein Gef\u00fchl der Zugeh\u00f6rigkeit und des Verst\u00e4ndnisses vermittelt, das in anderen Umgebungen schwer zu finden ist. <\/p>\n\n<p>Hohe F\u00e4higkeiten zu haben bedeutet oft, dass Sie eine breite Palette von Interessen und F\u00e4higkeiten haben, und es kann eine Herausforderung sein, Aufgaben oder Projekte zu finden, die Sie wirklich begeistern.\nIn diesem Bereich bieten wir Ideen und Vorschl\u00e4ge f\u00fcr Aktivit\u00e4ten, die Ihren Intellekt herausfordern und Sie motiviert halten.\nVon kreativen Projekten bis hin zu intellektuellen Herausforderungen finden Sie hier Inspiration, um in Bereichen, die Sie wirklich interessieren, weiter zu wachsen und zu lernen.  <\/p>\n","protected":false},"excerpt":{"rendered":"<p>Wenn Sie jemals das Gef\u00fchl hatten, dass Sie \u00fcber Dinge tiefer nachdenken oder dass Sie Dinge anders lernen und verstehen als andere, haben Sie sich vielleicht gefragt, ob Sie hohe F\u00e4higkeiten haben. In diesem Bereich bieten wir Ihnen die Informationen, die Sie ben\u00f6tigen, um diese M\u00f6glichkeit zu erkunden und besser zu verstehen, was dies bedeutet. [&hellip;]<\/p>\n","protected":false},"author":1,"featured_media":0,"parent":0,"menu_order":0,"comment_status":"closed","ping_status":"closed","template":"","meta":{"_acf_changed":false,"inline_featured_image":false,"footnotes":""},"group-interest":[],"class_list":["post-16385","page","type-page","status-publish","hentry"],"acf":[],"yoast_head":"<!-- This site is optimized with the Yoast SEO plugin v27.4 - https:\/\/yoast.com\/product\/yoast-seo-wordpress\/ -->\n<title>Einzelpersonen - Gifted HUB<\/title>\n<meta name=\"robots\" content=\"index, follow, max-snippet:-1, max-image-preview:large, max-video-preview:-1\" \/>\n<link rel=\"canonical\" href=\"https:\/\/gifted-hub.com\/de\/einzelpersonen\/\" \/>\n<meta property=\"og:locale\" content=\"de_DE\" \/>\n<meta property=\"og:type\" content=\"article\" \/>\n<meta property=\"og:title\" content=\"Einzelpersonen - Gifted HUB\" \/>\n<meta property=\"og:description\" content=\"Wenn Sie jemals das Gef\u00fchl hatten, dass Sie \u00fcber Dinge tiefer nachdenken oder dass Sie Dinge anders lernen und verstehen als andere, haben Sie sich vielleicht gefragt, ob Sie hohe F\u00e4higkeiten haben. In diesem Bereich bieten wir Ihnen die Informationen, die Sie ben\u00f6tigen, um diese M\u00f6glichkeit zu erkunden und besser zu verstehen, was dies bedeutet. [&hellip;]\" \/>\n<meta property=\"og:url\" content=\"https:\/\/gifted-hub.com\/de\/einzelpersonen\/\" \/>\n<meta property=\"og:site_name\" content=\"Gifted HUB\" \/>\n<meta property=\"article:modified_time\" content=\"2024-10-28T09:17:07+00:00\" \/>\n<meta name=\"twitter:card\" content=\"summary_large_image\" \/>\n<meta name=\"twitter:label1\" content=\"Gesch\u00e4tzte Lesezeit\" \/>\n\t<meta name=\"twitter:data1\" content=\"2\u00a0Minuten\" \/>\n<script type=\"application\/ld+json\" class=\"yoast-schema-graph\">{\"@context\":\"https:\\\/\\\/schema.org\",\"@graph\":[{\"@type\":\"WebPage\",\"@id\":\"https:\\\/\\\/gifted-hub.com\\\/de\\\/einzelpersonen\\\/\",\"url\":\"https:\\\/\\\/gifted-hub.com\\\/de\\\/einzelpersonen\\\/\",\"name\":\"Einzelpersonen - Gifted HUB\",\"isPartOf\":{\"@id\":\"https:\\\/\\\/gifted-hub.com\\\/de\\\/#website\"},\"datePublished\":\"2024-08-17T22:13:30+00:00\",\"dateModified\":\"2024-10-28T09:17:07+00:00\",\"breadcrumb\":{\"@id\":\"https:\\\/\\\/gifted-hub.com\\\/de\\\/einzelpersonen\\\/#breadcrumb\"},\"inLanguage\":\"de\",\"potentialAction\":[{\"@type\":\"ReadAction\",\"target\":[\"https:\\\/\\\/gifted-hub.com\\\/de\\\/einzelpersonen\\\/\"]}]},{\"@type\":\"BreadcrumbList\",\"@id\":\"https:\\\/\\\/gifted-hub.com\\\/de\\\/einzelpersonen\\\/#breadcrumb\",\"itemListElement\":[{\"@type\":\"ListItem\",\"position\":1,\"name\":\"Home\",\"item\":\"https:\\\/\\\/gifted-hub.com\\\/de\\\/startseite\\\/\"},{\"@type\":\"ListItem\",\"position\":2,\"name\":\"Einzelpersonen\"}]},{\"@type\":\"WebSite\",\"@id\":\"https:\\\/\\\/gifted-hub.com\\\/de\\\/#website\",\"url\":\"https:\\\/\\\/gifted-hub.com\\\/de\\\/\",\"name\":\"Gifted HUB\",\"description\":\"A space for high abilities\",\"publisher\":{\"@id\":\"https:\\\/\\\/gifted-hub.com\\\/de\\\/#organization\"},\"potentialAction\":[{\"@type\":\"SearchAction\",\"target\":{\"@type\":\"EntryPoint\",\"urlTemplate\":\"https:\\\/\\\/gifted-hub.com\\\/de\\\/?s={search_term_string}\"},\"query-input\":{\"@type\":\"PropertyValueSpecification\",\"valueRequired\":true,\"valueName\":\"search_term_string\"}}],\"inLanguage\":\"de\"},{\"@type\":\"Organization\",\"@id\":\"https:\\\/\\\/gifted-hub.com\\\/de\\\/#organization\",\"name\":\"Gifted HUB\",\"url\":\"https:\\\/\\\/gifted-hub.com\\\/de\\\/\",\"logo\":{\"@type\":\"ImageObject\",\"inLanguage\":\"de\",\"@id\":\"https:\\\/\\\/gifted-hub.com\\\/de\\\/#\\\/schema\\\/logo\\\/image\\\/\",\"url\":\"https:\\\/\\\/gifted-hub.com\\\/wp-content\\\/uploads\\\/2024\\\/07\\\/logo-1.svg\",\"contentUrl\":\"https:\\\/\\\/gifted-hub.com\\\/wp-content\\\/uploads\\\/2024\\\/07\\\/logo-1.svg\",\"caption\":\"Gifted HUB\"},\"image\":{\"@id\":\"https:\\\/\\\/gifted-hub.com\\\/de\\\/#\\\/schema\\\/logo\\\/image\\\/\"}}]}<\/script>\n<!-- \/ Yoast SEO plugin. -->","yoast_head_json":{"title":"Einzelpersonen - Gifted HUB","robots":{"index":"index","follow":"follow","max-snippet":"max-snippet:-1","max-image-preview":"max-image-preview:large","max-video-preview":"max-video-preview:-1"},"canonical":"https:\/\/gifted-hub.com\/de\/einzelpersonen\/","og_locale":"de_DE","og_type":"article","og_title":"Einzelpersonen - Gifted HUB","og_description":"Wenn Sie jemals das Gef\u00fchl hatten, dass Sie \u00fcber Dinge tiefer nachdenken oder dass Sie Dinge anders lernen und verstehen als andere, haben Sie sich vielleicht gefragt, ob Sie hohe F\u00e4higkeiten haben. In diesem Bereich bieten wir Ihnen die Informationen, die Sie ben\u00f6tigen, um diese M\u00f6glichkeit zu erkunden und besser zu verstehen, was dies bedeutet. [&hellip;]","og_url":"https:\/\/gifted-hub.com\/de\/einzelpersonen\/","og_site_name":"Gifted HUB","article_modified_time":"2024-10-28T09:17:07+00:00","twitter_card":"summary_large_image","twitter_misc":{"Gesch\u00e4tzte Lesezeit":"2\u00a0Minuten"},"schema":{"@context":"https:\/\/schema.org","@graph":[{"@type":"WebPage","@id":"https:\/\/gifted-hub.com\/de\/einzelpersonen\/","url":"https:\/\/gifted-hub.com\/de\/einzelpersonen\/","name":"Einzelpersonen - Gifted HUB","isPartOf":{"@id":"https:\/\/gifted-hub.com\/de\/#website"},"datePublished":"2024-08-17T22:13:30+00:00","dateModified":"2024-10-28T09:17:07+00:00","breadcrumb":{"@id":"https:\/\/gifted-hub.com\/de\/einzelpersonen\/#breadcrumb"},"inLanguage":"de","potentialAction":[{"@type":"ReadAction","target":["https:\/\/gifted-hub.com\/de\/einzelpersonen\/"]}]},{"@type":"BreadcrumbList","@id":"https:\/\/gifted-hub.com\/de\/einzelpersonen\/#breadcrumb","itemListElement":[{"@type":"ListItem","position":1,"name":"Home","item":"https:\/\/gifted-hub.com\/de\/startseite\/"},{"@type":"ListItem","position":2,"name":"Einzelpersonen"}]},{"@type":"WebSite","@id":"https:\/\/gifted-hub.com\/de\/#website","url":"https:\/\/gifted-hub.com\/de\/","name":"Gifted HUB","description":"A space for high abilities","publisher":{"@id":"https:\/\/gifted-hub.com\/de\/#organization"},"potentialAction":[{"@type":"SearchAction","target":{"@type":"EntryPoint","urlTemplate":"https:\/\/gifted-hub.com\/de\/?s={search_term_string}"},"query-input":{"@type":"PropertyValueSpecification","valueRequired":true,"valueName":"search_term_string"}}],"inLanguage":"de"},{"@type":"Organization","@id":"https:\/\/gifted-hub.com\/de\/#organization","name":"Gifted HUB","url":"https:\/\/gifted-hub.com\/de\/","logo":{"@type":"ImageObject","inLanguage":"de","@id":"https:\/\/gifted-hub.com\/de\/#\/schema\/logo\/image\/","url":"https:\/\/gifted-hub.com\/wp-content\/uploads\/2024\/07\/logo-1.svg","contentUrl":"https:\/\/gifted-hub.com\/wp-content\/uploads\/2024\/07\/logo-1.svg","caption":"Gifted HUB"},"image":{"@id":"https:\/\/gifted-hub.com\/de\/#\/schema\/logo\/image\/"}}]}},"_links":{"self":[{"href":"https:\/\/gifted-hub.com\/de\/wp-json\/wp\/v2\/pages\/16385","targetHints":{"allow":["GET"]}}],"collection":[{"href":"https:\/\/gifted-hub.com\/de\/wp-json\/wp\/v2\/pages"}],"about":[{"href":"https:\/\/gifted-hub.com\/de\/wp-json\/wp\/v2\/types\/page"}],"author":[{"embeddable":true,"href":"https:\/\/gifted-hub.com\/de\/wp-json\/wp\/v2\/users\/1"}],"replies":[{"embeddable":true,"href":"https:\/\/gifted-hub.com\/de\/wp-json\/wp\/v2\/comments?post=16385"}],"version-history":[{"count":1,"href":"https:\/\/gifted-hub.com\/de\/wp-json\/wp\/v2\/pages\/16385\/revisions"}],"predecessor-version":[{"id":16387,"href":"https:\/\/gifted-hub.com\/de\/wp-json\/wp\/v2\/pages\/16385\/revisions\/16387"}],"wp:attachment":[{"href":"https:\/\/gifted-hub.com\/de\/wp-json\/wp\/v2\/media?parent=16385"}],"wp:term":[{"taxonomy":"group-interest","embeddable":true,"href":"https:\/\/gifted-hub.com\/de\/wp-json\/wp\/v2\/group-interest?post=16385"}],"curies":[{"name":"wp","href":"https:\/\/api.w.org\/{rel}","templated":true}]}}