{"id":16377,"date":"2024-08-23T22:56:24","date_gmt":"2024-08-23T22:56:24","guid":{"rendered":"https:\/\/gifted-hub.com\/herausforderungen-in-beziehungen-meistern\/"},"modified":"2024-10-28T09:17:07","modified_gmt":"2024-10-28T09:17:07","slug":"herausforderungen-in-beziehungen-meistern","status":"publish","type":"page","link":"https:\/\/gifted-hub.com\/de\/einzelpersonen\/herausforderungen-in-beziehungen-meistern\/","title":{"rendered":"Herausforderungen in Beziehungen meistern"},"content":{"rendered":"\n<p>In einer Beziehung zu sein ist nie einfach, aber wenn Sie jemand mit hohen F\u00e4higkeiten sind, k\u00f6nnten Sie einige einzigartige Herausforderungen erleben, die andere nicht ganz verstehen.\nDiese Herausforderungen resultieren oft aus erh\u00f6hter Sensibilit\u00e4t, einzigartigen emotionalen Bed\u00fcrfnissen und besonderen Denkweisen.\nDas Verst\u00e4ndnis dieser Unterschiede kann Ihnen helfen, st\u00e4rkere und erf\u00fcllendere Verbindungen aufzubauen.  <\/p>\n\n<p>Eine der gro\u00dfen H\u00fcrden ist etwas, das als Bindungsstil bezeichnet wird.\nSie k\u00f6nnten einen \u00e4ngstlichen Bindungsstil haben, was bedeutet, dass Sie sich oft Sorgen machen, abgelehnt oder verletzt zu werden.\nDies kann es schwierig machen, sich zu \u00f6ffnen und tief mit Ihrem Partner zu verbinden.\nAber das Erkennen dieser Angst ist der erste Schritt, um sie zu \u00fcberwinden.\nVersuchen Sie, Vertrauen langsam aufzubauen und seien Sie sich bewusst, wie Ihre \u00c4ngste Ihre Beziehung beeinflussen k\u00f6nnten.\nDies kann Ihnen helfen, st\u00e4rkere und vertrauensvollere Bindungen zu schaffen.     <\/p>\n\n<p>Konfliktl\u00f6sung ist ein weiterer Bereich, in dem Sie m\u00f6glicherweise Schwierigkeiten haben.\nForschungen zeigen, dass begabte Menschen oft Konflikte vermeiden, wahrscheinlich weil sie Dinge intensiver empfinden.\nW\u00e4hrend das Vermeiden von Streitigkeiten wie eine gute M\u00f6glichkeit erscheinen mag, den Frieden zu wahren, kann es tats\u00e4chlich zu ungel\u00f6sten Problemen f\u00fchren, die sich im Laufe der Zeit aufbauen.\nVersuchen Sie stattdessen, Konflikte direkt anzugehen und gemeinsam mit Ihrem Partner L\u00f6sungen zu finden, die f\u00fcr beide funktionieren.\nDieser Ansatz l\u00f6st nicht nur Probleme, sondern st\u00e4rkt auch Ihre Beziehung.    <\/p>\n\n<p>Menschen mit intensiven Emotionen k\u00f6nnen diese Gef\u00fchle in Beziehungen sowohl als Segen als auch als Fluch empfinden.\nEinerseits kann Ihre Leidenschaft und Tiefe Ihre Beziehung reich und bedeutungsvoll machen.\nAndererseits kann es auch zu \u00dcberreaktionen oder Missverst\u00e4ndnissen f\u00fchren, wenn Sie nicht vorsichtig sind.\nEs ist wichtig, ein Gleichgewicht zu finden, indem Sie klar kommunizieren und gesunde Grenzen setzen.\nDies kann helfen, emotionale \u00dcberw\u00e4ltigung zu verhindern und Ihre Beziehung stabil und unterst\u00fctzend zu halten.    <\/p>\n\n<p>Viele, die intellektuell begabt sind, suchen auch nach Partnern, die ihre Interessen und Perspektiven teilen, was eine gro\u00dfartige M\u00f6glichkeit sein kann, sich zu verbinden.\n\u00c4hnliche Werte und Ansichten zu haben, kann die Wahrscheinlichkeit von Konflikten verringern und Ihnen helfen, sich besser zu verstehen.\nEs ist jedoch auch wichtig, die Unterschiede zu sch\u00e4tzen, die neue Perspektiven und Wachstum in Ihre Beziehung bringen k\u00f6nnen.  <\/p>\n\n<p>Trotz dieser Herausforderungen ist es m\u00f6glich, tief erf\u00fcllende Beziehungen zu haben, indem Sie Ihre St\u00e4rken nutzen und sich Ihrer Schw\u00e4chen bewusst sind.\nWenn Sie Schwierigkeiten haben, Ihre Beziehung zu managen, sollten Sie in Erw\u00e4gung ziehen, mit einem Fachmann zu sprechen, der die einzigartigen Herausforderungen des Hochbegabten versteht.\nTherapie kann Ihnen Strategien bieten, die auf Ihre Bed\u00fcrfnisse zugeschnitten sind und Ihnen helfen, Ihre Beziehungen erfolgreicher zu navigieren.  <\/p>\n\n<p>Am Ende sind Beziehungen f\u00fcr alle komplex, aber Menschen mit au\u00dfergew\u00f6hnlicher Intelligenz stehen vor einer einzigartigen Reihe von Herausforderungen, die besondere Aufmerksamkeit erfordern.\nIndem Sie verstehen, wie Ihre Begabung Ihre Beziehungen beeinflusst, und Schritte unternehmen, um diese Probleme anzugehen, k\u00f6nnen Sie bedeutungsvolle Verbindungen aufbauen und aufrechterhalten, die Ihr Leben bereichern. <\/p>\n","protected":false},"excerpt":{"rendered":"<p>In einer Beziehung zu sein ist nie einfach, aber wenn Sie jemand mit hohen F\u00e4higkeiten sind, k\u00f6nnten Sie einige einzigartige Herausforderungen erleben, die andere nicht ganz verstehen. Diese Herausforderungen resultieren oft aus erh\u00f6hter Sensibilit\u00e4t, einzigartigen emotionalen Bed\u00fcrfnissen und besonderen Denkweisen. Das Verst\u00e4ndnis dieser Unterschiede kann Ihnen helfen, st\u00e4rkere und erf\u00fcllendere Verbindungen aufzubauen. Eine der gro\u00dfen [&hellip;]<\/p>\n","protected":false},"author":1,"featured_media":15147,"parent":16385,"menu_order":0,"comment_status":"closed","ping_status":"closed","template":"","meta":{"_acf_changed":false,"inline_featured_image":false,"footnotes":""},"group-interest":[204],"class_list":["post-16377","page","type-page","status-publish","has-post-thumbnail","hentry","group-interest-einzelpersonen"],"acf":[],"yoast_head":"<!-- This site is optimized with the Yoast SEO plugin v27.4 - https:\/\/yoast.com\/product\/yoast-seo-wordpress\/ -->\n<title>Herausforderungen in Beziehungen meistern - Gifted HUB<\/title>\n<meta name=\"robots\" content=\"index, follow, max-snippet:-1, max-image-preview:large, max-video-preview:-1\" \/>\n<link rel=\"canonical\" href=\"https:\/\/gifted-hub.com\/de\/einzelpersonen\/herausforderungen-in-beziehungen-meistern\/\" \/>\n<meta property=\"og:locale\" content=\"de_DE\" \/>\n<meta property=\"og:type\" content=\"article\" \/>\n<meta property=\"og:title\" content=\"Herausforderungen in Beziehungen meistern - Gifted HUB\" \/>\n<meta property=\"og:description\" content=\"In einer Beziehung zu sein ist nie einfach, aber wenn Sie jemand mit hohen F\u00e4higkeiten sind, k\u00f6nnten Sie einige einzigartige Herausforderungen erleben, die andere nicht ganz verstehen. Diese Herausforderungen resultieren oft aus erh\u00f6hter Sensibilit\u00e4t, einzigartigen emotionalen Bed\u00fcrfnissen und besonderen Denkweisen. Das Verst\u00e4ndnis dieser Unterschiede kann Ihnen helfen, st\u00e4rkere und erf\u00fcllendere Verbindungen aufzubauen. Eine der gro\u00dfen [&hellip;]\" \/>\n<meta property=\"og:url\" content=\"https:\/\/gifted-hub.com\/de\/einzelpersonen\/herausforderungen-in-beziehungen-meistern\/\" \/>\n<meta property=\"og:site_name\" content=\"Gifted HUB\" \/>\n<meta property=\"article:modified_time\" content=\"2024-10-28T09:17:07+00:00\" \/>\n<meta property=\"og:image\" content=\"https:\/\/gifted-hub.com\/wp-content\/uploads\/2024\/08\/4le7k9xvyje.jpg\" \/>\n\t<meta property=\"og:image:width\" content=\"1600\" \/>\n\t<meta property=\"og:image:height\" content=\"1007\" \/>\n\t<meta property=\"og:image:type\" content=\"image\/jpeg\" \/>\n<meta name=\"twitter:card\" content=\"summary_large_image\" \/>\n<meta name=\"twitter:label1\" content=\"Gesch\u00e4tzte Lesezeit\" \/>\n\t<meta name=\"twitter:data1\" content=\"3\u00a0Minuten\" \/>\n<script type=\"application\/ld+json\" class=\"yoast-schema-graph\">{\"@context\":\"https:\\\/\\\/schema.org\",\"@graph\":[{\"@type\":\"WebPage\",\"@id\":\"https:\\\/\\\/gifted-hub.com\\\/de\\\/einzelpersonen\\\/herausforderungen-in-beziehungen-meistern\\\/\",\"url\":\"https:\\\/\\\/gifted-hub.com\\\/de\\\/einzelpersonen\\\/herausforderungen-in-beziehungen-meistern\\\/\",\"name\":\"Herausforderungen in Beziehungen meistern - Gifted HUB\",\"isPartOf\":{\"@id\":\"https:\\\/\\\/gifted-hub.com\\\/de\\\/#website\"},\"primaryImageOfPage\":{\"@id\":\"https:\\\/\\\/gifted-hub.com\\\/de\\\/einzelpersonen\\\/herausforderungen-in-beziehungen-meistern\\\/#primaryimage\"},\"image\":{\"@id\":\"https:\\\/\\\/gifted-hub.com\\\/de\\\/einzelpersonen\\\/herausforderungen-in-beziehungen-meistern\\\/#primaryimage\"},\"thumbnailUrl\":\"https:\\\/\\\/gifted-hub.com\\\/wp-content\\\/uploads\\\/2024\\\/08\\\/4le7k9xvyje.jpg\",\"datePublished\":\"2024-08-23T22:56:24+00:00\",\"dateModified\":\"2024-10-28T09:17:07+00:00\",\"breadcrumb\":{\"@id\":\"https:\\\/\\\/gifted-hub.com\\\/de\\\/einzelpersonen\\\/herausforderungen-in-beziehungen-meistern\\\/#breadcrumb\"},\"inLanguage\":\"de\",\"potentialAction\":[{\"@type\":\"ReadAction\",\"target\":[\"https:\\\/\\\/gifted-hub.com\\\/de\\\/einzelpersonen\\\/herausforderungen-in-beziehungen-meistern\\\/\"]}]},{\"@type\":\"ImageObject\",\"inLanguage\":\"de\",\"@id\":\"https:\\\/\\\/gifted-hub.com\\\/de\\\/einzelpersonen\\\/herausforderungen-in-beziehungen-meistern\\\/#primaryimage\",\"url\":\"https:\\\/\\\/gifted-hub.com\\\/wp-content\\\/uploads\\\/2024\\\/08\\\/4le7k9xvyje.jpg\",\"contentUrl\":\"https:\\\/\\\/gifted-hub.com\\\/wp-content\\\/uploads\\\/2024\\\/08\\\/4le7k9xvyje.jpg\",\"width\":1600,\"height\":1007},{\"@type\":\"BreadcrumbList\",\"@id\":\"https:\\\/\\\/gifted-hub.com\\\/de\\\/einzelpersonen\\\/herausforderungen-in-beziehungen-meistern\\\/#breadcrumb\",\"itemListElement\":[{\"@type\":\"ListItem\",\"position\":1,\"name\":\"Home\",\"item\":\"https:\\\/\\\/gifted-hub.com\\\/de\\\/startseite\\\/\"},{\"@type\":\"ListItem\",\"position\":2,\"name\":\"Einzelpersonen\",\"item\":\"https:\\\/\\\/gifted-hub.com\\\/de\\\/einzelpersonen\\\/\"},{\"@type\":\"ListItem\",\"position\":3,\"name\":\"Herausforderungen in Beziehungen meistern\"}]},{\"@type\":\"WebSite\",\"@id\":\"https:\\\/\\\/gifted-hub.com\\\/de\\\/#website\",\"url\":\"https:\\\/\\\/gifted-hub.com\\\/de\\\/\",\"name\":\"Gifted HUB\",\"description\":\"A space for high abilities\",\"publisher\":{\"@id\":\"https:\\\/\\\/gifted-hub.com\\\/de\\\/#organization\"},\"potentialAction\":[{\"@type\":\"SearchAction\",\"target\":{\"@type\":\"EntryPoint\",\"urlTemplate\":\"https:\\\/\\\/gifted-hub.com\\\/de\\\/?s={search_term_string}\"},\"query-input\":{\"@type\":\"PropertyValueSpecification\",\"valueRequired\":true,\"valueName\":\"search_term_string\"}}],\"inLanguage\":\"de\"},{\"@type\":\"Organization\",\"@id\":\"https:\\\/\\\/gifted-hub.com\\\/de\\\/#organization\",\"name\":\"Gifted HUB\",\"url\":\"https:\\\/\\\/gifted-hub.com\\\/de\\\/\",\"logo\":{\"@type\":\"ImageObject\",\"inLanguage\":\"de\",\"@id\":\"https:\\\/\\\/gifted-hub.com\\\/de\\\/#\\\/schema\\\/logo\\\/image\\\/\",\"url\":\"https:\\\/\\\/gifted-hub.com\\\/wp-content\\\/uploads\\\/2024\\\/07\\\/logo-1.svg\",\"contentUrl\":\"https:\\\/\\\/gifted-hub.com\\\/wp-content\\\/uploads\\\/2024\\\/07\\\/logo-1.svg\",\"caption\":\"Gifted HUB\"},\"image\":{\"@id\":\"https:\\\/\\\/gifted-hub.com\\\/de\\\/#\\\/schema\\\/logo\\\/image\\\/\"}}]}<\/script>\n<!-- \/ Yoast SEO plugin. -->","yoast_head_json":{"title":"Herausforderungen in Beziehungen meistern - Gifted HUB","robots":{"index":"index","follow":"follow","max-snippet":"max-snippet:-1","max-image-preview":"max-image-preview:large","max-video-preview":"max-video-preview:-1"},"canonical":"https:\/\/gifted-hub.com\/de\/einzelpersonen\/herausforderungen-in-beziehungen-meistern\/","og_locale":"de_DE","og_type":"article","og_title":"Herausforderungen in Beziehungen meistern - Gifted HUB","og_description":"In einer Beziehung zu sein ist nie einfach, aber wenn Sie jemand mit hohen F\u00e4higkeiten sind, k\u00f6nnten Sie einige einzigartige Herausforderungen erleben, die andere nicht ganz verstehen. Diese Herausforderungen resultieren oft aus erh\u00f6hter Sensibilit\u00e4t, einzigartigen emotionalen Bed\u00fcrfnissen und besonderen Denkweisen. Das Verst\u00e4ndnis dieser Unterschiede kann Ihnen helfen, st\u00e4rkere und erf\u00fcllendere Verbindungen aufzubauen. Eine der gro\u00dfen [&hellip;]","og_url":"https:\/\/gifted-hub.com\/de\/einzelpersonen\/herausforderungen-in-beziehungen-meistern\/","og_site_name":"Gifted HUB","article_modified_time":"2024-10-28T09:17:07+00:00","og_image":[{"width":1600,"height":1007,"url":"https:\/\/gifted-hub.com\/wp-content\/uploads\/2024\/08\/4le7k9xvyje.jpg","type":"image\/jpeg"}],"twitter_card":"summary_large_image","twitter_misc":{"Gesch\u00e4tzte Lesezeit":"3\u00a0Minuten"},"schema":{"@context":"https:\/\/schema.org","@graph":[{"@type":"WebPage","@id":"https:\/\/gifted-hub.com\/de\/einzelpersonen\/herausforderungen-in-beziehungen-meistern\/","url":"https:\/\/gifted-hub.com\/de\/einzelpersonen\/herausforderungen-in-beziehungen-meistern\/","name":"Herausforderungen in Beziehungen meistern - Gifted HUB","isPartOf":{"@id":"https:\/\/gifted-hub.com\/de\/#website"},"primaryImageOfPage":{"@id":"https:\/\/gifted-hub.com\/de\/einzelpersonen\/herausforderungen-in-beziehungen-meistern\/#primaryimage"},"image":{"@id":"https:\/\/gifted-hub.com\/de\/einzelpersonen\/herausforderungen-in-beziehungen-meistern\/#primaryimage"},"thumbnailUrl":"https:\/\/gifted-hub.com\/wp-content\/uploads\/2024\/08\/4le7k9xvyje.jpg","datePublished":"2024-08-23T22:56:24+00:00","dateModified":"2024-10-28T09:17:07+00:00","breadcrumb":{"@id":"https:\/\/gifted-hub.com\/de\/einzelpersonen\/herausforderungen-in-beziehungen-meistern\/#breadcrumb"},"inLanguage":"de","potentialAction":[{"@type":"ReadAction","target":["https:\/\/gifted-hub.com\/de\/einzelpersonen\/herausforderungen-in-beziehungen-meistern\/"]}]},{"@type":"ImageObject","inLanguage":"de","@id":"https:\/\/gifted-hub.com\/de\/einzelpersonen\/herausforderungen-in-beziehungen-meistern\/#primaryimage","url":"https:\/\/gifted-hub.com\/wp-content\/uploads\/2024\/08\/4le7k9xvyje.jpg","contentUrl":"https:\/\/gifted-hub.com\/wp-content\/uploads\/2024\/08\/4le7k9xvyje.jpg","width":1600,"height":1007},{"@type":"BreadcrumbList","@id":"https:\/\/gifted-hub.com\/de\/einzelpersonen\/herausforderungen-in-beziehungen-meistern\/#breadcrumb","itemListElement":[{"@type":"ListItem","position":1,"name":"Home","item":"https:\/\/gifted-hub.com\/de\/startseite\/"},{"@type":"ListItem","position":2,"name":"Einzelpersonen","item":"https:\/\/gifted-hub.com\/de\/einzelpersonen\/"},{"@type":"ListItem","position":3,"name":"Herausforderungen in Beziehungen meistern"}]},{"@type":"WebSite","@id":"https:\/\/gifted-hub.com\/de\/#website","url":"https:\/\/gifted-hub.com\/de\/","name":"Gifted HUB","description":"A space for high abilities","publisher":{"@id":"https:\/\/gifted-hub.com\/de\/#organization"},"potentialAction":[{"@type":"SearchAction","target":{"@type":"EntryPoint","urlTemplate":"https:\/\/gifted-hub.com\/de\/?s={search_term_string}"},"query-input":{"@type":"PropertyValueSpecification","valueRequired":true,"valueName":"search_term_string"}}],"inLanguage":"de"},{"@type":"Organization","@id":"https:\/\/gifted-hub.com\/de\/#organization","name":"Gifted HUB","url":"https:\/\/gifted-hub.com\/de\/","logo":{"@type":"ImageObject","inLanguage":"de","@id":"https:\/\/gifted-hub.com\/de\/#\/schema\/logo\/image\/","url":"https:\/\/gifted-hub.com\/wp-content\/uploads\/2024\/07\/logo-1.svg","contentUrl":"https:\/\/gifted-hub.com\/wp-content\/uploads\/2024\/07\/logo-1.svg","caption":"Gifted HUB"},"image":{"@id":"https:\/\/gifted-hub.com\/de\/#\/schema\/logo\/image\/"}}]}},"_links":{"self":[{"href":"https:\/\/gifted-hub.com\/de\/wp-json\/wp\/v2\/pages\/16377","targetHints":{"allow":["GET"]}}],"collection":[{"href":"https:\/\/gifted-hub.com\/de\/wp-json\/wp\/v2\/pages"}],"about":[{"href":"https:\/\/gifted-hub.com\/de\/wp-json\/wp\/v2\/types\/page"}],"author":[{"embeddable":true,"href":"https:\/\/gifted-hub.com\/de\/wp-json\/wp\/v2\/users\/1"}],"replies":[{"embeddable":true,"href":"https:\/\/gifted-hub.com\/de\/wp-json\/wp\/v2\/comments?post=16377"}],"version-history":[{"count":1,"href":"https:\/\/gifted-hub.com\/de\/wp-json\/wp\/v2\/pages\/16377\/revisions"}],"predecessor-version":[{"id":16379,"href":"https:\/\/gifted-hub.com\/de\/wp-json\/wp\/v2\/pages\/16377\/revisions\/16379"}],"up":[{"embeddable":true,"href":"https:\/\/gifted-hub.com\/de\/wp-json\/wp\/v2\/pages\/16385"}],"wp:featuredmedia":[{"embeddable":true,"href":"https:\/\/gifted-hub.com\/de\/wp-json\/wp\/v2\/media\/15147"}],"wp:attachment":[{"href":"https:\/\/gifted-hub.com\/de\/wp-json\/wp\/v2\/media?parent=16377"}],"wp:term":[{"taxonomy":"group-interest","embeddable":true,"href":"https:\/\/gifted-hub.com\/de\/wp-json\/wp\/v2\/group-interest?post=16377"}],"curies":[{"name":"wp","href":"https:\/\/api.w.org\/{rel}","templated":true}]}}