{"id":16370,"date":"2024-09-08T20:30:19","date_gmt":"2024-09-08T20:30:19","guid":{"rendered":"https:\/\/gifted-hub.com\/familie\/"},"modified":"2024-10-28T09:17:06","modified_gmt":"2024-10-28T09:17:06","slug":"familie","status":"publish","type":"page","link":"https:\/\/gifted-hub.com\/de\/familie\/","title":{"rendered":"Familie"},"content":{"rendered":"\n<p>Ein begabtes Kind zu erziehen ist sowohl eine faszinierende als auch herausfordernde Erfahrung.\nDiese Kinder, die mit au\u00dfergew\u00f6hnlicher Intelligenz ausgestattet sind, lernen oft schnell und erfassen Konzepte auf eine Weise, die ihre Altersgenossen oft hinter sich l\u00e4sst.\nF\u00fcr sie erfordert das L\u00f6sen von Problemen oder das Verstehen neuer Ideen nicht den gleichen Aufwand wie f\u00fcr andere, was in schulischen Umgebungen, in denen das Tempo langsamer ist, zu Frustration oder Langeweile f\u00fchren kann.\nEltern dieser Kinder m\u00fcssen oft mit dem st\u00e4ndigen Bed\u00fcrfnis ihres Kindes nach intellektueller Stimulation umgehen, was anstrengend, aber auch unglaublich lohnend sein kann, wenn sie die Begeisterung und Leidenschaft sehen, die ihr Kind f\u00fcr seine Interessen mitbringt.   <\/p>\n\n<p>Hohe F\u00e4higkeiten gehen jedoch nicht immer Hand in Hand mit <a href=\"https:\/\/gifted-hub.com\/de\/einzelpersonen\/herausforderungen-in-beziehungen-meistern\/\" data-type=\"page\" data-id=\"15142\">der emotionalen Entwicklung<\/a>. W\u00e4hrend ihre intellektuellen F\u00e4higkeiten sie in vielen Bereichen voraussetzen, sind sie emotional immer noch Kinder, mit den gleichen Verletzlichkeiten und \u00c4ngsten wie alle anderen. Es ist \u00fcblich, dass sich begabte Kinder anders oder isoliert f\u00fchlen, da ihre F\u00e4higkeiten sie von anderen abheben. Dies kann ihr Selbstwertgef\u00fchl beeintr\u00e4chtigen, besonders wenn ihre Fragen oder Kommentare von Erwachsenen ignoriert oder missverstanden werden. Eltern spielen eine entscheidende Rolle dabei, ihnen zu helfen zu verstehen, dass Anderssein keine negative Sache ist, sondern vielmehr ein wertvoller Aspekt dessen, wer sie sind.    <\/p>\n\n<p>Eine weitere Herausforderung f\u00fcr Eltern besteht darin, ein Gleichgewicht zwischen der F\u00f6rderung der intellektuellen Entwicklung ihres Kindes und der Unterst\u00fctzung bei der Bew\u00e4ltigung ihrer Emotionen zu finden. Begabte Kinder m\u00fcssen lernen, wie sie mit Frustration, Misserfolg und der Notwendigkeit, auf andere im Lernprozess zu warten, umgehen. Gleichzeitig m\u00fcssen Eltern ihre <a href=\"\" data-type=\"\" data-id=\"\">Kinder in sozialen Interaktionen<\/a> anleiten und ihnen helfen zu verstehen, dass nicht jeder auf die gleiche Weise denkt oder lernt. Viele dieser Kinder k\u00f6nnen aufgrund ihrer geistigen Schnelligkeit arrogant oder distanziert wirken, was zu Konflikten mit ihren Altersgenossen f\u00fchren kann.   <\/p>\n\n<p>F\u00fcr Eltern ist es entscheidend, eine Umgebung zu schaffen, in der sich ihr Kind sowohl in seinen intellektuellen Leistungen als auch in seinen emotionalen Herausforderungen verstanden und unterst\u00fctzt f\u00fchlt.\nZu erkennen, dass diese Kinder besondere Anleitung ben\u00f6tigen, die nicht nur ihren Verstand, sondern auch ihr Herz n\u00e4hrt, ist wesentlich f\u00fcr ihr allgemeines Wohlbefinden.\nSie auf diesem Weg zu begleiten und ihnen zu helfen, ein Gleichgewicht zwischen ihren F\u00e4higkeiten und der Welt um sie herum zu finden, ist eine Aufgabe, die Geduld, Verst\u00e4ndnis und vor allem Liebe erfordert.  <\/p>\n","protected":false},"excerpt":{"rendered":"<p>Ein begabtes Kind zu erziehen ist sowohl eine faszinierende als auch herausfordernde Erfahrung. Diese Kinder, die mit au\u00dfergew\u00f6hnlicher Intelligenz ausgestattet sind, lernen oft schnell und erfassen Konzepte auf eine Weise, die ihre Altersgenossen oft hinter sich l\u00e4sst. F\u00fcr sie erfordert das L\u00f6sen von Problemen oder das Verstehen neuer Ideen nicht den gleichen Aufwand wie f\u00fcr [&hellip;]<\/p>\n","protected":false},"author":1,"featured_media":15236,"parent":0,"menu_order":0,"comment_status":"closed","ping_status":"closed","template":"","meta":{"_acf_changed":false,"inline_featured_image":false,"footnotes":""},"group-interest":[205],"class_list":["post-16370","page","type-page","status-publish","has-post-thumbnail","hentry","group-interest-familie"],"acf":[],"yoast_head":"<!-- This site is optimized with the Yoast SEO plugin v27.4 - https:\/\/yoast.com\/product\/yoast-seo-wordpress\/ -->\n<title>Familie - Gifted HUB<\/title>\n<meta name=\"robots\" content=\"index, follow, max-snippet:-1, max-image-preview:large, max-video-preview:-1\" \/>\n<link rel=\"canonical\" href=\"https:\/\/gifted-hub.com\/de\/familie\/\" \/>\n<meta property=\"og:locale\" content=\"de_DE\" \/>\n<meta property=\"og:type\" content=\"article\" \/>\n<meta property=\"og:title\" content=\"Familie - Gifted HUB\" \/>\n<meta property=\"og:description\" content=\"Ein begabtes Kind zu erziehen ist sowohl eine faszinierende als auch herausfordernde Erfahrung. Diese Kinder, die mit au\u00dfergew\u00f6hnlicher Intelligenz ausgestattet sind, lernen oft schnell und erfassen Konzepte auf eine Weise, die ihre Altersgenossen oft hinter sich l\u00e4sst. F\u00fcr sie erfordert das L\u00f6sen von Problemen oder das Verstehen neuer Ideen nicht den gleichen Aufwand wie f\u00fcr [&hellip;]\" \/>\n<meta property=\"og:url\" content=\"https:\/\/gifted-hub.com\/de\/familie\/\" \/>\n<meta property=\"og:site_name\" content=\"Gifted HUB\" \/>\n<meta property=\"article:modified_time\" content=\"2024-10-28T09:17:06+00:00\" \/>\n<meta property=\"og:image\" content=\"https:\/\/gifted-hub.com\/wp-content\/uploads\/2024\/09\/0iqkntlw93a.jpg\" \/>\n\t<meta property=\"og:image:width\" content=\"1600\" \/>\n\t<meta property=\"og:image:height\" content=\"1066\" \/>\n\t<meta property=\"og:image:type\" content=\"image\/jpeg\" \/>\n<meta name=\"twitter:card\" content=\"summary_large_image\" \/>\n<meta name=\"twitter:label1\" content=\"Gesch\u00e4tzte Lesezeit\" \/>\n\t<meta name=\"twitter:data1\" content=\"2\u00a0Minuten\" \/>\n<script type=\"application\/ld+json\" class=\"yoast-schema-graph\">{\"@context\":\"https:\\\/\\\/schema.org\",\"@graph\":[{\"@type\":\"WebPage\",\"@id\":\"https:\\\/\\\/gifted-hub.com\\\/de\\\/familie\\\/\",\"url\":\"https:\\\/\\\/gifted-hub.com\\\/de\\\/familie\\\/\",\"name\":\"Familie - Gifted HUB\",\"isPartOf\":{\"@id\":\"https:\\\/\\\/gifted-hub.com\\\/de\\\/#website\"},\"primaryImageOfPage\":{\"@id\":\"https:\\\/\\\/gifted-hub.com\\\/de\\\/familie\\\/#primaryimage\"},\"image\":{\"@id\":\"https:\\\/\\\/gifted-hub.com\\\/de\\\/familie\\\/#primaryimage\"},\"thumbnailUrl\":\"https:\\\/\\\/gifted-hub.com\\\/wp-content\\\/uploads\\\/2024\\\/09\\\/0iqkntlw93a.jpg\",\"datePublished\":\"2024-09-08T20:30:19+00:00\",\"dateModified\":\"2024-10-28T09:17:06+00:00\",\"breadcrumb\":{\"@id\":\"https:\\\/\\\/gifted-hub.com\\\/de\\\/familie\\\/#breadcrumb\"},\"inLanguage\":\"de\",\"potentialAction\":[{\"@type\":\"ReadAction\",\"target\":[\"https:\\\/\\\/gifted-hub.com\\\/de\\\/familie\\\/\"]}]},{\"@type\":\"ImageObject\",\"inLanguage\":\"de\",\"@id\":\"https:\\\/\\\/gifted-hub.com\\\/de\\\/familie\\\/#primaryimage\",\"url\":\"https:\\\/\\\/gifted-hub.com\\\/wp-content\\\/uploads\\\/2024\\\/09\\\/0iqkntlw93a.jpg\",\"contentUrl\":\"https:\\\/\\\/gifted-hub.com\\\/wp-content\\\/uploads\\\/2024\\\/09\\\/0iqkntlw93a.jpg\",\"width\":1600,\"height\":1066},{\"@type\":\"BreadcrumbList\",\"@id\":\"https:\\\/\\\/gifted-hub.com\\\/de\\\/familie\\\/#breadcrumb\",\"itemListElement\":[{\"@type\":\"ListItem\",\"position\":1,\"name\":\"Home\",\"item\":\"https:\\\/\\\/gifted-hub.com\\\/de\\\/startseite\\\/\"},{\"@type\":\"ListItem\",\"position\":2,\"name\":\"Familie\"}]},{\"@type\":\"WebSite\",\"@id\":\"https:\\\/\\\/gifted-hub.com\\\/de\\\/#website\",\"url\":\"https:\\\/\\\/gifted-hub.com\\\/de\\\/\",\"name\":\"Gifted HUB\",\"description\":\"A space for high abilities\",\"publisher\":{\"@id\":\"https:\\\/\\\/gifted-hub.com\\\/de\\\/#organization\"},\"potentialAction\":[{\"@type\":\"SearchAction\",\"target\":{\"@type\":\"EntryPoint\",\"urlTemplate\":\"https:\\\/\\\/gifted-hub.com\\\/de\\\/?s={search_term_string}\"},\"query-input\":{\"@type\":\"PropertyValueSpecification\",\"valueRequired\":true,\"valueName\":\"search_term_string\"}}],\"inLanguage\":\"de\"},{\"@type\":\"Organization\",\"@id\":\"https:\\\/\\\/gifted-hub.com\\\/de\\\/#organization\",\"name\":\"Gifted HUB\",\"url\":\"https:\\\/\\\/gifted-hub.com\\\/de\\\/\",\"logo\":{\"@type\":\"ImageObject\",\"inLanguage\":\"de\",\"@id\":\"https:\\\/\\\/gifted-hub.com\\\/de\\\/#\\\/schema\\\/logo\\\/image\\\/\",\"url\":\"https:\\\/\\\/gifted-hub.com\\\/wp-content\\\/uploads\\\/2024\\\/07\\\/logo-1.svg\",\"contentUrl\":\"https:\\\/\\\/gifted-hub.com\\\/wp-content\\\/uploads\\\/2024\\\/07\\\/logo-1.svg\",\"caption\":\"Gifted HUB\"},\"image\":{\"@id\":\"https:\\\/\\\/gifted-hub.com\\\/de\\\/#\\\/schema\\\/logo\\\/image\\\/\"}}]}<\/script>\n<!-- \/ Yoast SEO plugin. -->","yoast_head_json":{"title":"Familie - Gifted HUB","robots":{"index":"index","follow":"follow","max-snippet":"max-snippet:-1","max-image-preview":"max-image-preview:large","max-video-preview":"max-video-preview:-1"},"canonical":"https:\/\/gifted-hub.com\/de\/familie\/","og_locale":"de_DE","og_type":"article","og_title":"Familie - Gifted HUB","og_description":"Ein begabtes Kind zu erziehen ist sowohl eine faszinierende als auch herausfordernde Erfahrung. Diese Kinder, die mit au\u00dfergew\u00f6hnlicher Intelligenz ausgestattet sind, lernen oft schnell und erfassen Konzepte auf eine Weise, die ihre Altersgenossen oft hinter sich l\u00e4sst. F\u00fcr sie erfordert das L\u00f6sen von Problemen oder das Verstehen neuer Ideen nicht den gleichen Aufwand wie f\u00fcr [&hellip;]","og_url":"https:\/\/gifted-hub.com\/de\/familie\/","og_site_name":"Gifted HUB","article_modified_time":"2024-10-28T09:17:06+00:00","og_image":[{"width":1600,"height":1066,"url":"https:\/\/gifted-hub.com\/wp-content\/uploads\/2024\/09\/0iqkntlw93a.jpg","type":"image\/jpeg"}],"twitter_card":"summary_large_image","twitter_misc":{"Gesch\u00e4tzte Lesezeit":"2\u00a0Minuten"},"schema":{"@context":"https:\/\/schema.org","@graph":[{"@type":"WebPage","@id":"https:\/\/gifted-hub.com\/de\/familie\/","url":"https:\/\/gifted-hub.com\/de\/familie\/","name":"Familie - Gifted HUB","isPartOf":{"@id":"https:\/\/gifted-hub.com\/de\/#website"},"primaryImageOfPage":{"@id":"https:\/\/gifted-hub.com\/de\/familie\/#primaryimage"},"image":{"@id":"https:\/\/gifted-hub.com\/de\/familie\/#primaryimage"},"thumbnailUrl":"https:\/\/gifted-hub.com\/wp-content\/uploads\/2024\/09\/0iqkntlw93a.jpg","datePublished":"2024-09-08T20:30:19+00:00","dateModified":"2024-10-28T09:17:06+00:00","breadcrumb":{"@id":"https:\/\/gifted-hub.com\/de\/familie\/#breadcrumb"},"inLanguage":"de","potentialAction":[{"@type":"ReadAction","target":["https:\/\/gifted-hub.com\/de\/familie\/"]}]},{"@type":"ImageObject","inLanguage":"de","@id":"https:\/\/gifted-hub.com\/de\/familie\/#primaryimage","url":"https:\/\/gifted-hub.com\/wp-content\/uploads\/2024\/09\/0iqkntlw93a.jpg","contentUrl":"https:\/\/gifted-hub.com\/wp-content\/uploads\/2024\/09\/0iqkntlw93a.jpg","width":1600,"height":1066},{"@type":"BreadcrumbList","@id":"https:\/\/gifted-hub.com\/de\/familie\/#breadcrumb","itemListElement":[{"@type":"ListItem","position":1,"name":"Home","item":"https:\/\/gifted-hub.com\/de\/startseite\/"},{"@type":"ListItem","position":2,"name":"Familie"}]},{"@type":"WebSite","@id":"https:\/\/gifted-hub.com\/de\/#website","url":"https:\/\/gifted-hub.com\/de\/","name":"Gifted HUB","description":"A space for high abilities","publisher":{"@id":"https:\/\/gifted-hub.com\/de\/#organization"},"potentialAction":[{"@type":"SearchAction","target":{"@type":"EntryPoint","urlTemplate":"https:\/\/gifted-hub.com\/de\/?s={search_term_string}"},"query-input":{"@type":"PropertyValueSpecification","valueRequired":true,"valueName":"search_term_string"}}],"inLanguage":"de"},{"@type":"Organization","@id":"https:\/\/gifted-hub.com\/de\/#organization","name":"Gifted HUB","url":"https:\/\/gifted-hub.com\/de\/","logo":{"@type":"ImageObject","inLanguage":"de","@id":"https:\/\/gifted-hub.com\/de\/#\/schema\/logo\/image\/","url":"https:\/\/gifted-hub.com\/wp-content\/uploads\/2024\/07\/logo-1.svg","contentUrl":"https:\/\/gifted-hub.com\/wp-content\/uploads\/2024\/07\/logo-1.svg","caption":"Gifted HUB"},"image":{"@id":"https:\/\/gifted-hub.com\/de\/#\/schema\/logo\/image\/"}}]}},"_links":{"self":[{"href":"https:\/\/gifted-hub.com\/de\/wp-json\/wp\/v2\/pages\/16370","targetHints":{"allow":["GET"]}}],"collection":[{"href":"https:\/\/gifted-hub.com\/de\/wp-json\/wp\/v2\/pages"}],"about":[{"href":"https:\/\/gifted-hub.com\/de\/wp-json\/wp\/v2\/types\/page"}],"author":[{"embeddable":true,"href":"https:\/\/gifted-hub.com\/de\/wp-json\/wp\/v2\/users\/1"}],"replies":[{"embeddable":true,"href":"https:\/\/gifted-hub.com\/de\/wp-json\/wp\/v2\/comments?post=16370"}],"version-history":[{"count":1,"href":"https:\/\/gifted-hub.com\/de\/wp-json\/wp\/v2\/pages\/16370\/revisions"}],"predecessor-version":[{"id":16372,"href":"https:\/\/gifted-hub.com\/de\/wp-json\/wp\/v2\/pages\/16370\/revisions\/16372"}],"wp:featuredmedia":[{"embeddable":true,"href":"https:\/\/gifted-hub.com\/de\/wp-json\/wp\/v2\/media\/15236"}],"wp:attachment":[{"href":"https:\/\/gifted-hub.com\/de\/wp-json\/wp\/v2\/media?parent=16370"}],"wp:term":[{"taxonomy":"group-interest","embeddable":true,"href":"https:\/\/gifted-hub.com\/de\/wp-json\/wp\/v2\/group-interest?post=16370"}],"curies":[{"name":"wp","href":"https:\/\/api.w.org\/{rel}","templated":true}]}}